{"id":43030,"date":"2025-10-18T15:03:28","date_gmt":"2025-10-18T11:03:28","guid":{"rendered":"https:\/\/airsystems.ge\/shop\/product\/vrf-system-indoor-unit-ducted-middle-static-pressure-duct-2nd-generation-ac-2-2-14-kw-mdv-dt2-n1-da5b-mdv-d22t2-n1-da5b-mdv-d28t2-n1-da5b-mdv-d36t2-n1-da5b-mdv-d45t2-n1-da5b-mdv-d56t2\/"},"modified":"2025-10-18T15:11:26","modified_gmt":"2025-10-18T11:11:26","slug":"vrf-system-indoor-unit-ducted-middle-static-pressure-duct-2nd-generation-ac-2-2-14-kw-mdv-dt2-n1-da5b-mdv-d22t2-n1-da5b-mdv-d28t2-n1-da5b-mdv-d36t2-n1-da5b-mdv-d45t2-n1-da5b-mdv-d56t2","status":"publish","type":"product","link":"https:\/\/geoclimate.ge\/az\/product\/vrf-system-indoor-unit-ducted-middle-static-pressure-duct-2nd-generation-ac-2-2-14-kw-mdv-dt2-n1-da5b-mdv-d22t2-n1-da5b-mdv-d28t2-n1-da5b-mdv-d36t2-n1-da5b-mdv-d45t2-n1-da5b-mdv-d56t2\/","title":{"rendered":"VRF Sistemi Daxili blok Kanall\u0131 Orta Statik T\u0259zyiq Kanal\u0131, 2-ci N\u0259sil, AC 2,2 &#8211; 14 kVt MDV-D**T2\/N1-DA5(B)  MDV-D22T2\/N1-DA5(B) MDV-D28T2\/N1-DA5(B) MDV-D36T2\/N1-DA5(B) MDV-D45T2\/N1-DA5(B) MDV-D56T2\/N1-DA5(B) MDV-D71T2\/N1-DA5(B) MDV-D80T2\/N1-BA5(B) MDV-D90T2\/N1-BA5(B) MDV-D112T2\/N1-BA5(B) MDV-D140T2\/N1-BA5(B)  MIDEA"},"content":{"rendered":"","protected":false},"excerpt":{"rendered":"<h1>Orta Statik T\u0259zyiq Kanal\u0131, 2-ci N\u0259sil, AC<\/h1>\n<p>M\u0259hsulun spesifikasiyas\u0131<\/p>\n<p>2-ci N\u0259sil Orta Statik T\u0259zyiqli Kanall\u0131 Daxili B\u00f6lm\u0259<\/p>\n<p>3 Fan S\u00fcr\u0259ti<br \/>\nDrenaj Pompas\u0131 Lift H\u00fcnd\u00fcrl\u00fcy\u00fc: 75 sm<\/p>\n","protected":false},"featured_media":43025,"template":"","meta":[],"product_brand":[],"product_cat":[1993],"product_tag":[],"class_list":{"0":"post-43030","1":"product","2":"type-product","3":"status-publish","4":"has-post-thumbnail","6":"product_cat-vrf-sistemi","8":"first","9":"instock","10":"shipping-taxable","11":"product-type-simple"},"yoast_head":"<!-- This site is optimized with the Yoast SEO plugin v27.1.1 - https:\/\/yoast.com\/product\/yoast-seo-wordpress\/ -->\n<title>VRF Sistemi Daxili blok Kanall\u0131 Orta Statik T\u0259zyiq Kanal\u0131, 2-ci N\u0259sil, AC 2,2 - 14 kVt MDV-D**T2\/N1-DA5(B) MDV-D22T2\/N1-DA5(B) MDV-D28T2\/N1-DA5(B) MDV-D36T2\/N1-DA5(B) MDV-D45T2\/N1-DA5(B) MDV-D56T2\/N1-DA5(B) MDV-D71T2\/N1-DA5(B) MDV-D80T2\/N1-BA5(B) MDV-D90T2\/N1-BA5(B) MDV-D112T2\/N1-BA5(B) MDV-D140T2\/N1-BA5(B) MIDEA - GeoClimate.ge<\/title>\n<meta name=\"robots\" content=\"index, follow, max-snippet:-1, max-image-preview:large, max-video-preview:-1\" \/>\n<link rel=\"canonical\" href=\"https:\/\/geoclimate.ge\/az\/product\/vrf-system-indoor-unit-ducted-middle-static-pressure-duct-2nd-generation-ac-2-2-14-kw-mdv-dt2-n1-da5b-mdv-d22t2-n1-da5b-mdv-d28t2-n1-da5b-mdv-d36t2-n1-da5b-mdv-d45t2-n1-da5b-mdv-d56t2\/\" \/>\n<meta property=\"og:locale\" content=\"az_AZ\" \/>\n<meta property=\"og:type\" content=\"article\" \/>\n<meta property=\"og:title\" content=\"VRF Sistemi Daxili blok Kanall\u0131 Orta Statik T\u0259zyiq Kanal\u0131, 2-ci N\u0259sil, AC 2,2 - 14 kVt MDV-D**T2\/N1-DA5(B) MDV-D22T2\/N1-DA5(B) MDV-D28T2\/N1-DA5(B) MDV-D36T2\/N1-DA5(B) MDV-D45T2\/N1-DA5(B) MDV-D56T2\/N1-DA5(B) MDV-D71T2\/N1-DA5(B) MDV-D80T2\/N1-BA5(B) MDV-D90T2\/N1-BA5(B) MDV-D112T2\/N1-BA5(B) MDV-D140T2\/N1-BA5(B) MIDEA - GeoClimate.ge\" \/>\n<meta property=\"og:description\" content=\"Orta Statik T\u0259zyiq Kanal\u0131, 2-ci N\u0259sil, AC M\u0259hsulun spesifikasiyas\u0131  2-ci N\u0259sil Orta Statik T\u0259zyiqli Kanall\u0131 Daxili B\u00f6lm\u0259  3 Fan S\u00fcr\u0259ti Drenaj Pompas\u0131 Lift H\u00fcnd\u00fcrl\u00fcy\u00fc: 75 sm\" \/>\n<meta property=\"og:url\" content=\"https:\/\/geoclimate.ge\/az\/product\/vrf-system-indoor-unit-ducted-middle-static-pressure-duct-2nd-generation-ac-2-2-14-kw-mdv-dt2-n1-da5b-mdv-d22t2-n1-da5b-mdv-d28t2-n1-da5b-mdv-d36t2-n1-da5b-mdv-d45t2-n1-da5b-mdv-d56t2\/\" \/>\n<meta property=\"og:site_name\" content=\"GeoClimate.ge\" \/>\n<meta property=\"article:modified_time\" content=\"2025-10-18T11:11:26+00:00\" \/>\n<meta property=\"og:image\" content=\"https:\/\/geoclimate.ge\/wp-content\/uploads\/2025\/10\/cq5dam.web_.5000.5000-1_c.webp\" \/>\n\t<meta property=\"og:image:width\" content=\"768\" \/>\n\t<meta property=\"og:image:height\" content=\"768\" \/>\n\t<meta property=\"og:image:type\" content=\"image\/webp\" \/>\n<meta name=\"twitter:card\" content=\"summary_large_image\" \/>\n<script type=\"application\/ld+json\" class=\"yoast-schema-graph\">{\"@context\":\"https:\/\/schema.org\",\"@graph\":[{\"@type\":\"WebPage\",\"@id\":\"https:\/\/geoclimate.ge\/az\/product\/vrf-system-indoor-unit-ducted-middle-static-pressure-duct-2nd-generation-ac-2-2-14-kw-mdv-dt2-n1-da5b-mdv-d22t2-n1-da5b-mdv-d28t2-n1-da5b-mdv-d36t2-n1-da5b-mdv-d45t2-n1-da5b-mdv-d56t2\/\",\"url\":\"https:\/\/geoclimate.ge\/az\/product\/vrf-system-indoor-unit-ducted-middle-static-pressure-duct-2nd-generation-ac-2-2-14-kw-mdv-dt2-n1-da5b-mdv-d22t2-n1-da5b-mdv-d28t2-n1-da5b-mdv-d36t2-n1-da5b-mdv-d45t2-n1-da5b-mdv-d56t2\/\",\"name\":\"VRF Sistemi Daxili blok Kanall\u0131 Orta Statik T\u0259zyiq Kanal\u0131, 2-ci N\u0259sil, AC 2,2 - 14 kVt MDV-D**T2\/N1-DA5(B) MDV-D22T2\/N1-DA5(B) MDV-D28T2\/N1-DA5(B) MDV-D36T2\/N1-DA5(B) MDV-D45T2\/N1-DA5(B) MDV-D56T2\/N1-DA5(B) MDV-D71T2\/N1-DA5(B) MDV-D80T2\/N1-BA5(B) MDV-D90T2\/N1-BA5(B) MDV-D112T2\/N1-BA5(B) MDV-D140T2\/N1-BA5(B) MIDEA - GeoClimate.ge\",\"isPartOf\":{\"@id\":\"https:\/\/geoclimate.ge\/#website\"},\"primaryImageOfPage\":{\"@id\":\"https:\/\/geoclimate.ge\/az\/product\/vrf-system-indoor-unit-ducted-middle-static-pressure-duct-2nd-generation-ac-2-2-14-kw-mdv-dt2-n1-da5b-mdv-d22t2-n1-da5b-mdv-d28t2-n1-da5b-mdv-d36t2-n1-da5b-mdv-d45t2-n1-da5b-mdv-d56t2\/#primaryimage\"},\"image\":{\"@id\":\"https:\/\/geoclimate.ge\/az\/product\/vrf-system-indoor-unit-ducted-middle-static-pressure-duct-2nd-generation-ac-2-2-14-kw-mdv-dt2-n1-da5b-mdv-d22t2-n1-da5b-mdv-d28t2-n1-da5b-mdv-d36t2-n1-da5b-mdv-d45t2-n1-da5b-mdv-d56t2\/#primaryimage\"},\"thumbnailUrl\":\"https:\/\/geoclimate.ge\/wp-content\/uploads\/2025\/10\/cq5dam.web_.5000.5000-1_c.webp\",\"datePublished\":\"2025-10-18T11:03:28+00:00\",\"dateModified\":\"2025-10-18T11:11:26+00:00\",\"breadcrumb\":{\"@id\":\"https:\/\/geoclimate.ge\/az\/product\/vrf-system-indoor-unit-ducted-middle-static-pressure-duct-2nd-generation-ac-2-2-14-kw-mdv-dt2-n1-da5b-mdv-d22t2-n1-da5b-mdv-d28t2-n1-da5b-mdv-d36t2-n1-da5b-mdv-d45t2-n1-da5b-mdv-d56t2\/#breadcrumb\"},\"inLanguage\":\"az\",\"potentialAction\":[{\"@type\":\"ReadAction\",\"target\":[\"https:\/\/geoclimate.ge\/az\/product\/vrf-system-indoor-unit-ducted-middle-static-pressure-duct-2nd-generation-ac-2-2-14-kw-mdv-dt2-n1-da5b-mdv-d22t2-n1-da5b-mdv-d28t2-n1-da5b-mdv-d36t2-n1-da5b-mdv-d45t2-n1-da5b-mdv-d56t2\/\"]}]},{\"@type\":\"ImageObject\",\"inLanguage\":\"az\",\"@id\":\"https:\/\/geoclimate.ge\/az\/product\/vrf-system-indoor-unit-ducted-middle-static-pressure-duct-2nd-generation-ac-2-2-14-kw-mdv-dt2-n1-da5b-mdv-d22t2-n1-da5b-mdv-d28t2-n1-da5b-mdv-d36t2-n1-da5b-mdv-d45t2-n1-da5b-mdv-d56t2\/#primaryimage\",\"url\":\"https:\/\/geoclimate.ge\/wp-content\/uploads\/2025\/10\/cq5dam.web_.5000.5000-1_c.webp\",\"contentUrl\":\"https:\/\/geoclimate.ge\/wp-content\/uploads\/2025\/10\/cq5dam.web_.5000.5000-1_c.webp\",\"width\":768,\"height\":768},{\"@type\":\"BreadcrumbList\",\"@id\":\"https:\/\/geoclimate.ge\/az\/product\/vrf-system-indoor-unit-ducted-middle-static-pressure-duct-2nd-generation-ac-2-2-14-kw-mdv-dt2-n1-da5b-mdv-d22t2-n1-da5b-mdv-d28t2-n1-da5b-mdv-d36t2-n1-da5b-mdv-d45t2-n1-da5b-mdv-d56t2\/#breadcrumb\",\"itemListElement\":[{\"@type\":\"ListItem\",\"position\":1,\"name\":\"Home\",\"item\":\"https:\/\/geoclimate.ge\/az\/\"},{\"@type\":\"ListItem\",\"position\":2,\"name\":\"M\u0259hsullar\",\"item\":\"https:\/\/geoclimate.ge\/az\/products\/\"},{\"@type\":\"ListItem\",\"position\":3,\"name\":\"VRF Sistemi Daxili blok Kanall\u0131 Orta Statik T\u0259zyiq Kanal\u0131, 2-ci N\u0259sil, AC 2,2 &#8211; 14 kVt MDV-D**T2\/N1-DA5(B) MDV-D22T2\/N1-DA5(B) MDV-D28T2\/N1-DA5(B) MDV-D36T2\/N1-DA5(B) MDV-D45T2\/N1-DA5(B) MDV-D56T2\/N1-DA5(B) MDV-D71T2\/N1-DA5(B) MDV-D80T2\/N1-BA5(B) MDV-D90T2\/N1-BA5(B) MDV-D112T2\/N1-BA5(B) MDV-D140T2\/N1-BA5(B) MIDEA\"}]},{\"@type\":\"WebSite\",\"@id\":\"https:\/\/geoclimate.ge\/#website\",\"url\":\"https:\/\/geoclimate.ge\/\",\"name\":\"GeoClimate\",\"description\":\"\",\"publisher\":{\"@id\":\"https:\/\/geoclimate.ge\/#organization\"},\"potentialAction\":[{\"@type\":\"SearchAction\",\"target\":{\"@type\":\"EntryPoint\",\"urlTemplate\":\"https:\/\/geoclimate.ge\/?s={search_term_string}\"},\"query-input\":{\"@type\":\"PropertyValueSpecification\",\"valueRequired\":true,\"valueName\":\"search_term_string\"}}],\"inLanguage\":\"az\"},{\"@type\":\"Organization\",\"@id\":\"https:\/\/geoclimate.ge\/#organization\",\"name\":\"GeoClimate\",\"url\":\"https:\/\/geoclimate.ge\/\",\"logo\":{\"@type\":\"ImageObject\",\"inLanguage\":\"az\",\"@id\":\"https:\/\/geoclimate.ge\/#\/schema\/logo\/image\/\",\"url\":\"https:\/\/geoclimate.ge\/wp-content\/uploads\/2026\/03\/geoclimate-SEO.png\",\"contentUrl\":\"https:\/\/geoclimate.ge\/wp-content\/uploads\/2026\/03\/geoclimate-SEO.png\",\"width\":1536,\"height\":1024,\"caption\":\"GeoClimate\"},\"image\":{\"@id\":\"https:\/\/geoclimate.ge\/#\/schema\/logo\/image\/\"}}]}<\/script>\n<!-- \/ Yoast SEO plugin. -->","yoast_head_json":{"title":"VRF Sistemi Daxili blok Kanall\u0131 Orta Statik T\u0259zyiq Kanal\u0131, 2-ci N\u0259sil, AC 2,2 - 14 kVt MDV-D**T2\/N1-DA5(B) MDV-D22T2\/N1-DA5(B) MDV-D28T2\/N1-DA5(B) MDV-D36T2\/N1-DA5(B) MDV-D45T2\/N1-DA5(B) MDV-D56T2\/N1-DA5(B) MDV-D71T2\/N1-DA5(B) MDV-D80T2\/N1-BA5(B) MDV-D90T2\/N1-BA5(B) MDV-D112T2\/N1-BA5(B) MDV-D140T2\/N1-BA5(B) MIDEA - GeoClimate.ge","robots":{"index":"index","follow":"follow","max-snippet":"max-snippet:-1","max-image-preview":"max-image-preview:large","max-video-preview":"max-video-preview:-1"},"canonical":"https:\/\/geoclimate.ge\/az\/product\/vrf-system-indoor-unit-ducted-middle-static-pressure-duct-2nd-generation-ac-2-2-14-kw-mdv-dt2-n1-da5b-mdv-d22t2-n1-da5b-mdv-d28t2-n1-da5b-mdv-d36t2-n1-da5b-mdv-d45t2-n1-da5b-mdv-d56t2\/","og_locale":"az_AZ","og_type":"article","og_title":"VRF Sistemi Daxili blok Kanall\u0131 Orta Statik T\u0259zyiq Kanal\u0131, 2-ci N\u0259sil, AC 2,2 - 14 kVt MDV-D**T2\/N1-DA5(B) MDV-D22T2\/N1-DA5(B) MDV-D28T2\/N1-DA5(B) MDV-D36T2\/N1-DA5(B) MDV-D45T2\/N1-DA5(B) MDV-D56T2\/N1-DA5(B) MDV-D71T2\/N1-DA5(B) MDV-D80T2\/N1-BA5(B) MDV-D90T2\/N1-BA5(B) MDV-D112T2\/N1-BA5(B) MDV-D140T2\/N1-BA5(B) MIDEA - GeoClimate.ge","og_description":"Orta Statik T\u0259zyiq Kanal\u0131, 2-ci N\u0259sil, AC M\u0259hsulun spesifikasiyas\u0131  2-ci N\u0259sil Orta Statik T\u0259zyiqli Kanall\u0131 Daxili B\u00f6lm\u0259  3 Fan S\u00fcr\u0259ti Drenaj Pompas\u0131 Lift H\u00fcnd\u00fcrl\u00fcy\u00fc: 75 sm","og_url":"https:\/\/geoclimate.ge\/az\/product\/vrf-system-indoor-unit-ducted-middle-static-pressure-duct-2nd-generation-ac-2-2-14-kw-mdv-dt2-n1-da5b-mdv-d22t2-n1-da5b-mdv-d28t2-n1-da5b-mdv-d36t2-n1-da5b-mdv-d45t2-n1-da5b-mdv-d56t2\/","og_site_name":"GeoClimate.ge","article_modified_time":"2025-10-18T11:11:26+00:00","og_image":[{"width":768,"height":768,"url":"https:\/\/geoclimate.ge\/wp-content\/uploads\/2025\/10\/cq5dam.web_.5000.5000-1_c.webp","type":"image\/webp"}],"twitter_card":"summary_large_image","schema":{"@context":"https:\/\/schema.org","@graph":[{"@type":"WebPage","@id":"https:\/\/geoclimate.ge\/az\/product\/vrf-system-indoor-unit-ducted-middle-static-pressure-duct-2nd-generation-ac-2-2-14-kw-mdv-dt2-n1-da5b-mdv-d22t2-n1-da5b-mdv-d28t2-n1-da5b-mdv-d36t2-n1-da5b-mdv-d45t2-n1-da5b-mdv-d56t2\/","url":"https:\/\/geoclimate.ge\/az\/product\/vrf-system-indoor-unit-ducted-middle-static-pressure-duct-2nd-generation-ac-2-2-14-kw-mdv-dt2-n1-da5b-mdv-d22t2-n1-da5b-mdv-d28t2-n1-da5b-mdv-d36t2-n1-da5b-mdv-d45t2-n1-da5b-mdv-d56t2\/","name":"VRF Sistemi Daxili blok Kanall\u0131 Orta Statik T\u0259zyiq Kanal\u0131, 2-ci N\u0259sil, AC 2,2 - 14 kVt MDV-D**T2\/N1-DA5(B) MDV-D22T2\/N1-DA5(B) MDV-D28T2\/N1-DA5(B) MDV-D36T2\/N1-DA5(B) MDV-D45T2\/N1-DA5(B) MDV-D56T2\/N1-DA5(B) MDV-D71T2\/N1-DA5(B) MDV-D80T2\/N1-BA5(B) MDV-D90T2\/N1-BA5(B) MDV-D112T2\/N1-BA5(B) MDV-D140T2\/N1-BA5(B) MIDEA - GeoClimate.ge","isPartOf":{"@id":"https:\/\/geoclimate.ge\/#website"},"primaryImageOfPage":{"@id":"https:\/\/geoclimate.ge\/az\/product\/vrf-system-indoor-unit-ducted-middle-static-pressure-duct-2nd-generation-ac-2-2-14-kw-mdv-dt2-n1-da5b-mdv-d22t2-n1-da5b-mdv-d28t2-n1-da5b-mdv-d36t2-n1-da5b-mdv-d45t2-n1-da5b-mdv-d56t2\/#primaryimage"},"image":{"@id":"https:\/\/geoclimate.ge\/az\/product\/vrf-system-indoor-unit-ducted-middle-static-pressure-duct-2nd-generation-ac-2-2-14-kw-mdv-dt2-n1-da5b-mdv-d22t2-n1-da5b-mdv-d28t2-n1-da5b-mdv-d36t2-n1-da5b-mdv-d45t2-n1-da5b-mdv-d56t2\/#primaryimage"},"thumbnailUrl":"https:\/\/geoclimate.ge\/wp-content\/uploads\/2025\/10\/cq5dam.web_.5000.5000-1_c.webp","datePublished":"2025-10-18T11:03:28+00:00","dateModified":"2025-10-18T11:11:26+00:00","breadcrumb":{"@id":"https:\/\/geoclimate.ge\/az\/product\/vrf-system-indoor-unit-ducted-middle-static-pressure-duct-2nd-generation-ac-2-2-14-kw-mdv-dt2-n1-da5b-mdv-d22t2-n1-da5b-mdv-d28t2-n1-da5b-mdv-d36t2-n1-da5b-mdv-d45t2-n1-da5b-mdv-d56t2\/#breadcrumb"},"inLanguage":"az","potentialAction":[{"@type":"ReadAction","target":["https:\/\/geoclimate.ge\/az\/product\/vrf-system-indoor-unit-ducted-middle-static-pressure-duct-2nd-generation-ac-2-2-14-kw-mdv-dt2-n1-da5b-mdv-d22t2-n1-da5b-mdv-d28t2-n1-da5b-mdv-d36t2-n1-da5b-mdv-d45t2-n1-da5b-mdv-d56t2\/"]}]},{"@type":"ImageObject","inLanguage":"az","@id":"https:\/\/geoclimate.ge\/az\/product\/vrf-system-indoor-unit-ducted-middle-static-pressure-duct-2nd-generation-ac-2-2-14-kw-mdv-dt2-n1-da5b-mdv-d22t2-n1-da5b-mdv-d28t2-n1-da5b-mdv-d36t2-n1-da5b-mdv-d45t2-n1-da5b-mdv-d56t2\/#primaryimage","url":"https:\/\/geoclimate.ge\/wp-content\/uploads\/2025\/10\/cq5dam.web_.5000.5000-1_c.webp","contentUrl":"https:\/\/geoclimate.ge\/wp-content\/uploads\/2025\/10\/cq5dam.web_.5000.5000-1_c.webp","width":768,"height":768},{"@type":"BreadcrumbList","@id":"https:\/\/geoclimate.ge\/az\/product\/vrf-system-indoor-unit-ducted-middle-static-pressure-duct-2nd-generation-ac-2-2-14-kw-mdv-dt2-n1-da5b-mdv-d22t2-n1-da5b-mdv-d28t2-n1-da5b-mdv-d36t2-n1-da5b-mdv-d45t2-n1-da5b-mdv-d56t2\/#breadcrumb","itemListElement":[{"@type":"ListItem","position":1,"name":"Home","item":"https:\/\/geoclimate.ge\/az\/"},{"@type":"ListItem","position":2,"name":"M\u0259hsullar","item":"https:\/\/geoclimate.ge\/az\/products\/"},{"@type":"ListItem","position":3,"name":"VRF Sistemi Daxili blok Kanall\u0131 Orta Statik T\u0259zyiq Kanal\u0131, 2-ci N\u0259sil, AC 2,2 &#8211; 14 kVt MDV-D**T2\/N1-DA5(B) MDV-D22T2\/N1-DA5(B) MDV-D28T2\/N1-DA5(B) MDV-D36T2\/N1-DA5(B) MDV-D45T2\/N1-DA5(B) MDV-D56T2\/N1-DA5(B) MDV-D71T2\/N1-DA5(B) MDV-D80T2\/N1-BA5(B) MDV-D90T2\/N1-BA5(B) MDV-D112T2\/N1-BA5(B) MDV-D140T2\/N1-BA5(B) MIDEA"}]},{"@type":"WebSite","@id":"https:\/\/geoclimate.ge\/#website","url":"https:\/\/geoclimate.ge\/","name":"GeoClimate","description":"","publisher":{"@id":"https:\/\/geoclimate.ge\/#organization"},"potentialAction":[{"@type":"SearchAction","target":{"@type":"EntryPoint","urlTemplate":"https:\/\/geoclimate.ge\/?s={search_term_string}"},"query-input":{"@type":"PropertyValueSpecification","valueRequired":true,"valueName":"search_term_string"}}],"inLanguage":"az"},{"@type":"Organization","@id":"https:\/\/geoclimate.ge\/#organization","name":"GeoClimate","url":"https:\/\/geoclimate.ge\/","logo":{"@type":"ImageObject","inLanguage":"az","@id":"https:\/\/geoclimate.ge\/#\/schema\/logo\/image\/","url":"https:\/\/geoclimate.ge\/wp-content\/uploads\/2026\/03\/geoclimate-SEO.png","contentUrl":"https:\/\/geoclimate.ge\/wp-content\/uploads\/2026\/03\/geoclimate-SEO.png","width":1536,"height":1024,"caption":"GeoClimate"},"image":{"@id":"https:\/\/geoclimate.ge\/#\/schema\/logo\/image\/"}}]}},"_links":{"self":[{"href":"https:\/\/geoclimate.ge\/az\/wp-json\/wp\/v2\/product\/43030","targetHints":{"allow":["GET"]}}],"collection":[{"href":"https:\/\/geoclimate.ge\/az\/wp-json\/wp\/v2\/product"}],"about":[{"href":"https:\/\/geoclimate.ge\/az\/wp-json\/wp\/v2\/types\/product"}],"wp:featuredmedia":[{"embeddable":true,"href":"https:\/\/geoclimate.ge\/az\/wp-json\/wp\/v2\/media\/43025"}],"wp:attachment":[{"href":"https:\/\/geoclimate.ge\/az\/wp-json\/wp\/v2\/media?parent=43030"}],"wp:term":[{"taxonomy":"product_brand","embeddable":true,"href":"https:\/\/geoclimate.ge\/az\/wp-json\/wp\/v2\/product_brand?post=43030"},{"taxonomy":"product_cat","embeddable":true,"href":"https:\/\/geoclimate.ge\/az\/wp-json\/wp\/v2\/product_cat?post=43030"},{"taxonomy":"product_tag","embeddable":true,"href":"https:\/\/geoclimate.ge\/az\/wp-json\/wp\/v2\/product_tag?post=43030"}],"curies":[{"name":"wp","href":"https:\/\/api.w.org\/{rel}","templated":true}]}}