{"id":43078,"date":"2025-10-18T16:26:01","date_gmt":"2025-10-18T12:26:01","guid":{"rendered":"https:\/\/airsystems.ge\/shop\/product\/vrf-system-indoor-unit-ducted-arc-duct-v8-1-5-11-2-kw-miht3hn18-mih15t3hn18-mih22t3hn18-mih28t3hn18-mih36t3hn18-mih45t3hn18-mih56t3hn18-mih71t3hn18-mih80t3hn18-mih90t3hn18-mih112t3hn18-midea\/"},"modified":"2025-10-18T16:33:26","modified_gmt":"2025-10-18T12:33:26","slug":"vrf-system-indoor-unit-ducted-arc-duct-v8-1-5-11-2-kw-miht3hn18-mih15t3hn18-mih22t3hn18-mih28t3hn18-mih36t3hn18-mih45t3hn18-mih56t3hn18-mih71t3hn18-mih80t3hn18-mih90t3hn18-mih112t3hn18-midea","status":"publish","type":"product","link":"https:\/\/geoclimate.ge\/az\/product\/vrf-system-indoor-unit-ducted-arc-duct-v8-1-5-11-2-kw-miht3hn18-mih15t3hn18-mih22t3hn18-mih28t3hn18-mih36t3hn18-mih45t3hn18-mih56t3hn18-mih71t3hn18-mih80t3hn18-mih90t3hn18-mih112t3hn18-midea\/","title":{"rendered":"VRF Sistemi Daxili blok Kanall\u0131 Q\u00f6vs kanal\u0131, V8 1,5 &#8211; 11,2 kVt MIH**T3HN18  MIH15T3HN18 MIH22T3HN18 MIH28T3HN18 MIH36T3HN18 MIH45T3HN18 MIH56T3HN18 MIH71T3HN18 MIH80T3HN18 MIH90T3HN18 MIH112T3HN18  MIDEA"},"content":{"rendered":"","protected":false},"excerpt":{"rendered":"<h1>Q\u00f6vs kanal\u0131, V8<\/h1>\n<p>M\u0259hsulun spesifikasiyas\u0131<\/p>\n<p>V8 N\u0259sil Kanall\u0131 Tip Daxili B\u00f6lm\u0259<\/p>\n<p>7 S\u00fcr\u0259tli \u0130nverter Texnologiyas\u0131<br \/>\nUltra \u0130nc\u0259 Dizayn: 20 sm H\u00fcnd\u00fcrl\u00fck<br \/>\nY\u00fcks\u0259k Qald\u0131ran \u0130nverter Drenaj Pompas\u0131: 1.2m H\u00fcnd\u00fcrl\u00fcy\u00fc qald\u0131r\u0131n<br \/>\nT\u0259miz Hava Q\u0259bul Liman\u0131: 10%-\u0259 q\u0259d\u0259r<br \/>\n\u00c7irkli Filtr Blockage Rate Vizualizasiya<br \/>\nAdaptiv ESP: Daimi hava ax\u0131n\u0131 t\u0259min etm\u0259k \u00fc\u00e7\u00fcn statik t\u0259zyiq avtomatik olaraq d\u0259yi\u015fir<br \/>\nR\u00fctub\u0259t\u0259 N\u0259zar\u0259t<br \/>\nMETA 2: T\u0259kmill\u0259\u015fdirilmi\u015f S\u0259m\u0259r\u0259lilik, S\u00fcr\u0259tli Soyutma\/\u0130sitm\u0259<br \/>\nHiperlink: Qura\u015fd\u0131rma vaxt\u0131n\u0131 v\u0259 qiym\u0259tini azald\u0131r<br \/>\nZen air 2.0: \u00c7oxfunksiyal\u0131 Hava ax\u0131n\u0131n\u0131n idar\u0259 edilm\u0259si<br \/>\n\u0130stilik d\u0259yi\u015fdiricisinin avtomatik t\u0259mizl\u0259nm\u0259si funksiyas\u0131<br \/>\nSakit \u018fm\u0259liyyat<\/p>\n","protected":false},"featured_media":43073,"template":"","meta":[],"product_brand":[],"product_cat":[1993],"product_tag":[],"class_list":{"0":"post-43078","1":"product","2":"type-product","3":"status-publish","4":"has-post-thumbnail","6":"product_cat-vrf-sistemi","8":"first","9":"instock","10":"shipping-taxable","11":"product-type-simple"},"yoast_head":"<!-- This site is optimized with the Yoast SEO plugin v27.1.1 - https:\/\/yoast.com\/product\/yoast-seo-wordpress\/ -->\n<title>VRF Sistemi Daxili blok Kanall\u0131 Q\u00f6vs kanal\u0131, V8 1,5 - 11,2 kVt MIH**T3HN18 MIH15T3HN18 MIH22T3HN18 MIH28T3HN18 MIH36T3HN18 MIH45T3HN18 MIH56T3HN18 MIH71T3HN18 MIH80T3HN18 MIH90T3HN18 MIH112T3HN18 MIDEA - GeoClimate.ge<\/title>\n<meta name=\"robots\" content=\"index, follow, max-snippet:-1, max-image-preview:large, max-video-preview:-1\" \/>\n<link rel=\"canonical\" href=\"https:\/\/geoclimate.ge\/az\/product\/vrf-system-indoor-unit-ducted-arc-duct-v8-1-5-11-2-kw-miht3hn18-mih15t3hn18-mih22t3hn18-mih28t3hn18-mih36t3hn18-mih45t3hn18-mih56t3hn18-mih71t3hn18-mih80t3hn18-mih90t3hn18-mih112t3hn18-midea\/\" \/>\n<meta property=\"og:locale\" content=\"az_AZ\" \/>\n<meta property=\"og:type\" content=\"article\" \/>\n<meta property=\"og:title\" content=\"VRF Sistemi Daxili blok Kanall\u0131 Q\u00f6vs kanal\u0131, V8 1,5 - 11,2 kVt MIH**T3HN18 MIH15T3HN18 MIH22T3HN18 MIH28T3HN18 MIH36T3HN18 MIH45T3HN18 MIH56T3HN18 MIH71T3HN18 MIH80T3HN18 MIH90T3HN18 MIH112T3HN18 MIDEA - GeoClimate.ge\" \/>\n<meta property=\"og:description\" content=\"Q\u00f6vs kanal\u0131, V8 M\u0259hsulun spesifikasiyas\u0131  V8 N\u0259sil Kanall\u0131 Tip Daxili B\u00f6lm\u0259  7 S\u00fcr\u0259tli \u0130nverter Texnologiyas\u0131 Ultra \u0130nc\u0259 Dizayn: 20 sm H\u00fcnd\u00fcrl\u00fck Y\u00fcks\u0259k Qald\u0131ran \u0130nverter Drenaj Pompas\u0131: 1.2m H\u00fcnd\u00fcrl\u00fcy\u00fc qald\u0131r\u0131n T\u0259miz Hava Q\u0259bul Liman\u0131: 10%-\u0259 q\u0259d\u0259r \u00c7irkli Filtr Blockage Rate Vizualizasiya Adaptiv ESP: Daimi hava ax\u0131n\u0131 t\u0259min etm\u0259k \u00fc\u00e7\u00fcn statik t\u0259zyiq avtomatik olaraq d\u0259yi\u015fir R\u00fctub\u0259t\u0259 N\u0259zar\u0259t META 2: T\u0259kmill\u0259\u015fdirilmi\u015f S\u0259m\u0259r\u0259lilik, S\u00fcr\u0259tli Soyutma\/\u0130sitm\u0259 Hiperlink: Qura\u015fd\u0131rma vaxt\u0131n\u0131 v\u0259 qiym\u0259tini azald\u0131r Zen air 2.0: \u00c7oxfunksiyal\u0131 Hava ax\u0131n\u0131n\u0131n idar\u0259 edilm\u0259si \u0130stilik d\u0259yi\u015fdiricisinin avtomatik t\u0259mizl\u0259nm\u0259si funksiyas\u0131 Sakit \u018fm\u0259liyyat\" \/>\n<meta property=\"og:url\" content=\"https:\/\/geoclimate.ge\/az\/product\/vrf-system-indoor-unit-ducted-arc-duct-v8-1-5-11-2-kw-miht3hn18-mih15t3hn18-mih22t3hn18-mih28t3hn18-mih36t3hn18-mih45t3hn18-mih56t3hn18-mih71t3hn18-mih80t3hn18-mih90t3hn18-mih112t3hn18-midea\/\" \/>\n<meta property=\"og:site_name\" content=\"GeoClimate.ge\" \/>\n<meta property=\"article:modified_time\" content=\"2025-10-18T12:33:26+00:00\" \/>\n<meta property=\"og:image\" content=\"https:\/\/geoclimate.ge\/wp-content\/uploads\/2025\/10\/arc-duct_c.webp\" \/>\n\t<meta property=\"og:image:width\" content=\"768\" \/>\n\t<meta property=\"og:image:height\" content=\"512\" \/>\n\t<meta property=\"og:image:type\" content=\"image\/webp\" \/>\n<meta name=\"twitter:card\" content=\"summary_large_image\" \/>\n<script type=\"application\/ld+json\" class=\"yoast-schema-graph\">{\"@context\":\"https:\/\/schema.org\",\"@graph\":[{\"@type\":\"WebPage\",\"@id\":\"https:\/\/geoclimate.ge\/az\/product\/vrf-system-indoor-unit-ducted-arc-duct-v8-1-5-11-2-kw-miht3hn18-mih15t3hn18-mih22t3hn18-mih28t3hn18-mih36t3hn18-mih45t3hn18-mih56t3hn18-mih71t3hn18-mih80t3hn18-mih90t3hn18-mih112t3hn18-midea\/\",\"url\":\"https:\/\/geoclimate.ge\/az\/product\/vrf-system-indoor-unit-ducted-arc-duct-v8-1-5-11-2-kw-miht3hn18-mih15t3hn18-mih22t3hn18-mih28t3hn18-mih36t3hn18-mih45t3hn18-mih56t3hn18-mih71t3hn18-mih80t3hn18-mih90t3hn18-mih112t3hn18-midea\/\",\"name\":\"VRF Sistemi Daxili blok Kanall\u0131 Q\u00f6vs kanal\u0131, V8 1,5 - 11,2 kVt MIH**T3HN18 MIH15T3HN18 MIH22T3HN18 MIH28T3HN18 MIH36T3HN18 MIH45T3HN18 MIH56T3HN18 MIH71T3HN18 MIH80T3HN18 MIH90T3HN18 MIH112T3HN18 MIDEA - GeoClimate.ge\",\"isPartOf\":{\"@id\":\"https:\/\/geoclimate.ge\/#website\"},\"primaryImageOfPage\":{\"@id\":\"https:\/\/geoclimate.ge\/az\/product\/vrf-system-indoor-unit-ducted-arc-duct-v8-1-5-11-2-kw-miht3hn18-mih15t3hn18-mih22t3hn18-mih28t3hn18-mih36t3hn18-mih45t3hn18-mih56t3hn18-mih71t3hn18-mih80t3hn18-mih90t3hn18-mih112t3hn18-midea\/#primaryimage\"},\"image\":{\"@id\":\"https:\/\/geoclimate.ge\/az\/product\/vrf-system-indoor-unit-ducted-arc-duct-v8-1-5-11-2-kw-miht3hn18-mih15t3hn18-mih22t3hn18-mih28t3hn18-mih36t3hn18-mih45t3hn18-mih56t3hn18-mih71t3hn18-mih80t3hn18-mih90t3hn18-mih112t3hn18-midea\/#primaryimage\"},\"thumbnailUrl\":\"https:\/\/geoclimate.ge\/wp-content\/uploads\/2025\/10\/arc-duct_c.webp\",\"datePublished\":\"2025-10-18T12:26:01+00:00\",\"dateModified\":\"2025-10-18T12:33:26+00:00\",\"breadcrumb\":{\"@id\":\"https:\/\/geoclimate.ge\/az\/product\/vrf-system-indoor-unit-ducted-arc-duct-v8-1-5-11-2-kw-miht3hn18-mih15t3hn18-mih22t3hn18-mih28t3hn18-mih36t3hn18-mih45t3hn18-mih56t3hn18-mih71t3hn18-mih80t3hn18-mih90t3hn18-mih112t3hn18-midea\/#breadcrumb\"},\"inLanguage\":\"az\",\"potentialAction\":[{\"@type\":\"ReadAction\",\"target\":[\"https:\/\/geoclimate.ge\/az\/product\/vrf-system-indoor-unit-ducted-arc-duct-v8-1-5-11-2-kw-miht3hn18-mih15t3hn18-mih22t3hn18-mih28t3hn18-mih36t3hn18-mih45t3hn18-mih56t3hn18-mih71t3hn18-mih80t3hn18-mih90t3hn18-mih112t3hn18-midea\/\"]}]},{\"@type\":\"ImageObject\",\"inLanguage\":\"az\",\"@id\":\"https:\/\/geoclimate.ge\/az\/product\/vrf-system-indoor-unit-ducted-arc-duct-v8-1-5-11-2-kw-miht3hn18-mih15t3hn18-mih22t3hn18-mih28t3hn18-mih36t3hn18-mih45t3hn18-mih56t3hn18-mih71t3hn18-mih80t3hn18-mih90t3hn18-mih112t3hn18-midea\/#primaryimage\",\"url\":\"https:\/\/geoclimate.ge\/wp-content\/uploads\/2025\/10\/arc-duct_c.webp\",\"contentUrl\":\"https:\/\/geoclimate.ge\/wp-content\/uploads\/2025\/10\/arc-duct_c.webp\",\"width\":768,\"height\":512},{\"@type\":\"BreadcrumbList\",\"@id\":\"https:\/\/geoclimate.ge\/az\/product\/vrf-system-indoor-unit-ducted-arc-duct-v8-1-5-11-2-kw-miht3hn18-mih15t3hn18-mih22t3hn18-mih28t3hn18-mih36t3hn18-mih45t3hn18-mih56t3hn18-mih71t3hn18-mih80t3hn18-mih90t3hn18-mih112t3hn18-midea\/#breadcrumb\",\"itemListElement\":[{\"@type\":\"ListItem\",\"position\":1,\"name\":\"Home\",\"item\":\"https:\/\/geoclimate.ge\/az\/\"},{\"@type\":\"ListItem\",\"position\":2,\"name\":\"M\u0259hsullar\",\"item\":\"https:\/\/geoclimate.ge\/az\/products\/\"},{\"@type\":\"ListItem\",\"position\":3,\"name\":\"VRF Sistemi Daxili blok Kanall\u0131 Q\u00f6vs kanal\u0131, V8 1,5 &#8211; 11,2 kVt MIH**T3HN18 MIH15T3HN18 MIH22T3HN18 MIH28T3HN18 MIH36T3HN18 MIH45T3HN18 MIH56T3HN18 MIH71T3HN18 MIH80T3HN18 MIH90T3HN18 MIH112T3HN18 MIDEA\"}]},{\"@type\":\"WebSite\",\"@id\":\"https:\/\/geoclimate.ge\/#website\",\"url\":\"https:\/\/geoclimate.ge\/\",\"name\":\"GeoClimate\",\"description\":\"\",\"publisher\":{\"@id\":\"https:\/\/geoclimate.ge\/#organization\"},\"potentialAction\":[{\"@type\":\"SearchAction\",\"target\":{\"@type\":\"EntryPoint\",\"urlTemplate\":\"https:\/\/geoclimate.ge\/?s={search_term_string}\"},\"query-input\":{\"@type\":\"PropertyValueSpecification\",\"valueRequired\":true,\"valueName\":\"search_term_string\"}}],\"inLanguage\":\"az\"},{\"@type\":\"Organization\",\"@id\":\"https:\/\/geoclimate.ge\/#organization\",\"name\":\"GeoClimate\",\"url\":\"https:\/\/geoclimate.ge\/\",\"logo\":{\"@type\":\"ImageObject\",\"inLanguage\":\"az\",\"@id\":\"https:\/\/geoclimate.ge\/#\/schema\/logo\/image\/\",\"url\":\"https:\/\/geoclimate.ge\/wp-content\/uploads\/2026\/03\/geoclimate-SEO.png\",\"contentUrl\":\"https:\/\/geoclimate.ge\/wp-content\/uploads\/2026\/03\/geoclimate-SEO.png\",\"width\":1536,\"height\":1024,\"caption\":\"GeoClimate\"},\"image\":{\"@id\":\"https:\/\/geoclimate.ge\/#\/schema\/logo\/image\/\"}}]}<\/script>\n<!-- \/ Yoast SEO plugin. -->","yoast_head_json":{"title":"VRF Sistemi Daxili blok Kanall\u0131 Q\u00f6vs kanal\u0131, V8 1,5 - 11,2 kVt MIH**T3HN18 MIH15T3HN18 MIH22T3HN18 MIH28T3HN18 MIH36T3HN18 MIH45T3HN18 MIH56T3HN18 MIH71T3HN18 MIH80T3HN18 MIH90T3HN18 MIH112T3HN18 MIDEA - GeoClimate.ge","robots":{"index":"index","follow":"follow","max-snippet":"max-snippet:-1","max-image-preview":"max-image-preview:large","max-video-preview":"max-video-preview:-1"},"canonical":"https:\/\/geoclimate.ge\/az\/product\/vrf-system-indoor-unit-ducted-arc-duct-v8-1-5-11-2-kw-miht3hn18-mih15t3hn18-mih22t3hn18-mih28t3hn18-mih36t3hn18-mih45t3hn18-mih56t3hn18-mih71t3hn18-mih80t3hn18-mih90t3hn18-mih112t3hn18-midea\/","og_locale":"az_AZ","og_type":"article","og_title":"VRF Sistemi Daxili blok Kanall\u0131 Q\u00f6vs kanal\u0131, V8 1,5 - 11,2 kVt MIH**T3HN18 MIH15T3HN18 MIH22T3HN18 MIH28T3HN18 MIH36T3HN18 MIH45T3HN18 MIH56T3HN18 MIH71T3HN18 MIH80T3HN18 MIH90T3HN18 MIH112T3HN18 MIDEA - GeoClimate.ge","og_description":"Q\u00f6vs kanal\u0131, V8 M\u0259hsulun spesifikasiyas\u0131  V8 N\u0259sil Kanall\u0131 Tip Daxili B\u00f6lm\u0259  7 S\u00fcr\u0259tli \u0130nverter Texnologiyas\u0131 Ultra \u0130nc\u0259 Dizayn: 20 sm H\u00fcnd\u00fcrl\u00fck Y\u00fcks\u0259k Qald\u0131ran \u0130nverter Drenaj Pompas\u0131: 1.2m H\u00fcnd\u00fcrl\u00fcy\u00fc qald\u0131r\u0131n T\u0259miz Hava Q\u0259bul Liman\u0131: 10%-\u0259 q\u0259d\u0259r \u00c7irkli Filtr Blockage Rate Vizualizasiya Adaptiv ESP: Daimi hava ax\u0131n\u0131 t\u0259min etm\u0259k \u00fc\u00e7\u00fcn statik t\u0259zyiq avtomatik olaraq d\u0259yi\u015fir R\u00fctub\u0259t\u0259 N\u0259zar\u0259t META 2: T\u0259kmill\u0259\u015fdirilmi\u015f S\u0259m\u0259r\u0259lilik, S\u00fcr\u0259tli Soyutma\/\u0130sitm\u0259 Hiperlink: Qura\u015fd\u0131rma vaxt\u0131n\u0131 v\u0259 qiym\u0259tini azald\u0131r Zen air 2.0: \u00c7oxfunksiyal\u0131 Hava ax\u0131n\u0131n\u0131n idar\u0259 edilm\u0259si \u0130stilik d\u0259yi\u015fdiricisinin avtomatik t\u0259mizl\u0259nm\u0259si funksiyas\u0131 Sakit \u018fm\u0259liyyat","og_url":"https:\/\/geoclimate.ge\/az\/product\/vrf-system-indoor-unit-ducted-arc-duct-v8-1-5-11-2-kw-miht3hn18-mih15t3hn18-mih22t3hn18-mih28t3hn18-mih36t3hn18-mih45t3hn18-mih56t3hn18-mih71t3hn18-mih80t3hn18-mih90t3hn18-mih112t3hn18-midea\/","og_site_name":"GeoClimate.ge","article_modified_time":"2025-10-18T12:33:26+00:00","og_image":[{"width":768,"height":512,"url":"https:\/\/geoclimate.ge\/wp-content\/uploads\/2025\/10\/arc-duct_c.webp","type":"image\/webp"}],"twitter_card":"summary_large_image","schema":{"@context":"https:\/\/schema.org","@graph":[{"@type":"WebPage","@id":"https:\/\/geoclimate.ge\/az\/product\/vrf-system-indoor-unit-ducted-arc-duct-v8-1-5-11-2-kw-miht3hn18-mih15t3hn18-mih22t3hn18-mih28t3hn18-mih36t3hn18-mih45t3hn18-mih56t3hn18-mih71t3hn18-mih80t3hn18-mih90t3hn18-mih112t3hn18-midea\/","url":"https:\/\/geoclimate.ge\/az\/product\/vrf-system-indoor-unit-ducted-arc-duct-v8-1-5-11-2-kw-miht3hn18-mih15t3hn18-mih22t3hn18-mih28t3hn18-mih36t3hn18-mih45t3hn18-mih56t3hn18-mih71t3hn18-mih80t3hn18-mih90t3hn18-mih112t3hn18-midea\/","name":"VRF Sistemi Daxili blok Kanall\u0131 Q\u00f6vs kanal\u0131, V8 1,5 - 11,2 kVt MIH**T3HN18 MIH15T3HN18 MIH22T3HN18 MIH28T3HN18 MIH36T3HN18 MIH45T3HN18 MIH56T3HN18 MIH71T3HN18 MIH80T3HN18 MIH90T3HN18 MIH112T3HN18 MIDEA - GeoClimate.ge","isPartOf":{"@id":"https:\/\/geoclimate.ge\/#website"},"primaryImageOfPage":{"@id":"https:\/\/geoclimate.ge\/az\/product\/vrf-system-indoor-unit-ducted-arc-duct-v8-1-5-11-2-kw-miht3hn18-mih15t3hn18-mih22t3hn18-mih28t3hn18-mih36t3hn18-mih45t3hn18-mih56t3hn18-mih71t3hn18-mih80t3hn18-mih90t3hn18-mih112t3hn18-midea\/#primaryimage"},"image":{"@id":"https:\/\/geoclimate.ge\/az\/product\/vrf-system-indoor-unit-ducted-arc-duct-v8-1-5-11-2-kw-miht3hn18-mih15t3hn18-mih22t3hn18-mih28t3hn18-mih36t3hn18-mih45t3hn18-mih56t3hn18-mih71t3hn18-mih80t3hn18-mih90t3hn18-mih112t3hn18-midea\/#primaryimage"},"thumbnailUrl":"https:\/\/geoclimate.ge\/wp-content\/uploads\/2025\/10\/arc-duct_c.webp","datePublished":"2025-10-18T12:26:01+00:00","dateModified":"2025-10-18T12:33:26+00:00","breadcrumb":{"@id":"https:\/\/geoclimate.ge\/az\/product\/vrf-system-indoor-unit-ducted-arc-duct-v8-1-5-11-2-kw-miht3hn18-mih15t3hn18-mih22t3hn18-mih28t3hn18-mih36t3hn18-mih45t3hn18-mih56t3hn18-mih71t3hn18-mih80t3hn18-mih90t3hn18-mih112t3hn18-midea\/#breadcrumb"},"inLanguage":"az","potentialAction":[{"@type":"ReadAction","target":["https:\/\/geoclimate.ge\/az\/product\/vrf-system-indoor-unit-ducted-arc-duct-v8-1-5-11-2-kw-miht3hn18-mih15t3hn18-mih22t3hn18-mih28t3hn18-mih36t3hn18-mih45t3hn18-mih56t3hn18-mih71t3hn18-mih80t3hn18-mih90t3hn18-mih112t3hn18-midea\/"]}]},{"@type":"ImageObject","inLanguage":"az","@id":"https:\/\/geoclimate.ge\/az\/product\/vrf-system-indoor-unit-ducted-arc-duct-v8-1-5-11-2-kw-miht3hn18-mih15t3hn18-mih22t3hn18-mih28t3hn18-mih36t3hn18-mih45t3hn18-mih56t3hn18-mih71t3hn18-mih80t3hn18-mih90t3hn18-mih112t3hn18-midea\/#primaryimage","url":"https:\/\/geoclimate.ge\/wp-content\/uploads\/2025\/10\/arc-duct_c.webp","contentUrl":"https:\/\/geoclimate.ge\/wp-content\/uploads\/2025\/10\/arc-duct_c.webp","width":768,"height":512},{"@type":"BreadcrumbList","@id":"https:\/\/geoclimate.ge\/az\/product\/vrf-system-indoor-unit-ducted-arc-duct-v8-1-5-11-2-kw-miht3hn18-mih15t3hn18-mih22t3hn18-mih28t3hn18-mih36t3hn18-mih45t3hn18-mih56t3hn18-mih71t3hn18-mih80t3hn18-mih90t3hn18-mih112t3hn18-midea\/#breadcrumb","itemListElement":[{"@type":"ListItem","position":1,"name":"Home","item":"https:\/\/geoclimate.ge\/az\/"},{"@type":"ListItem","position":2,"name":"M\u0259hsullar","item":"https:\/\/geoclimate.ge\/az\/products\/"},{"@type":"ListItem","position":3,"name":"VRF Sistemi Daxili blok Kanall\u0131 Q\u00f6vs kanal\u0131, V8 1,5 &#8211; 11,2 kVt MIH**T3HN18 MIH15T3HN18 MIH22T3HN18 MIH28T3HN18 MIH36T3HN18 MIH45T3HN18 MIH56T3HN18 MIH71T3HN18 MIH80T3HN18 MIH90T3HN18 MIH112T3HN18 MIDEA"}]},{"@type":"WebSite","@id":"https:\/\/geoclimate.ge\/#website","url":"https:\/\/geoclimate.ge\/","name":"GeoClimate","description":"","publisher":{"@id":"https:\/\/geoclimate.ge\/#organization"},"potentialAction":[{"@type":"SearchAction","target":{"@type":"EntryPoint","urlTemplate":"https:\/\/geoclimate.ge\/?s={search_term_string}"},"query-input":{"@type":"PropertyValueSpecification","valueRequired":true,"valueName":"search_term_string"}}],"inLanguage":"az"},{"@type":"Organization","@id":"https:\/\/geoclimate.ge\/#organization","name":"GeoClimate","url":"https:\/\/geoclimate.ge\/","logo":{"@type":"ImageObject","inLanguage":"az","@id":"https:\/\/geoclimate.ge\/#\/schema\/logo\/image\/","url":"https:\/\/geoclimate.ge\/wp-content\/uploads\/2026\/03\/geoclimate-SEO.png","contentUrl":"https:\/\/geoclimate.ge\/wp-content\/uploads\/2026\/03\/geoclimate-SEO.png","width":1536,"height":1024,"caption":"GeoClimate"},"image":{"@id":"https:\/\/geoclimate.ge\/#\/schema\/logo\/image\/"}}]}},"_links":{"self":[{"href":"https:\/\/geoclimate.ge\/az\/wp-json\/wp\/v2\/product\/43078","targetHints":{"allow":["GET"]}}],"collection":[{"href":"https:\/\/geoclimate.ge\/az\/wp-json\/wp\/v2\/product"}],"about":[{"href":"https:\/\/geoclimate.ge\/az\/wp-json\/wp\/v2\/types\/product"}],"wp:featuredmedia":[{"embeddable":true,"href":"https:\/\/geoclimate.ge\/az\/wp-json\/wp\/v2\/media\/43073"}],"wp:attachment":[{"href":"https:\/\/geoclimate.ge\/az\/wp-json\/wp\/v2\/media?parent=43078"}],"wp:term":[{"taxonomy":"product_brand","embeddable":true,"href":"https:\/\/geoclimate.ge\/az\/wp-json\/wp\/v2\/product_brand?post=43078"},{"taxonomy":"product_cat","embeddable":true,"href":"https:\/\/geoclimate.ge\/az\/wp-json\/wp\/v2\/product_cat?post=43078"},{"taxonomy":"product_tag","embeddable":true,"href":"https:\/\/geoclimate.ge\/az\/wp-json\/wp\/v2\/product_tag?post=43078"}],"curies":[{"name":"wp","href":"https:\/\/api.w.org\/{rel}","templated":true}]}}