{"id":43410,"date":"2025-10-25T21:38:49","date_gmt":"2025-10-25T17:38:49","guid":{"rendered":"https:\/\/airsystems.ge\/shop\/product\/multi-split-ac-indoor-unit-ducted-mti-multi-series-7-18-kbtu-mti-fnxd0-q-mti-07fnxd0-q-mti-09fnxd0-q-mti-12fnxd0-q-mti-18fnxd0-q-midea\/"},"modified":"2025-10-25T21:46:35","modified_gmt":"2025-10-25T17:46:35","slug":"multi-split-ac-indoor-unit-ducted-mti-multi-series-7-18-kbtu-mti-fnxd0-q-mti-07fnxd0-q-mti-09fnxd0-q-mti-12fnxd0-q-mti-18fnxd0-q-midea","status":"publish","type":"product","link":"https:\/\/geoclimate.ge\/az\/product\/multi-split-ac-indoor-unit-ducted-mti-multi-series-7-18-kbtu-mti-fnxd0-q-mti-07fnxd0-q-mti-09fnxd0-q-mti-12fnxd0-q-mti-18fnxd0-q-midea\/","title":{"rendered":"\u00c7oxlu b\u00f6l\u00fcnm\u00fc\u015f kondisioner  Daxili Blok  Kanal MTI \u00c7ox Seriyal\u0131 7 &#8211; 18 KBTU MTI-**FNXD0-Q MTI-07FNXD0-Q MTI-09FNXD0-Q MTI-12FNXD0-Q MTI-18FNXD0-Q  MIDEA"},"content":{"rendered":"","protected":false},"excerpt":{"rendered":"<h1>Kanal MTI \u00c7ox Seriyal\u0131<\/h1>\n<p>M\u0259hsul x\u00fcsusiyy\u0259tl\u0259ri<\/p>\n<p>\u00c7oxlu b\u00f6l\u00fcnm\u00fc\u015f sistemin kanall\u0131 daxili b\u00f6lm\u0259si<\/p>\n<p>3 S\u00fcr\u0259tli \u0130nverter Texnologiyas\u0131<br \/>\n\u0130nc\u0259 Dizayn: 21 sm-\u0259 q\u0259d\u0259r<br \/>\nDrenaj Nasosu Qald\u0131rma H\u00fcnd\u00fcrl\u00fcy\u00fc: 75 sm<br \/>\nT\u0259miz Hava Giri\u015f Portu: 10%-\u0259 q\u0259d\u0259r<br \/>\nSimli Divar N\u0259zar\u0259t\u00e7isi<br \/>\n\u0130ki n\u00f6v hava qaytarma il\u0259 uy\u011fundur: Arxa v\u0259 Alt<br \/>\nSoyuq m\u00fchit temperaturunda t\u0259sirli<br \/>\nS\u0259ssiz \u018fm\u0259liyyat<\/p>\n","protected":false},"featured_media":43405,"template":"","meta":[],"product_brand":[],"product_cat":[2005],"product_tag":[],"class_list":{"0":"post-43410","1":"product","2":"type-product","3":"status-publish","4":"has-post-thumbnail","6":"product_cat-coxlu-split-kondisioner","8":"first","9":"instock","10":"shipping-taxable","11":"product-type-simple"},"yoast_head":"<!-- This site is optimized with the Yoast SEO plugin v27.1.1 - https:\/\/yoast.com\/product\/yoast-seo-wordpress\/ -->\n<title>\u00c7oxlu b\u00f6l\u00fcnm\u00fc\u015f kondisioner Daxili Blok Kanal MTI \u00c7ox Seriyal\u0131 7 - 18 KBTU MTI-**FNXD0-Q MTI-07FNXD0-Q MTI-09FNXD0-Q MTI-12FNXD0-Q MTI-18FNXD0-Q MIDEA - GeoClimate.ge<\/title>\n<meta name=\"robots\" content=\"index, follow, max-snippet:-1, max-image-preview:large, max-video-preview:-1\" \/>\n<link rel=\"canonical\" href=\"https:\/\/geoclimate.ge\/az\/product\/multi-split-ac-indoor-unit-ducted-mti-multi-series-7-18-kbtu-mti-fnxd0-q-mti-07fnxd0-q-mti-09fnxd0-q-mti-12fnxd0-q-mti-18fnxd0-q-midea\/\" \/>\n<meta property=\"og:locale\" content=\"az_AZ\" \/>\n<meta property=\"og:type\" content=\"article\" \/>\n<meta property=\"og:title\" content=\"\u00c7oxlu b\u00f6l\u00fcnm\u00fc\u015f kondisioner Daxili Blok Kanal MTI \u00c7ox Seriyal\u0131 7 - 18 KBTU MTI-**FNXD0-Q MTI-07FNXD0-Q MTI-09FNXD0-Q MTI-12FNXD0-Q MTI-18FNXD0-Q MIDEA - GeoClimate.ge\" \/>\n<meta property=\"og:description\" content=\"Kanal MTI \u00c7ox Seriyal\u0131 M\u0259hsul x\u00fcsusiyy\u0259tl\u0259ri  \u00c7oxlu b\u00f6l\u00fcnm\u00fc\u015f sistemin kanall\u0131 daxili b\u00f6lm\u0259si  3 S\u00fcr\u0259tli \u0130nverter Texnologiyas\u0131 \u0130nc\u0259 Dizayn: 21 sm-\u0259 q\u0259d\u0259r Drenaj Nasosu Qald\u0131rma H\u00fcnd\u00fcrl\u00fcy\u00fc: 75 sm T\u0259miz Hava Giri\u015f Portu: 10%-\u0259 q\u0259d\u0259r Simli Divar N\u0259zar\u0259t\u00e7isi \u0130ki n\u00f6v hava qaytarma il\u0259 uy\u011fundur: Arxa v\u0259 Alt Soyuq m\u00fchit temperaturunda t\u0259sirli S\u0259ssiz \u018fm\u0259liyyat\" \/>\n<meta property=\"og:url\" content=\"https:\/\/geoclimate.ge\/az\/product\/multi-split-ac-indoor-unit-ducted-mti-multi-series-7-18-kbtu-mti-fnxd0-q-mti-07fnxd0-q-mti-09fnxd0-q-mti-12fnxd0-q-mti-18fnxd0-q-midea\/\" \/>\n<meta property=\"og:site_name\" content=\"GeoClimate.ge\" \/>\n<meta property=\"article:modified_time\" content=\"2025-10-25T17:46:35+00:00\" \/>\n<meta property=\"og:image\" content=\"https:\/\/geoclimate.ge\/wp-content\/uploads\/2025\/10\/DUCT_RESULT.webp\" \/>\n\t<meta property=\"og:image:width\" content=\"768\" \/>\n\t<meta property=\"og:image:height\" content=\"615\" \/>\n\t<meta property=\"og:image:type\" content=\"image\/webp\" \/>\n<meta name=\"twitter:card\" content=\"summary_large_image\" \/>\n<script type=\"application\/ld+json\" class=\"yoast-schema-graph\">{\"@context\":\"https:\/\/schema.org\",\"@graph\":[{\"@type\":\"WebPage\",\"@id\":\"https:\/\/geoclimate.ge\/az\/product\/multi-split-ac-indoor-unit-ducted-mti-multi-series-7-18-kbtu-mti-fnxd0-q-mti-07fnxd0-q-mti-09fnxd0-q-mti-12fnxd0-q-mti-18fnxd0-q-midea\/\",\"url\":\"https:\/\/geoclimate.ge\/az\/product\/multi-split-ac-indoor-unit-ducted-mti-multi-series-7-18-kbtu-mti-fnxd0-q-mti-07fnxd0-q-mti-09fnxd0-q-mti-12fnxd0-q-mti-18fnxd0-q-midea\/\",\"name\":\"\u00c7oxlu b\u00f6l\u00fcnm\u00fc\u015f kondisioner Daxili Blok Kanal MTI \u00c7ox Seriyal\u0131 7 - 18 KBTU MTI-**FNXD0-Q MTI-07FNXD0-Q MTI-09FNXD0-Q MTI-12FNXD0-Q MTI-18FNXD0-Q MIDEA - GeoClimate.ge\",\"isPartOf\":{\"@id\":\"https:\/\/geoclimate.ge\/#website\"},\"primaryImageOfPage\":{\"@id\":\"https:\/\/geoclimate.ge\/az\/product\/multi-split-ac-indoor-unit-ducted-mti-multi-series-7-18-kbtu-mti-fnxd0-q-mti-07fnxd0-q-mti-09fnxd0-q-mti-12fnxd0-q-mti-18fnxd0-q-midea\/#primaryimage\"},\"image\":{\"@id\":\"https:\/\/geoclimate.ge\/az\/product\/multi-split-ac-indoor-unit-ducted-mti-multi-series-7-18-kbtu-mti-fnxd0-q-mti-07fnxd0-q-mti-09fnxd0-q-mti-12fnxd0-q-mti-18fnxd0-q-midea\/#primaryimage\"},\"thumbnailUrl\":\"https:\/\/geoclimate.ge\/wp-content\/uploads\/2025\/10\/DUCT_RESULT.webp\",\"datePublished\":\"2025-10-25T17:38:49+00:00\",\"dateModified\":\"2025-10-25T17:46:35+00:00\",\"breadcrumb\":{\"@id\":\"https:\/\/geoclimate.ge\/az\/product\/multi-split-ac-indoor-unit-ducted-mti-multi-series-7-18-kbtu-mti-fnxd0-q-mti-07fnxd0-q-mti-09fnxd0-q-mti-12fnxd0-q-mti-18fnxd0-q-midea\/#breadcrumb\"},\"inLanguage\":\"az\",\"potentialAction\":[{\"@type\":\"ReadAction\",\"target\":[\"https:\/\/geoclimate.ge\/az\/product\/multi-split-ac-indoor-unit-ducted-mti-multi-series-7-18-kbtu-mti-fnxd0-q-mti-07fnxd0-q-mti-09fnxd0-q-mti-12fnxd0-q-mti-18fnxd0-q-midea\/\"]}]},{\"@type\":\"ImageObject\",\"inLanguage\":\"az\",\"@id\":\"https:\/\/geoclimate.ge\/az\/product\/multi-split-ac-indoor-unit-ducted-mti-multi-series-7-18-kbtu-mti-fnxd0-q-mti-07fnxd0-q-mti-09fnxd0-q-mti-12fnxd0-q-mti-18fnxd0-q-midea\/#primaryimage\",\"url\":\"https:\/\/geoclimate.ge\/wp-content\/uploads\/2025\/10\/DUCT_RESULT.webp\",\"contentUrl\":\"https:\/\/geoclimate.ge\/wp-content\/uploads\/2025\/10\/DUCT_RESULT.webp\",\"width\":768,\"height\":615},{\"@type\":\"BreadcrumbList\",\"@id\":\"https:\/\/geoclimate.ge\/az\/product\/multi-split-ac-indoor-unit-ducted-mti-multi-series-7-18-kbtu-mti-fnxd0-q-mti-07fnxd0-q-mti-09fnxd0-q-mti-12fnxd0-q-mti-18fnxd0-q-midea\/#breadcrumb\",\"itemListElement\":[{\"@type\":\"ListItem\",\"position\":1,\"name\":\"Home\",\"item\":\"https:\/\/geoclimate.ge\/az\/\"},{\"@type\":\"ListItem\",\"position\":2,\"name\":\"M\u0259hsullar\",\"item\":\"https:\/\/geoclimate.ge\/az\/products\/\"},{\"@type\":\"ListItem\",\"position\":3,\"name\":\"\u00c7oxlu b\u00f6l\u00fcnm\u00fc\u015f kondisioner Daxili Blok Kanal MTI \u00c7ox Seriyal\u0131 7 &#8211; 18 KBTU MTI-**FNXD0-Q MTI-07FNXD0-Q MTI-09FNXD0-Q MTI-12FNXD0-Q MTI-18FNXD0-Q MIDEA\"}]},{\"@type\":\"WebSite\",\"@id\":\"https:\/\/geoclimate.ge\/#website\",\"url\":\"https:\/\/geoclimate.ge\/\",\"name\":\"GeoClimate\",\"description\":\"\",\"publisher\":{\"@id\":\"https:\/\/geoclimate.ge\/#organization\"},\"potentialAction\":[{\"@type\":\"SearchAction\",\"target\":{\"@type\":\"EntryPoint\",\"urlTemplate\":\"https:\/\/geoclimate.ge\/?s={search_term_string}\"},\"query-input\":{\"@type\":\"PropertyValueSpecification\",\"valueRequired\":true,\"valueName\":\"search_term_string\"}}],\"inLanguage\":\"az\"},{\"@type\":\"Organization\",\"@id\":\"https:\/\/geoclimate.ge\/#organization\",\"name\":\"GeoClimate\",\"url\":\"https:\/\/geoclimate.ge\/\",\"logo\":{\"@type\":\"ImageObject\",\"inLanguage\":\"az\",\"@id\":\"https:\/\/geoclimate.ge\/#\/schema\/logo\/image\/\",\"url\":\"https:\/\/geoclimate.ge\/wp-content\/uploads\/2026\/03\/geoclimate-SEO.png\",\"contentUrl\":\"https:\/\/geoclimate.ge\/wp-content\/uploads\/2026\/03\/geoclimate-SEO.png\",\"width\":1536,\"height\":1024,\"caption\":\"GeoClimate\"},\"image\":{\"@id\":\"https:\/\/geoclimate.ge\/#\/schema\/logo\/image\/\"}}]}<\/script>\n<!-- \/ Yoast SEO plugin. -->","yoast_head_json":{"title":"\u00c7oxlu b\u00f6l\u00fcnm\u00fc\u015f kondisioner Daxili Blok Kanal MTI \u00c7ox Seriyal\u0131 7 - 18 KBTU MTI-**FNXD0-Q MTI-07FNXD0-Q MTI-09FNXD0-Q MTI-12FNXD0-Q MTI-18FNXD0-Q MIDEA - GeoClimate.ge","robots":{"index":"index","follow":"follow","max-snippet":"max-snippet:-1","max-image-preview":"max-image-preview:large","max-video-preview":"max-video-preview:-1"},"canonical":"https:\/\/geoclimate.ge\/az\/product\/multi-split-ac-indoor-unit-ducted-mti-multi-series-7-18-kbtu-mti-fnxd0-q-mti-07fnxd0-q-mti-09fnxd0-q-mti-12fnxd0-q-mti-18fnxd0-q-midea\/","og_locale":"az_AZ","og_type":"article","og_title":"\u00c7oxlu b\u00f6l\u00fcnm\u00fc\u015f kondisioner Daxili Blok Kanal MTI \u00c7ox Seriyal\u0131 7 - 18 KBTU MTI-**FNXD0-Q MTI-07FNXD0-Q MTI-09FNXD0-Q MTI-12FNXD0-Q MTI-18FNXD0-Q MIDEA - GeoClimate.ge","og_description":"Kanal MTI \u00c7ox Seriyal\u0131 M\u0259hsul x\u00fcsusiyy\u0259tl\u0259ri  \u00c7oxlu b\u00f6l\u00fcnm\u00fc\u015f sistemin kanall\u0131 daxili b\u00f6lm\u0259si  3 S\u00fcr\u0259tli \u0130nverter Texnologiyas\u0131 \u0130nc\u0259 Dizayn: 21 sm-\u0259 q\u0259d\u0259r Drenaj Nasosu Qald\u0131rma H\u00fcnd\u00fcrl\u00fcy\u00fc: 75 sm T\u0259miz Hava Giri\u015f Portu: 10%-\u0259 q\u0259d\u0259r Simli Divar N\u0259zar\u0259t\u00e7isi \u0130ki n\u00f6v hava qaytarma il\u0259 uy\u011fundur: Arxa v\u0259 Alt Soyuq m\u00fchit temperaturunda t\u0259sirli S\u0259ssiz \u018fm\u0259liyyat","og_url":"https:\/\/geoclimate.ge\/az\/product\/multi-split-ac-indoor-unit-ducted-mti-multi-series-7-18-kbtu-mti-fnxd0-q-mti-07fnxd0-q-mti-09fnxd0-q-mti-12fnxd0-q-mti-18fnxd0-q-midea\/","og_site_name":"GeoClimate.ge","article_modified_time":"2025-10-25T17:46:35+00:00","og_image":[{"width":768,"height":615,"url":"https:\/\/geoclimate.ge\/wp-content\/uploads\/2025\/10\/DUCT_RESULT.webp","type":"image\/webp"}],"twitter_card":"summary_large_image","schema":{"@context":"https:\/\/schema.org","@graph":[{"@type":"WebPage","@id":"https:\/\/geoclimate.ge\/az\/product\/multi-split-ac-indoor-unit-ducted-mti-multi-series-7-18-kbtu-mti-fnxd0-q-mti-07fnxd0-q-mti-09fnxd0-q-mti-12fnxd0-q-mti-18fnxd0-q-midea\/","url":"https:\/\/geoclimate.ge\/az\/product\/multi-split-ac-indoor-unit-ducted-mti-multi-series-7-18-kbtu-mti-fnxd0-q-mti-07fnxd0-q-mti-09fnxd0-q-mti-12fnxd0-q-mti-18fnxd0-q-midea\/","name":"\u00c7oxlu b\u00f6l\u00fcnm\u00fc\u015f kondisioner Daxili Blok Kanal MTI \u00c7ox Seriyal\u0131 7 - 18 KBTU MTI-**FNXD0-Q MTI-07FNXD0-Q MTI-09FNXD0-Q MTI-12FNXD0-Q MTI-18FNXD0-Q MIDEA - GeoClimate.ge","isPartOf":{"@id":"https:\/\/geoclimate.ge\/#website"},"primaryImageOfPage":{"@id":"https:\/\/geoclimate.ge\/az\/product\/multi-split-ac-indoor-unit-ducted-mti-multi-series-7-18-kbtu-mti-fnxd0-q-mti-07fnxd0-q-mti-09fnxd0-q-mti-12fnxd0-q-mti-18fnxd0-q-midea\/#primaryimage"},"image":{"@id":"https:\/\/geoclimate.ge\/az\/product\/multi-split-ac-indoor-unit-ducted-mti-multi-series-7-18-kbtu-mti-fnxd0-q-mti-07fnxd0-q-mti-09fnxd0-q-mti-12fnxd0-q-mti-18fnxd0-q-midea\/#primaryimage"},"thumbnailUrl":"https:\/\/geoclimate.ge\/wp-content\/uploads\/2025\/10\/DUCT_RESULT.webp","datePublished":"2025-10-25T17:38:49+00:00","dateModified":"2025-10-25T17:46:35+00:00","breadcrumb":{"@id":"https:\/\/geoclimate.ge\/az\/product\/multi-split-ac-indoor-unit-ducted-mti-multi-series-7-18-kbtu-mti-fnxd0-q-mti-07fnxd0-q-mti-09fnxd0-q-mti-12fnxd0-q-mti-18fnxd0-q-midea\/#breadcrumb"},"inLanguage":"az","potentialAction":[{"@type":"ReadAction","target":["https:\/\/geoclimate.ge\/az\/product\/multi-split-ac-indoor-unit-ducted-mti-multi-series-7-18-kbtu-mti-fnxd0-q-mti-07fnxd0-q-mti-09fnxd0-q-mti-12fnxd0-q-mti-18fnxd0-q-midea\/"]}]},{"@type":"ImageObject","inLanguage":"az","@id":"https:\/\/geoclimate.ge\/az\/product\/multi-split-ac-indoor-unit-ducted-mti-multi-series-7-18-kbtu-mti-fnxd0-q-mti-07fnxd0-q-mti-09fnxd0-q-mti-12fnxd0-q-mti-18fnxd0-q-midea\/#primaryimage","url":"https:\/\/geoclimate.ge\/wp-content\/uploads\/2025\/10\/DUCT_RESULT.webp","contentUrl":"https:\/\/geoclimate.ge\/wp-content\/uploads\/2025\/10\/DUCT_RESULT.webp","width":768,"height":615},{"@type":"BreadcrumbList","@id":"https:\/\/geoclimate.ge\/az\/product\/multi-split-ac-indoor-unit-ducted-mti-multi-series-7-18-kbtu-mti-fnxd0-q-mti-07fnxd0-q-mti-09fnxd0-q-mti-12fnxd0-q-mti-18fnxd0-q-midea\/#breadcrumb","itemListElement":[{"@type":"ListItem","position":1,"name":"Home","item":"https:\/\/geoclimate.ge\/az\/"},{"@type":"ListItem","position":2,"name":"M\u0259hsullar","item":"https:\/\/geoclimate.ge\/az\/products\/"},{"@type":"ListItem","position":3,"name":"\u00c7oxlu b\u00f6l\u00fcnm\u00fc\u015f kondisioner Daxili Blok Kanal MTI \u00c7ox Seriyal\u0131 7 &#8211; 18 KBTU MTI-**FNXD0-Q MTI-07FNXD0-Q MTI-09FNXD0-Q MTI-12FNXD0-Q MTI-18FNXD0-Q MIDEA"}]},{"@type":"WebSite","@id":"https:\/\/geoclimate.ge\/#website","url":"https:\/\/geoclimate.ge\/","name":"GeoClimate","description":"","publisher":{"@id":"https:\/\/geoclimate.ge\/#organization"},"potentialAction":[{"@type":"SearchAction","target":{"@type":"EntryPoint","urlTemplate":"https:\/\/geoclimate.ge\/?s={search_term_string}"},"query-input":{"@type":"PropertyValueSpecification","valueRequired":true,"valueName":"search_term_string"}}],"inLanguage":"az"},{"@type":"Organization","@id":"https:\/\/geoclimate.ge\/#organization","name":"GeoClimate","url":"https:\/\/geoclimate.ge\/","logo":{"@type":"ImageObject","inLanguage":"az","@id":"https:\/\/geoclimate.ge\/#\/schema\/logo\/image\/","url":"https:\/\/geoclimate.ge\/wp-content\/uploads\/2026\/03\/geoclimate-SEO.png","contentUrl":"https:\/\/geoclimate.ge\/wp-content\/uploads\/2026\/03\/geoclimate-SEO.png","width":1536,"height":1024,"caption":"GeoClimate"},"image":{"@id":"https:\/\/geoclimate.ge\/#\/schema\/logo\/image\/"}}]}},"_links":{"self":[{"href":"https:\/\/geoclimate.ge\/az\/wp-json\/wp\/v2\/product\/43410","targetHints":{"allow":["GET"]}}],"collection":[{"href":"https:\/\/geoclimate.ge\/az\/wp-json\/wp\/v2\/product"}],"about":[{"href":"https:\/\/geoclimate.ge\/az\/wp-json\/wp\/v2\/types\/product"}],"wp:featuredmedia":[{"embeddable":true,"href":"https:\/\/geoclimate.ge\/az\/wp-json\/wp\/v2\/media\/43405"}],"wp:attachment":[{"href":"https:\/\/geoclimate.ge\/az\/wp-json\/wp\/v2\/media?parent=43410"}],"wp:term":[{"taxonomy":"product_brand","embeddable":true,"href":"https:\/\/geoclimate.ge\/az\/wp-json\/wp\/v2\/product_brand?post=43410"},{"taxonomy":"product_cat","embeddable":true,"href":"https:\/\/geoclimate.ge\/az\/wp-json\/wp\/v2\/product_cat?post=43410"},{"taxonomy":"product_tag","embeddable":true,"href":"https:\/\/geoclimate.ge\/az\/wp-json\/wp\/v2\/product_tag?post=43410"}],"curies":[{"name":"wp","href":"https:\/\/api.w.org\/{rel}","templated":true}]}}