{"id":43594,"date":"2025-11-01T21:33:34","date_gmt":"2025-11-01T17:33:34","guid":{"rendered":"https:\/\/airsystems.ge\/shop\/product\/rooftop-climamaster-series-17-3-kw-mrc-hwn1-r-mrc-60hwn1-r-midea\/"},"modified":"2025-11-01T21:42:03","modified_gmt":"2025-11-01T17:42:03","slug":"rooftop-climamaster-series-17-3-kw-mrc-hwn1-r-mrc-60hwn1-r-midea","status":"publish","type":"product","link":"https:\/\/geoclimate.ge\/az\/product\/rooftop-climamaster-series-17-3-kw-mrc-hwn1-r-mrc-60hwn1-r-midea\/","title":{"rendered":"Dam \u00fcst\u00fc kondisioner Dam\u00fcst\u00fc  ClimaMaster Seriyas\u0131 17.3 kVt 17.3 kW MRC-**HWN1-R  MRC-60HWN1-R  MIDEA"},"content":{"rendered":"","protected":false},"excerpt":{"rendered":"<h1>ClimaMaster Seriyas\u0131<\/h1>\n<p>M\u0259hsul x\u00fcsusiyy\u0259tl\u0259ri<\/p>\n<p>Soyutma v\u0259 \u0130stilik T\u0259min Edir<br \/>\nGeni\u015f Tutum Aral\u0131\u011f\u0131, Kompakt \u00d6l\u00e7\u00fc<br \/>\nDamda v\u0259 ya Yerd\u0259 Qura\u015fd\u0131rmaq \u00fc\u00e7\u00fcn Uy\u011fundur<br \/>\nEtibarl\u0131 S\u00fcr\u00fc\u015fm\u0259 Kompressoru<br \/>\nDavaml\u0131 Konstruksiya<br \/>\nSimli N\u0259zar\u0259t\u00e7i<br \/>\nYuyula bil\u0259n Filtr<br \/>\nEtibarl\u0131 \u018fm\u0259liyyat: Sabit \u0130\u015fl\u0259m\u0259ni T\u0259min Etm\u0259k \u00fc\u00e7\u00fcn Bird\u0259n \u00c7oxlu M\u00fchafiz\u0259 T\u0259tbiq Edir<\/p>\n","protected":false},"featured_media":43589,"template":"","meta":[],"product_brand":[],"product_cat":[2011],"product_tag":[],"class_list":{"0":"post-43594","1":"product","2":"type-product","3":"status-publish","4":"has-post-thumbnail","6":"product_cat-dam-ustu-kondisioner","8":"first","9":"instock","10":"shipping-taxable","11":"product-type-simple"},"yoast_head":"<!-- This site is optimized with the Yoast SEO plugin v27.1.1 - https:\/\/yoast.com\/product\/yoast-seo-wordpress\/ -->\n<title>Dam \u00fcst\u00fc kondisioner Dam\u00fcst\u00fc ClimaMaster Seriyas\u0131 17.3 kVt 17.3 kW MRC-**HWN1-R MRC-60HWN1-R MIDEA - GeoClimate.ge<\/title>\n<meta name=\"robots\" content=\"index, follow, max-snippet:-1, max-image-preview:large, max-video-preview:-1\" \/>\n<link rel=\"canonical\" href=\"https:\/\/geoclimate.ge\/az\/product\/rooftop-climamaster-series-17-3-kw-mrc-hwn1-r-mrc-60hwn1-r-midea\/\" \/>\n<meta property=\"og:locale\" content=\"az_AZ\" \/>\n<meta property=\"og:type\" content=\"article\" \/>\n<meta property=\"og:title\" content=\"Dam \u00fcst\u00fc kondisioner Dam\u00fcst\u00fc ClimaMaster Seriyas\u0131 17.3 kVt 17.3 kW MRC-**HWN1-R MRC-60HWN1-R MIDEA - GeoClimate.ge\" \/>\n<meta property=\"og:description\" content=\"ClimaMaster Seriyas\u0131 M\u0259hsul x\u00fcsusiyy\u0259tl\u0259ri  Soyutma v\u0259 \u0130stilik T\u0259min Edir Geni\u015f Tutum Aral\u0131\u011f\u0131, Kompakt \u00d6l\u00e7\u00fc Damda v\u0259 ya Yerd\u0259 Qura\u015fd\u0131rmaq \u00fc\u00e7\u00fcn Uy\u011fundur Etibarl\u0131 S\u00fcr\u00fc\u015fm\u0259 Kompressoru Davaml\u0131 Konstruksiya Simli N\u0259zar\u0259t\u00e7i Yuyula bil\u0259n Filtr Etibarl\u0131 \u018fm\u0259liyyat: Sabit \u0130\u015fl\u0259m\u0259ni T\u0259min Etm\u0259k \u00fc\u00e7\u00fcn Bird\u0259n \u00c7oxlu M\u00fchafiz\u0259 T\u0259tbiq Edir\" \/>\n<meta property=\"og:url\" content=\"https:\/\/geoclimate.ge\/az\/product\/rooftop-climamaster-series-17-3-kw-mrc-hwn1-r-mrc-60hwn1-r-midea\/\" \/>\n<meta property=\"og:site_name\" content=\"GeoClimate.ge\" \/>\n<meta property=\"article:modified_time\" content=\"2025-11-01T17:42:03+00:00\" \/>\n<meta property=\"og:image\" content=\"https:\/\/geoclimate.ge\/wp-content\/uploads\/2025\/11\/ROOFTOP-PACKAGE-Climamaster.webp\" \/>\n\t<meta property=\"og:image:width\" content=\"784\" \/>\n\t<meta property=\"og:image:height\" content=\"559\" \/>\n\t<meta property=\"og:image:type\" content=\"image\/webp\" \/>\n<meta name=\"twitter:card\" content=\"summary_large_image\" \/>\n<script type=\"application\/ld+json\" class=\"yoast-schema-graph\">{\"@context\":\"https:\/\/schema.org\",\"@graph\":[{\"@type\":\"WebPage\",\"@id\":\"https:\/\/geoclimate.ge\/az\/product\/rooftop-climamaster-series-17-3-kw-mrc-hwn1-r-mrc-60hwn1-r-midea\/\",\"url\":\"https:\/\/geoclimate.ge\/az\/product\/rooftop-climamaster-series-17-3-kw-mrc-hwn1-r-mrc-60hwn1-r-midea\/\",\"name\":\"Dam \u00fcst\u00fc kondisioner Dam\u00fcst\u00fc ClimaMaster Seriyas\u0131 17.3 kVt 17.3 kW MRC-**HWN1-R MRC-60HWN1-R MIDEA - GeoClimate.ge\",\"isPartOf\":{\"@id\":\"https:\/\/geoclimate.ge\/#website\"},\"primaryImageOfPage\":{\"@id\":\"https:\/\/geoclimate.ge\/az\/product\/rooftop-climamaster-series-17-3-kw-mrc-hwn1-r-mrc-60hwn1-r-midea\/#primaryimage\"},\"image\":{\"@id\":\"https:\/\/geoclimate.ge\/az\/product\/rooftop-climamaster-series-17-3-kw-mrc-hwn1-r-mrc-60hwn1-r-midea\/#primaryimage\"},\"thumbnailUrl\":\"https:\/\/geoclimate.ge\/wp-content\/uploads\/2025\/11\/ROOFTOP-PACKAGE-Climamaster.webp\",\"datePublished\":\"2025-11-01T17:33:34+00:00\",\"dateModified\":\"2025-11-01T17:42:03+00:00\",\"breadcrumb\":{\"@id\":\"https:\/\/geoclimate.ge\/az\/product\/rooftop-climamaster-series-17-3-kw-mrc-hwn1-r-mrc-60hwn1-r-midea\/#breadcrumb\"},\"inLanguage\":\"az\",\"potentialAction\":[{\"@type\":\"ReadAction\",\"target\":[\"https:\/\/geoclimate.ge\/az\/product\/rooftop-climamaster-series-17-3-kw-mrc-hwn1-r-mrc-60hwn1-r-midea\/\"]}]},{\"@type\":\"ImageObject\",\"inLanguage\":\"az\",\"@id\":\"https:\/\/geoclimate.ge\/az\/product\/rooftop-climamaster-series-17-3-kw-mrc-hwn1-r-mrc-60hwn1-r-midea\/#primaryimage\",\"url\":\"https:\/\/geoclimate.ge\/wp-content\/uploads\/2025\/11\/ROOFTOP-PACKAGE-Climamaster.webp\",\"contentUrl\":\"https:\/\/geoclimate.ge\/wp-content\/uploads\/2025\/11\/ROOFTOP-PACKAGE-Climamaster.webp\",\"width\":784,\"height\":559},{\"@type\":\"BreadcrumbList\",\"@id\":\"https:\/\/geoclimate.ge\/az\/product\/rooftop-climamaster-series-17-3-kw-mrc-hwn1-r-mrc-60hwn1-r-midea\/#breadcrumb\",\"itemListElement\":[{\"@type\":\"ListItem\",\"position\":1,\"name\":\"Home\",\"item\":\"https:\/\/geoclimate.ge\/az\/\"},{\"@type\":\"ListItem\",\"position\":2,\"name\":\"M\u0259hsullar\",\"item\":\"https:\/\/geoclimate.ge\/az\/products\/\"},{\"@type\":\"ListItem\",\"position\":3,\"name\":\"Dam \u00fcst\u00fc kondisioner Dam\u00fcst\u00fc ClimaMaster Seriyas\u0131 17.3 kVt 17.3 kW MRC-**HWN1-R MRC-60HWN1-R MIDEA\"}]},{\"@type\":\"WebSite\",\"@id\":\"https:\/\/geoclimate.ge\/#website\",\"url\":\"https:\/\/geoclimate.ge\/\",\"name\":\"GeoClimate\",\"description\":\"\",\"publisher\":{\"@id\":\"https:\/\/geoclimate.ge\/#organization\"},\"potentialAction\":[{\"@type\":\"SearchAction\",\"target\":{\"@type\":\"EntryPoint\",\"urlTemplate\":\"https:\/\/geoclimate.ge\/?s={search_term_string}\"},\"query-input\":{\"@type\":\"PropertyValueSpecification\",\"valueRequired\":true,\"valueName\":\"search_term_string\"}}],\"inLanguage\":\"az\"},{\"@type\":\"Organization\",\"@id\":\"https:\/\/geoclimate.ge\/#organization\",\"name\":\"GeoClimate\",\"url\":\"https:\/\/geoclimate.ge\/\",\"logo\":{\"@type\":\"ImageObject\",\"inLanguage\":\"az\",\"@id\":\"https:\/\/geoclimate.ge\/#\/schema\/logo\/image\/\",\"url\":\"https:\/\/geoclimate.ge\/wp-content\/uploads\/2026\/03\/geoclimate-SEO.png\",\"contentUrl\":\"https:\/\/geoclimate.ge\/wp-content\/uploads\/2026\/03\/geoclimate-SEO.png\",\"width\":1536,\"height\":1024,\"caption\":\"GeoClimate\"},\"image\":{\"@id\":\"https:\/\/geoclimate.ge\/#\/schema\/logo\/image\/\"}}]}<\/script>\n<!-- \/ Yoast SEO plugin. -->","yoast_head_json":{"title":"Dam \u00fcst\u00fc kondisioner Dam\u00fcst\u00fc ClimaMaster Seriyas\u0131 17.3 kVt 17.3 kW MRC-**HWN1-R MRC-60HWN1-R MIDEA - GeoClimate.ge","robots":{"index":"index","follow":"follow","max-snippet":"max-snippet:-1","max-image-preview":"max-image-preview:large","max-video-preview":"max-video-preview:-1"},"canonical":"https:\/\/geoclimate.ge\/az\/product\/rooftop-climamaster-series-17-3-kw-mrc-hwn1-r-mrc-60hwn1-r-midea\/","og_locale":"az_AZ","og_type":"article","og_title":"Dam \u00fcst\u00fc kondisioner Dam\u00fcst\u00fc ClimaMaster Seriyas\u0131 17.3 kVt 17.3 kW MRC-**HWN1-R MRC-60HWN1-R MIDEA - GeoClimate.ge","og_description":"ClimaMaster Seriyas\u0131 M\u0259hsul x\u00fcsusiyy\u0259tl\u0259ri  Soyutma v\u0259 \u0130stilik T\u0259min Edir Geni\u015f Tutum Aral\u0131\u011f\u0131, Kompakt \u00d6l\u00e7\u00fc Damda v\u0259 ya Yerd\u0259 Qura\u015fd\u0131rmaq \u00fc\u00e7\u00fcn Uy\u011fundur Etibarl\u0131 S\u00fcr\u00fc\u015fm\u0259 Kompressoru Davaml\u0131 Konstruksiya Simli N\u0259zar\u0259t\u00e7i Yuyula bil\u0259n Filtr Etibarl\u0131 \u018fm\u0259liyyat: Sabit \u0130\u015fl\u0259m\u0259ni T\u0259min Etm\u0259k \u00fc\u00e7\u00fcn Bird\u0259n \u00c7oxlu M\u00fchafiz\u0259 T\u0259tbiq Edir","og_url":"https:\/\/geoclimate.ge\/az\/product\/rooftop-climamaster-series-17-3-kw-mrc-hwn1-r-mrc-60hwn1-r-midea\/","og_site_name":"GeoClimate.ge","article_modified_time":"2025-11-01T17:42:03+00:00","og_image":[{"width":784,"height":559,"url":"https:\/\/geoclimate.ge\/wp-content\/uploads\/2025\/11\/ROOFTOP-PACKAGE-Climamaster.webp","type":"image\/webp"}],"twitter_card":"summary_large_image","schema":{"@context":"https:\/\/schema.org","@graph":[{"@type":"WebPage","@id":"https:\/\/geoclimate.ge\/az\/product\/rooftop-climamaster-series-17-3-kw-mrc-hwn1-r-mrc-60hwn1-r-midea\/","url":"https:\/\/geoclimate.ge\/az\/product\/rooftop-climamaster-series-17-3-kw-mrc-hwn1-r-mrc-60hwn1-r-midea\/","name":"Dam \u00fcst\u00fc kondisioner Dam\u00fcst\u00fc ClimaMaster Seriyas\u0131 17.3 kVt 17.3 kW MRC-**HWN1-R MRC-60HWN1-R MIDEA - GeoClimate.ge","isPartOf":{"@id":"https:\/\/geoclimate.ge\/#website"},"primaryImageOfPage":{"@id":"https:\/\/geoclimate.ge\/az\/product\/rooftop-climamaster-series-17-3-kw-mrc-hwn1-r-mrc-60hwn1-r-midea\/#primaryimage"},"image":{"@id":"https:\/\/geoclimate.ge\/az\/product\/rooftop-climamaster-series-17-3-kw-mrc-hwn1-r-mrc-60hwn1-r-midea\/#primaryimage"},"thumbnailUrl":"https:\/\/geoclimate.ge\/wp-content\/uploads\/2025\/11\/ROOFTOP-PACKAGE-Climamaster.webp","datePublished":"2025-11-01T17:33:34+00:00","dateModified":"2025-11-01T17:42:03+00:00","breadcrumb":{"@id":"https:\/\/geoclimate.ge\/az\/product\/rooftop-climamaster-series-17-3-kw-mrc-hwn1-r-mrc-60hwn1-r-midea\/#breadcrumb"},"inLanguage":"az","potentialAction":[{"@type":"ReadAction","target":["https:\/\/geoclimate.ge\/az\/product\/rooftop-climamaster-series-17-3-kw-mrc-hwn1-r-mrc-60hwn1-r-midea\/"]}]},{"@type":"ImageObject","inLanguage":"az","@id":"https:\/\/geoclimate.ge\/az\/product\/rooftop-climamaster-series-17-3-kw-mrc-hwn1-r-mrc-60hwn1-r-midea\/#primaryimage","url":"https:\/\/geoclimate.ge\/wp-content\/uploads\/2025\/11\/ROOFTOP-PACKAGE-Climamaster.webp","contentUrl":"https:\/\/geoclimate.ge\/wp-content\/uploads\/2025\/11\/ROOFTOP-PACKAGE-Climamaster.webp","width":784,"height":559},{"@type":"BreadcrumbList","@id":"https:\/\/geoclimate.ge\/az\/product\/rooftop-climamaster-series-17-3-kw-mrc-hwn1-r-mrc-60hwn1-r-midea\/#breadcrumb","itemListElement":[{"@type":"ListItem","position":1,"name":"Home","item":"https:\/\/geoclimate.ge\/az\/"},{"@type":"ListItem","position":2,"name":"M\u0259hsullar","item":"https:\/\/geoclimate.ge\/az\/products\/"},{"@type":"ListItem","position":3,"name":"Dam \u00fcst\u00fc kondisioner Dam\u00fcst\u00fc ClimaMaster Seriyas\u0131 17.3 kVt 17.3 kW MRC-**HWN1-R MRC-60HWN1-R MIDEA"}]},{"@type":"WebSite","@id":"https:\/\/geoclimate.ge\/#website","url":"https:\/\/geoclimate.ge\/","name":"GeoClimate","description":"","publisher":{"@id":"https:\/\/geoclimate.ge\/#organization"},"potentialAction":[{"@type":"SearchAction","target":{"@type":"EntryPoint","urlTemplate":"https:\/\/geoclimate.ge\/?s={search_term_string}"},"query-input":{"@type":"PropertyValueSpecification","valueRequired":true,"valueName":"search_term_string"}}],"inLanguage":"az"},{"@type":"Organization","@id":"https:\/\/geoclimate.ge\/#organization","name":"GeoClimate","url":"https:\/\/geoclimate.ge\/","logo":{"@type":"ImageObject","inLanguage":"az","@id":"https:\/\/geoclimate.ge\/#\/schema\/logo\/image\/","url":"https:\/\/geoclimate.ge\/wp-content\/uploads\/2026\/03\/geoclimate-SEO.png","contentUrl":"https:\/\/geoclimate.ge\/wp-content\/uploads\/2026\/03\/geoclimate-SEO.png","width":1536,"height":1024,"caption":"GeoClimate"},"image":{"@id":"https:\/\/geoclimate.ge\/#\/schema\/logo\/image\/"}}]}},"_links":{"self":[{"href":"https:\/\/geoclimate.ge\/az\/wp-json\/wp\/v2\/product\/43594","targetHints":{"allow":["GET"]}}],"collection":[{"href":"https:\/\/geoclimate.ge\/az\/wp-json\/wp\/v2\/product"}],"about":[{"href":"https:\/\/geoclimate.ge\/az\/wp-json\/wp\/v2\/types\/product"}],"wp:featuredmedia":[{"embeddable":true,"href":"https:\/\/geoclimate.ge\/az\/wp-json\/wp\/v2\/media\/43589"}],"wp:attachment":[{"href":"https:\/\/geoclimate.ge\/az\/wp-json\/wp\/v2\/media?parent=43594"}],"wp:term":[{"taxonomy":"product_brand","embeddable":true,"href":"https:\/\/geoclimate.ge\/az\/wp-json\/wp\/v2\/product_brand?post=43594"},{"taxonomy":"product_cat","embeddable":true,"href":"https:\/\/geoclimate.ge\/az\/wp-json\/wp\/v2\/product_cat?post=43594"},{"taxonomy":"product_tag","embeddable":true,"href":"https:\/\/geoclimate.ge\/az\/wp-json\/wp\/v2\/product_tag?post=43594"}],"curies":[{"name":"wp","href":"https:\/\/api.w.org\/{rel}","templated":true}]}}