{"id":43695,"date":"2024-02-05T02:27:09","date_gmt":"2024-02-04T22:27:09","guid":{"rendered":"https:\/\/airsystems.ge\/shop\/product\/master-consumables-pack-for-b-360-heater\/"},"modified":"2026-01-10T23:14:58","modified_gmt":"2026-01-10T19:14:58","slug":"master-consumables-pack-for-b-360-heater","status":"publish","type":"product","link":"https:\/\/geoclimate.ge\/az\/product\/master-consumables-pack-for-b-360-heater\/","title":{"rendered":"Master istehlak materiallar\u0131 paketi \u2013 B 360 q\u0131zd\u0131r\u0131c\u0131s\u0131 \u00fc\u00e7\u00fcn"},"content":{"rendered":"<div class=\"wpb-content-wrapper\"><p>[vc_row][vc_column]\n\t\t<div id=\"wd-65bcf1bc16dd0\" class=\"title-wrapper wd-wpb set-mb-s reset-last-child  wd-rs-65bcf1bc16dd0 wd-title-color-default wd-title-style-default text-center  wd-underline-colored\">\n\t\t\t\n\t\t\t<div class=\"liner-continer\">\n\t\t\t\t<h4 class=\"woodmart-title-container title  wd-font-weight- wd-fontsize-l\" >Accessory for<\/h4>\n\t\t\t\t\t\t\t<\/div>\n\t\t\t\n\t\t\t\n\t\t\t\n\t\t<\/div>\n\t\t\n\t\t[\/vc_column][\/vc_row][vc_row css=&#8221;.vc_custom_1705962969957{padding-bottom: 20px !important;}&#8221; woodmart_css_id=&#8221;65aeedd10b2d2&#8243; responsive_spacing=&#8221;eyJwYXJhbV90eXBlIjoid29vZG1hcnRfcmVzcG9uc2l2ZV9zcGFjaW5nIiwic2VsZWN0b3JfaWQiOiI2NWFlZWRkMTBiMmQyIiwic2hvcnRjb2RlIjoidmNfcm93IiwiZGF0YSI6eyJ0YWJsZXQiOnt9LCJtb2JpbGUiOnt9fX0=&#8221; mobile_bg_img_hidden=&#8221;no&#8221; tablet_bg_img_hidden=&#8221;no&#8221; woodmart_parallax=&#8221;0&#8243; woodmart_gradient_switch=&#8221;no&#8221; woodmart_box_shadow=&#8221;no&#8221; wd_z_index=&#8221;no&#8221; woodmart_disable_overflow=&#8221;0&#8243; row_reverse_mobile=&#8221;0&#8243; row_reverse_tablet=&#8221;0&#8243;][vc_column]<div class=\"woocommerce columns-4 \">\n<div class=\"products elements-grid wd-products-holder  wd-spacing-20 grid-columns-3 products-bordered-grid pagination-pagination align-items-start row\" data-source=\"main_loop\" data-min_price=\"\" data-max_price=\"\" data-columns=\"3\">\n<div class=\"product-grid-item wd-with-labels product wd-hover-icons  col-lg-4 col-md-4 col-6 first  type-product post-23479 status-publish instock product_cat-hava-qizdiricisi-kerosinli-dizel-yuksk-tzyiq has-post-thumbnail sale shipping-taxable purchasable product-type-simple\" data-loop=\"1\" data-id=\"23479\">\n\t\n\t<div class=\"product-wrapper\">\n\t<div class=\"product-element-top wd-quick-shop\">\n\t\t<a href=\"https:\/\/geoclimate.ge\/az\/product\/master-b-360-direct-oil-fired-heaters\/\" class=\"product-image-link\">\n\t\t\t<div class=\"product-labels labels-rounded\"><span class=\"onsale product-label\">-9%<\/span><\/div><img loading=\"lazy\" decoding=\"async\" width=\"430\" height=\"430\" src=\"https:\/\/geoclimate.ge\/wp-content\/uploads\/2024\/02\/Master-B-360-430x430.jpg\" class=\"attachment-woocommerce_thumbnail size-woocommerce_thumbnail\" alt=\"\" srcset=\"https:\/\/geoclimate.ge\/wp-content\/uploads\/2024\/02\/Master-B-360-430x430.jpg 430w, https:\/\/geoclimate.ge\/wp-content\/uploads\/2024\/02\/Master-B-360-300x300.jpg 300w, https:\/\/geoclimate.ge\/wp-content\/uploads\/2024\/02\/Master-B-360-800x800.jpg 800w, https:\/\/geoclimate.ge\/wp-content\/uploads\/2024\/02\/Master-B-360-150x150.jpg 150w, https:\/\/geoclimate.ge\/wp-content\/uploads\/2024\/02\/Master-B-360-768x768.jpg 768w, https:\/\/geoclimate.ge\/wp-content\/uploads\/2024\/02\/Master-B-360-860x860.jpg 860w, https:\/\/geoclimate.ge\/wp-content\/uploads\/2024\/02\/Master-B-360-700x700.jpg 700w, https:\/\/geoclimate.ge\/wp-content\/uploads\/2024\/02\/Master-B-360.jpg 1000w\" sizes=\"auto, (max-width: 430px) 100vw, 430px\" \/>\t\t<\/a>\n\n\t\t\t\t\t<div class=\"hover-img\">\n\t\t\t\t<a href=\"https:\/\/geoclimate.ge\/az\/product\/master-b-360-direct-oil-fired-heaters\/\">\n\t\t\t\t\t<img loading=\"lazy\" decoding=\"async\" width=\"430\" height=\"430\" src=\"https:\/\/geoclimate.ge\/wp-content\/uploads\/2024\/02\/Master-B-150-direct-oil-fired-air-heater_EN-430x430.jpg\" class=\"attachment-woocommerce_thumbnail size-woocommerce_thumbnail\" alt=\"\" srcset=\"https:\/\/geoclimate.ge\/wp-content\/uploads\/2024\/02\/Master-B-150-direct-oil-fired-air-heater_EN-430x430.jpg 430w, https:\/\/geoclimate.ge\/wp-content\/uploads\/2024\/02\/Master-B-150-direct-oil-fired-air-heater_EN-300x300.jpg 300w, https:\/\/geoclimate.ge\/wp-content\/uploads\/2024\/02\/Master-B-150-direct-oil-fired-air-heater_EN-800x800.jpg 800w, https:\/\/geoclimate.ge\/wp-content\/uploads\/2024\/02\/Master-B-150-direct-oil-fired-air-heater_EN-150x150.jpg 150w, https:\/\/geoclimate.ge\/wp-content\/uploads\/2024\/02\/Master-B-150-direct-oil-fired-air-heater_EN-768x768.jpg 768w, https:\/\/geoclimate.ge\/wp-content\/uploads\/2024\/02\/Master-B-150-direct-oil-fired-air-heater_EN-860x860.jpg 860w, https:\/\/geoclimate.ge\/wp-content\/uploads\/2024\/02\/Master-B-150-direct-oil-fired-air-heater_EN-700x700.jpg 700w, https:\/\/geoclimate.ge\/wp-content\/uploads\/2024\/02\/Master-B-150-direct-oil-fired-air-heater_EN.jpg 1000w\" sizes=\"auto, (max-width: 430px) 100vw, 430px\" \/>\t\t\t\t<\/a>\n\t\t\t<\/div>\n\t\t\t\n\t\t<div class=\"wrapp-buttons\">\n\t\t\t<div class=\"wd-buttons\">\n\t\t\t\t<div class=\"wd-add-btn wd-action-btn wd-style-icon wd-add-cart-icon\"><\/div>\n\t\t\t\t\t\t\t\t\t\t\t\t\t\t\t\t\t\t\t\t\t\t\t<\/div> \n\t\t<\/div>\n\t<\/div>\n\t\t\t\t\t<h3 class=\"wd-entities-title\"><a href=\"https:\/\/geoclimate.ge\/az\/product\/master-b-360-direct-oil-fired-heaters\/\">Master B 360 \u2013 birba\u015fa ya\u011fla i\u015fl\u0259y\u0259n q\u0131zd\u0131r\u0131c\u0131lar<\/a><\/h3>\t\t\t\t<div class=\"wd-product-cats\">\n\t\t\t<a href=\"https:\/\/geoclimate.ge\/az\/product-category\/hava-n%c9%99ml%c9%99ndiricisi-kondisioner-az-ventilyasiya-ventilyator\/kolorifer-qizdirici-istilik-az\/hava-qizdiricisi-kerosinli-dizel-yuks%c9%99k-t%c9%99zyiq\/\" rel=\"tag\">Dizel kerosinli hava q\u0131zd\u0131r\u0131c\u0131s\u0131 \u2013 y\u00fcks\u0259k t\u0259zyiq<\/a>\t\t<\/div>\n\t\t\t\t\t\t\n\t<span class=\"price\"><del aria-hidden=\"true\"><span class=\"woocommerce-Price-amount amount\"><bdi>10612,00&nbsp;<span class=\"woocommerce-Price-currencySymbol\">&#x20be;<\/span><\/bdi><\/span><\/del> <span class=\"screen-reader-text\">Original price was: 10612,00&nbsp;&#x20be;.<\/span><ins aria-hidden=\"true\"><span class=\"woocommerce-Price-amount amount\"><bdi>9638,00&nbsp;<span class=\"woocommerce-Price-currencySymbol\">&#x20be;<\/span><\/bdi><\/span><\/ins><span class=\"screen-reader-text\">Current price is: 9638,00&nbsp;&#x20be;.<\/span><\/span>\n\n\t\t\n\t\t\n\t\t\t<\/div>\n<\/div>\n<\/div><\/div>[\/vc_column][\/vc_row]<\/p>\n<\/div>","protected":false},"excerpt":{"rendered":"<div class=\"mt-6 prose\">\n<div class=\"mt-6 prose\">\n<div class=\"mt-6 prose\">\n<div class=\"mt-6 prose\">\n<p>Daxil olan m\u0259hsullar:<\/p>\n<p>Naz\u0131l<br \/>\nElektrod<br \/>\nDanfoss yanacaq nasosu filtri<br \/>\nYanacaq filtri elementi<br \/>\nYanacaq filtri yuyucular\u0131 d\u0259sti<\/p>\n<\/div>\n<\/div>\n<\/div>\n<\/div>\n","protected":false},"featured_media":21061,"template":"","meta":[],"product_brand":[],"product_cat":[970],"product_tag":[],"class_list":{"0":"post-43695","1":"product","2":"type-product","3":"status-publish","4":"has-post-thumbnail","6":"product_cat-accessories-and-consumables-az-2","8":"first","9":"instock","10":"shipping-taxable","11":"purchasable","12":"product-type-simple"},"yoast_head":"<!-- This site is optimized with the Yoast SEO plugin v27.1.1 - https:\/\/yoast.com\/product\/yoast-seo-wordpress\/ -->\n<title>Master istehlak materiallar\u0131 paketi \u2013 B 360 q\u0131zd\u0131r\u0131c\u0131s\u0131 \u00fc\u00e7\u00fcn - GeoClimate.ge<\/title>\n<meta name=\"robots\" content=\"index, follow, max-snippet:-1, max-image-preview:large, max-video-preview:-1\" \/>\n<link rel=\"canonical\" href=\"https:\/\/geoclimate.ge\/az\/product\/master-consumables-pack-for-b-360-heater\/\" \/>\n<meta property=\"og:locale\" content=\"az_AZ\" \/>\n<meta property=\"og:type\" content=\"article\" \/>\n<meta property=\"og:title\" content=\"Master istehlak materiallar\u0131 paketi \u2013 B 360 q\u0131zd\u0131r\u0131c\u0131s\u0131 \u00fc\u00e7\u00fcn - GeoClimate.ge\" \/>\n<meta property=\"og:description\" content=\"Daxil olan m\u0259hsullar:  Naz\u0131l Elektrod Danfoss yanacaq nasosu filtri Yanacaq filtri elementi Yanacaq filtri yuyucular\u0131 d\u0259sti\" \/>\n<meta property=\"og:url\" content=\"https:\/\/geoclimate.ge\/az\/product\/master-consumables-pack-for-b-360-heater\/\" \/>\n<meta property=\"og:site_name\" content=\"GeoClimate.ge\" \/>\n<meta property=\"article:modified_time\" content=\"2026-01-10T19:14:58+00:00\" \/>\n<meta property=\"og:image\" content=\"https:\/\/geoclimate.ge\/wp-content\/uploads\/2024\/02\/Master-Consumables-pack-B-230-4519.007.jpg\" \/>\n\t<meta property=\"og:image:width\" content=\"1000\" \/>\n\t<meta property=\"og:image:height\" content=\"1000\" \/>\n\t<meta property=\"og:image:type\" content=\"image\/jpeg\" \/>\n<meta name=\"twitter:card\" content=\"summary_large_image\" \/>\n<meta name=\"twitter:label1\" content=\"Est. reading time\" \/>\n\t<meta name=\"twitter:data1\" content=\"1 minute\" \/>\n<script type=\"application\/ld+json\" class=\"yoast-schema-graph\">{\"@context\":\"https:\/\/schema.org\",\"@graph\":[{\"@type\":\"WebPage\",\"@id\":\"https:\/\/geoclimate.ge\/az\/product\/master-consumables-pack-for-b-360-heater\/\",\"url\":\"https:\/\/geoclimate.ge\/az\/product\/master-consumables-pack-for-b-360-heater\/\",\"name\":\"Master istehlak materiallar\u0131 paketi \u2013 B 360 q\u0131zd\u0131r\u0131c\u0131s\u0131 \u00fc\u00e7\u00fcn - GeoClimate.ge\",\"isPartOf\":{\"@id\":\"https:\/\/geoclimate.ge\/#website\"},\"primaryImageOfPage\":{\"@id\":\"https:\/\/geoclimate.ge\/az\/product\/master-consumables-pack-for-b-360-heater\/#primaryimage\"},\"image\":{\"@id\":\"https:\/\/geoclimate.ge\/az\/product\/master-consumables-pack-for-b-360-heater\/#primaryimage\"},\"thumbnailUrl\":\"https:\/\/geoclimate.ge\/wp-content\/uploads\/2024\/02\/Master-Consumables-pack-B-230-4519.007.jpg\",\"datePublished\":\"2024-02-04T22:27:09+00:00\",\"dateModified\":\"2026-01-10T19:14:58+00:00\",\"breadcrumb\":{\"@id\":\"https:\/\/geoclimate.ge\/az\/product\/master-consumables-pack-for-b-360-heater\/#breadcrumb\"},\"inLanguage\":\"az\",\"potentialAction\":[{\"@type\":\"ReadAction\",\"target\":[\"https:\/\/geoclimate.ge\/az\/product\/master-consumables-pack-for-b-360-heater\/\"]}]},{\"@type\":\"ImageObject\",\"inLanguage\":\"az\",\"@id\":\"https:\/\/geoclimate.ge\/az\/product\/master-consumables-pack-for-b-360-heater\/#primaryimage\",\"url\":\"https:\/\/geoclimate.ge\/wp-content\/uploads\/2024\/02\/Master-Consumables-pack-B-230-4519.007.jpg\",\"contentUrl\":\"https:\/\/geoclimate.ge\/wp-content\/uploads\/2024\/02\/Master-Consumables-pack-B-230-4519.007.jpg\",\"width\":1000,\"height\":1000},{\"@type\":\"BreadcrumbList\",\"@id\":\"https:\/\/geoclimate.ge\/az\/product\/master-consumables-pack-for-b-360-heater\/#breadcrumb\",\"itemListElement\":[{\"@type\":\"ListItem\",\"position\":1,\"name\":\"Home\",\"item\":\"https:\/\/geoclimate.ge\/az\/\"},{\"@type\":\"ListItem\",\"position\":2,\"name\":\"M\u0259hsullar\",\"item\":\"https:\/\/geoclimate.ge\/az\/products\/\"},{\"@type\":\"ListItem\",\"position\":3,\"name\":\"Master istehlak materiallar\u0131 paketi \u2013 B 360 q\u0131zd\u0131r\u0131c\u0131s\u0131 \u00fc\u00e7\u00fcn\"}]},{\"@type\":\"WebSite\",\"@id\":\"https:\/\/geoclimate.ge\/#website\",\"url\":\"https:\/\/geoclimate.ge\/\",\"name\":\"GeoClimate\",\"description\":\"\",\"publisher\":{\"@id\":\"https:\/\/geoclimate.ge\/#organization\"},\"potentialAction\":[{\"@type\":\"SearchAction\",\"target\":{\"@type\":\"EntryPoint\",\"urlTemplate\":\"https:\/\/geoclimate.ge\/?s={search_term_string}\"},\"query-input\":{\"@type\":\"PropertyValueSpecification\",\"valueRequired\":true,\"valueName\":\"search_term_string\"}}],\"inLanguage\":\"az\"},{\"@type\":\"Organization\",\"@id\":\"https:\/\/geoclimate.ge\/#organization\",\"name\":\"GeoClimate\",\"url\":\"https:\/\/geoclimate.ge\/\",\"logo\":{\"@type\":\"ImageObject\",\"inLanguage\":\"az\",\"@id\":\"https:\/\/geoclimate.ge\/#\/schema\/logo\/image\/\",\"url\":\"https:\/\/geoclimate.ge\/wp-content\/uploads\/2026\/03\/geoclimate-SEO.png\",\"contentUrl\":\"https:\/\/geoclimate.ge\/wp-content\/uploads\/2026\/03\/geoclimate-SEO.png\",\"width\":1536,\"height\":1024,\"caption\":\"GeoClimate\"},\"image\":{\"@id\":\"https:\/\/geoclimate.ge\/#\/schema\/logo\/image\/\"}}]}<\/script>\n<!-- \/ Yoast SEO plugin. -->","yoast_head_json":{"title":"Master istehlak materiallar\u0131 paketi \u2013 B 360 q\u0131zd\u0131r\u0131c\u0131s\u0131 \u00fc\u00e7\u00fcn - GeoClimate.ge","robots":{"index":"index","follow":"follow","max-snippet":"max-snippet:-1","max-image-preview":"max-image-preview:large","max-video-preview":"max-video-preview:-1"},"canonical":"https:\/\/geoclimate.ge\/az\/product\/master-consumables-pack-for-b-360-heater\/","og_locale":"az_AZ","og_type":"article","og_title":"Master istehlak materiallar\u0131 paketi \u2013 B 360 q\u0131zd\u0131r\u0131c\u0131s\u0131 \u00fc\u00e7\u00fcn - GeoClimate.ge","og_description":"Daxil olan m\u0259hsullar:  Naz\u0131l Elektrod Danfoss yanacaq nasosu filtri Yanacaq filtri elementi Yanacaq filtri yuyucular\u0131 d\u0259sti","og_url":"https:\/\/geoclimate.ge\/az\/product\/master-consumables-pack-for-b-360-heater\/","og_site_name":"GeoClimate.ge","article_modified_time":"2026-01-10T19:14:58+00:00","og_image":[{"width":1000,"height":1000,"url":"https:\/\/geoclimate.ge\/wp-content\/uploads\/2024\/02\/Master-Consumables-pack-B-230-4519.007.jpg","type":"image\/jpeg"}],"twitter_card":"summary_large_image","twitter_misc":{"Est. reading time":"1 minute"},"schema":{"@context":"https:\/\/schema.org","@graph":[{"@type":"WebPage","@id":"https:\/\/geoclimate.ge\/az\/product\/master-consumables-pack-for-b-360-heater\/","url":"https:\/\/geoclimate.ge\/az\/product\/master-consumables-pack-for-b-360-heater\/","name":"Master istehlak materiallar\u0131 paketi \u2013 B 360 q\u0131zd\u0131r\u0131c\u0131s\u0131 \u00fc\u00e7\u00fcn - GeoClimate.ge","isPartOf":{"@id":"https:\/\/geoclimate.ge\/#website"},"primaryImageOfPage":{"@id":"https:\/\/geoclimate.ge\/az\/product\/master-consumables-pack-for-b-360-heater\/#primaryimage"},"image":{"@id":"https:\/\/geoclimate.ge\/az\/product\/master-consumables-pack-for-b-360-heater\/#primaryimage"},"thumbnailUrl":"https:\/\/geoclimate.ge\/wp-content\/uploads\/2024\/02\/Master-Consumables-pack-B-230-4519.007.jpg","datePublished":"2024-02-04T22:27:09+00:00","dateModified":"2026-01-10T19:14:58+00:00","breadcrumb":{"@id":"https:\/\/geoclimate.ge\/az\/product\/master-consumables-pack-for-b-360-heater\/#breadcrumb"},"inLanguage":"az","potentialAction":[{"@type":"ReadAction","target":["https:\/\/geoclimate.ge\/az\/product\/master-consumables-pack-for-b-360-heater\/"]}]},{"@type":"ImageObject","inLanguage":"az","@id":"https:\/\/geoclimate.ge\/az\/product\/master-consumables-pack-for-b-360-heater\/#primaryimage","url":"https:\/\/geoclimate.ge\/wp-content\/uploads\/2024\/02\/Master-Consumables-pack-B-230-4519.007.jpg","contentUrl":"https:\/\/geoclimate.ge\/wp-content\/uploads\/2024\/02\/Master-Consumables-pack-B-230-4519.007.jpg","width":1000,"height":1000},{"@type":"BreadcrumbList","@id":"https:\/\/geoclimate.ge\/az\/product\/master-consumables-pack-for-b-360-heater\/#breadcrumb","itemListElement":[{"@type":"ListItem","position":1,"name":"Home","item":"https:\/\/geoclimate.ge\/az\/"},{"@type":"ListItem","position":2,"name":"M\u0259hsullar","item":"https:\/\/geoclimate.ge\/az\/products\/"},{"@type":"ListItem","position":3,"name":"Master istehlak materiallar\u0131 paketi \u2013 B 360 q\u0131zd\u0131r\u0131c\u0131s\u0131 \u00fc\u00e7\u00fcn"}]},{"@type":"WebSite","@id":"https:\/\/geoclimate.ge\/#website","url":"https:\/\/geoclimate.ge\/","name":"GeoClimate","description":"","publisher":{"@id":"https:\/\/geoclimate.ge\/#organization"},"potentialAction":[{"@type":"SearchAction","target":{"@type":"EntryPoint","urlTemplate":"https:\/\/geoclimate.ge\/?s={search_term_string}"},"query-input":{"@type":"PropertyValueSpecification","valueRequired":true,"valueName":"search_term_string"}}],"inLanguage":"az"},{"@type":"Organization","@id":"https:\/\/geoclimate.ge\/#organization","name":"GeoClimate","url":"https:\/\/geoclimate.ge\/","logo":{"@type":"ImageObject","inLanguage":"az","@id":"https:\/\/geoclimate.ge\/#\/schema\/logo\/image\/","url":"https:\/\/geoclimate.ge\/wp-content\/uploads\/2026\/03\/geoclimate-SEO.png","contentUrl":"https:\/\/geoclimate.ge\/wp-content\/uploads\/2026\/03\/geoclimate-SEO.png","width":1536,"height":1024,"caption":"GeoClimate"},"image":{"@id":"https:\/\/geoclimate.ge\/#\/schema\/logo\/image\/"}}]}},"_links":{"self":[{"href":"https:\/\/geoclimate.ge\/az\/wp-json\/wp\/v2\/product\/43695","targetHints":{"allow":["GET"]}}],"collection":[{"href":"https:\/\/geoclimate.ge\/az\/wp-json\/wp\/v2\/product"}],"about":[{"href":"https:\/\/geoclimate.ge\/az\/wp-json\/wp\/v2\/types\/product"}],"wp:featuredmedia":[{"embeddable":true,"href":"https:\/\/geoclimate.ge\/az\/wp-json\/wp\/v2\/media\/21061"}],"wp:attachment":[{"href":"https:\/\/geoclimate.ge\/az\/wp-json\/wp\/v2\/media?parent=43695"}],"wp:term":[{"taxonomy":"product_brand","embeddable":true,"href":"https:\/\/geoclimate.ge\/az\/wp-json\/wp\/v2\/product_brand?post=43695"},{"taxonomy":"product_cat","embeddable":true,"href":"https:\/\/geoclimate.ge\/az\/wp-json\/wp\/v2\/product_cat?post=43695"},{"taxonomy":"product_tag","embeddable":true,"href":"https:\/\/geoclimate.ge\/az\/wp-json\/wp\/v2\/product_tag?post=43695"}],"curies":[{"name":"wp","href":"https:\/\/api.w.org\/{rel}","templated":true}]}}