{"id":44047,"date":"2026-01-17T14:22:40","date_gmt":"2026-01-17T10:22:40","guid":{"rendered":"https:\/\/airsystems.ge\/shop\/product\/uv-torchlight-6f\/"},"modified":"2026-01-17T14:36:59","modified_gmt":"2026-01-17T10:36:59","slug":"uv-torchlight-6f","status":"publish","type":"product","link":"https:\/\/geoclimate.ge\/az\/product\/uv-torchlight-6f\/","title":{"rendered":"UV f\u0259n\u0259ri 6F 12 y\u00fcks\u0259k performansl\u0131 LED v\u0259 365 nanometrlik UV dal\u011fa spektrin\u0259 malik kompakt UV LED f\u0259n\u0259r"},"content":{"rendered":"<div class=\"flex justify-end items-end md:justify-between mt-10 mb-5 md:mt-0 md:mb-8 font-bold\">\n<table id=\"t16657d0785d15e\" class=\"tech\" cellspacing=\"0\" cellpadding=\"0\">\n<thead>\n<tr class=\"titlerow\">\n<th class=\"color\" colspan=\"3\">Technical data<\/th>\n<\/tr>\n<\/thead>\n<tbody>\n<tr class=\"headerrow\">\n<th colspan=\"3\">General information<\/th>\n<\/tr>\n<tr class=\"odd\">\n<th width=\"30%\"><\/th>\n<th width=\"30%\">Article number<\/th>\n<td width=\"40%\">3.510.011.004<\/td>\n<\/tr>\n<tr class=\"headerrow\">\n<th colspan=\"3\">UV lamps<\/th>\n<\/tr>\n<tr class=\"odd\">\n<th width=\"30%\"><\/th>\n<th width=\"30%\">Wavelength<\/th>\n<td width=\"40%\">UV-A, Peak bis 365 nm<\/td>\n<\/tr>\n<tr class=\"even\">\n<th width=\"30%\"><\/th>\n<th width=\"30%\">Radiation intensity (at a distance of 38 cm) \u2013 radiation cone M, \u00d8 100\u00a0mm<\/th>\n<td width=\"40%\">2.100 \u00b5W\/cm\u00b2<\/td>\n<\/tr>\n<tr class=\"odd\">\n<th width=\"30%\"><\/th>\n<th width=\"30%\">Start-up time<\/th>\n<td width=\"40%\">&lt; 1 s<\/td>\n<\/tr>\n<tr class=\"even\">\n<th width=\"30%\"><\/th>\n<th width=\"30%\">Lamp type<\/th>\n<td width=\"40%\">12 x LED, ca.1 W<\/td>\n<\/tr>\n<tr class=\"headerrow\">\n<th colspan=\"3\">Device control<\/th>\n<\/tr>\n<tr class=\"odd\">\n<th width=\"30%\"><\/th>\n<th width=\"30%\">Push buttons<\/th>\n<td width=\"40%\"><\/td>\n<\/tr>\n<tr class=\"headerrow\">\n<th colspan=\"3\">Housing design<\/th>\n<\/tr>\n<tr class=\"odd\">\n<th width=\"30%\"><\/th>\n<th width=\"30%\">Aluminium<\/th>\n<td width=\"40%\"><\/td>\n<\/tr>\n<tr class=\"headerrow\">\n<th colspan=\"3\">Type of protection<\/th>\n<\/tr>\n<tr class=\"odd\">\n<th width=\"30%\"><\/th>\n<th width=\"30%\">IP65<\/th>\n<td width=\"40%\"><\/td>\n<\/tr>\n<tr class=\"headerrow\">\n<th colspan=\"3\">Operating time<\/th>\n<\/tr>\n<tr class=\"odd\">\n<th width=\"30%\"><\/th>\n<th width=\"30%\">Up to 5\u00a0h<\/th>\n<td width=\"40%\"><\/td>\n<\/tr>\n<tr class=\"headerrow\">\n<th colspan=\"3\">Power supply<\/th>\n<\/tr>\n<tr class=\"odd\">\n<th width=\"30%\"><\/th>\n<th width=\"30%\">Internal (battery)<\/th>\n<td width=\"40%\">3 x 1,5 V, AAA<\/td>\n<\/tr>\n<tr class=\"headerrow\">\n<th colspan=\"3\">Dimensions<\/th>\n<\/tr>\n<tr class=\"odd\">\n<th width=\"30%\"><\/th>\n<th width=\"30%\">Length (packaging excluded) [mm]<\/th>\n<td width=\"40%\">96.5<\/td>\n<\/tr>\n<tr class=\"even\">\n<th width=\"30%\"><\/th>\n<th width=\"30%\">Diameter (packaging excluded) [mm]<\/th>\n<td width=\"40%\">29.5<\/td>\n<\/tr>\n<tr class=\"headerrow\">\n<th colspan=\"3\">Weight<\/th>\n<\/tr>\n<tr class=\"odd\">\n<th width=\"30%\"><\/th>\n<th width=\"30%\">(packaging excluded) [kg]<\/th>\n<td width=\"40%\">0.057<\/td>\n<\/tr>\n<\/tbody>\n<thead>\n<tr class=\"titlerow\">\n<th class=\"color\" colspan=\"3\">Standard scope of delivery<\/th>\n<\/tr>\n<\/thead>\n<tbody>\n<tr class=\"headerrow\">\n<th colspan=\"3\">Standard scope of delivery<\/th>\n<\/tr>\n<tr class=\"odd\">\n<th width=\"30%\"><\/th>\n<th width=\"30%\">Torch<\/th>\n<td width=\"40%\"><\/td>\n<\/tr>\n<tr class=\"even\">\n<th width=\"30%\"><\/th>\n<th width=\"30%\">Operating manual<\/th>\n<td width=\"40%\"><\/td>\n<\/tr>\n<\/tbody>\n<\/table>\n<\/div>\n<p><a class=\"content-tab-shop-image\" href=\"https:\/\/uk.trotec.com\/fileadmin\/downloads\/Leckageortung\/UV_Torchlight_6F\/TRT-KA-UV-Torchlight_6F-TC-002-INT.pdf\" target=\"_blank\" rel=\"noopener\"><img loading=\"lazy\" decoding=\"async\" class=\"unveil\" src=\"https:\/\/uk.trotec.com\/images\/quick-guide-uv-torchlight-6f-int-tx-downloads-a42e.gif\" alt=\"Quick guide UV-Torchlight 6F (INT)\" width=\"130\" height=\"98\" data-src=\"images\/quick-guide-uv-torchlight-6f-int-tx-downloads-a42e.gif\" \/><\/a><\/p>\n<div class=\"content-tab-shop-text\">\n<h2><a href=\"https:\/\/uk.trotec.com\/fileadmin\/downloads\/Leckageortung\/UV_Torchlight_6F\/TRT-KA-UV-Torchlight_6F-TC-002-INT.pdf\" target=\"_blank\" rel=\"noopener\">Quick guide UV-Torchlight 6F (INT)<\/a><\/h2>\n<p class=\"bodytext\">TRT-KA-UV-Torchlight_6F-TC-002-INT.pdf\u00a0(1.11 MB)<\/p>\n<p class=\"bodytext\"><a class=\"buy buy-left\" href=\"https:\/\/uk.trotec.com\/fileadmin\/downloads\/Leckageortung\/UV_Torchlight_6F\/TRT-KA-UV-Torchlight_6F-TC-002-INT.pdf\" target=\"_blank\" rel=\"noopener\">Download<\/a><\/p>\n<p>&nbsp;<\/p>\n<div class=\"listelement odd clearfix\">\n<div class=\"content-tab-shop-text\"><a class=\"content-tab-shop-image\" href=\"https:\/\/uk.trotec.com\/fileadmin\/downloads\/Leckageortung\/UV_Torchlight_6F\/TRT-BA-UV-Torchlight_6F_TC-002-EN.pdf\" target=\"_blank\" rel=\"noopener\"><img loading=\"lazy\" decoding=\"async\" class=\"unveil\" src=\"https:\/\/uk.trotec.com\/images\/operating-manual-uv-torchlight-6f-en-tx-downloads-4e40.gif\" alt=\"Operating manual UV-Torchlight 6F (EN)\" width=\"130\" height=\"98\" data-src=\"images\/operating-manual-uv-torchlight-6f-en-tx-downloads-4e40.gif\" \/><\/a><\/div>\n<\/div>\n<div class=\"listelement even clearfix\">\n<div class=\"content-tab-shop-text\">\n<h2><a href=\"https:\/\/uk.trotec.com\/fileadmin\/downloads\/Leckageortung\/UV_Torchlight_6F\/TRT-BA-UV-Torchlight_6F_TC-002-EN.pdf\" target=\"_blank\" rel=\"noopener\">Operating manual UV-Torchlight 6F (EN)<\/a><\/h2>\n<p class=\"bodytext\">TRT-BA-UV-Torchlight_6F_TC-002-EN.pdf\u00a0(3.07 MB)<\/p>\n<p class=\"bodytext\"><a class=\"buy buy-left\" href=\"https:\/\/uk.trotec.com\/fileadmin\/downloads\/Leckageortung\/UV_Torchlight_6F\/TRT-BA-UV-Torchlight_6F_TC-002-EN.pdf\" target=\"_blank\" rel=\"noopener\">Download<\/a><\/p>\n<\/div>\n<\/div>\n<\/div>\n","protected":false},"excerpt":{"rendered":"<div class=\"csc-header csc-header-n1\">\n<h2 class=\"csc-firstHeader\">UV-F\u0259n\u0259r 6F \u2013 tam olaraq dal\u011fa uzunlu\u011funa uy\u011fundur!<\/h2>\n<\/div>\n<p>Geoke\u015finq v\u0259 dig\u0259r t\u0259tbiql\u0259r \u00fc\u00e7\u00fcn m\u00f6hk\u0259m bir UV f\u0259n\u0259ri axtar\u0131rs\u0131n\u0131z? Onda UV-F\u0259n\u0259r 6F tam olaraq dal\u011fa uzunlu\u011funa uy\u011fundur!<\/p>\n<p>Says\u0131z-hesabs\u0131z UV f\u0259n\u0259r n\u00f6vl\u0259ri var &#8211; v\u0259 onlar\u0131n bir \u00e7oxu ilk bax\u0131\u015fdan ox\u015far g\u00f6r\u00fcn\u00fcr, bu da m\u00fcqayis\u0259ni daha da \u00e7\u0259tinl\u0259\u015fdirir. Buna g\u00f6r\u0259 d\u0259, emal keyfiyy\u0259tin\u0259 v\u0259 t\u0259tbiq ehtiyaclar\u0131n\u0131z \u00fc\u00e7\u00fcn d\u00fczg\u00fcn dal\u011fa uzunlu\u011funa diqq\u0259t yetirin.<\/p>\n<p>UV diapazonunda 380 nanometr g\u00f6r\u00fcn\u0259n i\u015f\u0131\u011fa s\u0259rh\u0259di t\u0259msil edir. Bel\u0259likl\u0259, 390 il\u0259 410 nm aras\u0131nda olan UV f\u0259n\u0259rl\u0259ri g\u00f6r\u00fcn\u0259n i\u015f\u0131\u011f\u0131n \u00e7ox y\u00fcks\u0259k nisb\u0259tini v\u0259 yaln\u0131z az miqdarda UV i\u015f\u0131\u011f\u0131n\u0131 ehtiva edir ki, bu da fl\u00fcoresan madd\u0259l\u0259rin i\u015f\u0131q h\u0259y\u0259canlanmas\u0131 \u00fc\u00e7\u00fcn h\u0259lledicidir.<\/p>\n<p>365 nm maksimum h\u0259y\u0259can dal\u011fa uzunlu\u011funa malik UV-Torchlight 6F ultra inc\u0259 UB \u015f\u00fcalanma diapazonundad\u0131r v\u0259 bel\u0259likl\u0259, bir \u00e7ox \u00fcmumi idar\u0259etm\u0259 t\u0259tbiql\u0259rind\u0259, el\u0259c\u0259 d\u0259 geoke\u015finq istifad\u0259sind\u0259 istifad\u0259y\u0259 imkan verir. UV-Torchlight 6F h\u0259m\u00e7inin olduqca kompakt v\u0259 m\u00f6hk\u0259m oldu\u011fundan, maksimum mobil t\u0259tbiq \u00e7evikliyin\u0259 v\u0259 optimal d\u0259y\u0259r-keyfiyy\u0259t nisb\u0259tin\u0259 malik UV-A f\u0259n\u0259ri axtaran b\u00fct\u00fcn istifad\u0259\u00e7il\u0259r \u00fc\u00e7\u00fcn ilk se\u00e7imdir.<\/p>\n","protected":false},"featured_media":43988,"template":"","meta":[],"product_brand":[],"product_cat":[1004,820,817],"product_tag":[],"class_list":{"0":"post-44047","1":"product","2":"type-product","3":"status-publish","4":"has-post-thumbnail","6":"product_cat-leak-detection-az","7":"product_cat-olcm-texnologiyasi-cihazlari-altlri-az","8":"product_cat-trotec-az","10":"first","11":"instock","12":"shipping-taxable","13":"purchasable","14":"product-type-simple"},"yoast_head":"<!-- This site is optimized with the Yoast SEO plugin v27.1.1 - https:\/\/yoast.com\/product\/yoast-seo-wordpress\/ -->\n<title>UV f\u0259n\u0259ri 6F 12 y\u00fcks\u0259k performansl\u0131 LED v\u0259 365 nanometrlik UV dal\u011fa spektrin\u0259 malik kompakt UV LED f\u0259n\u0259r - GeoClimate.ge<\/title>\n<meta name=\"robots\" content=\"index, follow, max-snippet:-1, max-image-preview:large, max-video-preview:-1\" \/>\n<link rel=\"canonical\" href=\"https:\/\/geoclimate.ge\/az\/product\/uv-torchlight-6f\/\" \/>\n<meta property=\"og:locale\" content=\"az_AZ\" \/>\n<meta property=\"og:type\" content=\"article\" \/>\n<meta property=\"og:title\" content=\"UV f\u0259n\u0259ri 6F 12 y\u00fcks\u0259k performansl\u0131 LED v\u0259 365 nanometrlik UV dal\u011fa spektrin\u0259 malik kompakt UV LED f\u0259n\u0259r - GeoClimate.ge\" \/>\n<meta property=\"og:description\" content=\"UV-F\u0259n\u0259r 6F \u2013 tam olaraq dal\u011fa uzunlu\u011funa uy\u011fundur!  Geoke\u015finq v\u0259 dig\u0259r t\u0259tbiql\u0259r \u00fc\u00e7\u00fcn m\u00f6hk\u0259m bir UV f\u0259n\u0259ri axtar\u0131rs\u0131n\u0131z? Onda UV-F\u0259n\u0259r 6F tam olaraq dal\u011fa uzunlu\u011funa uy\u011fundur!  Says\u0131z-hesabs\u0131z UV f\u0259n\u0259r n\u00f6vl\u0259ri var - v\u0259 onlar\u0131n bir \u00e7oxu ilk bax\u0131\u015fdan ox\u015far g\u00f6r\u00fcn\u00fcr, bu da m\u00fcqayis\u0259ni daha da \u00e7\u0259tinl\u0259\u015fdirir. Buna g\u00f6r\u0259 d\u0259, emal keyfiyy\u0259tin\u0259 v\u0259 t\u0259tbiq ehtiyaclar\u0131n\u0131z \u00fc\u00e7\u00fcn d\u00fczg\u00fcn dal\u011fa uzunlu\u011funa diqq\u0259t yetirin.  UV diapazonunda 380 nanometr g\u00f6r\u00fcn\u0259n i\u015f\u0131\u011fa s\u0259rh\u0259di t\u0259msil edir. Bel\u0259likl\u0259, 390 il\u0259 410 nm aras\u0131nda olan UV f\u0259n\u0259rl\u0259ri g\u00f6r\u00fcn\u0259n i\u015f\u0131\u011f\u0131n \u00e7ox y\u00fcks\u0259k nisb\u0259tini v\u0259 yaln\u0131z az miqdarda UV i\u015f\u0131\u011f\u0131n\u0131 ehtiva edir ki, bu da fl\u00fcoresan madd\u0259l\u0259rin i\u015f\u0131q h\u0259y\u0259canlanmas\u0131 \u00fc\u00e7\u00fcn h\u0259lledicidir.  365 nm maksimum h\u0259y\u0259can dal\u011fa uzunlu\u011funa malik UV-Torchlight 6F ultra inc\u0259 UB \u015f\u00fcalanma diapazonundad\u0131r v\u0259 bel\u0259likl\u0259, bir \u00e7ox \u00fcmumi idar\u0259etm\u0259 t\u0259tbiql\u0259rind\u0259, el\u0259c\u0259 d\u0259 geoke\u015finq istifad\u0259sind\u0259 istifad\u0259y\u0259 imkan verir. UV-Torchlight 6F h\u0259m\u00e7inin olduqca kompakt v\u0259 m\u00f6hk\u0259m oldu\u011fundan, maksimum mobil t\u0259tbiq \u00e7evikliyin\u0259 v\u0259 optimal d\u0259y\u0259r-keyfiyy\u0259t nisb\u0259tin\u0259 malik UV-A f\u0259n\u0259ri axtaran b\u00fct\u00fcn istifad\u0259\u00e7il\u0259r \u00fc\u00e7\u00fcn ilk se\u00e7imdir.\" \/>\n<meta property=\"og:url\" content=\"https:\/\/geoclimate.ge\/az\/product\/uv-torchlight-6f\/\" \/>\n<meta property=\"og:site_name\" content=\"GeoClimate.ge\" \/>\n<meta property=\"article:modified_time\" content=\"2026-01-17T10:36:59+00:00\" \/>\n<meta property=\"og:image\" content=\"https:\/\/geoclimate.ge\/wp-content\/uploads\/2026\/01\/uv-torchlight-6f-0465.jpg\" \/>\n\t<meta property=\"og:image:width\" content=\"600\" \/>\n\t<meta property=\"og:image:height\" content=\"600\" \/>\n\t<meta property=\"og:image:type\" content=\"image\/jpeg\" \/>\n<meta name=\"twitter:card\" content=\"summary_large_image\" \/>\n<meta name=\"twitter:label1\" content=\"Est. reading time\" \/>\n\t<meta name=\"twitter:data1\" content=\"1 minute\" \/>\n<script type=\"application\/ld+json\" class=\"yoast-schema-graph\">{\"@context\":\"https:\/\/schema.org\",\"@graph\":[{\"@type\":\"WebPage\",\"@id\":\"https:\/\/geoclimate.ge\/az\/product\/uv-torchlight-6f\/\",\"url\":\"https:\/\/geoclimate.ge\/az\/product\/uv-torchlight-6f\/\",\"name\":\"UV f\u0259n\u0259ri 6F 12 y\u00fcks\u0259k performansl\u0131 LED v\u0259 365 nanometrlik UV dal\u011fa spektrin\u0259 malik kompakt UV LED f\u0259n\u0259r - GeoClimate.ge\",\"isPartOf\":{\"@id\":\"https:\/\/geoclimate.ge\/#website\"},\"primaryImageOfPage\":{\"@id\":\"https:\/\/geoclimate.ge\/az\/product\/uv-torchlight-6f\/#primaryimage\"},\"image\":{\"@id\":\"https:\/\/geoclimate.ge\/az\/product\/uv-torchlight-6f\/#primaryimage\"},\"thumbnailUrl\":\"https:\/\/geoclimate.ge\/wp-content\/uploads\/2026\/01\/uv-torchlight-6f-0465.jpg\",\"datePublished\":\"2026-01-17T10:22:40+00:00\",\"dateModified\":\"2026-01-17T10:36:59+00:00\",\"breadcrumb\":{\"@id\":\"https:\/\/geoclimate.ge\/az\/product\/uv-torchlight-6f\/#breadcrumb\"},\"inLanguage\":\"az\",\"potentialAction\":[{\"@type\":\"ReadAction\",\"target\":[\"https:\/\/geoclimate.ge\/az\/product\/uv-torchlight-6f\/\"]}]},{\"@type\":\"ImageObject\",\"inLanguage\":\"az\",\"@id\":\"https:\/\/geoclimate.ge\/az\/product\/uv-torchlight-6f\/#primaryimage\",\"url\":\"https:\/\/geoclimate.ge\/wp-content\/uploads\/2026\/01\/uv-torchlight-6f-0465.jpg\",\"contentUrl\":\"https:\/\/geoclimate.ge\/wp-content\/uploads\/2026\/01\/uv-torchlight-6f-0465.jpg\",\"width\":600,\"height\":600},{\"@type\":\"BreadcrumbList\",\"@id\":\"https:\/\/geoclimate.ge\/az\/product\/uv-torchlight-6f\/#breadcrumb\",\"itemListElement\":[{\"@type\":\"ListItem\",\"position\":1,\"name\":\"Home\",\"item\":\"https:\/\/geoclimate.ge\/az\/\"},{\"@type\":\"ListItem\",\"position\":2,\"name\":\"M\u0259hsullar\",\"item\":\"https:\/\/geoclimate.ge\/az\/products\/\"},{\"@type\":\"ListItem\",\"position\":3,\"name\":\"UV f\u0259n\u0259ri 6F 12 y\u00fcks\u0259k performansl\u0131 LED v\u0259 365 nanometrlik UV dal\u011fa spektrin\u0259 malik kompakt UV LED f\u0259n\u0259r\"}]},{\"@type\":\"WebSite\",\"@id\":\"https:\/\/geoclimate.ge\/#website\",\"url\":\"https:\/\/geoclimate.ge\/\",\"name\":\"GeoClimate\",\"description\":\"\",\"publisher\":{\"@id\":\"https:\/\/geoclimate.ge\/#organization\"},\"potentialAction\":[{\"@type\":\"SearchAction\",\"target\":{\"@type\":\"EntryPoint\",\"urlTemplate\":\"https:\/\/geoclimate.ge\/?s={search_term_string}\"},\"query-input\":{\"@type\":\"PropertyValueSpecification\",\"valueRequired\":true,\"valueName\":\"search_term_string\"}}],\"inLanguage\":\"az\"},{\"@type\":\"Organization\",\"@id\":\"https:\/\/geoclimate.ge\/#organization\",\"name\":\"GeoClimate\",\"url\":\"https:\/\/geoclimate.ge\/\",\"logo\":{\"@type\":\"ImageObject\",\"inLanguage\":\"az\",\"@id\":\"https:\/\/geoclimate.ge\/#\/schema\/logo\/image\/\",\"url\":\"https:\/\/geoclimate.ge\/wp-content\/uploads\/2026\/03\/geoclimate-SEO.png\",\"contentUrl\":\"https:\/\/geoclimate.ge\/wp-content\/uploads\/2026\/03\/geoclimate-SEO.png\",\"width\":1536,\"height\":1024,\"caption\":\"GeoClimate\"},\"image\":{\"@id\":\"https:\/\/geoclimate.ge\/#\/schema\/logo\/image\/\"}}]}<\/script>\n<!-- \/ Yoast SEO plugin. -->","yoast_head_json":{"title":"UV f\u0259n\u0259ri 6F 12 y\u00fcks\u0259k performansl\u0131 LED v\u0259 365 nanometrlik UV dal\u011fa spektrin\u0259 malik kompakt UV LED f\u0259n\u0259r - GeoClimate.ge","robots":{"index":"index","follow":"follow","max-snippet":"max-snippet:-1","max-image-preview":"max-image-preview:large","max-video-preview":"max-video-preview:-1"},"canonical":"https:\/\/geoclimate.ge\/az\/product\/uv-torchlight-6f\/","og_locale":"az_AZ","og_type":"article","og_title":"UV f\u0259n\u0259ri 6F 12 y\u00fcks\u0259k performansl\u0131 LED v\u0259 365 nanometrlik UV dal\u011fa spektrin\u0259 malik kompakt UV LED f\u0259n\u0259r - GeoClimate.ge","og_description":"UV-F\u0259n\u0259r 6F \u2013 tam olaraq dal\u011fa uzunlu\u011funa uy\u011fundur!  Geoke\u015finq v\u0259 dig\u0259r t\u0259tbiql\u0259r \u00fc\u00e7\u00fcn m\u00f6hk\u0259m bir UV f\u0259n\u0259ri axtar\u0131rs\u0131n\u0131z? Onda UV-F\u0259n\u0259r 6F tam olaraq dal\u011fa uzunlu\u011funa uy\u011fundur!  Says\u0131z-hesabs\u0131z UV f\u0259n\u0259r n\u00f6vl\u0259ri var - v\u0259 onlar\u0131n bir \u00e7oxu ilk bax\u0131\u015fdan ox\u015far g\u00f6r\u00fcn\u00fcr, bu da m\u00fcqayis\u0259ni daha da \u00e7\u0259tinl\u0259\u015fdirir. Buna g\u00f6r\u0259 d\u0259, emal keyfiyy\u0259tin\u0259 v\u0259 t\u0259tbiq ehtiyaclar\u0131n\u0131z \u00fc\u00e7\u00fcn d\u00fczg\u00fcn dal\u011fa uzunlu\u011funa diqq\u0259t yetirin.  UV diapazonunda 380 nanometr g\u00f6r\u00fcn\u0259n i\u015f\u0131\u011fa s\u0259rh\u0259di t\u0259msil edir. Bel\u0259likl\u0259, 390 il\u0259 410 nm aras\u0131nda olan UV f\u0259n\u0259rl\u0259ri g\u00f6r\u00fcn\u0259n i\u015f\u0131\u011f\u0131n \u00e7ox y\u00fcks\u0259k nisb\u0259tini v\u0259 yaln\u0131z az miqdarda UV i\u015f\u0131\u011f\u0131n\u0131 ehtiva edir ki, bu da fl\u00fcoresan madd\u0259l\u0259rin i\u015f\u0131q h\u0259y\u0259canlanmas\u0131 \u00fc\u00e7\u00fcn h\u0259lledicidir.  365 nm maksimum h\u0259y\u0259can dal\u011fa uzunlu\u011funa malik UV-Torchlight 6F ultra inc\u0259 UB \u015f\u00fcalanma diapazonundad\u0131r v\u0259 bel\u0259likl\u0259, bir \u00e7ox \u00fcmumi idar\u0259etm\u0259 t\u0259tbiql\u0259rind\u0259, el\u0259c\u0259 d\u0259 geoke\u015finq istifad\u0259sind\u0259 istifad\u0259y\u0259 imkan verir. UV-Torchlight 6F h\u0259m\u00e7inin olduqca kompakt v\u0259 m\u00f6hk\u0259m oldu\u011fundan, maksimum mobil t\u0259tbiq \u00e7evikliyin\u0259 v\u0259 optimal d\u0259y\u0259r-keyfiyy\u0259t nisb\u0259tin\u0259 malik UV-A f\u0259n\u0259ri axtaran b\u00fct\u00fcn istifad\u0259\u00e7il\u0259r \u00fc\u00e7\u00fcn ilk se\u00e7imdir.","og_url":"https:\/\/geoclimate.ge\/az\/product\/uv-torchlight-6f\/","og_site_name":"GeoClimate.ge","article_modified_time":"2026-01-17T10:36:59+00:00","og_image":[{"width":600,"height":600,"url":"https:\/\/geoclimate.ge\/wp-content\/uploads\/2026\/01\/uv-torchlight-6f-0465.jpg","type":"image\/jpeg"}],"twitter_card":"summary_large_image","twitter_misc":{"Est. reading time":"1 minute"},"schema":{"@context":"https:\/\/schema.org","@graph":[{"@type":"WebPage","@id":"https:\/\/geoclimate.ge\/az\/product\/uv-torchlight-6f\/","url":"https:\/\/geoclimate.ge\/az\/product\/uv-torchlight-6f\/","name":"UV f\u0259n\u0259ri 6F 12 y\u00fcks\u0259k performansl\u0131 LED v\u0259 365 nanometrlik UV dal\u011fa spektrin\u0259 malik kompakt UV LED f\u0259n\u0259r - GeoClimate.ge","isPartOf":{"@id":"https:\/\/geoclimate.ge\/#website"},"primaryImageOfPage":{"@id":"https:\/\/geoclimate.ge\/az\/product\/uv-torchlight-6f\/#primaryimage"},"image":{"@id":"https:\/\/geoclimate.ge\/az\/product\/uv-torchlight-6f\/#primaryimage"},"thumbnailUrl":"https:\/\/geoclimate.ge\/wp-content\/uploads\/2026\/01\/uv-torchlight-6f-0465.jpg","datePublished":"2026-01-17T10:22:40+00:00","dateModified":"2026-01-17T10:36:59+00:00","breadcrumb":{"@id":"https:\/\/geoclimate.ge\/az\/product\/uv-torchlight-6f\/#breadcrumb"},"inLanguage":"az","potentialAction":[{"@type":"ReadAction","target":["https:\/\/geoclimate.ge\/az\/product\/uv-torchlight-6f\/"]}]},{"@type":"ImageObject","inLanguage":"az","@id":"https:\/\/geoclimate.ge\/az\/product\/uv-torchlight-6f\/#primaryimage","url":"https:\/\/geoclimate.ge\/wp-content\/uploads\/2026\/01\/uv-torchlight-6f-0465.jpg","contentUrl":"https:\/\/geoclimate.ge\/wp-content\/uploads\/2026\/01\/uv-torchlight-6f-0465.jpg","width":600,"height":600},{"@type":"BreadcrumbList","@id":"https:\/\/geoclimate.ge\/az\/product\/uv-torchlight-6f\/#breadcrumb","itemListElement":[{"@type":"ListItem","position":1,"name":"Home","item":"https:\/\/geoclimate.ge\/az\/"},{"@type":"ListItem","position":2,"name":"M\u0259hsullar","item":"https:\/\/geoclimate.ge\/az\/products\/"},{"@type":"ListItem","position":3,"name":"UV f\u0259n\u0259ri 6F 12 y\u00fcks\u0259k performansl\u0131 LED v\u0259 365 nanometrlik UV dal\u011fa spektrin\u0259 malik kompakt UV LED f\u0259n\u0259r"}]},{"@type":"WebSite","@id":"https:\/\/geoclimate.ge\/#website","url":"https:\/\/geoclimate.ge\/","name":"GeoClimate","description":"","publisher":{"@id":"https:\/\/geoclimate.ge\/#organization"},"potentialAction":[{"@type":"SearchAction","target":{"@type":"EntryPoint","urlTemplate":"https:\/\/geoclimate.ge\/?s={search_term_string}"},"query-input":{"@type":"PropertyValueSpecification","valueRequired":true,"valueName":"search_term_string"}}],"inLanguage":"az"},{"@type":"Organization","@id":"https:\/\/geoclimate.ge\/#organization","name":"GeoClimate","url":"https:\/\/geoclimate.ge\/","logo":{"@type":"ImageObject","inLanguage":"az","@id":"https:\/\/geoclimate.ge\/#\/schema\/logo\/image\/","url":"https:\/\/geoclimate.ge\/wp-content\/uploads\/2026\/03\/geoclimate-SEO.png","contentUrl":"https:\/\/geoclimate.ge\/wp-content\/uploads\/2026\/03\/geoclimate-SEO.png","width":1536,"height":1024,"caption":"GeoClimate"},"image":{"@id":"https:\/\/geoclimate.ge\/#\/schema\/logo\/image\/"}}]}},"_links":{"self":[{"href":"https:\/\/geoclimate.ge\/az\/wp-json\/wp\/v2\/product\/44047","targetHints":{"allow":["GET"]}}],"collection":[{"href":"https:\/\/geoclimate.ge\/az\/wp-json\/wp\/v2\/product"}],"about":[{"href":"https:\/\/geoclimate.ge\/az\/wp-json\/wp\/v2\/types\/product"}],"wp:featuredmedia":[{"embeddable":true,"href":"https:\/\/geoclimate.ge\/az\/wp-json\/wp\/v2\/media\/43988"}],"wp:attachment":[{"href":"https:\/\/geoclimate.ge\/az\/wp-json\/wp\/v2\/media?parent=44047"}],"wp:term":[{"taxonomy":"product_brand","embeddable":true,"href":"https:\/\/geoclimate.ge\/az\/wp-json\/wp\/v2\/product_brand?post=44047"},{"taxonomy":"product_cat","embeddable":true,"href":"https:\/\/geoclimate.ge\/az\/wp-json\/wp\/v2\/product_cat?post=44047"},{"taxonomy":"product_tag","embeddable":true,"href":"https:\/\/geoclimate.ge\/az\/wp-json\/wp\/v2\/product_tag?post=44047"}],"curies":[{"name":"wp","href":"https:\/\/api.w.org\/{rel}","templated":true}]}}