{"id":15170,"date":"2024-01-30T20:22:15","date_gmt":"2024-01-30T16:22:15","guid":{"rendered":"https:\/\/airsystems.ge\/shop\/product\/trotec-teh-400-electric-heater\/"},"modified":"2024-11-11T18:16:43","modified_gmt":"2024-11-11T14:16:43","slug":"trotec-teh-400-electric-heater","status":"publish","type":"product","link":"https:\/\/geoclimate.ge\/fr\/produit\/trotec-teh-400-electric-heater\/","title":{"rendered":"Trotec TEH 400 \u2013 radiateur \u00e9lectrique Radiateurs \u00e9lectriques pour charges lourdes"},"content":{"rendered":"<div class=\"mt-6 md:mt-10\">\n<div class=\"flex flex-wrap\">\n<div class=\"w-full md:w-1\/2 auto-bullets \">\n<div class=\"pl-5\" style=\"text-align: center;\">\n<div class=\"mt-6 md:mt-10\">\n<div class=\"flex flex-wrap\">\n<div class=\"w-full md:w-1\/2 auto-bullets \">\n<div class=\"pl-5\">Caract\u00e9ristiques principales<br \/>\nExtr\u00eamement robuste \u2013 produit de qualit\u00e9 sup\u00e9rieure \u00ab made in Germany \u00bb<br \/>\nEmpilable<br \/>\nConvient pour les tuyaux de transport d&rsquo;air jusqu&rsquo;\u00e0 100 m\u00e8tres<br \/>\nCommutateur \u00e9lectronique \u00e0 plusieurs niveaux pour le d\u00e9bit d&rsquo;air et la temp\u00e9rature de l&rsquo;air<br \/>\n\u00c9quip\u00e9 de s\u00e9rie d&rsquo;un cadre de protection, d&rsquo;anneaux de levage, de fentes pour fourches, de roues de transport et d&rsquo;un frein de stationnement<br \/>\nR\u00e9gulation par thermostat int\u00e9gr\u00e9e en option<br \/>\nProtection contre la surchauffe<\/div>\n<\/div>\n<\/div>\n<\/div>\n<\/div>\n<\/div>\n<section class=\"max-w-[1088px] mx-auto w-full px-5 my-10 md:my-12 lg:my-16 xl:my-20 xl:px-0\" data-block=\"product-specifications\">\n<div class=\"md:text-center\">\n<h3 class=\"text-black font-bold text-lg md:text-xl lg:text-2xl\"><strong>Product specifications<\/strong><\/h3>\n<\/div>\n<div class=\" md:mt-10\">\n<div class=\"\">\n<div class=\"lg:mt-0 \">\n<div id=\"spec-teh-400\" class=\"prose max-w-full md:overflow-auto\" data-spec-content=\"\">\n<div class=\"spreadsheet-container hidden md:block\">\n<table class=\"w-full table-fixed mb-0\">\n<thead>\n<tr>\n<th class=\"font-bold text-base\"><span class=\"block px-4\">Specifications<\/span><\/th>\n<th class=\"font-bold text-base text-center\"><span class=\"block px-10 md:px-20\">Units<\/span><\/th>\n<th class=\"font-bold text-base text-center will-change\"><span class=\"block px-4\">TEH\u00a0400<\/span><\/th>\n<\/tr>\n<\/thead>\n<tbody>\n<tr class=\"bg-grey-200\/50 p-2\">\n<td colspan=\"1\"><span class=\"block px-4\">Heating capacity<\/span><\/td>\n<td class=\"text-center\">\n<div class=\"px-10 md:px-20 flex items-center justify-center\">kW<\/div>\n<\/td>\n<td class=\"text-center will-change\">\n<div class=\"px-10 md:px-20 flex items-center justify-center\">120<\/div>\n<\/td>\n<\/tr>\n<tr class=\" p-2\">\n<td colspan=\"1\"><span class=\"block px-4\">Heating capacity<\/span><\/td>\n<td class=\"text-center\">\n<div class=\"px-10 md:px-20 flex items-center justify-center\">kcal\/h<\/div>\n<\/td>\n<td class=\"text-center will-change\">\n<div class=\"px-10 md:px-20 flex items-center justify-center\">103,181<\/div>\n<\/td>\n<\/tr>\n<tr class=\"bg-grey-200\/50 p-2\">\n<td colspan=\"1\"><span class=\"block px-4\">Speed<\/span><\/td>\n<td class=\"text-center\">\n<div class=\"px-10 md:px-20 flex items-center justify-center\">kW<\/div>\n<\/td>\n<td class=\"text-center will-change\">\n<div class=\"px-10 md:px-20 flex items-center justify-center\">5.4<\/div>\n<\/td>\n<\/tr>\n<tr class=\" p-2\">\n<td colspan=\"1\"><span class=\"block px-4\">Air flow<\/span><\/td>\n<td class=\"text-center\">\n<div class=\"px-10 md:px-20 flex items-center justify-center\">m\u00b3\/h<\/div>\n<\/td>\n<td class=\"text-center will-change\">\n<div class=\"px-10 md:px-20 flex items-center justify-center\">9,000<\/div>\n<\/td>\n<\/tr>\n<tr class=\"bg-grey-200\/50 p-2\">\n<td colspan=\"1\"><span class=\"block px-4\">Air pressure<\/span><\/td>\n<td class=\"text-center\">\n<div class=\"px-10 md:px-20 flex items-center justify-center\">Pa<\/div>\n<\/td>\n<td class=\"text-center will-change\">\n<div class=\"px-10 md:px-20 flex items-center justify-center\">600<\/div>\n<\/td>\n<\/tr>\n<tr class=\" p-2\">\n<td colspan=\"1\"><span class=\"block px-4\">Power supply<\/span><\/td>\n<td class=\"text-center\">\n<div class=\"px-10 md:px-20 flex items-center justify-center\">V\/Hz<\/div>\n<\/td>\n<td class=\"text-center will-change\">\n<div class=\"px-10 md:px-20 flex items-center justify-center\">400\/50-60<\/div>\n<\/td>\n<\/tr>\n<tr class=\"bg-grey-200\/50 p-2\">\n<td colspan=\"1\"><span class=\"block px-4\">Connection socket<\/span><\/td>\n<td class=\"text-center\">\n<div class=\"px-10 md:px-20 flex items-center justify-center\"><\/div>\n<\/td>\n<td class=\"text-center will-change\">\n<div class=\"px-10 md:px-20 flex items-center justify-center\">200\/direct connection<\/div>\n<\/td>\n<\/tr>\n<tr class=\" p-2\">\n<td colspan=\"1\"><span class=\"block px-4\">Air flow and temperature increase stages<\/span><\/td>\n<td class=\"text-center\">\n<div class=\"px-10 md:px-20 flex items-center justify-center\"><\/div>\n<\/td>\n<td class=\"text-center will-change\">\n<div class=\"px-10 md:px-20 flex items-center justify-center\">8<\/div>\n<\/td>\n<\/tr>\n<tr class=\"bg-grey-200\/50 p-2\">\n<td colspan=\"1\"><span class=\"block px-4\">Hose connector<\/span><\/td>\n<td class=\"text-center\">\n<div class=\"px-10 md:px-20 flex items-center justify-center\">\u00d8mm<\/div>\n<\/td>\n<td class=\"text-center will-change\">\n<div class=\"px-10 md:px-20 flex items-center justify-center\">600<\/div>\n<\/td>\n<\/tr>\n<tr class=\" p-2\">\n<td colspan=\"1\"><span class=\"block px-4\">Thermostat control<\/span><\/td>\n<td class=\"text-center\">\n<div class=\"px-10 md:px-20 flex items-center justify-center\"><\/div>\n<\/td>\n<td class=\"text-center will-change\">\n<div class=\"px-10 md:px-20 flex items-center justify-center\">Digital<\/div>\n<\/td>\n<\/tr>\n<tr class=\"bg-grey-200\/50 p-2\">\n<td colspan=\"1\"><span class=\"block px-4\">Temperatur range<\/span><\/td>\n<td class=\"text-center\">\n<div class=\"px-10 md:px-20 flex items-center justify-center\">\u00b0C<\/div>\n<\/td>\n<td class=\"text-center will-change\">\n<div class=\"px-10 md:px-20 flex items-center justify-center\">-20 to +40<\/div>\n<\/td>\n<\/tr>\n<tr class=\" p-2\">\n<td colspan=\"1\"><span class=\"block px-4\">Product size (l x w x h)<\/span><\/td>\n<td class=\"text-center\">\n<div class=\"px-10 md:px-20 flex items-center justify-center\">mm<\/div>\n<\/td>\n<td class=\"text-center will-change\">\n<div class=\"px-10 md:px-20 flex items-center justify-center\">2000 x 1300 x 1450<\/div>\n<\/td>\n<\/tr>\n<tr class=\"bg-grey-200\/50 p-2\">\n<td colspan=\"1\"><span class=\"block px-4\">Weight<\/span><\/td>\n<td class=\"text-center\">\n<div class=\"px-10 md:px-20 flex items-center justify-center\">kg<\/div>\n<\/td>\n<td class=\"text-center will-change\">\n<div class=\"px-10 md:px-20 flex items-center justify-center\">460<\/div>\n<\/td>\n<\/tr>\n<\/tbody>\n<\/table>\n<div class=\"md:text-center\">\n<div class=\"md:text-center\">\n<h3 class=\"text-black font-bold text-lg md:text-xl lg:text-2xl\" style=\"text-align: center;\">Adapt\u00e9 pour<br \/>\n\u00c9v\u00e9nements et festivals<br \/>\nIndustrie, usines et production<br \/>\nMilitaire et a\u00e9rospatiale<br \/>\nSoci\u00e9t\u00e9s de location<br \/>\nTransport et logistique<\/h3>\n<\/div>\n<div class=\"mt-6 max-w-4xl mx-auto\" style=\"text-align: center;\">\n<div class=\"flex flex-wrap md:ml-20\">\n<div class=\"w-full md:w-1\/2 auto-bullets \"><\/div>\n<\/div>\n<\/div>\n<\/div>\n<div class=\"mt-6 max-w-4xl mx-auto\">\n<div class=\"flex flex-wrap md:ml-20\">\n<div class=\"w-full md:w-1\/2 auto-bullets md:pr-16\"><\/div>\n<\/div>\n<\/div>\n<\/div>\n<\/div>\n<\/div>\n<\/div>\n<\/div>\n<\/section>\n<\/div>\n<\/div>\n","protected":false},"excerpt":{"rendered":"<p>Le radiateur \u00e9lectrique TEH 400 est une solution de chauffage haute performance con\u00e7ue pour fournir jusqu&rsquo;\u00e0 9 000 m\u00e8tres cubes d&rsquo;air chaud par heure dans des environnements extr\u00eames, par exemple pour des tests de sablage ou de charge. Avec une capacit\u00e9 de chauffage maximale de 120 kW, le TEH 400 est l&rsquo;un des appareils de chauffage \u00e9lectriques portables les plus puissants du march\u00e9. Il est dot\u00e9 d&rsquo;un bo\u00eetier m\u00e9tallique robuste, d&rsquo;un thermostat int\u00e9gr\u00e9 et d&rsquo;une protection contre la surchauffe, ce qui en fait un choix s\u00fbr pour une utilisation dans des environnements commerciaux et industriels. L&rsquo;appareil est livr\u00e9 en standard avec un cadre de protection contre les chocs, des pattes de grue, des fentes pour chariot \u00e9l\u00e9vateur et des roues de transport pratiques avec freins de stationnement. Il peut \u00e9galement \u00eatre livr\u00e9 avec une protection contre la surchauffe.<\/p>\n<p>Consultez notre gamme compl\u00e8te de radiateurs \u00e9lectriques soufflants commerciaux ou contactez-nous pour savoir quel radiateur \u00e9lectrique portable ou autre type de radiateur \u00e0 usage industriel est le plus adapt\u00e9 \u00e0 votre application pr\u00e9vue.<\/p>\n","protected":false},"featured_media":15129,"template":"","meta":[],"product_brand":[],"product_cat":[624,412,418],"product_tag":[],"class_list":{"0":"post-15170","1":"product","2":"type-product","3":"status-publish","4":"has-post-thumbnail","6":"product_cat-electric-fan-heaters-ductable-fr","7":"product_cat-climatisation-deshumidificateur-dair-ventilateur-fr-ventilation","8":"product_cat-chauffages-radiateurs-gaz-electrique","10":"first","11":"instock","12":"shipping-taxable","13":"purchasable","14":"product-type-simple"},"yoast_head":"<!-- This site is optimized with the Yoast SEO plugin v27.1.1 - https:\/\/yoast.com\/product\/yoast-seo-wordpress\/ -->\n<title>Trotec TEH 400 \u2013 radiateur \u00e9lectrique Radiateurs \u00e9lectriques pour charges lourdes - GeoClimate.ge<\/title>\n<meta name=\"robots\" content=\"index, follow, max-snippet:-1, max-image-preview:large, max-video-preview:-1\" \/>\n<link rel=\"canonical\" href=\"https:\/\/geoclimate.ge\/fr\/produit\/trotec-teh-400-electric-heater\/\" \/>\n<meta property=\"og:locale\" content=\"fr_FR\" \/>\n<meta property=\"og:type\" content=\"article\" \/>\n<meta property=\"og:title\" content=\"Trotec TEH 400 \u2013 radiateur \u00e9lectrique Radiateurs \u00e9lectriques pour charges lourdes - GeoClimate.ge\" \/>\n<meta property=\"og:description\" content=\"Le radiateur \u00e9lectrique TEH 400 est une solution de chauffage haute performance con\u00e7ue pour fournir jusqu&#039;\u00e0 9 000 m\u00e8tres cubes d&#039;air chaud par heure dans des environnements extr\u00eames, par exemple pour des tests de sablage ou de charge. Avec une capacit\u00e9 de chauffage maximale de 120 kW, le TEH 400 est l&#039;un des appareils de chauffage \u00e9lectriques portables les plus puissants du march\u00e9. Il est dot\u00e9 d&#039;un bo\u00eetier m\u00e9tallique robuste, d&#039;un thermostat int\u00e9gr\u00e9 et d&#039;une protection contre la surchauffe, ce qui en fait un choix s\u00fbr pour une utilisation dans des environnements commerciaux et industriels. L&#039;appareil est livr\u00e9 en standard avec un cadre de protection contre les chocs, des pattes de grue, des fentes pour chariot \u00e9l\u00e9vateur et des roues de transport pratiques avec freins de stationnement. Il peut \u00e9galement \u00eatre livr\u00e9 avec une protection contre la surchauffe.  Consultez notre gamme compl\u00e8te de radiateurs \u00e9lectriques soufflants commerciaux ou contactez-nous pour savoir quel radiateur \u00e9lectrique portable ou autre type de radiateur \u00e0 usage industriel est le plus adapt\u00e9 \u00e0 votre application pr\u00e9vue.\" \/>\n<meta property=\"og:url\" content=\"https:\/\/geoclimate.ge\/fr\/produit\/trotec-teh-400-electric-heater\/\" \/>\n<meta property=\"og:site_name\" content=\"GeoClimate.ge\" \/>\n<meta property=\"article:modified_time\" content=\"2024-11-11T14:16:43+00:00\" \/>\n<meta property=\"og:image\" content=\"https:\/\/geoclimate.ge\/wp-content\/uploads\/2024\/10\/teh-400-4fff.jpg\" \/>\n\t<meta property=\"og:image:width\" content=\"600\" \/>\n\t<meta property=\"og:image:height\" content=\"600\" \/>\n\t<meta property=\"og:image:type\" content=\"image\/jpeg\" \/>\n<meta name=\"twitter:card\" content=\"summary_large_image\" \/>\n<meta name=\"twitter:label1\" content=\"Dur\u00e9e de lecture estim\u00e9e\" \/>\n\t<meta name=\"twitter:data1\" content=\"1 minute\" \/>\n<script type=\"application\/ld+json\" class=\"yoast-schema-graph\">{\"@context\":\"https:\/\/schema.org\",\"@graph\":[{\"@type\":\"WebPage\",\"@id\":\"https:\/\/geoclimate.ge\/fr\/produit\/trotec-teh-400-electric-heater\/\",\"url\":\"https:\/\/geoclimate.ge\/fr\/produit\/trotec-teh-400-electric-heater\/\",\"name\":\"Trotec TEH 400 \u2013 radiateur \u00e9lectrique Radiateurs \u00e9lectriques pour charges lourdes - GeoClimate.ge\",\"isPartOf\":{\"@id\":\"https:\/\/geoclimate.ge\/#website\"},\"primaryImageOfPage\":{\"@id\":\"https:\/\/geoclimate.ge\/fr\/produit\/trotec-teh-400-electric-heater\/#primaryimage\"},\"image\":{\"@id\":\"https:\/\/geoclimate.ge\/fr\/produit\/trotec-teh-400-electric-heater\/#primaryimage\"},\"thumbnailUrl\":\"https:\/\/geoclimate.ge\/wp-content\/uploads\/2024\/10\/teh-400-4fff.jpg\",\"datePublished\":\"2024-01-30T16:22:15+00:00\",\"dateModified\":\"2024-11-11T14:16:43+00:00\",\"breadcrumb\":{\"@id\":\"https:\/\/geoclimate.ge\/fr\/produit\/trotec-teh-400-electric-heater\/#breadcrumb\"},\"inLanguage\":\"fr-FR\",\"potentialAction\":[{\"@type\":\"ReadAction\",\"target\":[\"https:\/\/geoclimate.ge\/fr\/produit\/trotec-teh-400-electric-heater\/\"]}]},{\"@type\":\"ImageObject\",\"inLanguage\":\"fr-FR\",\"@id\":\"https:\/\/geoclimate.ge\/fr\/produit\/trotec-teh-400-electric-heater\/#primaryimage\",\"url\":\"https:\/\/geoclimate.ge\/wp-content\/uploads\/2024\/10\/teh-400-4fff.jpg\",\"contentUrl\":\"https:\/\/geoclimate.ge\/wp-content\/uploads\/2024\/10\/teh-400-4fff.jpg\",\"width\":600,\"height\":600},{\"@type\":\"BreadcrumbList\",\"@id\":\"https:\/\/geoclimate.ge\/fr\/produit\/trotec-teh-400-electric-heater\/#breadcrumb\",\"itemListElement\":[{\"@type\":\"ListItem\",\"position\":1,\"name\":\"Home\",\"item\":\"https:\/\/geoclimate.ge\/fr\/\"},{\"@type\":\"ListItem\",\"position\":2,\"name\":\"Products\",\"item\":\"https:\/\/geoclimate.ge\/fr\/products\/\"},{\"@type\":\"ListItem\",\"position\":3,\"name\":\"Trotec TEH 400 \u2013 radiateur \u00e9lectrique Radiateurs \u00e9lectriques pour charges lourdes\"}]},{\"@type\":\"WebSite\",\"@id\":\"https:\/\/geoclimate.ge\/#website\",\"url\":\"https:\/\/geoclimate.ge\/\",\"name\":\"GeoClimate\",\"description\":\"\",\"publisher\":{\"@id\":\"https:\/\/geoclimate.ge\/#organization\"},\"potentialAction\":[{\"@type\":\"SearchAction\",\"target\":{\"@type\":\"EntryPoint\",\"urlTemplate\":\"https:\/\/geoclimate.ge\/?s={search_term_string}\"},\"query-input\":{\"@type\":\"PropertyValueSpecification\",\"valueRequired\":true,\"valueName\":\"search_term_string\"}}],\"inLanguage\":\"fr-FR\"},{\"@type\":\"Organization\",\"@id\":\"https:\/\/geoclimate.ge\/#organization\",\"name\":\"GeoClimate\",\"url\":\"https:\/\/geoclimate.ge\/\",\"logo\":{\"@type\":\"ImageObject\",\"inLanguage\":\"fr-FR\",\"@id\":\"https:\/\/geoclimate.ge\/#\/schema\/logo\/image\/\",\"url\":\"https:\/\/geoclimate.ge\/wp-content\/uploads\/2026\/03\/geoclimate-SEO.png\",\"contentUrl\":\"https:\/\/geoclimate.ge\/wp-content\/uploads\/2026\/03\/geoclimate-SEO.png\",\"width\":1536,\"height\":1024,\"caption\":\"GeoClimate\"},\"image\":{\"@id\":\"https:\/\/geoclimate.ge\/#\/schema\/logo\/image\/\"}}]}<\/script>\n<!-- \/ Yoast SEO plugin. -->","yoast_head_json":{"title":"Trotec TEH 400 \u2013 radiateur \u00e9lectrique Radiateurs \u00e9lectriques pour charges lourdes - GeoClimate.ge","robots":{"index":"index","follow":"follow","max-snippet":"max-snippet:-1","max-image-preview":"max-image-preview:large","max-video-preview":"max-video-preview:-1"},"canonical":"https:\/\/geoclimate.ge\/fr\/produit\/trotec-teh-400-electric-heater\/","og_locale":"fr_FR","og_type":"article","og_title":"Trotec TEH 400 \u2013 radiateur \u00e9lectrique Radiateurs \u00e9lectriques pour charges lourdes - GeoClimate.ge","og_description":"Le radiateur \u00e9lectrique TEH 400 est une solution de chauffage haute performance con\u00e7ue pour fournir jusqu'\u00e0 9 000 m\u00e8tres cubes d'air chaud par heure dans des environnements extr\u00eames, par exemple pour des tests de sablage ou de charge. Avec une capacit\u00e9 de chauffage maximale de 120 kW, le TEH 400 est l'un des appareils de chauffage \u00e9lectriques portables les plus puissants du march\u00e9. Il est dot\u00e9 d'un bo\u00eetier m\u00e9tallique robuste, d'un thermostat int\u00e9gr\u00e9 et d'une protection contre la surchauffe, ce qui en fait un choix s\u00fbr pour une utilisation dans des environnements commerciaux et industriels. L'appareil est livr\u00e9 en standard avec un cadre de protection contre les chocs, des pattes de grue, des fentes pour chariot \u00e9l\u00e9vateur et des roues de transport pratiques avec freins de stationnement. Il peut \u00e9galement \u00eatre livr\u00e9 avec une protection contre la surchauffe.  Consultez notre gamme compl\u00e8te de radiateurs \u00e9lectriques soufflants commerciaux ou contactez-nous pour savoir quel radiateur \u00e9lectrique portable ou autre type de radiateur \u00e0 usage industriel est le plus adapt\u00e9 \u00e0 votre application pr\u00e9vue.","og_url":"https:\/\/geoclimate.ge\/fr\/produit\/trotec-teh-400-electric-heater\/","og_site_name":"GeoClimate.ge","article_modified_time":"2024-11-11T14:16:43+00:00","og_image":[{"width":600,"height":600,"url":"https:\/\/geoclimate.ge\/wp-content\/uploads\/2024\/10\/teh-400-4fff.jpg","type":"image\/jpeg"}],"twitter_card":"summary_large_image","twitter_misc":{"Dur\u00e9e de lecture estim\u00e9e":"1 minute"},"schema":{"@context":"https:\/\/schema.org","@graph":[{"@type":"WebPage","@id":"https:\/\/geoclimate.ge\/fr\/produit\/trotec-teh-400-electric-heater\/","url":"https:\/\/geoclimate.ge\/fr\/produit\/trotec-teh-400-electric-heater\/","name":"Trotec TEH 400 \u2013 radiateur \u00e9lectrique Radiateurs \u00e9lectriques pour charges lourdes - GeoClimate.ge","isPartOf":{"@id":"https:\/\/geoclimate.ge\/#website"},"primaryImageOfPage":{"@id":"https:\/\/geoclimate.ge\/fr\/produit\/trotec-teh-400-electric-heater\/#primaryimage"},"image":{"@id":"https:\/\/geoclimate.ge\/fr\/produit\/trotec-teh-400-electric-heater\/#primaryimage"},"thumbnailUrl":"https:\/\/geoclimate.ge\/wp-content\/uploads\/2024\/10\/teh-400-4fff.jpg","datePublished":"2024-01-30T16:22:15+00:00","dateModified":"2024-11-11T14:16:43+00:00","breadcrumb":{"@id":"https:\/\/geoclimate.ge\/fr\/produit\/trotec-teh-400-electric-heater\/#breadcrumb"},"inLanguage":"fr-FR","potentialAction":[{"@type":"ReadAction","target":["https:\/\/geoclimate.ge\/fr\/produit\/trotec-teh-400-electric-heater\/"]}]},{"@type":"ImageObject","inLanguage":"fr-FR","@id":"https:\/\/geoclimate.ge\/fr\/produit\/trotec-teh-400-electric-heater\/#primaryimage","url":"https:\/\/geoclimate.ge\/wp-content\/uploads\/2024\/10\/teh-400-4fff.jpg","contentUrl":"https:\/\/geoclimate.ge\/wp-content\/uploads\/2024\/10\/teh-400-4fff.jpg","width":600,"height":600},{"@type":"BreadcrumbList","@id":"https:\/\/geoclimate.ge\/fr\/produit\/trotec-teh-400-electric-heater\/#breadcrumb","itemListElement":[{"@type":"ListItem","position":1,"name":"Home","item":"https:\/\/geoclimate.ge\/fr\/"},{"@type":"ListItem","position":2,"name":"Products","item":"https:\/\/geoclimate.ge\/fr\/products\/"},{"@type":"ListItem","position":3,"name":"Trotec TEH 400 \u2013 radiateur \u00e9lectrique Radiateurs \u00e9lectriques pour charges lourdes"}]},{"@type":"WebSite","@id":"https:\/\/geoclimate.ge\/#website","url":"https:\/\/geoclimate.ge\/","name":"GeoClimate","description":"","publisher":{"@id":"https:\/\/geoclimate.ge\/#organization"},"potentialAction":[{"@type":"SearchAction","target":{"@type":"EntryPoint","urlTemplate":"https:\/\/geoclimate.ge\/?s={search_term_string}"},"query-input":{"@type":"PropertyValueSpecification","valueRequired":true,"valueName":"search_term_string"}}],"inLanguage":"fr-FR"},{"@type":"Organization","@id":"https:\/\/geoclimate.ge\/#organization","name":"GeoClimate","url":"https:\/\/geoclimate.ge\/","logo":{"@type":"ImageObject","inLanguage":"fr-FR","@id":"https:\/\/geoclimate.ge\/#\/schema\/logo\/image\/","url":"https:\/\/geoclimate.ge\/wp-content\/uploads\/2026\/03\/geoclimate-SEO.png","contentUrl":"https:\/\/geoclimate.ge\/wp-content\/uploads\/2026\/03\/geoclimate-SEO.png","width":1536,"height":1024,"caption":"GeoClimate"},"image":{"@id":"https:\/\/geoclimate.ge\/#\/schema\/logo\/image\/"}}]}},"_links":{"self":[{"href":"https:\/\/geoclimate.ge\/fr\/wp-json\/wp\/v2\/product\/15170","targetHints":{"allow":["GET"]}}],"collection":[{"href":"https:\/\/geoclimate.ge\/fr\/wp-json\/wp\/v2\/product"}],"about":[{"href":"https:\/\/geoclimate.ge\/fr\/wp-json\/wp\/v2\/types\/product"}],"wp:featuredmedia":[{"embeddable":true,"href":"https:\/\/geoclimate.ge\/fr\/wp-json\/wp\/v2\/media\/15129"}],"wp:attachment":[{"href":"https:\/\/geoclimate.ge\/fr\/wp-json\/wp\/v2\/media?parent=15170"}],"wp:term":[{"taxonomy":"product_brand","embeddable":true,"href":"https:\/\/geoclimate.ge\/fr\/wp-json\/wp\/v2\/product_brand?post=15170"},{"taxonomy":"product_cat","embeddable":true,"href":"https:\/\/geoclimate.ge\/fr\/wp-json\/wp\/v2\/product_cat?post=15170"},{"taxonomy":"product_tag","embeddable":true,"href":"https:\/\/geoclimate.ge\/fr\/wp-json\/wp\/v2\/product_tag?post=15170"}],"curies":[{"name":"wp","href":"https:\/\/api.w.org\/{rel}","templated":true}]}}