{"id":15210,"date":"2024-10-23T11:37:12","date_gmt":"2024-10-23T07:37:12","guid":{"rendered":"https:\/\/airsystems.ge\/shop\/product\/commercial-dehumidifier-ttk-166-eco\/"},"modified":"2024-11-01T17:15:22","modified_gmt":"2024-11-01T13:15:22","slug":"commercial-dehumidifier-ttk-166-eco","status":"publish","type":"product","link":"https:\/\/geoclimate.ge\/fr\/produit\/commercial-dehumidifier-ttk-166-eco\/","title":{"rendered":"D\u00e9shumidificateur commercial TTK 166 ECO"},"content":{"rendered":"<div id=\"c2018295\" class=\"csc-default ctype-header\">\n<div class=\"csc-header csc-header-n1\">\n<p>Quelques avantages pratiques :<\/p>\n<p>Solution particuli\u00e8rement \u00e9conomique pour les applications de d\u00e9shumidification typiques dans le secteur commercial<br \/>\nQualit\u00e9 certifi\u00e9e GS<br \/>\nHaute performance de d\u00e9shumidification<br \/>\nConstruction robuste en acier dans une conception de chariot<\/p>\n<p>Portable et facile \u00e0 ranger partout gr\u00e2ce \u00e0 son compresseur rotatif<br \/>\nFonctionnement automatique contr\u00f4l\u00e9 par hygrostat<br \/>\nFonction minuterie<br \/>\nIndication de l&rsquo;humidit\u00e9 et de la temp\u00e9rature actuelles de l&rsquo;air ambiant en mode veille et en mode d\u00e9shumidification<\/p>\n<p>Construction robuste en acier dans une conception de chariot<\/p>\n<\/div>\n<\/div>\n<p>&nbsp;<\/p>\n<table id=\"t06718a48bb5667\" class=\"tech\" cellspacing=\"0\" cellpadding=\"0\">\n<thead>\n<tr class=\"titlerow\">\n<th class=\"color\" colspan=\"3\">Technical data<\/th>\n<\/tr>\n<\/thead>\n<tbody>\n<tr class=\"headerrow\">\n<th colspan=\"3\">General information<\/th>\n<\/tr>\n<tr class=\"odd\">\n<th width=\"30%\"><\/th>\n<th width=\"30%\">Article number<\/th>\n<td width=\"40%\">1.120.001.116<\/td>\n<\/tr>\n<tr class=\"headerrow\">\n<th colspan=\"3\">Dehumidification performance<\/th>\n<\/tr>\n<tr class=\"odd\">\n<th width=\"30%\"><\/th>\n<th width=\"30%\">At 20\u00a0\u00b0C \/ 60\u00a0% RH [l\/24h]<\/th>\n<td width=\"40%\">20<\/td>\n<\/tr>\n<tr class=\"even\">\n<th width=\"30%\"><\/th>\n<th width=\"30%\">At 30\u00a0\u00b0C \/ 80\u00a0% RH [l\/24h]<\/th>\n<td width=\"40%\">50<\/td>\n<\/tr>\n<tr class=\"odd\">\n<th width=\"30%\"><\/th>\n<th width=\"30%\">Max. [l\/24h]<\/th>\n<td width=\"40%\">52<\/td>\n<\/tr>\n<tr class=\"headerrow\">\n<th colspan=\"3\">Air flow rate<\/th>\n<\/tr>\n<tr class=\"odd\">\n<th width=\"30%\"><\/th>\n<th width=\"30%\">Level Max.<\/th>\n<td width=\"40%\">300<\/td>\n<\/tr>\n<tr class=\"headerrow\">\n<th colspan=\"3\">Recommended room size dry keeping<\/th>\n<\/tr>\n<tr class=\"odd\">\n<th width=\"30%\"><\/th>\n<th width=\"30%\">m\u00b3<\/th>\n<td width=\"40%\">230<\/td>\n<\/tr>\n<tr class=\"even\">\n<th width=\"30%\"><\/th>\n<th width=\"30%\">m\u00b2<\/th>\n<td width=\"40%\">90<\/td>\n<\/tr>\n<tr class=\"headerrow\">\n<th colspan=\"3\">Ambient conditions<\/th>\n<\/tr>\n<tr class=\"odd\">\n<th width=\"30%\"><\/th>\n<th width=\"30%\">Min. temperature range [\u00b0C]<\/th>\n<td width=\"40%\">5<\/td>\n<\/tr>\n<tr class=\"even\">\n<th width=\"30%\"><\/th>\n<th width=\"30%\">Max. temperature range [\u00b0C]<\/th>\n<td width=\"40%\">35<\/td>\n<\/tr>\n<tr class=\"odd\">\n<th width=\"30%\"><\/th>\n<th width=\"30%\">Min. humidity range [% RH]<\/th>\n<td width=\"40%\">10<\/td>\n<\/tr>\n<tr class=\"even\">\n<th width=\"30%\"><\/th>\n<th width=\"30%\">Max. humidity range [% RH]<\/th>\n<td width=\"40%\">95<\/td>\n<\/tr>\n<tr class=\"headerrow\">\n<th colspan=\"3\">Electrical values<\/th>\n<\/tr>\n<tr class=\"odd\">\n<th width=\"30%\"><\/th>\n<th width=\"30%\">Mains connection<\/th>\n<td width=\"40%\">220 &#8211; 240\u00a0V, 50 Hz<\/td>\n<\/tr>\n<tr class=\"even\">\n<th width=\"30%\"><\/th>\n<th width=\"30%\">Nominal current consumption [A]<\/th>\n<td width=\"40%\">4<\/td>\n<\/tr>\n<tr class=\"odd\">\n<th width=\"30%\"><\/th>\n<th width=\"30%\">Power input [kW]<\/th>\n<td width=\"40%\">0.95<\/td>\n<\/tr>\n<tr class=\"even\">\n<th width=\"30%\"><\/th>\n<th width=\"30%\">Recommended fusing [A]<\/th>\n<td width=\"40%\">10<\/td>\n<\/tr>\n<tr class=\"odd\">\n<th width=\"30%\"><\/th>\n<th width=\"30%\">Required current starting phase [A]<\/th>\n<td width=\"40%\">16<\/td>\n<\/tr>\n<tr class=\"headerrow\">\n<th colspan=\"3\">Electric connection<\/th>\n<\/tr>\n<tr class=\"odd\">\n<th width=\"30%\"><\/th>\n<th width=\"30%\">Connection plug<\/th>\n<td width=\"40%\">CEE 7\/7<\/td>\n<\/tr>\n<tr class=\"headerrow\">\n<th colspan=\"3\">Compressor<\/th>\n<\/tr>\n<tr class=\"odd\">\n<th width=\"30%\"><\/th>\n<th width=\"30%\">Rotary piston compressor<\/th>\n<td width=\"40%\"><\/td>\n<\/tr>\n<tr class=\"even\">\n<th width=\"30%\"><\/th>\n<th width=\"30%\">refrigerant<\/th>\n<td width=\"40%\">R-410A<\/td>\n<\/tr>\n<tr class=\"odd\">\n<th width=\"30%\"><\/th>\n<th width=\"30%\">Amount of refrigerant [g]<\/th>\n<td width=\"40%\">200<\/td>\n<\/tr>\n<tr class=\"even\">\n<th width=\"30%\"><\/th>\n<th width=\"30%\">Minimum room size [m\u00b2]<\/th>\n<td width=\"40%\">15<\/td>\n<\/tr>\n<tr class=\"odd\">\n<th width=\"30%\"><\/th>\n<th width=\"30%\">GWP factor<\/th>\n<td width=\"40%\">3<\/td>\n<\/tr>\n<tr class=\"even\">\n<th width=\"30%\"><\/th>\n<th width=\"30%\">CO<sub>2<\/sub>\u00a0equivalent<\/th>\n<td width=\"40%\">0.0006 t<\/td>\n<\/tr>\n<tr class=\"odd\">\n<th width=\"30%\"><\/th>\n<th width=\"30%\">Pressure suction side [MPa]<\/th>\n<td width=\"40%\">1<\/td>\n<\/tr>\n<tr class=\"even\">\n<th width=\"30%\"><\/th>\n<th width=\"30%\">Pressure outlet side [MPa]<\/th>\n<td width=\"40%\">2.5<\/td>\n<\/tr>\n<tr class=\"odd\">\n<th width=\"30%\"><\/th>\n<th width=\"30%\">Max. permissible pressure [Mpa]<\/th>\n<td width=\"40%\">2.5<\/td>\n<\/tr>\n<tr class=\"headerrow\">\n<th colspan=\"3\">Water tank<\/th>\n<\/tr>\n<tr class=\"odd\">\n<th width=\"30%\"><\/th>\n<th width=\"30%\">Contents in [l]<\/th>\n<td width=\"40%\">7<\/td>\n<\/tr>\n<tr class=\"headerrow\">\n<th colspan=\"3\">Sound values<\/th>\n<\/tr>\n<tr class=\"odd\">\n<th width=\"30%\"><\/th>\n<th width=\"30%\">Level 1 &#8211; Distance 1\u00a0m [dB(A)]<\/th>\n<td width=\"40%\">56<\/td>\n<\/tr>\n<tr class=\"headerrow\">\n<th colspan=\"3\">Functions and features<\/th>\n<\/tr>\n<tr class=\"odd\">\n<th width=\"30%\"><\/th>\n<th width=\"30%\">Cable holder<\/th>\n<td width=\"40%\"><\/td>\n<\/tr>\n<tr class=\"even\">\n<th width=\"30%\"><\/th>\n<th width=\"30%\">Current room temperature indication<\/th>\n<td width=\"40%\"><\/td>\n<\/tr>\n<tr class=\"odd\">\n<th width=\"30%\"><\/th>\n<th width=\"30%\">Memory function<\/th>\n<td width=\"40%\"><\/td>\n<\/tr>\n<tr class=\"even\">\n<th width=\"30%\"><\/th>\n<th width=\"30%\">LED display<\/th>\n<td width=\"40%\"><\/td>\n<\/tr>\n<tr class=\"odd\">\n<th width=\"30%\"><\/th>\n<th width=\"30%\">Display of the relative humidity level<\/th>\n<td width=\"40%\"><\/td>\n<\/tr>\n<tr class=\"even\">\n<th width=\"30%\"><\/th>\n<th width=\"30%\">Automatic fault diagnosis system<\/th>\n<td width=\"40%\"><\/td>\n<\/tr>\n<tr class=\"odd\">\n<th width=\"30%\"><\/th>\n<th width=\"30%\">Fan rundown function<\/th>\n<td width=\"40%\"><\/td>\n<\/tr>\n<tr class=\"headerrow\">\n<th colspan=\"3\">Dimensions<\/th>\n<\/tr>\n<tr class=\"odd\">\n<th width=\"30%\"><\/th>\n<th width=\"30%\">Length (packaging excluded) [mm]<\/th>\n<td width=\"40%\">480<\/td>\n<\/tr>\n<tr class=\"even\">\n<th width=\"30%\"><\/th>\n<th width=\"30%\">Width (packaging excluded) [mm]<\/th>\n<td width=\"40%\">450<\/td>\n<\/tr>\n<tr class=\"odd\">\n<th width=\"30%\"><\/th>\n<th width=\"30%\">Height (packaging excluded) [mm]<\/th>\n<td width=\"40%\">655<\/td>\n<\/tr>\n<tr class=\"headerrow\">\n<th colspan=\"3\">Weight<\/th>\n<\/tr>\n<tr class=\"odd\">\n<th width=\"30%\"><\/th>\n<th width=\"30%\">(packaging excluded) [kg]<\/th>\n<td width=\"40%\">30<\/td>\n<\/tr>\n<\/tbody>\n<\/table>\n<table id=\"t16718a48bb5667\" class=\"tech\" cellspacing=\"0\" cellpadding=\"0\">\n<thead>\n<tr class=\"titlerow\">\n<th class=\"color\" colspan=\"3\"><span style=\"font-weight: 400;\">Equipment, features and functions<\/span><\/th>\n<\/tr>\n<\/thead>\n<tbody>\n<tr class=\"headerrow\">\n<th colspan=\"3\"><span style=\"font-weight: 400;\">Automatic defrost system<\/span><\/th>\n<\/tr>\n<tr class=\"odd\">\n<th width=\"30%\"><span style=\"font-weight: 400;\">\u00a0<\/span><\/th>\n<th width=\"30%\"><span style=\"font-weight: 400;\">Air circulation \/ electronic<\/span><\/th>\n<td width=\"40%\"><\/td>\n<\/tr>\n<tr class=\"headerrow\">\n<th colspan=\"3\"><span style=\"font-weight: 400;\">Automatic dehumidification<\/span><\/th>\n<\/tr>\n<tr class=\"odd\">\n<th width=\"30%\"><span style=\"font-weight: 400;\">\u00a0<\/span><\/th>\n<th width=\"30%\"><span style=\"font-weight: 400;\">Non-stop dehumidification<\/span><\/th>\n<td width=\"40%\"><\/td>\n<\/tr>\n<tr class=\"even\">\n<th width=\"30%\"><span style=\"font-weight: 400;\">\u00a0<\/span><\/th>\n<th width=\"30%\"><span style=\"font-weight: 400;\">Hygrostat-controlled<\/span><\/th>\n<td width=\"40%\"><\/td>\n<\/tr>\n<tr class=\"odd\">\n<th width=\"30%\"><span style=\"font-weight: 400;\">\u00a0<\/span><\/th>\n<th width=\"30%\"><span style=\"font-weight: 400;\">Electronic hygrostat<\/span><\/th>\n<td width=\"40%\"><\/td>\n<\/tr>\n<tr class=\"headerrow\">\n<th colspan=\"3\"><span style=\"font-weight: 400;\">Fan<\/span><\/th>\n<\/tr>\n<tr class=\"odd\">\n<th width=\"30%\"><span style=\"font-weight: 400;\">\u00a0<\/span><\/th>\n<th width=\"30%\"><span style=\"font-weight: 400;\">axial<\/span><\/th>\n<td width=\"40%\"><\/td>\n<\/tr>\n<tr class=\"even\">\n<th width=\"30%\"><span style=\"font-weight: 400;\">\u00a0<\/span><\/th>\n<th width=\"30%\"><span style=\"font-weight: 400;\">stages<\/span><\/th>\n<td width=\"40%\">1<\/td>\n<\/tr>\n<tr class=\"headerrow\">\n<th colspan=\"3\"><span style=\"font-weight: 400;\">Condensate tank monitoring<\/span><\/th>\n<\/tr>\n<tr class=\"odd\">\n<th width=\"30%\"><span style=\"font-weight: 400;\">\u00a0<\/span><\/th>\n<th width=\"30%\"><span style=\"font-weight: 400;\">Container available<\/span><\/th>\n<td width=\"40%\"><\/td>\n<\/tr>\n<tr class=\"even\">\n<th width=\"30%\"><span style=\"font-weight: 400;\">\u00a0<\/span><\/th>\n<th width=\"30%\"><span style=\"font-weight: 400;\">Overflow protection with automatic switch-off<\/span><\/th>\n<td width=\"40%\"><\/td>\n<\/tr>\n<tr class=\"odd\">\n<th width=\"30%\"><span style=\"font-weight: 400;\">\u00a0<\/span><\/th>\n<th width=\"30%\"><span style=\"font-weight: 400;\">Filling level warning light to indicate a full water tank<\/span><\/th>\n<td width=\"40%\"><\/td>\n<\/tr>\n<tr class=\"headerrow\">\n<th colspan=\"3\"><span style=\"font-weight: 400;\">Room air filter<\/span><\/th>\n<\/tr>\n<tr class=\"odd\">\n<th width=\"30%\"><span style=\"font-weight: 400;\">\u00a0<\/span><\/th>\n<th width=\"30%\"><span style=\"font-weight: 400;\">Cleanable<\/span><\/th>\n<td width=\"40%\"><\/td>\n<\/tr>\n<tr class=\"even\">\n<th width=\"30%\"><span style=\"font-weight: 400;\">\u00a0<\/span><\/th>\n<th width=\"30%\"><span style=\"font-weight: 400;\">Readily accessible<\/span><\/th>\n<td width=\"40%\"><\/td>\n<\/tr>\n<tr class=\"headerrow\">\n<th colspan=\"3\"><span style=\"font-weight: 400;\">Timer function<\/span><\/th>\n<\/tr>\n<tr class=\"odd\">\n<th width=\"30%\"><span style=\"font-weight: 400;\">\u00a0<\/span><\/th>\n<th width=\"30%\"><span style=\"font-weight: 400;\">Switch-on time preselectable<\/span><\/th>\n<td width=\"40%\"><\/td>\n<\/tr>\n<tr class=\"even\">\n<th width=\"30%\"><span style=\"font-weight: 400;\">\u00a0<\/span><\/th>\n<th width=\"30%\"><span style=\"font-weight: 400;\">Switch-off time can be preselected<\/span><\/th>\n<td width=\"40%\"><\/td>\n<\/tr>\n<tr class=\"headerrow\">\n<th colspan=\"3\"><span style=\"font-weight: 400;\">Mobility<\/span><\/th>\n<\/tr>\n<tr class=\"odd\">\n<th width=\"30%\"><span style=\"font-weight: 400;\">\u00a0<\/span><\/th>\n<th width=\"30%\"><span style=\"font-weight: 400;\">Non-marking full-rubber wheels<\/span><\/th>\n<td width=\"40%\"><\/td>\n<\/tr>\n<tr class=\"even\">\n<th width=\"30%\"><span style=\"font-weight: 400;\">\u00a0<\/span><\/th>\n<th width=\"30%\"><span style=\"font-weight: 400;\">Carry\/transport handle(s)<\/span><\/th>\n<td width=\"40%\"><\/td>\n<\/tr>\n<tr class=\"odd\">\n<th width=\"30%\"><span style=\"font-weight: 400;\">\u00a0<\/span><\/th>\n<th width=\"30%\"><span style=\"font-weight: 400;\">Cable winder<\/span><\/th>\n<td width=\"40%\"><\/td>\n<\/tr>\n<tr class=\"even\">\n<th width=\"30%\"><span style=\"font-weight: 400;\">\u00a0<\/span><\/th>\n<th width=\"30%\"><span style=\"font-weight: 400;\">Carriage design<\/span><\/th>\n<td width=\"40%\"><\/td>\n<\/tr>\n<tr class=\"odd\">\n<th width=\"30%\"><span style=\"font-weight: 400;\">\u00a0<\/span><\/th>\n<th width=\"30%\"><span style=\"font-weight: 400;\">Feet<\/span><\/th>\n<td width=\"40%\"><\/td>\n<\/tr>\n<tr class=\"headerrow\">\n<th colspan=\"3\"><span style=\"font-weight: 400;\">Condensate drain<\/span><\/th>\n<\/tr>\n<tr class=\"odd\">\n<th width=\"30%\"><span style=\"font-weight: 400;\">\u00a0<\/span><\/th>\n<th width=\"30%\"><span style=\"font-weight: 400;\">Hose connection possible<\/span><\/th>\n<td width=\"40%\"><\/td>\n<\/tr>\n<tr class=\"even\">\n<th width=\"30%\"><span style=\"font-weight: 400;\">\u00a0<\/span><\/th>\n<th width=\"30%\"><span style=\"font-weight: 400;\">Recommended hose size [mm]<\/span><\/th>\n<td width=\"40%\">13\u00a0mm<\/td>\n<\/tr>\n<tr class=\"odd\">\n<th width=\"30%\"><span style=\"font-weight: 400;\">\u00a0<\/span><\/th>\n<th width=\"30%\"><span style=\"font-weight: 400;\">Condensate pump<\/span><\/th>\n<td width=\"40%\"><\/td>\n<\/tr>\n<tr class=\"headerrow\">\n<th colspan=\"3\"><span style=\"font-weight: 400;\">Control panel<\/span><\/th>\n<\/tr>\n<tr class=\"odd\">\n<th width=\"30%\"><span style=\"font-weight: 400;\">\u00a0<\/span><\/th>\n<th width=\"30%\"><span style=\"font-weight: 400;\">Digital display<\/span><\/th>\n<td width=\"40%\"><\/td>\n<\/tr>\n<tr class=\"even\">\n<th width=\"30%\"><span style=\"font-weight: 400;\">\u00a0<\/span><\/th>\n<th width=\"30%\"><span style=\"font-weight: 400;\">Touchscreen control panel<\/span><\/th>\n<td width=\"40%\"><\/td>\n<\/tr>\n<tr class=\"headerrow\">\n<th colspan=\"3\"><span style=\"font-weight: 400;\">Housing design<\/span><\/th>\n<\/tr>\n<tr class=\"odd\">\n<th width=\"30%\"><span style=\"font-weight: 400;\">\u00a0<\/span><\/th>\n<th width=\"30%\"><span style=\"font-weight: 400;\">Steel coated<\/span><\/th>\n<td width=\"40%\"><\/td>\n<\/tr>\n<\/tbody>\n<\/table>\n","protected":false},"excerpt":{"rendered":"<div id=\"c2015837\" class=\"csc-default ctype-text\">\n<div class=\"csc-header csc-header-n1\">\n<p>Solution particuli\u00e8rement \u00e9conomique pour les applications de d\u00e9shumidification typiques dans le secteur commercial<\/p>\n<p>En termes d&rsquo;efficacit\u00e9, il n&rsquo;y a gu\u00e8re d&rsquo;autre appareil qui puisse rivaliser avec la solution \u00e9conomique TTK\u00a0166\u00a0ECO. Le d\u00e9shumidificateur traite environ 52\u00a0litres en 24\u00a0heures, ce qui constitue une performance de s\u00e9chage impressionnante pour le secteur commercial.<\/p>\n<p>L&rsquo;humidit\u00e9 et la temp\u00e9rature actuelles de l&rsquo;air ambiant peuvent \u00eatre facilement lues sur son grand \u00e9cran num\u00e9rique, aussi bien en mode veille qu&rsquo;en mode d\u00e9shumidification. L&rsquo;humidit\u00e9 relative de l&rsquo;air ambiant souhait\u00e9e peut \u00eatre r\u00e9gl\u00e9e sur des valeurs comprises entre 10\u00a0% et 95\u00a0% par paliers de 1. Le contr\u00f4le du s\u00e9chage en fonction de l&rsquo;humidit\u00e9 ne pose donc aucun probl\u00e8me gr\u00e2ce \u00e0 l&rsquo;hygrostat int\u00e9gr\u00e9.<\/p>\n<\/div>\n<\/div>\n","protected":false},"featured_media":15206,"template":"","meta":[],"product_brand":[],"product_cat":[420],"product_tag":[],"class_list":{"0":"post-15210","1":"product","2":"type-product","3":"status-publish","4":"has-post-thumbnail","6":"product_cat-trotec-fr","8":"first","9":"instock","10":"shipping-taxable","11":"purchasable","12":"product-type-simple"},"yoast_head":"<!-- This site is optimized with the Yoast SEO plugin v27.1.1 - https:\/\/yoast.com\/product\/yoast-seo-wordpress\/ -->\n<title>D\u00e9shumidificateur commercial TTK 166 ECO - GeoClimate.ge<\/title>\n<meta name=\"robots\" content=\"index, follow, max-snippet:-1, max-image-preview:large, max-video-preview:-1\" \/>\n<link rel=\"canonical\" href=\"https:\/\/geoclimate.ge\/fr\/produit\/commercial-dehumidifier-ttk-166-eco\/\" \/>\n<meta property=\"og:locale\" content=\"fr_FR\" \/>\n<meta property=\"og:type\" content=\"article\" \/>\n<meta property=\"og:title\" content=\"D\u00e9shumidificateur commercial TTK 166 ECO - GeoClimate.ge\" \/>\n<meta property=\"og:description\" content=\"Solution particuli\u00e8rement \u00e9conomique pour les applications de d\u00e9shumidification typiques dans le secteur commercial  En termes d&#039;efficacit\u00e9, il n&#039;y a gu\u00e8re d&#039;autre appareil qui puisse rivaliser avec la solution \u00e9conomique TTK\u00a0166\u00a0ECO. Le d\u00e9shumidificateur traite environ 52\u00a0litres en 24\u00a0heures, ce qui constitue une performance de s\u00e9chage impressionnante pour le secteur commercial.  L&#039;humidit\u00e9 et la temp\u00e9rature actuelles de l&#039;air ambiant peuvent \u00eatre facilement lues sur son grand \u00e9cran num\u00e9rique, aussi bien en mode veille qu&#039;en mode d\u00e9shumidification. L&#039;humidit\u00e9 relative de l&#039;air ambiant souhait\u00e9e peut \u00eatre r\u00e9gl\u00e9e sur des valeurs comprises entre 10\u00a0% et 95\u00a0% par paliers de 1. Le contr\u00f4le du s\u00e9chage en fonction de l&#039;humidit\u00e9 ne pose donc aucun probl\u00e8me gr\u00e2ce \u00e0 l&#039;hygrostat int\u00e9gr\u00e9.\" \/>\n<meta property=\"og:url\" content=\"https:\/\/geoclimate.ge\/fr\/produit\/commercial-dehumidifier-ttk-166-eco\/\" \/>\n<meta property=\"og:site_name\" content=\"GeoClimate.ge\" \/>\n<meta property=\"article:modified_time\" content=\"2024-11-01T13:15:22+00:00\" \/>\n<meta property=\"og:image\" content=\"https:\/\/geoclimate.ge\/wp-content\/uploads\/2024\/10\/ttk-166-eco-perspective-view-391e.jpg\" \/>\n\t<meta property=\"og:image:width\" content=\"800\" \/>\n\t<meta property=\"og:image:height\" content=\"800\" \/>\n\t<meta property=\"og:image:type\" content=\"image\/jpeg\" \/>\n<meta name=\"twitter:card\" content=\"summary_large_image\" \/>\n<meta name=\"twitter:label1\" content=\"Dur\u00e9e de lecture estim\u00e9e\" \/>\n\t<meta name=\"twitter:data1\" content=\"2 minutes\" \/>\n<script type=\"application\/ld+json\" class=\"yoast-schema-graph\">{\"@context\":\"https:\/\/schema.org\",\"@graph\":[{\"@type\":\"WebPage\",\"@id\":\"https:\/\/geoclimate.ge\/fr\/produit\/commercial-dehumidifier-ttk-166-eco\/\",\"url\":\"https:\/\/geoclimate.ge\/fr\/produit\/commercial-dehumidifier-ttk-166-eco\/\",\"name\":\"D\u00e9shumidificateur commercial TTK 166 ECO - GeoClimate.ge\",\"isPartOf\":{\"@id\":\"https:\/\/geoclimate.ge\/#website\"},\"primaryImageOfPage\":{\"@id\":\"https:\/\/geoclimate.ge\/fr\/produit\/commercial-dehumidifier-ttk-166-eco\/#primaryimage\"},\"image\":{\"@id\":\"https:\/\/geoclimate.ge\/fr\/produit\/commercial-dehumidifier-ttk-166-eco\/#primaryimage\"},\"thumbnailUrl\":\"https:\/\/geoclimate.ge\/wp-content\/uploads\/2024\/10\/ttk-166-eco-perspective-view-391e.jpg\",\"datePublished\":\"2024-10-23T07:37:12+00:00\",\"dateModified\":\"2024-11-01T13:15:22+00:00\",\"breadcrumb\":{\"@id\":\"https:\/\/geoclimate.ge\/fr\/produit\/commercial-dehumidifier-ttk-166-eco\/#breadcrumb\"},\"inLanguage\":\"fr-FR\",\"potentialAction\":[{\"@type\":\"ReadAction\",\"target\":[\"https:\/\/geoclimate.ge\/fr\/produit\/commercial-dehumidifier-ttk-166-eco\/\"]}]},{\"@type\":\"ImageObject\",\"inLanguage\":\"fr-FR\",\"@id\":\"https:\/\/geoclimate.ge\/fr\/produit\/commercial-dehumidifier-ttk-166-eco\/#primaryimage\",\"url\":\"https:\/\/geoclimate.ge\/wp-content\/uploads\/2024\/10\/ttk-166-eco-perspective-view-391e.jpg\",\"contentUrl\":\"https:\/\/geoclimate.ge\/wp-content\/uploads\/2024\/10\/ttk-166-eco-perspective-view-391e.jpg\",\"width\":800,\"height\":800},{\"@type\":\"BreadcrumbList\",\"@id\":\"https:\/\/geoclimate.ge\/fr\/produit\/commercial-dehumidifier-ttk-166-eco\/#breadcrumb\",\"itemListElement\":[{\"@type\":\"ListItem\",\"position\":1,\"name\":\"Home\",\"item\":\"https:\/\/geoclimate.ge\/fr\/\"},{\"@type\":\"ListItem\",\"position\":2,\"name\":\"Products\",\"item\":\"https:\/\/geoclimate.ge\/fr\/products\/\"},{\"@type\":\"ListItem\",\"position\":3,\"name\":\"D\u00e9shumidificateur commercial TTK 166 ECO\"}]},{\"@type\":\"WebSite\",\"@id\":\"https:\/\/geoclimate.ge\/#website\",\"url\":\"https:\/\/geoclimate.ge\/\",\"name\":\"GeoClimate\",\"description\":\"\",\"publisher\":{\"@id\":\"https:\/\/geoclimate.ge\/#organization\"},\"potentialAction\":[{\"@type\":\"SearchAction\",\"target\":{\"@type\":\"EntryPoint\",\"urlTemplate\":\"https:\/\/geoclimate.ge\/?s={search_term_string}\"},\"query-input\":{\"@type\":\"PropertyValueSpecification\",\"valueRequired\":true,\"valueName\":\"search_term_string\"}}],\"inLanguage\":\"fr-FR\"},{\"@type\":\"Organization\",\"@id\":\"https:\/\/geoclimate.ge\/#organization\",\"name\":\"GeoClimate\",\"url\":\"https:\/\/geoclimate.ge\/\",\"logo\":{\"@type\":\"ImageObject\",\"inLanguage\":\"fr-FR\",\"@id\":\"https:\/\/geoclimate.ge\/#\/schema\/logo\/image\/\",\"url\":\"https:\/\/geoclimate.ge\/wp-content\/uploads\/2026\/03\/geoclimate-SEO.png\",\"contentUrl\":\"https:\/\/geoclimate.ge\/wp-content\/uploads\/2026\/03\/geoclimate-SEO.png\",\"width\":1536,\"height\":1024,\"caption\":\"GeoClimate\"},\"image\":{\"@id\":\"https:\/\/geoclimate.ge\/#\/schema\/logo\/image\/\"}}]}<\/script>\n<!-- \/ Yoast SEO plugin. -->","yoast_head_json":{"title":"D\u00e9shumidificateur commercial TTK 166 ECO - GeoClimate.ge","robots":{"index":"index","follow":"follow","max-snippet":"max-snippet:-1","max-image-preview":"max-image-preview:large","max-video-preview":"max-video-preview:-1"},"canonical":"https:\/\/geoclimate.ge\/fr\/produit\/commercial-dehumidifier-ttk-166-eco\/","og_locale":"fr_FR","og_type":"article","og_title":"D\u00e9shumidificateur commercial TTK 166 ECO - GeoClimate.ge","og_description":"Solution particuli\u00e8rement \u00e9conomique pour les applications de d\u00e9shumidification typiques dans le secteur commercial  En termes d'efficacit\u00e9, il n'y a gu\u00e8re d'autre appareil qui puisse rivaliser avec la solution \u00e9conomique TTK\u00a0166\u00a0ECO. Le d\u00e9shumidificateur traite environ 52\u00a0litres en 24\u00a0heures, ce qui constitue une performance de s\u00e9chage impressionnante pour le secteur commercial.  L'humidit\u00e9 et la temp\u00e9rature actuelles de l'air ambiant peuvent \u00eatre facilement lues sur son grand \u00e9cran num\u00e9rique, aussi bien en mode veille qu'en mode d\u00e9shumidification. L'humidit\u00e9 relative de l'air ambiant souhait\u00e9e peut \u00eatre r\u00e9gl\u00e9e sur des valeurs comprises entre 10\u00a0% et 95\u00a0% par paliers de 1. Le contr\u00f4le du s\u00e9chage en fonction de l'humidit\u00e9 ne pose donc aucun probl\u00e8me gr\u00e2ce \u00e0 l'hygrostat int\u00e9gr\u00e9.","og_url":"https:\/\/geoclimate.ge\/fr\/produit\/commercial-dehumidifier-ttk-166-eco\/","og_site_name":"GeoClimate.ge","article_modified_time":"2024-11-01T13:15:22+00:00","og_image":[{"width":800,"height":800,"url":"https:\/\/geoclimate.ge\/wp-content\/uploads\/2024\/10\/ttk-166-eco-perspective-view-391e.jpg","type":"image\/jpeg"}],"twitter_card":"summary_large_image","twitter_misc":{"Dur\u00e9e de lecture estim\u00e9e":"2 minutes"},"schema":{"@context":"https:\/\/schema.org","@graph":[{"@type":"WebPage","@id":"https:\/\/geoclimate.ge\/fr\/produit\/commercial-dehumidifier-ttk-166-eco\/","url":"https:\/\/geoclimate.ge\/fr\/produit\/commercial-dehumidifier-ttk-166-eco\/","name":"D\u00e9shumidificateur commercial TTK 166 ECO - GeoClimate.ge","isPartOf":{"@id":"https:\/\/geoclimate.ge\/#website"},"primaryImageOfPage":{"@id":"https:\/\/geoclimate.ge\/fr\/produit\/commercial-dehumidifier-ttk-166-eco\/#primaryimage"},"image":{"@id":"https:\/\/geoclimate.ge\/fr\/produit\/commercial-dehumidifier-ttk-166-eco\/#primaryimage"},"thumbnailUrl":"https:\/\/geoclimate.ge\/wp-content\/uploads\/2024\/10\/ttk-166-eco-perspective-view-391e.jpg","datePublished":"2024-10-23T07:37:12+00:00","dateModified":"2024-11-01T13:15:22+00:00","breadcrumb":{"@id":"https:\/\/geoclimate.ge\/fr\/produit\/commercial-dehumidifier-ttk-166-eco\/#breadcrumb"},"inLanguage":"fr-FR","potentialAction":[{"@type":"ReadAction","target":["https:\/\/geoclimate.ge\/fr\/produit\/commercial-dehumidifier-ttk-166-eco\/"]}]},{"@type":"ImageObject","inLanguage":"fr-FR","@id":"https:\/\/geoclimate.ge\/fr\/produit\/commercial-dehumidifier-ttk-166-eco\/#primaryimage","url":"https:\/\/geoclimate.ge\/wp-content\/uploads\/2024\/10\/ttk-166-eco-perspective-view-391e.jpg","contentUrl":"https:\/\/geoclimate.ge\/wp-content\/uploads\/2024\/10\/ttk-166-eco-perspective-view-391e.jpg","width":800,"height":800},{"@type":"BreadcrumbList","@id":"https:\/\/geoclimate.ge\/fr\/produit\/commercial-dehumidifier-ttk-166-eco\/#breadcrumb","itemListElement":[{"@type":"ListItem","position":1,"name":"Home","item":"https:\/\/geoclimate.ge\/fr\/"},{"@type":"ListItem","position":2,"name":"Products","item":"https:\/\/geoclimate.ge\/fr\/products\/"},{"@type":"ListItem","position":3,"name":"D\u00e9shumidificateur commercial TTK 166 ECO"}]},{"@type":"WebSite","@id":"https:\/\/geoclimate.ge\/#website","url":"https:\/\/geoclimate.ge\/","name":"GeoClimate","description":"","publisher":{"@id":"https:\/\/geoclimate.ge\/#organization"},"potentialAction":[{"@type":"SearchAction","target":{"@type":"EntryPoint","urlTemplate":"https:\/\/geoclimate.ge\/?s={search_term_string}"},"query-input":{"@type":"PropertyValueSpecification","valueRequired":true,"valueName":"search_term_string"}}],"inLanguage":"fr-FR"},{"@type":"Organization","@id":"https:\/\/geoclimate.ge\/#organization","name":"GeoClimate","url":"https:\/\/geoclimate.ge\/","logo":{"@type":"ImageObject","inLanguage":"fr-FR","@id":"https:\/\/geoclimate.ge\/#\/schema\/logo\/image\/","url":"https:\/\/geoclimate.ge\/wp-content\/uploads\/2026\/03\/geoclimate-SEO.png","contentUrl":"https:\/\/geoclimate.ge\/wp-content\/uploads\/2026\/03\/geoclimate-SEO.png","width":1536,"height":1024,"caption":"GeoClimate"},"image":{"@id":"https:\/\/geoclimate.ge\/#\/schema\/logo\/image\/"}}]}},"_links":{"self":[{"href":"https:\/\/geoclimate.ge\/fr\/wp-json\/wp\/v2\/product\/15210","targetHints":{"allow":["GET"]}}],"collection":[{"href":"https:\/\/geoclimate.ge\/fr\/wp-json\/wp\/v2\/product"}],"about":[{"href":"https:\/\/geoclimate.ge\/fr\/wp-json\/wp\/v2\/types\/product"}],"wp:featuredmedia":[{"embeddable":true,"href":"https:\/\/geoclimate.ge\/fr\/wp-json\/wp\/v2\/media\/15206"}],"wp:attachment":[{"href":"https:\/\/geoclimate.ge\/fr\/wp-json\/wp\/v2\/media?parent=15210"}],"wp:term":[{"taxonomy":"product_brand","embeddable":true,"href":"https:\/\/geoclimate.ge\/fr\/wp-json\/wp\/v2\/product_brand?post=15210"},{"taxonomy":"product_cat","embeddable":true,"href":"https:\/\/geoclimate.ge\/fr\/wp-json\/wp\/v2\/product_cat?post=15210"},{"taxonomy":"product_tag","embeddable":true,"href":"https:\/\/geoclimate.ge\/fr\/wp-json\/wp\/v2\/product_tag?post=15210"}],"curies":[{"name":"wp","href":"https:\/\/api.w.org\/{rel}","templated":true}]}}