{"id":15577,"date":"2024-11-12T21:55:47","date_gmt":"2024-11-12T17:55:47","guid":{"rendered":"https:\/\/airsystems.ge\/shop\/product\/bg40-gas-detector\/"},"modified":"2024-11-12T22:00:37","modified_gmt":"2024-11-12T18:00:37","slug":"bg40-gas-detector","status":"publish","type":"product","link":"https:\/\/geoclimate.ge\/fr\/produit\/bg40-gas-detector\/","title":{"rendered":"D\u00e9tecteur de gaz BG40"},"content":{"rendered":"<p>Avantages pour la pratique :<\/p>\n<p>Dispositif d&rsquo;avertissement de gaz et d\u00e9tecteur de gaz en un seul appareil<br \/>\nAlarme optique, acoustique et vibratoire<br \/>\nFr\u00e9quence et volume de l&rsquo;alarme en fonction de la concentration de gaz<br \/>\nGrand \u00e9cran facile \u00e0 lire avec affichage indicateur suppl\u00e9mentaire<br \/>\n\u00c9cran LCD r\u00e9tro\u00e9clair\u00e9<br \/>\nArr\u00eat automatique<br \/>\nTouches de fonction Soft Touch<br \/>\nFiletage de tr\u00e9pied 1\/4&Prime;<br \/>\nUtilisation simple d&rsquo;une seule main<br \/>\nRapport qualit\u00e9-prix optimal<br \/>\nSonde col de cygne semi-flexible de 40 cm de long pour l&rsquo;examen des endroits difficiles d&rsquo;acc\u00e8s<br \/>\nLe BG40 d\u00e9tecte de mani\u00e8re fiable les gaz combustibles tels que gaz naturel, m\u00e9thane, \u00e9thane, propane, butane, hexane, \u00e9thyl\u00e8ne, ac\u00e9tald\u00e9hyde, formald\u00e9hyde, tolu\u00e8ne, p-xyl\u00e8ne, ac\u00e9tone, alcool, benz\u00e8ne, ammoniac, vapeur, monoxyde de carbone, essence et sulfure d&rsquo;hydrog\u00e8ne.<\/p>\n<p>Voici quelques d\u00e9tails techniques du BG40\u00a0:<\/p>\n<p>Plage de mesure min.\u00a0: 0 ppm<br \/>\nPlage de mesure max.\u00a0: 10\u00a0000 ppm<br \/>\nPr\u00e9cision\u00a0: 50 ppm<br \/>\nTemps de r\u00e9ponse\u00a0: 2 s<br \/>\nSensibilit\u00e9\u00a0: &lt;\u00a010 ppm<br \/>\nCalibrage standard\u00a0: m\u00e9thane<br \/>\nNiveau d&rsquo;alarme max.\u00a0: x10\u00a0: &gt;\u00a01\u00a0000, X100\u00a0: &gt;\u00a010\u00a0000<br \/>\nFonctions\u00a0: alarme visuelle et acoustique (la fr\u00e9quence et le volume de l&rsquo;alarme sont relatifs \u00e0 la concentration de gaz), alarme par vibration, fonction d&rsquo;arr\u00eat automatique, fonction de mise \u00e0 z\u00e9ro automatique<br \/>\nConditions ambiantes Fonctionnement\u00a0: 0 \u00e0 +40 \u00b0C, 10 \u00e0 85 % HR. (sans condensation)<br \/>\nConditions ambiantes Stockage : -10 \u00e0 + 60 \u00b0C<br \/>\nSonde col de cygne : Longueur environ 40 cm<br \/>\nAutonomie de la batterie : environ 8 heures<br \/>\nDimensions de l&rsquo;appareil LXBXH : 45 x 60 x 220 mm<br \/>\nPoids : 428 g<\/p>\n<p><a href=\"https:\/\/uk.trotec.com\/fileadmin\/downloads\/Messgeraete\/Emission\/BG40\/TRT-BA-BG40-TC-003-EN.pdf\">Operating manual BG40 gasdetector (EN)<\/a><\/p>\n","protected":false},"excerpt":{"rendered":"<p>Description du produit<br \/>\nLe stockage et l&rsquo;utilisation de gaz combustibles tels que le gaz naturel, le m\u00e9thane, l&rsquo;\u00e9thane et le propane font partie des risques de la vie quotidienne qu&rsquo;il ne faut pas sous-estimer. C&rsquo;est pourquoi il convient de v\u00e9rifier r\u00e9guli\u00e8rement l&rsquo;\u00e9tanch\u00e9it\u00e9 des cartouches de gaz et des conteneurs de gaz liquide dans le m\u00e9nage ou sur le bateau, ainsi que des conduites et des raccords de gaz, \u00e0 l&rsquo;aide d&rsquo;un d\u00e9tecteur de gaz tel que le BG40.<\/p>\n<p>Gr\u00e2ce \u00e0 sa grande sensibilit\u00e9, l&rsquo;indicateur de gaz compact BG40 d\u00e9tecte m\u00eame les plus petites fuites de gaz en seulement deux secondes &#8211; et avertit avec une sensibilit\u00e9 inf\u00e9rieure \u00e0 10 ppm m\u00eame des concentrations de gaz les plus faibles au moyen d&rsquo;alarmes optiques, acoustiques et vibratoires. L&rsquo;alarme acoustique signale une intensit\u00e9 croissante du gaz sortant avec une fr\u00e9quence et un volume croissants.<\/p>\n<p>Une sonde flexible de 40 cm (15,75&Prime;) permet de d\u00e9tecter et d&rsquo;identifier une fuite dans des zones difficiles d&rsquo;acc\u00e8s et restreintes. Le d\u00e9tecteur de gaz est \u00e9quip\u00e9 d&rsquo;un \u00e9cran LCD r\u00e9tro\u00e9clair\u00e9, qui permet de lire rapidement et facilement les valeurs ppm mesur\u00e9es \u00e0 tout moment, m\u00eame dans des conditions d&rsquo;\u00e9clairage d\u00e9favorables. De plus, le niveau d&rsquo;explosion inf\u00e9rieur, abr\u00e9g\u00e9 LEL, qui d\u00e9finit la concentration minimale de gaz dans l&rsquo;air \u00e0 laquelle une explosion est possible, est affich\u00e9.<\/p>\n","protected":false},"featured_media":15574,"template":"","meta":[],"product_brand":[],"product_cat":[412,430],"product_tag":[],"class_list":{"0":"post-15577","1":"product","2":"type-product","3":"status-publish","4":"has-post-thumbnail","6":"product_cat-climatisation-deshumidificateur-dair-ventilateur-fr-ventilation","7":"product_cat-emission-fr","9":"first","10":"instock","11":"shipping-taxable","12":"purchasable","13":"product-type-simple"},"yoast_head":"<!-- This site is optimized with the Yoast SEO plugin v27.1.1 - https:\/\/yoast.com\/product\/yoast-seo-wordpress\/ -->\n<title>D\u00e9tecteur de gaz BG40 - GeoClimate.ge<\/title>\n<meta name=\"robots\" content=\"index, follow, max-snippet:-1, max-image-preview:large, max-video-preview:-1\" \/>\n<link rel=\"canonical\" href=\"https:\/\/geoclimate.ge\/fr\/produit\/bg40-gas-detector\/\" \/>\n<meta property=\"og:locale\" content=\"fr_FR\" \/>\n<meta property=\"og:type\" content=\"article\" \/>\n<meta property=\"og:title\" content=\"D\u00e9tecteur de gaz BG40 - GeoClimate.ge\" \/>\n<meta property=\"og:description\" content=\"Description du produit Le stockage et l&#039;utilisation de gaz combustibles tels que le gaz naturel, le m\u00e9thane, l&#039;\u00e9thane et le propane font partie des risques de la vie quotidienne qu&#039;il ne faut pas sous-estimer. C&#039;est pourquoi il convient de v\u00e9rifier r\u00e9guli\u00e8rement l&#039;\u00e9tanch\u00e9it\u00e9 des cartouches de gaz et des conteneurs de gaz liquide dans le m\u00e9nage ou sur le bateau, ainsi que des conduites et des raccords de gaz, \u00e0 l&#039;aide d&#039;un d\u00e9tecteur de gaz tel que le BG40.  Gr\u00e2ce \u00e0 sa grande sensibilit\u00e9, l&#039;indicateur de gaz compact BG40 d\u00e9tecte m\u00eame les plus petites fuites de gaz en seulement deux secondes - et avertit avec une sensibilit\u00e9 inf\u00e9rieure \u00e0 10 ppm m\u00eame des concentrations de gaz les plus faibles au moyen d&#039;alarmes optiques, acoustiques et vibratoires. L&#039;alarme acoustique signale une intensit\u00e9 croissante du gaz sortant avec une fr\u00e9quence et un volume croissants.  Une sonde flexible de 40 cm (15,75&quot;) permet de d\u00e9tecter et d&#039;identifier une fuite dans des zones difficiles d&#039;acc\u00e8s et restreintes. Le d\u00e9tecteur de gaz est \u00e9quip\u00e9 d&#039;un \u00e9cran LCD r\u00e9tro\u00e9clair\u00e9, qui permet de lire rapidement et facilement les valeurs ppm mesur\u00e9es \u00e0 tout moment, m\u00eame dans des conditions d&#039;\u00e9clairage d\u00e9favorables. De plus, le niveau d&#039;explosion inf\u00e9rieur, abr\u00e9g\u00e9 LEL, qui d\u00e9finit la concentration minimale de gaz dans l&#039;air \u00e0 laquelle une explosion est possible, est affich\u00e9.\" \/>\n<meta property=\"og:url\" content=\"https:\/\/geoclimate.ge\/fr\/produit\/bg40-gas-detector\/\" \/>\n<meta property=\"og:site_name\" content=\"GeoClimate.ge\" \/>\n<meta property=\"article:modified_time\" content=\"2024-11-12T18:00:37+00:00\" \/>\n<meta property=\"og:image\" content=\"https:\/\/geoclimate.ge\/wp-content\/uploads\/2024\/11\/bg40-6d4d-1.jpg\" \/>\n\t<meta property=\"og:image:width\" content=\"600\" \/>\n\t<meta property=\"og:image:height\" content=\"600\" \/>\n\t<meta property=\"og:image:type\" content=\"image\/jpeg\" \/>\n<meta name=\"twitter:card\" content=\"summary_large_image\" \/>\n<meta name=\"twitter:label1\" content=\"Dur\u00e9e de lecture estim\u00e9e\" \/>\n\t<meta name=\"twitter:data1\" content=\"1 minute\" \/>\n<script type=\"application\/ld+json\" class=\"yoast-schema-graph\">{\"@context\":\"https:\/\/schema.org\",\"@graph\":[{\"@type\":\"WebPage\",\"@id\":\"https:\/\/geoclimate.ge\/fr\/produit\/bg40-gas-detector\/\",\"url\":\"https:\/\/geoclimate.ge\/fr\/produit\/bg40-gas-detector\/\",\"name\":\"D\u00e9tecteur de gaz BG40 - GeoClimate.ge\",\"isPartOf\":{\"@id\":\"https:\/\/geoclimate.ge\/#website\"},\"primaryImageOfPage\":{\"@id\":\"https:\/\/geoclimate.ge\/fr\/produit\/bg40-gas-detector\/#primaryimage\"},\"image\":{\"@id\":\"https:\/\/geoclimate.ge\/fr\/produit\/bg40-gas-detector\/#primaryimage\"},\"thumbnailUrl\":\"https:\/\/geoclimate.ge\/wp-content\/uploads\/2024\/11\/bg40-6d4d-1.jpg\",\"datePublished\":\"2024-11-12T17:55:47+00:00\",\"dateModified\":\"2024-11-12T18:00:37+00:00\",\"breadcrumb\":{\"@id\":\"https:\/\/geoclimate.ge\/fr\/produit\/bg40-gas-detector\/#breadcrumb\"},\"inLanguage\":\"fr-FR\",\"potentialAction\":[{\"@type\":\"ReadAction\",\"target\":[\"https:\/\/geoclimate.ge\/fr\/produit\/bg40-gas-detector\/\"]}]},{\"@type\":\"ImageObject\",\"inLanguage\":\"fr-FR\",\"@id\":\"https:\/\/geoclimate.ge\/fr\/produit\/bg40-gas-detector\/#primaryimage\",\"url\":\"https:\/\/geoclimate.ge\/wp-content\/uploads\/2024\/11\/bg40-6d4d-1.jpg\",\"contentUrl\":\"https:\/\/geoclimate.ge\/wp-content\/uploads\/2024\/11\/bg40-6d4d-1.jpg\",\"width\":600,\"height\":600},{\"@type\":\"BreadcrumbList\",\"@id\":\"https:\/\/geoclimate.ge\/fr\/produit\/bg40-gas-detector\/#breadcrumb\",\"itemListElement\":[{\"@type\":\"ListItem\",\"position\":1,\"name\":\"Home\",\"item\":\"https:\/\/geoclimate.ge\/fr\/\"},{\"@type\":\"ListItem\",\"position\":2,\"name\":\"Products\",\"item\":\"https:\/\/geoclimate.ge\/fr\/products\/\"},{\"@type\":\"ListItem\",\"position\":3,\"name\":\"D\u00e9tecteur de gaz BG40\"}]},{\"@type\":\"WebSite\",\"@id\":\"https:\/\/geoclimate.ge\/#website\",\"url\":\"https:\/\/geoclimate.ge\/\",\"name\":\"GeoClimate\",\"description\":\"\",\"publisher\":{\"@id\":\"https:\/\/geoclimate.ge\/#organization\"},\"potentialAction\":[{\"@type\":\"SearchAction\",\"target\":{\"@type\":\"EntryPoint\",\"urlTemplate\":\"https:\/\/geoclimate.ge\/?s={search_term_string}\"},\"query-input\":{\"@type\":\"PropertyValueSpecification\",\"valueRequired\":true,\"valueName\":\"search_term_string\"}}],\"inLanguage\":\"fr-FR\"},{\"@type\":\"Organization\",\"@id\":\"https:\/\/geoclimate.ge\/#organization\",\"name\":\"GeoClimate\",\"url\":\"https:\/\/geoclimate.ge\/\",\"logo\":{\"@type\":\"ImageObject\",\"inLanguage\":\"fr-FR\",\"@id\":\"https:\/\/geoclimate.ge\/#\/schema\/logo\/image\/\",\"url\":\"https:\/\/geoclimate.ge\/wp-content\/uploads\/2026\/03\/geoclimate-SEO.png\",\"contentUrl\":\"https:\/\/geoclimate.ge\/wp-content\/uploads\/2026\/03\/geoclimate-SEO.png\",\"width\":1536,\"height\":1024,\"caption\":\"GeoClimate\"},\"image\":{\"@id\":\"https:\/\/geoclimate.ge\/#\/schema\/logo\/image\/\"}}]}<\/script>\n<!-- \/ Yoast SEO plugin. -->","yoast_head_json":{"title":"D\u00e9tecteur de gaz BG40 - GeoClimate.ge","robots":{"index":"index","follow":"follow","max-snippet":"max-snippet:-1","max-image-preview":"max-image-preview:large","max-video-preview":"max-video-preview:-1"},"canonical":"https:\/\/geoclimate.ge\/fr\/produit\/bg40-gas-detector\/","og_locale":"fr_FR","og_type":"article","og_title":"D\u00e9tecteur de gaz BG40 - GeoClimate.ge","og_description":"Description du produit Le stockage et l'utilisation de gaz combustibles tels que le gaz naturel, le m\u00e9thane, l'\u00e9thane et le propane font partie des risques de la vie quotidienne qu'il ne faut pas sous-estimer. C'est pourquoi il convient de v\u00e9rifier r\u00e9guli\u00e8rement l'\u00e9tanch\u00e9it\u00e9 des cartouches de gaz et des conteneurs de gaz liquide dans le m\u00e9nage ou sur le bateau, ainsi que des conduites et des raccords de gaz, \u00e0 l'aide d'un d\u00e9tecteur de gaz tel que le BG40.  Gr\u00e2ce \u00e0 sa grande sensibilit\u00e9, l'indicateur de gaz compact BG40 d\u00e9tecte m\u00eame les plus petites fuites de gaz en seulement deux secondes - et avertit avec une sensibilit\u00e9 inf\u00e9rieure \u00e0 10 ppm m\u00eame des concentrations de gaz les plus faibles au moyen d'alarmes optiques, acoustiques et vibratoires. L'alarme acoustique signale une intensit\u00e9 croissante du gaz sortant avec une fr\u00e9quence et un volume croissants.  Une sonde flexible de 40 cm (15,75\") permet de d\u00e9tecter et d'identifier une fuite dans des zones difficiles d'acc\u00e8s et restreintes. Le d\u00e9tecteur de gaz est \u00e9quip\u00e9 d'un \u00e9cran LCD r\u00e9tro\u00e9clair\u00e9, qui permet de lire rapidement et facilement les valeurs ppm mesur\u00e9es \u00e0 tout moment, m\u00eame dans des conditions d'\u00e9clairage d\u00e9favorables. De plus, le niveau d'explosion inf\u00e9rieur, abr\u00e9g\u00e9 LEL, qui d\u00e9finit la concentration minimale de gaz dans l'air \u00e0 laquelle une explosion est possible, est affich\u00e9.","og_url":"https:\/\/geoclimate.ge\/fr\/produit\/bg40-gas-detector\/","og_site_name":"GeoClimate.ge","article_modified_time":"2024-11-12T18:00:37+00:00","og_image":[{"width":600,"height":600,"url":"https:\/\/geoclimate.ge\/wp-content\/uploads\/2024\/11\/bg40-6d4d-1.jpg","type":"image\/jpeg"}],"twitter_card":"summary_large_image","twitter_misc":{"Dur\u00e9e de lecture estim\u00e9e":"1 minute"},"schema":{"@context":"https:\/\/schema.org","@graph":[{"@type":"WebPage","@id":"https:\/\/geoclimate.ge\/fr\/produit\/bg40-gas-detector\/","url":"https:\/\/geoclimate.ge\/fr\/produit\/bg40-gas-detector\/","name":"D\u00e9tecteur de gaz BG40 - GeoClimate.ge","isPartOf":{"@id":"https:\/\/geoclimate.ge\/#website"},"primaryImageOfPage":{"@id":"https:\/\/geoclimate.ge\/fr\/produit\/bg40-gas-detector\/#primaryimage"},"image":{"@id":"https:\/\/geoclimate.ge\/fr\/produit\/bg40-gas-detector\/#primaryimage"},"thumbnailUrl":"https:\/\/geoclimate.ge\/wp-content\/uploads\/2024\/11\/bg40-6d4d-1.jpg","datePublished":"2024-11-12T17:55:47+00:00","dateModified":"2024-11-12T18:00:37+00:00","breadcrumb":{"@id":"https:\/\/geoclimate.ge\/fr\/produit\/bg40-gas-detector\/#breadcrumb"},"inLanguage":"fr-FR","potentialAction":[{"@type":"ReadAction","target":["https:\/\/geoclimate.ge\/fr\/produit\/bg40-gas-detector\/"]}]},{"@type":"ImageObject","inLanguage":"fr-FR","@id":"https:\/\/geoclimate.ge\/fr\/produit\/bg40-gas-detector\/#primaryimage","url":"https:\/\/geoclimate.ge\/wp-content\/uploads\/2024\/11\/bg40-6d4d-1.jpg","contentUrl":"https:\/\/geoclimate.ge\/wp-content\/uploads\/2024\/11\/bg40-6d4d-1.jpg","width":600,"height":600},{"@type":"BreadcrumbList","@id":"https:\/\/geoclimate.ge\/fr\/produit\/bg40-gas-detector\/#breadcrumb","itemListElement":[{"@type":"ListItem","position":1,"name":"Home","item":"https:\/\/geoclimate.ge\/fr\/"},{"@type":"ListItem","position":2,"name":"Products","item":"https:\/\/geoclimate.ge\/fr\/products\/"},{"@type":"ListItem","position":3,"name":"D\u00e9tecteur de gaz BG40"}]},{"@type":"WebSite","@id":"https:\/\/geoclimate.ge\/#website","url":"https:\/\/geoclimate.ge\/","name":"GeoClimate","description":"","publisher":{"@id":"https:\/\/geoclimate.ge\/#organization"},"potentialAction":[{"@type":"SearchAction","target":{"@type":"EntryPoint","urlTemplate":"https:\/\/geoclimate.ge\/?s={search_term_string}"},"query-input":{"@type":"PropertyValueSpecification","valueRequired":true,"valueName":"search_term_string"}}],"inLanguage":"fr-FR"},{"@type":"Organization","@id":"https:\/\/geoclimate.ge\/#organization","name":"GeoClimate","url":"https:\/\/geoclimate.ge\/","logo":{"@type":"ImageObject","inLanguage":"fr-FR","@id":"https:\/\/geoclimate.ge\/#\/schema\/logo\/image\/","url":"https:\/\/geoclimate.ge\/wp-content\/uploads\/2026\/03\/geoclimate-SEO.png","contentUrl":"https:\/\/geoclimate.ge\/wp-content\/uploads\/2026\/03\/geoclimate-SEO.png","width":1536,"height":1024,"caption":"GeoClimate"},"image":{"@id":"https:\/\/geoclimate.ge\/#\/schema\/logo\/image\/"}}]}},"_links":{"self":[{"href":"https:\/\/geoclimate.ge\/fr\/wp-json\/wp\/v2\/product\/15577","targetHints":{"allow":["GET"]}}],"collection":[{"href":"https:\/\/geoclimate.ge\/fr\/wp-json\/wp\/v2\/product"}],"about":[{"href":"https:\/\/geoclimate.ge\/fr\/wp-json\/wp\/v2\/types\/product"}],"wp:featuredmedia":[{"embeddable":true,"href":"https:\/\/geoclimate.ge\/fr\/wp-json\/wp\/v2\/media\/15574"}],"wp:attachment":[{"href":"https:\/\/geoclimate.ge\/fr\/wp-json\/wp\/v2\/media?parent=15577"}],"wp:term":[{"taxonomy":"product_brand","embeddable":true,"href":"https:\/\/geoclimate.ge\/fr\/wp-json\/wp\/v2\/product_brand?post=15577"},{"taxonomy":"product_cat","embeddable":true,"href":"https:\/\/geoclimate.ge\/fr\/wp-json\/wp\/v2\/product_cat?post=15577"},{"taxonomy":"product_tag","embeddable":true,"href":"https:\/\/geoclimate.ge\/fr\/wp-json\/wp\/v2\/product_tag?post=15577"}],"curies":[{"name":"wp","href":"https:\/\/api.w.org\/{rel}","templated":true}]}}