{"id":15623,"date":"2024-10-24T11:33:43","date_gmt":"2024-10-24T07:33:43","guid":{"rendered":"https:\/\/airsystems.ge\/shop\/product\/water-tanks-bolted-modular-tanks\/"},"modified":"2025-04-17T15:39:52","modified_gmt":"2025-04-17T11:39:52","slug":"water-tanks-bolted-modular-tanks","status":"publish","type":"product","link":"https:\/\/geoclimate.ge\/fr\/produit\/water-tanks-bolted-modular-tanks\/","title":{"rendered":"R\u00e9servoirs d&rsquo;eau >>> R\u00e9servoirs modulaires boulonn\u00e9s"},"content":{"rendered":"<p>R\u00e9servoirs modulaires boulonn\u00e9s<br \/>\nR\u00e9servoirs d&rsquo;eau &gt;&gt;&gt; R\u00e9servoirs modulaires boulonn\u00e9s<\/p>\n<p>R\u00e9servoirs d&rsquo;eau<\/p>\n<p>R\u00c9SERVOIRS DE STOCKAGE D&rsquo;EAU PRISMATIQUES BOULONN\u00c9S (MODULAIRES)<br \/>\nLes r\u00e9servoirs de stockage prismatiques boulonn\u00e9s sont exp\u00e9di\u00e9s de l&rsquo;usine sous forme de panneaux d\u00e9mont\u00e9s avec un emballage appropri\u00e9 et assembl\u00e9s sur site. Gr\u00e2ce \u00e0 la structure press\u00e9e, l&rsquo;\u00e9paisseur de la t\u00f4le des panneaux est plut\u00f4t inf\u00e9rieure \u00e0 celle des r\u00e9servoirs soud\u00e9s, ce qui contribue \u00e0 produire des solutions de stockage plus \u00e9conomiques.<\/p>\n<p>En fonction des besoins du client, des exigences du projet et des propri\u00e9t\u00e9s des milieux liquides ; Diff\u00e9rentes options de mat\u00e9riaux et de rev\u00eatements sont disponibles. Les r\u00e9servoirs peuvent \u00eatre fabriqu\u00e9s en acier inoxydable AISI304 et AISI316, en acier galvanis\u00e9 \u00e0 chaud ou \u00e0 froid, en membrane liquide, en acier rev\u00eatu de polyur\u00e9e ou d&rsquo;\u00e9poxy et en polyester renforc\u00e9 de fibre de verre (GRP). Il est possible d&rsquo;appliquer le rev\u00eatement uniquement sur les surfaces internes qui sont en contact avec le liquide. Les mat\u00e9riaux de rev\u00eatement \u00e9poxy et membranaire peuvent \u00eatre s\u00e9lectionn\u00e9s conform\u00e9ment \u00e0 la certification WRAS ou ANSI NSF-61 pour l&rsquo;eau potable. Les capacit\u00e9s sont disponibles de 1m3 jusqu&rsquo;\u00e0 2000m3.<\/p>\n<p>Les r\u00e9servoirs peuvent \u00eatre con\u00e7us avec des supports internes et externes et avec des exigences sp\u00e9cifiques telles que des t\u00f4les de fond sp\u00e9ciales \u00e0 placer sur des poutres, des demi-panneaux, des constructions de toit, des tuyauteries sp\u00e9ciales, des connexions ou des accessoires, etc. Sur demande, une base en poly\u00e9thyl\u00e8ne pr\u00eate \u00e0 l&#8217;emploi sous le r\u00e9servoir peut \u00eatre fournie aussi.<\/p>\n<p>Avec diff\u00e9rentes tailles de modules de panneaux, afin d&rsquo;obtenir le volume maximal dans des espaces ferm\u00e9s et restreints, notre assistance aux clients commence par une visite sur site pour le dimensionnement correct du r\u00e9servoir et se poursuit par la fourniture de dessins de produits professionnels, la livraison des marchandises et l&rsquo;installation . et test\u00e9 par notre personnel technique exp\u00e9riment\u00e9 sur le terrain.<\/p>\n<p>&nbsp;<\/p>\n","protected":false},"excerpt":{"rendered":"<p>R\u00e9servoirs modulaires boulonn\u00e9s R\u00e9servoirs d&rsquo;eau &gt;&gt;&gt; R\u00e9servoirs modulaires boulonn\u00e9s R\u00e9servoirs d&rsquo;eau R\u00c9SERVOIRS DE STOCKAGE D&rsquo;EAU PRISMATIQUES BOULONN\u00c9S (MODULAIRES) Les r\u00e9servoirs<\/p>\n","protected":false},"featured_media":15216,"template":"","meta":[],"product_brand":[],"product_cat":[673,1216],"product_tag":[],"class_list":{"0":"post-15623","1":"product","2":"type-product","3":"status-publish","4":"has-post-thumbnail","6":"product_cat-water-tanks-fr","7":"product_cat-inoxydable-reservoir-acier-eau","9":"first","10":"instock","11":"shipping-taxable","12":"product-type-simple"},"yoast_head":"<!-- This site is optimized with the Yoast SEO plugin v27.1.1 - https:\/\/yoast.com\/product\/yoast-seo-wordpress\/ -->\n<title>R\u00e9servoirs d&#039;eau &gt;&gt;&gt; R\u00e9servoirs modulaires boulonn\u00e9s - GeoClimate.ge<\/title>\n<meta name=\"robots\" content=\"index, follow, max-snippet:-1, max-image-preview:large, max-video-preview:-1\" \/>\n<link rel=\"canonical\" href=\"https:\/\/geoclimate.ge\/fr\/produit\/water-tanks-bolted-modular-tanks\/\" \/>\n<meta property=\"og:locale\" content=\"fr_FR\" \/>\n<meta property=\"og:type\" content=\"article\" \/>\n<meta property=\"og:title\" content=\"R\u00e9servoirs d&#039;eau &gt;&gt;&gt; R\u00e9servoirs modulaires boulonn\u00e9s - GeoClimate.ge\" \/>\n<meta property=\"og:description\" content=\"R\u00e9servoirs modulaires boulonn\u00e9s R\u00e9servoirs d&rsquo;eau &gt;&gt;&gt; R\u00e9servoirs modulaires boulonn\u00e9s R\u00e9servoirs d&rsquo;eau R\u00c9SERVOIRS DE STOCKAGE D&rsquo;EAU PRISMATIQUES BOULONN\u00c9S (MODULAIRES) Les r\u00e9servoirs\" \/>\n<meta property=\"og:url\" content=\"https:\/\/geoclimate.ge\/fr\/produit\/water-tanks-bolted-modular-tanks\/\" \/>\n<meta property=\"og:site_name\" content=\"GeoClimate.ge\" \/>\n<meta property=\"article:modified_time\" content=\"2025-04-17T11:39:52+00:00\" \/>\n<meta property=\"og:image\" content=\"https:\/\/geoclimate.ge\/wp-content\/uploads\/2024\/10\/01-Prismatic-Storage-Tank-scaled.jpg\" \/>\n\t<meta property=\"og:image:width\" content=\"2560\" \/>\n\t<meta property=\"og:image:height\" content=\"1920\" \/>\n\t<meta property=\"og:image:type\" content=\"image\/jpeg\" \/>\n<meta name=\"twitter:card\" content=\"summary_large_image\" \/>\n<meta name=\"twitter:label1\" content=\"Dur\u00e9e de lecture estim\u00e9e\" \/>\n\t<meta name=\"twitter:data1\" content=\"2 minutes\" \/>\n<script type=\"application\/ld+json\" class=\"yoast-schema-graph\">{\"@context\":\"https:\/\/schema.org\",\"@graph\":[{\"@type\":\"WebPage\",\"@id\":\"https:\/\/geoclimate.ge\/fr\/produit\/water-tanks-bolted-modular-tanks\/\",\"url\":\"https:\/\/geoclimate.ge\/fr\/produit\/water-tanks-bolted-modular-tanks\/\",\"name\":\"R\u00e9servoirs d'eau >>> R\u00e9servoirs modulaires boulonn\u00e9s - GeoClimate.ge\",\"isPartOf\":{\"@id\":\"https:\/\/geoclimate.ge\/#website\"},\"primaryImageOfPage\":{\"@id\":\"https:\/\/geoclimate.ge\/fr\/produit\/water-tanks-bolted-modular-tanks\/#primaryimage\"},\"image\":{\"@id\":\"https:\/\/geoclimate.ge\/fr\/produit\/water-tanks-bolted-modular-tanks\/#primaryimage\"},\"thumbnailUrl\":\"https:\/\/geoclimate.ge\/wp-content\/uploads\/2024\/10\/01-Prismatic-Storage-Tank-scaled.jpg\",\"datePublished\":\"2024-10-24T07:33:43+00:00\",\"dateModified\":\"2025-04-17T11:39:52+00:00\",\"breadcrumb\":{\"@id\":\"https:\/\/geoclimate.ge\/fr\/produit\/water-tanks-bolted-modular-tanks\/#breadcrumb\"},\"inLanguage\":\"fr-FR\",\"potentialAction\":[{\"@type\":\"ReadAction\",\"target\":[\"https:\/\/geoclimate.ge\/fr\/produit\/water-tanks-bolted-modular-tanks\/\"]}]},{\"@type\":\"ImageObject\",\"inLanguage\":\"fr-FR\",\"@id\":\"https:\/\/geoclimate.ge\/fr\/produit\/water-tanks-bolted-modular-tanks\/#primaryimage\",\"url\":\"https:\/\/geoclimate.ge\/wp-content\/uploads\/2024\/10\/01-Prismatic-Storage-Tank-scaled.jpg\",\"contentUrl\":\"https:\/\/geoclimate.ge\/wp-content\/uploads\/2024\/10\/01-Prismatic-Storage-Tank-scaled.jpg\",\"width\":2560,\"height\":1920},{\"@type\":\"BreadcrumbList\",\"@id\":\"https:\/\/geoclimate.ge\/fr\/produit\/water-tanks-bolted-modular-tanks\/#breadcrumb\",\"itemListElement\":[{\"@type\":\"ListItem\",\"position\":1,\"name\":\"Home\",\"item\":\"https:\/\/geoclimate.ge\/fr\/\"},{\"@type\":\"ListItem\",\"position\":2,\"name\":\"Products\",\"item\":\"https:\/\/geoclimate.ge\/fr\/products\/\"},{\"@type\":\"ListItem\",\"position\":3,\"name\":\"R\u00e9servoirs d&#8217;eau >>> R\u00e9servoirs modulaires boulonn\u00e9s\"}]},{\"@type\":\"WebSite\",\"@id\":\"https:\/\/geoclimate.ge\/#website\",\"url\":\"https:\/\/geoclimate.ge\/\",\"name\":\"GeoClimate\",\"description\":\"\",\"publisher\":{\"@id\":\"https:\/\/geoclimate.ge\/#organization\"},\"potentialAction\":[{\"@type\":\"SearchAction\",\"target\":{\"@type\":\"EntryPoint\",\"urlTemplate\":\"https:\/\/geoclimate.ge\/?s={search_term_string}\"},\"query-input\":{\"@type\":\"PropertyValueSpecification\",\"valueRequired\":true,\"valueName\":\"search_term_string\"}}],\"inLanguage\":\"fr-FR\"},{\"@type\":\"Organization\",\"@id\":\"https:\/\/geoclimate.ge\/#organization\",\"name\":\"GeoClimate\",\"url\":\"https:\/\/geoclimate.ge\/\",\"logo\":{\"@type\":\"ImageObject\",\"inLanguage\":\"fr-FR\",\"@id\":\"https:\/\/geoclimate.ge\/#\/schema\/logo\/image\/\",\"url\":\"https:\/\/geoclimate.ge\/wp-content\/uploads\/2026\/03\/geoclimate-SEO.png\",\"contentUrl\":\"https:\/\/geoclimate.ge\/wp-content\/uploads\/2026\/03\/geoclimate-SEO.png\",\"width\":1536,\"height\":1024,\"caption\":\"GeoClimate\"},\"image\":{\"@id\":\"https:\/\/geoclimate.ge\/#\/schema\/logo\/image\/\"}}]}<\/script>\n<!-- \/ Yoast SEO plugin. -->","yoast_head_json":{"title":"R\u00e9servoirs d'eau >>> R\u00e9servoirs modulaires boulonn\u00e9s - GeoClimate.ge","robots":{"index":"index","follow":"follow","max-snippet":"max-snippet:-1","max-image-preview":"max-image-preview:large","max-video-preview":"max-video-preview:-1"},"canonical":"https:\/\/geoclimate.ge\/fr\/produit\/water-tanks-bolted-modular-tanks\/","og_locale":"fr_FR","og_type":"article","og_title":"R\u00e9servoirs d'eau >>> R\u00e9servoirs modulaires boulonn\u00e9s - GeoClimate.ge","og_description":"R\u00e9servoirs modulaires boulonn\u00e9s R\u00e9servoirs d&rsquo;eau &gt;&gt;&gt; R\u00e9servoirs modulaires boulonn\u00e9s R\u00e9servoirs d&rsquo;eau R\u00c9SERVOIRS DE STOCKAGE D&rsquo;EAU PRISMATIQUES BOULONN\u00c9S (MODULAIRES) Les r\u00e9servoirs","og_url":"https:\/\/geoclimate.ge\/fr\/produit\/water-tanks-bolted-modular-tanks\/","og_site_name":"GeoClimate.ge","article_modified_time":"2025-04-17T11:39:52+00:00","og_image":[{"width":2560,"height":1920,"url":"https:\/\/geoclimate.ge\/wp-content\/uploads\/2024\/10\/01-Prismatic-Storage-Tank-scaled.jpg","type":"image\/jpeg"}],"twitter_card":"summary_large_image","twitter_misc":{"Dur\u00e9e de lecture estim\u00e9e":"2 minutes"},"schema":{"@context":"https:\/\/schema.org","@graph":[{"@type":"WebPage","@id":"https:\/\/geoclimate.ge\/fr\/produit\/water-tanks-bolted-modular-tanks\/","url":"https:\/\/geoclimate.ge\/fr\/produit\/water-tanks-bolted-modular-tanks\/","name":"R\u00e9servoirs d'eau >>> R\u00e9servoirs modulaires boulonn\u00e9s - GeoClimate.ge","isPartOf":{"@id":"https:\/\/geoclimate.ge\/#website"},"primaryImageOfPage":{"@id":"https:\/\/geoclimate.ge\/fr\/produit\/water-tanks-bolted-modular-tanks\/#primaryimage"},"image":{"@id":"https:\/\/geoclimate.ge\/fr\/produit\/water-tanks-bolted-modular-tanks\/#primaryimage"},"thumbnailUrl":"https:\/\/geoclimate.ge\/wp-content\/uploads\/2024\/10\/01-Prismatic-Storage-Tank-scaled.jpg","datePublished":"2024-10-24T07:33:43+00:00","dateModified":"2025-04-17T11:39:52+00:00","breadcrumb":{"@id":"https:\/\/geoclimate.ge\/fr\/produit\/water-tanks-bolted-modular-tanks\/#breadcrumb"},"inLanguage":"fr-FR","potentialAction":[{"@type":"ReadAction","target":["https:\/\/geoclimate.ge\/fr\/produit\/water-tanks-bolted-modular-tanks\/"]}]},{"@type":"ImageObject","inLanguage":"fr-FR","@id":"https:\/\/geoclimate.ge\/fr\/produit\/water-tanks-bolted-modular-tanks\/#primaryimage","url":"https:\/\/geoclimate.ge\/wp-content\/uploads\/2024\/10\/01-Prismatic-Storage-Tank-scaled.jpg","contentUrl":"https:\/\/geoclimate.ge\/wp-content\/uploads\/2024\/10\/01-Prismatic-Storage-Tank-scaled.jpg","width":2560,"height":1920},{"@type":"BreadcrumbList","@id":"https:\/\/geoclimate.ge\/fr\/produit\/water-tanks-bolted-modular-tanks\/#breadcrumb","itemListElement":[{"@type":"ListItem","position":1,"name":"Home","item":"https:\/\/geoclimate.ge\/fr\/"},{"@type":"ListItem","position":2,"name":"Products","item":"https:\/\/geoclimate.ge\/fr\/products\/"},{"@type":"ListItem","position":3,"name":"R\u00e9servoirs d&#8217;eau >>> R\u00e9servoirs modulaires boulonn\u00e9s"}]},{"@type":"WebSite","@id":"https:\/\/geoclimate.ge\/#website","url":"https:\/\/geoclimate.ge\/","name":"GeoClimate","description":"","publisher":{"@id":"https:\/\/geoclimate.ge\/#organization"},"potentialAction":[{"@type":"SearchAction","target":{"@type":"EntryPoint","urlTemplate":"https:\/\/geoclimate.ge\/?s={search_term_string}"},"query-input":{"@type":"PropertyValueSpecification","valueRequired":true,"valueName":"search_term_string"}}],"inLanguage":"fr-FR"},{"@type":"Organization","@id":"https:\/\/geoclimate.ge\/#organization","name":"GeoClimate","url":"https:\/\/geoclimate.ge\/","logo":{"@type":"ImageObject","inLanguage":"fr-FR","@id":"https:\/\/geoclimate.ge\/#\/schema\/logo\/image\/","url":"https:\/\/geoclimate.ge\/wp-content\/uploads\/2026\/03\/geoclimate-SEO.png","contentUrl":"https:\/\/geoclimate.ge\/wp-content\/uploads\/2026\/03\/geoclimate-SEO.png","width":1536,"height":1024,"caption":"GeoClimate"},"image":{"@id":"https:\/\/geoclimate.ge\/#\/schema\/logo\/image\/"}}]}},"_links":{"self":[{"href":"https:\/\/geoclimate.ge\/fr\/wp-json\/wp\/v2\/product\/15623","targetHints":{"allow":["GET"]}}],"collection":[{"href":"https:\/\/geoclimate.ge\/fr\/wp-json\/wp\/v2\/product"}],"about":[{"href":"https:\/\/geoclimate.ge\/fr\/wp-json\/wp\/v2\/types\/product"}],"wp:featuredmedia":[{"embeddable":true,"href":"https:\/\/geoclimate.ge\/fr\/wp-json\/wp\/v2\/media\/15216"}],"wp:attachment":[{"href":"https:\/\/geoclimate.ge\/fr\/wp-json\/wp\/v2\/media?parent=15623"}],"wp:term":[{"taxonomy":"product_brand","embeddable":true,"href":"https:\/\/geoclimate.ge\/fr\/wp-json\/wp\/v2\/product_brand?post=15623"},{"taxonomy":"product_cat","embeddable":true,"href":"https:\/\/geoclimate.ge\/fr\/wp-json\/wp\/v2\/product_cat?post=15623"},{"taxonomy":"product_tag","embeddable":true,"href":"https:\/\/geoclimate.ge\/fr\/wp-json\/wp\/v2\/product_tag?post=15623"}],"curies":[{"name":"wp","href":"https:\/\/api.w.org\/{rel}","templated":true}]}}