{"id":15777,"date":"2024-01-29T18:08:59","date_gmt":"2024-01-29T14:08:59","guid":{"rendered":"https:\/\/airsystems.ge\/shop\/product\/master-bc-451-evaporative-cooler\/"},"modified":"2025-07-16T14:32:49","modified_gmt":"2025-07-16T10:32:49","slug":"master-bc-451-evaporative-cooler","status":"publish","type":"product","link":"https:\/\/geoclimate.ge\/fr\/produit\/master-bc-451-evaporative-cooler\/","title":{"rendered":"Master BC 451 \u2013 evaporative cooler"},"content":{"rendered":"<section class=\"max-w-[1088px] mx-auto w-full px-5 my-10 md:my-12 lg:my-16 xl:my-20 xl:px-0\" data-block=\"bullet-list\">\n<div class=\"md:text-center\">\n<p><strong>Caract\u00e9ristiques principales<\/strong><br \/>\nVolume d&rsquo;air puissant de 38 000 m\u00b3\/h pour refroidir de grandes zones de travail<br \/>\nAucune installation, aucun conduit requis<br \/>\nFaibles co\u00fbts de fonctionnement<br \/>\nFacile \u00e0 entretenir<br \/>\nTampons filtrants \u00e0 \u00e9vaporation, bloquant la salet\u00e9<br \/>\nLampe UV, d\u00e9sinfectant l&rsquo;eau (incluse)<br \/>\nFaible consommation d&rsquo;\u00e9nergie<br \/>\nR\u00e9gulation de vitesse en continu<br \/>\nContr\u00f4le du niveau du r\u00e9servoir<br \/>\nId\u00e9al pour les ateliers et les entrep\u00f4ts, les usines de plastique, de verre, d&rsquo;assemblage et de peinture, l&rsquo;agriculture, les serres et les hangars d&rsquo;avions<br \/>\nAvantages du refroidissement par \u00e9vaporation<br \/>\nL&rsquo;utilisation de refroidisseurs d&rsquo;air Master r\u00e9duit consid\u00e9rablement l&rsquo;impact du CO\u2082 par rapport aux climatiseurs<br \/>\nAir propre qui r\u00e9duit le risque de bact\u00e9ries et de virus<br \/>\nAucun produit chimique ou r\u00e9frig\u00e9rant<br \/>\nFaible consommation d&rsquo;\u00e9nergie<br \/>\n\u00c9quipement pratiquement sans entretien<br \/>\nComment \u00e7a marche<\/p>\n<p>Le c\u0153ur du syst\u00e8me de refroidissement par \u00e9vaporation est le tampon de refroidissement o\u00f9 l&rsquo;eau s&rsquo;\u00e9vapore et l&rsquo;air qui passe \u00e0 travers les tampons est refroidi. Les tampons de refroidissement par \u00e9vaporation sont fabriqu\u00e9s \u00e0 partir de feuilles de cellulose cannel\u00e9es coll\u00e9es ensemble. Le mat\u00e9riau est impr\u00e9gn\u00e9 chimiquement de compos\u00e9s sp\u00e9ciaux pour \u00e9viter la pourriture et assurer une longue dur\u00e9e de vie et un entretien facile.<\/p>\n<p><strong>Refroidissement par \u00e9vaporation et humidit\u00e9<\/strong><\/p>\n<p>Un volume d&rsquo;air donn\u00e9 \u00e0 une certaine temp\u00e9rature et pression est capable d&rsquo;absorber et de retenir une certaine quantit\u00e9 de vapeur d&rsquo;eau. Si ce volume d&rsquo;air contient 50 % de l&rsquo;humidit\u00e9 qu&rsquo;il est capable de retenir, on dit qu&rsquo;il a une humidit\u00e9 relative de 50 %.<\/p>\n<p>Plus la journ\u00e9e est chaude, plus l&rsquo;air est sec, plus le refroidissement par \u00e9vaporation est important. En d&rsquo;autres termes, l&rsquo;effet de refroidissement est optimal lorsque vous en avez le plus besoin.<\/p>\n<p>Nos refroidisseurs par \u00e9vaporation sont \u00e9galement d\u00e9velopp\u00e9s pour fonctionner correctement dans des environnements \u00e0 forte humidit\u00e9, mais ils resteront beaucoup plus efficaces qu&rsquo;un simple ventilateur qui fait simplement circuler de l&rsquo;air chaud.<\/p>\n<p>Nos refroidisseurs augmentent l&rsquo;humidit\u00e9 de 2 \u00e0 5 %, en fonction de la temp\u00e9rature et de l&rsquo;humidit\u00e9 de l&rsquo;environnement que vous souhaitez refroidir. La l\u00e9g\u00e8re augmentation n&rsquo;est pas perceptible dans les zones ventil\u00e9es o\u00f9 l&rsquo;air produit par l&rsquo;appareil est \u00e9vacu\u00e9.<\/p>\n<\/div>\n<\/section>\n<section class=\"max-w-[1088px] mx-auto w-full px-5 my-10 md:my-12 lg:my-16 xl:my-20 xl:px-0\" data-block=\"product-specifications\">\n<div class=\"md:text-center\">\n<h3 class=\"text-black font-bold text-lg md:text-xl lg:text-2xl\"><strong>Product specifications<\/strong><\/h3>\n<\/div>\n<div class=\" md:mt-10\">\n<div class=\"\">\n<div class=\"lg:mt-0 \">\n<div id=\"spec-bc-451\" class=\"prose max-w-full md:overflow-auto\" data-spec-content=\"\">\n<table class=\"w-full table-fixed mb-0\">\n<thead>\n<tr>\n<th class=\"font-bold text-base\"><span class=\"block px-4\">Specifications<\/span><\/th>\n<th class=\"font-bold text-base text-center\"><span class=\"block px-10 md:px-20\">Units<\/span><\/th>\n<th class=\"font-bold text-base text-center will-change\"><span class=\"block px-4\">BC\u00a0451<\/span><\/th>\n<\/tr>\n<\/thead>\n<tbody>\n<tr class=\"bg-grey-200\/50 p-2\">\n<td colspan=\"1\"><span class=\"block px-4\">Cooling pad<\/span><\/td>\n<td class=\"text-center\">\n<div class=\"px-10 md:px-20 flex items-center justify-center\">dm\u00b3<\/div>\n<\/td>\n<td class=\"text-center will-change\">\n<div class=\"px-10 md:px-20 flex items-center justify-center\">400<\/div>\n<\/td>\n<\/tr>\n<tr class=\" p-2\">\n<td colspan=\"1\"><span class=\"block px-4\">Air flow<\/span><\/td>\n<td class=\"text-center\">\n<div class=\"px-10 md:px-20 flex items-center justify-center\">m\u00b3\/h<\/div>\n<\/td>\n<td class=\"text-center will-change\">\n<div class=\"px-10 md:px-20 flex items-center justify-center\">38,000<\/div>\n<\/td>\n<\/tr>\n<tr class=\"bg-grey-200\/50 p-2\">\n<td colspan=\"1\"><span class=\"block px-4\">Loaded air flow<\/span><\/td>\n<td class=\"text-center\">\n<div class=\"px-10 md:px-20 flex items-center justify-center\">m\u00b3\/h<\/div>\n<\/td>\n<td class=\"text-center will-change\">\n<div class=\"px-10 md:px-20 flex items-center justify-center\">29,000<\/div>\n<\/td>\n<\/tr>\n<tr class=\" p-2\">\n<td colspan=\"1\"><span class=\"block px-4\">Maximum area<\/span><\/td>\n<td class=\"text-center\">\n<div class=\"px-10 md:px-20 flex items-center justify-center\">m\u00b2<\/div>\n<\/td>\n<td class=\"text-center will-change\">\n<div class=\"px-10 md:px-20 flex items-center justify-center\">520<\/div>\n<\/td>\n<\/tr>\n<tr class=\"bg-grey-200\/50 p-2\">\n<td colspan=\"1\"><span class=\"block px-4\">Power consumption<\/span><\/td>\n<td class=\"text-center\">\n<div class=\"px-10 md:px-20 flex items-center justify-center\">W<\/div>\n<\/td>\n<td class=\"text-center will-change\">\n<div class=\"px-10 md:px-20 flex items-center justify-center\">1,500<\/div>\n<\/td>\n<\/tr>\n<tr class=\" p-2\">\n<td colspan=\"1\"><span class=\"block px-4\">Power supply<\/span><\/td>\n<td class=\"text-center\">\n<div class=\"px-10 md:px-20 flex items-center justify-center\">V\/Hz<\/div>\n<\/td>\n<td class=\"text-center will-change\">\n<div class=\"px-10 md:px-20 flex items-center justify-center\">120-230\/1ph\/50<\/div>\n<\/td>\n<\/tr>\n<tr class=\"bg-grey-200\/50 p-2\">\n<td colspan=\"1\"><span class=\"block px-4\">Rated current<\/span><\/td>\n<td class=\"text-center\">\n<div class=\"px-10 md:px-20 flex items-center justify-center\">A<\/div>\n<\/td>\n<td class=\"text-center will-change\">\n<div class=\"px-10 md:px-20 flex items-center justify-center\">4-8<\/div>\n<\/td>\n<\/tr>\n<tr class=\" p-2\">\n<td colspan=\"1\"><span class=\"block px-4\">Water consumption<\/span><\/td>\n<td class=\"text-center\">\n<div class=\"px-10 md:px-20 flex items-center justify-center\">l\/h<\/div>\n<\/td>\n<td class=\"text-center will-change\">\n<div class=\"px-10 md:px-20 flex items-center justify-center\">12-18<\/div>\n<\/td>\n<\/tr>\n<tr class=\"bg-grey-200\/50 p-2\">\n<td colspan=\"1\"><span class=\"block px-4\">Tank capacity<\/span><\/td>\n<td class=\"text-center\">\n<div class=\"px-10 md:px-20 flex items-center justify-center\">l<\/div>\n<\/td>\n<td class=\"text-center will-change\">\n<div class=\"px-10 md:px-20 flex items-center justify-center\">300<\/div>\n<\/td>\n<\/tr>\n<tr class=\" p-2\">\n<td colspan=\"1\"><span class=\"block px-4\">Direct water connection<\/span><\/td>\n<td class=\"text-center\">\n<div class=\"px-10 md:px-20 flex items-center justify-center\">inch<\/div>\n<\/td>\n<td class=\"text-center will-change\">\n<div class=\"px-10 md:px-20 flex items-center justify-center\">\u00bd<\/div>\n<\/td>\n<\/tr>\n<tr class=\"bg-grey-200\/50 p-2\">\n<td colspan=\"1\"><span class=\"block px-4\">Tank level control<\/span><\/td>\n<td class=\"text-center\">\n<div class=\"px-10 md:px-20 flex items-center justify-center\"><\/div>\n<\/td>\n<td class=\"text-center will-change\">\n<div class=\"px-10 md:px-20 flex items-center justify-center\">yes<\/div>\n<\/td>\n<\/tr>\n<tr class=\" p-2\">\n<td colspan=\"1\"><span class=\"block px-4\">Sound level<\/span><\/td>\n<td class=\"text-center\">\n<div class=\"px-10 md:px-20 flex items-center justify-center\">dB(A)<\/div>\n<\/td>\n<td class=\"text-center will-change\">\n<div class=\"px-10 md:px-20 flex items-center justify-center\">80<\/div>\n<\/td>\n<\/tr>\n<tr class=\"bg-grey-200\/50 p-2\">\n<td colspan=\"1\"><span class=\"block px-4\">Product size (l x w x h)<\/span><\/td>\n<td class=\"text-center\">\n<div class=\"px-10 md:px-20 flex items-center justify-center\">mm<\/div>\n<\/td>\n<td class=\"text-center will-change\">\n<div class=\"px-10 md:px-20 flex items-center justify-center\">1100 x 1900 x 2250<\/div>\n<\/td>\n<\/tr>\n<tr class=\" p-2\">\n<td colspan=\"1\"><span class=\"block px-4\">Box size (l x w x h)<\/span><\/td>\n<td class=\"text-center\">\n<div class=\"px-10 md:px-20 flex items-center justify-center\">mm<\/div>\n<\/td>\n<td class=\"text-center will-change\">\n<div class=\"px-10 md:px-20 flex items-center justify-center\">1200 x 2000 x 2400<\/div>\n<\/td>\n<\/tr>\n<tr class=\"bg-grey-200\/50 p-2\">\n<td colspan=\"1\"><span class=\"block px-4\">Net\/gross weight<\/span><\/td>\n<td class=\"text-center\">\n<div class=\"px-10 md:px-20 flex items-center justify-center\">kg<\/div>\n<\/td>\n<td class=\"text-center will-change\">\n<div class=\"px-10 md:px-20 flex items-center justify-center\">180\/200<\/div>\n<\/td>\n<\/tr>\n<tr class=\" p-2\">\n<td colspan=\"1\"><span class=\"block px-4\">Pallet<\/span><\/td>\n<td class=\"text-center\">\n<div class=\"px-10 md:px-20 flex items-center justify-center\">pcs<\/div>\n<\/td>\n<td class=\"text-center will-change\">\n<div class=\"px-10 md:px-20 flex items-center justify-center\">1<\/div>\n<\/td>\n<\/tr>\n<\/tbody>\n<\/table>\n<\/div>\n<\/div>\n<\/div>\n<\/div>\n<\/section>\n<section class=\"max-w-[1088px] mx-auto w-full px-5 my-10 md:my-12 lg:my-16 xl:my-20 xl:px-0\" data-block=\"link-list\">\n<div class=\"max-w-[1088px] mx-auto\">\n<div class=\"md:text-center\">\n<p class=\"text-black font-bold text-lg md:text-xl lg:text-2xl\">Convient pour<br \/>\nAgriculture<br \/>\nAutomobile<br \/>\nB\u00e2timents commerciaux<br \/>\nConstruction<br \/>\nServices d&rsquo;urgence<br \/>\n\u00c9v\u00e9nements et festivals<br \/>\nIndustrie, usines et production<br \/>\nLoisirs et loisirs<br \/>\nMilitaire et a\u00e9rospatiale<br \/>\nSoci\u00e9t\u00e9s de location<br \/>\nTransport et logistique<br \/>\nEntreposages et stockage<\/p>\n<\/div>\n<\/div>\n<\/section>\n","protected":false},"excerpt":{"rendered":"<p>Rafra\u00eechisseur d&rsquo;air puissant et portable avec lumi\u00e8re UV int\u00e9gr\u00e9e qui \u00e9limine tout risque de d\u00e9sinfection virale et bact\u00e9rienne. Avec sa consommation d&rsquo;\u00e9nergie minimale, son ventilateur puissant et son contr\u00f4le de vitesse en continu, le BC 451 est id\u00e9al pour refroidir des zones jusqu&rsquo;\u00e0 520 m\u00b2 qui ne sont pas adapt\u00e9es \u00e0 la climatisation traditionnelle.<\/p>\n<p>D\u00e9couvrez notre gamme de refroidisseurs d&rsquo;air et de refroidisseurs par \u00e9vaporation adapt\u00e9s \u00e0 tous les types d&rsquo;applications et \u00e0 des fins commerciales ou industrielles \u00e0 toute \u00e9chelle.<\/p>\n","protected":false},"featured_media":15770,"template":"","meta":[],"product_brand":[],"product_cat":[634,412,415],"product_tag":[],"class_list":{"0":"post-15777","1":"product","2":"type-product","3":"status-publish","4":"has-post-thumbnail","6":"product_cat-climatiseur-bio-portable-biorefroidisseur","7":"product_cat-climatisation-deshumidificateur-dair-ventilateur-fr-ventilation","8":"product_cat-climatiseur-refroidissement-par-biorefroidisseur","10":"first","11":"instock","12":"shipping-taxable","13":"purchasable","14":"product-type-simple"},"yoast_head":"<!-- This site is optimized with the Yoast SEO plugin v27.1.1 - https:\/\/yoast.com\/product\/yoast-seo-wordpress\/ -->\n<title>Master BC 451 \u2013 evaporative cooler - GeoClimate.ge<\/title>\n<meta name=\"robots\" content=\"index, follow, max-snippet:-1, max-image-preview:large, max-video-preview:-1\" \/>\n<link rel=\"canonical\" href=\"https:\/\/geoclimate.ge\/fr\/produit\/master-bc-451-evaporative-cooler\/\" \/>\n<meta property=\"og:locale\" content=\"fr_FR\" \/>\n<meta property=\"og:type\" content=\"article\" \/>\n<meta property=\"og:title\" content=\"Master BC 451 \u2013 evaporative cooler - GeoClimate.ge\" \/>\n<meta property=\"og:description\" content=\"Rafra\u00eechisseur d&#039;air puissant et portable avec lumi\u00e8re UV int\u00e9gr\u00e9e qui \u00e9limine tout risque de d\u00e9sinfection virale et bact\u00e9rienne. Avec sa consommation d&#039;\u00e9nergie minimale, son ventilateur puissant et son contr\u00f4le de vitesse en continu, le BC 451 est id\u00e9al pour refroidir des zones jusqu&#039;\u00e0 520 m\u00b2 qui ne sont pas adapt\u00e9es \u00e0 la climatisation traditionnelle.  D\u00e9couvrez notre gamme de refroidisseurs d&#039;air et de refroidisseurs par \u00e9vaporation adapt\u00e9s \u00e0 tous les types d&#039;applications et \u00e0 des fins commerciales ou industrielles \u00e0 toute \u00e9chelle.\" \/>\n<meta property=\"og:url\" content=\"https:\/\/geoclimate.ge\/fr\/produit\/master-bc-451-evaporative-cooler\/\" \/>\n<meta property=\"og:site_name\" content=\"GeoClimate.ge\" \/>\n<meta property=\"article:modified_time\" content=\"2025-07-16T10:32:49+00:00\" \/>\n<meta property=\"og:image\" content=\"https:\/\/geoclimate.ge\/wp-content\/uploads\/2024\/11\/Master-BC-451-Main.jpg\" \/>\n\t<meta property=\"og:image:width\" content=\"1000\" \/>\n\t<meta property=\"og:image:height\" content=\"1000\" \/>\n\t<meta property=\"og:image:type\" content=\"image\/jpeg\" \/>\n<meta name=\"twitter:card\" content=\"summary_large_image\" \/>\n<meta name=\"twitter:label1\" content=\"Dur\u00e9e de lecture estim\u00e9e\" \/>\n\t<meta name=\"twitter:data1\" content=\"2 minutes\" \/>\n<script type=\"application\/ld+json\" class=\"yoast-schema-graph\">{\"@context\":\"https:\/\/schema.org\",\"@graph\":[{\"@type\":\"WebPage\",\"@id\":\"https:\/\/geoclimate.ge\/fr\/produit\/master-bc-451-evaporative-cooler\/\",\"url\":\"https:\/\/geoclimate.ge\/fr\/produit\/master-bc-451-evaporative-cooler\/\",\"name\":\"Master BC 451 \u2013 evaporative cooler - GeoClimate.ge\",\"isPartOf\":{\"@id\":\"https:\/\/geoclimate.ge\/#website\"},\"primaryImageOfPage\":{\"@id\":\"https:\/\/geoclimate.ge\/fr\/produit\/master-bc-451-evaporative-cooler\/#primaryimage\"},\"image\":{\"@id\":\"https:\/\/geoclimate.ge\/fr\/produit\/master-bc-451-evaporative-cooler\/#primaryimage\"},\"thumbnailUrl\":\"https:\/\/geoclimate.ge\/wp-content\/uploads\/2024\/11\/Master-BC-451-Main.jpg\",\"datePublished\":\"2024-01-29T14:08:59+00:00\",\"dateModified\":\"2025-07-16T10:32:49+00:00\",\"breadcrumb\":{\"@id\":\"https:\/\/geoclimate.ge\/fr\/produit\/master-bc-451-evaporative-cooler\/#breadcrumb\"},\"inLanguage\":\"fr-FR\",\"potentialAction\":[{\"@type\":\"ReadAction\",\"target\":[\"https:\/\/geoclimate.ge\/fr\/produit\/master-bc-451-evaporative-cooler\/\"]}]},{\"@type\":\"ImageObject\",\"inLanguage\":\"fr-FR\",\"@id\":\"https:\/\/geoclimate.ge\/fr\/produit\/master-bc-451-evaporative-cooler\/#primaryimage\",\"url\":\"https:\/\/geoclimate.ge\/wp-content\/uploads\/2024\/11\/Master-BC-451-Main.jpg\",\"contentUrl\":\"https:\/\/geoclimate.ge\/wp-content\/uploads\/2024\/11\/Master-BC-451-Main.jpg\",\"width\":1000,\"height\":1000},{\"@type\":\"BreadcrumbList\",\"@id\":\"https:\/\/geoclimate.ge\/fr\/produit\/master-bc-451-evaporative-cooler\/#breadcrumb\",\"itemListElement\":[{\"@type\":\"ListItem\",\"position\":1,\"name\":\"Home\",\"item\":\"https:\/\/geoclimate.ge\/fr\/\"},{\"@type\":\"ListItem\",\"position\":2,\"name\":\"Products\",\"item\":\"https:\/\/geoclimate.ge\/fr\/products\/\"},{\"@type\":\"ListItem\",\"position\":3,\"name\":\"Master BC 451 \u2013 evaporative cooler\"}]},{\"@type\":\"WebSite\",\"@id\":\"https:\/\/geoclimate.ge\/#website\",\"url\":\"https:\/\/geoclimate.ge\/\",\"name\":\"GeoClimate\",\"description\":\"\",\"publisher\":{\"@id\":\"https:\/\/geoclimate.ge\/#organization\"},\"potentialAction\":[{\"@type\":\"SearchAction\",\"target\":{\"@type\":\"EntryPoint\",\"urlTemplate\":\"https:\/\/geoclimate.ge\/?s={search_term_string}\"},\"query-input\":{\"@type\":\"PropertyValueSpecification\",\"valueRequired\":true,\"valueName\":\"search_term_string\"}}],\"inLanguage\":\"fr-FR\"},{\"@type\":\"Organization\",\"@id\":\"https:\/\/geoclimate.ge\/#organization\",\"name\":\"GeoClimate\",\"url\":\"https:\/\/geoclimate.ge\/\",\"logo\":{\"@type\":\"ImageObject\",\"inLanguage\":\"fr-FR\",\"@id\":\"https:\/\/geoclimate.ge\/#\/schema\/logo\/image\/\",\"url\":\"https:\/\/geoclimate.ge\/wp-content\/uploads\/2026\/03\/geoclimate-SEO.png\",\"contentUrl\":\"https:\/\/geoclimate.ge\/wp-content\/uploads\/2026\/03\/geoclimate-SEO.png\",\"width\":1536,\"height\":1024,\"caption\":\"GeoClimate\"},\"image\":{\"@id\":\"https:\/\/geoclimate.ge\/#\/schema\/logo\/image\/\"}}]}<\/script>\n<!-- \/ Yoast SEO plugin. -->","yoast_head_json":{"title":"Master BC 451 \u2013 evaporative cooler - GeoClimate.ge","robots":{"index":"index","follow":"follow","max-snippet":"max-snippet:-1","max-image-preview":"max-image-preview:large","max-video-preview":"max-video-preview:-1"},"canonical":"https:\/\/geoclimate.ge\/fr\/produit\/master-bc-451-evaporative-cooler\/","og_locale":"fr_FR","og_type":"article","og_title":"Master BC 451 \u2013 evaporative cooler - GeoClimate.ge","og_description":"Rafra\u00eechisseur d'air puissant et portable avec lumi\u00e8re UV int\u00e9gr\u00e9e qui \u00e9limine tout risque de d\u00e9sinfection virale et bact\u00e9rienne. Avec sa consommation d'\u00e9nergie minimale, son ventilateur puissant et son contr\u00f4le de vitesse en continu, le BC 451 est id\u00e9al pour refroidir des zones jusqu'\u00e0 520 m\u00b2 qui ne sont pas adapt\u00e9es \u00e0 la climatisation traditionnelle.  D\u00e9couvrez notre gamme de refroidisseurs d'air et de refroidisseurs par \u00e9vaporation adapt\u00e9s \u00e0 tous les types d'applications et \u00e0 des fins commerciales ou industrielles \u00e0 toute \u00e9chelle.","og_url":"https:\/\/geoclimate.ge\/fr\/produit\/master-bc-451-evaporative-cooler\/","og_site_name":"GeoClimate.ge","article_modified_time":"2025-07-16T10:32:49+00:00","og_image":[{"width":1000,"height":1000,"url":"https:\/\/geoclimate.ge\/wp-content\/uploads\/2024\/11\/Master-BC-451-Main.jpg","type":"image\/jpeg"}],"twitter_card":"summary_large_image","twitter_misc":{"Dur\u00e9e de lecture estim\u00e9e":"2 minutes"},"schema":{"@context":"https:\/\/schema.org","@graph":[{"@type":"WebPage","@id":"https:\/\/geoclimate.ge\/fr\/produit\/master-bc-451-evaporative-cooler\/","url":"https:\/\/geoclimate.ge\/fr\/produit\/master-bc-451-evaporative-cooler\/","name":"Master BC 451 \u2013 evaporative cooler - GeoClimate.ge","isPartOf":{"@id":"https:\/\/geoclimate.ge\/#website"},"primaryImageOfPage":{"@id":"https:\/\/geoclimate.ge\/fr\/produit\/master-bc-451-evaporative-cooler\/#primaryimage"},"image":{"@id":"https:\/\/geoclimate.ge\/fr\/produit\/master-bc-451-evaporative-cooler\/#primaryimage"},"thumbnailUrl":"https:\/\/geoclimate.ge\/wp-content\/uploads\/2024\/11\/Master-BC-451-Main.jpg","datePublished":"2024-01-29T14:08:59+00:00","dateModified":"2025-07-16T10:32:49+00:00","breadcrumb":{"@id":"https:\/\/geoclimate.ge\/fr\/produit\/master-bc-451-evaporative-cooler\/#breadcrumb"},"inLanguage":"fr-FR","potentialAction":[{"@type":"ReadAction","target":["https:\/\/geoclimate.ge\/fr\/produit\/master-bc-451-evaporative-cooler\/"]}]},{"@type":"ImageObject","inLanguage":"fr-FR","@id":"https:\/\/geoclimate.ge\/fr\/produit\/master-bc-451-evaporative-cooler\/#primaryimage","url":"https:\/\/geoclimate.ge\/wp-content\/uploads\/2024\/11\/Master-BC-451-Main.jpg","contentUrl":"https:\/\/geoclimate.ge\/wp-content\/uploads\/2024\/11\/Master-BC-451-Main.jpg","width":1000,"height":1000},{"@type":"BreadcrumbList","@id":"https:\/\/geoclimate.ge\/fr\/produit\/master-bc-451-evaporative-cooler\/#breadcrumb","itemListElement":[{"@type":"ListItem","position":1,"name":"Home","item":"https:\/\/geoclimate.ge\/fr\/"},{"@type":"ListItem","position":2,"name":"Products","item":"https:\/\/geoclimate.ge\/fr\/products\/"},{"@type":"ListItem","position":3,"name":"Master BC 451 \u2013 evaporative cooler"}]},{"@type":"WebSite","@id":"https:\/\/geoclimate.ge\/#website","url":"https:\/\/geoclimate.ge\/","name":"GeoClimate","description":"","publisher":{"@id":"https:\/\/geoclimate.ge\/#organization"},"potentialAction":[{"@type":"SearchAction","target":{"@type":"EntryPoint","urlTemplate":"https:\/\/geoclimate.ge\/?s={search_term_string}"},"query-input":{"@type":"PropertyValueSpecification","valueRequired":true,"valueName":"search_term_string"}}],"inLanguage":"fr-FR"},{"@type":"Organization","@id":"https:\/\/geoclimate.ge\/#organization","name":"GeoClimate","url":"https:\/\/geoclimate.ge\/","logo":{"@type":"ImageObject","inLanguage":"fr-FR","@id":"https:\/\/geoclimate.ge\/#\/schema\/logo\/image\/","url":"https:\/\/geoclimate.ge\/wp-content\/uploads\/2026\/03\/geoclimate-SEO.png","contentUrl":"https:\/\/geoclimate.ge\/wp-content\/uploads\/2026\/03\/geoclimate-SEO.png","width":1536,"height":1024,"caption":"GeoClimate"},"image":{"@id":"https:\/\/geoclimate.ge\/#\/schema\/logo\/image\/"}}]}},"_links":{"self":[{"href":"https:\/\/geoclimate.ge\/fr\/wp-json\/wp\/v2\/product\/15777","targetHints":{"allow":["GET"]}}],"collection":[{"href":"https:\/\/geoclimate.ge\/fr\/wp-json\/wp\/v2\/product"}],"about":[{"href":"https:\/\/geoclimate.ge\/fr\/wp-json\/wp\/v2\/types\/product"}],"wp:featuredmedia":[{"embeddable":true,"href":"https:\/\/geoclimate.ge\/fr\/wp-json\/wp\/v2\/media\/15770"}],"wp:attachment":[{"href":"https:\/\/geoclimate.ge\/fr\/wp-json\/wp\/v2\/media?parent=15777"}],"wp:term":[{"taxonomy":"product_brand","embeddable":true,"href":"https:\/\/geoclimate.ge\/fr\/wp-json\/wp\/v2\/product_brand?post=15777"},{"taxonomy":"product_cat","embeddable":true,"href":"https:\/\/geoclimate.ge\/fr\/wp-json\/wp\/v2\/product_cat?post=15777"},{"taxonomy":"product_tag","embeddable":true,"href":"https:\/\/geoclimate.ge\/fr\/wp-json\/wp\/v2\/product_tag?post=15777"}],"curies":[{"name":"wp","href":"https:\/\/api.w.org\/{rel}","templated":true}]}}