{"id":15833,"date":"2024-11-27T17:36:11","date_gmt":"2024-11-27T13:36:11","guid":{"rendered":"https:\/\/airsystems.ge\/shop\/product\/15832\/"},"modified":"2024-11-27T17:54:50","modified_gmt":"2024-11-27T13:54:50","slug":"15832","status":"publish","type":"product","link":"https:\/\/geoclimate.ge\/fr\/produit\/15832\/","title":{"rendered":"Floor fan TVM 20 D"},"content":{"rendered":"<p><strong>Quelques avantages pratiques :<\/strong><br \/>\nPuissance de 120 watts<br \/>\n3 niveaux de vitesse<br \/>\nAngle d&rsquo;inclinaison de la t\u00eate du ventilateur r\u00e9glable jusqu&rsquo;\u00e0 360\u00b0<br \/>\nGrille m\u00e9tallique pour la protection avant et arri\u00e8re<br \/>\nDiam\u00e8tre des pales du ventilateur 50 cm<br \/>\nBase stable et antid\u00e9rapante pour une bonne stabilit\u00e9 et une protection contre le basculement<br \/>\nLongue dur\u00e9e de vie gr\u00e2ce au moteur avec bobine en cuivre<br \/>\nFonctionnement fluide et silencieux<br \/>\nPoign\u00e9e de transport pratique<br \/>\nRapport qualit\u00e9-prix unique<\/p>\n<table id=\"t067471e17084cd\" class=\"tech\" cellspacing=\"0\" cellpadding=\"0\">\n<thead>\n<tr class=\"titlerow\">\n<th class=\"color\" colspan=\"3\">Technical data<\/th>\n<\/tr>\n<\/thead>\n<tbody>\n<tr class=\"headerrow\">\n<th colspan=\"3\">General information<\/th>\n<\/tr>\n<tr class=\"odd\">\n<th width=\"30%\"><\/th>\n<th width=\"30%\">Article number<\/th>\n<td width=\"40%\">1.510.006.041<\/td>\n<\/tr>\n<tr class=\"headerrow\">\n<th colspan=\"3\">Air flow rate<\/th>\n<\/tr>\n<tr class=\"odd\">\n<th width=\"30%\"><\/th>\n<th width=\"30%\">Level Max.<\/th>\n<td width=\"40%\">6,562<\/td>\n<\/tr>\n<tr class=\"headerrow\">\n<th colspan=\"3\">Fan<\/th>\n<\/tr>\n<tr class=\"odd\">\n<th width=\"30%\"><\/th>\n<th width=\"30%\">stages<\/th>\n<td width=\"40%\">3<\/td>\n<\/tr>\n<tr class=\"even\">\n<th width=\"30%\"><\/th>\n<th width=\"30%\">blade diameter [\u00ab\u00a0]<\/th>\n<td width=\"40%\">20<\/td>\n<\/tr>\n<tr class=\"odd\">\n<th width=\"30%\"><\/th>\n<th width=\"30%\">blade diameter [cm]<\/th>\n<td width=\"40%\">50<\/td>\n<\/tr>\n<tr class=\"even\">\n<th width=\"30%\"><\/th>\n<th width=\"30%\">Number of fan blades<\/th>\n<td width=\"40%\">3<\/td>\n<\/tr>\n<tr class=\"odd\">\n<th width=\"30%\"><\/th>\n<th width=\"30%\">Level high [rpm]<\/th>\n<td width=\"40%\">1,200<\/td>\n<\/tr>\n<tr class=\"even\">\n<th width=\"30%\"><\/th>\n<th width=\"30%\">Level medium [rpm]<\/th>\n<td width=\"40%\">1,050<\/td>\n<\/tr>\n<tr class=\"odd\">\n<th width=\"30%\"><\/th>\n<th width=\"30%\">Level low [rpm]<\/th>\n<td width=\"40%\">900<\/td>\n<\/tr>\n<tr class=\"even\">\n<th width=\"30%\"><\/th>\n<th width=\"30%\">Foot diameter\u00a0[mm]<\/th>\n<td width=\"40%\">22<\/td>\n<\/tr>\n<tr class=\"odd\">\n<th width=\"30%\"><\/th>\n<th width=\"30%\">cowl diameter\u00a0[mm]<\/th>\n<td width=\"40%\">530<\/td>\n<\/tr>\n<tr class=\"even\">\n<th width=\"30%\"><\/th>\n<th width=\"30%\">Motor<\/th>\n<td width=\"40%\">115&#215;18\u00a0mm<\/td>\n<\/tr>\n<tr class=\"headerrow\">\n<th colspan=\"3\">Electrical values<\/th>\n<\/tr>\n<tr class=\"odd\">\n<th width=\"30%\"><\/th>\n<th width=\"30%\">Mains connection<\/th>\n<td width=\"40%\">220 &#8211; 240\u00a0V, 50 Hz<\/td>\n<\/tr>\n<tr class=\"even\">\n<th width=\"30%\"><\/th>\n<th width=\"30%\">Power input [W]<\/th>\n<td width=\"40%\">120<\/td>\n<\/tr>\n<tr class=\"headerrow\">\n<th colspan=\"3\">Electric connection<\/th>\n<\/tr>\n<tr class=\"odd\">\n<th width=\"30%\"><\/th>\n<th width=\"30%\">Connection plug<\/th>\n<td width=\"40%\">CEE 7\/7<\/td>\n<\/tr>\n<tr class=\"even\">\n<th width=\"30%\"><\/th>\n<th width=\"30%\">Cable length [m]<\/th>\n<td width=\"40%\">1.5<\/td>\n<\/tr>\n<tr class=\"odd\">\n<th width=\"30%\"><\/th>\n<th width=\"30%\">Protection class<\/th>\n<td width=\"40%\">IP 20<\/td>\n<\/tr>\n<tr class=\"even\">\n<th width=\"30%\"><\/th>\n<th width=\"30%\">IP20<\/th>\n<td width=\"40%\"><\/td>\n<\/tr>\n<tr class=\"headerrow\">\n<th colspan=\"3\">Sound values<\/th>\n<\/tr>\n<tr class=\"odd\">\n<th width=\"30%\"><\/th>\n<th width=\"30%\">Level Max. &#8211; Distance 1\u00a0m [dB(A)]<\/th>\n<td width=\"40%\">65<\/td>\n<\/tr>\n<tr class=\"headerrow\">\n<th colspan=\"3\">Functions and features<\/th>\n<\/tr>\n<tr class=\"odd\">\n<th width=\"30%\"><\/th>\n<th width=\"30%\">Auto restart function<\/th>\n<td width=\"40%\"><\/td>\n<\/tr>\n<tr class=\"even\">\n<th width=\"30%\"><\/th>\n<th width=\"30%\">Adjustable inclination angle [\u00b0]<\/th>\n<td width=\"40%\">360<\/td>\n<\/tr>\n<tr class=\"headerrow\">\n<th colspan=\"3\">Mobility<\/th>\n<\/tr>\n<tr class=\"odd\">\n<th width=\"30%\"><\/th>\n<th width=\"30%\">Foot<\/th>\n<td width=\"40%\"><\/td>\n<\/tr>\n<tr class=\"even\">\n<th width=\"30%\"><\/th>\n<th width=\"30%\">Carry\/transport handle(s)<\/th>\n<td width=\"40%\"><\/td>\n<\/tr>\n<tr class=\"headerrow\">\n<th colspan=\"3\">Housing design<\/th>\n<\/tr>\n<tr class=\"odd\">\n<th width=\"30%\"><\/th>\n<th width=\"30%\">Metal<\/th>\n<td width=\"40%\"><\/td>\n<\/tr>\n<tr class=\"headerrow\">\n<th colspan=\"3\">Dimensions<\/th>\n<\/tr>\n<tr class=\"odd\">\n<th width=\"30%\"><\/th>\n<th width=\"30%\">Length (packaging excluded) [mm]<\/th>\n<td width=\"40%\">205<\/td>\n<\/tr>\n<tr class=\"even\">\n<th width=\"30%\"><\/th>\n<th width=\"30%\">Width (packaging excluded) [mm]<\/th>\n<td width=\"40%\">585<\/td>\n<\/tr>\n<tr class=\"odd\">\n<th width=\"30%\"><\/th>\n<th width=\"30%\">Height (packaging excluded) [mm]<\/th>\n<td width=\"40%\">575<\/td>\n<\/tr>\n<tr class=\"headerrow\">\n<th colspan=\"3\">Weight<\/th>\n<\/tr>\n<tr class=\"odd\">\n<th width=\"30%\"><\/th>\n<th width=\"30%\">(packaging excluded) [kg]<\/th>\n<td width=\"40%\">5<\/td>\n<\/tr>\n<\/tbody>\n<\/table>\n","protected":false},"excerpt":{"rendered":"<div class=\"csc-header csc-header-n1\">\n<div class=\"csc-header csc-header-n1\">\n<p>Ventilateur sur pied TVM 20 D<br \/>\nUn classique pour un refroidissement efficace et \u00e9l\u00e9gant<\/p>\n<p>La r\u00e9ponse parfaite aux d\u00e9fis de la chaleur<br \/>\nLe ventilateur sur pied TVM 20 D, qui fonctionne sans \u00e0-coups, assure rapidement un refroidissement suffisant et est \u00e9galement un objet d&rsquo;affection \u00e0 l&rsquo;ext\u00e9rieur. En raison de son design distinctif, l&rsquo;appareil est \u00e9galement appel\u00e9 ventilateur \u00e0 tambour et, avec sa grille m\u00e9tallique et sa tige de support con\u00e7ues en noir mat, il \u00e9voque de nombreuses apparitions professionnelles d&rsquo;\u00e9oliennes de construction similaire devant et derri\u00e8re les cam\u00e9ras des grands studios de photographie et de cin\u00e9ma. \u00c9galement id\u00e9al pour la ventilation, la production d&rsquo;air, le refroidissement par air ou le s\u00e9chage, le TVM 20 D est polyvalent.<\/p>\n<\/div>\n<\/div>\n","protected":false},"featured_media":15798,"template":"","meta":[],"product_brand":[],"product_cat":[617,420],"product_tag":[],"class_list":{"0":"post-15833","1":"product","2":"type-product","3":"status-publish","4":"has-post-thumbnail","6":"product_cat-ventilation-trotec-fr","7":"product_cat-trotec-fr","9":"first","10":"instock","11":"shipping-taxable","12":"purchasable","13":"product-type-simple"},"yoast_head":"<!-- This site is optimized with the Yoast SEO plugin v27.1.1 - https:\/\/yoast.com\/product\/yoast-seo-wordpress\/ -->\n<title>Floor fan TVM 20 D - GeoClimate.ge<\/title>\n<meta name=\"robots\" content=\"index, follow, max-snippet:-1, max-image-preview:large, max-video-preview:-1\" \/>\n<link rel=\"canonical\" href=\"https:\/\/geoclimate.ge\/fr\/produit\/15832\/\" \/>\n<meta property=\"og:locale\" content=\"fr_FR\" \/>\n<meta property=\"og:type\" content=\"article\" \/>\n<meta property=\"og:title\" content=\"Floor fan TVM 20 D - GeoClimate.ge\" \/>\n<meta property=\"og:description\" content=\"Ventilateur sur pied TVM 20 D Un classique pour un refroidissement efficace et \u00e9l\u00e9gant  La r\u00e9ponse parfaite aux d\u00e9fis de la chaleur Le ventilateur sur pied TVM 20 D, qui fonctionne sans \u00e0-coups, assure rapidement un refroidissement suffisant et est \u00e9galement un objet d&#039;affection \u00e0 l&#039;ext\u00e9rieur. En raison de son design distinctif, l&#039;appareil est \u00e9galement appel\u00e9 ventilateur \u00e0 tambour et, avec sa grille m\u00e9tallique et sa tige de support con\u00e7ues en noir mat, il \u00e9voque de nombreuses apparitions professionnelles d&#039;\u00e9oliennes de construction similaire devant et derri\u00e8re les cam\u00e9ras des grands studios de photographie et de cin\u00e9ma. \u00c9galement id\u00e9al pour la ventilation, la production d&#039;air, le refroidissement par air ou le s\u00e9chage, le TVM 20 D est polyvalent.\" \/>\n<meta property=\"og:url\" content=\"https:\/\/geoclimate.ge\/fr\/produit\/15832\/\" \/>\n<meta property=\"og:site_name\" content=\"GeoClimate.ge\" \/>\n<meta property=\"article:modified_time\" content=\"2024-11-27T13:54:50+00:00\" \/>\n<meta property=\"og:image\" content=\"https:\/\/geoclimate.ge\/wp-content\/uploads\/2024\/11\/bodenventilator-tvm-20-d-5448.jpg\" \/>\n\t<meta property=\"og:image:width\" content=\"600\" \/>\n\t<meta property=\"og:image:height\" content=\"600\" \/>\n\t<meta property=\"og:image:type\" content=\"image\/jpeg\" \/>\n<meta name=\"twitter:card\" content=\"summary_large_image\" \/>\n<meta name=\"twitter:label1\" content=\"Dur\u00e9e de lecture estim\u00e9e\" \/>\n\t<meta name=\"twitter:data1\" content=\"1 minute\" \/>\n<script type=\"application\/ld+json\" class=\"yoast-schema-graph\">{\"@context\":\"https:\/\/schema.org\",\"@graph\":[{\"@type\":\"WebPage\",\"@id\":\"https:\/\/geoclimate.ge\/fr\/produit\/15832\/\",\"url\":\"https:\/\/geoclimate.ge\/fr\/produit\/15832\/\",\"name\":\"Floor fan TVM 20 D - GeoClimate.ge\",\"isPartOf\":{\"@id\":\"https:\/\/geoclimate.ge\/#website\"},\"primaryImageOfPage\":{\"@id\":\"https:\/\/geoclimate.ge\/fr\/produit\/15832\/#primaryimage\"},\"image\":{\"@id\":\"https:\/\/geoclimate.ge\/fr\/produit\/15832\/#primaryimage\"},\"thumbnailUrl\":\"https:\/\/geoclimate.ge\/wp-content\/uploads\/2024\/11\/bodenventilator-tvm-20-d-5448.jpg\",\"datePublished\":\"2024-11-27T13:36:11+00:00\",\"dateModified\":\"2024-11-27T13:54:50+00:00\",\"breadcrumb\":{\"@id\":\"https:\/\/geoclimate.ge\/fr\/produit\/15832\/#breadcrumb\"},\"inLanguage\":\"fr-FR\",\"potentialAction\":[{\"@type\":\"ReadAction\",\"target\":[\"https:\/\/geoclimate.ge\/fr\/produit\/15832\/\"]}]},{\"@type\":\"ImageObject\",\"inLanguage\":\"fr-FR\",\"@id\":\"https:\/\/geoclimate.ge\/fr\/produit\/15832\/#primaryimage\",\"url\":\"https:\/\/geoclimate.ge\/wp-content\/uploads\/2024\/11\/bodenventilator-tvm-20-d-5448.jpg\",\"contentUrl\":\"https:\/\/geoclimate.ge\/wp-content\/uploads\/2024\/11\/bodenventilator-tvm-20-d-5448.jpg\",\"width\":600,\"height\":600},{\"@type\":\"BreadcrumbList\",\"@id\":\"https:\/\/geoclimate.ge\/fr\/produit\/15832\/#breadcrumb\",\"itemListElement\":[{\"@type\":\"ListItem\",\"position\":1,\"name\":\"Home\",\"item\":\"https:\/\/geoclimate.ge\/fr\/\"},{\"@type\":\"ListItem\",\"position\":2,\"name\":\"Products\",\"item\":\"https:\/\/geoclimate.ge\/fr\/products\/\"},{\"@type\":\"ListItem\",\"position\":3,\"name\":\"Floor fan TVM 20 D\"}]},{\"@type\":\"WebSite\",\"@id\":\"https:\/\/geoclimate.ge\/#website\",\"url\":\"https:\/\/geoclimate.ge\/\",\"name\":\"GeoClimate\",\"description\":\"\",\"publisher\":{\"@id\":\"https:\/\/geoclimate.ge\/#organization\"},\"potentialAction\":[{\"@type\":\"SearchAction\",\"target\":{\"@type\":\"EntryPoint\",\"urlTemplate\":\"https:\/\/geoclimate.ge\/?s={search_term_string}\"},\"query-input\":{\"@type\":\"PropertyValueSpecification\",\"valueRequired\":true,\"valueName\":\"search_term_string\"}}],\"inLanguage\":\"fr-FR\"},{\"@type\":\"Organization\",\"@id\":\"https:\/\/geoclimate.ge\/#organization\",\"name\":\"GeoClimate\",\"url\":\"https:\/\/geoclimate.ge\/\",\"logo\":{\"@type\":\"ImageObject\",\"inLanguage\":\"fr-FR\",\"@id\":\"https:\/\/geoclimate.ge\/#\/schema\/logo\/image\/\",\"url\":\"https:\/\/geoclimate.ge\/wp-content\/uploads\/2026\/03\/geoclimate-SEO.png\",\"contentUrl\":\"https:\/\/geoclimate.ge\/wp-content\/uploads\/2026\/03\/geoclimate-SEO.png\",\"width\":1536,\"height\":1024,\"caption\":\"GeoClimate\"},\"image\":{\"@id\":\"https:\/\/geoclimate.ge\/#\/schema\/logo\/image\/\"}}]}<\/script>\n<!-- \/ Yoast SEO plugin. -->","yoast_head_json":{"title":"Floor fan TVM 20 D - GeoClimate.ge","robots":{"index":"index","follow":"follow","max-snippet":"max-snippet:-1","max-image-preview":"max-image-preview:large","max-video-preview":"max-video-preview:-1"},"canonical":"https:\/\/geoclimate.ge\/fr\/produit\/15832\/","og_locale":"fr_FR","og_type":"article","og_title":"Floor fan TVM 20 D - GeoClimate.ge","og_description":"Ventilateur sur pied TVM 20 D Un classique pour un refroidissement efficace et \u00e9l\u00e9gant  La r\u00e9ponse parfaite aux d\u00e9fis de la chaleur Le ventilateur sur pied TVM 20 D, qui fonctionne sans \u00e0-coups, assure rapidement un refroidissement suffisant et est \u00e9galement un objet d'affection \u00e0 l'ext\u00e9rieur. En raison de son design distinctif, l'appareil est \u00e9galement appel\u00e9 ventilateur \u00e0 tambour et, avec sa grille m\u00e9tallique et sa tige de support con\u00e7ues en noir mat, il \u00e9voque de nombreuses apparitions professionnelles d'\u00e9oliennes de construction similaire devant et derri\u00e8re les cam\u00e9ras des grands studios de photographie et de cin\u00e9ma. \u00c9galement id\u00e9al pour la ventilation, la production d'air, le refroidissement par air ou le s\u00e9chage, le TVM 20 D est polyvalent.","og_url":"https:\/\/geoclimate.ge\/fr\/produit\/15832\/","og_site_name":"GeoClimate.ge","article_modified_time":"2024-11-27T13:54:50+00:00","og_image":[{"width":600,"height":600,"url":"https:\/\/geoclimate.ge\/wp-content\/uploads\/2024\/11\/bodenventilator-tvm-20-d-5448.jpg","type":"image\/jpeg"}],"twitter_card":"summary_large_image","twitter_misc":{"Dur\u00e9e de lecture estim\u00e9e":"1 minute"},"schema":{"@context":"https:\/\/schema.org","@graph":[{"@type":"WebPage","@id":"https:\/\/geoclimate.ge\/fr\/produit\/15832\/","url":"https:\/\/geoclimate.ge\/fr\/produit\/15832\/","name":"Floor fan TVM 20 D - GeoClimate.ge","isPartOf":{"@id":"https:\/\/geoclimate.ge\/#website"},"primaryImageOfPage":{"@id":"https:\/\/geoclimate.ge\/fr\/produit\/15832\/#primaryimage"},"image":{"@id":"https:\/\/geoclimate.ge\/fr\/produit\/15832\/#primaryimage"},"thumbnailUrl":"https:\/\/geoclimate.ge\/wp-content\/uploads\/2024\/11\/bodenventilator-tvm-20-d-5448.jpg","datePublished":"2024-11-27T13:36:11+00:00","dateModified":"2024-11-27T13:54:50+00:00","breadcrumb":{"@id":"https:\/\/geoclimate.ge\/fr\/produit\/15832\/#breadcrumb"},"inLanguage":"fr-FR","potentialAction":[{"@type":"ReadAction","target":["https:\/\/geoclimate.ge\/fr\/produit\/15832\/"]}]},{"@type":"ImageObject","inLanguage":"fr-FR","@id":"https:\/\/geoclimate.ge\/fr\/produit\/15832\/#primaryimage","url":"https:\/\/geoclimate.ge\/wp-content\/uploads\/2024\/11\/bodenventilator-tvm-20-d-5448.jpg","contentUrl":"https:\/\/geoclimate.ge\/wp-content\/uploads\/2024\/11\/bodenventilator-tvm-20-d-5448.jpg","width":600,"height":600},{"@type":"BreadcrumbList","@id":"https:\/\/geoclimate.ge\/fr\/produit\/15832\/#breadcrumb","itemListElement":[{"@type":"ListItem","position":1,"name":"Home","item":"https:\/\/geoclimate.ge\/fr\/"},{"@type":"ListItem","position":2,"name":"Products","item":"https:\/\/geoclimate.ge\/fr\/products\/"},{"@type":"ListItem","position":3,"name":"Floor fan TVM 20 D"}]},{"@type":"WebSite","@id":"https:\/\/geoclimate.ge\/#website","url":"https:\/\/geoclimate.ge\/","name":"GeoClimate","description":"","publisher":{"@id":"https:\/\/geoclimate.ge\/#organization"},"potentialAction":[{"@type":"SearchAction","target":{"@type":"EntryPoint","urlTemplate":"https:\/\/geoclimate.ge\/?s={search_term_string}"},"query-input":{"@type":"PropertyValueSpecification","valueRequired":true,"valueName":"search_term_string"}}],"inLanguage":"fr-FR"},{"@type":"Organization","@id":"https:\/\/geoclimate.ge\/#organization","name":"GeoClimate","url":"https:\/\/geoclimate.ge\/","logo":{"@type":"ImageObject","inLanguage":"fr-FR","@id":"https:\/\/geoclimate.ge\/#\/schema\/logo\/image\/","url":"https:\/\/geoclimate.ge\/wp-content\/uploads\/2026\/03\/geoclimate-SEO.png","contentUrl":"https:\/\/geoclimate.ge\/wp-content\/uploads\/2026\/03\/geoclimate-SEO.png","width":1536,"height":1024,"caption":"GeoClimate"},"image":{"@id":"https:\/\/geoclimate.ge\/#\/schema\/logo\/image\/"}}]}},"_links":{"self":[{"href":"https:\/\/geoclimate.ge\/fr\/wp-json\/wp\/v2\/product\/15833","targetHints":{"allow":["GET"]}}],"collection":[{"href":"https:\/\/geoclimate.ge\/fr\/wp-json\/wp\/v2\/product"}],"about":[{"href":"https:\/\/geoclimate.ge\/fr\/wp-json\/wp\/v2\/types\/product"}],"wp:featuredmedia":[{"embeddable":true,"href":"https:\/\/geoclimate.ge\/fr\/wp-json\/wp\/v2\/media\/15798"}],"wp:attachment":[{"href":"https:\/\/geoclimate.ge\/fr\/wp-json\/wp\/v2\/media?parent=15833"}],"wp:term":[{"taxonomy":"product_brand","embeddable":true,"href":"https:\/\/geoclimate.ge\/fr\/wp-json\/wp\/v2\/product_brand?post=15833"},{"taxonomy":"product_cat","embeddable":true,"href":"https:\/\/geoclimate.ge\/fr\/wp-json\/wp\/v2\/product_cat?post=15833"},{"taxonomy":"product_tag","embeddable":true,"href":"https:\/\/geoclimate.ge\/fr\/wp-json\/wp\/v2\/product_tag?post=15833"}],"curies":[{"name":"wp","href":"https:\/\/api.w.org\/{rel}","templated":true}]}}