{"id":15875,"date":"2024-11-27T17:58:19","date_gmt":"2024-11-27T13:58:19","guid":{"rendered":"https:\/\/airsystems.ge\/shop\/product\/floor-fan-tvm-24-d\/"},"modified":"2024-11-27T18:02:33","modified_gmt":"2024-11-27T14:02:33","slug":"floor-fan-tvm-24-d","status":"publish","type":"product","link":"https:\/\/geoclimate.ge\/fr\/produit\/floor-fan-tvm-24-d\/","title":{"rendered":"Ventilateur sur pied TVM 24 D"},"content":{"rendered":"<p><strong>Quelques avantages pratiques :<\/strong><br \/>\nPuissance de 124 watts<br \/>\n3 niveaux de vitesse<br \/>\nAngle d&rsquo;inclinaison de la t\u00eate du ventilateur r\u00e9glable jusqu&rsquo;\u00e0 135\u00b0<br \/>\nGrille m\u00e9tallique de protection \u00e0 l&rsquo;avant et \u00e0 l&rsquo;arri\u00e8re<br \/>\nDiam\u00e8tre des pales du ventilateur 60 cm<br \/>\nBase stable et antid\u00e9rapante pour une bonne stabilit\u00e9 et \u00e9viter tout basculement<br \/>\nLongue dur\u00e9e de vie gr\u00e2ce au moteur \u00e0 bobine en cuivre<br \/>\nFonctionnement fluide et silencieux<br \/>\nEnrouleur de c\u00e2ble int\u00e9gr\u00e9<br \/>\nPoign\u00e9e de transport pratique<br \/>\nRapport qualit\u00e9\/prix unique<\/p>\n","protected":false},"excerpt":{"rendered":"<div id=\"c1999126\" class=\"csc-default ctype-text\">\n<div class=\"csc-header csc-header-n1\">\n<p><strong>Ventilateur sur pied TVM 24 D<\/strong><br \/>\nUnit\u00e9 de refroidissement de haute qualit\u00e9 au caract\u00e8re unique<\/p>\n<p>La r\u00e9ponse parfaite aux d\u00e9fis de la chaleur<br \/>\nM\u00eame au repos, le charme particulier de ce ventilateur sur pied cr\u00e9e une atmosph\u00e8re agr\u00e9able \u2013 et, en fonctionnant aussi doucement qu&rsquo;il le fait, le TVM 24 D g\u00e9n\u00e8re une brise rafra\u00eechissante qui assure un refroidissement rapide. En raison de sa conception caract\u00e9ristique, cet original intemporel est \u00e9galement appel\u00e9 ventilateur \u00e0 tambour et, en plus du refroidissement par le vent, il peut \u00eatre utilis\u00e9 de mani\u00e8re id\u00e9ale pour de nombreuses applications, notamment la ventilation, la production de vent et le s\u00e9chage.<\/p>\n<p>Avec 124 watts, le ventilateur sur pied TVM 24 D dispose de suffisamment de r\u00e9serves de puissance pour offrir un refroidissement suffisant m\u00eame lorsque les temp\u00e9ratures augmentent. M\u00eame l&rsquo;air chaud et br\u00fblant qui s&rsquo;accumule dans les pi\u00e8ces d&rsquo;habitation et de bureau est tout simplement souffl\u00e9 par le d\u00e9bit d&rsquo;air \u00e9lev\u00e9 cr\u00e9\u00e9 par un diam\u00e8tre de pale de 24 pouces (environ 60 cm).<\/p>\n<\/div>\n<\/div>\n","protected":false},"featured_media":15868,"template":"","meta":[],"product_brand":[],"product_cat":[617,420],"product_tag":[],"class_list":{"0":"post-15875","1":"product","2":"type-product","3":"status-publish","4":"has-post-thumbnail","6":"product_cat-ventilation-trotec-fr","7":"product_cat-trotec-fr","9":"first","10":"instock","11":"shipping-taxable","12":"purchasable","13":"product-type-simple"},"yoast_head":"<!-- This site is optimized with the Yoast SEO plugin v27.1.1 - https:\/\/yoast.com\/product\/yoast-seo-wordpress\/ -->\n<title>Ventilateur sur pied TVM 24 D - GeoClimate.ge<\/title>\n<meta name=\"robots\" content=\"index, follow, max-snippet:-1, max-image-preview:large, max-video-preview:-1\" \/>\n<link rel=\"canonical\" href=\"https:\/\/geoclimate.ge\/fr\/produit\/floor-fan-tvm-24-d\/\" \/>\n<meta property=\"og:locale\" content=\"fr_FR\" \/>\n<meta property=\"og:type\" content=\"article\" \/>\n<meta property=\"og:title\" content=\"Ventilateur sur pied TVM 24 D - GeoClimate.ge\" \/>\n<meta property=\"og:description\" content=\"Ventilateur sur pied TVM 24 D Unit\u00e9 de refroidissement de haute qualit\u00e9 au caract\u00e8re unique  La r\u00e9ponse parfaite aux d\u00e9fis de la chaleur M\u00eame au repos, le charme particulier de ce ventilateur sur pied cr\u00e9e une atmosph\u00e8re agr\u00e9able \u2013 et, en fonctionnant aussi doucement qu&#039;il le fait, le TVM 24 D g\u00e9n\u00e8re une brise rafra\u00eechissante qui assure un refroidissement rapide. En raison de sa conception caract\u00e9ristique, cet original intemporel est \u00e9galement appel\u00e9 ventilateur \u00e0 tambour et, en plus du refroidissement par le vent, il peut \u00eatre utilis\u00e9 de mani\u00e8re id\u00e9ale pour de nombreuses applications, notamment la ventilation, la production de vent et le s\u00e9chage.  Avec 124 watts, le ventilateur sur pied TVM 24 D dispose de suffisamment de r\u00e9serves de puissance pour offrir un refroidissement suffisant m\u00eame lorsque les temp\u00e9ratures augmentent. M\u00eame l&#039;air chaud et br\u00fblant qui s&#039;accumule dans les pi\u00e8ces d&#039;habitation et de bureau est tout simplement souffl\u00e9 par le d\u00e9bit d&#039;air \u00e9lev\u00e9 cr\u00e9\u00e9 par un diam\u00e8tre de pale de 24 pouces (environ 60 cm).\" \/>\n<meta property=\"og:url\" content=\"https:\/\/geoclimate.ge\/fr\/produit\/floor-fan-tvm-24-d\/\" \/>\n<meta property=\"og:site_name\" content=\"GeoClimate.ge\" \/>\n<meta property=\"article:modified_time\" content=\"2024-11-27T14:02:33+00:00\" \/>\n<meta property=\"og:image\" content=\"https:\/\/geoclimate.ge\/wp-content\/uploads\/2024\/11\/bodenventilator-tvm-24-d-f34c.jpg\" \/>\n\t<meta property=\"og:image:width\" content=\"600\" \/>\n\t<meta property=\"og:image:height\" content=\"600\" \/>\n\t<meta property=\"og:image:type\" content=\"image\/jpeg\" \/>\n<meta name=\"twitter:card\" content=\"summary_large_image\" \/>\n<script type=\"application\/ld+json\" class=\"yoast-schema-graph\">{\"@context\":\"https:\/\/schema.org\",\"@graph\":[{\"@type\":\"WebPage\",\"@id\":\"https:\/\/geoclimate.ge\/fr\/produit\/floor-fan-tvm-24-d\/\",\"url\":\"https:\/\/geoclimate.ge\/fr\/produit\/floor-fan-tvm-24-d\/\",\"name\":\"Ventilateur sur pied TVM 24 D - GeoClimate.ge\",\"isPartOf\":{\"@id\":\"https:\/\/geoclimate.ge\/#website\"},\"primaryImageOfPage\":{\"@id\":\"https:\/\/geoclimate.ge\/fr\/produit\/floor-fan-tvm-24-d\/#primaryimage\"},\"image\":{\"@id\":\"https:\/\/geoclimate.ge\/fr\/produit\/floor-fan-tvm-24-d\/#primaryimage\"},\"thumbnailUrl\":\"https:\/\/geoclimate.ge\/wp-content\/uploads\/2024\/11\/bodenventilator-tvm-24-d-f34c.jpg\",\"datePublished\":\"2024-11-27T13:58:19+00:00\",\"dateModified\":\"2024-11-27T14:02:33+00:00\",\"breadcrumb\":{\"@id\":\"https:\/\/geoclimate.ge\/fr\/produit\/floor-fan-tvm-24-d\/#breadcrumb\"},\"inLanguage\":\"fr-FR\",\"potentialAction\":[{\"@type\":\"ReadAction\",\"target\":[\"https:\/\/geoclimate.ge\/fr\/produit\/floor-fan-tvm-24-d\/\"]}]},{\"@type\":\"ImageObject\",\"inLanguage\":\"fr-FR\",\"@id\":\"https:\/\/geoclimate.ge\/fr\/produit\/floor-fan-tvm-24-d\/#primaryimage\",\"url\":\"https:\/\/geoclimate.ge\/wp-content\/uploads\/2024\/11\/bodenventilator-tvm-24-d-f34c.jpg\",\"contentUrl\":\"https:\/\/geoclimate.ge\/wp-content\/uploads\/2024\/11\/bodenventilator-tvm-24-d-f34c.jpg\",\"width\":600,\"height\":600},{\"@type\":\"BreadcrumbList\",\"@id\":\"https:\/\/geoclimate.ge\/fr\/produit\/floor-fan-tvm-24-d\/#breadcrumb\",\"itemListElement\":[{\"@type\":\"ListItem\",\"position\":1,\"name\":\"Home\",\"item\":\"https:\/\/geoclimate.ge\/fr\/\"},{\"@type\":\"ListItem\",\"position\":2,\"name\":\"Products\",\"item\":\"https:\/\/geoclimate.ge\/fr\/products\/\"},{\"@type\":\"ListItem\",\"position\":3,\"name\":\"Ventilateur sur pied TVM 24 D\"}]},{\"@type\":\"WebSite\",\"@id\":\"https:\/\/geoclimate.ge\/#website\",\"url\":\"https:\/\/geoclimate.ge\/\",\"name\":\"GeoClimate\",\"description\":\"\",\"publisher\":{\"@id\":\"https:\/\/geoclimate.ge\/#organization\"},\"potentialAction\":[{\"@type\":\"SearchAction\",\"target\":{\"@type\":\"EntryPoint\",\"urlTemplate\":\"https:\/\/geoclimate.ge\/?s={search_term_string}\"},\"query-input\":{\"@type\":\"PropertyValueSpecification\",\"valueRequired\":true,\"valueName\":\"search_term_string\"}}],\"inLanguage\":\"fr-FR\"},{\"@type\":\"Organization\",\"@id\":\"https:\/\/geoclimate.ge\/#organization\",\"name\":\"GeoClimate\",\"url\":\"https:\/\/geoclimate.ge\/\",\"logo\":{\"@type\":\"ImageObject\",\"inLanguage\":\"fr-FR\",\"@id\":\"https:\/\/geoclimate.ge\/#\/schema\/logo\/image\/\",\"url\":\"https:\/\/geoclimate.ge\/wp-content\/uploads\/2026\/03\/geoclimate-SEO.png\",\"contentUrl\":\"https:\/\/geoclimate.ge\/wp-content\/uploads\/2026\/03\/geoclimate-SEO.png\",\"width\":1536,\"height\":1024,\"caption\":\"GeoClimate\"},\"image\":{\"@id\":\"https:\/\/geoclimate.ge\/#\/schema\/logo\/image\/\"}}]}<\/script>\n<!-- \/ Yoast SEO plugin. -->","yoast_head_json":{"title":"Ventilateur sur pied TVM 24 D - GeoClimate.ge","robots":{"index":"index","follow":"follow","max-snippet":"max-snippet:-1","max-image-preview":"max-image-preview:large","max-video-preview":"max-video-preview:-1"},"canonical":"https:\/\/geoclimate.ge\/fr\/produit\/floor-fan-tvm-24-d\/","og_locale":"fr_FR","og_type":"article","og_title":"Ventilateur sur pied TVM 24 D - GeoClimate.ge","og_description":"Ventilateur sur pied TVM 24 D Unit\u00e9 de refroidissement de haute qualit\u00e9 au caract\u00e8re unique  La r\u00e9ponse parfaite aux d\u00e9fis de la chaleur M\u00eame au repos, le charme particulier de ce ventilateur sur pied cr\u00e9e une atmosph\u00e8re agr\u00e9able \u2013 et, en fonctionnant aussi doucement qu'il le fait, le TVM 24 D g\u00e9n\u00e8re une brise rafra\u00eechissante qui assure un refroidissement rapide. En raison de sa conception caract\u00e9ristique, cet original intemporel est \u00e9galement appel\u00e9 ventilateur \u00e0 tambour et, en plus du refroidissement par le vent, il peut \u00eatre utilis\u00e9 de mani\u00e8re id\u00e9ale pour de nombreuses applications, notamment la ventilation, la production de vent et le s\u00e9chage.  Avec 124 watts, le ventilateur sur pied TVM 24 D dispose de suffisamment de r\u00e9serves de puissance pour offrir un refroidissement suffisant m\u00eame lorsque les temp\u00e9ratures augmentent. M\u00eame l'air chaud et br\u00fblant qui s'accumule dans les pi\u00e8ces d'habitation et de bureau est tout simplement souffl\u00e9 par le d\u00e9bit d'air \u00e9lev\u00e9 cr\u00e9\u00e9 par un diam\u00e8tre de pale de 24 pouces (environ 60 cm).","og_url":"https:\/\/geoclimate.ge\/fr\/produit\/floor-fan-tvm-24-d\/","og_site_name":"GeoClimate.ge","article_modified_time":"2024-11-27T14:02:33+00:00","og_image":[{"width":600,"height":600,"url":"https:\/\/geoclimate.ge\/wp-content\/uploads\/2024\/11\/bodenventilator-tvm-24-d-f34c.jpg","type":"image\/jpeg"}],"twitter_card":"summary_large_image","schema":{"@context":"https:\/\/schema.org","@graph":[{"@type":"WebPage","@id":"https:\/\/geoclimate.ge\/fr\/produit\/floor-fan-tvm-24-d\/","url":"https:\/\/geoclimate.ge\/fr\/produit\/floor-fan-tvm-24-d\/","name":"Ventilateur sur pied TVM 24 D - GeoClimate.ge","isPartOf":{"@id":"https:\/\/geoclimate.ge\/#website"},"primaryImageOfPage":{"@id":"https:\/\/geoclimate.ge\/fr\/produit\/floor-fan-tvm-24-d\/#primaryimage"},"image":{"@id":"https:\/\/geoclimate.ge\/fr\/produit\/floor-fan-tvm-24-d\/#primaryimage"},"thumbnailUrl":"https:\/\/geoclimate.ge\/wp-content\/uploads\/2024\/11\/bodenventilator-tvm-24-d-f34c.jpg","datePublished":"2024-11-27T13:58:19+00:00","dateModified":"2024-11-27T14:02:33+00:00","breadcrumb":{"@id":"https:\/\/geoclimate.ge\/fr\/produit\/floor-fan-tvm-24-d\/#breadcrumb"},"inLanguage":"fr-FR","potentialAction":[{"@type":"ReadAction","target":["https:\/\/geoclimate.ge\/fr\/produit\/floor-fan-tvm-24-d\/"]}]},{"@type":"ImageObject","inLanguage":"fr-FR","@id":"https:\/\/geoclimate.ge\/fr\/produit\/floor-fan-tvm-24-d\/#primaryimage","url":"https:\/\/geoclimate.ge\/wp-content\/uploads\/2024\/11\/bodenventilator-tvm-24-d-f34c.jpg","contentUrl":"https:\/\/geoclimate.ge\/wp-content\/uploads\/2024\/11\/bodenventilator-tvm-24-d-f34c.jpg","width":600,"height":600},{"@type":"BreadcrumbList","@id":"https:\/\/geoclimate.ge\/fr\/produit\/floor-fan-tvm-24-d\/#breadcrumb","itemListElement":[{"@type":"ListItem","position":1,"name":"Home","item":"https:\/\/geoclimate.ge\/fr\/"},{"@type":"ListItem","position":2,"name":"Products","item":"https:\/\/geoclimate.ge\/fr\/products\/"},{"@type":"ListItem","position":3,"name":"Ventilateur sur pied TVM 24 D"}]},{"@type":"WebSite","@id":"https:\/\/geoclimate.ge\/#website","url":"https:\/\/geoclimate.ge\/","name":"GeoClimate","description":"","publisher":{"@id":"https:\/\/geoclimate.ge\/#organization"},"potentialAction":[{"@type":"SearchAction","target":{"@type":"EntryPoint","urlTemplate":"https:\/\/geoclimate.ge\/?s={search_term_string}"},"query-input":{"@type":"PropertyValueSpecification","valueRequired":true,"valueName":"search_term_string"}}],"inLanguage":"fr-FR"},{"@type":"Organization","@id":"https:\/\/geoclimate.ge\/#organization","name":"GeoClimate","url":"https:\/\/geoclimate.ge\/","logo":{"@type":"ImageObject","inLanguage":"fr-FR","@id":"https:\/\/geoclimate.ge\/#\/schema\/logo\/image\/","url":"https:\/\/geoclimate.ge\/wp-content\/uploads\/2026\/03\/geoclimate-SEO.png","contentUrl":"https:\/\/geoclimate.ge\/wp-content\/uploads\/2026\/03\/geoclimate-SEO.png","width":1536,"height":1024,"caption":"GeoClimate"},"image":{"@id":"https:\/\/geoclimate.ge\/#\/schema\/logo\/image\/"}}]}},"_links":{"self":[{"href":"https:\/\/geoclimate.ge\/fr\/wp-json\/wp\/v2\/product\/15875","targetHints":{"allow":["GET"]}}],"collection":[{"href":"https:\/\/geoclimate.ge\/fr\/wp-json\/wp\/v2\/product"}],"about":[{"href":"https:\/\/geoclimate.ge\/fr\/wp-json\/wp\/v2\/types\/product"}],"wp:featuredmedia":[{"embeddable":true,"href":"https:\/\/geoclimate.ge\/fr\/wp-json\/wp\/v2\/media\/15868"}],"wp:attachment":[{"href":"https:\/\/geoclimate.ge\/fr\/wp-json\/wp\/v2\/media?parent=15875"}],"wp:term":[{"taxonomy":"product_brand","embeddable":true,"href":"https:\/\/geoclimate.ge\/fr\/wp-json\/wp\/v2\/product_brand?post=15875"},{"taxonomy":"product_cat","embeddable":true,"href":"https:\/\/geoclimate.ge\/fr\/wp-json\/wp\/v2\/product_cat?post=15875"},{"taxonomy":"product_tag","embeddable":true,"href":"https:\/\/geoclimate.ge\/fr\/wp-json\/wp\/v2\/product_tag?post=15875"}],"curies":[{"name":"wp","href":"https:\/\/api.w.org\/{rel}","templated":true}]}}