{"id":15922,"date":"2025-01-10T17:11:09","date_gmt":"2025-01-10T13:11:09","guid":{"rendered":"https:\/\/airsystems.ge\/shop\/product\/indoor-packaged-air-conditioner-under-floor-without-free-cooling\/"},"modified":"2025-01-10T17:19:09","modified_gmt":"2025-01-10T13:19:09","slug":"indoor-packaged-air-conditioner-under-floor-without-free-cooling","status":"publish","type":"product","link":"https:\/\/geoclimate.ge\/fr\/produit\/indoor-packaged-air-conditioner-under-floor-without-free-cooling\/","title":{"rendered":"Climatiseurs d&rsquo;int\u00e9rieur monobloc Sous le plancher &#8211; sans free cooling"},"content":{"rendered":"<p>Climatiseurs d&rsquo;int\u00e9rieur monobloc<br \/>\nSous le plancher &#8211; sans free cooling<br \/>\nAE IR_SP<\/p>\n<p>Unit\u00e9s de climatisation d&rsquo;int\u00e9rieur monobloc type \u00e0 condensation par air, id\u00e9ales pour les installations \u00e0 l&rsquo;int\u00e9rieur de locaux, d&rsquo;abris pour stations de base radio et centres de traitement de donn\u00e9es.<br \/>\nLe r\u00e9glage de la temp\u00e9rature est obtenu au moyen de la variation de la capacit\u00e9 de refroidissement du climatiseur gr\u00e2ce \u00e0 la technologie Inverter (variation de la vitesse de rotation du compresseur).<br \/>\nLes unit\u00e9s de climatisation de la s\u00e9rie AE_IR_SP sont de type sous le plancher. L&rsquo;air de refroidissement est pr\u00e9lev\u00e9 de la zone centrale et envoy\u00e9 au sol.<\/p>\n<p>Les climatiseurs sont \u00e9quip\u00e9s d&rsquo;un contr\u00f4leur interne et de sondes de temp\u00e9rature et de pression, qui permettent d&rsquo;obtenir un \u00ab\u00a0syst\u00e8me de refroidissement\u00a0\u00bb ind\u00e9pendant ou coordonn\u00e9, assurant une redondance compl\u00e8te de toutes les fonctions de contr\u00f4le et de climatisation.<br \/>\nLes monoblocs sont dot\u00e9s d&rsquo;un panneau d&rsquo;interface utilisateur \u00e0 bord pour la gestion des commandes et des contr\u00f4les, complet de sectionneurs, avec protection \u00e9lectrique interne contre les surintensit\u00e9s.<\/p>\n<p>Caract\u00e9ristiques techniques<\/p>\n<p>Cadre et panneaux en acier galvanis\u00e9<br \/>\nHaute r\u00e9sistance \u00e0 la corrosion<br \/>\nBatterie de condensateurs \u00e0 microcanaux en aluminium-aluminium<br \/>\nRed\u00e9marrage automatique apr\u00e8s absence d&rsquo;alimentation \u00e9lectrique<br \/>\nVentilateurs de la section d&rsquo;\u00e9vaporation EC<br \/>\nLes ventilateurs de la section de condensation ont une vitesse variable en fonction de la pression de condensation<br \/>\nVanne thermostatique \u00e9lectronique<br \/>\nSection de traitement d&rsquo;air 48Vdc<br \/>\nAccessoires<\/p>\n<p>Kit canalis\u00e9 (convoyeurs + conduits et tuyaux)<br \/>\nR\u00e9sistance de chauffage<br \/>\nCarte d&rsquo;interface RS232\/485<br \/>\nCarte d&rsquo;interface Ethernet<br \/>\nCarte d&rsquo;interface SNMP%Web<br \/>\nContr\u00f4le d&rsquo;humidit\u00e9 (limite de d\u00e9shumidification 40%RH@30\u00b0C<\/p>\n","protected":false},"excerpt":{"rendered":"<div class=\"elementor-element elementor-element-6e19ed90 hidebutton mc-bl elementor-align-left elementor-widget elementor-widget-button\" data-id=\"6e19ed90\" data-element_type=\"widget\" data-widget_type=\"button.default\">\n<div class=\"elementor-widget-container\">\n<div class=\"elementor-button-wrapper\"><a class=\"elementor-button elementor-button-link elementor-size-sm\" href=\"https:\/\/www.enextechnologies.com\/wp-content\/uploads\/2024\/08\/B_AE_IR_SP-ENG-A4-Rev.4.pdf\" target=\"_blank\" rel=\"noopener\"><span class=\"elementor-button-content-wrapper\"><span class=\"elementor-button-text\">BROCHURE A_IR_SP<\/span><\/span><\/a><\/div>\n<\/div>\n<\/div>\n<div class=\"elementor-element elementor-element-13f5f820 hidebutton mc-bl elementor-align-left elementor-widget elementor-widget-button\" data-id=\"13f5f820\" data-element_type=\"widget\" data-widget_type=\"button.default\">\n<div class=\"elementor-widget-container\">\n<div class=\"elementor-button-wrapper\"><a class=\"elementor-button elementor-button-link elementor-size-sm\" href=\"https:\/\/www.enextechnologies.com\/wp-content\/uploads\/2024\/08\/B_AE_IR_SP_inverter-ENG-A4-Rev.4.pdf\" target=\"_blank\" rel=\"noopener\"><span class=\"elementor-button-content-wrapper\"><span class=\"elementor-button-text\">BROCHURE A_IR_SP INVERTER<\/span><\/span><\/a><\/div>\n<\/div>\n<\/div>\n","protected":false},"featured_media":15976,"template":"","meta":[],"product_brand":[],"product_cat":[682],"product_tag":[],"class_list":{"0":"post-15922","1":"product","2":"type-product","3":"status-publish","4":"has-post-thumbnail","6":"product_cat-climatiseurs-fr-industriels","8":"first","9":"instock","10":"sale","11":"shipping-taxable","12":"purchasable","13":"product-type-simple"},"yoast_head":"<!-- This site is optimized with the Yoast SEO plugin v27.1.1 - https:\/\/yoast.com\/product\/yoast-seo-wordpress\/ -->\n<title>Climatiseurs d&#039;int\u00e9rieur monobloc Sous le plancher - sans free cooling - GeoClimate.ge<\/title>\n<meta name=\"robots\" content=\"index, follow, max-snippet:-1, max-image-preview:large, max-video-preview:-1\" \/>\n<link rel=\"canonical\" href=\"https:\/\/geoclimate.ge\/fr\/produit\/indoor-packaged-air-conditioner-under-floor-without-free-cooling\/\" \/>\n<meta property=\"og:locale\" content=\"fr_FR\" \/>\n<meta property=\"og:type\" content=\"article\" \/>\n<meta property=\"og:title\" content=\"Climatiseurs d&#039;int\u00e9rieur monobloc Sous le plancher - sans free cooling - GeoClimate.ge\" \/>\n<meta property=\"og:description\" content=\"BROCHURE A_IR_SP     BROCHURE A_IR_SP INVERTER\" \/>\n<meta property=\"og:url\" content=\"https:\/\/geoclimate.ge\/fr\/produit\/indoor-packaged-air-conditioner-under-floor-without-free-cooling\/\" \/>\n<meta property=\"og:site_name\" content=\"GeoClimate.ge\" \/>\n<meta property=\"article:modified_time\" content=\"2025-01-10T13:19:09+00:00\" \/>\n<meta property=\"og:image\" content=\"https:\/\/geoclimate.ge\/wp-content\/uploads\/2025\/01\/1-1.jpg\" \/>\n\t<meta property=\"og:image:width\" content=\"700\" \/>\n\t<meta property=\"og:image:height\" content=\"395\" \/>\n\t<meta property=\"og:image:type\" content=\"image\/jpeg\" \/>\n<meta name=\"twitter:card\" content=\"summary_large_image\" \/>\n<meta name=\"twitter:label1\" content=\"Dur\u00e9e de lecture estim\u00e9e\" \/>\n\t<meta name=\"twitter:data1\" content=\"1 minute\" \/>\n<script type=\"application\/ld+json\" class=\"yoast-schema-graph\">{\"@context\":\"https:\/\/schema.org\",\"@graph\":[{\"@type\":\"WebPage\",\"@id\":\"https:\/\/geoclimate.ge\/fr\/produit\/indoor-packaged-air-conditioner-under-floor-without-free-cooling\/\",\"url\":\"https:\/\/geoclimate.ge\/fr\/produit\/indoor-packaged-air-conditioner-under-floor-without-free-cooling\/\",\"name\":\"Climatiseurs d'int\u00e9rieur monobloc Sous le plancher - sans free cooling - GeoClimate.ge\",\"isPartOf\":{\"@id\":\"https:\/\/geoclimate.ge\/#website\"},\"primaryImageOfPage\":{\"@id\":\"https:\/\/geoclimate.ge\/fr\/produit\/indoor-packaged-air-conditioner-under-floor-without-free-cooling\/#primaryimage\"},\"image\":{\"@id\":\"https:\/\/geoclimate.ge\/fr\/produit\/indoor-packaged-air-conditioner-under-floor-without-free-cooling\/#primaryimage\"},\"thumbnailUrl\":\"https:\/\/geoclimate.ge\/wp-content\/uploads\/2025\/01\/1-1.jpg\",\"datePublished\":\"2025-01-10T13:11:09+00:00\",\"dateModified\":\"2025-01-10T13:19:09+00:00\",\"breadcrumb\":{\"@id\":\"https:\/\/geoclimate.ge\/fr\/produit\/indoor-packaged-air-conditioner-under-floor-without-free-cooling\/#breadcrumb\"},\"inLanguage\":\"fr-FR\",\"potentialAction\":[{\"@type\":\"ReadAction\",\"target\":[\"https:\/\/geoclimate.ge\/fr\/produit\/indoor-packaged-air-conditioner-under-floor-without-free-cooling\/\"]}]},{\"@type\":\"ImageObject\",\"inLanguage\":\"fr-FR\",\"@id\":\"https:\/\/geoclimate.ge\/fr\/produit\/indoor-packaged-air-conditioner-under-floor-without-free-cooling\/#primaryimage\",\"url\":\"https:\/\/geoclimate.ge\/wp-content\/uploads\/2025\/01\/1-1.jpg\",\"contentUrl\":\"https:\/\/geoclimate.ge\/wp-content\/uploads\/2025\/01\/1-1.jpg\",\"width\":700,\"height\":395},{\"@type\":\"BreadcrumbList\",\"@id\":\"https:\/\/geoclimate.ge\/fr\/produit\/indoor-packaged-air-conditioner-under-floor-without-free-cooling\/#breadcrumb\",\"itemListElement\":[{\"@type\":\"ListItem\",\"position\":1,\"name\":\"Home\",\"item\":\"https:\/\/geoclimate.ge\/fr\/\"},{\"@type\":\"ListItem\",\"position\":2,\"name\":\"Products\",\"item\":\"https:\/\/geoclimate.ge\/fr\/products\/\"},{\"@type\":\"ListItem\",\"position\":3,\"name\":\"Climatiseurs d&#8217;int\u00e9rieur monobloc Sous le plancher &#8211; sans free cooling\"}]},{\"@type\":\"WebSite\",\"@id\":\"https:\/\/geoclimate.ge\/#website\",\"url\":\"https:\/\/geoclimate.ge\/\",\"name\":\"GeoClimate\",\"description\":\"\",\"publisher\":{\"@id\":\"https:\/\/geoclimate.ge\/#organization\"},\"potentialAction\":[{\"@type\":\"SearchAction\",\"target\":{\"@type\":\"EntryPoint\",\"urlTemplate\":\"https:\/\/geoclimate.ge\/?s={search_term_string}\"},\"query-input\":{\"@type\":\"PropertyValueSpecification\",\"valueRequired\":true,\"valueName\":\"search_term_string\"}}],\"inLanguage\":\"fr-FR\"},{\"@type\":\"Organization\",\"@id\":\"https:\/\/geoclimate.ge\/#organization\",\"name\":\"GeoClimate\",\"url\":\"https:\/\/geoclimate.ge\/\",\"logo\":{\"@type\":\"ImageObject\",\"inLanguage\":\"fr-FR\",\"@id\":\"https:\/\/geoclimate.ge\/#\/schema\/logo\/image\/\",\"url\":\"https:\/\/geoclimate.ge\/wp-content\/uploads\/2026\/03\/geoclimate-SEO.png\",\"contentUrl\":\"https:\/\/geoclimate.ge\/wp-content\/uploads\/2026\/03\/geoclimate-SEO.png\",\"width\":1536,\"height\":1024,\"caption\":\"GeoClimate\"},\"image\":{\"@id\":\"https:\/\/geoclimate.ge\/#\/schema\/logo\/image\/\"}}]}<\/script>\n<!-- \/ Yoast SEO plugin. -->","yoast_head_json":{"title":"Climatiseurs d'int\u00e9rieur monobloc Sous le plancher - sans free cooling - GeoClimate.ge","robots":{"index":"index","follow":"follow","max-snippet":"max-snippet:-1","max-image-preview":"max-image-preview:large","max-video-preview":"max-video-preview:-1"},"canonical":"https:\/\/geoclimate.ge\/fr\/produit\/indoor-packaged-air-conditioner-under-floor-without-free-cooling\/","og_locale":"fr_FR","og_type":"article","og_title":"Climatiseurs d'int\u00e9rieur monobloc Sous le plancher - sans free cooling - GeoClimate.ge","og_description":"BROCHURE A_IR_SP     BROCHURE A_IR_SP INVERTER","og_url":"https:\/\/geoclimate.ge\/fr\/produit\/indoor-packaged-air-conditioner-under-floor-without-free-cooling\/","og_site_name":"GeoClimate.ge","article_modified_time":"2025-01-10T13:19:09+00:00","og_image":[{"width":700,"height":395,"url":"https:\/\/geoclimate.ge\/wp-content\/uploads\/2025\/01\/1-1.jpg","type":"image\/jpeg"}],"twitter_card":"summary_large_image","twitter_misc":{"Dur\u00e9e de lecture estim\u00e9e":"1 minute"},"schema":{"@context":"https:\/\/schema.org","@graph":[{"@type":"WebPage","@id":"https:\/\/geoclimate.ge\/fr\/produit\/indoor-packaged-air-conditioner-under-floor-without-free-cooling\/","url":"https:\/\/geoclimate.ge\/fr\/produit\/indoor-packaged-air-conditioner-under-floor-without-free-cooling\/","name":"Climatiseurs d'int\u00e9rieur monobloc Sous le plancher - sans free cooling - GeoClimate.ge","isPartOf":{"@id":"https:\/\/geoclimate.ge\/#website"},"primaryImageOfPage":{"@id":"https:\/\/geoclimate.ge\/fr\/produit\/indoor-packaged-air-conditioner-under-floor-without-free-cooling\/#primaryimage"},"image":{"@id":"https:\/\/geoclimate.ge\/fr\/produit\/indoor-packaged-air-conditioner-under-floor-without-free-cooling\/#primaryimage"},"thumbnailUrl":"https:\/\/geoclimate.ge\/wp-content\/uploads\/2025\/01\/1-1.jpg","datePublished":"2025-01-10T13:11:09+00:00","dateModified":"2025-01-10T13:19:09+00:00","breadcrumb":{"@id":"https:\/\/geoclimate.ge\/fr\/produit\/indoor-packaged-air-conditioner-under-floor-without-free-cooling\/#breadcrumb"},"inLanguage":"fr-FR","potentialAction":[{"@type":"ReadAction","target":["https:\/\/geoclimate.ge\/fr\/produit\/indoor-packaged-air-conditioner-under-floor-without-free-cooling\/"]}]},{"@type":"ImageObject","inLanguage":"fr-FR","@id":"https:\/\/geoclimate.ge\/fr\/produit\/indoor-packaged-air-conditioner-under-floor-without-free-cooling\/#primaryimage","url":"https:\/\/geoclimate.ge\/wp-content\/uploads\/2025\/01\/1-1.jpg","contentUrl":"https:\/\/geoclimate.ge\/wp-content\/uploads\/2025\/01\/1-1.jpg","width":700,"height":395},{"@type":"BreadcrumbList","@id":"https:\/\/geoclimate.ge\/fr\/produit\/indoor-packaged-air-conditioner-under-floor-without-free-cooling\/#breadcrumb","itemListElement":[{"@type":"ListItem","position":1,"name":"Home","item":"https:\/\/geoclimate.ge\/fr\/"},{"@type":"ListItem","position":2,"name":"Products","item":"https:\/\/geoclimate.ge\/fr\/products\/"},{"@type":"ListItem","position":3,"name":"Climatiseurs d&#8217;int\u00e9rieur monobloc Sous le plancher &#8211; sans free cooling"}]},{"@type":"WebSite","@id":"https:\/\/geoclimate.ge\/#website","url":"https:\/\/geoclimate.ge\/","name":"GeoClimate","description":"","publisher":{"@id":"https:\/\/geoclimate.ge\/#organization"},"potentialAction":[{"@type":"SearchAction","target":{"@type":"EntryPoint","urlTemplate":"https:\/\/geoclimate.ge\/?s={search_term_string}"},"query-input":{"@type":"PropertyValueSpecification","valueRequired":true,"valueName":"search_term_string"}}],"inLanguage":"fr-FR"},{"@type":"Organization","@id":"https:\/\/geoclimate.ge\/#organization","name":"GeoClimate","url":"https:\/\/geoclimate.ge\/","logo":{"@type":"ImageObject","inLanguage":"fr-FR","@id":"https:\/\/geoclimate.ge\/#\/schema\/logo\/image\/","url":"https:\/\/geoclimate.ge\/wp-content\/uploads\/2026\/03\/geoclimate-SEO.png","contentUrl":"https:\/\/geoclimate.ge\/wp-content\/uploads\/2026\/03\/geoclimate-SEO.png","width":1536,"height":1024,"caption":"GeoClimate"},"image":{"@id":"https:\/\/geoclimate.ge\/#\/schema\/logo\/image\/"}}]}},"_links":{"self":[{"href":"https:\/\/geoclimate.ge\/fr\/wp-json\/wp\/v2\/product\/15922","targetHints":{"allow":["GET"]}}],"collection":[{"href":"https:\/\/geoclimate.ge\/fr\/wp-json\/wp\/v2\/product"}],"about":[{"href":"https:\/\/geoclimate.ge\/fr\/wp-json\/wp\/v2\/types\/product"}],"wp:featuredmedia":[{"embeddable":true,"href":"https:\/\/geoclimate.ge\/fr\/wp-json\/wp\/v2\/media\/15976"}],"wp:attachment":[{"href":"https:\/\/geoclimate.ge\/fr\/wp-json\/wp\/v2\/media?parent=15922"}],"wp:term":[{"taxonomy":"product_brand","embeddable":true,"href":"https:\/\/geoclimate.ge\/fr\/wp-json\/wp\/v2\/product_brand?post=15922"},{"taxonomy":"product_cat","embeddable":true,"href":"https:\/\/geoclimate.ge\/fr\/wp-json\/wp\/v2\/product_cat?post=15922"},{"taxonomy":"product_tag","embeddable":true,"href":"https:\/\/geoclimate.ge\/fr\/wp-json\/wp\/v2\/product_tag?post=15922"}],"curies":[{"name":"wp","href":"https:\/\/api.w.org\/{rel}","templated":true}]}}