{"id":15931,"date":"2025-01-10T17:25:16","date_gmt":"2025-01-10T13:25:16","guid":{"rendered":"https:\/\/airsystems.ge\/shop\/product\/free-cooler-systems-air-extraction-with-settling-chamber\/"},"modified":"2025-04-21T19:15:22","modified_gmt":"2025-04-21T15:15:22","slug":"free-cooler-systems-air-extraction-with-settling-chamber","status":"publish","type":"product","link":"https:\/\/geoclimate.ge\/fr\/produit\/free-cooler-systems-air-extraction-with-settling-chamber\/","title":{"rendered":"Syst\u00e8mes de refroidissement naturel Extraction d&rsquo;air &#8211; avec chambre de d\u00e9cantation CAM E_ES CAM E_ES De 2000 m\u00b3\/h \u00e0 4000 m\u00b3\/h"},"content":{"rendered":"<p>KIT SYST\u00c8ME AVEC CHAMBRE DE D\u00c9CANTATION<br \/>\n\u2022 Syst\u00e8me de ventilation (ventilateur, grille \u00e0 plaques)\u00a0; \u2022 Chambre de d\u00e9cantation EXTERNE\/INTERNE + filtres \u00e0 air + grille interne<br \/>\n\u2022 Tableau \u00e9lectrique \u00ab\u00a0Commande et Contr\u00f4le\u00a0\u00bb comprenant un sectionneur g\u00e9n\u00e9ral, un automate programmable et un thermostat de temp\u00e9rature maximale.<br \/>\n\u2022 Pl\u00e9num externe<br \/>\n\u2022 Registre de surpression<\/p>\n<p>Le syst\u00e8me est con\u00e7u pour \u00eatre pilot\u00e9 par son propre automate programmable PB13 afin de g\u00e9rer le cycle de fonctionnement et de d\u00e9tecter les causes possibles de d\u00e9clenchement d&rsquo;alarme.<br \/>\nR\u00e9glage de la temp\u00e9rature \u00ab\u00a0MARCHE-ARR\u00caT\u00a0\u00bb ou \u00ab\u00a0proportionnel\u00a0\u00bb (0-10\u00a0V). Gr\u00e2ce \u00e0 la r\u00e9gulation proportionnelle, les chocs thermiques sont \u00e9vit\u00e9s lorsque la temp\u00e9rature ext\u00e9rieure est tr\u00e8s basse.<br \/>\nCe syst\u00e8me peut \u00e9galement \u00eatre utilis\u00e9 comme syst\u00e8me d&rsquo;urgence pour refroidir la pi\u00e8ce gr\u00e2ce \u00e0 un r\u00e9gulateur \u00e9lectrom\u00e9canique (thermostat) qui permet d&rsquo;alimenter le ventilateur de mani\u00e8re ind\u00e9pendante et s\u00e9par\u00e9e lorsque la temp\u00e9rature d\u00e9tect\u00e9e d\u00e9passe les valeurs pr\u00e9d\u00e9termin\u00e9es et indique simultan\u00e9ment le fonctionnement d&rsquo;urgence.<\/p>\n<p>Caract\u00e9ristiques techniques<br \/>\n\u2022 Panneaux ext\u00e9rieurs peints \u00e0 la poudre \u00e9poxy<br \/>\n\u2022 Tr\u00e8s l\u00e9ger<br \/>\n\u2022 Installation facile<br \/>\n\u2022 Acc\u00e8s facile pour l&rsquo;entretien et la maintenance<br \/>\n\u2022 Faible niveau sonore<\/p>\n<p><a class=\"elementor-button elementor-button-link elementor-size-sm\" href=\"https:\/\/www.enextechnologies.com\/wp-content\/uploads\/2024\/08\/B_CAM-I48-_ES-en-Rev.3.pdf\" target=\"_blank\" rel=\"noopener\"><span class=\"elementor-button-content-wrapper\"><span class=\"elementor-button-text\">BROCHURE CAM_ES- Internal<\/span><\/span><\/a><\/p>\n<div class=\"elementor-element elementor-element-13f5f820 hidebutton mc-bl elementor-align-left elementor-widget elementor-widget-button\" data-id=\"13f5f820\" data-element_type=\"widget\" data-widget_type=\"button.default\">\n<div class=\"elementor-widget-container\">\n<div class=\"elementor-button-wrapper\"><a class=\"elementor-button elementor-button-link elementor-size-sm\" href=\"https:\/\/www.enextechnologies.com\/wp-content\/uploads\/2024\/08\/B_CAM-E48-_ES-en-Rev.3.pdf\" target=\"_blank\" rel=\"noopener\"><span class=\"elementor-button-content-wrapper\"><span class=\"elementor-button-text\">BROCHURE CAM_ES- External<\/span><\/span><\/a><\/div>\n<\/div>\n<\/div>\n","protected":false},"excerpt":{"rendered":"<p>De 2000 m\u00b3\/h \u00e0 4000 m\u00b3\/h<\/p>\n<p>Le syst\u00e8me d&rsquo;extraction d&rsquo;air avec \u00ab chambre de d\u00e9cantation \u00bb assure un renouvellement d&rsquo;air continu. Son objectif principal est de transf\u00e9rer vers l&rsquo;ext\u00e9rieur la chaleur dissip\u00e9e par les \u00e9quipements des stations de base radio et du centre de traitement des donn\u00e9es.<br \/>\nCe syst\u00e8me est r\u00e9alis\u00e9 gr\u00e2ce au fonctionnement combin\u00e9 de l&rsquo;extraction d&rsquo;air et de la chambre de d\u00e9cantation (air d&rsquo;admission).<br \/>\nLa \u200b\u200bchambre de d\u00e9cantation peut \u00eatre install\u00e9e \u00e0 l&rsquo;ext\u00e9rieur ou \u00e0 l&rsquo;int\u00e9rieur, selon le type de climatiseurs install\u00e9s et l&rsquo;espace disponible dans le local.<\/p>\n","protected":false},"featured_media":15928,"template":"","meta":[],"product_brand":[],"product_cat":[682,1301],"product_tag":[],"class_list":{"0":"post-15931","1":"product","2":"type-product","3":"status-publish","4":"has-post-thumbnail","6":"product_cat-climatiseurs-fr-industriels","7":"product_cat-free-cooling-refroidissement-fr","9":"first","10":"instock","11":"shipping-taxable","12":"product-type-simple"},"yoast_head":"<!-- This site is optimized with the Yoast SEO plugin v27.1.1 - https:\/\/yoast.com\/product\/yoast-seo-wordpress\/ -->\n<title>Syst\u00e8mes de refroidissement naturel Extraction d&#039;air - avec chambre de d\u00e9cantation CAM E_ES CAM E_ES De 2000 m\u00b3\/h \u00e0 4000 m\u00b3\/h - GeoClimate.ge<\/title>\n<meta name=\"robots\" content=\"index, follow, max-snippet:-1, max-image-preview:large, max-video-preview:-1\" \/>\n<link rel=\"canonical\" href=\"https:\/\/geoclimate.ge\/fr\/produit\/free-cooler-systems-air-extraction-with-settling-chamber\/\" \/>\n<meta property=\"og:locale\" content=\"fr_FR\" \/>\n<meta property=\"og:type\" content=\"article\" \/>\n<meta property=\"og:title\" content=\"Syst\u00e8mes de refroidissement naturel Extraction d&#039;air - avec chambre de d\u00e9cantation CAM E_ES CAM E_ES De 2000 m\u00b3\/h \u00e0 4000 m\u00b3\/h - GeoClimate.ge\" \/>\n<meta property=\"og:description\" content=\"De 2000 m\u00b3\/h \u00e0 4000 m\u00b3\/h  Le syst\u00e8me d&#039;extraction d&#039;air avec \u00ab chambre de d\u00e9cantation \u00bb assure un renouvellement d&#039;air continu. Son objectif principal est de transf\u00e9rer vers l&#039;ext\u00e9rieur la chaleur dissip\u00e9e par les \u00e9quipements des stations de base radio et du centre de traitement des donn\u00e9es. Ce syst\u00e8me est r\u00e9alis\u00e9 gr\u00e2ce au fonctionnement combin\u00e9 de l&#039;extraction d&#039;air et de la chambre de d\u00e9cantation (air d&#039;admission). La \u200b\u200bchambre de d\u00e9cantation peut \u00eatre install\u00e9e \u00e0 l&#039;ext\u00e9rieur ou \u00e0 l&#039;int\u00e9rieur, selon le type de climatiseurs install\u00e9s et l&#039;espace disponible dans le local.\" \/>\n<meta property=\"og:url\" content=\"https:\/\/geoclimate.ge\/fr\/produit\/free-cooler-systems-air-extraction-with-settling-chamber\/\" \/>\n<meta property=\"og:site_name\" content=\"GeoClimate.ge\" \/>\n<meta property=\"article:modified_time\" content=\"2025-04-21T15:15:22+00:00\" \/>\n<meta property=\"og:image\" content=\"https:\/\/geoclimate.ge\/wp-content\/uploads\/2025\/01\/CAM-E_ES-e1663919364402.jpg\" \/>\n\t<meta property=\"og:image:width\" content=\"500\" \/>\n\t<meta property=\"og:image:height\" content=\"339\" \/>\n\t<meta property=\"og:image:type\" content=\"image\/jpeg\" \/>\n<meta name=\"twitter:card\" content=\"summary_large_image\" \/>\n<meta name=\"twitter:label1\" content=\"Dur\u00e9e de lecture estim\u00e9e\" \/>\n\t<meta name=\"twitter:data1\" content=\"1 minute\" \/>\n<script type=\"application\/ld+json\" class=\"yoast-schema-graph\">{\"@context\":\"https:\/\/schema.org\",\"@graph\":[{\"@type\":\"WebPage\",\"@id\":\"https:\/\/geoclimate.ge\/fr\/produit\/free-cooler-systems-air-extraction-with-settling-chamber\/\",\"url\":\"https:\/\/geoclimate.ge\/fr\/produit\/free-cooler-systems-air-extraction-with-settling-chamber\/\",\"name\":\"Syst\u00e8mes de refroidissement naturel Extraction d'air - avec chambre de d\u00e9cantation CAM E_ES CAM E_ES De 2000 m\u00b3\/h \u00e0 4000 m\u00b3\/h - GeoClimate.ge\",\"isPartOf\":{\"@id\":\"https:\/\/geoclimate.ge\/#website\"},\"primaryImageOfPage\":{\"@id\":\"https:\/\/geoclimate.ge\/fr\/produit\/free-cooler-systems-air-extraction-with-settling-chamber\/#primaryimage\"},\"image\":{\"@id\":\"https:\/\/geoclimate.ge\/fr\/produit\/free-cooler-systems-air-extraction-with-settling-chamber\/#primaryimage\"},\"thumbnailUrl\":\"https:\/\/geoclimate.ge\/wp-content\/uploads\/2025\/01\/CAM-E_ES-e1663919364402.jpg\",\"datePublished\":\"2025-01-10T13:25:16+00:00\",\"dateModified\":\"2025-04-21T15:15:22+00:00\",\"breadcrumb\":{\"@id\":\"https:\/\/geoclimate.ge\/fr\/produit\/free-cooler-systems-air-extraction-with-settling-chamber\/#breadcrumb\"},\"inLanguage\":\"fr-FR\",\"potentialAction\":[{\"@type\":\"ReadAction\",\"target\":[\"https:\/\/geoclimate.ge\/fr\/produit\/free-cooler-systems-air-extraction-with-settling-chamber\/\"]}]},{\"@type\":\"ImageObject\",\"inLanguage\":\"fr-FR\",\"@id\":\"https:\/\/geoclimate.ge\/fr\/produit\/free-cooler-systems-air-extraction-with-settling-chamber\/#primaryimage\",\"url\":\"https:\/\/geoclimate.ge\/wp-content\/uploads\/2025\/01\/CAM-E_ES-e1663919364402.jpg\",\"contentUrl\":\"https:\/\/geoclimate.ge\/wp-content\/uploads\/2025\/01\/CAM-E_ES-e1663919364402.jpg\",\"width\":500,\"height\":339},{\"@type\":\"BreadcrumbList\",\"@id\":\"https:\/\/geoclimate.ge\/fr\/produit\/free-cooler-systems-air-extraction-with-settling-chamber\/#breadcrumb\",\"itemListElement\":[{\"@type\":\"ListItem\",\"position\":1,\"name\":\"Home\",\"item\":\"https:\/\/geoclimate.ge\/fr\/\"},{\"@type\":\"ListItem\",\"position\":2,\"name\":\"Products\",\"item\":\"https:\/\/geoclimate.ge\/fr\/products\/\"},{\"@type\":\"ListItem\",\"position\":3,\"name\":\"Syst\u00e8mes de refroidissement naturel Extraction d&#8217;air &#8211; avec chambre de d\u00e9cantation CAM E_ES CAM E_ES De 2000 m\u00b3\/h \u00e0 4000 m\u00b3\/h\"}]},{\"@type\":\"WebSite\",\"@id\":\"https:\/\/geoclimate.ge\/#website\",\"url\":\"https:\/\/geoclimate.ge\/\",\"name\":\"GeoClimate\",\"description\":\"\",\"publisher\":{\"@id\":\"https:\/\/geoclimate.ge\/#organization\"},\"potentialAction\":[{\"@type\":\"SearchAction\",\"target\":{\"@type\":\"EntryPoint\",\"urlTemplate\":\"https:\/\/geoclimate.ge\/?s={search_term_string}\"},\"query-input\":{\"@type\":\"PropertyValueSpecification\",\"valueRequired\":true,\"valueName\":\"search_term_string\"}}],\"inLanguage\":\"fr-FR\"},{\"@type\":\"Organization\",\"@id\":\"https:\/\/geoclimate.ge\/#organization\",\"name\":\"GeoClimate\",\"url\":\"https:\/\/geoclimate.ge\/\",\"logo\":{\"@type\":\"ImageObject\",\"inLanguage\":\"fr-FR\",\"@id\":\"https:\/\/geoclimate.ge\/#\/schema\/logo\/image\/\",\"url\":\"https:\/\/geoclimate.ge\/wp-content\/uploads\/2026\/03\/geoclimate-SEO.png\",\"contentUrl\":\"https:\/\/geoclimate.ge\/wp-content\/uploads\/2026\/03\/geoclimate-SEO.png\",\"width\":1536,\"height\":1024,\"caption\":\"GeoClimate\"},\"image\":{\"@id\":\"https:\/\/geoclimate.ge\/#\/schema\/logo\/image\/\"}}]}<\/script>\n<!-- \/ Yoast SEO plugin. -->","yoast_head_json":{"title":"Syst\u00e8mes de refroidissement naturel Extraction d'air - avec chambre de d\u00e9cantation CAM E_ES CAM E_ES De 2000 m\u00b3\/h \u00e0 4000 m\u00b3\/h - GeoClimate.ge","robots":{"index":"index","follow":"follow","max-snippet":"max-snippet:-1","max-image-preview":"max-image-preview:large","max-video-preview":"max-video-preview:-1"},"canonical":"https:\/\/geoclimate.ge\/fr\/produit\/free-cooler-systems-air-extraction-with-settling-chamber\/","og_locale":"fr_FR","og_type":"article","og_title":"Syst\u00e8mes de refroidissement naturel Extraction d'air - avec chambre de d\u00e9cantation CAM E_ES CAM E_ES De 2000 m\u00b3\/h \u00e0 4000 m\u00b3\/h - GeoClimate.ge","og_description":"De 2000 m\u00b3\/h \u00e0 4000 m\u00b3\/h  Le syst\u00e8me d'extraction d'air avec \u00ab chambre de d\u00e9cantation \u00bb assure un renouvellement d'air continu. Son objectif principal est de transf\u00e9rer vers l'ext\u00e9rieur la chaleur dissip\u00e9e par les \u00e9quipements des stations de base radio et du centre de traitement des donn\u00e9es. Ce syst\u00e8me est r\u00e9alis\u00e9 gr\u00e2ce au fonctionnement combin\u00e9 de l'extraction d'air et de la chambre de d\u00e9cantation (air d'admission). La \u200b\u200bchambre de d\u00e9cantation peut \u00eatre install\u00e9e \u00e0 l'ext\u00e9rieur ou \u00e0 l'int\u00e9rieur, selon le type de climatiseurs install\u00e9s et l'espace disponible dans le local.","og_url":"https:\/\/geoclimate.ge\/fr\/produit\/free-cooler-systems-air-extraction-with-settling-chamber\/","og_site_name":"GeoClimate.ge","article_modified_time":"2025-04-21T15:15:22+00:00","og_image":[{"width":500,"height":339,"url":"https:\/\/geoclimate.ge\/wp-content\/uploads\/2025\/01\/CAM-E_ES-e1663919364402.jpg","type":"image\/jpeg"}],"twitter_card":"summary_large_image","twitter_misc":{"Dur\u00e9e de lecture estim\u00e9e":"1 minute"},"schema":{"@context":"https:\/\/schema.org","@graph":[{"@type":"WebPage","@id":"https:\/\/geoclimate.ge\/fr\/produit\/free-cooler-systems-air-extraction-with-settling-chamber\/","url":"https:\/\/geoclimate.ge\/fr\/produit\/free-cooler-systems-air-extraction-with-settling-chamber\/","name":"Syst\u00e8mes de refroidissement naturel Extraction d'air - avec chambre de d\u00e9cantation CAM E_ES CAM E_ES De 2000 m\u00b3\/h \u00e0 4000 m\u00b3\/h - GeoClimate.ge","isPartOf":{"@id":"https:\/\/geoclimate.ge\/#website"},"primaryImageOfPage":{"@id":"https:\/\/geoclimate.ge\/fr\/produit\/free-cooler-systems-air-extraction-with-settling-chamber\/#primaryimage"},"image":{"@id":"https:\/\/geoclimate.ge\/fr\/produit\/free-cooler-systems-air-extraction-with-settling-chamber\/#primaryimage"},"thumbnailUrl":"https:\/\/geoclimate.ge\/wp-content\/uploads\/2025\/01\/CAM-E_ES-e1663919364402.jpg","datePublished":"2025-01-10T13:25:16+00:00","dateModified":"2025-04-21T15:15:22+00:00","breadcrumb":{"@id":"https:\/\/geoclimate.ge\/fr\/produit\/free-cooler-systems-air-extraction-with-settling-chamber\/#breadcrumb"},"inLanguage":"fr-FR","potentialAction":[{"@type":"ReadAction","target":["https:\/\/geoclimate.ge\/fr\/produit\/free-cooler-systems-air-extraction-with-settling-chamber\/"]}]},{"@type":"ImageObject","inLanguage":"fr-FR","@id":"https:\/\/geoclimate.ge\/fr\/produit\/free-cooler-systems-air-extraction-with-settling-chamber\/#primaryimage","url":"https:\/\/geoclimate.ge\/wp-content\/uploads\/2025\/01\/CAM-E_ES-e1663919364402.jpg","contentUrl":"https:\/\/geoclimate.ge\/wp-content\/uploads\/2025\/01\/CAM-E_ES-e1663919364402.jpg","width":500,"height":339},{"@type":"BreadcrumbList","@id":"https:\/\/geoclimate.ge\/fr\/produit\/free-cooler-systems-air-extraction-with-settling-chamber\/#breadcrumb","itemListElement":[{"@type":"ListItem","position":1,"name":"Home","item":"https:\/\/geoclimate.ge\/fr\/"},{"@type":"ListItem","position":2,"name":"Products","item":"https:\/\/geoclimate.ge\/fr\/products\/"},{"@type":"ListItem","position":3,"name":"Syst\u00e8mes de refroidissement naturel Extraction d&#8217;air &#8211; avec chambre de d\u00e9cantation CAM E_ES CAM E_ES De 2000 m\u00b3\/h \u00e0 4000 m\u00b3\/h"}]},{"@type":"WebSite","@id":"https:\/\/geoclimate.ge\/#website","url":"https:\/\/geoclimate.ge\/","name":"GeoClimate","description":"","publisher":{"@id":"https:\/\/geoclimate.ge\/#organization"},"potentialAction":[{"@type":"SearchAction","target":{"@type":"EntryPoint","urlTemplate":"https:\/\/geoclimate.ge\/?s={search_term_string}"},"query-input":{"@type":"PropertyValueSpecification","valueRequired":true,"valueName":"search_term_string"}}],"inLanguage":"fr-FR"},{"@type":"Organization","@id":"https:\/\/geoclimate.ge\/#organization","name":"GeoClimate","url":"https:\/\/geoclimate.ge\/","logo":{"@type":"ImageObject","inLanguage":"fr-FR","@id":"https:\/\/geoclimate.ge\/#\/schema\/logo\/image\/","url":"https:\/\/geoclimate.ge\/wp-content\/uploads\/2026\/03\/geoclimate-SEO.png","contentUrl":"https:\/\/geoclimate.ge\/wp-content\/uploads\/2026\/03\/geoclimate-SEO.png","width":1536,"height":1024,"caption":"GeoClimate"},"image":{"@id":"https:\/\/geoclimate.ge\/#\/schema\/logo\/image\/"}}]}},"_links":{"self":[{"href":"https:\/\/geoclimate.ge\/fr\/wp-json\/wp\/v2\/product\/15931","targetHints":{"allow":["GET"]}}],"collection":[{"href":"https:\/\/geoclimate.ge\/fr\/wp-json\/wp\/v2\/product"}],"about":[{"href":"https:\/\/geoclimate.ge\/fr\/wp-json\/wp\/v2\/types\/product"}],"wp:featuredmedia":[{"embeddable":true,"href":"https:\/\/geoclimate.ge\/fr\/wp-json\/wp\/v2\/media\/15928"}],"wp:attachment":[{"href":"https:\/\/geoclimate.ge\/fr\/wp-json\/wp\/v2\/media?parent=15931"}],"wp:term":[{"taxonomy":"product_brand","embeddable":true,"href":"https:\/\/geoclimate.ge\/fr\/wp-json\/wp\/v2\/product_brand?post=15931"},{"taxonomy":"product_cat","embeddable":true,"href":"https:\/\/geoclimate.ge\/fr\/wp-json\/wp\/v2\/product_cat?post=15931"},{"taxonomy":"product_tag","embeddable":true,"href":"https:\/\/geoclimate.ge\/fr\/wp-json\/wp\/v2\/product_tag?post=15931"}],"curies":[{"name":"wp","href":"https:\/\/api.w.org\/{rel}","templated":true}]}}