{"id":15952,"date":"2025-01-10T18:04:50","date_gmt":"2025-01-10T14:04:50","guid":{"rendered":"https:\/\/airsystems.ge\/shop\/product\/air-conditioners-for-industrial-environment-ducted-with-lateral-air-supply-frontal-air-return\/"},"modified":"2025-04-21T18:06:25","modified_gmt":"2025-04-21T14:06:25","slug":"air-conditioners-for-industrial-environment-ducted-with-lateral-air-supply-frontal-air-return","status":"publish","type":"product","link":"https:\/\/geoclimate.ge\/fr\/produit\/air-conditioners-for-industrial-environment-ducted-with-lateral-air-supply-frontal-air-return\/","title":{"rendered":"Climatiseurs pour environnement industriel Gainables avec soufflage lat\u00e9ral \/ reprise d&rsquo;air frontale R\u00e9sistance \u00e0 la poussi\u00e8re et aux vibrations -40\u00b0C \u00e0 80\u00b0C"},"content":{"rendered":"<div class=\"elementor-element elementor-element-70da8153 elementor-widget elementor-widget-theme-page-title elementor-page-title elementor-widget-heading\" data-id=\"70da8153\" data-element_type=\"widget\" data-widget_type=\"theme-page-title.default\">\n<div class=\"elementor-widget-container\">\n<p>Climatiseurs pour environnement industriel<br \/>\nGainables avec soufflage lat\u00e9ral \/ reprise d&rsquo;air frontale<br \/>\nACUS_F<\/p>\n<p>ACUS F<br \/>\n9 kW<\/p>\n<p>Unit\u00e9s de climatisation air-air monobloc, con\u00e7ues et fabriqu\u00e9es pour fonctionner dans des environnements industriels, en pr\u00e9sence de poussi\u00e8re et de vibrations et expos\u00e9es \u00e0 des temp\u00e9ratures \u00e9lev\u00e9es.<\/p>\n<p>Les climatiseurs de la s\u00e9rie ACUS-F ont \u00e9t\u00e9 con\u00e7us pour refroidir les cabines de commande des grues : chaque composant a \u00e9t\u00e9 con\u00e7u, s\u00e9lectionn\u00e9 et plac\u00e9 pour satisfaire tous les besoins des cabines de commande, pour simplifier l&rsquo;acc\u00e8s aux parties internes et pour minimiser la maintenance.<\/p>\n<p>Les unit\u00e9s doivent \u00eatre install\u00e9es au sol, sur des surfaces horizontales et sont \u00e9quip\u00e9es de raccords de canalisation des flux d&rsquo;air. La position des raccords (ENTR\u00c9E ET SORTIE D&rsquo;AIR) doit \u00eatre convenue lors de la commande.<\/p>\n<p>Les climatiseurs sont fournis avec un panneau de commande qui permet le r\u00e9glage de la temp\u00e9rature et d&rsquo;autres param\u00e8tres.<\/p>\n<p>Les climatiseurs peuvent \u00eatre fournis avec un dispositif COES qui garantit la continuit\u00e9 de fonctionnement \u00e9galement en cas de pics de temp\u00e9rature de courte dur\u00e9e jusqu&rsquo;\u00e0 80\u00b0C ; en plus, ils peuvent \u00eatre fournis avec un r\u00e9chauffeur \u00e9lectrique pour le chauffage du panneau \u00e9lectrique, permettant un fonctionnement correct jusqu&rsquo;\u00e0 une temp\u00e9rature ext\u00e9rieure de -40\u00b0C.<\/p>\n<p>CARACT\u00c9RISTIQUES TECHNIQUES<\/p>\n<p>\u2022\u00a0Cadre principal et panneaux en acier galvanis\u00e9<br \/>\n\u2022\u00a0Haute r\u00e9sistance \u00e0 la corrosion<br \/>\n\u2022\u00a0Tableau \u00e9lectrique avec interface externe du panneau utilisateur<br \/>\n\u2022\u00a0Red\u00e9marrage automatique apr\u00e8s une coupure d&rsquo;alimentation<br \/>\n\u2022\u00a0Les ventilateurs de la section de condensation ont une vitesse variable en fonction de la pression de condensation<br \/>\n\u2022\u00a0Filtre \u00e0 air m\u00e9tallique<\/p>\n<\/div>\n<\/div>\n","protected":false},"excerpt":{"rendered":"<p><a class=\"elementor-button elementor-button-link elementor-size-sm\" href=\"https:\/\/www.enextechnologies.com\/wp-content\/uploads\/2024\/08\/B_ACUS_SERIE_F-ENG-_rev.0-1-1.pdf\" target=\"_blank\" rel=\"noopener\"><span class=\"elementor-button-content-wrapper\"><span class=\"elementor-button-text\">BROCHURE<\/span><\/span><\/a><\/p>\n","protected":false},"featured_media":15949,"template":"","meta":[],"product_brand":[],"product_cat":[682,1295],"product_tag":[],"class_list":{"0":"post-15952","1":"product","2":"type-product","3":"status-publish","4":"has-post-thumbnail","6":"product_cat-climatiseurs-fr-industriels","7":"product_cat-climatiseurs-pour-environnements-industriels-resistants-a-la-poussiere-et-aux-vibrations-40-c-a-80-c","9":"first","10":"instock","11":"shipping-taxable","12":"product-type-simple"},"yoast_head":"<!-- This site is optimized with the Yoast SEO plugin v27.1.1 - https:\/\/yoast.com\/product\/yoast-seo-wordpress\/ -->\n<title>Climatiseurs pour environnement industriel Gainables avec soufflage lat\u00e9ral \/ reprise d&#039;air frontale R\u00e9sistance \u00e0 la poussi\u00e8re et aux vibrations -40\u00b0C \u00e0 80\u00b0C - GeoClimate.ge<\/title>\n<meta name=\"robots\" content=\"index, follow, max-snippet:-1, max-image-preview:large, max-video-preview:-1\" \/>\n<link rel=\"canonical\" href=\"https:\/\/geoclimate.ge\/fr\/produit\/air-conditioners-for-industrial-environment-ducted-with-lateral-air-supply-frontal-air-return\/\" \/>\n<meta property=\"og:locale\" content=\"fr_FR\" \/>\n<meta property=\"og:type\" content=\"article\" \/>\n<meta property=\"og:title\" content=\"Climatiseurs pour environnement industriel Gainables avec soufflage lat\u00e9ral \/ reprise d&#039;air frontale R\u00e9sistance \u00e0 la poussi\u00e8re et aux vibrations -40\u00b0C \u00e0 80\u00b0C - GeoClimate.ge\" \/>\n<meta property=\"og:description\" content=\"BROCHURE\" \/>\n<meta property=\"og:url\" content=\"https:\/\/geoclimate.ge\/fr\/produit\/air-conditioners-for-industrial-environment-ducted-with-lateral-air-supply-frontal-air-return\/\" \/>\n<meta property=\"og:site_name\" content=\"GeoClimate.ge\" \/>\n<meta property=\"article:modified_time\" content=\"2025-04-21T14:06:25+00:00\" \/>\n<meta property=\"og:image\" content=\"https:\/\/geoclimate.ge\/wp-content\/uploads\/2025\/01\/ACUS-F-qkkx64htjfwy9z3s503mp3gmnrz3v39jms7em5fn5s.jpg\" \/>\n\t<meta property=\"og:image:width\" content=\"498\" \/>\n\t<meta property=\"og:image:height\" content=\"444\" \/>\n\t<meta property=\"og:image:type\" content=\"image\/jpeg\" \/>\n<meta name=\"twitter:card\" content=\"summary_large_image\" \/>\n<meta name=\"twitter:label1\" content=\"Dur\u00e9e de lecture estim\u00e9e\" \/>\n\t<meta name=\"twitter:data1\" content=\"1 minute\" \/>\n<script type=\"application\/ld+json\" class=\"yoast-schema-graph\">{\"@context\":\"https:\/\/schema.org\",\"@graph\":[{\"@type\":\"WebPage\",\"@id\":\"https:\/\/geoclimate.ge\/fr\/produit\/air-conditioners-for-industrial-environment-ducted-with-lateral-air-supply-frontal-air-return\/\",\"url\":\"https:\/\/geoclimate.ge\/fr\/produit\/air-conditioners-for-industrial-environment-ducted-with-lateral-air-supply-frontal-air-return\/\",\"name\":\"Climatiseurs pour environnement industriel Gainables avec soufflage lat\u00e9ral \/ reprise d'air frontale R\u00e9sistance \u00e0 la poussi\u00e8re et aux vibrations -40\u00b0C \u00e0 80\u00b0C - GeoClimate.ge\",\"isPartOf\":{\"@id\":\"https:\/\/geoclimate.ge\/#website\"},\"primaryImageOfPage\":{\"@id\":\"https:\/\/geoclimate.ge\/fr\/produit\/air-conditioners-for-industrial-environment-ducted-with-lateral-air-supply-frontal-air-return\/#primaryimage\"},\"image\":{\"@id\":\"https:\/\/geoclimate.ge\/fr\/produit\/air-conditioners-for-industrial-environment-ducted-with-lateral-air-supply-frontal-air-return\/#primaryimage\"},\"thumbnailUrl\":\"https:\/\/geoclimate.ge\/wp-content\/uploads\/2025\/01\/ACUS-F-qkkx64htjfwy9z3s503mp3gmnrz3v39jms7em5fn5s.jpg\",\"datePublished\":\"2025-01-10T14:04:50+00:00\",\"dateModified\":\"2025-04-21T14:06:25+00:00\",\"breadcrumb\":{\"@id\":\"https:\/\/geoclimate.ge\/fr\/produit\/air-conditioners-for-industrial-environment-ducted-with-lateral-air-supply-frontal-air-return\/#breadcrumb\"},\"inLanguage\":\"fr-FR\",\"potentialAction\":[{\"@type\":\"ReadAction\",\"target\":[\"https:\/\/geoclimate.ge\/fr\/produit\/air-conditioners-for-industrial-environment-ducted-with-lateral-air-supply-frontal-air-return\/\"]}]},{\"@type\":\"ImageObject\",\"inLanguage\":\"fr-FR\",\"@id\":\"https:\/\/geoclimate.ge\/fr\/produit\/air-conditioners-for-industrial-environment-ducted-with-lateral-air-supply-frontal-air-return\/#primaryimage\",\"url\":\"https:\/\/geoclimate.ge\/wp-content\/uploads\/2025\/01\/ACUS-F-qkkx64htjfwy9z3s503mp3gmnrz3v39jms7em5fn5s.jpg\",\"contentUrl\":\"https:\/\/geoclimate.ge\/wp-content\/uploads\/2025\/01\/ACUS-F-qkkx64htjfwy9z3s503mp3gmnrz3v39jms7em5fn5s.jpg\",\"width\":498,\"height\":444},{\"@type\":\"BreadcrumbList\",\"@id\":\"https:\/\/geoclimate.ge\/fr\/produit\/air-conditioners-for-industrial-environment-ducted-with-lateral-air-supply-frontal-air-return\/#breadcrumb\",\"itemListElement\":[{\"@type\":\"ListItem\",\"position\":1,\"name\":\"Home\",\"item\":\"https:\/\/geoclimate.ge\/fr\/\"},{\"@type\":\"ListItem\",\"position\":2,\"name\":\"Products\",\"item\":\"https:\/\/geoclimate.ge\/fr\/products\/\"},{\"@type\":\"ListItem\",\"position\":3,\"name\":\"Climatiseurs pour environnement industriel Gainables avec soufflage lat\u00e9ral \/ reprise d&#8217;air frontale R\u00e9sistance \u00e0 la poussi\u00e8re et aux vibrations -40\u00b0C \u00e0 80\u00b0C\"}]},{\"@type\":\"WebSite\",\"@id\":\"https:\/\/geoclimate.ge\/#website\",\"url\":\"https:\/\/geoclimate.ge\/\",\"name\":\"GeoClimate\",\"description\":\"\",\"publisher\":{\"@id\":\"https:\/\/geoclimate.ge\/#organization\"},\"potentialAction\":[{\"@type\":\"SearchAction\",\"target\":{\"@type\":\"EntryPoint\",\"urlTemplate\":\"https:\/\/geoclimate.ge\/?s={search_term_string}\"},\"query-input\":{\"@type\":\"PropertyValueSpecification\",\"valueRequired\":true,\"valueName\":\"search_term_string\"}}],\"inLanguage\":\"fr-FR\"},{\"@type\":\"Organization\",\"@id\":\"https:\/\/geoclimate.ge\/#organization\",\"name\":\"GeoClimate\",\"url\":\"https:\/\/geoclimate.ge\/\",\"logo\":{\"@type\":\"ImageObject\",\"inLanguage\":\"fr-FR\",\"@id\":\"https:\/\/geoclimate.ge\/#\/schema\/logo\/image\/\",\"url\":\"https:\/\/geoclimate.ge\/wp-content\/uploads\/2026\/03\/geoclimate-SEO.png\",\"contentUrl\":\"https:\/\/geoclimate.ge\/wp-content\/uploads\/2026\/03\/geoclimate-SEO.png\",\"width\":1536,\"height\":1024,\"caption\":\"GeoClimate\"},\"image\":{\"@id\":\"https:\/\/geoclimate.ge\/#\/schema\/logo\/image\/\"}}]}<\/script>\n<!-- \/ Yoast SEO plugin. -->","yoast_head_json":{"title":"Climatiseurs pour environnement industriel Gainables avec soufflage lat\u00e9ral \/ reprise d'air frontale R\u00e9sistance \u00e0 la poussi\u00e8re et aux vibrations -40\u00b0C \u00e0 80\u00b0C - GeoClimate.ge","robots":{"index":"index","follow":"follow","max-snippet":"max-snippet:-1","max-image-preview":"max-image-preview:large","max-video-preview":"max-video-preview:-1"},"canonical":"https:\/\/geoclimate.ge\/fr\/produit\/air-conditioners-for-industrial-environment-ducted-with-lateral-air-supply-frontal-air-return\/","og_locale":"fr_FR","og_type":"article","og_title":"Climatiseurs pour environnement industriel Gainables avec soufflage lat\u00e9ral \/ reprise d'air frontale R\u00e9sistance \u00e0 la poussi\u00e8re et aux vibrations -40\u00b0C \u00e0 80\u00b0C - GeoClimate.ge","og_description":"BROCHURE","og_url":"https:\/\/geoclimate.ge\/fr\/produit\/air-conditioners-for-industrial-environment-ducted-with-lateral-air-supply-frontal-air-return\/","og_site_name":"GeoClimate.ge","article_modified_time":"2025-04-21T14:06:25+00:00","og_image":[{"width":498,"height":444,"url":"https:\/\/geoclimate.ge\/wp-content\/uploads\/2025\/01\/ACUS-F-qkkx64htjfwy9z3s503mp3gmnrz3v39jms7em5fn5s.jpg","type":"image\/jpeg"}],"twitter_card":"summary_large_image","twitter_misc":{"Dur\u00e9e de lecture estim\u00e9e":"1 minute"},"schema":{"@context":"https:\/\/schema.org","@graph":[{"@type":"WebPage","@id":"https:\/\/geoclimate.ge\/fr\/produit\/air-conditioners-for-industrial-environment-ducted-with-lateral-air-supply-frontal-air-return\/","url":"https:\/\/geoclimate.ge\/fr\/produit\/air-conditioners-for-industrial-environment-ducted-with-lateral-air-supply-frontal-air-return\/","name":"Climatiseurs pour environnement industriel Gainables avec soufflage lat\u00e9ral \/ reprise d'air frontale R\u00e9sistance \u00e0 la poussi\u00e8re et aux vibrations -40\u00b0C \u00e0 80\u00b0C - GeoClimate.ge","isPartOf":{"@id":"https:\/\/geoclimate.ge\/#website"},"primaryImageOfPage":{"@id":"https:\/\/geoclimate.ge\/fr\/produit\/air-conditioners-for-industrial-environment-ducted-with-lateral-air-supply-frontal-air-return\/#primaryimage"},"image":{"@id":"https:\/\/geoclimate.ge\/fr\/produit\/air-conditioners-for-industrial-environment-ducted-with-lateral-air-supply-frontal-air-return\/#primaryimage"},"thumbnailUrl":"https:\/\/geoclimate.ge\/wp-content\/uploads\/2025\/01\/ACUS-F-qkkx64htjfwy9z3s503mp3gmnrz3v39jms7em5fn5s.jpg","datePublished":"2025-01-10T14:04:50+00:00","dateModified":"2025-04-21T14:06:25+00:00","breadcrumb":{"@id":"https:\/\/geoclimate.ge\/fr\/produit\/air-conditioners-for-industrial-environment-ducted-with-lateral-air-supply-frontal-air-return\/#breadcrumb"},"inLanguage":"fr-FR","potentialAction":[{"@type":"ReadAction","target":["https:\/\/geoclimate.ge\/fr\/produit\/air-conditioners-for-industrial-environment-ducted-with-lateral-air-supply-frontal-air-return\/"]}]},{"@type":"ImageObject","inLanguage":"fr-FR","@id":"https:\/\/geoclimate.ge\/fr\/produit\/air-conditioners-for-industrial-environment-ducted-with-lateral-air-supply-frontal-air-return\/#primaryimage","url":"https:\/\/geoclimate.ge\/wp-content\/uploads\/2025\/01\/ACUS-F-qkkx64htjfwy9z3s503mp3gmnrz3v39jms7em5fn5s.jpg","contentUrl":"https:\/\/geoclimate.ge\/wp-content\/uploads\/2025\/01\/ACUS-F-qkkx64htjfwy9z3s503mp3gmnrz3v39jms7em5fn5s.jpg","width":498,"height":444},{"@type":"BreadcrumbList","@id":"https:\/\/geoclimate.ge\/fr\/produit\/air-conditioners-for-industrial-environment-ducted-with-lateral-air-supply-frontal-air-return\/#breadcrumb","itemListElement":[{"@type":"ListItem","position":1,"name":"Home","item":"https:\/\/geoclimate.ge\/fr\/"},{"@type":"ListItem","position":2,"name":"Products","item":"https:\/\/geoclimate.ge\/fr\/products\/"},{"@type":"ListItem","position":3,"name":"Climatiseurs pour environnement industriel Gainables avec soufflage lat\u00e9ral \/ reprise d&#8217;air frontale R\u00e9sistance \u00e0 la poussi\u00e8re et aux vibrations -40\u00b0C \u00e0 80\u00b0C"}]},{"@type":"WebSite","@id":"https:\/\/geoclimate.ge\/#website","url":"https:\/\/geoclimate.ge\/","name":"GeoClimate","description":"","publisher":{"@id":"https:\/\/geoclimate.ge\/#organization"},"potentialAction":[{"@type":"SearchAction","target":{"@type":"EntryPoint","urlTemplate":"https:\/\/geoclimate.ge\/?s={search_term_string}"},"query-input":{"@type":"PropertyValueSpecification","valueRequired":true,"valueName":"search_term_string"}}],"inLanguage":"fr-FR"},{"@type":"Organization","@id":"https:\/\/geoclimate.ge\/#organization","name":"GeoClimate","url":"https:\/\/geoclimate.ge\/","logo":{"@type":"ImageObject","inLanguage":"fr-FR","@id":"https:\/\/geoclimate.ge\/#\/schema\/logo\/image\/","url":"https:\/\/geoclimate.ge\/wp-content\/uploads\/2026\/03\/geoclimate-SEO.png","contentUrl":"https:\/\/geoclimate.ge\/wp-content\/uploads\/2026\/03\/geoclimate-SEO.png","width":1536,"height":1024,"caption":"GeoClimate"},"image":{"@id":"https:\/\/geoclimate.ge\/#\/schema\/logo\/image\/"}}]}},"_links":{"self":[{"href":"https:\/\/geoclimate.ge\/fr\/wp-json\/wp\/v2\/product\/15952","targetHints":{"allow":["GET"]}}],"collection":[{"href":"https:\/\/geoclimate.ge\/fr\/wp-json\/wp\/v2\/product"}],"about":[{"href":"https:\/\/geoclimate.ge\/fr\/wp-json\/wp\/v2\/types\/product"}],"wp:featuredmedia":[{"embeddable":true,"href":"https:\/\/geoclimate.ge\/fr\/wp-json\/wp\/v2\/media\/15949"}],"wp:attachment":[{"href":"https:\/\/geoclimate.ge\/fr\/wp-json\/wp\/v2\/media?parent=15952"}],"wp:term":[{"taxonomy":"product_brand","embeddable":true,"href":"https:\/\/geoclimate.ge\/fr\/wp-json\/wp\/v2\/product_brand?post=15952"},{"taxonomy":"product_cat","embeddable":true,"href":"https:\/\/geoclimate.ge\/fr\/wp-json\/wp\/v2\/product_cat?post=15952"},{"taxonomy":"product_tag","embeddable":true,"href":"https:\/\/geoclimate.ge\/fr\/wp-json\/wp\/v2\/product_tag?post=15952"}],"curies":[{"name":"wp","href":"https:\/\/api.w.org\/{rel}","templated":true}]}}