{"id":16033,"date":"2025-01-11T20:33:13","date_gmt":"2025-01-11T16:33:13","guid":{"rendered":"https:\/\/airsystems.ge\/shop\/product\/dantherm-hpp-iw-12-16-22-28-inverter-swimming-pool-heat-pumps-swimming-pool-heat-pumps-inverter\/"},"modified":"2025-01-11T20:34:59","modified_gmt":"2025-01-11T16:34:59","slug":"dantherm-hpp-iw-12-16-22-28-inverter-swimming-pool-heat-pumps-swimming-pool-heat-pumps-inverter","status":"publish","type":"product","link":"https:\/\/geoclimate.ge\/fr\/produit\/dantherm-hpp-iw-12-16-22-28-inverter-swimming-pool-heat-pumps-swimming-pool-heat-pumps-inverter\/","title":{"rendered":"2,145 \/ 5,000 Dantherm HPP-iw 12-16-22-28 \u2013 pompes \u00e0 chaleur pour piscines \u00e0 onduleur Pompes \u00e0 chaleur pour piscines \u2013 onduleur"},"content":{"rendered":"<p>La faible consommation d&rsquo;\u00e9nergie associ\u00e9e \u00e0 une production de chaleur \u00e9lev\u00e9e fait de la pompe \u00e0 chaleur HPP-iw un moyen \u00e9cologique de chauffer votre piscine.<\/p>\n<p>Contrairement aux autres moyens de chauffage des piscines, la pompe \u00e0 chaleur HPP-iw ne n\u00e9cessite pas de r\u00e9servoir de stockage de carburant ni d&rsquo;alimentation \u00e9lectrique de grande capacit\u00e9. Elle ne produit ni odeur, ni fum\u00e9e, ni gaz CO2.<\/p>\n<p>Les pompes \u00e0 chaleur HPP-iw sont con\u00e7ues pour fonctionner toute l&rsquo;ann\u00e9e lorsque les temp\u00e9ratures sont sup\u00e9rieures \u00e0 -10\u00b0C. Ainsi, la saison de baignade peut \u00eatre prolong\u00e9e de plusieurs mois.<\/p>\n<p>D\u00e9couvrez d\u00e8s aujourd&rsquo;hui notre gamme de pompes \u00e0 chaleur pour piscines et trouvez des pompes \u00e0 chaleur pour piscines de grande taille et des pompes \u00e0 chaleur pour piscines de petite taille adapt\u00e9es \u00e0 tous les usages domestiques et commerciaux \u00e0 toute \u00e9chelle.<\/p>\n<p>Caract\u00e9ristiques principales<br \/>\nPompe \u00e0 chaleur Inverter<br \/>\nCOP moyen &gt;10,1 = 2 x plus efficace que les pompes \u00e0 chaleur on\/off<br \/>\nR\u00e9frig\u00e9rant \u00e9cologique R32 = 675 PRG (Potentiel de r\u00e9chauffement global)<br \/>\nPlage de performances accrue de 15 \u00e0 36 kW<br \/>\nR\u00e9duction du bruit de 9 \u00e0 11 dB(A) par rapport \u00e0 une pompe \u00e0 chaleur on\/off \u00e9quivalente, avec le \u00ab mode Whisper \u00bb<br \/>\nLes fonctions de fonctionnement multifonctions peuvent \u00eatre r\u00e9gl\u00e9es sur chauffage, chauffage\/refroidissement et refroidissement<br \/>\nD\u00e9marrage progressif<br \/>\nAlliage d&rsquo;aluminium<br \/>\nModule Wi-Fi int\u00e9gr\u00e9<br \/>\nL&rsquo;application PoolTherm est disponible sur Android et iOS<br \/>\nHousse d&rsquo;hiver incluse<br \/>\nAvantages<br \/>\nChauffage toute l&rsquo;ann\u00e9e pour piscines ext\u00e9rieures et int\u00e9rieures<br \/>\nPeut fonctionner jusqu&rsquo;\u00e0 une temp\u00e9rature ambiante de -10 \u00b0C<br \/>\nPerformances de chauffage \u00e9lev\u00e9es \u00e0 des temp\u00e9ratures plus basses &#8211; id\u00e9al pour un chauffage rapide de la piscine en d\u00e9but de saison<br \/>\nChauffage de piscine en altitude<br \/>\nCapacit\u00e9 de refroidissement plus \u00e9lev\u00e9e<br \/>\nMod\u00e8les les plus efficaces &#8211; COP le plus \u00e9lev\u00e9<br \/>\nNouveau gaz r\u00e9frig\u00e9rant<br \/>\nA un faible PRG (675)<br \/>\nPotentiel d&rsquo;appauvrissement de la couche d&rsquo;ozone (ODP) nul<br \/>\nConforme \u00e0 la r\u00e9duction progressive des gaz fluor\u00e9s<br \/>\nN\u00e9cessite moins de volume de r\u00e9frig\u00e9rant par kW<br \/>\nEst plus facile \u00e0 r\u00e9utiliser et \u00e0 recycler<\/p>\n<p>Installation rapide, fonctionnement flexible<\/p>\n<p>Les pompes \u00e0 chaleur Dantherm HPP-iw sont des unit\u00e9s faciles \u00e0 installer et enti\u00e8rement autonomes. En termes de fonctionnement, les unit\u00e9s HPP-i offrent des performances silencieuses, hautement efficaces, fiables et s\u00fbres.<\/p>\n<p>Commandes<\/p>\n<p>La pompe \u00e0 chaleur HPP-iw dispose d&rsquo;un contr\u00f4leur int\u00e9gr\u00e9 avec une interface utilisateur \u00e0 \u00e9cran tactile. Les fonctions de base sont\u00a0:<\/p>\n<p>R\u00e9glages des fonctions\u00a0: chauffage, refroidissement ou chauffage\/refroidissement<br \/>\nR\u00e9glage des param\u00e8tres<\/p>\n","protected":false},"excerpt":{"rendered":"<h2 class=\"font-bold text-sm md:text-lg\"><a class=\"underline underline-offset-2 decoration-transparent transition duration-300 ease-linear hover:decoration-black\" href=\"https:\/\/www.danthermgroup.com\/uk\/downloads\/dantherm-group-professional-installed-catalogue\" target=\"_blank\" rel=\"nofollow noindex noopener\">Dantherm Group Catalogue \u2013 Professional Installed Solutions<\/a><\/h2>\n","protected":false},"featured_media":16022,"template":"","meta":[],"product_brand":[],"product_cat":[1171,412],"product_tag":[],"class_list":{"0":"post-16033","1":"product","2":"type-product","3":"status-publish","4":"has-post-thumbnail","6":"product_cat-pompes-a-chaleur-pour-piscines-adoucissantes","7":"product_cat-climatisation-deshumidificateur-dair-ventilateur-fr-ventilation","9":"first","10":"instock","11":"shipping-taxable","12":"product-type-simple"},"yoast_head":"<!-- This site is optimized with the Yoast SEO plugin v27.1.1 - https:\/\/yoast.com\/product\/yoast-seo-wordpress\/ -->\n<title>2,145 \/ 5,000 Dantherm HPP-iw 12-16-22-28 \u2013 pompes \u00e0 chaleur pour piscines \u00e0 onduleur Pompes \u00e0 chaleur pour piscines \u2013 onduleur - GeoClimate.ge<\/title>\n<meta name=\"robots\" content=\"index, follow, max-snippet:-1, max-image-preview:large, max-video-preview:-1\" \/>\n<link rel=\"canonical\" href=\"https:\/\/geoclimate.ge\/fr\/produit\/dantherm-hpp-iw-12-16-22-28-inverter-swimming-pool-heat-pumps-swimming-pool-heat-pumps-inverter\/\" \/>\n<meta property=\"og:locale\" content=\"fr_FR\" \/>\n<meta property=\"og:type\" content=\"article\" \/>\n<meta property=\"og:title\" content=\"2,145 \/ 5,000 Dantherm HPP-iw 12-16-22-28 \u2013 pompes \u00e0 chaleur pour piscines \u00e0 onduleur Pompes \u00e0 chaleur pour piscines \u2013 onduleur - GeoClimate.ge\" \/>\n<meta property=\"og:description\" content=\"Dantherm Group Catalogue \u2013 Professional Installed Solutions\" \/>\n<meta property=\"og:url\" content=\"https:\/\/geoclimate.ge\/fr\/produit\/dantherm-hpp-iw-12-16-22-28-inverter-swimming-pool-heat-pumps-swimming-pool-heat-pumps-inverter\/\" \/>\n<meta property=\"og:site_name\" content=\"GeoClimate.ge\" \/>\n<meta property=\"article:modified_time\" content=\"2025-01-11T16:34:59+00:00\" \/>\n<meta property=\"og:image\" content=\"https:\/\/geoclimate.ge\/wp-content\/uploads\/2025\/01\/Dantherm-HPP-i_Side-2.jpg\" \/>\n\t<meta property=\"og:image:width\" content=\"1000\" \/>\n\t<meta property=\"og:image:height\" content=\"1000\" \/>\n\t<meta property=\"og:image:type\" content=\"image\/jpeg\" \/>\n<meta name=\"twitter:card\" content=\"summary_large_image\" \/>\n<meta name=\"twitter:label1\" content=\"Dur\u00e9e de lecture estim\u00e9e\" \/>\n\t<meta name=\"twitter:data1\" content=\"2 minutes\" \/>\n<script type=\"application\/ld+json\" class=\"yoast-schema-graph\">{\"@context\":\"https:\/\/schema.org\",\"@graph\":[{\"@type\":\"WebPage\",\"@id\":\"https:\/\/geoclimate.ge\/fr\/produit\/dantherm-hpp-iw-12-16-22-28-inverter-swimming-pool-heat-pumps-swimming-pool-heat-pumps-inverter\/\",\"url\":\"https:\/\/geoclimate.ge\/fr\/produit\/dantherm-hpp-iw-12-16-22-28-inverter-swimming-pool-heat-pumps-swimming-pool-heat-pumps-inverter\/\",\"name\":\"2,145 \/ 5,000 Dantherm HPP-iw 12-16-22-28 \u2013 pompes \u00e0 chaleur pour piscines \u00e0 onduleur Pompes \u00e0 chaleur pour piscines \u2013 onduleur - GeoClimate.ge\",\"isPartOf\":{\"@id\":\"https:\/\/geoclimate.ge\/#website\"},\"primaryImageOfPage\":{\"@id\":\"https:\/\/geoclimate.ge\/fr\/produit\/dantherm-hpp-iw-12-16-22-28-inverter-swimming-pool-heat-pumps-swimming-pool-heat-pumps-inverter\/#primaryimage\"},\"image\":{\"@id\":\"https:\/\/geoclimate.ge\/fr\/produit\/dantherm-hpp-iw-12-16-22-28-inverter-swimming-pool-heat-pumps-swimming-pool-heat-pumps-inverter\/#primaryimage\"},\"thumbnailUrl\":\"https:\/\/geoclimate.ge\/wp-content\/uploads\/2025\/01\/Dantherm-HPP-i_Side-2.jpg\",\"datePublished\":\"2025-01-11T16:33:13+00:00\",\"dateModified\":\"2025-01-11T16:34:59+00:00\",\"breadcrumb\":{\"@id\":\"https:\/\/geoclimate.ge\/fr\/produit\/dantherm-hpp-iw-12-16-22-28-inverter-swimming-pool-heat-pumps-swimming-pool-heat-pumps-inverter\/#breadcrumb\"},\"inLanguage\":\"fr-FR\",\"potentialAction\":[{\"@type\":\"ReadAction\",\"target\":[\"https:\/\/geoclimate.ge\/fr\/produit\/dantherm-hpp-iw-12-16-22-28-inverter-swimming-pool-heat-pumps-swimming-pool-heat-pumps-inverter\/\"]}]},{\"@type\":\"ImageObject\",\"inLanguage\":\"fr-FR\",\"@id\":\"https:\/\/geoclimate.ge\/fr\/produit\/dantherm-hpp-iw-12-16-22-28-inverter-swimming-pool-heat-pumps-swimming-pool-heat-pumps-inverter\/#primaryimage\",\"url\":\"https:\/\/geoclimate.ge\/wp-content\/uploads\/2025\/01\/Dantherm-HPP-i_Side-2.jpg\",\"contentUrl\":\"https:\/\/geoclimate.ge\/wp-content\/uploads\/2025\/01\/Dantherm-HPP-i_Side-2.jpg\",\"width\":1000,\"height\":1000},{\"@type\":\"BreadcrumbList\",\"@id\":\"https:\/\/geoclimate.ge\/fr\/produit\/dantherm-hpp-iw-12-16-22-28-inverter-swimming-pool-heat-pumps-swimming-pool-heat-pumps-inverter\/#breadcrumb\",\"itemListElement\":[{\"@type\":\"ListItem\",\"position\":1,\"name\":\"Home\",\"item\":\"https:\/\/geoclimate.ge\/fr\/\"},{\"@type\":\"ListItem\",\"position\":2,\"name\":\"Products\",\"item\":\"https:\/\/geoclimate.ge\/fr\/products\/\"},{\"@type\":\"ListItem\",\"position\":3,\"name\":\"2,145 \/ 5,000 Dantherm HPP-iw 12-16-22-28 \u2013 pompes \u00e0 chaleur pour piscines \u00e0 onduleur Pompes \u00e0 chaleur pour piscines \u2013 onduleur\"}]},{\"@type\":\"WebSite\",\"@id\":\"https:\/\/geoclimate.ge\/#website\",\"url\":\"https:\/\/geoclimate.ge\/\",\"name\":\"GeoClimate\",\"description\":\"\",\"publisher\":{\"@id\":\"https:\/\/geoclimate.ge\/#organization\"},\"potentialAction\":[{\"@type\":\"SearchAction\",\"target\":{\"@type\":\"EntryPoint\",\"urlTemplate\":\"https:\/\/geoclimate.ge\/?s={search_term_string}\"},\"query-input\":{\"@type\":\"PropertyValueSpecification\",\"valueRequired\":true,\"valueName\":\"search_term_string\"}}],\"inLanguage\":\"fr-FR\"},{\"@type\":\"Organization\",\"@id\":\"https:\/\/geoclimate.ge\/#organization\",\"name\":\"GeoClimate\",\"url\":\"https:\/\/geoclimate.ge\/\",\"logo\":{\"@type\":\"ImageObject\",\"inLanguage\":\"fr-FR\",\"@id\":\"https:\/\/geoclimate.ge\/#\/schema\/logo\/image\/\",\"url\":\"https:\/\/geoclimate.ge\/wp-content\/uploads\/2026\/03\/geoclimate-SEO.png\",\"contentUrl\":\"https:\/\/geoclimate.ge\/wp-content\/uploads\/2026\/03\/geoclimate-SEO.png\",\"width\":1536,\"height\":1024,\"caption\":\"GeoClimate\"},\"image\":{\"@id\":\"https:\/\/geoclimate.ge\/#\/schema\/logo\/image\/\"}}]}<\/script>\n<!-- \/ Yoast SEO plugin. -->","yoast_head_json":{"title":"2,145 \/ 5,000 Dantherm HPP-iw 12-16-22-28 \u2013 pompes \u00e0 chaleur pour piscines \u00e0 onduleur Pompes \u00e0 chaleur pour piscines \u2013 onduleur - GeoClimate.ge","robots":{"index":"index","follow":"follow","max-snippet":"max-snippet:-1","max-image-preview":"max-image-preview:large","max-video-preview":"max-video-preview:-1"},"canonical":"https:\/\/geoclimate.ge\/fr\/produit\/dantherm-hpp-iw-12-16-22-28-inverter-swimming-pool-heat-pumps-swimming-pool-heat-pumps-inverter\/","og_locale":"fr_FR","og_type":"article","og_title":"2,145 \/ 5,000 Dantherm HPP-iw 12-16-22-28 \u2013 pompes \u00e0 chaleur pour piscines \u00e0 onduleur Pompes \u00e0 chaleur pour piscines \u2013 onduleur - GeoClimate.ge","og_description":"Dantherm Group Catalogue \u2013 Professional Installed Solutions","og_url":"https:\/\/geoclimate.ge\/fr\/produit\/dantherm-hpp-iw-12-16-22-28-inverter-swimming-pool-heat-pumps-swimming-pool-heat-pumps-inverter\/","og_site_name":"GeoClimate.ge","article_modified_time":"2025-01-11T16:34:59+00:00","og_image":[{"width":1000,"height":1000,"url":"https:\/\/geoclimate.ge\/wp-content\/uploads\/2025\/01\/Dantherm-HPP-i_Side-2.jpg","type":"image\/jpeg"}],"twitter_card":"summary_large_image","twitter_misc":{"Dur\u00e9e de lecture estim\u00e9e":"2 minutes"},"schema":{"@context":"https:\/\/schema.org","@graph":[{"@type":"WebPage","@id":"https:\/\/geoclimate.ge\/fr\/produit\/dantherm-hpp-iw-12-16-22-28-inverter-swimming-pool-heat-pumps-swimming-pool-heat-pumps-inverter\/","url":"https:\/\/geoclimate.ge\/fr\/produit\/dantherm-hpp-iw-12-16-22-28-inverter-swimming-pool-heat-pumps-swimming-pool-heat-pumps-inverter\/","name":"2,145 \/ 5,000 Dantherm HPP-iw 12-16-22-28 \u2013 pompes \u00e0 chaleur pour piscines \u00e0 onduleur Pompes \u00e0 chaleur pour piscines \u2013 onduleur - GeoClimate.ge","isPartOf":{"@id":"https:\/\/geoclimate.ge\/#website"},"primaryImageOfPage":{"@id":"https:\/\/geoclimate.ge\/fr\/produit\/dantherm-hpp-iw-12-16-22-28-inverter-swimming-pool-heat-pumps-swimming-pool-heat-pumps-inverter\/#primaryimage"},"image":{"@id":"https:\/\/geoclimate.ge\/fr\/produit\/dantherm-hpp-iw-12-16-22-28-inverter-swimming-pool-heat-pumps-swimming-pool-heat-pumps-inverter\/#primaryimage"},"thumbnailUrl":"https:\/\/geoclimate.ge\/wp-content\/uploads\/2025\/01\/Dantherm-HPP-i_Side-2.jpg","datePublished":"2025-01-11T16:33:13+00:00","dateModified":"2025-01-11T16:34:59+00:00","breadcrumb":{"@id":"https:\/\/geoclimate.ge\/fr\/produit\/dantherm-hpp-iw-12-16-22-28-inverter-swimming-pool-heat-pumps-swimming-pool-heat-pumps-inverter\/#breadcrumb"},"inLanguage":"fr-FR","potentialAction":[{"@type":"ReadAction","target":["https:\/\/geoclimate.ge\/fr\/produit\/dantherm-hpp-iw-12-16-22-28-inverter-swimming-pool-heat-pumps-swimming-pool-heat-pumps-inverter\/"]}]},{"@type":"ImageObject","inLanguage":"fr-FR","@id":"https:\/\/geoclimate.ge\/fr\/produit\/dantherm-hpp-iw-12-16-22-28-inverter-swimming-pool-heat-pumps-swimming-pool-heat-pumps-inverter\/#primaryimage","url":"https:\/\/geoclimate.ge\/wp-content\/uploads\/2025\/01\/Dantherm-HPP-i_Side-2.jpg","contentUrl":"https:\/\/geoclimate.ge\/wp-content\/uploads\/2025\/01\/Dantherm-HPP-i_Side-2.jpg","width":1000,"height":1000},{"@type":"BreadcrumbList","@id":"https:\/\/geoclimate.ge\/fr\/produit\/dantherm-hpp-iw-12-16-22-28-inverter-swimming-pool-heat-pumps-swimming-pool-heat-pumps-inverter\/#breadcrumb","itemListElement":[{"@type":"ListItem","position":1,"name":"Home","item":"https:\/\/geoclimate.ge\/fr\/"},{"@type":"ListItem","position":2,"name":"Products","item":"https:\/\/geoclimate.ge\/fr\/products\/"},{"@type":"ListItem","position":3,"name":"2,145 \/ 5,000 Dantherm HPP-iw 12-16-22-28 \u2013 pompes \u00e0 chaleur pour piscines \u00e0 onduleur Pompes \u00e0 chaleur pour piscines \u2013 onduleur"}]},{"@type":"WebSite","@id":"https:\/\/geoclimate.ge\/#website","url":"https:\/\/geoclimate.ge\/","name":"GeoClimate","description":"","publisher":{"@id":"https:\/\/geoclimate.ge\/#organization"},"potentialAction":[{"@type":"SearchAction","target":{"@type":"EntryPoint","urlTemplate":"https:\/\/geoclimate.ge\/?s={search_term_string}"},"query-input":{"@type":"PropertyValueSpecification","valueRequired":true,"valueName":"search_term_string"}}],"inLanguage":"fr-FR"},{"@type":"Organization","@id":"https:\/\/geoclimate.ge\/#organization","name":"GeoClimate","url":"https:\/\/geoclimate.ge\/","logo":{"@type":"ImageObject","inLanguage":"fr-FR","@id":"https:\/\/geoclimate.ge\/#\/schema\/logo\/image\/","url":"https:\/\/geoclimate.ge\/wp-content\/uploads\/2026\/03\/geoclimate-SEO.png","contentUrl":"https:\/\/geoclimate.ge\/wp-content\/uploads\/2026\/03\/geoclimate-SEO.png","width":1536,"height":1024,"caption":"GeoClimate"},"image":{"@id":"https:\/\/geoclimate.ge\/#\/schema\/logo\/image\/"}}]}},"_links":{"self":[{"href":"https:\/\/geoclimate.ge\/fr\/wp-json\/wp\/v2\/product\/16033","targetHints":{"allow":["GET"]}}],"collection":[{"href":"https:\/\/geoclimate.ge\/fr\/wp-json\/wp\/v2\/product"}],"about":[{"href":"https:\/\/geoclimate.ge\/fr\/wp-json\/wp\/v2\/types\/product"}],"wp:featuredmedia":[{"embeddable":true,"href":"https:\/\/geoclimate.ge\/fr\/wp-json\/wp\/v2\/media\/16022"}],"wp:attachment":[{"href":"https:\/\/geoclimate.ge\/fr\/wp-json\/wp\/v2\/media?parent=16033"}],"wp:term":[{"taxonomy":"product_brand","embeddable":true,"href":"https:\/\/geoclimate.ge\/fr\/wp-json\/wp\/v2\/product_brand?post=16033"},{"taxonomy":"product_cat","embeddable":true,"href":"https:\/\/geoclimate.ge\/fr\/wp-json\/wp\/v2\/product_cat?post=16033"},{"taxonomy":"product_tag","embeddable":true,"href":"https:\/\/geoclimate.ge\/fr\/wp-json\/wp\/v2\/product_tag?post=16033"}],"curies":[{"name":"wp","href":"https:\/\/api.w.org\/{rel}","templated":true}]}}