{"id":16180,"date":"2024-01-24T22:32:33","date_gmt":"2024-01-24T18:32:33","guid":{"rendered":"https:\/\/airsystems.ge\/shop\/product\/dantherm-cdp-70-swimming-pool-dehumidifiers-wall-mounted-floor-standing-swimming-pool-dehumidifiers\/"},"modified":"2025-01-12T21:38:42","modified_gmt":"2025-01-12T17:38:42","slug":"dantherm-cdp-70-swimming-pool-dehumidifiers-wall-mounted-floor-standing-swimming-pool-dehumidifiers","status":"publish","type":"product","link":"https:\/\/geoclimate.ge\/fr\/produit\/dantherm-cdp-70-swimming-pool-dehumidifiers-wall-mounted-floor-standing-swimming-pool-dehumidifiers\/","title":{"rendered":"Dantherm CDP 70 \u2013 d\u00e9shumidificateurs de piscine D\u00e9shumidificateurs de piscine muraux\/sur pied"},"content":{"rendered":"<p>Les d\u00e9shumidificateurs \u00e0 condensation muraux ou sur pied CDP 70 ont \u00e9t\u00e9 con\u00e7us pour s&rsquo;int\u00e9grer parfaitement \u00e0 tout int\u00e9rieur de piscine moderne. Offrant un contr\u00f4le de l&rsquo;humidit\u00e9 \u00e9conome en \u00e9nergie et presque silencieux, les unit\u00e9s ont \u00e9t\u00e9 con\u00e7ues dans un souci de qualit\u00e9 et de facilit\u00e9 d&rsquo;utilisation. Associ\u00e9es \u00e0 des ventilateurs et compresseurs hautement efficaces, les options avanc\u00e9es de contr\u00f4le et de surveillance \u00e0 distance contribuent \u00e0 un fonctionnement rentable et \u00e0 des \u00e9conomies d&rsquo;\u00e9nergie importantes.<\/p>\n<p>La gamme est \u00e9galement disponible en versions traversantes.<\/p>\n<p>D\u00e9couvrez d&rsquo;autres d\u00e9shumidificateurs de piscine ou d\u00e9couvrez notre gamme compl\u00e8te de d\u00e9shumidificateurs commerciaux et industriels adapt\u00e9s \u00e0 de multiples applications.<\/p>\n<p><strong>Caract\u00e9ristiques principales<\/strong><br \/>\nFaible niveau sonore<br \/>\nFaible consommation d&rsquo;\u00e9nergie<br \/>\nLes serpentins de l&rsquo;\u00e9vaporateur et du condenseur sont recouverts d&rsquo;\u00e9poxy<br \/>\nLes pi\u00e8ces m\u00e9talliques sont recouvertes de poudre avant l&rsquo;assemblage<br \/>\nT\u00e9l\u00e9commande en option<br \/>\nContr\u00f4le int\u00e9gr\u00e9 du chauffage et de l&rsquo;humidit\u00e9 (ON\/OFF)<br \/>\nCommunication BMS (Modbus RS485)<br \/>\nConnexion 230 V<br \/>\nLes d\u00e9shumidificateurs Dantherm CDP 40-50-70 pour le contr\u00f4le de l&rsquo;humidit\u00e9 dans les piscines int\u00e9rieures sont d\u00e9velopp\u00e9s dans un souci de qualit\u00e9, de fonctionnalit\u00e9 et d&rsquo;\u00e9conomie d&rsquo;\u00e9nergie. Des ventilateurs et des compresseurs tr\u00e8s efficaces, associ\u00e9s \u00e0 une nouvelle t\u00e9l\u00e9commande avanc\u00e9e et \u00e0 des options de contr\u00f4le, contribuent \u00e0 un fonctionnement rentable et \u00e0 des \u00e9conomies d&rsquo;\u00e9nergie importantes.<\/p>\n<p>Le CDP est un d\u00e9shumidificateur de piscine silencieux et \u00e9conome en \u00e9nergie. Il fonctionne selon le principe de condensation. Un ventilateur aspire l&rsquo;air humide dans le d\u00e9shumidificateur et \u00e0 travers un serpentin d&rsquo;\u00e9vaporateur. En passant \u00e0 travers l&rsquo;\u00e9vaporateur, l&rsquo;air est refroidi jusqu&rsquo;\u00e0 une temp\u00e9rature inf\u00e9rieure \u00e0 son point de ros\u00e9e et sa teneur en vapeur d&rsquo;eau est condens\u00e9e en eau, qui tombe dans le bac collecteur puis est achemin\u00e9e du bac collecteur vers un drain. L&rsquo;air froid et sec passe ensuite par le serpentin du condenseur o\u00f9 il est r\u00e9chauff\u00e9 avant de quitter l&rsquo;appareil \u00e0 une temp\u00e9rature sup\u00e9rieure d&rsquo;environ 5\u00b0C \u00e0 celle \u00e0 l&rsquo;entr\u00e9e. Hygrostat et thermostat \u00e9lectroniques int\u00e9gr\u00e9s. D\u00e9givrage actif \u00e0 la demande.<\/p>\n","protected":false},"excerpt":{"rendered":"<h2 class=\"font-bold text-sm md:text-lg\"><a class=\"underline underline-offset-2 decoration-transparent transition duration-300 ease-linear hover:decoration-black\" href=\"https:\/\/www.danthermgroup.com\/uk\/downloads\/dantherm-group-professional-installed-catalogue\" target=\"_blank\" rel=\"nofollow noindex noopener\">Dantherm Group Catalogue \u2013 Professional Installed Solutions<\/a><\/h2>\n","protected":false},"featured_media":16173,"template":"","meta":[],"product_brand":[],"product_cat":[1189,412,416],"product_tag":[],"class_list":{"0":"post-16180","1":"product","2":"type-product","3":"status-publish","4":"has-post-thumbnail","6":"product_cat-deshumidificateur-piscine-de-to-dry-fr","7":"product_cat-climatisation-deshumidificateur-dair-ventilateur-fr-ventilation","8":"product_cat-deshumidificateurs","10":"first","11":"instock","12":"sale","13":"shipping-taxable","14":"purchasable","15":"product-type-simple"},"yoast_head":"<!-- This site is optimized with the Yoast SEO plugin v27.1.1 - https:\/\/yoast.com\/product\/yoast-seo-wordpress\/ -->\n<title>Dantherm CDP 70 \u2013 d\u00e9shumidificateurs de piscine D\u00e9shumidificateurs de piscine muraux\/sur pied - GeoClimate.ge<\/title>\n<meta name=\"robots\" content=\"index, follow, max-snippet:-1, max-image-preview:large, max-video-preview:-1\" \/>\n<link rel=\"canonical\" href=\"https:\/\/geoclimate.ge\/fr\/produit\/dantherm-cdp-70-swimming-pool-dehumidifiers-wall-mounted-floor-standing-swimming-pool-dehumidifiers\/\" \/>\n<meta property=\"og:locale\" content=\"fr_FR\" \/>\n<meta property=\"og:type\" content=\"article\" \/>\n<meta property=\"og:title\" content=\"Dantherm CDP 70 \u2013 d\u00e9shumidificateurs de piscine D\u00e9shumidificateurs de piscine muraux\/sur pied - GeoClimate.ge\" \/>\n<meta property=\"og:description\" content=\"Dantherm Group Catalogue \u2013 Professional Installed Solutions\" \/>\n<meta property=\"og:url\" content=\"https:\/\/geoclimate.ge\/fr\/produit\/dantherm-cdp-70-swimming-pool-dehumidifiers-wall-mounted-floor-standing-swimming-pool-dehumidifiers\/\" \/>\n<meta property=\"og:site_name\" content=\"GeoClimate.ge\" \/>\n<meta property=\"article:modified_time\" content=\"2025-01-12T17:38:42+00:00\" \/>\n<meta property=\"og:image\" content=\"https:\/\/geoclimate.ge\/wp-content\/uploads\/2025\/01\/Dantherm-CDP-70.jpg\" \/>\n\t<meta property=\"og:image:width\" content=\"1000\" \/>\n\t<meta property=\"og:image:height\" content=\"1000\" \/>\n\t<meta property=\"og:image:type\" content=\"image\/jpeg\" \/>\n<meta name=\"twitter:card\" content=\"summary_large_image\" \/>\n<meta name=\"twitter:label1\" content=\"Dur\u00e9e de lecture estim\u00e9e\" \/>\n\t<meta name=\"twitter:data1\" content=\"2 minutes\" \/>\n<script type=\"application\/ld+json\" class=\"yoast-schema-graph\">{\"@context\":\"https:\/\/schema.org\",\"@graph\":[{\"@type\":\"WebPage\",\"@id\":\"https:\/\/geoclimate.ge\/fr\/produit\/dantherm-cdp-70-swimming-pool-dehumidifiers-wall-mounted-floor-standing-swimming-pool-dehumidifiers\/\",\"url\":\"https:\/\/geoclimate.ge\/fr\/produit\/dantherm-cdp-70-swimming-pool-dehumidifiers-wall-mounted-floor-standing-swimming-pool-dehumidifiers\/\",\"name\":\"Dantherm CDP 70 \u2013 d\u00e9shumidificateurs de piscine D\u00e9shumidificateurs de piscine muraux\/sur pied - GeoClimate.ge\",\"isPartOf\":{\"@id\":\"https:\/\/geoclimate.ge\/#website\"},\"primaryImageOfPage\":{\"@id\":\"https:\/\/geoclimate.ge\/fr\/produit\/dantherm-cdp-70-swimming-pool-dehumidifiers-wall-mounted-floor-standing-swimming-pool-dehumidifiers\/#primaryimage\"},\"image\":{\"@id\":\"https:\/\/geoclimate.ge\/fr\/produit\/dantherm-cdp-70-swimming-pool-dehumidifiers-wall-mounted-floor-standing-swimming-pool-dehumidifiers\/#primaryimage\"},\"thumbnailUrl\":\"https:\/\/geoclimate.ge\/wp-content\/uploads\/2025\/01\/Dantherm-CDP-70.jpg\",\"datePublished\":\"2024-01-24T18:32:33+00:00\",\"dateModified\":\"2025-01-12T17:38:42+00:00\",\"breadcrumb\":{\"@id\":\"https:\/\/geoclimate.ge\/fr\/produit\/dantherm-cdp-70-swimming-pool-dehumidifiers-wall-mounted-floor-standing-swimming-pool-dehumidifiers\/#breadcrumb\"},\"inLanguage\":\"fr-FR\",\"potentialAction\":[{\"@type\":\"ReadAction\",\"target\":[\"https:\/\/geoclimate.ge\/fr\/produit\/dantherm-cdp-70-swimming-pool-dehumidifiers-wall-mounted-floor-standing-swimming-pool-dehumidifiers\/\"]}]},{\"@type\":\"ImageObject\",\"inLanguage\":\"fr-FR\",\"@id\":\"https:\/\/geoclimate.ge\/fr\/produit\/dantherm-cdp-70-swimming-pool-dehumidifiers-wall-mounted-floor-standing-swimming-pool-dehumidifiers\/#primaryimage\",\"url\":\"https:\/\/geoclimate.ge\/wp-content\/uploads\/2025\/01\/Dantherm-CDP-70.jpg\",\"contentUrl\":\"https:\/\/geoclimate.ge\/wp-content\/uploads\/2025\/01\/Dantherm-CDP-70.jpg\",\"width\":1000,\"height\":1000},{\"@type\":\"BreadcrumbList\",\"@id\":\"https:\/\/geoclimate.ge\/fr\/produit\/dantherm-cdp-70-swimming-pool-dehumidifiers-wall-mounted-floor-standing-swimming-pool-dehumidifiers\/#breadcrumb\",\"itemListElement\":[{\"@type\":\"ListItem\",\"position\":1,\"name\":\"Home\",\"item\":\"https:\/\/geoclimate.ge\/fr\/\"},{\"@type\":\"ListItem\",\"position\":2,\"name\":\"Products\",\"item\":\"https:\/\/geoclimate.ge\/fr\/products\/\"},{\"@type\":\"ListItem\",\"position\":3,\"name\":\"Dantherm CDP 70 \u2013 d\u00e9shumidificateurs de piscine D\u00e9shumidificateurs de piscine muraux\/sur pied\"}]},{\"@type\":\"WebSite\",\"@id\":\"https:\/\/geoclimate.ge\/#website\",\"url\":\"https:\/\/geoclimate.ge\/\",\"name\":\"GeoClimate\",\"description\":\"\",\"publisher\":{\"@id\":\"https:\/\/geoclimate.ge\/#organization\"},\"potentialAction\":[{\"@type\":\"SearchAction\",\"target\":{\"@type\":\"EntryPoint\",\"urlTemplate\":\"https:\/\/geoclimate.ge\/?s={search_term_string}\"},\"query-input\":{\"@type\":\"PropertyValueSpecification\",\"valueRequired\":true,\"valueName\":\"search_term_string\"}}],\"inLanguage\":\"fr-FR\"},{\"@type\":\"Organization\",\"@id\":\"https:\/\/geoclimate.ge\/#organization\",\"name\":\"GeoClimate\",\"url\":\"https:\/\/geoclimate.ge\/\",\"logo\":{\"@type\":\"ImageObject\",\"inLanguage\":\"fr-FR\",\"@id\":\"https:\/\/geoclimate.ge\/#\/schema\/logo\/image\/\",\"url\":\"https:\/\/geoclimate.ge\/wp-content\/uploads\/2026\/03\/geoclimate-SEO.png\",\"contentUrl\":\"https:\/\/geoclimate.ge\/wp-content\/uploads\/2026\/03\/geoclimate-SEO.png\",\"width\":1536,\"height\":1024,\"caption\":\"GeoClimate\"},\"image\":{\"@id\":\"https:\/\/geoclimate.ge\/#\/schema\/logo\/image\/\"}}]}<\/script>\n<!-- \/ Yoast SEO plugin. -->","yoast_head_json":{"title":"Dantherm CDP 70 \u2013 d\u00e9shumidificateurs de piscine D\u00e9shumidificateurs de piscine muraux\/sur pied - GeoClimate.ge","robots":{"index":"index","follow":"follow","max-snippet":"max-snippet:-1","max-image-preview":"max-image-preview:large","max-video-preview":"max-video-preview:-1"},"canonical":"https:\/\/geoclimate.ge\/fr\/produit\/dantherm-cdp-70-swimming-pool-dehumidifiers-wall-mounted-floor-standing-swimming-pool-dehumidifiers\/","og_locale":"fr_FR","og_type":"article","og_title":"Dantherm CDP 70 \u2013 d\u00e9shumidificateurs de piscine D\u00e9shumidificateurs de piscine muraux\/sur pied - GeoClimate.ge","og_description":"Dantherm Group Catalogue \u2013 Professional Installed Solutions","og_url":"https:\/\/geoclimate.ge\/fr\/produit\/dantherm-cdp-70-swimming-pool-dehumidifiers-wall-mounted-floor-standing-swimming-pool-dehumidifiers\/","og_site_name":"GeoClimate.ge","article_modified_time":"2025-01-12T17:38:42+00:00","og_image":[{"width":1000,"height":1000,"url":"https:\/\/geoclimate.ge\/wp-content\/uploads\/2025\/01\/Dantherm-CDP-70.jpg","type":"image\/jpeg"}],"twitter_card":"summary_large_image","twitter_misc":{"Dur\u00e9e de lecture estim\u00e9e":"2 minutes"},"schema":{"@context":"https:\/\/schema.org","@graph":[{"@type":"WebPage","@id":"https:\/\/geoclimate.ge\/fr\/produit\/dantherm-cdp-70-swimming-pool-dehumidifiers-wall-mounted-floor-standing-swimming-pool-dehumidifiers\/","url":"https:\/\/geoclimate.ge\/fr\/produit\/dantherm-cdp-70-swimming-pool-dehumidifiers-wall-mounted-floor-standing-swimming-pool-dehumidifiers\/","name":"Dantherm CDP 70 \u2013 d\u00e9shumidificateurs de piscine D\u00e9shumidificateurs de piscine muraux\/sur pied - GeoClimate.ge","isPartOf":{"@id":"https:\/\/geoclimate.ge\/#website"},"primaryImageOfPage":{"@id":"https:\/\/geoclimate.ge\/fr\/produit\/dantherm-cdp-70-swimming-pool-dehumidifiers-wall-mounted-floor-standing-swimming-pool-dehumidifiers\/#primaryimage"},"image":{"@id":"https:\/\/geoclimate.ge\/fr\/produit\/dantherm-cdp-70-swimming-pool-dehumidifiers-wall-mounted-floor-standing-swimming-pool-dehumidifiers\/#primaryimage"},"thumbnailUrl":"https:\/\/geoclimate.ge\/wp-content\/uploads\/2025\/01\/Dantherm-CDP-70.jpg","datePublished":"2024-01-24T18:32:33+00:00","dateModified":"2025-01-12T17:38:42+00:00","breadcrumb":{"@id":"https:\/\/geoclimate.ge\/fr\/produit\/dantherm-cdp-70-swimming-pool-dehumidifiers-wall-mounted-floor-standing-swimming-pool-dehumidifiers\/#breadcrumb"},"inLanguage":"fr-FR","potentialAction":[{"@type":"ReadAction","target":["https:\/\/geoclimate.ge\/fr\/produit\/dantherm-cdp-70-swimming-pool-dehumidifiers-wall-mounted-floor-standing-swimming-pool-dehumidifiers\/"]}]},{"@type":"ImageObject","inLanguage":"fr-FR","@id":"https:\/\/geoclimate.ge\/fr\/produit\/dantherm-cdp-70-swimming-pool-dehumidifiers-wall-mounted-floor-standing-swimming-pool-dehumidifiers\/#primaryimage","url":"https:\/\/geoclimate.ge\/wp-content\/uploads\/2025\/01\/Dantherm-CDP-70.jpg","contentUrl":"https:\/\/geoclimate.ge\/wp-content\/uploads\/2025\/01\/Dantherm-CDP-70.jpg","width":1000,"height":1000},{"@type":"BreadcrumbList","@id":"https:\/\/geoclimate.ge\/fr\/produit\/dantherm-cdp-70-swimming-pool-dehumidifiers-wall-mounted-floor-standing-swimming-pool-dehumidifiers\/#breadcrumb","itemListElement":[{"@type":"ListItem","position":1,"name":"Home","item":"https:\/\/geoclimate.ge\/fr\/"},{"@type":"ListItem","position":2,"name":"Products","item":"https:\/\/geoclimate.ge\/fr\/products\/"},{"@type":"ListItem","position":3,"name":"Dantherm CDP 70 \u2013 d\u00e9shumidificateurs de piscine D\u00e9shumidificateurs de piscine muraux\/sur pied"}]},{"@type":"WebSite","@id":"https:\/\/geoclimate.ge\/#website","url":"https:\/\/geoclimate.ge\/","name":"GeoClimate","description":"","publisher":{"@id":"https:\/\/geoclimate.ge\/#organization"},"potentialAction":[{"@type":"SearchAction","target":{"@type":"EntryPoint","urlTemplate":"https:\/\/geoclimate.ge\/?s={search_term_string}"},"query-input":{"@type":"PropertyValueSpecification","valueRequired":true,"valueName":"search_term_string"}}],"inLanguage":"fr-FR"},{"@type":"Organization","@id":"https:\/\/geoclimate.ge\/#organization","name":"GeoClimate","url":"https:\/\/geoclimate.ge\/","logo":{"@type":"ImageObject","inLanguage":"fr-FR","@id":"https:\/\/geoclimate.ge\/#\/schema\/logo\/image\/","url":"https:\/\/geoclimate.ge\/wp-content\/uploads\/2026\/03\/geoclimate-SEO.png","contentUrl":"https:\/\/geoclimate.ge\/wp-content\/uploads\/2026\/03\/geoclimate-SEO.png","width":1536,"height":1024,"caption":"GeoClimate"},"image":{"@id":"https:\/\/geoclimate.ge\/#\/schema\/logo\/image\/"}}]}},"_links":{"self":[{"href":"https:\/\/geoclimate.ge\/fr\/wp-json\/wp\/v2\/product\/16180","targetHints":{"allow":["GET"]}}],"collection":[{"href":"https:\/\/geoclimate.ge\/fr\/wp-json\/wp\/v2\/product"}],"about":[{"href":"https:\/\/geoclimate.ge\/fr\/wp-json\/wp\/v2\/types\/product"}],"wp:featuredmedia":[{"embeddable":true,"href":"https:\/\/geoclimate.ge\/fr\/wp-json\/wp\/v2\/media\/16173"}],"wp:attachment":[{"href":"https:\/\/geoclimate.ge\/fr\/wp-json\/wp\/v2\/media?parent=16180"}],"wp:term":[{"taxonomy":"product_brand","embeddable":true,"href":"https:\/\/geoclimate.ge\/fr\/wp-json\/wp\/v2\/product_brand?post=16180"},{"taxonomy":"product_cat","embeddable":true,"href":"https:\/\/geoclimate.ge\/fr\/wp-json\/wp\/v2\/product_cat?post=16180"},{"taxonomy":"product_tag","embeddable":true,"href":"https:\/\/geoclimate.ge\/fr\/wp-json\/wp\/v2\/product_tag?post=16180"}],"curies":[{"name":"wp","href":"https:\/\/api.w.org\/{rel}","templated":true}]}}