{"id":16214,"date":"2025-01-13T15:08:52","date_gmt":"2025-01-13T11:08:52","guid":{"rendered":"https:\/\/airsystems.ge\/shop\/product\/pyrometer-bp17-infrared-thermometer-for-non-contact-surface-temperature-measurement\/"},"modified":"2025-01-13T15:13:30","modified_gmt":"2025-01-13T11:13:30","slug":"pyrometer-bp17-infrared-thermometer-for-non-contact-surface-temperature-measurement","status":"publish","type":"product","link":"https:\/\/geoclimate.ge\/fr\/produit\/pyrometer-bp17-infrared-thermometer-for-non-contact-surface-temperature-measurement\/","title":{"rendered":"Pyrom\u00e8tre BP17 Thermom\u00e8tre infrarouge pour la mesure de la temp\u00e9rature de surface sans contact"},"content":{"rendered":"<p>Pyrom\u00e8tre BP17<br \/>\nThermom\u00e8tre infrarouge pour la mesure de la temp\u00e9rature de surface sans contact<\/p>\n<p>R\u00e9sultats de mesure pr\u00e9cis par simple pression sur un bouton<br \/>\nQue ce soit dans le secteur commercial ou dans le secteur des loisirs, la surveillance de la temp\u00e9rature de surface des appareils \u00e9lectriques, des moteurs, des syst\u00e8mes de refroidissement ou des murs est un sujet important en mati\u00e8re d&rsquo;efficacit\u00e9 \u00e9nerg\u00e9tique. La mesure continue de la temp\u00e9rature permet souvent d&rsquo;\u00e9viter des dommages plus importants et des travaux de r\u00e9paration co\u00fbteux en amont. Comme vous n&rsquo;avez pas \u00e0 toucher les surfaces qui pourraient \u00eatre trop chaudes ou trop froides, vous jouez toujours la carte de la s\u00e9curit\u00e9 lors des mesures avec un rayonnement infrarouge.<\/p>\n<p><strong>Avantages pour la pratique :<\/strong><\/p>\n<p>Mesure de temp\u00e9rature de surface sans contact de -50 \u00b0C \u00e0 +380 \u00b0C<br \/>\nAlarme sonore et visuelle en cas de d\u00e9passement ou de sous-d\u00e9passement d&rsquo;une diff\u00e9rence de temp\u00e9rature pr\u00e9s\u00e9lectionnable<br \/>\nNiveaux de sensibilit\u00e9 r\u00e9glables : OFF \/ 1 \u00b0C \/ 3 \u00b0C \/ 5 \u00b0C<br \/>\nOptique de mesure 10:1<br \/>\nLaser de vis\u00e9e optique commutable<br \/>\n\u00c9cran r\u00e9tro\u00e9clair\u00e9<br \/>\nArr\u00eat automatique et indicateur d&rsquo;\u00e9tat de la batterie<br \/>\nD\u00e9veloppement, conception, production : 100 % Trotec<br \/>\nDesign industriel allemand optimis\u00e9 pour la pratique &#8211; brevet de conception prot\u00e9g\u00e9<br \/>\nRapport qualit\u00e9-prix optimal<\/p>\n","protected":false},"excerpt":{"rendered":"<h2><a href=\"https:\/\/uk.trotec.com\/fileadmin\/downloads\/Temperatur\/BP17\/TRT-CE-BP17-HS-001-EN.pdf\" target=\"_blank\" rel=\"noopener\">Declaration of conformity for pyrometer BP17 (INT)<\/a><\/h2>\n<h2><a href=\"https:\/\/uk.trotec.com\/fileadmin\/downloads\/Temperatur\/BP17\/TRT-KA-BP17-TC-007-INT.pdf\" target=\"_blank\" rel=\"noopener\">Quick guide for pyrometer BP17_V2018 (INT)<\/a><\/h2>\n","protected":false},"featured_media":16199,"template":"","meta":[],"product_brand":[],"product_cat":[420,421,439],"product_tag":[],"class_list":{"0":"post-16214","1":"product","2":"type-product","3":"status-publish","4":"has-post-thumbnail","6":"product_cat-trotec-fr","7":"product_cat-mesure-outils-instruments-appareils","8":"product_cat-temperature-fr","10":"first","11":"instock","12":"sale","13":"shipping-taxable","14":"purchasable","15":"product-type-simple"},"yoast_head":"<!-- This site is optimized with the Yoast SEO plugin v27.1.1 - https:\/\/yoast.com\/product\/yoast-seo-wordpress\/ -->\n<title>Pyrom\u00e8tre BP17 Thermom\u00e8tre infrarouge pour la mesure de la temp\u00e9rature de surface sans contact - GeoClimate.ge<\/title>\n<meta name=\"robots\" content=\"index, follow, max-snippet:-1, max-image-preview:large, max-video-preview:-1\" \/>\n<link rel=\"canonical\" href=\"https:\/\/geoclimate.ge\/fr\/produit\/pyrometer-bp17-infrared-thermometer-for-non-contact-surface-temperature-measurement\/\" \/>\n<meta property=\"og:locale\" content=\"fr_FR\" \/>\n<meta property=\"og:type\" content=\"article\" \/>\n<meta property=\"og:title\" content=\"Pyrom\u00e8tre BP17 Thermom\u00e8tre infrarouge pour la mesure de la temp\u00e9rature de surface sans contact - GeoClimate.ge\" \/>\n<meta property=\"og:description\" content=\"Declaration of conformity for pyrometer BP17 (INT) Quick guide for pyrometer BP17_V2018 (INT)\" \/>\n<meta property=\"og:url\" content=\"https:\/\/geoclimate.ge\/fr\/produit\/pyrometer-bp17-infrared-thermometer-for-non-contact-surface-temperature-measurement\/\" \/>\n<meta property=\"og:site_name\" content=\"GeoClimate.ge\" \/>\n<meta property=\"article:modified_time\" content=\"2025-01-13T11:13:30+00:00\" \/>\n<meta property=\"og:image\" content=\"https:\/\/geoclimate.ge\/wp-content\/uploads\/2025\/01\/bp17-916d.jpg\" \/>\n\t<meta property=\"og:image:width\" content=\"910\" \/>\n\t<meta property=\"og:image:height\" content=\"600\" \/>\n\t<meta property=\"og:image:type\" content=\"image\/jpeg\" \/>\n<meta name=\"twitter:card\" content=\"summary_large_image\" \/>\n<meta name=\"twitter:label1\" content=\"Dur\u00e9e de lecture estim\u00e9e\" \/>\n\t<meta name=\"twitter:data1\" content=\"1 minute\" \/>\n<script type=\"application\/ld+json\" class=\"yoast-schema-graph\">{\"@context\":\"https:\/\/schema.org\",\"@graph\":[{\"@type\":\"WebPage\",\"@id\":\"https:\/\/geoclimate.ge\/fr\/produit\/pyrometer-bp17-infrared-thermometer-for-non-contact-surface-temperature-measurement\/\",\"url\":\"https:\/\/geoclimate.ge\/fr\/produit\/pyrometer-bp17-infrared-thermometer-for-non-contact-surface-temperature-measurement\/\",\"name\":\"Pyrom\u00e8tre BP17 Thermom\u00e8tre infrarouge pour la mesure de la temp\u00e9rature de surface sans contact - GeoClimate.ge\",\"isPartOf\":{\"@id\":\"https:\/\/geoclimate.ge\/#website\"},\"primaryImageOfPage\":{\"@id\":\"https:\/\/geoclimate.ge\/fr\/produit\/pyrometer-bp17-infrared-thermometer-for-non-contact-surface-temperature-measurement\/#primaryimage\"},\"image\":{\"@id\":\"https:\/\/geoclimate.ge\/fr\/produit\/pyrometer-bp17-infrared-thermometer-for-non-contact-surface-temperature-measurement\/#primaryimage\"},\"thumbnailUrl\":\"https:\/\/geoclimate.ge\/wp-content\/uploads\/2025\/01\/bp17-916d.jpg\",\"datePublished\":\"2025-01-13T11:08:52+00:00\",\"dateModified\":\"2025-01-13T11:13:30+00:00\",\"breadcrumb\":{\"@id\":\"https:\/\/geoclimate.ge\/fr\/produit\/pyrometer-bp17-infrared-thermometer-for-non-contact-surface-temperature-measurement\/#breadcrumb\"},\"inLanguage\":\"fr-FR\",\"potentialAction\":[{\"@type\":\"ReadAction\",\"target\":[\"https:\/\/geoclimate.ge\/fr\/produit\/pyrometer-bp17-infrared-thermometer-for-non-contact-surface-temperature-measurement\/\"]}]},{\"@type\":\"ImageObject\",\"inLanguage\":\"fr-FR\",\"@id\":\"https:\/\/geoclimate.ge\/fr\/produit\/pyrometer-bp17-infrared-thermometer-for-non-contact-surface-temperature-measurement\/#primaryimage\",\"url\":\"https:\/\/geoclimate.ge\/wp-content\/uploads\/2025\/01\/bp17-916d.jpg\",\"contentUrl\":\"https:\/\/geoclimate.ge\/wp-content\/uploads\/2025\/01\/bp17-916d.jpg\",\"width\":910,\"height\":600},{\"@type\":\"BreadcrumbList\",\"@id\":\"https:\/\/geoclimate.ge\/fr\/produit\/pyrometer-bp17-infrared-thermometer-for-non-contact-surface-temperature-measurement\/#breadcrumb\",\"itemListElement\":[{\"@type\":\"ListItem\",\"position\":1,\"name\":\"Home\",\"item\":\"https:\/\/geoclimate.ge\/fr\/\"},{\"@type\":\"ListItem\",\"position\":2,\"name\":\"Products\",\"item\":\"https:\/\/geoclimate.ge\/fr\/products\/\"},{\"@type\":\"ListItem\",\"position\":3,\"name\":\"Pyrom\u00e8tre BP17 Thermom\u00e8tre infrarouge pour la mesure de la temp\u00e9rature de surface sans contact\"}]},{\"@type\":\"WebSite\",\"@id\":\"https:\/\/geoclimate.ge\/#website\",\"url\":\"https:\/\/geoclimate.ge\/\",\"name\":\"GeoClimate\",\"description\":\"\",\"publisher\":{\"@id\":\"https:\/\/geoclimate.ge\/#organization\"},\"potentialAction\":[{\"@type\":\"SearchAction\",\"target\":{\"@type\":\"EntryPoint\",\"urlTemplate\":\"https:\/\/geoclimate.ge\/?s={search_term_string}\"},\"query-input\":{\"@type\":\"PropertyValueSpecification\",\"valueRequired\":true,\"valueName\":\"search_term_string\"}}],\"inLanguage\":\"fr-FR\"},{\"@type\":\"Organization\",\"@id\":\"https:\/\/geoclimate.ge\/#organization\",\"name\":\"GeoClimate\",\"url\":\"https:\/\/geoclimate.ge\/\",\"logo\":{\"@type\":\"ImageObject\",\"inLanguage\":\"fr-FR\",\"@id\":\"https:\/\/geoclimate.ge\/#\/schema\/logo\/image\/\",\"url\":\"https:\/\/geoclimate.ge\/wp-content\/uploads\/2026\/03\/geoclimate-SEO.png\",\"contentUrl\":\"https:\/\/geoclimate.ge\/wp-content\/uploads\/2026\/03\/geoclimate-SEO.png\",\"width\":1536,\"height\":1024,\"caption\":\"GeoClimate\"},\"image\":{\"@id\":\"https:\/\/geoclimate.ge\/#\/schema\/logo\/image\/\"}}]}<\/script>\n<!-- \/ Yoast SEO plugin. -->","yoast_head_json":{"title":"Pyrom\u00e8tre BP17 Thermom\u00e8tre infrarouge pour la mesure de la temp\u00e9rature de surface sans contact - GeoClimate.ge","robots":{"index":"index","follow":"follow","max-snippet":"max-snippet:-1","max-image-preview":"max-image-preview:large","max-video-preview":"max-video-preview:-1"},"canonical":"https:\/\/geoclimate.ge\/fr\/produit\/pyrometer-bp17-infrared-thermometer-for-non-contact-surface-temperature-measurement\/","og_locale":"fr_FR","og_type":"article","og_title":"Pyrom\u00e8tre BP17 Thermom\u00e8tre infrarouge pour la mesure de la temp\u00e9rature de surface sans contact - GeoClimate.ge","og_description":"Declaration of conformity for pyrometer BP17 (INT) Quick guide for pyrometer BP17_V2018 (INT)","og_url":"https:\/\/geoclimate.ge\/fr\/produit\/pyrometer-bp17-infrared-thermometer-for-non-contact-surface-temperature-measurement\/","og_site_name":"GeoClimate.ge","article_modified_time":"2025-01-13T11:13:30+00:00","og_image":[{"width":910,"height":600,"url":"https:\/\/geoclimate.ge\/wp-content\/uploads\/2025\/01\/bp17-916d.jpg","type":"image\/jpeg"}],"twitter_card":"summary_large_image","twitter_misc":{"Dur\u00e9e de lecture estim\u00e9e":"1 minute"},"schema":{"@context":"https:\/\/schema.org","@graph":[{"@type":"WebPage","@id":"https:\/\/geoclimate.ge\/fr\/produit\/pyrometer-bp17-infrared-thermometer-for-non-contact-surface-temperature-measurement\/","url":"https:\/\/geoclimate.ge\/fr\/produit\/pyrometer-bp17-infrared-thermometer-for-non-contact-surface-temperature-measurement\/","name":"Pyrom\u00e8tre BP17 Thermom\u00e8tre infrarouge pour la mesure de la temp\u00e9rature de surface sans contact - GeoClimate.ge","isPartOf":{"@id":"https:\/\/geoclimate.ge\/#website"},"primaryImageOfPage":{"@id":"https:\/\/geoclimate.ge\/fr\/produit\/pyrometer-bp17-infrared-thermometer-for-non-contact-surface-temperature-measurement\/#primaryimage"},"image":{"@id":"https:\/\/geoclimate.ge\/fr\/produit\/pyrometer-bp17-infrared-thermometer-for-non-contact-surface-temperature-measurement\/#primaryimage"},"thumbnailUrl":"https:\/\/geoclimate.ge\/wp-content\/uploads\/2025\/01\/bp17-916d.jpg","datePublished":"2025-01-13T11:08:52+00:00","dateModified":"2025-01-13T11:13:30+00:00","breadcrumb":{"@id":"https:\/\/geoclimate.ge\/fr\/produit\/pyrometer-bp17-infrared-thermometer-for-non-contact-surface-temperature-measurement\/#breadcrumb"},"inLanguage":"fr-FR","potentialAction":[{"@type":"ReadAction","target":["https:\/\/geoclimate.ge\/fr\/produit\/pyrometer-bp17-infrared-thermometer-for-non-contact-surface-temperature-measurement\/"]}]},{"@type":"ImageObject","inLanguage":"fr-FR","@id":"https:\/\/geoclimate.ge\/fr\/produit\/pyrometer-bp17-infrared-thermometer-for-non-contact-surface-temperature-measurement\/#primaryimage","url":"https:\/\/geoclimate.ge\/wp-content\/uploads\/2025\/01\/bp17-916d.jpg","contentUrl":"https:\/\/geoclimate.ge\/wp-content\/uploads\/2025\/01\/bp17-916d.jpg","width":910,"height":600},{"@type":"BreadcrumbList","@id":"https:\/\/geoclimate.ge\/fr\/produit\/pyrometer-bp17-infrared-thermometer-for-non-contact-surface-temperature-measurement\/#breadcrumb","itemListElement":[{"@type":"ListItem","position":1,"name":"Home","item":"https:\/\/geoclimate.ge\/fr\/"},{"@type":"ListItem","position":2,"name":"Products","item":"https:\/\/geoclimate.ge\/fr\/products\/"},{"@type":"ListItem","position":3,"name":"Pyrom\u00e8tre BP17 Thermom\u00e8tre infrarouge pour la mesure de la temp\u00e9rature de surface sans contact"}]},{"@type":"WebSite","@id":"https:\/\/geoclimate.ge\/#website","url":"https:\/\/geoclimate.ge\/","name":"GeoClimate","description":"","publisher":{"@id":"https:\/\/geoclimate.ge\/#organization"},"potentialAction":[{"@type":"SearchAction","target":{"@type":"EntryPoint","urlTemplate":"https:\/\/geoclimate.ge\/?s={search_term_string}"},"query-input":{"@type":"PropertyValueSpecification","valueRequired":true,"valueName":"search_term_string"}}],"inLanguage":"fr-FR"},{"@type":"Organization","@id":"https:\/\/geoclimate.ge\/#organization","name":"GeoClimate","url":"https:\/\/geoclimate.ge\/","logo":{"@type":"ImageObject","inLanguage":"fr-FR","@id":"https:\/\/geoclimate.ge\/#\/schema\/logo\/image\/","url":"https:\/\/geoclimate.ge\/wp-content\/uploads\/2026\/03\/geoclimate-SEO.png","contentUrl":"https:\/\/geoclimate.ge\/wp-content\/uploads\/2026\/03\/geoclimate-SEO.png","width":1536,"height":1024,"caption":"GeoClimate"},"image":{"@id":"https:\/\/geoclimate.ge\/#\/schema\/logo\/image\/"}}]}},"_links":{"self":[{"href":"https:\/\/geoclimate.ge\/fr\/wp-json\/wp\/v2\/product\/16214","targetHints":{"allow":["GET"]}}],"collection":[{"href":"https:\/\/geoclimate.ge\/fr\/wp-json\/wp\/v2\/product"}],"about":[{"href":"https:\/\/geoclimate.ge\/fr\/wp-json\/wp\/v2\/types\/product"}],"wp:featuredmedia":[{"embeddable":true,"href":"https:\/\/geoclimate.ge\/fr\/wp-json\/wp\/v2\/media\/16199"}],"wp:attachment":[{"href":"https:\/\/geoclimate.ge\/fr\/wp-json\/wp\/v2\/media?parent=16214"}],"wp:term":[{"taxonomy":"product_brand","embeddable":true,"href":"https:\/\/geoclimate.ge\/fr\/wp-json\/wp\/v2\/product_brand?post=16214"},{"taxonomy":"product_cat","embeddable":true,"href":"https:\/\/geoclimate.ge\/fr\/wp-json\/wp\/v2\/product_cat?post=16214"},{"taxonomy":"product_tag","embeddable":true,"href":"https:\/\/geoclimate.ge\/fr\/wp-json\/wp\/v2\/product_tag?post=16214"}],"curies":[{"name":"wp","href":"https:\/\/api.w.org\/{rel}","templated":true}]}}