{"id":16280,"date":"2025-01-11T23:47:25","date_gmt":"2025-01-11T19:47:25","guid":{"rendered":"https:\/\/airsystems.ge\/shop\/product\/master-vet-1000-external-oil-tanks-mobile-fuel-tanks-with-integrated-spill-containment-tank\/"},"modified":"2025-01-14T10:43:44","modified_gmt":"2025-01-14T06:43:44","slug":"master-vet-1000-external-oil-tanks-mobile-fuel-tanks-with-integrated-spill-containment-tank","status":"publish","type":"product","link":"https:\/\/geoclimate.ge\/fr\/produit\/master-vet-1000-external-oil-tanks-mobile-fuel-tanks-with-integrated-spill-containment-tank\/","title":{"rendered":"R\u00e9servoirs d&rsquo;huile externes Master VET 1000 R\u00e9servoirs de carburant mobiles avec cuve de r\u00e9tention int\u00e9gr\u00e9e"},"content":{"rendered":"<div class=\"md:text-center\">\n<h3 class=\"text-black font-bold text-lg md:text-xl lg:text-2xl\"><strong>Product specifications<\/strong><\/h3>\n<\/div>\n<div class=\" md:mt-10\">\n<div class=\"\">\n<div class=\"lg:mt-0 \">\n<div id=\"spec-vet-1000\" class=\"prose max-w-full md:overflow-auto\" data-spec-content=\"\">\n<div class=\"spreadsheet-container hidden md:block\">\n<table class=\"w-full table-fixed mb-0\">\n<thead>\n<tr>\n<th class=\"font-bold text-base\"><span class=\"block px-4\">Specifications<\/span><\/th>\n<th class=\"font-bold text-base text-center\"><span class=\"block px-10 md:px-20\">Units<\/span><\/th>\n<th class=\"font-bold text-base text-center will-change\"><span class=\"block px-4\">VET\u00a01000<\/span><\/th>\n<\/tr>\n<\/thead>\n<tbody>\n<tr class=\"bg-grey-200\/50 p-2\">\n<td colspan=\"1\"><span class=\"block px-4\">Tank capacity<\/span><\/td>\n<td class=\"text-center\">\n<div class=\"px-10 md:px-20 flex items-center justify-center\">l<\/div>\n<\/td>\n<td class=\"text-center will-change\">\n<div class=\"px-10 md:px-20 flex items-center justify-center\">1,000<\/div>\n<\/td>\n<\/tr>\n<tr class=\" p-2\">\n<td colspan=\"1\"><span class=\"block px-4\">Width<\/span><\/td>\n<td class=\"text-center\">\n<div class=\"px-10 md:px-20 flex items-center justify-center\">mm<\/div>\n<\/td>\n<td class=\"text-center will-change\">\n<div class=\"px-10 md:px-20 flex items-center justify-center\">720<\/div>\n<\/td>\n<\/tr>\n<tr class=\"bg-grey-200\/50 p-2\">\n<td colspan=\"1\"><span class=\"block px-4\">Length<\/span><\/td>\n<td class=\"text-center\">\n<div class=\"px-10 md:px-20 flex items-center justify-center\">mm<\/div>\n<\/td>\n<td class=\"text-center will-change\">\n<div class=\"px-10 md:px-20 flex items-center justify-center\">1.135<\/div>\n<\/td>\n<\/tr>\n<tr class=\" p-2\">\n<td colspan=\"1\"><span class=\"block px-4\">Height<\/span><\/td>\n<td class=\"text-center\">\n<div class=\"px-10 md:px-20 flex items-center justify-center\">mm<\/div>\n<\/td>\n<td class=\"text-center will-change\">\n<div class=\"px-10 md:px-20 flex items-center justify-center\">1,640<\/div>\n<\/td>\n<\/tr>\n<tr class=\"bg-grey-200\/50 p-2\">\n<td colspan=\"1\"><span class=\"block px-4\">Weight<\/span><\/td>\n<td class=\"text-center\">\n<div class=\"px-10 md:px-20 flex items-center justify-center\">kg<\/div>\n<\/td>\n<td class=\"text-center will-change\">\n<div class=\"px-10 md:px-20 flex items-center justify-center\">94<\/div>\n<\/td>\n<\/tr>\n<tr class=\" p-2\">\n<td colspan=\"1\"><span class=\"block px-4\">European UN\/ADR<\/span><\/td>\n<td class=\"text-center\">\n<div class=\"px-10 md:px-20 flex items-center justify-center\">N\u00b0<\/div>\n<\/td>\n<td class=\"text-center will-change\">\n<div class=\"px-10 md:px-20 flex items-center justify-center\">D\/BAM\/10104\/31HA1<\/div>\n<\/td>\n<\/tr>\n<\/tbody>\n<\/table>\n<\/div>\n<div class=\"md:text-center\">\n<h3 class=\"text-black font-bold text-lg md:text-xl lg:text-2xl\"><strong>Product specifications<\/strong><\/h3>\n<\/div>\n<div class=\" md:mt-10\">\n<div class=\"\">\n<div class=\"lg:mt-0 \">\n<div id=\"spec-vet-700\" class=\"prose max-w-full md:overflow-auto\" data-spec-content=\"\">\n<div class=\"spreadsheet-container hidden md:block\">\n<table class=\"w-full table-fixed mb-0\">\n<thead>\n<tr>\n<th class=\"font-bold text-base\"><span class=\"block px-4\">Specifications<\/span><\/th>\n<th class=\"font-bold text-base text-center\"><span class=\"block px-10 md:px-20\">Units<\/span><\/th>\n<th class=\"font-bold text-base text-center will-change\"><span class=\"block px-4\">VET\u00a0700<\/span><\/th>\n<\/tr>\n<\/thead>\n<tbody>\n<tr class=\"bg-grey-200\/50 p-2\">\n<td colspan=\"1\"><span class=\"block px-4\">Tank capacity<\/span><\/td>\n<td class=\"text-center\">\n<div class=\"px-10 md:px-20 flex items-center justify-center\">l<\/div>\n<\/td>\n<td class=\"text-center will-change\">\n<div class=\"px-10 md:px-20 flex items-center justify-center\">700<\/div>\n<\/td>\n<\/tr>\n<tr class=\" p-2\">\n<td colspan=\"1\"><span class=\"block px-4\">Width<\/span><\/td>\n<td class=\"text-center\">\n<div class=\"px-10 md:px-20 flex items-center justify-center\">mm<\/div>\n<\/td>\n<td class=\"text-center will-change\">\n<div class=\"px-10 md:px-20 flex items-center justify-center\">720<\/div>\n<\/td>\n<\/tr>\n<tr class=\"bg-grey-200\/50 p-2\">\n<td colspan=\"1\"><span class=\"block px-4\">Length<\/span><\/td>\n<td class=\"text-center\">\n<div class=\"px-10 md:px-20 flex items-center justify-center\">mm<\/div>\n<\/td>\n<td class=\"text-center will-change\">\n<div class=\"px-10 md:px-20 flex items-center justify-center\">1.135<\/div>\n<\/td>\n<\/tr>\n<tr class=\" p-2\">\n<td colspan=\"1\"><span class=\"block px-4\">Height<\/span><\/td>\n<td class=\"text-center\">\n<div class=\"px-10 md:px-20 flex items-center justify-center\">mm<\/div>\n<\/td>\n<td class=\"text-center will-change\">\n<div class=\"px-10 md:px-20 flex items-center justify-center\">1,210<\/div>\n<\/td>\n<\/tr>\n<tr class=\"bg-grey-200\/50 p-2\">\n<td colspan=\"1\"><span class=\"block px-4\">Weight<\/span><\/td>\n<td class=\"text-center\">\n<div class=\"px-10 md:px-20 flex items-center justify-center\">kg<\/div>\n<\/td>\n<td class=\"text-center will-change\">\n<div class=\"px-10 md:px-20 flex items-center justify-center\">94<\/div>\n<\/td>\n<\/tr>\n<tr class=\" p-2\">\n<td colspan=\"1\"><span class=\"block px-4\">European UN\/ADR<\/span><\/td>\n<td class=\"text-center\">\n<div class=\"px-10 md:px-20 flex items-center justify-center\">N\u00b0<\/div>\n<\/td>\n<td class=\"text-center will-change\">\n<div class=\"px-10 md:px-20 flex items-center justify-center\">D\/BAM\/10104\/31HA1<\/div>\n<\/td>\n<\/tr>\n<\/tbody>\n<\/table>\n<\/div>\n<\/div>\n<\/div>\n<\/div>\n<\/div>\n<\/div>\n<\/div>\n<\/div>\n<\/div>\n","protected":false},"excerpt":{"rendered":"<p>R\u00e9servoirs d&rsquo;huile externes Master VET 1000 Master VET 700<\/p>\n<p>R\u00e9servoirs de carburant mobiles avec cuve de r\u00e9tention int\u00e9gr\u00e9e<\/p>\n<p>Les VET sont des r\u00e9servoirs \u00e0 double paroi sp\u00e9cialement con\u00e7us et homologu\u00e9s pour le transport de fioul, de gasoil et de tous produits compatibles avec le PEHD et dont la densit\u00e9 ne d\u00e9passe pas 1,2 g\/cm\u00b2.<\/p>\n<p>Les VET sont la solution id\u00e9ale pour alimenter des g\u00e9n\u00e9rateurs mobiles, en int\u00e9rieur comme en ext\u00e9rieur, ou des \u00e9quipements install\u00e9s de mani\u00e8re temporaire, avec un haut degr\u00e9 d&rsquo;autonomie.<\/p>\n<p>D\u00e9couvrez tous nos\u00a0chauffages \u00e0 mazout directs\u00a0ou parcourez notre gamme compl\u00e8te de\u00a0chauffages industriels\u00a0qui conviennent \u00e0 de multiples applications et environnements. Vous pourriez \u00e9galement \u00eatre int\u00e9ress\u00e9 par les\u00a0chauffages \u00e0 mazout indirects portables, les\u00a0chauffages \u00e0 mazout infrarouges mobiles\u00a0ou nos\u00a0chauffages de grande taille pour tentes.<\/p>\n<p>Caract\u00e9ristiques principales<br \/>\nPour chaudi\u00e8res \u00e0 fioul<br \/>\nCuves \u00e0 double paroi sp\u00e9cialement con\u00e7ues et homologu\u00e9es pour le transport de fioul, gasoil et tous produits compatibles avec le PEHD et ne d\u00e9passant pas une densit\u00e9 de 1,2 g\/cm\u00b2<br \/>\nGrand volume de stockage et empilables par deux une fois remplies<br \/>\nConstitu\u00e9es d&rsquo;une enveloppe en acier zingu\u00e9 double face avec une capacit\u00e9 de r\u00e9tention de 100%<br \/>\nSachet int\u00e9rieur en poly\u00e9thyl\u00e8ne haute densit\u00e9 (PEHD), extrud\u00e9 sans soudure et insensible \u00e0 la corrosion<br \/>\nRaccordement jusqu&rsquo;\u00e0 3 chaudi\u00e8res<br \/>\nAgr\u00e9ment europ\u00e9en UN\/ADR pour le transport de marchandises dangereuses &#8211; groupes d&#8217;emballage II et III<\/p>\n","protected":false},"featured_media":16285,"template":"","meta":[],"product_brand":[],"product_cat":[412,418],"product_tag":[],"class_list":{"0":"post-16280","1":"product","2":"type-product","3":"status-publish","4":"has-post-thumbnail","6":"product_cat-climatisation-deshumidificateur-dair-ventilateur-fr-ventilation","7":"product_cat-chauffages-radiateurs-gaz-electrique","9":"first","10":"instock","11":"sale","12":"shipping-taxable","13":"purchasable","14":"product-type-simple"},"yoast_head":"<!-- This site is optimized with the Yoast SEO plugin v27.1.1 - https:\/\/yoast.com\/product\/yoast-seo-wordpress\/ -->\n<title>R\u00e9servoirs d&#039;huile externes Master VET 1000 R\u00e9servoirs de carburant mobiles avec cuve de r\u00e9tention int\u00e9gr\u00e9e - GeoClimate.ge<\/title>\n<meta name=\"robots\" content=\"index, follow, max-snippet:-1, max-image-preview:large, max-video-preview:-1\" \/>\n<link rel=\"canonical\" href=\"https:\/\/geoclimate.ge\/fr\/produit\/master-vet-1000-external-oil-tanks-mobile-fuel-tanks-with-integrated-spill-containment-tank\/\" \/>\n<meta property=\"og:locale\" content=\"fr_FR\" \/>\n<meta property=\"og:type\" content=\"article\" \/>\n<meta property=\"og:title\" content=\"R\u00e9servoirs d&#039;huile externes Master VET 1000 R\u00e9servoirs de carburant mobiles avec cuve de r\u00e9tention int\u00e9gr\u00e9e - GeoClimate.ge\" \/>\n<meta property=\"og:description\" content=\"R\u00e9servoirs d&#039;huile externes Master VET 1000 Master VET 700  R\u00e9servoirs de carburant mobiles avec cuve de r\u00e9tention int\u00e9gr\u00e9e  Les VET sont des r\u00e9servoirs \u00e0 double paroi sp\u00e9cialement con\u00e7us et homologu\u00e9s pour le transport de fioul, de gasoil et de tous produits compatibles avec le PEHD et dont la densit\u00e9 ne d\u00e9passe pas 1,2 g\/cm\u00b2.  Les VET sont la solution id\u00e9ale pour alimenter des g\u00e9n\u00e9rateurs mobiles, en int\u00e9rieur comme en ext\u00e9rieur, ou des \u00e9quipements install\u00e9s de mani\u00e8re temporaire, avec un haut degr\u00e9 d&#039;autonomie.  D\u00e9couvrez tous nos\u00a0chauffages \u00e0 mazout directs\u00a0ou parcourez notre gamme compl\u00e8te de\u00a0chauffages industriels\u00a0qui conviennent \u00e0 de multiples applications et environnements. Vous pourriez \u00e9galement \u00eatre int\u00e9ress\u00e9 par les\u00a0chauffages \u00e0 mazout indirects portables, les\u00a0chauffages \u00e0 mazout infrarouges mobiles\u00a0ou nos\u00a0chauffages de grande taille pour tentes.  Caract\u00e9ristiques principales Pour chaudi\u00e8res \u00e0 fioul Cuves \u00e0 double paroi sp\u00e9cialement con\u00e7ues et homologu\u00e9es pour le transport de fioul, gasoil et tous produits compatibles avec le PEHD et ne d\u00e9passant pas une densit\u00e9 de 1,2 g\/cm\u00b2 Grand volume de stockage et empilables par deux une fois remplies Constitu\u00e9es d&#039;une enveloppe en acier zingu\u00e9 double face avec une capacit\u00e9 de r\u00e9tention de 100% Sachet int\u00e9rieur en poly\u00e9thyl\u00e8ne haute densit\u00e9 (PEHD), extrud\u00e9 sans soudure et insensible \u00e0 la corrosion Raccordement jusqu&#039;\u00e0 3 chaudi\u00e8res Agr\u00e9ment europ\u00e9en UN\/ADR pour le transport de marchandises dangereuses - groupes d&#039;emballage II et III\" \/>\n<meta property=\"og:url\" content=\"https:\/\/geoclimate.ge\/fr\/produit\/master-vet-1000-external-oil-tanks-mobile-fuel-tanks-with-integrated-spill-containment-tank\/\" \/>\n<meta property=\"og:site_name\" content=\"GeoClimate.ge\" \/>\n<meta property=\"article:modified_time\" content=\"2025-01-14T06:43:44+00:00\" \/>\n<meta property=\"og:image\" content=\"https:\/\/geoclimate.ge\/wp-content\/uploads\/2025\/01\/VET-700-1000-front.jpg\" \/>\n\t<meta property=\"og:image:width\" content=\"1000\" \/>\n\t<meta property=\"og:image:height\" content=\"1000\" \/>\n\t<meta property=\"og:image:type\" content=\"image\/jpeg\" \/>\n<meta name=\"twitter:card\" content=\"summary_large_image\" \/>\n<script type=\"application\/ld+json\" class=\"yoast-schema-graph\">{\"@context\":\"https:\/\/schema.org\",\"@graph\":[{\"@type\":\"WebPage\",\"@id\":\"https:\/\/geoclimate.ge\/fr\/produit\/master-vet-1000-external-oil-tanks-mobile-fuel-tanks-with-integrated-spill-containment-tank\/\",\"url\":\"https:\/\/geoclimate.ge\/fr\/produit\/master-vet-1000-external-oil-tanks-mobile-fuel-tanks-with-integrated-spill-containment-tank\/\",\"name\":\"R\u00e9servoirs d'huile externes Master VET 1000 R\u00e9servoirs de carburant mobiles avec cuve de r\u00e9tention int\u00e9gr\u00e9e - GeoClimate.ge\",\"isPartOf\":{\"@id\":\"https:\/\/geoclimate.ge\/#website\"},\"primaryImageOfPage\":{\"@id\":\"https:\/\/geoclimate.ge\/fr\/produit\/master-vet-1000-external-oil-tanks-mobile-fuel-tanks-with-integrated-spill-containment-tank\/#primaryimage\"},\"image\":{\"@id\":\"https:\/\/geoclimate.ge\/fr\/produit\/master-vet-1000-external-oil-tanks-mobile-fuel-tanks-with-integrated-spill-containment-tank\/#primaryimage\"},\"thumbnailUrl\":\"https:\/\/geoclimate.ge\/wp-content\/uploads\/2025\/01\/VET-700-1000-front.jpg\",\"datePublished\":\"2025-01-11T19:47:25+00:00\",\"dateModified\":\"2025-01-14T06:43:44+00:00\",\"breadcrumb\":{\"@id\":\"https:\/\/geoclimate.ge\/fr\/produit\/master-vet-1000-external-oil-tanks-mobile-fuel-tanks-with-integrated-spill-containment-tank\/#breadcrumb\"},\"inLanguage\":\"fr-FR\",\"potentialAction\":[{\"@type\":\"ReadAction\",\"target\":[\"https:\/\/geoclimate.ge\/fr\/produit\/master-vet-1000-external-oil-tanks-mobile-fuel-tanks-with-integrated-spill-containment-tank\/\"]}]},{\"@type\":\"ImageObject\",\"inLanguage\":\"fr-FR\",\"@id\":\"https:\/\/geoclimate.ge\/fr\/produit\/master-vet-1000-external-oil-tanks-mobile-fuel-tanks-with-integrated-spill-containment-tank\/#primaryimage\",\"url\":\"https:\/\/geoclimate.ge\/wp-content\/uploads\/2025\/01\/VET-700-1000-front.jpg\",\"contentUrl\":\"https:\/\/geoclimate.ge\/wp-content\/uploads\/2025\/01\/VET-700-1000-front.jpg\",\"width\":1000,\"height\":1000},{\"@type\":\"BreadcrumbList\",\"@id\":\"https:\/\/geoclimate.ge\/fr\/produit\/master-vet-1000-external-oil-tanks-mobile-fuel-tanks-with-integrated-spill-containment-tank\/#breadcrumb\",\"itemListElement\":[{\"@type\":\"ListItem\",\"position\":1,\"name\":\"Home\",\"item\":\"https:\/\/geoclimate.ge\/fr\/\"},{\"@type\":\"ListItem\",\"position\":2,\"name\":\"Products\",\"item\":\"https:\/\/geoclimate.ge\/fr\/products\/\"},{\"@type\":\"ListItem\",\"position\":3,\"name\":\"R\u00e9servoirs d&#8217;huile externes Master VET 1000 R\u00e9servoirs de carburant mobiles avec cuve de r\u00e9tention int\u00e9gr\u00e9e\"}]},{\"@type\":\"WebSite\",\"@id\":\"https:\/\/geoclimate.ge\/#website\",\"url\":\"https:\/\/geoclimate.ge\/\",\"name\":\"GeoClimate\",\"description\":\"\",\"publisher\":{\"@id\":\"https:\/\/geoclimate.ge\/#organization\"},\"potentialAction\":[{\"@type\":\"SearchAction\",\"target\":{\"@type\":\"EntryPoint\",\"urlTemplate\":\"https:\/\/geoclimate.ge\/?s={search_term_string}\"},\"query-input\":{\"@type\":\"PropertyValueSpecification\",\"valueRequired\":true,\"valueName\":\"search_term_string\"}}],\"inLanguage\":\"fr-FR\"},{\"@type\":\"Organization\",\"@id\":\"https:\/\/geoclimate.ge\/#organization\",\"name\":\"GeoClimate\",\"url\":\"https:\/\/geoclimate.ge\/\",\"logo\":{\"@type\":\"ImageObject\",\"inLanguage\":\"fr-FR\",\"@id\":\"https:\/\/geoclimate.ge\/#\/schema\/logo\/image\/\",\"url\":\"https:\/\/geoclimate.ge\/wp-content\/uploads\/2026\/03\/geoclimate-SEO.png\",\"contentUrl\":\"https:\/\/geoclimate.ge\/wp-content\/uploads\/2026\/03\/geoclimate-SEO.png\",\"width\":1536,\"height\":1024,\"caption\":\"GeoClimate\"},\"image\":{\"@id\":\"https:\/\/geoclimate.ge\/#\/schema\/logo\/image\/\"}}]}<\/script>\n<!-- \/ Yoast SEO plugin. -->","yoast_head_json":{"title":"R\u00e9servoirs d'huile externes Master VET 1000 R\u00e9servoirs de carburant mobiles avec cuve de r\u00e9tention int\u00e9gr\u00e9e - GeoClimate.ge","robots":{"index":"index","follow":"follow","max-snippet":"max-snippet:-1","max-image-preview":"max-image-preview:large","max-video-preview":"max-video-preview:-1"},"canonical":"https:\/\/geoclimate.ge\/fr\/produit\/master-vet-1000-external-oil-tanks-mobile-fuel-tanks-with-integrated-spill-containment-tank\/","og_locale":"fr_FR","og_type":"article","og_title":"R\u00e9servoirs d'huile externes Master VET 1000 R\u00e9servoirs de carburant mobiles avec cuve de r\u00e9tention int\u00e9gr\u00e9e - GeoClimate.ge","og_description":"R\u00e9servoirs d'huile externes Master VET 1000 Master VET 700  R\u00e9servoirs de carburant mobiles avec cuve de r\u00e9tention int\u00e9gr\u00e9e  Les VET sont des r\u00e9servoirs \u00e0 double paroi sp\u00e9cialement con\u00e7us et homologu\u00e9s pour le transport de fioul, de gasoil et de tous produits compatibles avec le PEHD et dont la densit\u00e9 ne d\u00e9passe pas 1,2 g\/cm\u00b2.  Les VET sont la solution id\u00e9ale pour alimenter des g\u00e9n\u00e9rateurs mobiles, en int\u00e9rieur comme en ext\u00e9rieur, ou des \u00e9quipements install\u00e9s de mani\u00e8re temporaire, avec un haut degr\u00e9 d'autonomie.  D\u00e9couvrez tous nos\u00a0chauffages \u00e0 mazout directs\u00a0ou parcourez notre gamme compl\u00e8te de\u00a0chauffages industriels\u00a0qui conviennent \u00e0 de multiples applications et environnements. Vous pourriez \u00e9galement \u00eatre int\u00e9ress\u00e9 par les\u00a0chauffages \u00e0 mazout indirects portables, les\u00a0chauffages \u00e0 mazout infrarouges mobiles\u00a0ou nos\u00a0chauffages de grande taille pour tentes.  Caract\u00e9ristiques principales Pour chaudi\u00e8res \u00e0 fioul Cuves \u00e0 double paroi sp\u00e9cialement con\u00e7ues et homologu\u00e9es pour le transport de fioul, gasoil et tous produits compatibles avec le PEHD et ne d\u00e9passant pas une densit\u00e9 de 1,2 g\/cm\u00b2 Grand volume de stockage et empilables par deux une fois remplies Constitu\u00e9es d'une enveloppe en acier zingu\u00e9 double face avec une capacit\u00e9 de r\u00e9tention de 100% Sachet int\u00e9rieur en poly\u00e9thyl\u00e8ne haute densit\u00e9 (PEHD), extrud\u00e9 sans soudure et insensible \u00e0 la corrosion Raccordement jusqu'\u00e0 3 chaudi\u00e8res Agr\u00e9ment europ\u00e9en UN\/ADR pour le transport de marchandises dangereuses - groupes d'emballage II et III","og_url":"https:\/\/geoclimate.ge\/fr\/produit\/master-vet-1000-external-oil-tanks-mobile-fuel-tanks-with-integrated-spill-containment-tank\/","og_site_name":"GeoClimate.ge","article_modified_time":"2025-01-14T06:43:44+00:00","og_image":[{"width":1000,"height":1000,"url":"https:\/\/geoclimate.ge\/wp-content\/uploads\/2025\/01\/VET-700-1000-front.jpg","type":"image\/jpeg"}],"twitter_card":"summary_large_image","schema":{"@context":"https:\/\/schema.org","@graph":[{"@type":"WebPage","@id":"https:\/\/geoclimate.ge\/fr\/produit\/master-vet-1000-external-oil-tanks-mobile-fuel-tanks-with-integrated-spill-containment-tank\/","url":"https:\/\/geoclimate.ge\/fr\/produit\/master-vet-1000-external-oil-tanks-mobile-fuel-tanks-with-integrated-spill-containment-tank\/","name":"R\u00e9servoirs d'huile externes Master VET 1000 R\u00e9servoirs de carburant mobiles avec cuve de r\u00e9tention int\u00e9gr\u00e9e - GeoClimate.ge","isPartOf":{"@id":"https:\/\/geoclimate.ge\/#website"},"primaryImageOfPage":{"@id":"https:\/\/geoclimate.ge\/fr\/produit\/master-vet-1000-external-oil-tanks-mobile-fuel-tanks-with-integrated-spill-containment-tank\/#primaryimage"},"image":{"@id":"https:\/\/geoclimate.ge\/fr\/produit\/master-vet-1000-external-oil-tanks-mobile-fuel-tanks-with-integrated-spill-containment-tank\/#primaryimage"},"thumbnailUrl":"https:\/\/geoclimate.ge\/wp-content\/uploads\/2025\/01\/VET-700-1000-front.jpg","datePublished":"2025-01-11T19:47:25+00:00","dateModified":"2025-01-14T06:43:44+00:00","breadcrumb":{"@id":"https:\/\/geoclimate.ge\/fr\/produit\/master-vet-1000-external-oil-tanks-mobile-fuel-tanks-with-integrated-spill-containment-tank\/#breadcrumb"},"inLanguage":"fr-FR","potentialAction":[{"@type":"ReadAction","target":["https:\/\/geoclimate.ge\/fr\/produit\/master-vet-1000-external-oil-tanks-mobile-fuel-tanks-with-integrated-spill-containment-tank\/"]}]},{"@type":"ImageObject","inLanguage":"fr-FR","@id":"https:\/\/geoclimate.ge\/fr\/produit\/master-vet-1000-external-oil-tanks-mobile-fuel-tanks-with-integrated-spill-containment-tank\/#primaryimage","url":"https:\/\/geoclimate.ge\/wp-content\/uploads\/2025\/01\/VET-700-1000-front.jpg","contentUrl":"https:\/\/geoclimate.ge\/wp-content\/uploads\/2025\/01\/VET-700-1000-front.jpg","width":1000,"height":1000},{"@type":"BreadcrumbList","@id":"https:\/\/geoclimate.ge\/fr\/produit\/master-vet-1000-external-oil-tanks-mobile-fuel-tanks-with-integrated-spill-containment-tank\/#breadcrumb","itemListElement":[{"@type":"ListItem","position":1,"name":"Home","item":"https:\/\/geoclimate.ge\/fr\/"},{"@type":"ListItem","position":2,"name":"Products","item":"https:\/\/geoclimate.ge\/fr\/products\/"},{"@type":"ListItem","position":3,"name":"R\u00e9servoirs d&#8217;huile externes Master VET 1000 R\u00e9servoirs de carburant mobiles avec cuve de r\u00e9tention int\u00e9gr\u00e9e"}]},{"@type":"WebSite","@id":"https:\/\/geoclimate.ge\/#website","url":"https:\/\/geoclimate.ge\/","name":"GeoClimate","description":"","publisher":{"@id":"https:\/\/geoclimate.ge\/#organization"},"potentialAction":[{"@type":"SearchAction","target":{"@type":"EntryPoint","urlTemplate":"https:\/\/geoclimate.ge\/?s={search_term_string}"},"query-input":{"@type":"PropertyValueSpecification","valueRequired":true,"valueName":"search_term_string"}}],"inLanguage":"fr-FR"},{"@type":"Organization","@id":"https:\/\/geoclimate.ge\/#organization","name":"GeoClimate","url":"https:\/\/geoclimate.ge\/","logo":{"@type":"ImageObject","inLanguage":"fr-FR","@id":"https:\/\/geoclimate.ge\/#\/schema\/logo\/image\/","url":"https:\/\/geoclimate.ge\/wp-content\/uploads\/2026\/03\/geoclimate-SEO.png","contentUrl":"https:\/\/geoclimate.ge\/wp-content\/uploads\/2026\/03\/geoclimate-SEO.png","width":1536,"height":1024,"caption":"GeoClimate"},"image":{"@id":"https:\/\/geoclimate.ge\/#\/schema\/logo\/image\/"}}]}},"_links":{"self":[{"href":"https:\/\/geoclimate.ge\/fr\/wp-json\/wp\/v2\/product\/16280","targetHints":{"allow":["GET"]}}],"collection":[{"href":"https:\/\/geoclimate.ge\/fr\/wp-json\/wp\/v2\/product"}],"about":[{"href":"https:\/\/geoclimate.ge\/fr\/wp-json\/wp\/v2\/types\/product"}],"wp:featuredmedia":[{"embeddable":true,"href":"https:\/\/geoclimate.ge\/fr\/wp-json\/wp\/v2\/media\/16285"}],"wp:attachment":[{"href":"https:\/\/geoclimate.ge\/fr\/wp-json\/wp\/v2\/media?parent=16280"}],"wp:term":[{"taxonomy":"product_brand","embeddable":true,"href":"https:\/\/geoclimate.ge\/fr\/wp-json\/wp\/v2\/product_brand?post=16280"},{"taxonomy":"product_cat","embeddable":true,"href":"https:\/\/geoclimate.ge\/fr\/wp-json\/wp\/v2\/product_cat?post=16280"},{"taxonomy":"product_tag","embeddable":true,"href":"https:\/\/geoclimate.ge\/fr\/wp-json\/wp\/v2\/product_tag?post=16280"}],"curies":[{"name":"wp","href":"https:\/\/api.w.org\/{rel}","templated":true}]}}