{"id":16378,"date":"2025-01-14T21:34:36","date_gmt":"2025-01-14T17:34:36","guid":{"rendered":"https:\/\/airsystems.ge\/shop\/product\/wallscanner-bi20\/"},"modified":"2025-01-14T21:38:43","modified_gmt":"2025-01-14T17:38:43","slug":"wallscanner-bi20","status":"publish","type":"product","link":"https:\/\/geoclimate.ge\/fr\/produit\/wallscanner-bi20\/","title":{"rendered":"883 \/ 5,000 Scanner mural BI20"},"content":{"rendered":"<p>Scanner mural BI20<br \/>\nAppareil de localisation indispensable pour le per\u00e7age et l&rsquo;aide \u00e0 l&rsquo;orientation<\/p>\n<p>D\u00e9tection simple de c\u00e2bles sous tension (CA), de bois ou de m\u00e9tal dans les murs et les sols<br \/>\nLe scanner mural BI20 est indispensable aussi bien pour les professionnels que pour les bricoleurs ambitieux : l&rsquo;appareil de mesure localise de mani\u00e8re fiable non seulement les m\u00e9taux ferreux et non ferreux et les c\u00e2bles sous tension, mais aussi les sous-structures en bois situ\u00e9es sous le pl\u00e2tre ou le b\u00e9ton. Ces \u00e9l\u00e9ments cach\u00e9s, qui sont des facteurs d&rsquo;interf\u00e9rence potentiels pour tous les travaux sur les murs et les sols, sont d\u00e9tect\u00e9s par l&rsquo;appareil jusqu&rsquo;\u00e0 une profondeur de 50 mm.<\/p>\n<p>De plus, le BI20 dispose d&rsquo;une fonction d&rsquo;avertissement audiovisuel, qui sert \u00e0 signaler la d\u00e9tection de c\u00e2bles sous tension. L&rsquo;appareil, qui est facile \u00e0 utiliser, est \u00e9quip\u00e9 d&rsquo;une fonction d&rsquo;arr\u00eat automatique permettant d&rsquo;\u00e9conomiser l&rsquo;\u00e9nergie de la batterie et impressionne en outre par un excellent rapport qualit\u00e9-prix.<\/p>\n<h2><a href=\"https:\/\/uk.trotec.com\/fileadmin\/downloads\/Ortung_und_Detektion\/BI20\/TRT-CE-BI20-HS-001-EN.pdf\" target=\"_blank\" rel=\"noopener\">Declaration of conformity for locating device BI20 (INT)<\/a><\/h2>\n<h2><a href=\"https:\/\/uk.trotec.com\/fileadmin\/downloads\/Ortung_und_Detektion\/BI20\/TRT-BA-BI20-TC-004-EN.pdf\" target=\"_blank\" rel=\"noopener\">Operating manual for locating device BI20 (EN)<\/a><\/h2>\n","protected":false},"excerpt":{"rendered":"<p>Scanner mural BI20 Appareil de localisation indispensable pour le per\u00e7age et l&rsquo;aide \u00e0 l&rsquo;orientation D\u00e9tection simple de c\u00e2bles sous tension<\/p>\n","protected":false},"featured_media":16359,"template":"","meta":[],"product_brand":[],"product_cat":[1165,412,421,435],"product_tag":[],"class_list":{"0":"post-16378","1":"product","2":"type-product","3":"status-publish","4":"has-post-thumbnail","6":"product_cat-technologie-de-mesure","7":"product_cat-climatisation-deshumidificateur-dair-ventilateur-fr-ventilation","8":"product_cat-mesure-outils-instruments-appareils","9":"product_cat-localisation-et-detection","11":"first","12":"instock","13":"sale","14":"shipping-taxable","15":"purchasable","16":"product-type-simple"},"yoast_head":"<!-- This site is optimized with the Yoast SEO plugin v27.1.1 - https:\/\/yoast.com\/product\/yoast-seo-wordpress\/ -->\n<title>883 \/ 5,000 Scanner mural BI20 - GeoClimate.ge<\/title>\n<meta name=\"robots\" content=\"index, follow, max-snippet:-1, max-image-preview:large, max-video-preview:-1\" \/>\n<link rel=\"canonical\" href=\"https:\/\/geoclimate.ge\/fr\/produit\/wallscanner-bi20\/\" \/>\n<meta property=\"og:locale\" content=\"fr_FR\" \/>\n<meta property=\"og:type\" content=\"article\" \/>\n<meta property=\"og:title\" content=\"883 \/ 5,000 Scanner mural BI20 - GeoClimate.ge\" \/>\n<meta property=\"og:description\" content=\"Scanner mural BI20 Appareil de localisation indispensable pour le per\u00e7age et l&rsquo;aide \u00e0 l&rsquo;orientation D\u00e9tection simple de c\u00e2bles sous tension\" \/>\n<meta property=\"og:url\" content=\"https:\/\/geoclimate.ge\/fr\/produit\/wallscanner-bi20\/\" \/>\n<meta property=\"og:site_name\" content=\"GeoClimate.ge\" \/>\n<meta property=\"article:modified_time\" content=\"2025-01-14T17:38:43+00:00\" \/>\n<meta property=\"og:image\" content=\"https:\/\/geoclimate.ge\/wp-content\/uploads\/2025\/01\/bi20-b25c.jpg\" \/>\n\t<meta property=\"og:image:width\" content=\"600\" \/>\n\t<meta property=\"og:image:height\" content=\"600\" \/>\n\t<meta property=\"og:image:type\" content=\"image\/jpeg\" \/>\n<meta name=\"twitter:card\" content=\"summary_large_image\" \/>\n<meta name=\"twitter:label1\" content=\"Dur\u00e9e de lecture estim\u00e9e\" \/>\n\t<meta name=\"twitter:data1\" content=\"1 minute\" \/>\n<script type=\"application\/ld+json\" class=\"yoast-schema-graph\">{\"@context\":\"https:\/\/schema.org\",\"@graph\":[{\"@type\":\"WebPage\",\"@id\":\"https:\/\/geoclimate.ge\/fr\/produit\/wallscanner-bi20\/\",\"url\":\"https:\/\/geoclimate.ge\/fr\/produit\/wallscanner-bi20\/\",\"name\":\"883 \/ 5,000 Scanner mural BI20 - GeoClimate.ge\",\"isPartOf\":{\"@id\":\"https:\/\/geoclimate.ge\/#website\"},\"primaryImageOfPage\":{\"@id\":\"https:\/\/geoclimate.ge\/fr\/produit\/wallscanner-bi20\/#primaryimage\"},\"image\":{\"@id\":\"https:\/\/geoclimate.ge\/fr\/produit\/wallscanner-bi20\/#primaryimage\"},\"thumbnailUrl\":\"https:\/\/geoclimate.ge\/wp-content\/uploads\/2025\/01\/bi20-b25c.jpg\",\"datePublished\":\"2025-01-14T17:34:36+00:00\",\"dateModified\":\"2025-01-14T17:38:43+00:00\",\"breadcrumb\":{\"@id\":\"https:\/\/geoclimate.ge\/fr\/produit\/wallscanner-bi20\/#breadcrumb\"},\"inLanguage\":\"fr-FR\",\"potentialAction\":[{\"@type\":\"ReadAction\",\"target\":[\"https:\/\/geoclimate.ge\/fr\/produit\/wallscanner-bi20\/\"]}]},{\"@type\":\"ImageObject\",\"inLanguage\":\"fr-FR\",\"@id\":\"https:\/\/geoclimate.ge\/fr\/produit\/wallscanner-bi20\/#primaryimage\",\"url\":\"https:\/\/geoclimate.ge\/wp-content\/uploads\/2025\/01\/bi20-b25c.jpg\",\"contentUrl\":\"https:\/\/geoclimate.ge\/wp-content\/uploads\/2025\/01\/bi20-b25c.jpg\",\"width\":600,\"height\":600},{\"@type\":\"BreadcrumbList\",\"@id\":\"https:\/\/geoclimate.ge\/fr\/produit\/wallscanner-bi20\/#breadcrumb\",\"itemListElement\":[{\"@type\":\"ListItem\",\"position\":1,\"name\":\"Home\",\"item\":\"https:\/\/geoclimate.ge\/fr\/\"},{\"@type\":\"ListItem\",\"position\":2,\"name\":\"Products\",\"item\":\"https:\/\/geoclimate.ge\/fr\/products\/\"},{\"@type\":\"ListItem\",\"position\":3,\"name\":\"883 \/ 5,000 Scanner mural BI20\"}]},{\"@type\":\"WebSite\",\"@id\":\"https:\/\/geoclimate.ge\/#website\",\"url\":\"https:\/\/geoclimate.ge\/\",\"name\":\"GeoClimate\",\"description\":\"\",\"publisher\":{\"@id\":\"https:\/\/geoclimate.ge\/#organization\"},\"potentialAction\":[{\"@type\":\"SearchAction\",\"target\":{\"@type\":\"EntryPoint\",\"urlTemplate\":\"https:\/\/geoclimate.ge\/?s={search_term_string}\"},\"query-input\":{\"@type\":\"PropertyValueSpecification\",\"valueRequired\":true,\"valueName\":\"search_term_string\"}}],\"inLanguage\":\"fr-FR\"},{\"@type\":\"Organization\",\"@id\":\"https:\/\/geoclimate.ge\/#organization\",\"name\":\"GeoClimate\",\"url\":\"https:\/\/geoclimate.ge\/\",\"logo\":{\"@type\":\"ImageObject\",\"inLanguage\":\"fr-FR\",\"@id\":\"https:\/\/geoclimate.ge\/#\/schema\/logo\/image\/\",\"url\":\"https:\/\/geoclimate.ge\/wp-content\/uploads\/2026\/03\/geoclimate-SEO.png\",\"contentUrl\":\"https:\/\/geoclimate.ge\/wp-content\/uploads\/2026\/03\/geoclimate-SEO.png\",\"width\":1536,\"height\":1024,\"caption\":\"GeoClimate\"},\"image\":{\"@id\":\"https:\/\/geoclimate.ge\/#\/schema\/logo\/image\/\"}}]}<\/script>\n<!-- \/ Yoast SEO plugin. -->","yoast_head_json":{"title":"883 \/ 5,000 Scanner mural BI20 - GeoClimate.ge","robots":{"index":"index","follow":"follow","max-snippet":"max-snippet:-1","max-image-preview":"max-image-preview:large","max-video-preview":"max-video-preview:-1"},"canonical":"https:\/\/geoclimate.ge\/fr\/produit\/wallscanner-bi20\/","og_locale":"fr_FR","og_type":"article","og_title":"883 \/ 5,000 Scanner mural BI20 - GeoClimate.ge","og_description":"Scanner mural BI20 Appareil de localisation indispensable pour le per\u00e7age et l&rsquo;aide \u00e0 l&rsquo;orientation D\u00e9tection simple de c\u00e2bles sous tension","og_url":"https:\/\/geoclimate.ge\/fr\/produit\/wallscanner-bi20\/","og_site_name":"GeoClimate.ge","article_modified_time":"2025-01-14T17:38:43+00:00","og_image":[{"width":600,"height":600,"url":"https:\/\/geoclimate.ge\/wp-content\/uploads\/2025\/01\/bi20-b25c.jpg","type":"image\/jpeg"}],"twitter_card":"summary_large_image","twitter_misc":{"Dur\u00e9e de lecture estim\u00e9e":"1 minute"},"schema":{"@context":"https:\/\/schema.org","@graph":[{"@type":"WebPage","@id":"https:\/\/geoclimate.ge\/fr\/produit\/wallscanner-bi20\/","url":"https:\/\/geoclimate.ge\/fr\/produit\/wallscanner-bi20\/","name":"883 \/ 5,000 Scanner mural BI20 - GeoClimate.ge","isPartOf":{"@id":"https:\/\/geoclimate.ge\/#website"},"primaryImageOfPage":{"@id":"https:\/\/geoclimate.ge\/fr\/produit\/wallscanner-bi20\/#primaryimage"},"image":{"@id":"https:\/\/geoclimate.ge\/fr\/produit\/wallscanner-bi20\/#primaryimage"},"thumbnailUrl":"https:\/\/geoclimate.ge\/wp-content\/uploads\/2025\/01\/bi20-b25c.jpg","datePublished":"2025-01-14T17:34:36+00:00","dateModified":"2025-01-14T17:38:43+00:00","breadcrumb":{"@id":"https:\/\/geoclimate.ge\/fr\/produit\/wallscanner-bi20\/#breadcrumb"},"inLanguage":"fr-FR","potentialAction":[{"@type":"ReadAction","target":["https:\/\/geoclimate.ge\/fr\/produit\/wallscanner-bi20\/"]}]},{"@type":"ImageObject","inLanguage":"fr-FR","@id":"https:\/\/geoclimate.ge\/fr\/produit\/wallscanner-bi20\/#primaryimage","url":"https:\/\/geoclimate.ge\/wp-content\/uploads\/2025\/01\/bi20-b25c.jpg","contentUrl":"https:\/\/geoclimate.ge\/wp-content\/uploads\/2025\/01\/bi20-b25c.jpg","width":600,"height":600},{"@type":"BreadcrumbList","@id":"https:\/\/geoclimate.ge\/fr\/produit\/wallscanner-bi20\/#breadcrumb","itemListElement":[{"@type":"ListItem","position":1,"name":"Home","item":"https:\/\/geoclimate.ge\/fr\/"},{"@type":"ListItem","position":2,"name":"Products","item":"https:\/\/geoclimate.ge\/fr\/products\/"},{"@type":"ListItem","position":3,"name":"883 \/ 5,000 Scanner mural BI20"}]},{"@type":"WebSite","@id":"https:\/\/geoclimate.ge\/#website","url":"https:\/\/geoclimate.ge\/","name":"GeoClimate","description":"","publisher":{"@id":"https:\/\/geoclimate.ge\/#organization"},"potentialAction":[{"@type":"SearchAction","target":{"@type":"EntryPoint","urlTemplate":"https:\/\/geoclimate.ge\/?s={search_term_string}"},"query-input":{"@type":"PropertyValueSpecification","valueRequired":true,"valueName":"search_term_string"}}],"inLanguage":"fr-FR"},{"@type":"Organization","@id":"https:\/\/geoclimate.ge\/#organization","name":"GeoClimate","url":"https:\/\/geoclimate.ge\/","logo":{"@type":"ImageObject","inLanguage":"fr-FR","@id":"https:\/\/geoclimate.ge\/#\/schema\/logo\/image\/","url":"https:\/\/geoclimate.ge\/wp-content\/uploads\/2026\/03\/geoclimate-SEO.png","contentUrl":"https:\/\/geoclimate.ge\/wp-content\/uploads\/2026\/03\/geoclimate-SEO.png","width":1536,"height":1024,"caption":"GeoClimate"},"image":{"@id":"https:\/\/geoclimate.ge\/#\/schema\/logo\/image\/"}}]}},"_links":{"self":[{"href":"https:\/\/geoclimate.ge\/fr\/wp-json\/wp\/v2\/product\/16378","targetHints":{"allow":["GET"]}}],"collection":[{"href":"https:\/\/geoclimate.ge\/fr\/wp-json\/wp\/v2\/product"}],"about":[{"href":"https:\/\/geoclimate.ge\/fr\/wp-json\/wp\/v2\/types\/product"}],"wp:featuredmedia":[{"embeddable":true,"href":"https:\/\/geoclimate.ge\/fr\/wp-json\/wp\/v2\/media\/16359"}],"wp:attachment":[{"href":"https:\/\/geoclimate.ge\/fr\/wp-json\/wp\/v2\/media?parent=16378"}],"wp:term":[{"taxonomy":"product_brand","embeddable":true,"href":"https:\/\/geoclimate.ge\/fr\/wp-json\/wp\/v2\/product_brand?post=16378"},{"taxonomy":"product_cat","embeddable":true,"href":"https:\/\/geoclimate.ge\/fr\/wp-json\/wp\/v2\/product_cat?post=16378"},{"taxonomy":"product_tag","embeddable":true,"href":"https:\/\/geoclimate.ge\/fr\/wp-json\/wp\/v2\/product_tag?post=16378"}],"curies":[{"name":"wp","href":"https:\/\/api.w.org\/{rel}","templated":true}]}}