{"id":16415,"date":"2025-01-14T21:44:30","date_gmt":"2025-01-14T17:44:30","guid":{"rendered":"https:\/\/airsystems.ge\/shop\/product\/16382\/"},"modified":"2025-01-14T21:48:42","modified_gmt":"2025-01-14T17:48:42","slug":"16382","status":"publish","type":"product","link":"https:\/\/geoclimate.ge\/fr\/produit\/16382\/","title":{"rendered":"An\u00e9mom\u00e8tre \u00e0 h\u00e9lice BA16 Mesure rapide de la vitesse du vent, de l&rsquo;air ou des gaz"},"content":{"rendered":"<table id=\"t065e288a066fd0\" class=\"tech\" cellspacing=\"0\" cellpadding=\"0\">\n<thead>\n<tr class=\"titlerow\">\n<th class=\"color titlerow-dropdown rotate-225deg\" colspan=\"3\">Technical data<\/th>\n<\/tr>\n<\/thead>\n<tbody>\n<tr class=\"headerrow\">\n<th colspan=\"3\">General information<\/th>\n<\/tr>\n<tr class=\"odd\">\n<th width=\"30%\">Article number<\/th>\n<td width=\"40%\">3.510.205.043<\/td>\n<\/tr>\n<tr class=\"headerrow\">\n<th colspan=\"3\">Air flow rate [m\/s]<\/th>\n<\/tr>\n<tr class=\"odd\">\n<th width=\"30%\">Min. measuring range | Air flow rate [m\/s]<\/th>\n<td width=\"40%\">1<\/td>\n<\/tr>\n<tr class=\"even\">\n<th width=\"30%\">Max. measuring range | Air flow rate [m\/s]<\/th>\n<td width=\"40%\">30<\/td>\n<\/tr>\n<tr class=\"odd\">\n<th width=\"30%\">Accuracy | Air flow rate [%]<\/th>\n<td width=\"40%\">3<\/td>\n<\/tr>\n<tr class=\"even\">\n<th width=\"30%\">Accuracy \u00b1 | Air flow rate [m\/s]<\/th>\n<td width=\"40%\">0.2<\/td>\n<\/tr>\n<tr class=\"odd\">\n<th width=\"30%\">Resolution | Air flow rate [m\/s]<\/th>\n<td width=\"40%\">0.01<\/td>\n<\/tr>\n<tr class=\"even\">\n<th width=\"30%\">Measuring principle | Air flow rate<\/th>\n<td width=\"40%\">Vane<\/td>\n<\/tr>\n<tr class=\"headerrow\">\n<th colspan=\"3\">Air flow rate [mph]<\/th>\n<\/tr>\n<tr class=\"odd\">\n<th width=\"30%\">Min. measuring range | Air flow rate [mph]<\/th>\n<td width=\"40%\">2.2<\/td>\n<\/tr>\n<tr class=\"even\">\n<th width=\"30%\">Max. measuring range | Air flow rate [mph]<\/th>\n<td width=\"40%\">67<\/td>\n<\/tr>\n<tr class=\"odd\">\n<th width=\"30%\">Accuracy | Air flow rate [%]<\/th>\n<td width=\"40%\">3<\/td>\n<\/tr>\n<tr class=\"even\">\n<th width=\"30%\">Accuracy \u00b1 | Air flow rate [mph]<\/th>\n<td width=\"40%\">0.4<\/td>\n<\/tr>\n<tr class=\"odd\">\n<th width=\"30%\">Resolution | Air flow rate [mph]<\/th>\n<td width=\"40%\">0.1<\/td>\n<\/tr>\n<tr class=\"headerrow\">\n<th colspan=\"3\">Air flow rate [km\/h]<\/th>\n<\/tr>\n<tr class=\"odd\">\n<th width=\"30%\">Min. measuring range | Air flow rate [km\/h]<\/th>\n<td width=\"40%\">3.6<\/td>\n<\/tr>\n<tr class=\"even\">\n<th width=\"30%\">Max. measuring range | Air flow rate [km\/h]<\/th>\n<td width=\"40%\">108<\/td>\n<\/tr>\n<tr class=\"odd\">\n<th width=\"30%\">Accuracy | Air flow rate [%]<\/th>\n<td width=\"40%\">3<\/td>\n<\/tr>\n<tr class=\"even\">\n<th width=\"30%\">Accuracy \u00b1 | Air flow rate [km\/h]<\/th>\n<td width=\"40%\">0.8<\/td>\n<\/tr>\n<tr class=\"odd\">\n<th width=\"30%\">Resolution | Air flow rate [km\/h]<\/th>\n<td width=\"40%\">0.1<\/td>\n<\/tr>\n<tr class=\"headerrow\">\n<th colspan=\"3\">Air flow rate [kn]<\/th>\n<\/tr>\n<tr class=\"odd\">\n<th width=\"30%\">Min. measuring range | Air flow rate [kn]<\/th>\n<td width=\"40%\">1.9<\/td>\n<\/tr>\n<tr class=\"even\">\n<th width=\"30%\">Max. measuring range | Air flow rate [kn]<\/th>\n<td width=\"40%\">58<\/td>\n<\/tr>\n<tr class=\"odd\">\n<th width=\"30%\">Accuracy | Air flow rate [%]<\/th>\n<td width=\"40%\">3<\/td>\n<\/tr>\n<tr class=\"even\">\n<th width=\"30%\">Accuracy \u00b1 | Air flow rate [kn]<\/th>\n<td width=\"40%\">0.4<\/td>\n<\/tr>\n<tr class=\"odd\">\n<th width=\"30%\">Resolution | Air flow rate [kn]<\/th>\n<td width=\"40%\">0.1<\/td>\n<\/tr>\n<tr class=\"headerrow\">\n<th colspan=\"3\">Air flow rate [ft\/min]<\/th>\n<\/tr>\n<tr class=\"odd\">\n<th width=\"30%\">Min. measuring range | Air flow rate [ft\/min]<\/th>\n<td width=\"40%\">196<\/td>\n<\/tr>\n<tr class=\"even\">\n<th width=\"30%\">Max. measuring range | Air flow rate [ft\/min]<\/th>\n<td width=\"40%\">5,900<\/td>\n<\/tr>\n<tr class=\"odd\">\n<th width=\"30%\">Accuracy | Air flow rate [%]<\/th>\n<td width=\"40%\">3<\/td>\n<\/tr>\n<tr class=\"even\">\n<th width=\"30%\">Accuracy \u00b1 | Air flow rate [ft\/min]<\/th>\n<td width=\"40%\">40<\/td>\n<\/tr>\n<tr class=\"odd\">\n<th width=\"30%\">Resolution | Air flow rate [ft\/min]<\/th>\n<td width=\"40%\">1<\/td>\n<\/tr>\n<tr class=\"headerrow\">\n<th colspan=\"3\">Air volume flow [m\u00b3\/min]<\/th>\n<\/tr>\n<tr class=\"odd\">\n<th width=\"30%\">Min. measuring range | Air volume flow [m\u00b3\/min]<\/th>\n<td width=\"40%\">0<\/td>\n<\/tr>\n<tr class=\"even\">\n<th width=\"30%\">Max. measuring range | Air volume flow [m\u00b3\/min]<\/th>\n<td width=\"40%\">999.9<\/td>\n<\/tr>\n<tr class=\"headerrow\">\n<th colspan=\"3\">Air temperature [\u00b0C]<\/th>\n<\/tr>\n<tr class=\"odd\">\n<th width=\"30%\">Min. measuring range | Air temperature [\u00b0C]<\/th>\n<td width=\"40%\">-10<\/td>\n<\/tr>\n<tr class=\"even\">\n<th width=\"30%\">Max. measuring range | Air temperature [\u00b0C]<\/th>\n<td width=\"40%\">60<\/td>\n<\/tr>\n<tr class=\"odd\">\n<th width=\"30%\">Accuracy \u00b1 | Air temperature [\u00b0C]<\/th>\n<td width=\"40%\">1.5<\/td>\n<\/tr>\n<tr class=\"even\">\n<th width=\"30%\">Accuracy \u2013 temperature<\/th>\n<td width=\"40%\">\u00b11.5 \u00b0C \/ \u00b13 \u00b0F<\/td>\n<\/tr>\n<tr class=\"odd\">\n<th width=\"30%\">Resolution [\u00b0C]<\/th>\n<td width=\"40%\">0.1<\/td>\n<\/tr>\n<tr class=\"headerrow\">\n<th colspan=\"3\">Air temperature [\u00b0F]<\/th>\n<\/tr>\n<tr class=\"odd\">\n<th width=\"30%\">Min. measuring range | Air temperature [\u00b0F]<\/th>\n<td width=\"40%\">14<\/td>\n<\/tr>\n<tr class=\"even\">\n<th width=\"30%\">Max. measuring range | Air temperature [\u00b0F]<\/th>\n<td width=\"40%\">140<\/td>\n<\/tr>\n<tr class=\"odd\">\n<th width=\"30%\">Accuracy \u00b1 | Air temperature [\u00b0F]<\/th>\n<td width=\"40%\">3<\/td>\n<\/tr>\n<tr class=\"even\">\n<th width=\"30%\">Resolution [\u00b0F]<\/th>\n<td width=\"40%\">0.1<\/td>\n<\/tr>\n<tr class=\"headerrow\">\n<th colspan=\"3\">Display<\/th>\n<\/tr>\n<tr class=\"odd\">\n<th width=\"30%\">LCD<\/th>\n<td width=\"40%\"><\/td>\n<\/tr>\n<tr class=\"headerrow\">\n<th colspan=\"3\">Interfaces<\/th>\n<\/tr>\n<tr class=\"odd\">\n<th width=\"30%\">USB<\/th>\n<td width=\"40%\"><\/td>\n<\/tr>\n<tr class=\"headerrow\">\n<th colspan=\"3\">Housing design<\/th>\n<\/tr>\n<tr class=\"odd\">\n<th width=\"30%\">Plastics<\/th>\n<td width=\"40%\"><\/td>\n<\/tr>\n<tr class=\"headerrow\">\n<th colspan=\"3\">Power supply<\/th>\n<\/tr>\n<tr class=\"odd\">\n<th width=\"30%\">Internal (battery)<\/th>\n<td width=\"40%\"><\/td>\n<\/tr>\n<tr class=\"even\">\n<th width=\"30%\">External (USB)<\/th>\n<td width=\"40%\"><\/td>\n<\/tr>\n<tr class=\"odd\">\n<th width=\"30%\">Battery type<\/th>\n<td width=\"40%\">1 x 9 V battery<\/td>\n<\/tr>\n<tr class=\"headerrow\">\n<th colspan=\"3\">Ambient conditions<\/th>\n<\/tr>\n<tr class=\"odd\">\n<th width=\"30%\">Operation &#8211; min. temperature [\u00b0C]<\/th>\n<td width=\"40%\">0<\/td>\n<\/tr>\n<tr class=\"even\">\n<th width=\"30%\">Operation &#8211; max. temperature [\u00b0C]<\/th>\n<td width=\"40%\">50<\/td>\n<\/tr>\n<tr class=\"headerrow\">\n<th colspan=\"3\">Dimensions<\/th>\n<\/tr>\n<tr class=\"odd\">\n<th width=\"30%\">Length (packaging excluded) [mm]<\/th>\n<td width=\"40%\">165<\/td>\n<\/tr>\n<tr class=\"even\">\n<th width=\"30%\">Width (packaging excluded) [mm]<\/th>\n<td width=\"40%\">32<\/td>\n<\/tr>\n<tr class=\"odd\">\n<th width=\"30%\">Height (packaging excluded) [mm]<\/th>\n<td width=\"40%\">54<\/td>\n<\/tr>\n<tr class=\"headerrow\">\n<th colspan=\"3\">Weight<\/th>\n<\/tr>\n<tr class=\"odd\">\n<th width=\"30%\">(packaging excluded) [kg]<\/th>\n<td width=\"40%\">0.27<\/td>\n<\/tr>\n<\/tbody>\n<\/table>\n<table id=\"t165e288a066fd0\" class=\"tech\" cellspacing=\"0\" cellpadding=\"0\">\n<thead>\n<tr class=\"titlerow\">\n<th class=\"color titlerow-dropdown rotate-225deg\" colspan=\"3\">Standard scope of delivery<\/th>\n<\/tr>\n<\/thead>\n<tbody>\n<tr class=\"headerrow\">\n<th colspan=\"3\">Standard scope of delivery<\/th>\n<\/tr>\n<tr class=\"odd\">\n<th width=\"30%\">Measuring device<\/th>\n<td width=\"40%\"><\/td>\n<\/tr>\n<tr class=\"even\">\n<th width=\"30%\">Storage case<\/th>\n<td width=\"40%\"><\/td>\n<\/tr>\n<tr class=\"odd\">\n<th width=\"30%\">Operating manual<\/th>\n<td width=\"40%\"><\/td>\n<\/tr>\n<tr class=\"even\">\n<th width=\"30%\">Telescopic probe<\/th>\n<td width=\"40%\"><\/td>\n<\/tr>\n<tr class=\"odd\">\n<th width=\"30%\">Hard-shell case<\/th>\n<td width=\"40%\"><\/td>\n<\/tr>\n<\/tbody>\n<\/table>\n<table id=\"t265e288a066fd0\" class=\"tech\" cellspacing=\"0\" cellpadding=\"0\">\n<thead>\n<tr class=\"titlerow\">\n<th class=\"color titlerow-dropdown rotate-225deg\" colspan=\"3\">Ascertainable measured values and functions<\/th>\n<\/tr>\n<\/thead>\n<tbody>\n<tr class=\"headerrow\">\n<th colspan=\"3\">Internal sensors<\/th>\n<\/tr>\n<tr class=\"odd\">\n<th width=\"30%\">Air flow rate [m\/s]<\/th>\n<td width=\"40%\"><\/td>\n<\/tr>\n<tr class=\"even\">\n<th width=\"30%\">Air flow rate [km\/h]<\/th>\n<td width=\"40%\"><\/td>\n<\/tr>\n<tr class=\"odd\">\n<th width=\"30%\">Air flow rate [ft\/min]<\/th>\n<td width=\"40%\"><\/td>\n<\/tr>\n<tr class=\"even\">\n<th width=\"30%\">Air flow rate [mph]<\/th>\n<td width=\"40%\"><\/td>\n<\/tr>\n<tr class=\"odd\">\n<th width=\"30%\">Air flow rate [knots]<\/th>\n<td width=\"40%\"><\/td>\n<\/tr>\n<tr class=\"even\">\n<th width=\"30%\">Air volume flow [m\u00b3\/min]<\/th>\n<td width=\"40%\"><\/td>\n<\/tr>\n<tr class=\"odd\">\n<th width=\"30%\">Air temperature [\u00b0C]<\/th>\n<td width=\"40%\"><\/td>\n<\/tr>\n<tr class=\"even\">\n<th width=\"30%\">Air temperature [\u00b0F]<\/th>\n<td width=\"40%\"><\/td>\n<\/tr>\n<tr class=\"headerrow\">\n<th colspan=\"3\">Functions and features<\/th>\n<\/tr>\n<tr class=\"odd\">\n<th width=\"30%\">Minimum value display<\/th>\n<td width=\"40%\"><\/td>\n<\/tr>\n<tr class=\"even\">\n<th width=\"30%\">Maximum value display<\/th>\n<td width=\"40%\"><\/td>\n<\/tr>\n<tr class=\"odd\">\n<th width=\"30%\">Measured value hold function<\/th>\n<td width=\"40%\"><\/td>\n<\/tr>\n<tr class=\"even\">\n<th width=\"30%\">m\/s, km\/h, ft\/min, mph, kn<\/th>\n<td width=\"40%\"><\/td>\n<\/tr>\n<tr class=\"odd\">\n<th width=\"30%\">m\u00b3\/min (CMM)<\/th>\n<td width=\"40%\"><\/td>\n<\/tr>\n<tr class=\"even\">\n<th width=\"30%\">Switching function \u00b0C\/\u00b0F<\/th>\n<td width=\"40%\"><\/td>\n<\/tr>\n<tr class=\"odd\">\n<th width=\"30%\">Automatic switch-off<\/th>\n<td width=\"40%\"><\/td>\n<\/tr>\n<tr class=\"even\">\n<th width=\"30%\">Backlit display<\/th>\n<td width=\"40%\"><\/td>\n<\/tr>\n<tr class=\"odd\">\n<th width=\"30%\">Average value display<\/th>\n<td width=\"40%\"><\/td>\n<\/tr>\n<tr class=\"even\">\n<th width=\"30%\">Sensor-controlled display illumination<\/th>\n<td width=\"40%\"><\/td>\n<\/tr>\n<tr class=\"odd\">\n<th width=\"30%\">Telescopic probe (1 m)<\/th>\n<td width=\"40%\"><\/td>\n<\/tr>\n<tr class=\"even\">\n<th width=\"30%\">Multi-point averaging calculation<\/th>\n<td width=\"40%\"><\/td>\n<\/tr>\n<tr class=\"odd\">\n<th width=\"30%\">Temporal averaging calculation<\/th>\n<\/tr>\n<\/tbody>\n<\/table>\n<h2><a href=\"https:\/\/uk.trotec.com\/fileadmin\/downloads\/Messgeraete\/Luftstrom\/BA16\/TRT-CE-BA16-HS-001-EN.pdf\" target=\"_blank\" rel=\"noopener\">Declaration of conformity for vane anemometer BA16 (INT)<\/a><\/h2>\n<h2><a href=\"https:\/\/uk.trotec.com\/fileadmin\/downloads\/Messgeraete\/Luftstrom\/BA16\/TRT-BA-BA16-TC-004-EN.pdf\" target=\"_blank\" rel=\"noopener\">Operating manual for vane anemometer BA16 (EN)<\/a><\/h2>\n","protected":false},"excerpt":{"rendered":"<p>An\u00e9mom\u00e8tre \u00e0 h\u00e9lice BA16<br \/>\nMesure rapide de la vitesse du vent, de l&rsquo;air ou des gaz<\/p>\n<p>Description du produit<br \/>\nMesure rapide et facile de la vitesse de l&rsquo;air, de la temp\u00e9rature de l&rsquo;air et du d\u00e9bit d&rsquo;air (CMM)<\/p>\n<p>Les mesures de la vitesse de l&rsquo;air, de la temp\u00e9rature de l&rsquo;air et du d\u00e9bit d&rsquo;air sont faciles avec cet an\u00e9mom\u00e8tre \u00e0 h\u00e9lice flexible.<\/p>\n<p>L&rsquo;appareil mobile est pr\u00eat \u00e0 l&#8217;emploi et affiche clairement les valeurs mesur\u00e9es sur le grand \u00e9cran r\u00e9tro\u00e9clair\u00e9.<\/p>\n<p>De plus, la valeur minimale ou maximale peut \u00eatre affich\u00e9e et la valeur mesur\u00e9e actuelle est conserv\u00e9e.<\/p>\n<p>Le col de cygne r\u00e9glable de 40 cm de long du BA16 permet de mesurer m\u00eame dans des endroits difficiles d&rsquo;acc\u00e8s ou dans des ouvertures d&rsquo;alimentation et d&rsquo;\u00e9vacuation d&rsquo;air \u00e9loign\u00e9es &#8211; id\u00e9al, par exemple, pour les installateurs de CVC pour mesurer les grilles d&rsquo;\u00e9vacuation, les conduits et les sorties \u00e0 tourbillon.<\/p>\n<p>Le BA16 est \u00e9galement parfaitement adapt\u00e9 aux bricoleurs pour d\u00e9terminer la force du vent ou pour v\u00e9rifier les performances des appareils \u00e9lectrom\u00e9nagers tels que les climatiseurs ainsi que les ventilateurs de refroidissement dans le secteur de l&rsquo;informatique.<\/p>\n<p>Avantages pratiques :<\/p>\n<p>Trotec : 100 % d\u00e9veloppement, conception, fabrication<br \/>\nMesure rapide et simple de la vitesse de l&rsquo;air, de la temp\u00e9rature de l&rsquo;air et du d\u00e9bit d&rsquo;air (m\u00b3\/min =&gt; CMM)<br \/>\nMeilleur rapport qualit\u00e9-prix<br \/>\nFonction de valeur minimale, maximale et de maintien<br \/>\nSonde col de cygne semi-flexible de 40 cm de long<br \/>\nAffichage r\u00e9tro\u00e9clair\u00e9<br \/>\nArr\u00eat automatique<br \/>\nDesign industriel allemand optimis\u00e9 pour la pratique &#8211; brevet prot\u00e9g\u00e9<br \/>\nContenu de la livraison : appareil de mesure, mallette de transport, manuel d&rsquo;utilisation<\/p>\n","protected":false},"featured_media":16404,"template":"","meta":[],"product_brand":[],"product_cat":[1165,412],"product_tag":[],"class_list":{"0":"post-16415","1":"product","2":"type-product","3":"status-publish","4":"has-post-thumbnail","6":"product_cat-technologie-de-mesure","7":"product_cat-climatisation-deshumidificateur-dair-ventilateur-fr-ventilation","9":"first","10":"instock","11":"sale","12":"shipping-taxable","13":"purchasable","14":"product-type-simple"},"yoast_head":"<!-- This site is optimized with the Yoast SEO plugin v27.1.1 - https:\/\/yoast.com\/product\/yoast-seo-wordpress\/ -->\n<title>An\u00e9mom\u00e8tre \u00e0 h\u00e9lice BA16 Mesure rapide de la vitesse du vent, de l&#039;air ou des gaz - GeoClimate.ge<\/title>\n<meta name=\"robots\" content=\"index, follow, max-snippet:-1, max-image-preview:large, max-video-preview:-1\" \/>\n<link rel=\"canonical\" href=\"https:\/\/geoclimate.ge\/fr\/produit\/16382\/\" \/>\n<meta property=\"og:locale\" content=\"fr_FR\" \/>\n<meta property=\"og:type\" content=\"article\" \/>\n<meta property=\"og:title\" content=\"An\u00e9mom\u00e8tre \u00e0 h\u00e9lice BA16 Mesure rapide de la vitesse du vent, de l&#039;air ou des gaz - GeoClimate.ge\" \/>\n<meta property=\"og:description\" content=\"An\u00e9mom\u00e8tre \u00e0 h\u00e9lice BA16 Mesure rapide de la vitesse du vent, de l&#039;air ou des gaz  Description du produit Mesure rapide et facile de la vitesse de l&#039;air, de la temp\u00e9rature de l&#039;air et du d\u00e9bit d&#039;air (CMM)  Les mesures de la vitesse de l&#039;air, de la temp\u00e9rature de l&#039;air et du d\u00e9bit d&#039;air sont faciles avec cet an\u00e9mom\u00e8tre \u00e0 h\u00e9lice flexible.  L&#039;appareil mobile est pr\u00eat \u00e0 l&#039;emploi et affiche clairement les valeurs mesur\u00e9es sur le grand \u00e9cran r\u00e9tro\u00e9clair\u00e9.  De plus, la valeur minimale ou maximale peut \u00eatre affich\u00e9e et la valeur mesur\u00e9e actuelle est conserv\u00e9e.  Le col de cygne r\u00e9glable de 40 cm de long du BA16 permet de mesurer m\u00eame dans des endroits difficiles d&#039;acc\u00e8s ou dans des ouvertures d&#039;alimentation et d&#039;\u00e9vacuation d&#039;air \u00e9loign\u00e9es - id\u00e9al, par exemple, pour les installateurs de CVC pour mesurer les grilles d&#039;\u00e9vacuation, les conduits et les sorties \u00e0 tourbillon.  Le BA16 est \u00e9galement parfaitement adapt\u00e9 aux bricoleurs pour d\u00e9terminer la force du vent ou pour v\u00e9rifier les performances des appareils \u00e9lectrom\u00e9nagers tels que les climatiseurs ainsi que les ventilateurs de refroidissement dans le secteur de l&#039;informatique.  Avantages pratiques :  Trotec : 100 % d\u00e9veloppement, conception, fabrication Mesure rapide et simple de la vitesse de l&#039;air, de la temp\u00e9rature de l&#039;air et du d\u00e9bit d&#039;air (m\u00b3\/min =&gt; CMM) Meilleur rapport qualit\u00e9-prix Fonction de valeur minimale, maximale et de maintien Sonde col de cygne semi-flexible de 40 cm de long Affichage r\u00e9tro\u00e9clair\u00e9 Arr\u00eat automatique Design industriel allemand optimis\u00e9 pour la pratique - brevet prot\u00e9g\u00e9 Contenu de la livraison : appareil de mesure, mallette de transport, manuel d&#039;utilisation\" \/>\n<meta property=\"og:url\" content=\"https:\/\/geoclimate.ge\/fr\/produit\/16382\/\" \/>\n<meta property=\"og:site_name\" content=\"GeoClimate.ge\" \/>\n<meta property=\"article:modified_time\" content=\"2025-01-14T17:48:42+00:00\" \/>\n<meta property=\"og:image\" content=\"https:\/\/geoclimate.ge\/wp-content\/uploads\/2025\/01\/BA16-Impeller-Anemometer-22958-1452087717.webp\" \/>\n\t<meta property=\"og:image:width\" content=\"1500\" \/>\n\t<meta property=\"og:image:height\" content=\"1500\" \/>\n\t<meta property=\"og:image:type\" content=\"image\/webp\" \/>\n<meta name=\"twitter:card\" content=\"summary_large_image\" \/>\n<meta name=\"twitter:label1\" content=\"Dur\u00e9e de lecture estim\u00e9e\" \/>\n\t<meta name=\"twitter:data1\" content=\"2 minutes\" \/>\n<script type=\"application\/ld+json\" class=\"yoast-schema-graph\">{\"@context\":\"https:\/\/schema.org\",\"@graph\":[{\"@type\":\"WebPage\",\"@id\":\"https:\/\/geoclimate.ge\/fr\/produit\/16382\/\",\"url\":\"https:\/\/geoclimate.ge\/fr\/produit\/16382\/\",\"name\":\"An\u00e9mom\u00e8tre \u00e0 h\u00e9lice BA16 Mesure rapide de la vitesse du vent, de l'air ou des gaz - GeoClimate.ge\",\"isPartOf\":{\"@id\":\"https:\/\/geoclimate.ge\/#website\"},\"primaryImageOfPage\":{\"@id\":\"https:\/\/geoclimate.ge\/fr\/produit\/16382\/#primaryimage\"},\"image\":{\"@id\":\"https:\/\/geoclimate.ge\/fr\/produit\/16382\/#primaryimage\"},\"thumbnailUrl\":\"https:\/\/geoclimate.ge\/wp-content\/uploads\/2025\/01\/BA16-Impeller-Anemometer-22958-1452087717.webp\",\"datePublished\":\"2025-01-14T17:44:30+00:00\",\"dateModified\":\"2025-01-14T17:48:42+00:00\",\"breadcrumb\":{\"@id\":\"https:\/\/geoclimate.ge\/fr\/produit\/16382\/#breadcrumb\"},\"inLanguage\":\"fr-FR\",\"potentialAction\":[{\"@type\":\"ReadAction\",\"target\":[\"https:\/\/geoclimate.ge\/fr\/produit\/16382\/\"]}]},{\"@type\":\"ImageObject\",\"inLanguage\":\"fr-FR\",\"@id\":\"https:\/\/geoclimate.ge\/fr\/produit\/16382\/#primaryimage\",\"url\":\"https:\/\/geoclimate.ge\/wp-content\/uploads\/2025\/01\/BA16-Impeller-Anemometer-22958-1452087717.webp\",\"contentUrl\":\"https:\/\/geoclimate.ge\/wp-content\/uploads\/2025\/01\/BA16-Impeller-Anemometer-22958-1452087717.webp\",\"width\":1500,\"height\":1500},{\"@type\":\"BreadcrumbList\",\"@id\":\"https:\/\/geoclimate.ge\/fr\/produit\/16382\/#breadcrumb\",\"itemListElement\":[{\"@type\":\"ListItem\",\"position\":1,\"name\":\"Home\",\"item\":\"https:\/\/geoclimate.ge\/fr\/\"},{\"@type\":\"ListItem\",\"position\":2,\"name\":\"Products\",\"item\":\"https:\/\/geoclimate.ge\/fr\/products\/\"},{\"@type\":\"ListItem\",\"position\":3,\"name\":\"An\u00e9mom\u00e8tre \u00e0 h\u00e9lice BA16 Mesure rapide de la vitesse du vent, de l&#8217;air ou des gaz\"}]},{\"@type\":\"WebSite\",\"@id\":\"https:\/\/geoclimate.ge\/#website\",\"url\":\"https:\/\/geoclimate.ge\/\",\"name\":\"GeoClimate\",\"description\":\"\",\"publisher\":{\"@id\":\"https:\/\/geoclimate.ge\/#organization\"},\"potentialAction\":[{\"@type\":\"SearchAction\",\"target\":{\"@type\":\"EntryPoint\",\"urlTemplate\":\"https:\/\/geoclimate.ge\/?s={search_term_string}\"},\"query-input\":{\"@type\":\"PropertyValueSpecification\",\"valueRequired\":true,\"valueName\":\"search_term_string\"}}],\"inLanguage\":\"fr-FR\"},{\"@type\":\"Organization\",\"@id\":\"https:\/\/geoclimate.ge\/#organization\",\"name\":\"GeoClimate\",\"url\":\"https:\/\/geoclimate.ge\/\",\"logo\":{\"@type\":\"ImageObject\",\"inLanguage\":\"fr-FR\",\"@id\":\"https:\/\/geoclimate.ge\/#\/schema\/logo\/image\/\",\"url\":\"https:\/\/geoclimate.ge\/wp-content\/uploads\/2026\/03\/geoclimate-SEO.png\",\"contentUrl\":\"https:\/\/geoclimate.ge\/wp-content\/uploads\/2026\/03\/geoclimate-SEO.png\",\"width\":1536,\"height\":1024,\"caption\":\"GeoClimate\"},\"image\":{\"@id\":\"https:\/\/geoclimate.ge\/#\/schema\/logo\/image\/\"}}]}<\/script>\n<!-- \/ Yoast SEO plugin. -->","yoast_head_json":{"title":"An\u00e9mom\u00e8tre \u00e0 h\u00e9lice BA16 Mesure rapide de la vitesse du vent, de l'air ou des gaz - GeoClimate.ge","robots":{"index":"index","follow":"follow","max-snippet":"max-snippet:-1","max-image-preview":"max-image-preview:large","max-video-preview":"max-video-preview:-1"},"canonical":"https:\/\/geoclimate.ge\/fr\/produit\/16382\/","og_locale":"fr_FR","og_type":"article","og_title":"An\u00e9mom\u00e8tre \u00e0 h\u00e9lice BA16 Mesure rapide de la vitesse du vent, de l'air ou des gaz - GeoClimate.ge","og_description":"An\u00e9mom\u00e8tre \u00e0 h\u00e9lice BA16 Mesure rapide de la vitesse du vent, de l'air ou des gaz  Description du produit Mesure rapide et facile de la vitesse de l'air, de la temp\u00e9rature de l'air et du d\u00e9bit d'air (CMM)  Les mesures de la vitesse de l'air, de la temp\u00e9rature de l'air et du d\u00e9bit d'air sont faciles avec cet an\u00e9mom\u00e8tre \u00e0 h\u00e9lice flexible.  L'appareil mobile est pr\u00eat \u00e0 l'emploi et affiche clairement les valeurs mesur\u00e9es sur le grand \u00e9cran r\u00e9tro\u00e9clair\u00e9.  De plus, la valeur minimale ou maximale peut \u00eatre affich\u00e9e et la valeur mesur\u00e9e actuelle est conserv\u00e9e.  Le col de cygne r\u00e9glable de 40 cm de long du BA16 permet de mesurer m\u00eame dans des endroits difficiles d'acc\u00e8s ou dans des ouvertures d'alimentation et d'\u00e9vacuation d'air \u00e9loign\u00e9es - id\u00e9al, par exemple, pour les installateurs de CVC pour mesurer les grilles d'\u00e9vacuation, les conduits et les sorties \u00e0 tourbillon.  Le BA16 est \u00e9galement parfaitement adapt\u00e9 aux bricoleurs pour d\u00e9terminer la force du vent ou pour v\u00e9rifier les performances des appareils \u00e9lectrom\u00e9nagers tels que les climatiseurs ainsi que les ventilateurs de refroidissement dans le secteur de l'informatique.  Avantages pratiques :  Trotec : 100 % d\u00e9veloppement, conception, fabrication Mesure rapide et simple de la vitesse de l'air, de la temp\u00e9rature de l'air et du d\u00e9bit d'air (m\u00b3\/min =&gt; CMM) Meilleur rapport qualit\u00e9-prix Fonction de valeur minimale, maximale et de maintien Sonde col de cygne semi-flexible de 40 cm de long Affichage r\u00e9tro\u00e9clair\u00e9 Arr\u00eat automatique Design industriel allemand optimis\u00e9 pour la pratique - brevet prot\u00e9g\u00e9 Contenu de la livraison : appareil de mesure, mallette de transport, manuel d'utilisation","og_url":"https:\/\/geoclimate.ge\/fr\/produit\/16382\/","og_site_name":"GeoClimate.ge","article_modified_time":"2025-01-14T17:48:42+00:00","og_image":[{"width":1500,"height":1500,"url":"https:\/\/geoclimate.ge\/wp-content\/uploads\/2025\/01\/BA16-Impeller-Anemometer-22958-1452087717.webp","type":"image\/webp"}],"twitter_card":"summary_large_image","twitter_misc":{"Dur\u00e9e de lecture estim\u00e9e":"2 minutes"},"schema":{"@context":"https:\/\/schema.org","@graph":[{"@type":"WebPage","@id":"https:\/\/geoclimate.ge\/fr\/produit\/16382\/","url":"https:\/\/geoclimate.ge\/fr\/produit\/16382\/","name":"An\u00e9mom\u00e8tre \u00e0 h\u00e9lice BA16 Mesure rapide de la vitesse du vent, de l'air ou des gaz - GeoClimate.ge","isPartOf":{"@id":"https:\/\/geoclimate.ge\/#website"},"primaryImageOfPage":{"@id":"https:\/\/geoclimate.ge\/fr\/produit\/16382\/#primaryimage"},"image":{"@id":"https:\/\/geoclimate.ge\/fr\/produit\/16382\/#primaryimage"},"thumbnailUrl":"https:\/\/geoclimate.ge\/wp-content\/uploads\/2025\/01\/BA16-Impeller-Anemometer-22958-1452087717.webp","datePublished":"2025-01-14T17:44:30+00:00","dateModified":"2025-01-14T17:48:42+00:00","breadcrumb":{"@id":"https:\/\/geoclimate.ge\/fr\/produit\/16382\/#breadcrumb"},"inLanguage":"fr-FR","potentialAction":[{"@type":"ReadAction","target":["https:\/\/geoclimate.ge\/fr\/produit\/16382\/"]}]},{"@type":"ImageObject","inLanguage":"fr-FR","@id":"https:\/\/geoclimate.ge\/fr\/produit\/16382\/#primaryimage","url":"https:\/\/geoclimate.ge\/wp-content\/uploads\/2025\/01\/BA16-Impeller-Anemometer-22958-1452087717.webp","contentUrl":"https:\/\/geoclimate.ge\/wp-content\/uploads\/2025\/01\/BA16-Impeller-Anemometer-22958-1452087717.webp","width":1500,"height":1500},{"@type":"BreadcrumbList","@id":"https:\/\/geoclimate.ge\/fr\/produit\/16382\/#breadcrumb","itemListElement":[{"@type":"ListItem","position":1,"name":"Home","item":"https:\/\/geoclimate.ge\/fr\/"},{"@type":"ListItem","position":2,"name":"Products","item":"https:\/\/geoclimate.ge\/fr\/products\/"},{"@type":"ListItem","position":3,"name":"An\u00e9mom\u00e8tre \u00e0 h\u00e9lice BA16 Mesure rapide de la vitesse du vent, de l&#8217;air ou des gaz"}]},{"@type":"WebSite","@id":"https:\/\/geoclimate.ge\/#website","url":"https:\/\/geoclimate.ge\/","name":"GeoClimate","description":"","publisher":{"@id":"https:\/\/geoclimate.ge\/#organization"},"potentialAction":[{"@type":"SearchAction","target":{"@type":"EntryPoint","urlTemplate":"https:\/\/geoclimate.ge\/?s={search_term_string}"},"query-input":{"@type":"PropertyValueSpecification","valueRequired":true,"valueName":"search_term_string"}}],"inLanguage":"fr-FR"},{"@type":"Organization","@id":"https:\/\/geoclimate.ge\/#organization","name":"GeoClimate","url":"https:\/\/geoclimate.ge\/","logo":{"@type":"ImageObject","inLanguage":"fr-FR","@id":"https:\/\/geoclimate.ge\/#\/schema\/logo\/image\/","url":"https:\/\/geoclimate.ge\/wp-content\/uploads\/2026\/03\/geoclimate-SEO.png","contentUrl":"https:\/\/geoclimate.ge\/wp-content\/uploads\/2026\/03\/geoclimate-SEO.png","width":1536,"height":1024,"caption":"GeoClimate"},"image":{"@id":"https:\/\/geoclimate.ge\/#\/schema\/logo\/image\/"}}]}},"_links":{"self":[{"href":"https:\/\/geoclimate.ge\/fr\/wp-json\/wp\/v2\/product\/16415","targetHints":{"allow":["GET"]}}],"collection":[{"href":"https:\/\/geoclimate.ge\/fr\/wp-json\/wp\/v2\/product"}],"about":[{"href":"https:\/\/geoclimate.ge\/fr\/wp-json\/wp\/v2\/types\/product"}],"wp:featuredmedia":[{"embeddable":true,"href":"https:\/\/geoclimate.ge\/fr\/wp-json\/wp\/v2\/media\/16404"}],"wp:attachment":[{"href":"https:\/\/geoclimate.ge\/fr\/wp-json\/wp\/v2\/media?parent=16415"}],"wp:term":[{"taxonomy":"product_brand","embeddable":true,"href":"https:\/\/geoclimate.ge\/fr\/wp-json\/wp\/v2\/product_brand?post=16415"},{"taxonomy":"product_cat","embeddable":true,"href":"https:\/\/geoclimate.ge\/fr\/wp-json\/wp\/v2\/product_cat?post=16415"},{"taxonomy":"product_tag","embeddable":true,"href":"https:\/\/geoclimate.ge\/fr\/wp-json\/wp\/v2\/product_tag?post=16415"}],"curies":[{"name":"wp","href":"https:\/\/api.w.org\/{rel}","templated":true}]}}