{"id":16493,"date":"2024-01-23T12:18:10","date_gmt":"2024-01-23T08:18:10","guid":{"rendered":"https:\/\/airsystems.ge\/shop\/product\/dantherm-ttr-8200-desiccant-dehumidifier-industrial-desiccant-dehumidifier\/"},"modified":"2025-01-15T12:42:09","modified_gmt":"2025-01-15T08:42:09","slug":"dantherm-ttr-8200-desiccant-dehumidifier-industrial-desiccant-dehumidifier","status":"publish","type":"product","link":"https:\/\/geoclimate.ge\/fr\/produit\/dantherm-ttr-8200-desiccant-dehumidifier-industrial-desiccant-dehumidifier\/","title":{"rendered":"Dantherm TTR 8200 \u2013 d\u00e9shumidificateur \u00e0 dessiccant D\u00e9shumidificateur \u00e0 dessiccant industriel"},"content":{"rendered":"<div class=\"md:text-center\">\n<h3 class=\"text-black font-bold text-lg md:text-xl lg:text-2xl\"><strong>Product specifications<\/strong><\/h3>\n<\/div>\n<div class=\" md:mt-10\">\n<div class=\"\">\n<div class=\"lg:mt-0 \">\n<div id=\"spec-ttr-8200\" class=\"prose max-w-full md:overflow-auto\" data-spec-content=\"\">\n<div class=\"spreadsheet-container hidden md:block\">\n<table class=\"w-full table-fixed mb-0\">\n<thead>\n<tr>\n<th class=\"font-bold text-base\"><span class=\"block px-4\">Specifications<\/span><\/th>\n<th class=\"font-bold text-base text-center\"><span class=\"block px-10 md:px-20\">Units<\/span><\/th>\n<th class=\"font-bold text-base text-center will-change\"><span class=\"block px-4\">TTR\u00a08200<\/span><\/th>\n<\/tr>\n<\/thead>\n<tbody>\n<tr class=\"bg-grey-200\/50 p-2\">\n<td colspan=\"1\"><span class=\"block px-4\">Dehumidification capacity @ 20\u00b0C\/60% RH<\/span><\/td>\n<td class=\"text-center\">\n<div class=\"px-10 md:px-20 flex items-center justify-center\">kg\/h<\/div>\n<\/td>\n<td class=\"text-center will-change\">\n<div class=\"px-10 md:px-20 flex items-center justify-center\">46.2<\/div>\n<\/td>\n<\/tr>\n<tr class=\" p-2\">\n<td colspan=\"1\"><span class=\"block px-4\">Dry air flow free-blowing<\/span><\/td>\n<td class=\"text-center\">\n<div class=\"px-10 md:px-20 flex items-center justify-center\">m\u00b3\/h<\/div>\n<\/td>\n<td class=\"text-center will-change\">\n<div class=\"px-10 md:px-20 flex items-center justify-center\">9,000<\/div>\n<\/td>\n<\/tr>\n<tr class=\"bg-grey-200\/50 p-2\">\n<td colspan=\"1\"><span class=\"block px-4\">Dry air flow nominal<\/span><\/td>\n<td class=\"text-center\">\n<div class=\"px-10 md:px-20 flex items-center justify-center\">m\u00b3\/h<\/div>\n<\/td>\n<td class=\"text-center will-change\">\n<div class=\"px-10 md:px-20 flex items-center justify-center\">8,200<\/div>\n<\/td>\n<\/tr>\n<tr class=\" p-2\">\n<td colspan=\"1\"><span class=\"block px-4\">Available pressure<\/span><\/td>\n<td class=\"text-center\">\n<div class=\"px-10 md:px-20 flex items-center justify-center\">Pa<\/div>\n<\/td>\n<td class=\"text-center will-change\">\n<div class=\"px-10 md:px-20 flex items-center justify-center\">400<\/div>\n<\/td>\n<\/tr>\n<tr class=\"bg-grey-200\/50 p-2\">\n<td colspan=\"1\"><span class=\"block px-4\">Regeneration air flow<\/span><\/td>\n<td class=\"text-center\">\n<div class=\"px-10 md:px-20 flex items-center justify-center\">m\u00b3\/h<\/div>\n<\/td>\n<td class=\"text-center will-change\">\n<div class=\"px-10 md:px-20 flex items-center justify-center\">1,660<\/div>\n<\/td>\n<\/tr>\n<tr class=\" p-2\">\n<td colspan=\"1\"><span class=\"block px-4\">Available pressure<\/span><\/td>\n<td class=\"text-center\">\n<div class=\"px-10 md:px-20 flex items-center justify-center\">Pa<\/div>\n<\/td>\n<td class=\"text-center will-change\">\n<div class=\"px-10 md:px-20 flex items-center justify-center\">300<\/div>\n<\/td>\n<\/tr>\n<tr class=\"bg-grey-200\/50 p-2\">\n<td colspan=\"1\"><span class=\"block px-4\">Operating temperature range<\/span><\/td>\n<td class=\"text-center\">\n<div class=\"px-10 md:px-20 flex items-center justify-center\">\u00b0C<\/div>\n<\/td>\n<td class=\"text-center will-change\">\n<div class=\"px-10 md:px-20 flex items-center justify-center\">-20 to 40<\/div>\n<\/td>\n<\/tr>\n<tr class=\" p-2\">\n<td colspan=\"1\"><span class=\"block px-4\">Heating<\/span><\/td>\n<td class=\"text-center\">\n<div class=\"px-10 md:px-20 flex items-center justify-center\">kW<\/div>\n<\/td>\n<td class=\"text-center will-change\">\n<div class=\"px-10 md:px-20 flex items-center justify-center\">57.0<\/div>\n<\/td>\n<\/tr>\n<tr class=\"bg-grey-200\/50 p-2\">\n<td colspan=\"1\"><span class=\"block px-4\">Power consuption<\/span><\/td>\n<td class=\"text-center\">\n<div class=\"px-10 md:px-20 flex items-center justify-center\">kW<\/div>\n<\/td>\n<td class=\"text-center will-change\">\n<div class=\"px-10 md:px-20 flex items-center justify-center\">64.5<\/div>\n<\/td>\n<\/tr>\n<tr class=\" p-2\">\n<td colspan=\"1\"><span class=\"block px-4\">Power supply<\/span><\/td>\n<td class=\"text-center\">\n<div class=\"px-10 md:px-20 flex items-center justify-center\">V\/Hz<\/div>\n<\/td>\n<td class=\"text-center will-change\">\n<div class=\"px-10 md:px-20 flex items-center justify-center\">380-480\/3ph\/50-60+PE<\/div>\n<\/td>\n<\/tr>\n<tr class=\"bg-grey-200\/50 p-2\">\n<td colspan=\"1\"><span class=\"block px-4\">Electrical connection<\/span><\/td>\n<td class=\"text-center\">\n<div class=\"px-10 md:px-20 flex items-center justify-center\">A<\/div>\n<\/td>\n<td class=\"text-center will-change\">\n<div class=\"px-10 md:px-20 flex items-center justify-center\">125<\/div>\n<\/td>\n<\/tr>\n<tr class=\" p-2\">\n<td colspan=\"1\"><span class=\"block px-4\">Nominal current consumption<\/span><\/td>\n<td class=\"text-center\">\n<div class=\"px-10 md:px-20 flex items-center justify-center\">A<\/div>\n<\/td>\n<td class=\"text-center will-change\">\n<div class=\"px-10 md:px-20 flex items-center justify-center\">93.5<\/div>\n<\/td>\n<\/tr>\n<tr class=\"bg-grey-200\/50 p-2\">\n<td colspan=\"1\"><span class=\"block px-4\">Product size (l x w x h)<\/span><\/td>\n<td class=\"text-center\">\n<div class=\"px-10 md:px-20 flex items-center justify-center\">mm<\/div>\n<\/td>\n<td class=\"text-center will-change\">\n<div class=\"px-10 md:px-20 flex items-center justify-center\">1919 x 1100 x 1680<\/div>\n<\/td>\n<\/tr>\n<tr class=\" p-2\">\n<td colspan=\"1\"><span class=\"block px-4\">Weight<\/span><\/td>\n<td class=\"text-center\">\n<div class=\"px-10 md:px-20 flex items-center justify-center\">kg<\/div>\n<\/td>\n<td class=\"text-center will-change\">\n<div class=\"px-10 md:px-20 flex items-center justify-center\">750<\/div>\n<\/td>\n<\/tr>\n<tr class=\"bg-grey-200\/50 p-2\">\n<td colspan=\"1\"><span class=\"block px-4\">Connections dry air input\/output<\/span><\/td>\n<td class=\"text-center\">\n<div class=\"px-10 md:px-20 flex items-center justify-center\">\u00d8mm<\/div>\n<\/td>\n<td class=\"text-center will-change\">\n<div class=\"px-10 md:px-20 flex items-center justify-center\">500\/500<\/div>\n<\/td>\n<\/tr>\n<tr class=\" p-2\">\n<td colspan=\"1\"><span class=\"block px-4\">Connections regeneration air input\/output<\/span><\/td>\n<td class=\"text-center\">\n<div class=\"px-10 md:px-20 flex items-center justify-center\">\u00d8mm<\/div>\n<\/td>\n<td class=\"text-center will-change\">\n<div class=\"px-10 md:px-20 flex items-center justify-center\">300\/300<\/div>\n<\/td>\n<\/tr>\n<\/tbody>\n<\/table>\n<\/div>\n<\/div>\n<\/div>\n<\/div>\n<\/div>\n","protected":false},"excerpt":{"rendered":"<p>Dantherm TTR 8200 \u2013 d\u00e9shumidificateur \u00e0 dessiccant<br \/>\nD\u00e9shumidificateur \u00e0 dessiccant industriel<\/p>\n<p>Le d\u00e9shumidificateur \u00e0 dessiccant industriel TTR 8200 offre plus de 1 000 kg de capacit\u00e9 de d\u00e9shumidification par jour, ce qui le rend id\u00e9al pour diverses t\u00e2ches dans les entreprises industrielles, de transport ou de services publics. Il peut prot\u00e9ger les produits et la production, ainsi que les machines, les stocks et les b\u00e2timents contre la corrosion, la condensation ou la formation de moisissures. Son bo\u00eetier robuste en acier galvanis\u00e9 et peint avec protection contre la corrosion peut r\u00e9sister \u00e0 des conditions environnementales difficiles, ce qui le rend adapt\u00e9 au maintien au sec, \u00e0 la d\u00e9shumidification des gaz ou \u00e0 la production d&rsquo;air sec dans les industries chimiques, pharmaceutiques et alimentaires, \u00e0 la construction m\u00e9canique ou \u00e0 la r\u00e9duction de la formation de glace et de givre dans les zones de cong\u00e9lation. Il peut \u00e9galement prot\u00e9ger les marchandises stock\u00e9es sensibles \u00e0 l&rsquo;humidit\u00e9.<\/p>\n<p>Contactez notre \u00e9quipe pour discuter du d\u00e9shumidificateur \u00e0 adsorption commercial ou du type de d\u00e9shumidificateur industriel le plus adapt\u00e9 \u00e0 votre objectif.<\/p>\n<p>Caract\u00e9ristiques principales<br \/>\nBo\u00eetier en t\u00f4le d&rsquo;acier galvanis\u00e9e et rev\u00eatue de poudre<br \/>\nFiltres \u00e0 air \u00e9quivalents G4 int\u00e9gr\u00e9s comme filtres \u00e0 ligne Z, s\u00e9par\u00e9ment pour l&rsquo;air de process et l&rsquo;air de r\u00e9g\u00e9n\u00e9ration<br \/>\nSurveillance des filtres avec voyant d&rsquo;avertissement<br \/>\nContr\u00f4le de la rotation du rotor<br \/>\nContacts de signalisation sans potentiel pour maintenance\/changement de filtre, d\u00e9faut, marche\/arr\u00eat<br \/>\nVentilateurs EC hautes performances \u00e0 entra\u00eenement direct avec r\u00e9glage manuel de la vitesse int\u00e9gr\u00e9s dans le bo\u00eetier (pas besoin de vannes d&rsquo;\u00e9tranglement suppl\u00e9mentaires), s\u00e9par\u00e9ment pour l&rsquo;air de process et l&rsquo;air de r\u00e9g\u00e9n\u00e9ration<br \/>\nFlowmatic S, r\u00e9gulation \u00e9lectronique s\u00e9par\u00e9e de la vitesse du ventilateur pour l&rsquo;air de process et l&rsquo;air de r\u00e9g\u00e9n\u00e9ration, command\u00e9e sur un d\u00e9bit volum\u00e9trique constant ou une pression en fonction de la valeur de consigne li\u00e9e au processus, signal de commande 0\u202610 V ou 4\u201320 mA<br \/>\nRotor \u00e0 sorption de gel de silice avec secteur de balayage interne pour la r\u00e9cup\u00e9ration de chaleur et kit d&rsquo;\u00e9tanch\u00e9it\u00e9 du rotor \u00e0 r\u00e9glage automatique<br \/>\nR\u00e9gulation avec affichage en texte clair sur quatre lignes<br \/>\nP\u00e9riode de d\u00e9c\u00e9l\u00e9ration contr\u00f4l\u00e9e par la temp\u00e9rature<\/p>\n","protected":false},"featured_media":16486,"template":"","meta":[],"product_brand":[],"product_cat":[412,416,495],"product_tag":[],"class_list":{"0":"post-16493","1":"product","2":"type-product","3":"status-publish","4":"has-post-thumbnail","6":"product_cat-climatisation-deshumidificateur-dair-ventilateur-fr-ventilation","7":"product_cat-deshumidificateurs","8":"product_cat-deshumidificateurs-deshydratants-adsorption","10":"first","11":"instock","12":"sale","13":"shipping-taxable","14":"purchasable","15":"product-type-simple"},"yoast_head":"<!-- This site is optimized with the Yoast SEO plugin v27.1.1 - https:\/\/yoast.com\/product\/yoast-seo-wordpress\/ -->\n<title>Dantherm TTR 8200 \u2013 d\u00e9shumidificateur \u00e0 dessiccant D\u00e9shumidificateur \u00e0 dessiccant industriel - GeoClimate.ge<\/title>\n<meta name=\"robots\" content=\"index, follow, max-snippet:-1, max-image-preview:large, max-video-preview:-1\" \/>\n<link rel=\"canonical\" href=\"https:\/\/geoclimate.ge\/fr\/produit\/dantherm-ttr-8200-desiccant-dehumidifier-industrial-desiccant-dehumidifier\/\" \/>\n<meta property=\"og:locale\" content=\"fr_FR\" \/>\n<meta property=\"og:type\" content=\"article\" \/>\n<meta property=\"og:title\" content=\"Dantherm TTR 8200 \u2013 d\u00e9shumidificateur \u00e0 dessiccant D\u00e9shumidificateur \u00e0 dessiccant industriel - GeoClimate.ge\" \/>\n<meta property=\"og:description\" content=\"Dantherm TTR 8200 \u2013 d\u00e9shumidificateur \u00e0 dessiccant D\u00e9shumidificateur \u00e0 dessiccant industriel  Le d\u00e9shumidificateur \u00e0 dessiccant industriel TTR 8200 offre plus de 1 000 kg de capacit\u00e9 de d\u00e9shumidification par jour, ce qui le rend id\u00e9al pour diverses t\u00e2ches dans les entreprises industrielles, de transport ou de services publics. Il peut prot\u00e9ger les produits et la production, ainsi que les machines, les stocks et les b\u00e2timents contre la corrosion, la condensation ou la formation de moisissures. Son bo\u00eetier robuste en acier galvanis\u00e9 et peint avec protection contre la corrosion peut r\u00e9sister \u00e0 des conditions environnementales difficiles, ce qui le rend adapt\u00e9 au maintien au sec, \u00e0 la d\u00e9shumidification des gaz ou \u00e0 la production d&#039;air sec dans les industries chimiques, pharmaceutiques et alimentaires, \u00e0 la construction m\u00e9canique ou \u00e0 la r\u00e9duction de la formation de glace et de givre dans les zones de cong\u00e9lation. Il peut \u00e9galement prot\u00e9ger les marchandises stock\u00e9es sensibles \u00e0 l&#039;humidit\u00e9.  Contactez notre \u00e9quipe pour discuter du d\u00e9shumidificateur \u00e0 adsorption commercial ou du type de d\u00e9shumidificateur industriel le plus adapt\u00e9 \u00e0 votre objectif.  Caract\u00e9ristiques principales Bo\u00eetier en t\u00f4le d&#039;acier galvanis\u00e9e et rev\u00eatue de poudre Filtres \u00e0 air \u00e9quivalents G4 int\u00e9gr\u00e9s comme filtres \u00e0 ligne Z, s\u00e9par\u00e9ment pour l&#039;air de process et l&#039;air de r\u00e9g\u00e9n\u00e9ration Surveillance des filtres avec voyant d&#039;avertissement Contr\u00f4le de la rotation du rotor Contacts de signalisation sans potentiel pour maintenance\/changement de filtre, d\u00e9faut, marche\/arr\u00eat Ventilateurs EC hautes performances \u00e0 entra\u00eenement direct avec r\u00e9glage manuel de la vitesse int\u00e9gr\u00e9s dans le bo\u00eetier (pas besoin de vannes d&#039;\u00e9tranglement suppl\u00e9mentaires), s\u00e9par\u00e9ment pour l&#039;air de process et l&#039;air de r\u00e9g\u00e9n\u00e9ration Flowmatic S, r\u00e9gulation \u00e9lectronique s\u00e9par\u00e9e de la vitesse du ventilateur pour l&#039;air de process et l&#039;air de r\u00e9g\u00e9n\u00e9ration, command\u00e9e sur un d\u00e9bit volum\u00e9trique constant ou une pression en fonction de la valeur de consigne li\u00e9e au processus, signal de commande 0\u202610 V ou 4\u201320 mA Rotor \u00e0 sorption de gel de silice avec secteur de balayage interne pour la r\u00e9cup\u00e9ration de chaleur et kit d&#039;\u00e9tanch\u00e9it\u00e9 du rotor \u00e0 r\u00e9glage automatique R\u00e9gulation avec affichage en texte clair sur quatre lignes P\u00e9riode de d\u00e9c\u00e9l\u00e9ration contr\u00f4l\u00e9e par la temp\u00e9rature\" \/>\n<meta property=\"og:url\" content=\"https:\/\/geoclimate.ge\/fr\/produit\/dantherm-ttr-8200-desiccant-dehumidifier-industrial-desiccant-dehumidifier\/\" \/>\n<meta property=\"og:site_name\" content=\"GeoClimate.ge\" \/>\n<meta property=\"article:modified_time\" content=\"2025-01-15T08:42:09+00:00\" \/>\n<meta property=\"og:image\" content=\"https:\/\/geoclimate.ge\/wp-content\/uploads\/2025\/01\/Dantherm-TTR-8200-main-right.jpg\" \/>\n\t<meta property=\"og:image:width\" content=\"1000\" \/>\n\t<meta property=\"og:image:height\" content=\"1000\" \/>\n\t<meta property=\"og:image:type\" content=\"image\/jpeg\" \/>\n<meta name=\"twitter:card\" content=\"summary_large_image\" \/>\n<script type=\"application\/ld+json\" class=\"yoast-schema-graph\">{\"@context\":\"https:\/\/schema.org\",\"@graph\":[{\"@type\":\"WebPage\",\"@id\":\"https:\/\/geoclimate.ge\/fr\/produit\/dantherm-ttr-8200-desiccant-dehumidifier-industrial-desiccant-dehumidifier\/\",\"url\":\"https:\/\/geoclimate.ge\/fr\/produit\/dantherm-ttr-8200-desiccant-dehumidifier-industrial-desiccant-dehumidifier\/\",\"name\":\"Dantherm TTR 8200 \u2013 d\u00e9shumidificateur \u00e0 dessiccant D\u00e9shumidificateur \u00e0 dessiccant industriel - GeoClimate.ge\",\"isPartOf\":{\"@id\":\"https:\/\/geoclimate.ge\/#website\"},\"primaryImageOfPage\":{\"@id\":\"https:\/\/geoclimate.ge\/fr\/produit\/dantherm-ttr-8200-desiccant-dehumidifier-industrial-desiccant-dehumidifier\/#primaryimage\"},\"image\":{\"@id\":\"https:\/\/geoclimate.ge\/fr\/produit\/dantherm-ttr-8200-desiccant-dehumidifier-industrial-desiccant-dehumidifier\/#primaryimage\"},\"thumbnailUrl\":\"https:\/\/geoclimate.ge\/wp-content\/uploads\/2025\/01\/Dantherm-TTR-8200-main-right.jpg\",\"datePublished\":\"2024-01-23T08:18:10+00:00\",\"dateModified\":\"2025-01-15T08:42:09+00:00\",\"breadcrumb\":{\"@id\":\"https:\/\/geoclimate.ge\/fr\/produit\/dantherm-ttr-8200-desiccant-dehumidifier-industrial-desiccant-dehumidifier\/#breadcrumb\"},\"inLanguage\":\"fr-FR\",\"potentialAction\":[{\"@type\":\"ReadAction\",\"target\":[\"https:\/\/geoclimate.ge\/fr\/produit\/dantherm-ttr-8200-desiccant-dehumidifier-industrial-desiccant-dehumidifier\/\"]}]},{\"@type\":\"ImageObject\",\"inLanguage\":\"fr-FR\",\"@id\":\"https:\/\/geoclimate.ge\/fr\/produit\/dantherm-ttr-8200-desiccant-dehumidifier-industrial-desiccant-dehumidifier\/#primaryimage\",\"url\":\"https:\/\/geoclimate.ge\/wp-content\/uploads\/2025\/01\/Dantherm-TTR-8200-main-right.jpg\",\"contentUrl\":\"https:\/\/geoclimate.ge\/wp-content\/uploads\/2025\/01\/Dantherm-TTR-8200-main-right.jpg\",\"width\":1000,\"height\":1000},{\"@type\":\"BreadcrumbList\",\"@id\":\"https:\/\/geoclimate.ge\/fr\/produit\/dantherm-ttr-8200-desiccant-dehumidifier-industrial-desiccant-dehumidifier\/#breadcrumb\",\"itemListElement\":[{\"@type\":\"ListItem\",\"position\":1,\"name\":\"Home\",\"item\":\"https:\/\/geoclimate.ge\/fr\/\"},{\"@type\":\"ListItem\",\"position\":2,\"name\":\"Products\",\"item\":\"https:\/\/geoclimate.ge\/fr\/products\/\"},{\"@type\":\"ListItem\",\"position\":3,\"name\":\"Dantherm TTR 8200 \u2013 d\u00e9shumidificateur \u00e0 dessiccant D\u00e9shumidificateur \u00e0 dessiccant industriel\"}]},{\"@type\":\"WebSite\",\"@id\":\"https:\/\/geoclimate.ge\/#website\",\"url\":\"https:\/\/geoclimate.ge\/\",\"name\":\"GeoClimate\",\"description\":\"\",\"publisher\":{\"@id\":\"https:\/\/geoclimate.ge\/#organization\"},\"potentialAction\":[{\"@type\":\"SearchAction\",\"target\":{\"@type\":\"EntryPoint\",\"urlTemplate\":\"https:\/\/geoclimate.ge\/?s={search_term_string}\"},\"query-input\":{\"@type\":\"PropertyValueSpecification\",\"valueRequired\":true,\"valueName\":\"search_term_string\"}}],\"inLanguage\":\"fr-FR\"},{\"@type\":\"Organization\",\"@id\":\"https:\/\/geoclimate.ge\/#organization\",\"name\":\"GeoClimate\",\"url\":\"https:\/\/geoclimate.ge\/\",\"logo\":{\"@type\":\"ImageObject\",\"inLanguage\":\"fr-FR\",\"@id\":\"https:\/\/geoclimate.ge\/#\/schema\/logo\/image\/\",\"url\":\"https:\/\/geoclimate.ge\/wp-content\/uploads\/2026\/03\/geoclimate-SEO.png\",\"contentUrl\":\"https:\/\/geoclimate.ge\/wp-content\/uploads\/2026\/03\/geoclimate-SEO.png\",\"width\":1536,\"height\":1024,\"caption\":\"GeoClimate\"},\"image\":{\"@id\":\"https:\/\/geoclimate.ge\/#\/schema\/logo\/image\/\"}}]}<\/script>\n<!-- \/ Yoast SEO plugin. -->","yoast_head_json":{"title":"Dantherm TTR 8200 \u2013 d\u00e9shumidificateur \u00e0 dessiccant D\u00e9shumidificateur \u00e0 dessiccant industriel - GeoClimate.ge","robots":{"index":"index","follow":"follow","max-snippet":"max-snippet:-1","max-image-preview":"max-image-preview:large","max-video-preview":"max-video-preview:-1"},"canonical":"https:\/\/geoclimate.ge\/fr\/produit\/dantherm-ttr-8200-desiccant-dehumidifier-industrial-desiccant-dehumidifier\/","og_locale":"fr_FR","og_type":"article","og_title":"Dantherm TTR 8200 \u2013 d\u00e9shumidificateur \u00e0 dessiccant D\u00e9shumidificateur \u00e0 dessiccant industriel - GeoClimate.ge","og_description":"Dantherm TTR 8200 \u2013 d\u00e9shumidificateur \u00e0 dessiccant D\u00e9shumidificateur \u00e0 dessiccant industriel  Le d\u00e9shumidificateur \u00e0 dessiccant industriel TTR 8200 offre plus de 1 000 kg de capacit\u00e9 de d\u00e9shumidification par jour, ce qui le rend id\u00e9al pour diverses t\u00e2ches dans les entreprises industrielles, de transport ou de services publics. Il peut prot\u00e9ger les produits et la production, ainsi que les machines, les stocks et les b\u00e2timents contre la corrosion, la condensation ou la formation de moisissures. Son bo\u00eetier robuste en acier galvanis\u00e9 et peint avec protection contre la corrosion peut r\u00e9sister \u00e0 des conditions environnementales difficiles, ce qui le rend adapt\u00e9 au maintien au sec, \u00e0 la d\u00e9shumidification des gaz ou \u00e0 la production d'air sec dans les industries chimiques, pharmaceutiques et alimentaires, \u00e0 la construction m\u00e9canique ou \u00e0 la r\u00e9duction de la formation de glace et de givre dans les zones de cong\u00e9lation. Il peut \u00e9galement prot\u00e9ger les marchandises stock\u00e9es sensibles \u00e0 l'humidit\u00e9.  Contactez notre \u00e9quipe pour discuter du d\u00e9shumidificateur \u00e0 adsorption commercial ou du type de d\u00e9shumidificateur industriel le plus adapt\u00e9 \u00e0 votre objectif.  Caract\u00e9ristiques principales Bo\u00eetier en t\u00f4le d'acier galvanis\u00e9e et rev\u00eatue de poudre Filtres \u00e0 air \u00e9quivalents G4 int\u00e9gr\u00e9s comme filtres \u00e0 ligne Z, s\u00e9par\u00e9ment pour l'air de process et l'air de r\u00e9g\u00e9n\u00e9ration Surveillance des filtres avec voyant d'avertissement Contr\u00f4le de la rotation du rotor Contacts de signalisation sans potentiel pour maintenance\/changement de filtre, d\u00e9faut, marche\/arr\u00eat Ventilateurs EC hautes performances \u00e0 entra\u00eenement direct avec r\u00e9glage manuel de la vitesse int\u00e9gr\u00e9s dans le bo\u00eetier (pas besoin de vannes d'\u00e9tranglement suppl\u00e9mentaires), s\u00e9par\u00e9ment pour l'air de process et l'air de r\u00e9g\u00e9n\u00e9ration Flowmatic S, r\u00e9gulation \u00e9lectronique s\u00e9par\u00e9e de la vitesse du ventilateur pour l'air de process et l'air de r\u00e9g\u00e9n\u00e9ration, command\u00e9e sur un d\u00e9bit volum\u00e9trique constant ou une pression en fonction de la valeur de consigne li\u00e9e au processus, signal de commande 0\u202610 V ou 4\u201320 mA Rotor \u00e0 sorption de gel de silice avec secteur de balayage interne pour la r\u00e9cup\u00e9ration de chaleur et kit d'\u00e9tanch\u00e9it\u00e9 du rotor \u00e0 r\u00e9glage automatique R\u00e9gulation avec affichage en texte clair sur quatre lignes P\u00e9riode de d\u00e9c\u00e9l\u00e9ration contr\u00f4l\u00e9e par la temp\u00e9rature","og_url":"https:\/\/geoclimate.ge\/fr\/produit\/dantherm-ttr-8200-desiccant-dehumidifier-industrial-desiccant-dehumidifier\/","og_site_name":"GeoClimate.ge","article_modified_time":"2025-01-15T08:42:09+00:00","og_image":[{"width":1000,"height":1000,"url":"https:\/\/geoclimate.ge\/wp-content\/uploads\/2025\/01\/Dantherm-TTR-8200-main-right.jpg","type":"image\/jpeg"}],"twitter_card":"summary_large_image","schema":{"@context":"https:\/\/schema.org","@graph":[{"@type":"WebPage","@id":"https:\/\/geoclimate.ge\/fr\/produit\/dantherm-ttr-8200-desiccant-dehumidifier-industrial-desiccant-dehumidifier\/","url":"https:\/\/geoclimate.ge\/fr\/produit\/dantherm-ttr-8200-desiccant-dehumidifier-industrial-desiccant-dehumidifier\/","name":"Dantherm TTR 8200 \u2013 d\u00e9shumidificateur \u00e0 dessiccant D\u00e9shumidificateur \u00e0 dessiccant industriel - GeoClimate.ge","isPartOf":{"@id":"https:\/\/geoclimate.ge\/#website"},"primaryImageOfPage":{"@id":"https:\/\/geoclimate.ge\/fr\/produit\/dantherm-ttr-8200-desiccant-dehumidifier-industrial-desiccant-dehumidifier\/#primaryimage"},"image":{"@id":"https:\/\/geoclimate.ge\/fr\/produit\/dantherm-ttr-8200-desiccant-dehumidifier-industrial-desiccant-dehumidifier\/#primaryimage"},"thumbnailUrl":"https:\/\/geoclimate.ge\/wp-content\/uploads\/2025\/01\/Dantherm-TTR-8200-main-right.jpg","datePublished":"2024-01-23T08:18:10+00:00","dateModified":"2025-01-15T08:42:09+00:00","breadcrumb":{"@id":"https:\/\/geoclimate.ge\/fr\/produit\/dantherm-ttr-8200-desiccant-dehumidifier-industrial-desiccant-dehumidifier\/#breadcrumb"},"inLanguage":"fr-FR","potentialAction":[{"@type":"ReadAction","target":["https:\/\/geoclimate.ge\/fr\/produit\/dantherm-ttr-8200-desiccant-dehumidifier-industrial-desiccant-dehumidifier\/"]}]},{"@type":"ImageObject","inLanguage":"fr-FR","@id":"https:\/\/geoclimate.ge\/fr\/produit\/dantherm-ttr-8200-desiccant-dehumidifier-industrial-desiccant-dehumidifier\/#primaryimage","url":"https:\/\/geoclimate.ge\/wp-content\/uploads\/2025\/01\/Dantherm-TTR-8200-main-right.jpg","contentUrl":"https:\/\/geoclimate.ge\/wp-content\/uploads\/2025\/01\/Dantherm-TTR-8200-main-right.jpg","width":1000,"height":1000},{"@type":"BreadcrumbList","@id":"https:\/\/geoclimate.ge\/fr\/produit\/dantherm-ttr-8200-desiccant-dehumidifier-industrial-desiccant-dehumidifier\/#breadcrumb","itemListElement":[{"@type":"ListItem","position":1,"name":"Home","item":"https:\/\/geoclimate.ge\/fr\/"},{"@type":"ListItem","position":2,"name":"Products","item":"https:\/\/geoclimate.ge\/fr\/products\/"},{"@type":"ListItem","position":3,"name":"Dantherm TTR 8200 \u2013 d\u00e9shumidificateur \u00e0 dessiccant D\u00e9shumidificateur \u00e0 dessiccant industriel"}]},{"@type":"WebSite","@id":"https:\/\/geoclimate.ge\/#website","url":"https:\/\/geoclimate.ge\/","name":"GeoClimate","description":"","publisher":{"@id":"https:\/\/geoclimate.ge\/#organization"},"potentialAction":[{"@type":"SearchAction","target":{"@type":"EntryPoint","urlTemplate":"https:\/\/geoclimate.ge\/?s={search_term_string}"},"query-input":{"@type":"PropertyValueSpecification","valueRequired":true,"valueName":"search_term_string"}}],"inLanguage":"fr-FR"},{"@type":"Organization","@id":"https:\/\/geoclimate.ge\/#organization","name":"GeoClimate","url":"https:\/\/geoclimate.ge\/","logo":{"@type":"ImageObject","inLanguage":"fr-FR","@id":"https:\/\/geoclimate.ge\/#\/schema\/logo\/image\/","url":"https:\/\/geoclimate.ge\/wp-content\/uploads\/2026\/03\/geoclimate-SEO.png","contentUrl":"https:\/\/geoclimate.ge\/wp-content\/uploads\/2026\/03\/geoclimate-SEO.png","width":1536,"height":1024,"caption":"GeoClimate"},"image":{"@id":"https:\/\/geoclimate.ge\/#\/schema\/logo\/image\/"}}]}},"_links":{"self":[{"href":"https:\/\/geoclimate.ge\/fr\/wp-json\/wp\/v2\/product\/16493","targetHints":{"allow":["GET"]}}],"collection":[{"href":"https:\/\/geoclimate.ge\/fr\/wp-json\/wp\/v2\/product"}],"about":[{"href":"https:\/\/geoclimate.ge\/fr\/wp-json\/wp\/v2\/types\/product"}],"wp:featuredmedia":[{"embeddable":true,"href":"https:\/\/geoclimate.ge\/fr\/wp-json\/wp\/v2\/media\/16486"}],"wp:attachment":[{"href":"https:\/\/geoclimate.ge\/fr\/wp-json\/wp\/v2\/media?parent=16493"}],"wp:term":[{"taxonomy":"product_brand","embeddable":true,"href":"https:\/\/geoclimate.ge\/fr\/wp-json\/wp\/v2\/product_brand?post=16493"},{"taxonomy":"product_cat","embeddable":true,"href":"https:\/\/geoclimate.ge\/fr\/wp-json\/wp\/v2\/product_cat?post=16493"},{"taxonomy":"product_tag","embeddable":true,"href":"https:\/\/geoclimate.ge\/fr\/wp-json\/wp\/v2\/product_tag?post=16493"}],"curies":[{"name":"wp","href":"https:\/\/api.w.org\/{rel}","templated":true}]}}