{"id":16604,"date":"2025-01-18T23:08:17","date_gmt":"2025-01-18T19:08:17","guid":{"rendered":"https:\/\/airsystems.ge\/shop\/product\/condensate-pump-external\/"},"modified":"2025-01-18T23:10:03","modified_gmt":"2025-01-18T19:10:03","slug":"condensate-pump-external","status":"publish","type":"product","link":"https:\/\/geoclimate.ge\/fr\/produit\/condensate-pump-external\/","title":{"rendered":"Pompe \u00e0 condensat externe"},"content":{"rendered":"<p>Pompe \u00e0 condensat externe<\/p>\n<p>Description du produit<br \/>\nPompe \u00e0 condensat pour les d\u00e9shumidificateurs Trotec suivants des s\u00e9ries commerciales ECO et TTK-S\u00a0:<\/p>\n<p>TTK 75 ECO<br \/>\nTTK 165 ECO<br \/>\nTTK 166 ECO<br \/>\nTTK 170 ECO<br \/>\nTTK 171 ECO<br \/>\nTTK 380 ECO<br \/>\nTTK 570 ECO<\/p>\n","protected":false},"excerpt":{"rendered":"<p>Pompe \u00e0 condensat externe Description du produit Pompe \u00e0 condensat pour les d\u00e9shumidificateurs Trotec suivants des s\u00e9ries commerciales ECO et<\/p>\n","protected":false},"featured_media":16593,"template":"","meta":[],"product_brand":[],"product_cat":[648,420],"product_tag":[],"class_list":{"0":"post-16604","1":"product","2":"type-product","3":"status-publish","4":"has-post-thumbnail","6":"product_cat-deshumidificateurs-fr","7":"product_cat-trotec-fr","9":"first","10":"instock","11":"sale","12":"shipping-taxable","13":"purchasable","14":"product-type-simple"},"yoast_head":"<!-- This site is optimized with the Yoast SEO plugin v27.1.1 - https:\/\/yoast.com\/product\/yoast-seo-wordpress\/ -->\n<title>Pompe \u00e0 condensat externe - GeoClimate.ge<\/title>\n<meta name=\"robots\" content=\"index, follow, max-snippet:-1, max-image-preview:large, max-video-preview:-1\" \/>\n<link rel=\"canonical\" href=\"https:\/\/geoclimate.ge\/fr\/produit\/condensate-pump-external\/\" \/>\n<meta property=\"og:locale\" content=\"fr_FR\" \/>\n<meta property=\"og:type\" content=\"article\" \/>\n<meta property=\"og:title\" content=\"Pompe \u00e0 condensat externe - GeoClimate.ge\" \/>\n<meta property=\"og:description\" content=\"Pompe \u00e0 condensat externe Description du produit Pompe \u00e0 condensat pour les d\u00e9shumidificateurs Trotec suivants des s\u00e9ries commerciales ECO et\" \/>\n<meta property=\"og:url\" content=\"https:\/\/geoclimate.ge\/fr\/produit\/condensate-pump-external\/\" \/>\n<meta property=\"og:site_name\" content=\"GeoClimate.ge\" \/>\n<meta property=\"article:modified_time\" content=\"2025-01-18T19:10:03+00:00\" \/>\n<meta property=\"og:image\" content=\"https:\/\/geoclimate.ge\/wp-content\/uploads\/2025\/01\/Condensate-Pump-external-68172-1507646210.webp\" \/>\n\t<meta property=\"og:image:width\" content=\"1500\" \/>\n\t<meta property=\"og:image:height\" content=\"1500\" \/>\n\t<meta property=\"og:image:type\" content=\"image\/webp\" \/>\n<meta name=\"twitter:card\" content=\"summary_large_image\" \/>\n<script type=\"application\/ld+json\" class=\"yoast-schema-graph\">{\"@context\":\"https:\/\/schema.org\",\"@graph\":[{\"@type\":\"WebPage\",\"@id\":\"https:\/\/geoclimate.ge\/fr\/produit\/condensate-pump-external\/\",\"url\":\"https:\/\/geoclimate.ge\/fr\/produit\/condensate-pump-external\/\",\"name\":\"Pompe \u00e0 condensat externe - GeoClimate.ge\",\"isPartOf\":{\"@id\":\"https:\/\/geoclimate.ge\/#website\"},\"primaryImageOfPage\":{\"@id\":\"https:\/\/geoclimate.ge\/fr\/produit\/condensate-pump-external\/#primaryimage\"},\"image\":{\"@id\":\"https:\/\/geoclimate.ge\/fr\/produit\/condensate-pump-external\/#primaryimage\"},\"thumbnailUrl\":\"https:\/\/geoclimate.ge\/wp-content\/uploads\/2025\/01\/Condensate-Pump-external-68172-1507646210.webp\",\"datePublished\":\"2025-01-18T19:08:17+00:00\",\"dateModified\":\"2025-01-18T19:10:03+00:00\",\"breadcrumb\":{\"@id\":\"https:\/\/geoclimate.ge\/fr\/produit\/condensate-pump-external\/#breadcrumb\"},\"inLanguage\":\"fr-FR\",\"potentialAction\":[{\"@type\":\"ReadAction\",\"target\":[\"https:\/\/geoclimate.ge\/fr\/produit\/condensate-pump-external\/\"]}]},{\"@type\":\"ImageObject\",\"inLanguage\":\"fr-FR\",\"@id\":\"https:\/\/geoclimate.ge\/fr\/produit\/condensate-pump-external\/#primaryimage\",\"url\":\"https:\/\/geoclimate.ge\/wp-content\/uploads\/2025\/01\/Condensate-Pump-external-68172-1507646210.webp\",\"contentUrl\":\"https:\/\/geoclimate.ge\/wp-content\/uploads\/2025\/01\/Condensate-Pump-external-68172-1507646210.webp\",\"width\":1500,\"height\":1500},{\"@type\":\"BreadcrumbList\",\"@id\":\"https:\/\/geoclimate.ge\/fr\/produit\/condensate-pump-external\/#breadcrumb\",\"itemListElement\":[{\"@type\":\"ListItem\",\"position\":1,\"name\":\"Home\",\"item\":\"https:\/\/geoclimate.ge\/fr\/\"},{\"@type\":\"ListItem\",\"position\":2,\"name\":\"Products\",\"item\":\"https:\/\/geoclimate.ge\/fr\/products\/\"},{\"@type\":\"ListItem\",\"position\":3,\"name\":\"Pompe \u00e0 condensat externe\"}]},{\"@type\":\"WebSite\",\"@id\":\"https:\/\/geoclimate.ge\/#website\",\"url\":\"https:\/\/geoclimate.ge\/\",\"name\":\"GeoClimate\",\"description\":\"\",\"publisher\":{\"@id\":\"https:\/\/geoclimate.ge\/#organization\"},\"potentialAction\":[{\"@type\":\"SearchAction\",\"target\":{\"@type\":\"EntryPoint\",\"urlTemplate\":\"https:\/\/geoclimate.ge\/?s={search_term_string}\"},\"query-input\":{\"@type\":\"PropertyValueSpecification\",\"valueRequired\":true,\"valueName\":\"search_term_string\"}}],\"inLanguage\":\"fr-FR\"},{\"@type\":\"Organization\",\"@id\":\"https:\/\/geoclimate.ge\/#organization\",\"name\":\"GeoClimate\",\"url\":\"https:\/\/geoclimate.ge\/\",\"logo\":{\"@type\":\"ImageObject\",\"inLanguage\":\"fr-FR\",\"@id\":\"https:\/\/geoclimate.ge\/#\/schema\/logo\/image\/\",\"url\":\"https:\/\/geoclimate.ge\/wp-content\/uploads\/2026\/03\/geoclimate-SEO.png\",\"contentUrl\":\"https:\/\/geoclimate.ge\/wp-content\/uploads\/2026\/03\/geoclimate-SEO.png\",\"width\":1536,\"height\":1024,\"caption\":\"GeoClimate\"},\"image\":{\"@id\":\"https:\/\/geoclimate.ge\/#\/schema\/logo\/image\/\"}}]}<\/script>\n<!-- \/ Yoast SEO plugin. -->","yoast_head_json":{"title":"Pompe \u00e0 condensat externe - GeoClimate.ge","robots":{"index":"index","follow":"follow","max-snippet":"max-snippet:-1","max-image-preview":"max-image-preview:large","max-video-preview":"max-video-preview:-1"},"canonical":"https:\/\/geoclimate.ge\/fr\/produit\/condensate-pump-external\/","og_locale":"fr_FR","og_type":"article","og_title":"Pompe \u00e0 condensat externe - GeoClimate.ge","og_description":"Pompe \u00e0 condensat externe Description du produit Pompe \u00e0 condensat pour les d\u00e9shumidificateurs Trotec suivants des s\u00e9ries commerciales ECO et","og_url":"https:\/\/geoclimate.ge\/fr\/produit\/condensate-pump-external\/","og_site_name":"GeoClimate.ge","article_modified_time":"2025-01-18T19:10:03+00:00","og_image":[{"width":1500,"height":1500,"url":"https:\/\/geoclimate.ge\/wp-content\/uploads\/2025\/01\/Condensate-Pump-external-68172-1507646210.webp","type":"image\/webp"}],"twitter_card":"summary_large_image","schema":{"@context":"https:\/\/schema.org","@graph":[{"@type":"WebPage","@id":"https:\/\/geoclimate.ge\/fr\/produit\/condensate-pump-external\/","url":"https:\/\/geoclimate.ge\/fr\/produit\/condensate-pump-external\/","name":"Pompe \u00e0 condensat externe - GeoClimate.ge","isPartOf":{"@id":"https:\/\/geoclimate.ge\/#website"},"primaryImageOfPage":{"@id":"https:\/\/geoclimate.ge\/fr\/produit\/condensate-pump-external\/#primaryimage"},"image":{"@id":"https:\/\/geoclimate.ge\/fr\/produit\/condensate-pump-external\/#primaryimage"},"thumbnailUrl":"https:\/\/geoclimate.ge\/wp-content\/uploads\/2025\/01\/Condensate-Pump-external-68172-1507646210.webp","datePublished":"2025-01-18T19:08:17+00:00","dateModified":"2025-01-18T19:10:03+00:00","breadcrumb":{"@id":"https:\/\/geoclimate.ge\/fr\/produit\/condensate-pump-external\/#breadcrumb"},"inLanguage":"fr-FR","potentialAction":[{"@type":"ReadAction","target":["https:\/\/geoclimate.ge\/fr\/produit\/condensate-pump-external\/"]}]},{"@type":"ImageObject","inLanguage":"fr-FR","@id":"https:\/\/geoclimate.ge\/fr\/produit\/condensate-pump-external\/#primaryimage","url":"https:\/\/geoclimate.ge\/wp-content\/uploads\/2025\/01\/Condensate-Pump-external-68172-1507646210.webp","contentUrl":"https:\/\/geoclimate.ge\/wp-content\/uploads\/2025\/01\/Condensate-Pump-external-68172-1507646210.webp","width":1500,"height":1500},{"@type":"BreadcrumbList","@id":"https:\/\/geoclimate.ge\/fr\/produit\/condensate-pump-external\/#breadcrumb","itemListElement":[{"@type":"ListItem","position":1,"name":"Home","item":"https:\/\/geoclimate.ge\/fr\/"},{"@type":"ListItem","position":2,"name":"Products","item":"https:\/\/geoclimate.ge\/fr\/products\/"},{"@type":"ListItem","position":3,"name":"Pompe \u00e0 condensat externe"}]},{"@type":"WebSite","@id":"https:\/\/geoclimate.ge\/#website","url":"https:\/\/geoclimate.ge\/","name":"GeoClimate","description":"","publisher":{"@id":"https:\/\/geoclimate.ge\/#organization"},"potentialAction":[{"@type":"SearchAction","target":{"@type":"EntryPoint","urlTemplate":"https:\/\/geoclimate.ge\/?s={search_term_string}"},"query-input":{"@type":"PropertyValueSpecification","valueRequired":true,"valueName":"search_term_string"}}],"inLanguage":"fr-FR"},{"@type":"Organization","@id":"https:\/\/geoclimate.ge\/#organization","name":"GeoClimate","url":"https:\/\/geoclimate.ge\/","logo":{"@type":"ImageObject","inLanguage":"fr-FR","@id":"https:\/\/geoclimate.ge\/#\/schema\/logo\/image\/","url":"https:\/\/geoclimate.ge\/wp-content\/uploads\/2026\/03\/geoclimate-SEO.png","contentUrl":"https:\/\/geoclimate.ge\/wp-content\/uploads\/2026\/03\/geoclimate-SEO.png","width":1536,"height":1024,"caption":"GeoClimate"},"image":{"@id":"https:\/\/geoclimate.ge\/#\/schema\/logo\/image\/"}}]}},"_links":{"self":[{"href":"https:\/\/geoclimate.ge\/fr\/wp-json\/wp\/v2\/product\/16604","targetHints":{"allow":["GET"]}}],"collection":[{"href":"https:\/\/geoclimate.ge\/fr\/wp-json\/wp\/v2\/product"}],"about":[{"href":"https:\/\/geoclimate.ge\/fr\/wp-json\/wp\/v2\/types\/product"}],"wp:featuredmedia":[{"embeddable":true,"href":"https:\/\/geoclimate.ge\/fr\/wp-json\/wp\/v2\/media\/16593"}],"wp:attachment":[{"href":"https:\/\/geoclimate.ge\/fr\/wp-json\/wp\/v2\/media?parent=16604"}],"wp:term":[{"taxonomy":"product_brand","embeddable":true,"href":"https:\/\/geoclimate.ge\/fr\/wp-json\/wp\/v2\/product_brand?post=16604"},{"taxonomy":"product_cat","embeddable":true,"href":"https:\/\/geoclimate.ge\/fr\/wp-json\/wp\/v2\/product_cat?post=16604"},{"taxonomy":"product_tag","embeddable":true,"href":"https:\/\/geoclimate.ge\/fr\/wp-json\/wp\/v2\/product_tag?post=16604"}],"curies":[{"name":"wp","href":"https:\/\/api.w.org\/{rel}","templated":true}]}}