{"id":16648,"date":"2025-01-18T23:31:52","date_gmt":"2025-01-18T19:31:52","guid":{"rendered":"https:\/\/airsystems.ge\/shop\/product\/food-ir-thermometer-bp5f-combined-surface-and-core-temperature-measurements-in-conformity-with-haccp-standards\/"},"modified":"2025-01-18T23:33:38","modified_gmt":"2025-01-18T19:33:38","slug":"food-ir-thermometer-bp5f-combined-surface-and-core-temperature-measurements-in-conformity-with-haccp-standards","status":"publish","type":"product","link":"https:\/\/geoclimate.ge\/fr\/produit\/food-ir-thermometer-bp5f-combined-surface-and-core-temperature-measurements-in-conformity-with-haccp-standards\/","title":{"rendered":"THERMOM\u00c8TRE IR POUR ALIMENTS BP5F  Mesure combin\u00e9e de la temp\u00e9rature de surface et \u00e0 c\u0153ur conform\u00e9ment aux normes HACCP"},"content":{"rendered":"<h2><a href=\"https:\/\/uk.trotec.com\/fileadmin\/downloads\/Temperatur\/BP5F\/TRT-CE-BP5F-HS-001-EN.pdf\" target=\"_blank\" rel=\"noopener\">Declaration of conformity for food thermometer BP5F (INT)<\/a><\/h2>\n<p class=\"bodytext\">TRT-CE-BP5F-HS-001-EN.pdf\u00a0(109 KB)<\/p>\n<h2><a href=\"https:\/\/uk.trotec.com\/fileadmin\/downloads\/Temperatur\/BP5F\/TRT-KA-BP5F-TC-005-INT.pdf\" target=\"_blank\" rel=\"noopener\">Quick guide for food thermometer BP5F_V2 (INT)<\/a><\/h2>\n<p class=\"bodytext\">TRT-KA-BP5F-TC-005-INT.pdf\u00a0(797 KB)<\/p>\n<h2><a href=\"https:\/\/uk.trotec.com\/fileadmin\/downloads\/Temperatur\/BP5F\/TRT-BA-BP5F-TC-008-EN.pdf\" target=\"_blank\" rel=\"noopener\">Operating manual for food thermometer BP5F_V2 (EN)<\/a><\/h2>\n<p class=\"bodytext\">TRT-BA-BP5F-TC-008-EN.pdf\u00a0(702 KB)<\/p>\n<p>&nbsp;<\/p>\n","protected":false},"excerpt":{"rendered":"<p>THERMOM\u00c8TRE IR POUR ALIMENTS BP5F<\/p>\n<p>Mesure combin\u00e9e de la temp\u00e9rature de surface et \u00e0 c\u0153ur conform\u00e9ment aux normes HACCP<\/p>\n<p>Description du produit<br \/>\nL&rsquo;appareil de mesure portatif convivial est pr\u00eat \u00e0 fonctionner quelques secondes seulement apr\u00e8s sa mise en marche et enregistre rapidement et de mani\u00e8re fiable les valeurs de temp\u00e9rature mesur\u00e9es dans la plage de -40 \u00b0C \u00e0 +200\/280 \u00b0C (sonde\/IR), qui sont clairement visibles sur l&rsquo;\u00e9cran r\u00e9tro\u00e9clair\u00e9 brillant pour une lecture sans fatigue des valeurs mesur\u00e9es, m\u00eame dans des environnements faiblement \u00e9clair\u00e9s.<\/p>\n<p>Le capteur infrarouge int\u00e9gr\u00e9 mesure la temp\u00e9rature des mat\u00e9riaux des surfaces, en particulier des aliments, avec un temps de r\u00e9ponse inf\u00e9rieur \u00e0 500 ms.<\/p>\n<p>En plus de l&rsquo;affichage num\u00e9rique de la temp\u00e9rature, trois LED d&rsquo;indication indiquent directement si la temp\u00e9rature mesur\u00e9e se situe dans les plages HACCP (analyse des risques et points critiques pour leur ma\u00eetrise).<\/p>\n<p>Selon les directives HACCP pour les aliments, le maintien d&rsquo;une plage de temp\u00e9rature inf\u00e9rieure \u00e0 4 \u00b0C et sup\u00e9rieure \u00e0 60 \u00b0C est un outil important pour emp\u00eacher le d\u00e9veloppement et la prolif\u00e9ration de micro-organismes nocifs.<\/p>\n<p>Les temp\u00e9ratures comprises entre 4 \u00b0C et 60 \u00b0C peuvent favoriser la prolif\u00e9ration des germes.<\/p>\n<p>En plus d&rsquo;un affichage num\u00e9rique de la temp\u00e9rature, le thermom\u00e8tre alimentaire BP5F dispose de trois voyants LED qui visualisent directement la plage de temp\u00e9rature respective pour que l&rsquo;utilisateur puisse rapidement voir si ces limites de temp\u00e9rature sont respect\u00e9es ou non.<\/p>\n<p>Avantages pratiques :<\/p>\n<p>D\u00e9veloppement, conception, fabrication : 100 % Trotec<br \/>\nThermom\u00e8tre infrarouge et de p\u00e9n\u00e9tration dans un seul appareil<br \/>\nMesure de la temp\u00e9rature \u00e0 c\u0153ur de -40 \u00b0C \u00e0 +200 \u00b0C &#8211; sans contact par infrarouge jusqu&rsquo;\u00e0 +280 \u00b0C<br \/>\n\u00d8 du spot de mesure de 5 mm \u00e0 100 mm de distance de l&rsquo;objet \u00e0 mesurer<br \/>\nExtr\u00eamement compact gr\u00e2ce au capteur de temp\u00e9rature \u00e0 c\u0153ur r\u00e9tractable avec protection de verrouillage<br \/>\nConstruction IP65 robuste et lavable<br \/>\n\u00c9cran r\u00e9tro\u00e9clair\u00e9<br \/>\nAffichage rapide \u00e0 LED pour les plages de temp\u00e9rature conformes \u00e0 HACCP<br \/>\nR\u00e9pond aux exigences de la LFGB, \u00a731<br \/>\nConforme \u00e0 la norme DIN 10955:2004<br \/>\nRapport qualit\u00e9-prix optimal<br \/>\nDesign industriel allemand optimis\u00e9 pour la pratique &#8211; brevet de conception prot\u00e9g\u00e9<br \/>\nLa livraison comprend<\/p>\n<p>1x BP5F<br \/>\nMode d&#8217;emploi<br \/>\nLes consignes de s\u00e9curit\u00e9 et les avertissements sont inclus dans le manuel de l&rsquo;appareil<\/p>\n","protected":false},"featured_media":16633,"template":"","meta":[],"product_brand":[],"product_cat":[1165,412,420,421,439],"product_tag":[],"class_list":{"0":"post-16648","1":"product","2":"type-product","3":"status-publish","4":"has-post-thumbnail","6":"product_cat-technologie-de-mesure","7":"product_cat-climatisation-deshumidificateur-dair-ventilateur-fr-ventilation","8":"product_cat-trotec-fr","9":"product_cat-mesure-outils-instruments-appareils","10":"product_cat-temperature-fr","12":"first","13":"instock","14":"shipping-taxable","15":"purchasable","16":"product-type-simple"},"yoast_head":"<!-- This site is optimized with the Yoast SEO plugin v27.1.1 - https:\/\/yoast.com\/product\/yoast-seo-wordpress\/ -->\n<title>THERMOM\u00c8TRE IR POUR ALIMENTS BP5F Mesure combin\u00e9e de la temp\u00e9rature de surface et \u00e0 c\u0153ur conform\u00e9ment aux normes HACCP - GeoClimate.ge<\/title>\n<meta name=\"robots\" content=\"index, follow, max-snippet:-1, max-image-preview:large, max-video-preview:-1\" \/>\n<link rel=\"canonical\" href=\"https:\/\/geoclimate.ge\/fr\/produit\/food-ir-thermometer-bp5f-combined-surface-and-core-temperature-measurements-in-conformity-with-haccp-standards\/\" \/>\n<meta property=\"og:locale\" content=\"fr_FR\" \/>\n<meta property=\"og:type\" content=\"article\" \/>\n<meta property=\"og:title\" content=\"THERMOM\u00c8TRE IR POUR ALIMENTS BP5F Mesure combin\u00e9e de la temp\u00e9rature de surface et \u00e0 c\u0153ur conform\u00e9ment aux normes HACCP - GeoClimate.ge\" \/>\n<meta property=\"og:description\" content=\"THERMOM\u00c8TRE IR POUR ALIMENTS BP5F  Mesure combin\u00e9e de la temp\u00e9rature de surface et \u00e0 c\u0153ur conform\u00e9ment aux normes HACCP  Description du produit L&#039;appareil de mesure portatif convivial est pr\u00eat \u00e0 fonctionner quelques secondes seulement apr\u00e8s sa mise en marche et enregistre rapidement et de mani\u00e8re fiable les valeurs de temp\u00e9rature mesur\u00e9es dans la plage de -40 \u00b0C \u00e0 +200\/280 \u00b0C (sonde\/IR), qui sont clairement visibles sur l&#039;\u00e9cran r\u00e9tro\u00e9clair\u00e9 brillant pour une lecture sans fatigue des valeurs mesur\u00e9es, m\u00eame dans des environnements faiblement \u00e9clair\u00e9s.  Le capteur infrarouge int\u00e9gr\u00e9 mesure la temp\u00e9rature des mat\u00e9riaux des surfaces, en particulier des aliments, avec un temps de r\u00e9ponse inf\u00e9rieur \u00e0 500 ms.  En plus de l&#039;affichage num\u00e9rique de la temp\u00e9rature, trois LED d&#039;indication indiquent directement si la temp\u00e9rature mesur\u00e9e se situe dans les plages HACCP (analyse des risques et points critiques pour leur ma\u00eetrise).  Selon les directives HACCP pour les aliments, le maintien d&#039;une plage de temp\u00e9rature inf\u00e9rieure \u00e0 4 \u00b0C et sup\u00e9rieure \u00e0 60 \u00b0C est un outil important pour emp\u00eacher le d\u00e9veloppement et la prolif\u00e9ration de micro-organismes nocifs.  Les temp\u00e9ratures comprises entre 4 \u00b0C et 60 \u00b0C peuvent favoriser la prolif\u00e9ration des germes.  En plus d&#039;un affichage num\u00e9rique de la temp\u00e9rature, le thermom\u00e8tre alimentaire BP5F dispose de trois voyants LED qui visualisent directement la plage de temp\u00e9rature respective pour que l&#039;utilisateur puisse rapidement voir si ces limites de temp\u00e9rature sont respect\u00e9es ou non.  Avantages pratiques :  D\u00e9veloppement, conception, fabrication : 100 % Trotec Thermom\u00e8tre infrarouge et de p\u00e9n\u00e9tration dans un seul appareil Mesure de la temp\u00e9rature \u00e0 c\u0153ur de -40 \u00b0C \u00e0 +200 \u00b0C - sans contact par infrarouge jusqu&#039;\u00e0 +280 \u00b0C \u00d8 du spot de mesure de 5 mm \u00e0 100 mm de distance de l&#039;objet \u00e0 mesurer Extr\u00eamement compact gr\u00e2ce au capteur de temp\u00e9rature \u00e0 c\u0153ur r\u00e9tractable avec protection de verrouillage Construction IP65 robuste et lavable \u00c9cran r\u00e9tro\u00e9clair\u00e9 Affichage rapide \u00e0 LED pour les plages de temp\u00e9rature conformes \u00e0 HACCP R\u00e9pond aux exigences de la LFGB, \u00a731 Conforme \u00e0 la norme DIN 10955:2004 Rapport qualit\u00e9-prix optimal Design industriel allemand optimis\u00e9 pour la pratique - brevet de conception prot\u00e9g\u00e9 La livraison comprend  1x BP5F Mode d&#039;emploi Les consignes de s\u00e9curit\u00e9 et les avertissements sont inclus dans le manuel de l&#039;appareil\" \/>\n<meta property=\"og:url\" content=\"https:\/\/geoclimate.ge\/fr\/produit\/food-ir-thermometer-bp5f-combined-surface-and-core-temperature-measurements-in-conformity-with-haccp-standards\/\" \/>\n<meta property=\"og:site_name\" content=\"GeoClimate.ge\" \/>\n<meta property=\"article:modified_time\" content=\"2025-01-18T19:33:38+00:00\" \/>\n<meta property=\"og:image\" content=\"https:\/\/geoclimate.ge\/wp-content\/uploads\/2025\/01\/bp5f-infrared-sensor-c2c1.jpg\" \/>\n\t<meta property=\"og:image:width\" content=\"600\" \/>\n\t<meta property=\"og:image:height\" content=\"600\" \/>\n\t<meta property=\"og:image:type\" content=\"image\/jpeg\" \/>\n<meta name=\"twitter:card\" content=\"summary_large_image\" \/>\n<script type=\"application\/ld+json\" class=\"yoast-schema-graph\">{\"@context\":\"https:\/\/schema.org\",\"@graph\":[{\"@type\":\"WebPage\",\"@id\":\"https:\/\/geoclimate.ge\/fr\/produit\/food-ir-thermometer-bp5f-combined-surface-and-core-temperature-measurements-in-conformity-with-haccp-standards\/\",\"url\":\"https:\/\/geoclimate.ge\/fr\/produit\/food-ir-thermometer-bp5f-combined-surface-and-core-temperature-measurements-in-conformity-with-haccp-standards\/\",\"name\":\"THERMOM\u00c8TRE IR POUR ALIMENTS BP5F Mesure combin\u00e9e de la temp\u00e9rature de surface et \u00e0 c\u0153ur conform\u00e9ment aux normes HACCP - GeoClimate.ge\",\"isPartOf\":{\"@id\":\"https:\/\/geoclimate.ge\/#website\"},\"primaryImageOfPage\":{\"@id\":\"https:\/\/geoclimate.ge\/fr\/produit\/food-ir-thermometer-bp5f-combined-surface-and-core-temperature-measurements-in-conformity-with-haccp-standards\/#primaryimage\"},\"image\":{\"@id\":\"https:\/\/geoclimate.ge\/fr\/produit\/food-ir-thermometer-bp5f-combined-surface-and-core-temperature-measurements-in-conformity-with-haccp-standards\/#primaryimage\"},\"thumbnailUrl\":\"https:\/\/geoclimate.ge\/wp-content\/uploads\/2025\/01\/bp5f-infrared-sensor-c2c1.jpg\",\"datePublished\":\"2025-01-18T19:31:52+00:00\",\"dateModified\":\"2025-01-18T19:33:38+00:00\",\"breadcrumb\":{\"@id\":\"https:\/\/geoclimate.ge\/fr\/produit\/food-ir-thermometer-bp5f-combined-surface-and-core-temperature-measurements-in-conformity-with-haccp-standards\/#breadcrumb\"},\"inLanguage\":\"fr-FR\",\"potentialAction\":[{\"@type\":\"ReadAction\",\"target\":[\"https:\/\/geoclimate.ge\/fr\/produit\/food-ir-thermometer-bp5f-combined-surface-and-core-temperature-measurements-in-conformity-with-haccp-standards\/\"]}]},{\"@type\":\"ImageObject\",\"inLanguage\":\"fr-FR\",\"@id\":\"https:\/\/geoclimate.ge\/fr\/produit\/food-ir-thermometer-bp5f-combined-surface-and-core-temperature-measurements-in-conformity-with-haccp-standards\/#primaryimage\",\"url\":\"https:\/\/geoclimate.ge\/wp-content\/uploads\/2025\/01\/bp5f-infrared-sensor-c2c1.jpg\",\"contentUrl\":\"https:\/\/geoclimate.ge\/wp-content\/uploads\/2025\/01\/bp5f-infrared-sensor-c2c1.jpg\",\"width\":600,\"height\":600},{\"@type\":\"BreadcrumbList\",\"@id\":\"https:\/\/geoclimate.ge\/fr\/produit\/food-ir-thermometer-bp5f-combined-surface-and-core-temperature-measurements-in-conformity-with-haccp-standards\/#breadcrumb\",\"itemListElement\":[{\"@type\":\"ListItem\",\"position\":1,\"name\":\"Home\",\"item\":\"https:\/\/geoclimate.ge\/fr\/\"},{\"@type\":\"ListItem\",\"position\":2,\"name\":\"Products\",\"item\":\"https:\/\/geoclimate.ge\/fr\/products\/\"},{\"@type\":\"ListItem\",\"position\":3,\"name\":\"THERMOM\u00c8TRE IR POUR ALIMENTS BP5F Mesure combin\u00e9e de la temp\u00e9rature de surface et \u00e0 c\u0153ur conform\u00e9ment aux normes HACCP\"}]},{\"@type\":\"WebSite\",\"@id\":\"https:\/\/geoclimate.ge\/#website\",\"url\":\"https:\/\/geoclimate.ge\/\",\"name\":\"GeoClimate\",\"description\":\"\",\"publisher\":{\"@id\":\"https:\/\/geoclimate.ge\/#organization\"},\"potentialAction\":[{\"@type\":\"SearchAction\",\"target\":{\"@type\":\"EntryPoint\",\"urlTemplate\":\"https:\/\/geoclimate.ge\/?s={search_term_string}\"},\"query-input\":{\"@type\":\"PropertyValueSpecification\",\"valueRequired\":true,\"valueName\":\"search_term_string\"}}],\"inLanguage\":\"fr-FR\"},{\"@type\":\"Organization\",\"@id\":\"https:\/\/geoclimate.ge\/#organization\",\"name\":\"GeoClimate\",\"url\":\"https:\/\/geoclimate.ge\/\",\"logo\":{\"@type\":\"ImageObject\",\"inLanguage\":\"fr-FR\",\"@id\":\"https:\/\/geoclimate.ge\/#\/schema\/logo\/image\/\",\"url\":\"https:\/\/geoclimate.ge\/wp-content\/uploads\/2026\/03\/geoclimate-SEO.png\",\"contentUrl\":\"https:\/\/geoclimate.ge\/wp-content\/uploads\/2026\/03\/geoclimate-SEO.png\",\"width\":1536,\"height\":1024,\"caption\":\"GeoClimate\"},\"image\":{\"@id\":\"https:\/\/geoclimate.ge\/#\/schema\/logo\/image\/\"}}]}<\/script>\n<!-- \/ Yoast SEO plugin. -->","yoast_head_json":{"title":"THERMOM\u00c8TRE IR POUR ALIMENTS BP5F Mesure combin\u00e9e de la temp\u00e9rature de surface et \u00e0 c\u0153ur conform\u00e9ment aux normes HACCP - GeoClimate.ge","robots":{"index":"index","follow":"follow","max-snippet":"max-snippet:-1","max-image-preview":"max-image-preview:large","max-video-preview":"max-video-preview:-1"},"canonical":"https:\/\/geoclimate.ge\/fr\/produit\/food-ir-thermometer-bp5f-combined-surface-and-core-temperature-measurements-in-conformity-with-haccp-standards\/","og_locale":"fr_FR","og_type":"article","og_title":"THERMOM\u00c8TRE IR POUR ALIMENTS BP5F Mesure combin\u00e9e de la temp\u00e9rature de surface et \u00e0 c\u0153ur conform\u00e9ment aux normes HACCP - GeoClimate.ge","og_description":"THERMOM\u00c8TRE IR POUR ALIMENTS BP5F  Mesure combin\u00e9e de la temp\u00e9rature de surface et \u00e0 c\u0153ur conform\u00e9ment aux normes HACCP  Description du produit L'appareil de mesure portatif convivial est pr\u00eat \u00e0 fonctionner quelques secondes seulement apr\u00e8s sa mise en marche et enregistre rapidement et de mani\u00e8re fiable les valeurs de temp\u00e9rature mesur\u00e9es dans la plage de -40 \u00b0C \u00e0 +200\/280 \u00b0C (sonde\/IR), qui sont clairement visibles sur l'\u00e9cran r\u00e9tro\u00e9clair\u00e9 brillant pour une lecture sans fatigue des valeurs mesur\u00e9es, m\u00eame dans des environnements faiblement \u00e9clair\u00e9s.  Le capteur infrarouge int\u00e9gr\u00e9 mesure la temp\u00e9rature des mat\u00e9riaux des surfaces, en particulier des aliments, avec un temps de r\u00e9ponse inf\u00e9rieur \u00e0 500 ms.  En plus de l'affichage num\u00e9rique de la temp\u00e9rature, trois LED d'indication indiquent directement si la temp\u00e9rature mesur\u00e9e se situe dans les plages HACCP (analyse des risques et points critiques pour leur ma\u00eetrise).  Selon les directives HACCP pour les aliments, le maintien d'une plage de temp\u00e9rature inf\u00e9rieure \u00e0 4 \u00b0C et sup\u00e9rieure \u00e0 60 \u00b0C est un outil important pour emp\u00eacher le d\u00e9veloppement et la prolif\u00e9ration de micro-organismes nocifs.  Les temp\u00e9ratures comprises entre 4 \u00b0C et 60 \u00b0C peuvent favoriser la prolif\u00e9ration des germes.  En plus d'un affichage num\u00e9rique de la temp\u00e9rature, le thermom\u00e8tre alimentaire BP5F dispose de trois voyants LED qui visualisent directement la plage de temp\u00e9rature respective pour que l'utilisateur puisse rapidement voir si ces limites de temp\u00e9rature sont respect\u00e9es ou non.  Avantages pratiques :  D\u00e9veloppement, conception, fabrication : 100 % Trotec Thermom\u00e8tre infrarouge et de p\u00e9n\u00e9tration dans un seul appareil Mesure de la temp\u00e9rature \u00e0 c\u0153ur de -40 \u00b0C \u00e0 +200 \u00b0C - sans contact par infrarouge jusqu'\u00e0 +280 \u00b0C \u00d8 du spot de mesure de 5 mm \u00e0 100 mm de distance de l'objet \u00e0 mesurer Extr\u00eamement compact gr\u00e2ce au capteur de temp\u00e9rature \u00e0 c\u0153ur r\u00e9tractable avec protection de verrouillage Construction IP65 robuste et lavable \u00c9cran r\u00e9tro\u00e9clair\u00e9 Affichage rapide \u00e0 LED pour les plages de temp\u00e9rature conformes \u00e0 HACCP R\u00e9pond aux exigences de la LFGB, \u00a731 Conforme \u00e0 la norme DIN 10955:2004 Rapport qualit\u00e9-prix optimal Design industriel allemand optimis\u00e9 pour la pratique - brevet de conception prot\u00e9g\u00e9 La livraison comprend  1x BP5F Mode d'emploi Les consignes de s\u00e9curit\u00e9 et les avertissements sont inclus dans le manuel de l'appareil","og_url":"https:\/\/geoclimate.ge\/fr\/produit\/food-ir-thermometer-bp5f-combined-surface-and-core-temperature-measurements-in-conformity-with-haccp-standards\/","og_site_name":"GeoClimate.ge","article_modified_time":"2025-01-18T19:33:38+00:00","og_image":[{"width":600,"height":600,"url":"https:\/\/geoclimate.ge\/wp-content\/uploads\/2025\/01\/bp5f-infrared-sensor-c2c1.jpg","type":"image\/jpeg"}],"twitter_card":"summary_large_image","schema":{"@context":"https:\/\/schema.org","@graph":[{"@type":"WebPage","@id":"https:\/\/geoclimate.ge\/fr\/produit\/food-ir-thermometer-bp5f-combined-surface-and-core-temperature-measurements-in-conformity-with-haccp-standards\/","url":"https:\/\/geoclimate.ge\/fr\/produit\/food-ir-thermometer-bp5f-combined-surface-and-core-temperature-measurements-in-conformity-with-haccp-standards\/","name":"THERMOM\u00c8TRE IR POUR ALIMENTS BP5F Mesure combin\u00e9e de la temp\u00e9rature de surface et \u00e0 c\u0153ur conform\u00e9ment aux normes HACCP - GeoClimate.ge","isPartOf":{"@id":"https:\/\/geoclimate.ge\/#website"},"primaryImageOfPage":{"@id":"https:\/\/geoclimate.ge\/fr\/produit\/food-ir-thermometer-bp5f-combined-surface-and-core-temperature-measurements-in-conformity-with-haccp-standards\/#primaryimage"},"image":{"@id":"https:\/\/geoclimate.ge\/fr\/produit\/food-ir-thermometer-bp5f-combined-surface-and-core-temperature-measurements-in-conformity-with-haccp-standards\/#primaryimage"},"thumbnailUrl":"https:\/\/geoclimate.ge\/wp-content\/uploads\/2025\/01\/bp5f-infrared-sensor-c2c1.jpg","datePublished":"2025-01-18T19:31:52+00:00","dateModified":"2025-01-18T19:33:38+00:00","breadcrumb":{"@id":"https:\/\/geoclimate.ge\/fr\/produit\/food-ir-thermometer-bp5f-combined-surface-and-core-temperature-measurements-in-conformity-with-haccp-standards\/#breadcrumb"},"inLanguage":"fr-FR","potentialAction":[{"@type":"ReadAction","target":["https:\/\/geoclimate.ge\/fr\/produit\/food-ir-thermometer-bp5f-combined-surface-and-core-temperature-measurements-in-conformity-with-haccp-standards\/"]}]},{"@type":"ImageObject","inLanguage":"fr-FR","@id":"https:\/\/geoclimate.ge\/fr\/produit\/food-ir-thermometer-bp5f-combined-surface-and-core-temperature-measurements-in-conformity-with-haccp-standards\/#primaryimage","url":"https:\/\/geoclimate.ge\/wp-content\/uploads\/2025\/01\/bp5f-infrared-sensor-c2c1.jpg","contentUrl":"https:\/\/geoclimate.ge\/wp-content\/uploads\/2025\/01\/bp5f-infrared-sensor-c2c1.jpg","width":600,"height":600},{"@type":"BreadcrumbList","@id":"https:\/\/geoclimate.ge\/fr\/produit\/food-ir-thermometer-bp5f-combined-surface-and-core-temperature-measurements-in-conformity-with-haccp-standards\/#breadcrumb","itemListElement":[{"@type":"ListItem","position":1,"name":"Home","item":"https:\/\/geoclimate.ge\/fr\/"},{"@type":"ListItem","position":2,"name":"Products","item":"https:\/\/geoclimate.ge\/fr\/products\/"},{"@type":"ListItem","position":3,"name":"THERMOM\u00c8TRE IR POUR ALIMENTS BP5F Mesure combin\u00e9e de la temp\u00e9rature de surface et \u00e0 c\u0153ur conform\u00e9ment aux normes HACCP"}]},{"@type":"WebSite","@id":"https:\/\/geoclimate.ge\/#website","url":"https:\/\/geoclimate.ge\/","name":"GeoClimate","description":"","publisher":{"@id":"https:\/\/geoclimate.ge\/#organization"},"potentialAction":[{"@type":"SearchAction","target":{"@type":"EntryPoint","urlTemplate":"https:\/\/geoclimate.ge\/?s={search_term_string}"},"query-input":{"@type":"PropertyValueSpecification","valueRequired":true,"valueName":"search_term_string"}}],"inLanguage":"fr-FR"},{"@type":"Organization","@id":"https:\/\/geoclimate.ge\/#organization","name":"GeoClimate","url":"https:\/\/geoclimate.ge\/","logo":{"@type":"ImageObject","inLanguage":"fr-FR","@id":"https:\/\/geoclimate.ge\/#\/schema\/logo\/image\/","url":"https:\/\/geoclimate.ge\/wp-content\/uploads\/2026\/03\/geoclimate-SEO.png","contentUrl":"https:\/\/geoclimate.ge\/wp-content\/uploads\/2026\/03\/geoclimate-SEO.png","width":1536,"height":1024,"caption":"GeoClimate"},"image":{"@id":"https:\/\/geoclimate.ge\/#\/schema\/logo\/image\/"}}]}},"_links":{"self":[{"href":"https:\/\/geoclimate.ge\/fr\/wp-json\/wp\/v2\/product\/16648","targetHints":{"allow":["GET"]}}],"collection":[{"href":"https:\/\/geoclimate.ge\/fr\/wp-json\/wp\/v2\/product"}],"about":[{"href":"https:\/\/geoclimate.ge\/fr\/wp-json\/wp\/v2\/types\/product"}],"wp:featuredmedia":[{"embeddable":true,"href":"https:\/\/geoclimate.ge\/fr\/wp-json\/wp\/v2\/media\/16633"}],"wp:attachment":[{"href":"https:\/\/geoclimate.ge\/fr\/wp-json\/wp\/v2\/media?parent=16648"}],"wp:term":[{"taxonomy":"product_brand","embeddable":true,"href":"https:\/\/geoclimate.ge\/fr\/wp-json\/wp\/v2\/product_brand?post=16648"},{"taxonomy":"product_cat","embeddable":true,"href":"https:\/\/geoclimate.ge\/fr\/wp-json\/wp\/v2\/product_cat?post=16648"},{"taxonomy":"product_tag","embeddable":true,"href":"https:\/\/geoclimate.ge\/fr\/wp-json\/wp\/v2\/product_tag?post=16648"}],"curies":[{"name":"wp","href":"https:\/\/api.w.org\/{rel}","templated":true}]}}