{"id":16776,"date":"2025-01-19T00:08:18","date_gmt":"2025-01-18T20:08:18","guid":{"rendered":"https:\/\/airsystems.ge\/shop\/product\/turbo-fan-tfv-30-the-professional-high-performance-solution-for-construction-and-restoration-work\/"},"modified":"2025-01-19T00:11:29","modified_gmt":"2025-01-18T20:11:29","slug":"turbo-fan-tfv-30-the-professional-high-performance-solution-for-construction-and-restoration-work","status":"publish","type":"product","link":"https:\/\/geoclimate.ge\/fr\/produit\/turbo-fan-tfv-30-the-professional-high-performance-solution-for-construction-and-restoration-work\/","title":{"rendered":"Turbo ventilateur TFV 30 La solution professionnelle haute performance pour les travaux de construction et de r\u00e9novation"},"content":{"rendered":"<h2><a href=\"https:\/\/uk.trotec.com\/fileadmin\/downloads\/Ventilation\/TFV10_TFV20_TFV30\/TRT-BA-TFV10-TFV20-TFV30-TC-005-EN.pdf\" target=\"_blank\" rel=\"noopener\">Operating manual turbo fan TFV 10 \/ TFV 20 \/ TFV 30 (EN)<\/a><\/h2>\n<p class=\"bodytext\">TRT-BA-TFV10-TFV20-TFV30-TC-005-EN.pdf\u00a0(2.41 MB)<\/p>\n","protected":false},"excerpt":{"rendered":"<p>Turbo ventilateur TFV 30<br \/>\nLa solution professionnelle haute performance pour les travaux de construction et de r\u00e9novation<\/p>\n<p>Description du produit<br \/>\n\u00c9quip\u00e9 de ventilateurs centrifuges \u00e0 double flux avec un arbre sp\u00e9cial extra-large ainsi que de canaux de sortie d&rsquo;air de forme sp\u00e9ciale, le taux de s\u00e9chage est sensiblement augment\u00e9. L&rsquo;air ambiant est r\u00e9parti de mani\u00e8re optimale sur un large flux d&rsquo;air g\u00e9n\u00e9r\u00e9 pr\u00e8s du sol et aide \u00e0 nettoyer les chapes humides ou les rev\u00eatements de sol mouill\u00e9s.<\/p>\n<p>Particuli\u00e8rement dans le domaine du nettoyage des tapis, le s\u00e9chage acc\u00e9l\u00e9r\u00e9 apporte un avantage d\u00e9cisif &#8211; en plus du gain de temps : les fibres naturelles sont nettement moins d\u00e9form\u00e9es, la formation de vagues est \u00e9vit\u00e9e.<\/p>\n<p>Par rapport aux turbocompresseurs conventionnels, le TFV 30 offre un d\u00e9bit volumique sup\u00e9rieur de 10 pour cent ainsi qu&rsquo;une pression sup\u00e9rieure de 30 pour cent avec une consommation d&rsquo;\u00e9nergie inf\u00e9rieure de 30 pour cent. Les compteurs doubles, qui sont install\u00e9s de s\u00e9rie, vous informent sur les heures de fonctionnement et la consommation d&rsquo;\u00e9nergie.<\/p>\n<p>L&rsquo;\u00e9nergie lib\u00e9r\u00e9e n\u00e9cessite bien s\u00fbr aussi une bonne tenue. Gr\u00e2ce aux pieds antid\u00e9rapants sur tout le pourtour, cela est toujours possible, m\u00eame \u00e0 pleine puissance et bien s\u00fbr dans chacune des trois positions de montage variables. Le sous-sol peut ainsi \u00eatre s\u00e9ch\u00e9 sans souci apr\u00e8s un voyage avec votre voiture classique.<\/p>\n<p>Toutes les fonctionnalit\u00e9s sont r\u00e9unies dans le design cubique frappant. Le stockage et le transport sont confortables et peu encombrants &#8211; le turbofan est \u00e9galement empilable. Avec le r\u00e9cepteur de c\u00e2ble int\u00e9gr\u00e9, le guidon pratique, les but\u00e9es en caoutchouc et le panneau de commande encastr\u00e9 de protection, le bo\u00eetier offre des avantages suppl\u00e9mentaires en termes de transport et de stockage, ainsi que de confort et de s\u00e9curit\u00e9.<\/p>\n<p>Avantages pratiques :<\/p>\n<p>D\u00e9veloppement, conception, fabrication : 100 % Trotec<br \/>\nAussi robuste qu&rsquo;une construction l\u00e9g\u00e8re en poly\u00e9thyl\u00e8ne<br \/>\nVentilateurs centrifuges \u00e0 double flux avec onde sp\u00e9ciale extra-large<br \/>\nGlissi\u00e8res de base antid\u00e9rapantes sur tout le pourtour<br \/>\nSouffleur \u00e0 plusieurs niveaux<br \/>\nUtilisation et stockage possibles sous plusieurs angles<br \/>\nEfficacit\u00e9 \u00e9nerg\u00e9tique \u00e9lev\u00e9e, donc tout aussi puissant et \u00e9conome en \u00e9nergie<br \/>\nEmpilable<br \/>\nMoteur avec roulement \u00e0 billes de qualit\u00e9 &#8211; pas de charge unilat\u00e9rale sur l&rsquo;arbre<br \/>\nDesign industriel allemand optimis\u00e9 de mani\u00e8re pratique &#8211; mod\u00e8le de go\u00fbt prot\u00e9g\u00e9<br \/>\nCompteur double conforme \u00e0 la norme MID pour les heures de fonctionnement et la consommation d&rsquo;\u00e9nergie<br \/>\nD\u00e9tails techniques :<\/p>\n<p>Niveau de volume d&rsquo;air 1\u00a0: 1\u00a0600 m\u00b3\/h<br \/>\nNiveau de volume d&rsquo;air 2\u00a0: 1\u00a0850 m\u00b3\/h<br \/>\nD\u00e9bit d&rsquo;air 3\u00a0: 2\u00a0200 m\u00b3\/h<br \/>\nD\u00e9bit d&rsquo;air\u00a0: soufflage<br \/>\nNiveaux de ventilation\u00a0: 3<br \/>\nPression d&rsquo;air max.: 425 Pa<br \/>\nPression d&rsquo;air max. : 60 \u00b0C<br \/>\nTension de raccordement : 230 V \/ 50 Hz<br \/>\nPuissance absorb\u00e9e : 0,85 kW<br \/>\nType de connecteur : CEE 7\/7<br \/>\nLongueur de c\u00e2ble : 4 m<br \/>\nFusible requis : 10 A<br \/>\nPrise de service<br \/>\nCompteur double pour les heures de fonctionnement et la consommation d&rsquo;\u00e9nergie (conforme MID)<br \/>\nNiveau sonore (distance 3 m) Niveau 1 : 73,5 dB (A)<br \/>\nNiveau sonore (distance 3 m) Niveau 2 : 80,8 dB (A)<br \/>\nNiveau sonore (distance 3 m) Niveau 3 : 86,2 dB (A)<br \/>\nMobilit\u00e9 : portable \/ empilable<br \/>\nClasse de protection : IP22<br \/>\nDimensions (L x l x H) : 426 x 442 x 429 mm<br \/>\nPoids : 18,5 kg<\/p>\n","protected":false},"featured_media":16773,"template":"","meta":[],"product_brand":[],"product_cat":[617,420],"product_tag":[],"class_list":{"0":"post-16776","1":"product","2":"type-product","3":"status-publish","4":"has-post-thumbnail","6":"product_cat-ventilation-trotec-fr","7":"product_cat-trotec-fr","9":"first","10":"instock","11":"shipping-taxable","12":"purchasable","13":"product-type-simple"},"yoast_head":"<!-- This site is optimized with the Yoast SEO plugin v27.1.1 - https:\/\/yoast.com\/product\/yoast-seo-wordpress\/ -->\n<title>Turbo ventilateur TFV 30 La solution professionnelle haute performance pour les travaux de construction et de r\u00e9novation - GeoClimate.ge<\/title>\n<meta name=\"robots\" content=\"index, follow, max-snippet:-1, max-image-preview:large, max-video-preview:-1\" \/>\n<link rel=\"canonical\" href=\"https:\/\/geoclimate.ge\/fr\/produit\/turbo-fan-tfv-30-the-professional-high-performance-solution-for-construction-and-restoration-work\/\" \/>\n<meta property=\"og:locale\" content=\"fr_FR\" \/>\n<meta property=\"og:type\" content=\"article\" \/>\n<meta property=\"og:title\" content=\"Turbo ventilateur TFV 30 La solution professionnelle haute performance pour les travaux de construction et de r\u00e9novation - GeoClimate.ge\" \/>\n<meta property=\"og:description\" content=\"Turbo ventilateur TFV 30 La solution professionnelle haute performance pour les travaux de construction et de r\u00e9novation  Description du produit \u00c9quip\u00e9 de ventilateurs centrifuges \u00e0 double flux avec un arbre sp\u00e9cial extra-large ainsi que de canaux de sortie d&#039;air de forme sp\u00e9ciale, le taux de s\u00e9chage est sensiblement augment\u00e9. L&#039;air ambiant est r\u00e9parti de mani\u00e8re optimale sur un large flux d&#039;air g\u00e9n\u00e9r\u00e9 pr\u00e8s du sol et aide \u00e0 nettoyer les chapes humides ou les rev\u00eatements de sol mouill\u00e9s.  Particuli\u00e8rement dans le domaine du nettoyage des tapis, le s\u00e9chage acc\u00e9l\u00e9r\u00e9 apporte un avantage d\u00e9cisif - en plus du gain de temps : les fibres naturelles sont nettement moins d\u00e9form\u00e9es, la formation de vagues est \u00e9vit\u00e9e.  Par rapport aux turbocompresseurs conventionnels, le TFV 30 offre un d\u00e9bit volumique sup\u00e9rieur de 10 pour cent ainsi qu&#039;une pression sup\u00e9rieure de 30 pour cent avec une consommation d&#039;\u00e9nergie inf\u00e9rieure de 30 pour cent. Les compteurs doubles, qui sont install\u00e9s de s\u00e9rie, vous informent sur les heures de fonctionnement et la consommation d&#039;\u00e9nergie.  L&#039;\u00e9nergie lib\u00e9r\u00e9e n\u00e9cessite bien s\u00fbr aussi une bonne tenue. Gr\u00e2ce aux pieds antid\u00e9rapants sur tout le pourtour, cela est toujours possible, m\u00eame \u00e0 pleine puissance et bien s\u00fbr dans chacune des trois positions de montage variables. Le sous-sol peut ainsi \u00eatre s\u00e9ch\u00e9 sans souci apr\u00e8s un voyage avec votre voiture classique.  Toutes les fonctionnalit\u00e9s sont r\u00e9unies dans le design cubique frappant. Le stockage et le transport sont confortables et peu encombrants - le turbofan est \u00e9galement empilable. Avec le r\u00e9cepteur de c\u00e2ble int\u00e9gr\u00e9, le guidon pratique, les but\u00e9es en caoutchouc et le panneau de commande encastr\u00e9 de protection, le bo\u00eetier offre des avantages suppl\u00e9mentaires en termes de transport et de stockage, ainsi que de confort et de s\u00e9curit\u00e9.  Avantages pratiques :  D\u00e9veloppement, conception, fabrication : 100 % Trotec Aussi robuste qu&#039;une construction l\u00e9g\u00e8re en poly\u00e9thyl\u00e8ne Ventilateurs centrifuges \u00e0 double flux avec onde sp\u00e9ciale extra-large Glissi\u00e8res de base antid\u00e9rapantes sur tout le pourtour Souffleur \u00e0 plusieurs niveaux Utilisation et stockage possibles sous plusieurs angles Efficacit\u00e9 \u00e9nerg\u00e9tique \u00e9lev\u00e9e, donc tout aussi puissant et \u00e9conome en \u00e9nergie Empilable Moteur avec roulement \u00e0 billes de qualit\u00e9 - pas de charge unilat\u00e9rale sur l&#039;arbre Design industriel allemand optimis\u00e9 de mani\u00e8re pratique - mod\u00e8le de go\u00fbt prot\u00e9g\u00e9 Compteur double conforme \u00e0 la norme MID pour les heures de fonctionnement et la consommation d&#039;\u00e9nergie D\u00e9tails techniques :  Niveau de volume d&#039;air 1\u00a0: 1\u00a0600 m\u00b3\/h Niveau de volume d&#039;air 2\u00a0: 1\u00a0850 m\u00b3\/h D\u00e9bit d&#039;air 3\u00a0: 2\u00a0200 m\u00b3\/h D\u00e9bit d&#039;air\u00a0: soufflage Niveaux de ventilation\u00a0: 3 Pression d&#039;air max.: 425 Pa Pression d&#039;air max. : 60 \u00b0C Tension de raccordement : 230 V \/ 50 Hz Puissance absorb\u00e9e : 0,85 kW Type de connecteur : CEE 7\/7 Longueur de c\u00e2ble : 4 m Fusible requis : 10 A Prise de service Compteur double pour les heures de fonctionnement et la consommation d&#039;\u00e9nergie (conforme MID) Niveau sonore (distance 3 m) Niveau 1 : 73,5 dB (A) Niveau sonore (distance 3 m) Niveau 2 : 80,8 dB (A) Niveau sonore (distance 3 m) Niveau 3 : 86,2 dB (A) Mobilit\u00e9 : portable \/ empilable Classe de protection : IP22 Dimensions (L x l x H) : 426 x 442 x 429 mm Poids : 18,5 kg\" \/>\n<meta property=\"og:url\" content=\"https:\/\/geoclimate.ge\/fr\/produit\/turbo-fan-tfv-30-the-professional-high-performance-solution-for-construction-and-restoration-work\/\" \/>\n<meta property=\"og:site_name\" content=\"GeoClimate.ge\" \/>\n<meta property=\"article:modified_time\" content=\"2025-01-18T20:11:29+00:00\" \/>\n<meta property=\"og:image\" content=\"https:\/\/geoclimate.ge\/wp-content\/uploads\/2025\/01\/tfv30-ps-11-d44a.jpg\" \/>\n\t<meta property=\"og:image:width\" content=\"600\" \/>\n\t<meta property=\"og:image:height\" content=\"600\" \/>\n\t<meta property=\"og:image:type\" content=\"image\/jpeg\" \/>\n<meta name=\"twitter:card\" content=\"summary_large_image\" \/>\n<script type=\"application\/ld+json\" class=\"yoast-schema-graph\">{\"@context\":\"https:\/\/schema.org\",\"@graph\":[{\"@type\":\"WebPage\",\"@id\":\"https:\/\/geoclimate.ge\/fr\/produit\/turbo-fan-tfv-30-the-professional-high-performance-solution-for-construction-and-restoration-work\/\",\"url\":\"https:\/\/geoclimate.ge\/fr\/produit\/turbo-fan-tfv-30-the-professional-high-performance-solution-for-construction-and-restoration-work\/\",\"name\":\"Turbo ventilateur TFV 30 La solution professionnelle haute performance pour les travaux de construction et de r\u00e9novation - GeoClimate.ge\",\"isPartOf\":{\"@id\":\"https:\/\/geoclimate.ge\/#website\"},\"primaryImageOfPage\":{\"@id\":\"https:\/\/geoclimate.ge\/fr\/produit\/turbo-fan-tfv-30-the-professional-high-performance-solution-for-construction-and-restoration-work\/#primaryimage\"},\"image\":{\"@id\":\"https:\/\/geoclimate.ge\/fr\/produit\/turbo-fan-tfv-30-the-professional-high-performance-solution-for-construction-and-restoration-work\/#primaryimage\"},\"thumbnailUrl\":\"https:\/\/geoclimate.ge\/wp-content\/uploads\/2025\/01\/tfv30-ps-11-d44a.jpg\",\"datePublished\":\"2025-01-18T20:08:18+00:00\",\"dateModified\":\"2025-01-18T20:11:29+00:00\",\"breadcrumb\":{\"@id\":\"https:\/\/geoclimate.ge\/fr\/produit\/turbo-fan-tfv-30-the-professional-high-performance-solution-for-construction-and-restoration-work\/#breadcrumb\"},\"inLanguage\":\"fr-FR\",\"potentialAction\":[{\"@type\":\"ReadAction\",\"target\":[\"https:\/\/geoclimate.ge\/fr\/produit\/turbo-fan-tfv-30-the-professional-high-performance-solution-for-construction-and-restoration-work\/\"]}]},{\"@type\":\"ImageObject\",\"inLanguage\":\"fr-FR\",\"@id\":\"https:\/\/geoclimate.ge\/fr\/produit\/turbo-fan-tfv-30-the-professional-high-performance-solution-for-construction-and-restoration-work\/#primaryimage\",\"url\":\"https:\/\/geoclimate.ge\/wp-content\/uploads\/2025\/01\/tfv30-ps-11-d44a.jpg\",\"contentUrl\":\"https:\/\/geoclimate.ge\/wp-content\/uploads\/2025\/01\/tfv30-ps-11-d44a.jpg\",\"width\":600,\"height\":600},{\"@type\":\"BreadcrumbList\",\"@id\":\"https:\/\/geoclimate.ge\/fr\/produit\/turbo-fan-tfv-30-the-professional-high-performance-solution-for-construction-and-restoration-work\/#breadcrumb\",\"itemListElement\":[{\"@type\":\"ListItem\",\"position\":1,\"name\":\"Home\",\"item\":\"https:\/\/geoclimate.ge\/fr\/\"},{\"@type\":\"ListItem\",\"position\":2,\"name\":\"Products\",\"item\":\"https:\/\/geoclimate.ge\/fr\/products\/\"},{\"@type\":\"ListItem\",\"position\":3,\"name\":\"Turbo ventilateur TFV 30 La solution professionnelle haute performance pour les travaux de construction et de r\u00e9novation\"}]},{\"@type\":\"WebSite\",\"@id\":\"https:\/\/geoclimate.ge\/#website\",\"url\":\"https:\/\/geoclimate.ge\/\",\"name\":\"GeoClimate\",\"description\":\"\",\"publisher\":{\"@id\":\"https:\/\/geoclimate.ge\/#organization\"},\"potentialAction\":[{\"@type\":\"SearchAction\",\"target\":{\"@type\":\"EntryPoint\",\"urlTemplate\":\"https:\/\/geoclimate.ge\/?s={search_term_string}\"},\"query-input\":{\"@type\":\"PropertyValueSpecification\",\"valueRequired\":true,\"valueName\":\"search_term_string\"}}],\"inLanguage\":\"fr-FR\"},{\"@type\":\"Organization\",\"@id\":\"https:\/\/geoclimate.ge\/#organization\",\"name\":\"GeoClimate\",\"url\":\"https:\/\/geoclimate.ge\/\",\"logo\":{\"@type\":\"ImageObject\",\"inLanguage\":\"fr-FR\",\"@id\":\"https:\/\/geoclimate.ge\/#\/schema\/logo\/image\/\",\"url\":\"https:\/\/geoclimate.ge\/wp-content\/uploads\/2026\/03\/geoclimate-SEO.png\",\"contentUrl\":\"https:\/\/geoclimate.ge\/wp-content\/uploads\/2026\/03\/geoclimate-SEO.png\",\"width\":1536,\"height\":1024,\"caption\":\"GeoClimate\"},\"image\":{\"@id\":\"https:\/\/geoclimate.ge\/#\/schema\/logo\/image\/\"}}]}<\/script>\n<!-- \/ Yoast SEO plugin. -->","yoast_head_json":{"title":"Turbo ventilateur TFV 30 La solution professionnelle haute performance pour les travaux de construction et de r\u00e9novation - GeoClimate.ge","robots":{"index":"index","follow":"follow","max-snippet":"max-snippet:-1","max-image-preview":"max-image-preview:large","max-video-preview":"max-video-preview:-1"},"canonical":"https:\/\/geoclimate.ge\/fr\/produit\/turbo-fan-tfv-30-the-professional-high-performance-solution-for-construction-and-restoration-work\/","og_locale":"fr_FR","og_type":"article","og_title":"Turbo ventilateur TFV 30 La solution professionnelle haute performance pour les travaux de construction et de r\u00e9novation - GeoClimate.ge","og_description":"Turbo ventilateur TFV 30 La solution professionnelle haute performance pour les travaux de construction et de r\u00e9novation  Description du produit \u00c9quip\u00e9 de ventilateurs centrifuges \u00e0 double flux avec un arbre sp\u00e9cial extra-large ainsi que de canaux de sortie d'air de forme sp\u00e9ciale, le taux de s\u00e9chage est sensiblement augment\u00e9. L'air ambiant est r\u00e9parti de mani\u00e8re optimale sur un large flux d'air g\u00e9n\u00e9r\u00e9 pr\u00e8s du sol et aide \u00e0 nettoyer les chapes humides ou les rev\u00eatements de sol mouill\u00e9s.  Particuli\u00e8rement dans le domaine du nettoyage des tapis, le s\u00e9chage acc\u00e9l\u00e9r\u00e9 apporte un avantage d\u00e9cisif - en plus du gain de temps : les fibres naturelles sont nettement moins d\u00e9form\u00e9es, la formation de vagues est \u00e9vit\u00e9e.  Par rapport aux turbocompresseurs conventionnels, le TFV 30 offre un d\u00e9bit volumique sup\u00e9rieur de 10 pour cent ainsi qu'une pression sup\u00e9rieure de 30 pour cent avec une consommation d'\u00e9nergie inf\u00e9rieure de 30 pour cent. Les compteurs doubles, qui sont install\u00e9s de s\u00e9rie, vous informent sur les heures de fonctionnement et la consommation d'\u00e9nergie.  L'\u00e9nergie lib\u00e9r\u00e9e n\u00e9cessite bien s\u00fbr aussi une bonne tenue. Gr\u00e2ce aux pieds antid\u00e9rapants sur tout le pourtour, cela est toujours possible, m\u00eame \u00e0 pleine puissance et bien s\u00fbr dans chacune des trois positions de montage variables. Le sous-sol peut ainsi \u00eatre s\u00e9ch\u00e9 sans souci apr\u00e8s un voyage avec votre voiture classique.  Toutes les fonctionnalit\u00e9s sont r\u00e9unies dans le design cubique frappant. Le stockage et le transport sont confortables et peu encombrants - le turbofan est \u00e9galement empilable. Avec le r\u00e9cepteur de c\u00e2ble int\u00e9gr\u00e9, le guidon pratique, les but\u00e9es en caoutchouc et le panneau de commande encastr\u00e9 de protection, le bo\u00eetier offre des avantages suppl\u00e9mentaires en termes de transport et de stockage, ainsi que de confort et de s\u00e9curit\u00e9.  Avantages pratiques :  D\u00e9veloppement, conception, fabrication : 100 % Trotec Aussi robuste qu'une construction l\u00e9g\u00e8re en poly\u00e9thyl\u00e8ne Ventilateurs centrifuges \u00e0 double flux avec onde sp\u00e9ciale extra-large Glissi\u00e8res de base antid\u00e9rapantes sur tout le pourtour Souffleur \u00e0 plusieurs niveaux Utilisation et stockage possibles sous plusieurs angles Efficacit\u00e9 \u00e9nerg\u00e9tique \u00e9lev\u00e9e, donc tout aussi puissant et \u00e9conome en \u00e9nergie Empilable Moteur avec roulement \u00e0 billes de qualit\u00e9 - pas de charge unilat\u00e9rale sur l'arbre Design industriel allemand optimis\u00e9 de mani\u00e8re pratique - mod\u00e8le de go\u00fbt prot\u00e9g\u00e9 Compteur double conforme \u00e0 la norme MID pour les heures de fonctionnement et la consommation d'\u00e9nergie D\u00e9tails techniques :  Niveau de volume d'air 1\u00a0: 1\u00a0600 m\u00b3\/h Niveau de volume d'air 2\u00a0: 1\u00a0850 m\u00b3\/h D\u00e9bit d'air 3\u00a0: 2\u00a0200 m\u00b3\/h D\u00e9bit d'air\u00a0: soufflage Niveaux de ventilation\u00a0: 3 Pression d'air max.: 425 Pa Pression d'air max. : 60 \u00b0C Tension de raccordement : 230 V \/ 50 Hz Puissance absorb\u00e9e : 0,85 kW Type de connecteur : CEE 7\/7 Longueur de c\u00e2ble : 4 m Fusible requis : 10 A Prise de service Compteur double pour les heures de fonctionnement et la consommation d'\u00e9nergie (conforme MID) Niveau sonore (distance 3 m) Niveau 1 : 73,5 dB (A) Niveau sonore (distance 3 m) Niveau 2 : 80,8 dB (A) Niveau sonore (distance 3 m) Niveau 3 : 86,2 dB (A) Mobilit\u00e9 : portable \/ empilable Classe de protection : IP22 Dimensions (L x l x H) : 426 x 442 x 429 mm Poids : 18,5 kg","og_url":"https:\/\/geoclimate.ge\/fr\/produit\/turbo-fan-tfv-30-the-professional-high-performance-solution-for-construction-and-restoration-work\/","og_site_name":"GeoClimate.ge","article_modified_time":"2025-01-18T20:11:29+00:00","og_image":[{"width":600,"height":600,"url":"https:\/\/geoclimate.ge\/wp-content\/uploads\/2025\/01\/tfv30-ps-11-d44a.jpg","type":"image\/jpeg"}],"twitter_card":"summary_large_image","schema":{"@context":"https:\/\/schema.org","@graph":[{"@type":"WebPage","@id":"https:\/\/geoclimate.ge\/fr\/produit\/turbo-fan-tfv-30-the-professional-high-performance-solution-for-construction-and-restoration-work\/","url":"https:\/\/geoclimate.ge\/fr\/produit\/turbo-fan-tfv-30-the-professional-high-performance-solution-for-construction-and-restoration-work\/","name":"Turbo ventilateur TFV 30 La solution professionnelle haute performance pour les travaux de construction et de r\u00e9novation - GeoClimate.ge","isPartOf":{"@id":"https:\/\/geoclimate.ge\/#website"},"primaryImageOfPage":{"@id":"https:\/\/geoclimate.ge\/fr\/produit\/turbo-fan-tfv-30-the-professional-high-performance-solution-for-construction-and-restoration-work\/#primaryimage"},"image":{"@id":"https:\/\/geoclimate.ge\/fr\/produit\/turbo-fan-tfv-30-the-professional-high-performance-solution-for-construction-and-restoration-work\/#primaryimage"},"thumbnailUrl":"https:\/\/geoclimate.ge\/wp-content\/uploads\/2025\/01\/tfv30-ps-11-d44a.jpg","datePublished":"2025-01-18T20:08:18+00:00","dateModified":"2025-01-18T20:11:29+00:00","breadcrumb":{"@id":"https:\/\/geoclimate.ge\/fr\/produit\/turbo-fan-tfv-30-the-professional-high-performance-solution-for-construction-and-restoration-work\/#breadcrumb"},"inLanguage":"fr-FR","potentialAction":[{"@type":"ReadAction","target":["https:\/\/geoclimate.ge\/fr\/produit\/turbo-fan-tfv-30-the-professional-high-performance-solution-for-construction-and-restoration-work\/"]}]},{"@type":"ImageObject","inLanguage":"fr-FR","@id":"https:\/\/geoclimate.ge\/fr\/produit\/turbo-fan-tfv-30-the-professional-high-performance-solution-for-construction-and-restoration-work\/#primaryimage","url":"https:\/\/geoclimate.ge\/wp-content\/uploads\/2025\/01\/tfv30-ps-11-d44a.jpg","contentUrl":"https:\/\/geoclimate.ge\/wp-content\/uploads\/2025\/01\/tfv30-ps-11-d44a.jpg","width":600,"height":600},{"@type":"BreadcrumbList","@id":"https:\/\/geoclimate.ge\/fr\/produit\/turbo-fan-tfv-30-the-professional-high-performance-solution-for-construction-and-restoration-work\/#breadcrumb","itemListElement":[{"@type":"ListItem","position":1,"name":"Home","item":"https:\/\/geoclimate.ge\/fr\/"},{"@type":"ListItem","position":2,"name":"Products","item":"https:\/\/geoclimate.ge\/fr\/products\/"},{"@type":"ListItem","position":3,"name":"Turbo ventilateur TFV 30 La solution professionnelle haute performance pour les travaux de construction et de r\u00e9novation"}]},{"@type":"WebSite","@id":"https:\/\/geoclimate.ge\/#website","url":"https:\/\/geoclimate.ge\/","name":"GeoClimate","description":"","publisher":{"@id":"https:\/\/geoclimate.ge\/#organization"},"potentialAction":[{"@type":"SearchAction","target":{"@type":"EntryPoint","urlTemplate":"https:\/\/geoclimate.ge\/?s={search_term_string}"},"query-input":{"@type":"PropertyValueSpecification","valueRequired":true,"valueName":"search_term_string"}}],"inLanguage":"fr-FR"},{"@type":"Organization","@id":"https:\/\/geoclimate.ge\/#organization","name":"GeoClimate","url":"https:\/\/geoclimate.ge\/","logo":{"@type":"ImageObject","inLanguage":"fr-FR","@id":"https:\/\/geoclimate.ge\/#\/schema\/logo\/image\/","url":"https:\/\/geoclimate.ge\/wp-content\/uploads\/2026\/03\/geoclimate-SEO.png","contentUrl":"https:\/\/geoclimate.ge\/wp-content\/uploads\/2026\/03\/geoclimate-SEO.png","width":1536,"height":1024,"caption":"GeoClimate"},"image":{"@id":"https:\/\/geoclimate.ge\/#\/schema\/logo\/image\/"}}]}},"_links":{"self":[{"href":"https:\/\/geoclimate.ge\/fr\/wp-json\/wp\/v2\/product\/16776","targetHints":{"allow":["GET"]}}],"collection":[{"href":"https:\/\/geoclimate.ge\/fr\/wp-json\/wp\/v2\/product"}],"about":[{"href":"https:\/\/geoclimate.ge\/fr\/wp-json\/wp\/v2\/types\/product"}],"wp:featuredmedia":[{"embeddable":true,"href":"https:\/\/geoclimate.ge\/fr\/wp-json\/wp\/v2\/media\/16773"}],"wp:attachment":[{"href":"https:\/\/geoclimate.ge\/fr\/wp-json\/wp\/v2\/media?parent=16776"}],"wp:term":[{"taxonomy":"product_brand","embeddable":true,"href":"https:\/\/geoclimate.ge\/fr\/wp-json\/wp\/v2\/product_brand?post=16776"},{"taxonomy":"product_cat","embeddable":true,"href":"https:\/\/geoclimate.ge\/fr\/wp-json\/wp\/v2\/product_cat?post=16776"},{"taxonomy":"product_tag","embeddable":true,"href":"https:\/\/geoclimate.ge\/fr\/wp-json\/wp\/v2\/product_tag?post=16776"}],"curies":[{"name":"wp","href":"https:\/\/api.w.org\/{rel}","templated":true}]}}