{"id":17089,"date":"2025-02-07T14:44:21","date_gmt":"2025-02-07T10:44:21","guid":{"rendered":"https:\/\/airsystems.ge\/shop\/product\/vibro-msr-anti-vibration-spring-isolator-with-lateral-restrain\/"},"modified":"2025-02-07T14:49:42","modified_gmt":"2025-02-07T10:49:42","slug":"vibro-msr-anti-vibration-spring-isolator-with-lateral-restrain","status":"publish","type":"product","link":"https:\/\/geoclimate.ge\/fr\/produit\/vibro-msr-anti-vibration-spring-isolator-with-lateral-restrain\/","title":{"rendered":"Vibro-MSR : Isolateur \u00e0 ressort antivibratoire avec retenue lat\u00e9rale"},"content":{"rendered":"<ul class=\"tab_nav hidden-xs\">\n<li id=\"tab-1-title\" class=\"tab_title active\" data-tab-number=\"2\">Selection Table<\/li>\n<\/ul>\n<table>\n<thead>\n<tr>\n<th>TYPE<\/th>\n<th>\u00a0\u00a0\u00a0No. of \u00a0\u00a0\u00a0SPRINGS<\/th>\n<th>\u00a0\u00a0\u00a0DIMENSIONS (A-B-H mm)<\/th>\n<th>\u00a0\u00a0\u00a0MAXIMUM LOAD (daN)<\/th>\n<\/tr>\n<\/thead>\n<tbody>\n<tr>\n<td>\u00a0\u00a0\u00a0Vibro-MSR 50.2<\/td>\n<td>\u00a0\u00a0\u00a02<\/td>\n<td>\u00a0\u00a0\u00a0160 \u2013 66 \u2013\u00a0\u00a0\u00a080<\/td>\n<td>\u00a0\u00a0\u00a050<\/td>\n<\/tr>\n<tr>\n<td>\u00a0\u00a0\u00a0Vibro-MSR 100.2<\/td>\n<td>\u00a0\u00a0\u00a02<\/td>\n<td>\u00a0\u00a0\u00a0160 \u2013 66 \u2013\u00a0\u00a0\u00a080<\/td>\n<td>\u00a0\u00a0\u00a0100<\/td>\n<\/tr>\n<tr>\n<td>\u00a0\u00a0\u00a0Vibro-MSR 200.2<\/td>\n<td>\u00a0\u00a0\u00a02<\/td>\n<td>\u00a0\u00a0\u00a0160 \u2013 66 \u2013\u00a0\u00a0\u00a080<\/td>\n<td>\u00a0\u00a0\u00a0200<\/td>\n<\/tr>\n<tr>\n<td>\u00a0\u00a0\u00a0Vibro-MSR 300.2<\/td>\n<td>\u00a0\u00a0\u00a02<\/td>\n<td>\u00a0\u00a0\u00a0160 \u2013 66 \u2013\u00a0\u00a0\u00a080<\/td>\n<td>\u00a0\u00a0\u00a0300<\/td>\n<\/tr>\n<tr>\n<td>\u00a0\u00a0\u00a0Vibro-MSR 100.4<\/td>\n<td>\u00a0\u00a0\u00a04<\/td>\n<td>\u00a0\u00a0\u00a0170 \u2013 120 \u2013 85<\/td>\n<td>\u00a0\u00a0\u00a0100<\/td>\n<\/tr>\n<tr>\n<td>\u00a0\u00a0\u00a0Vibro-MSR 200.4<\/td>\n<td>\u00a0\u00a0\u00a04<\/td>\n<td>\u00a0\u00a0\u00a0170 \u2013 120 \u2013 85<\/td>\n<td>\u00a0\u00a0\u00a0200<\/td>\n<\/tr>\n<tr>\n<td>\u00a0\u00a0\u00a0Vibro-MSR 250.5<\/td>\n<td>\u00a0\u00a0\u00a05<\/td>\n<td>\u00a0\u00a0\u00a0170 \u2013 120 \u2013 85<\/td>\n<td>\u00a0\u00a0\u00a0250<\/td>\n<\/tr>\n<tr>\n<td>\u00a0\u00a0\u00a0Vibro-MSR 300.4<\/td>\n<td>\u00a0\u00a0\u00a04<\/td>\n<td>\u00a0\u00a0\u00a0170 \u2013 120 \u2013 85<\/td>\n<td>\u00a0\u00a0\u00a0300<\/td>\n<\/tr>\n<tr>\n<td>\u00a0\u00a0\u00a0Vibro-MSR 400.4<\/td>\n<td>\u00a0\u00a0\u00a04<\/td>\n<td>\u00a0\u00a0\u00a0170 \u2013 120 \u2013 85<\/td>\n<td>\u00a0\u00a0\u00a0400<\/td>\n<\/tr>\n<tr>\n<td>\u00a0\u00a0\u00a0Vibro-MSR 500.5<\/td>\n<td>\u00a0\u00a0\u00a05<\/td>\n<td>\u00a0\u00a0\u00a0170 \u2013 120 \u2013 85<\/td>\n<td>\u00a0\u00a0\u00a0500<\/td>\n<\/tr>\n<tr>\n<td>\u00a0\u00a0\u00a0Vibro-MSR 600.4<\/td>\n<td>\u00a0\u00a0\u00a04<\/td>\n<td>\u00a0\u00a0\u00a0170 \u2013 120 \u2013 85<\/td>\n<td>\u00a0\u00a0\u00a0600<\/td>\n<\/tr>\n<tr>\n<td>\u00a0\u00a0\u00a0Vibro-MSR 750.5<\/td>\n<td>\u00a0\u00a0\u00a05<\/td>\n<td>\u00a0\u00a0\u00a0170 \u2013 120 \u2013 85<\/td>\n<td>\u00a0\u00a0\u00a0750<\/td>\n<\/tr>\n<\/tbody>\n<\/table>\n","protected":false},"excerpt":{"rendered":"<p>Isolateurs \u00e0 ressort antivibratoire avec retenue lat\u00e9rale, utilis\u00e9s pour l&rsquo;isolation des vibrations \u00e0 basse fr\u00e9quence<\/p>\n<p>DESCRIPTION<\/p>\n<p>Notre \u00e9quipe de recherche et d\u00e9veloppement a termin\u00e9 avec succ\u00e8s la conception, les tests et la fabrication d&rsquo;une nouvelle s\u00e9rie compl\u00e8te de supports \u00e0 ressorts antisismiques pour isolateurs de vibrations sous le nom de Vibro-MSR (Restrained). Le nouveau produit de la cat\u00e9gorie des supports \u00e0 ressort offre une plage de charge commen\u00e7ant \u00e0 partir de petits poids (50 kp) et pouvant aller jusqu&rsquo;\u00e0 750 kp par point de montage, compl\u00e9tant ainsi la gamme de produits antivibratoires pour supports \u00e0 retenue.<\/p>\n<p>Le bo\u00eetier de l&rsquo;isolateur \u00e0 ressort Vibro-MSR est con\u00e7u pour limiter les mouvements verticaux et horizontaux de l&rsquo;\u00e9quipement isol\u00e9 et offre une protection sismique.<\/p>\n<p>Vibro-MSR est un support de contr\u00f4le des vibrations avec plusieurs ressorts qui peuvent offrir une retenue multidirectionnelle. Il peut \u00eatre utilis\u00e9 dans les applications de contr\u00f4le des vibrations \u00e0 basse fr\u00e9quence (rotation \u00e0 basse vitesse de 400 tr\/min et plus) pour les machines \u00e0 charge lourde o\u00f9 un support lat\u00e9ral et vertical et une protection contre les tremblements de terre et la pression excessive du vent sont n\u00e9cessaires. Ils peuvent supporter des forces de tension, de compression et de cisaillement.<\/p>\n<p>Les applications typiques sont les compresseurs d&rsquo;air, les moteurs \u00e0 deux temps, les refroidisseurs, les tours de refroidissement \u00e0 eau, les unit\u00e9s de traitement d&rsquo;air, etc.<\/p>\n<p>L&rsquo;isolateur \u00e0 ressort Vibro-MSR avec sa conception innovante peut offrir simultan\u00e9ment une protection de contr\u00f4le sismique, soutenir avec succ\u00e8s les forces lat\u00e9rales de pression du vent et en m\u00eame temps r\u00e9duire la transmission des vibrations aux structures de support.<\/p>\n<p>Le profil en caoutchouc \u00e0 sa base agit comme un amortisseur de bruit et augmente l&rsquo;efficacit\u00e9 de l&rsquo;isolation dans les hautes fr\u00e9quences, qui pourraient \u00eatre transmises par les ressorts (en option).<\/p>\n<p>APPLICATIONS<\/p>\n<p>Il est recommand\u00e9 d&rsquo;utiliser Vibro-MSR.Restrained pour l&rsquo;isolation m\u00e9canique du bruit et des vibrations pour :<\/p>\n<p>Les \u00e9quipements vibrants sont susceptibles d&rsquo;\u00eatre soumis \u00e0 des \u00e9v\u00e9nements sismiques.<br \/>\nLorsque l&rsquo;\u00e9quipement vibrant est susceptible de pr\u00e9senter des alternances importantes du centre de masse.<br \/>\nLorsque des charges de vent \u00e9lev\u00e9es ou d\u2019autres forces externes sont appliqu\u00e9es.<\/p>\n","protected":false},"featured_media":17074,"template":"","meta":[],"product_brand":[],"product_cat":[707],"product_tag":[],"class_list":{"0":"post-17089","1":"product","2":"type-product","3":"status-publish","4":"has-post-thumbnail","6":"product_cat-vibration-anti-bruit-acoustique-fr","8":"first","9":"instock","10":"shipping-taxable","11":"product-type-simple"},"yoast_head":"<!-- This site is optimized with the Yoast SEO plugin v27.1.1 - https:\/\/yoast.com\/product\/yoast-seo-wordpress\/ -->\n<title>Vibro-MSR : Isolateur \u00e0 ressort antivibratoire avec retenue lat\u00e9rale - GeoClimate.ge<\/title>\n<meta name=\"robots\" content=\"index, follow, max-snippet:-1, max-image-preview:large, max-video-preview:-1\" \/>\n<link rel=\"canonical\" href=\"https:\/\/geoclimate.ge\/fr\/produit\/vibro-msr-anti-vibration-spring-isolator-with-lateral-restrain\/\" \/>\n<meta property=\"og:locale\" content=\"fr_FR\" \/>\n<meta property=\"og:type\" content=\"article\" \/>\n<meta property=\"og:title\" content=\"Vibro-MSR : Isolateur \u00e0 ressort antivibratoire avec retenue lat\u00e9rale - GeoClimate.ge\" \/>\n<meta property=\"og:description\" content=\"Isolateurs \u00e0 ressort antivibratoire avec retenue lat\u00e9rale, utilis\u00e9s pour l&#039;isolation des vibrations \u00e0 basse fr\u00e9quence  DESCRIPTION  Notre \u00e9quipe de recherche et d\u00e9veloppement a termin\u00e9 avec succ\u00e8s la conception, les tests et la fabrication d&#039;une nouvelle s\u00e9rie compl\u00e8te de supports \u00e0 ressorts antisismiques pour isolateurs de vibrations sous le nom de Vibro-MSR (Restrained). Le nouveau produit de la cat\u00e9gorie des supports \u00e0 ressort offre une plage de charge commen\u00e7ant \u00e0 partir de petits poids (50 kp) et pouvant aller jusqu&#039;\u00e0 750 kp par point de montage, compl\u00e9tant ainsi la gamme de produits antivibratoires pour supports \u00e0 retenue.  Le bo\u00eetier de l&#039;isolateur \u00e0 ressort Vibro-MSR est con\u00e7u pour limiter les mouvements verticaux et horizontaux de l&#039;\u00e9quipement isol\u00e9 et offre une protection sismique.  Vibro-MSR est un support de contr\u00f4le des vibrations avec plusieurs ressorts qui peuvent offrir une retenue multidirectionnelle. Il peut \u00eatre utilis\u00e9 dans les applications de contr\u00f4le des vibrations \u00e0 basse fr\u00e9quence (rotation \u00e0 basse vitesse de 400 tr\/min et plus) pour les machines \u00e0 charge lourde o\u00f9 un support lat\u00e9ral et vertical et une protection contre les tremblements de terre et la pression excessive du vent sont n\u00e9cessaires. Ils peuvent supporter des forces de tension, de compression et de cisaillement.  Les applications typiques sont les compresseurs d&#039;air, les moteurs \u00e0 deux temps, les refroidisseurs, les tours de refroidissement \u00e0 eau, les unit\u00e9s de traitement d&#039;air, etc.  L&#039;isolateur \u00e0 ressort Vibro-MSR avec sa conception innovante peut offrir simultan\u00e9ment une protection de contr\u00f4le sismique, soutenir avec succ\u00e8s les forces lat\u00e9rales de pression du vent et en m\u00eame temps r\u00e9duire la transmission des vibrations aux structures de support.  Le profil en caoutchouc \u00e0 sa base agit comme un amortisseur de bruit et augmente l&#039;efficacit\u00e9 de l&#039;isolation dans les hautes fr\u00e9quences, qui pourraient \u00eatre transmises par les ressorts (en option).  APPLICATIONS  Il est recommand\u00e9 d&#039;utiliser Vibro-MSR.Restrained pour l&#039;isolation m\u00e9canique du bruit et des vibrations pour :  Les \u00e9quipements vibrants sont susceptibles d&#039;\u00eatre soumis \u00e0 des \u00e9v\u00e9nements sismiques. Lorsque l&#039;\u00e9quipement vibrant est susceptible de pr\u00e9senter des alternances importantes du centre de masse. Lorsque des charges de vent \u00e9lev\u00e9es ou d\u2019autres forces externes sont appliqu\u00e9es.\" \/>\n<meta property=\"og:url\" content=\"https:\/\/geoclimate.ge\/fr\/produit\/vibro-msr-anti-vibration-spring-isolator-with-lateral-restrain\/\" \/>\n<meta property=\"og:site_name\" content=\"GeoClimate.ge\" \/>\n<meta property=\"article:modified_time\" content=\"2025-02-07T10:49:42+00:00\" \/>\n<meta property=\"og:image\" content=\"https:\/\/geoclimate.ge\/wp-content\/uploads\/2025\/02\/MSR-SPRING-MOUNTS.jpg\" \/>\n\t<meta property=\"og:image:width\" content=\"255\" \/>\n\t<meta property=\"og:image:height\" content=\"199\" \/>\n\t<meta property=\"og:image:type\" content=\"image\/jpeg\" \/>\n<meta name=\"twitter:card\" content=\"summary_large_image\" \/>\n<script type=\"application\/ld+json\" class=\"yoast-schema-graph\">{\"@context\":\"https:\/\/schema.org\",\"@graph\":[{\"@type\":\"WebPage\",\"@id\":\"https:\/\/geoclimate.ge\/fr\/produit\/vibro-msr-anti-vibration-spring-isolator-with-lateral-restrain\/\",\"url\":\"https:\/\/geoclimate.ge\/fr\/produit\/vibro-msr-anti-vibration-spring-isolator-with-lateral-restrain\/\",\"name\":\"Vibro-MSR : Isolateur \u00e0 ressort antivibratoire avec retenue lat\u00e9rale - GeoClimate.ge\",\"isPartOf\":{\"@id\":\"https:\/\/geoclimate.ge\/#website\"},\"primaryImageOfPage\":{\"@id\":\"https:\/\/geoclimate.ge\/fr\/produit\/vibro-msr-anti-vibration-spring-isolator-with-lateral-restrain\/#primaryimage\"},\"image\":{\"@id\":\"https:\/\/geoclimate.ge\/fr\/produit\/vibro-msr-anti-vibration-spring-isolator-with-lateral-restrain\/#primaryimage\"},\"thumbnailUrl\":\"https:\/\/geoclimate.ge\/wp-content\/uploads\/2025\/02\/MSR-SPRING-MOUNTS.jpg\",\"datePublished\":\"2025-02-07T10:44:21+00:00\",\"dateModified\":\"2025-02-07T10:49:42+00:00\",\"breadcrumb\":{\"@id\":\"https:\/\/geoclimate.ge\/fr\/produit\/vibro-msr-anti-vibration-spring-isolator-with-lateral-restrain\/#breadcrumb\"},\"inLanguage\":\"fr-FR\",\"potentialAction\":[{\"@type\":\"ReadAction\",\"target\":[\"https:\/\/geoclimate.ge\/fr\/produit\/vibro-msr-anti-vibration-spring-isolator-with-lateral-restrain\/\"]}]},{\"@type\":\"ImageObject\",\"inLanguage\":\"fr-FR\",\"@id\":\"https:\/\/geoclimate.ge\/fr\/produit\/vibro-msr-anti-vibration-spring-isolator-with-lateral-restrain\/#primaryimage\",\"url\":\"https:\/\/geoclimate.ge\/wp-content\/uploads\/2025\/02\/MSR-SPRING-MOUNTS.jpg\",\"contentUrl\":\"https:\/\/geoclimate.ge\/wp-content\/uploads\/2025\/02\/MSR-SPRING-MOUNTS.jpg\",\"width\":255,\"height\":199},{\"@type\":\"BreadcrumbList\",\"@id\":\"https:\/\/geoclimate.ge\/fr\/produit\/vibro-msr-anti-vibration-spring-isolator-with-lateral-restrain\/#breadcrumb\",\"itemListElement\":[{\"@type\":\"ListItem\",\"position\":1,\"name\":\"Home\",\"item\":\"https:\/\/geoclimate.ge\/fr\/\"},{\"@type\":\"ListItem\",\"position\":2,\"name\":\"Products\",\"item\":\"https:\/\/geoclimate.ge\/fr\/products\/\"},{\"@type\":\"ListItem\",\"position\":3,\"name\":\"Vibro-MSR : Isolateur \u00e0 ressort antivibratoire avec retenue lat\u00e9rale\"}]},{\"@type\":\"WebSite\",\"@id\":\"https:\/\/geoclimate.ge\/#website\",\"url\":\"https:\/\/geoclimate.ge\/\",\"name\":\"GeoClimate\",\"description\":\"\",\"publisher\":{\"@id\":\"https:\/\/geoclimate.ge\/#organization\"},\"potentialAction\":[{\"@type\":\"SearchAction\",\"target\":{\"@type\":\"EntryPoint\",\"urlTemplate\":\"https:\/\/geoclimate.ge\/?s={search_term_string}\"},\"query-input\":{\"@type\":\"PropertyValueSpecification\",\"valueRequired\":true,\"valueName\":\"search_term_string\"}}],\"inLanguage\":\"fr-FR\"},{\"@type\":\"Organization\",\"@id\":\"https:\/\/geoclimate.ge\/#organization\",\"name\":\"GeoClimate\",\"url\":\"https:\/\/geoclimate.ge\/\",\"logo\":{\"@type\":\"ImageObject\",\"inLanguage\":\"fr-FR\",\"@id\":\"https:\/\/geoclimate.ge\/#\/schema\/logo\/image\/\",\"url\":\"https:\/\/geoclimate.ge\/wp-content\/uploads\/2026\/03\/geoclimate-SEO.png\",\"contentUrl\":\"https:\/\/geoclimate.ge\/wp-content\/uploads\/2026\/03\/geoclimate-SEO.png\",\"width\":1536,\"height\":1024,\"caption\":\"GeoClimate\"},\"image\":{\"@id\":\"https:\/\/geoclimate.ge\/#\/schema\/logo\/image\/\"}}]}<\/script>\n<!-- \/ Yoast SEO plugin. -->","yoast_head_json":{"title":"Vibro-MSR : Isolateur \u00e0 ressort antivibratoire avec retenue lat\u00e9rale - GeoClimate.ge","robots":{"index":"index","follow":"follow","max-snippet":"max-snippet:-1","max-image-preview":"max-image-preview:large","max-video-preview":"max-video-preview:-1"},"canonical":"https:\/\/geoclimate.ge\/fr\/produit\/vibro-msr-anti-vibration-spring-isolator-with-lateral-restrain\/","og_locale":"fr_FR","og_type":"article","og_title":"Vibro-MSR : Isolateur \u00e0 ressort antivibratoire avec retenue lat\u00e9rale - GeoClimate.ge","og_description":"Isolateurs \u00e0 ressort antivibratoire avec retenue lat\u00e9rale, utilis\u00e9s pour l'isolation des vibrations \u00e0 basse fr\u00e9quence  DESCRIPTION  Notre \u00e9quipe de recherche et d\u00e9veloppement a termin\u00e9 avec succ\u00e8s la conception, les tests et la fabrication d'une nouvelle s\u00e9rie compl\u00e8te de supports \u00e0 ressorts antisismiques pour isolateurs de vibrations sous le nom de Vibro-MSR (Restrained). Le nouveau produit de la cat\u00e9gorie des supports \u00e0 ressort offre une plage de charge commen\u00e7ant \u00e0 partir de petits poids (50 kp) et pouvant aller jusqu'\u00e0 750 kp par point de montage, compl\u00e9tant ainsi la gamme de produits antivibratoires pour supports \u00e0 retenue.  Le bo\u00eetier de l'isolateur \u00e0 ressort Vibro-MSR est con\u00e7u pour limiter les mouvements verticaux et horizontaux de l'\u00e9quipement isol\u00e9 et offre une protection sismique.  Vibro-MSR est un support de contr\u00f4le des vibrations avec plusieurs ressorts qui peuvent offrir une retenue multidirectionnelle. Il peut \u00eatre utilis\u00e9 dans les applications de contr\u00f4le des vibrations \u00e0 basse fr\u00e9quence (rotation \u00e0 basse vitesse de 400 tr\/min et plus) pour les machines \u00e0 charge lourde o\u00f9 un support lat\u00e9ral et vertical et une protection contre les tremblements de terre et la pression excessive du vent sont n\u00e9cessaires. Ils peuvent supporter des forces de tension, de compression et de cisaillement.  Les applications typiques sont les compresseurs d'air, les moteurs \u00e0 deux temps, les refroidisseurs, les tours de refroidissement \u00e0 eau, les unit\u00e9s de traitement d'air, etc.  L'isolateur \u00e0 ressort Vibro-MSR avec sa conception innovante peut offrir simultan\u00e9ment une protection de contr\u00f4le sismique, soutenir avec succ\u00e8s les forces lat\u00e9rales de pression du vent et en m\u00eame temps r\u00e9duire la transmission des vibrations aux structures de support.  Le profil en caoutchouc \u00e0 sa base agit comme un amortisseur de bruit et augmente l'efficacit\u00e9 de l'isolation dans les hautes fr\u00e9quences, qui pourraient \u00eatre transmises par les ressorts (en option).  APPLICATIONS  Il est recommand\u00e9 d'utiliser Vibro-MSR.Restrained pour l'isolation m\u00e9canique du bruit et des vibrations pour :  Les \u00e9quipements vibrants sont susceptibles d'\u00eatre soumis \u00e0 des \u00e9v\u00e9nements sismiques. Lorsque l'\u00e9quipement vibrant est susceptible de pr\u00e9senter des alternances importantes du centre de masse. Lorsque des charges de vent \u00e9lev\u00e9es ou d\u2019autres forces externes sont appliqu\u00e9es.","og_url":"https:\/\/geoclimate.ge\/fr\/produit\/vibro-msr-anti-vibration-spring-isolator-with-lateral-restrain\/","og_site_name":"GeoClimate.ge","article_modified_time":"2025-02-07T10:49:42+00:00","og_image":[{"width":255,"height":199,"url":"https:\/\/geoclimate.ge\/wp-content\/uploads\/2025\/02\/MSR-SPRING-MOUNTS.jpg","type":"image\/jpeg"}],"twitter_card":"summary_large_image","schema":{"@context":"https:\/\/schema.org","@graph":[{"@type":"WebPage","@id":"https:\/\/geoclimate.ge\/fr\/produit\/vibro-msr-anti-vibration-spring-isolator-with-lateral-restrain\/","url":"https:\/\/geoclimate.ge\/fr\/produit\/vibro-msr-anti-vibration-spring-isolator-with-lateral-restrain\/","name":"Vibro-MSR : Isolateur \u00e0 ressort antivibratoire avec retenue lat\u00e9rale - GeoClimate.ge","isPartOf":{"@id":"https:\/\/geoclimate.ge\/#website"},"primaryImageOfPage":{"@id":"https:\/\/geoclimate.ge\/fr\/produit\/vibro-msr-anti-vibration-spring-isolator-with-lateral-restrain\/#primaryimage"},"image":{"@id":"https:\/\/geoclimate.ge\/fr\/produit\/vibro-msr-anti-vibration-spring-isolator-with-lateral-restrain\/#primaryimage"},"thumbnailUrl":"https:\/\/geoclimate.ge\/wp-content\/uploads\/2025\/02\/MSR-SPRING-MOUNTS.jpg","datePublished":"2025-02-07T10:44:21+00:00","dateModified":"2025-02-07T10:49:42+00:00","breadcrumb":{"@id":"https:\/\/geoclimate.ge\/fr\/produit\/vibro-msr-anti-vibration-spring-isolator-with-lateral-restrain\/#breadcrumb"},"inLanguage":"fr-FR","potentialAction":[{"@type":"ReadAction","target":["https:\/\/geoclimate.ge\/fr\/produit\/vibro-msr-anti-vibration-spring-isolator-with-lateral-restrain\/"]}]},{"@type":"ImageObject","inLanguage":"fr-FR","@id":"https:\/\/geoclimate.ge\/fr\/produit\/vibro-msr-anti-vibration-spring-isolator-with-lateral-restrain\/#primaryimage","url":"https:\/\/geoclimate.ge\/wp-content\/uploads\/2025\/02\/MSR-SPRING-MOUNTS.jpg","contentUrl":"https:\/\/geoclimate.ge\/wp-content\/uploads\/2025\/02\/MSR-SPRING-MOUNTS.jpg","width":255,"height":199},{"@type":"BreadcrumbList","@id":"https:\/\/geoclimate.ge\/fr\/produit\/vibro-msr-anti-vibration-spring-isolator-with-lateral-restrain\/#breadcrumb","itemListElement":[{"@type":"ListItem","position":1,"name":"Home","item":"https:\/\/geoclimate.ge\/fr\/"},{"@type":"ListItem","position":2,"name":"Products","item":"https:\/\/geoclimate.ge\/fr\/products\/"},{"@type":"ListItem","position":3,"name":"Vibro-MSR : Isolateur \u00e0 ressort antivibratoire avec retenue lat\u00e9rale"}]},{"@type":"WebSite","@id":"https:\/\/geoclimate.ge\/#website","url":"https:\/\/geoclimate.ge\/","name":"GeoClimate","description":"","publisher":{"@id":"https:\/\/geoclimate.ge\/#organization"},"potentialAction":[{"@type":"SearchAction","target":{"@type":"EntryPoint","urlTemplate":"https:\/\/geoclimate.ge\/?s={search_term_string}"},"query-input":{"@type":"PropertyValueSpecification","valueRequired":true,"valueName":"search_term_string"}}],"inLanguage":"fr-FR"},{"@type":"Organization","@id":"https:\/\/geoclimate.ge\/#organization","name":"GeoClimate","url":"https:\/\/geoclimate.ge\/","logo":{"@type":"ImageObject","inLanguage":"fr-FR","@id":"https:\/\/geoclimate.ge\/#\/schema\/logo\/image\/","url":"https:\/\/geoclimate.ge\/wp-content\/uploads\/2026\/03\/geoclimate-SEO.png","contentUrl":"https:\/\/geoclimate.ge\/wp-content\/uploads\/2026\/03\/geoclimate-SEO.png","width":1536,"height":1024,"caption":"GeoClimate"},"image":{"@id":"https:\/\/geoclimate.ge\/#\/schema\/logo\/image\/"}}]}},"_links":{"self":[{"href":"https:\/\/geoclimate.ge\/fr\/wp-json\/wp\/v2\/product\/17089","targetHints":{"allow":["GET"]}}],"collection":[{"href":"https:\/\/geoclimate.ge\/fr\/wp-json\/wp\/v2\/product"}],"about":[{"href":"https:\/\/geoclimate.ge\/fr\/wp-json\/wp\/v2\/types\/product"}],"wp:featuredmedia":[{"embeddable":true,"href":"https:\/\/geoclimate.ge\/fr\/wp-json\/wp\/v2\/media\/17074"}],"wp:attachment":[{"href":"https:\/\/geoclimate.ge\/fr\/wp-json\/wp\/v2\/media?parent=17089"}],"wp:term":[{"taxonomy":"product_brand","embeddable":true,"href":"https:\/\/geoclimate.ge\/fr\/wp-json\/wp\/v2\/product_brand?post=17089"},{"taxonomy":"product_cat","embeddable":true,"href":"https:\/\/geoclimate.ge\/fr\/wp-json\/wp\/v2\/product_cat?post=17089"},{"taxonomy":"product_tag","embeddable":true,"href":"https:\/\/geoclimate.ge\/fr\/wp-json\/wp\/v2\/product_tag?post=17089"}],"curies":[{"name":"wp","href":"https:\/\/api.w.org\/{rel}","templated":true}]}}