{"id":17115,"date":"2025-02-07T15:08:40","date_gmt":"2025-02-07T11:08:40","guid":{"rendered":"https:\/\/airsystems.ge\/shop\/product\/vibro-ms-multi-anti-vibration-spring-mounts\/"},"modified":"2025-02-07T15:13:16","modified_gmt":"2025-02-07T11:13:16","slug":"vibro-ms-multi-anti-vibration-spring-mounts","status":"publish","type":"product","link":"https:\/\/geoclimate.ge\/fr\/produit\/vibro-ms-multi-anti-vibration-spring-mounts\/","title":{"rendered":"Vibro-MS : Supports antivibratoires \u00e0 ressorts multiples"},"content":{"rendered":"<p><img loading=\"lazy\" decoding=\"async\" class=\"alignleft wp-image-4886\" src=\"https:\/\/antivibration-systems.com\/wp-content\/uploads\/2012\/10\/Vibro-MS-Selection-Table1.png\" sizes=\"auto, (max-width: 587px) 100vw, 587px\" srcset=\"https:\/\/antivibration-systems.com\/wp-content\/uploads\/2012\/10\/Vibro-MS-Selection-Table1.png 925w, https:\/\/antivibration-systems.com\/wp-content\/uploads\/2012\/10\/Vibro-MS-Selection-Table1-300x93.png 300w\" alt=\"Vibro-MS Selection Table\" width=\"587\" height=\"182\" \/><\/p>\n<p>Static deflection 25 mm under maximum load<\/p>\n<p>Natural frequency up to 3 Hz under maximum load<\/p>\n","protected":false},"excerpt":{"rendered":"<p>Un support antivibratoire \u00e0 ressorts multiples, sp\u00e9cialement con\u00e7u pour avoir une faible hauteur (type L) et tr\u00e8s efficace contre les vibrations \u00e0 basse fr\u00e9quence<\/p>\n<p>DESCRIPTION<\/p>\n<p>Vibro-MS est un support antivibratoire \u00e0 ressorts multiples autoporteurs. Il est sp\u00e9cialement con\u00e7u pour avoir une faible hauteur (type L) et est tr\u00e8s efficace pour absorber les vibrations \u00e0 basse fr\u00e9quence. Le Vibro-MS est dot\u00e9 d&rsquo;un profil en caoutchouc fix\u00e9 \u00e0 sa base et qui agit comme un amortisseur de bruit pour augmenter l&rsquo;efficacit\u00e9 de l&rsquo;isolation dans les hautes fr\u00e9quences, qui pourraient \u00eatre transmises par les ressorts. Les ressorts sont fix\u00e9s avec un syst\u00e8me de fixation innovant.<\/p>\n<p>FORMES ALTERNATIVES<\/p>\n<p>Vibro-MS Complex est un produit antivibratoire complexe, qui se compose des supports \u00e0 ressorts antivibratoires multiples Vibro-MS et des supports de sol flottants Vibro-EP.<br \/>\nCette combinaison de ressort et de coussinet \u00e9lastique assure son efficacit\u00e9 pour une gamme de fr\u00e9quences plus large et le rend ainsi plus efficace dans le contr\u00f4le des vibrations.<br \/>\nLe coussinet \u00e9lastique sous sa base agit comme un meilleur amortisseur de son et augmente l&rsquo;efficacit\u00e9 de l&rsquo;isolation dans les hautes fr\u00e9quences, qui pourraient \u00eatre transmises par les ressorts.<\/p>\n<p>APPLICATIONS<\/p>\n<p>Vibro-MS est utilis\u00e9 pour le contr\u00f4le des vibrations \u00e0 basse fr\u00e9quence et en particulier dans les cas o\u00f9 l&rsquo;utilisation de plusieurs ressorts est n\u00e9cessaire pour une plus grande stabilit\u00e9.<\/p>\n<p>INSTALLATION<\/p>\n<p>Placez chaque isolateur Vibro-MS | Supports \u00e0 ressorts antivibratoires multiples en position<br \/>\nPlacez les isolateurs \u00e0 leur emplacement appropri\u00e9 et fixez la plaque inf\u00e9rieure au support en acier ou en b\u00e9ton du b\u00e2timent.<br \/>\nFaites passer la vis sup\u00e9rieure M12 dans le trou appropri\u00e9 de la base de l&rsquo;\u00e9quipement. Serrez l&rsquo;\u00e9crou sup\u00e9rieur sur le support de pied de l&rsquo;\u00e9quipement afin de le fixer \u00e0 l&rsquo;aide des boulons M12.<br \/>\nFaites pivoter le Vibro-MS autant que n\u00e9cessaire pour vous assurer que les supports de l&rsquo;isolateur sont accessibles apr\u00e8s le montage sur l&rsquo;\u00e9quipement. Sinon, fixez d&rsquo;abord le support antivibratoire sur la base \u00e0 l&rsquo;aide des boulons M10 appropri\u00e9s, si les trous de montage ne sont pas accessibles apr\u00e8s le montage sur l&rsquo;\u00e9quipement.<\/p>\n","protected":false},"featured_media":17096,"template":"","meta":[],"product_brand":[],"product_cat":[707],"product_tag":[],"class_list":{"0":"post-17115","1":"product","2":"type-product","3":"status-publish","4":"has-post-thumbnail","6":"product_cat-vibration-anti-bruit-acoustique-fr","8":"first","9":"instock","10":"shipping-taxable","11":"product-type-simple"},"yoast_head":"<!-- This site is optimized with the Yoast SEO plugin v27.1.1 - https:\/\/yoast.com\/product\/yoast-seo-wordpress\/ -->\n<title>Vibro-MS : Supports antivibratoires \u00e0 ressorts multiples - GeoClimate.ge<\/title>\n<meta name=\"robots\" content=\"index, follow, max-snippet:-1, max-image-preview:large, max-video-preview:-1\" \/>\n<link rel=\"canonical\" href=\"https:\/\/geoclimate.ge\/fr\/produit\/vibro-ms-multi-anti-vibration-spring-mounts\/\" \/>\n<meta property=\"og:locale\" content=\"fr_FR\" \/>\n<meta property=\"og:type\" content=\"article\" \/>\n<meta property=\"og:title\" content=\"Vibro-MS : Supports antivibratoires \u00e0 ressorts multiples - GeoClimate.ge\" \/>\n<meta property=\"og:description\" content=\"Un support antivibratoire \u00e0 ressorts multiples, sp\u00e9cialement con\u00e7u pour avoir une faible hauteur (type L) et tr\u00e8s efficace contre les vibrations \u00e0 basse fr\u00e9quence  DESCRIPTION  Vibro-MS est un support antivibratoire \u00e0 ressorts multiples autoporteurs. Il est sp\u00e9cialement con\u00e7u pour avoir une faible hauteur (type L) et est tr\u00e8s efficace pour absorber les vibrations \u00e0 basse fr\u00e9quence. Le Vibro-MS est dot\u00e9 d&#039;un profil en caoutchouc fix\u00e9 \u00e0 sa base et qui agit comme un amortisseur de bruit pour augmenter l&#039;efficacit\u00e9 de l&#039;isolation dans les hautes fr\u00e9quences, qui pourraient \u00eatre transmises par les ressorts. Les ressorts sont fix\u00e9s avec un syst\u00e8me de fixation innovant.  FORMES ALTERNATIVES  Vibro-MS Complex est un produit antivibratoire complexe, qui se compose des supports \u00e0 ressorts antivibratoires multiples Vibro-MS et des supports de sol flottants Vibro-EP. Cette combinaison de ressort et de coussinet \u00e9lastique assure son efficacit\u00e9 pour une gamme de fr\u00e9quences plus large et le rend ainsi plus efficace dans le contr\u00f4le des vibrations. Le coussinet \u00e9lastique sous sa base agit comme un meilleur amortisseur de son et augmente l&#039;efficacit\u00e9 de l&#039;isolation dans les hautes fr\u00e9quences, qui pourraient \u00eatre transmises par les ressorts.  APPLICATIONS  Vibro-MS est utilis\u00e9 pour le contr\u00f4le des vibrations \u00e0 basse fr\u00e9quence et en particulier dans les cas o\u00f9 l&#039;utilisation de plusieurs ressorts est n\u00e9cessaire pour une plus grande stabilit\u00e9.  INSTALLATION  Placez chaque isolateur Vibro-MS | Supports \u00e0 ressorts antivibratoires multiples en position Placez les isolateurs \u00e0 leur emplacement appropri\u00e9 et fixez la plaque inf\u00e9rieure au support en acier ou en b\u00e9ton du b\u00e2timent. Faites passer la vis sup\u00e9rieure M12 dans le trou appropri\u00e9 de la base de l&#039;\u00e9quipement. Serrez l&#039;\u00e9crou sup\u00e9rieur sur le support de pied de l&#039;\u00e9quipement afin de le fixer \u00e0 l&#039;aide des boulons M12. Faites pivoter le Vibro-MS autant que n\u00e9cessaire pour vous assurer que les supports de l&#039;isolateur sont accessibles apr\u00e8s le montage sur l&#039;\u00e9quipement. Sinon, fixez d&#039;abord le support antivibratoire sur la base \u00e0 l&#039;aide des boulons M10 appropri\u00e9s, si les trous de montage ne sont pas accessibles apr\u00e8s le montage sur l&#039;\u00e9quipement.\" \/>\n<meta property=\"og:url\" content=\"https:\/\/geoclimate.ge\/fr\/produit\/vibro-ms-multi-anti-vibration-spring-mounts\/\" \/>\n<meta property=\"og:site_name\" content=\"GeoClimate.ge\" \/>\n<meta property=\"article:modified_time\" content=\"2025-02-07T11:13:16+00:00\" \/>\n<meta property=\"og:image\" content=\"https:\/\/geoclimate.ge\/wp-content\/uploads\/2025\/02\/07200994347_A.jpg\" \/>\n\t<meta property=\"og:image:width\" content=\"280\" \/>\n\t<meta property=\"og:image:height\" content=\"210\" \/>\n\t<meta property=\"og:image:type\" content=\"image\/jpeg\" \/>\n<meta name=\"twitter:card\" content=\"summary_large_image\" \/>\n<script type=\"application\/ld+json\" class=\"yoast-schema-graph\">{\"@context\":\"https:\/\/schema.org\",\"@graph\":[{\"@type\":\"WebPage\",\"@id\":\"https:\/\/geoclimate.ge\/fr\/produit\/vibro-ms-multi-anti-vibration-spring-mounts\/\",\"url\":\"https:\/\/geoclimate.ge\/fr\/produit\/vibro-ms-multi-anti-vibration-spring-mounts\/\",\"name\":\"Vibro-MS : Supports antivibratoires \u00e0 ressorts multiples - GeoClimate.ge\",\"isPartOf\":{\"@id\":\"https:\/\/geoclimate.ge\/#website\"},\"primaryImageOfPage\":{\"@id\":\"https:\/\/geoclimate.ge\/fr\/produit\/vibro-ms-multi-anti-vibration-spring-mounts\/#primaryimage\"},\"image\":{\"@id\":\"https:\/\/geoclimate.ge\/fr\/produit\/vibro-ms-multi-anti-vibration-spring-mounts\/#primaryimage\"},\"thumbnailUrl\":\"https:\/\/geoclimate.ge\/wp-content\/uploads\/2025\/02\/07200994347_A.jpg\",\"datePublished\":\"2025-02-07T11:08:40+00:00\",\"dateModified\":\"2025-02-07T11:13:16+00:00\",\"breadcrumb\":{\"@id\":\"https:\/\/geoclimate.ge\/fr\/produit\/vibro-ms-multi-anti-vibration-spring-mounts\/#breadcrumb\"},\"inLanguage\":\"fr-FR\",\"potentialAction\":[{\"@type\":\"ReadAction\",\"target\":[\"https:\/\/geoclimate.ge\/fr\/produit\/vibro-ms-multi-anti-vibration-spring-mounts\/\"]}]},{\"@type\":\"ImageObject\",\"inLanguage\":\"fr-FR\",\"@id\":\"https:\/\/geoclimate.ge\/fr\/produit\/vibro-ms-multi-anti-vibration-spring-mounts\/#primaryimage\",\"url\":\"https:\/\/geoclimate.ge\/wp-content\/uploads\/2025\/02\/07200994347_A.jpg\",\"contentUrl\":\"https:\/\/geoclimate.ge\/wp-content\/uploads\/2025\/02\/07200994347_A.jpg\",\"width\":280,\"height\":210},{\"@type\":\"BreadcrumbList\",\"@id\":\"https:\/\/geoclimate.ge\/fr\/produit\/vibro-ms-multi-anti-vibration-spring-mounts\/#breadcrumb\",\"itemListElement\":[{\"@type\":\"ListItem\",\"position\":1,\"name\":\"Home\",\"item\":\"https:\/\/geoclimate.ge\/fr\/\"},{\"@type\":\"ListItem\",\"position\":2,\"name\":\"Products\",\"item\":\"https:\/\/geoclimate.ge\/fr\/products\/\"},{\"@type\":\"ListItem\",\"position\":3,\"name\":\"Vibro-MS : Supports antivibratoires \u00e0 ressorts multiples\"}]},{\"@type\":\"WebSite\",\"@id\":\"https:\/\/geoclimate.ge\/#website\",\"url\":\"https:\/\/geoclimate.ge\/\",\"name\":\"GeoClimate\",\"description\":\"\",\"publisher\":{\"@id\":\"https:\/\/geoclimate.ge\/#organization\"},\"potentialAction\":[{\"@type\":\"SearchAction\",\"target\":{\"@type\":\"EntryPoint\",\"urlTemplate\":\"https:\/\/geoclimate.ge\/?s={search_term_string}\"},\"query-input\":{\"@type\":\"PropertyValueSpecification\",\"valueRequired\":true,\"valueName\":\"search_term_string\"}}],\"inLanguage\":\"fr-FR\"},{\"@type\":\"Organization\",\"@id\":\"https:\/\/geoclimate.ge\/#organization\",\"name\":\"GeoClimate\",\"url\":\"https:\/\/geoclimate.ge\/\",\"logo\":{\"@type\":\"ImageObject\",\"inLanguage\":\"fr-FR\",\"@id\":\"https:\/\/geoclimate.ge\/#\/schema\/logo\/image\/\",\"url\":\"https:\/\/geoclimate.ge\/wp-content\/uploads\/2026\/03\/geoclimate-SEO.png\",\"contentUrl\":\"https:\/\/geoclimate.ge\/wp-content\/uploads\/2026\/03\/geoclimate-SEO.png\",\"width\":1536,\"height\":1024,\"caption\":\"GeoClimate\"},\"image\":{\"@id\":\"https:\/\/geoclimate.ge\/#\/schema\/logo\/image\/\"}}]}<\/script>\n<!-- \/ Yoast SEO plugin. -->","yoast_head_json":{"title":"Vibro-MS : Supports antivibratoires \u00e0 ressorts multiples - GeoClimate.ge","robots":{"index":"index","follow":"follow","max-snippet":"max-snippet:-1","max-image-preview":"max-image-preview:large","max-video-preview":"max-video-preview:-1"},"canonical":"https:\/\/geoclimate.ge\/fr\/produit\/vibro-ms-multi-anti-vibration-spring-mounts\/","og_locale":"fr_FR","og_type":"article","og_title":"Vibro-MS : Supports antivibratoires \u00e0 ressorts multiples - GeoClimate.ge","og_description":"Un support antivibratoire \u00e0 ressorts multiples, sp\u00e9cialement con\u00e7u pour avoir une faible hauteur (type L) et tr\u00e8s efficace contre les vibrations \u00e0 basse fr\u00e9quence  DESCRIPTION  Vibro-MS est un support antivibratoire \u00e0 ressorts multiples autoporteurs. Il est sp\u00e9cialement con\u00e7u pour avoir une faible hauteur (type L) et est tr\u00e8s efficace pour absorber les vibrations \u00e0 basse fr\u00e9quence. Le Vibro-MS est dot\u00e9 d'un profil en caoutchouc fix\u00e9 \u00e0 sa base et qui agit comme un amortisseur de bruit pour augmenter l'efficacit\u00e9 de l'isolation dans les hautes fr\u00e9quences, qui pourraient \u00eatre transmises par les ressorts. Les ressorts sont fix\u00e9s avec un syst\u00e8me de fixation innovant.  FORMES ALTERNATIVES  Vibro-MS Complex est un produit antivibratoire complexe, qui se compose des supports \u00e0 ressorts antivibratoires multiples Vibro-MS et des supports de sol flottants Vibro-EP. Cette combinaison de ressort et de coussinet \u00e9lastique assure son efficacit\u00e9 pour une gamme de fr\u00e9quences plus large et le rend ainsi plus efficace dans le contr\u00f4le des vibrations. Le coussinet \u00e9lastique sous sa base agit comme un meilleur amortisseur de son et augmente l'efficacit\u00e9 de l'isolation dans les hautes fr\u00e9quences, qui pourraient \u00eatre transmises par les ressorts.  APPLICATIONS  Vibro-MS est utilis\u00e9 pour le contr\u00f4le des vibrations \u00e0 basse fr\u00e9quence et en particulier dans les cas o\u00f9 l'utilisation de plusieurs ressorts est n\u00e9cessaire pour une plus grande stabilit\u00e9.  INSTALLATION  Placez chaque isolateur Vibro-MS | Supports \u00e0 ressorts antivibratoires multiples en position Placez les isolateurs \u00e0 leur emplacement appropri\u00e9 et fixez la plaque inf\u00e9rieure au support en acier ou en b\u00e9ton du b\u00e2timent. Faites passer la vis sup\u00e9rieure M12 dans le trou appropri\u00e9 de la base de l'\u00e9quipement. Serrez l'\u00e9crou sup\u00e9rieur sur le support de pied de l'\u00e9quipement afin de le fixer \u00e0 l'aide des boulons M12. Faites pivoter le Vibro-MS autant que n\u00e9cessaire pour vous assurer que les supports de l'isolateur sont accessibles apr\u00e8s le montage sur l'\u00e9quipement. Sinon, fixez d'abord le support antivibratoire sur la base \u00e0 l'aide des boulons M10 appropri\u00e9s, si les trous de montage ne sont pas accessibles apr\u00e8s le montage sur l'\u00e9quipement.","og_url":"https:\/\/geoclimate.ge\/fr\/produit\/vibro-ms-multi-anti-vibration-spring-mounts\/","og_site_name":"GeoClimate.ge","article_modified_time":"2025-02-07T11:13:16+00:00","og_image":[{"width":280,"height":210,"url":"https:\/\/geoclimate.ge\/wp-content\/uploads\/2025\/02\/07200994347_A.jpg","type":"image\/jpeg"}],"twitter_card":"summary_large_image","schema":{"@context":"https:\/\/schema.org","@graph":[{"@type":"WebPage","@id":"https:\/\/geoclimate.ge\/fr\/produit\/vibro-ms-multi-anti-vibration-spring-mounts\/","url":"https:\/\/geoclimate.ge\/fr\/produit\/vibro-ms-multi-anti-vibration-spring-mounts\/","name":"Vibro-MS : Supports antivibratoires \u00e0 ressorts multiples - GeoClimate.ge","isPartOf":{"@id":"https:\/\/geoclimate.ge\/#website"},"primaryImageOfPage":{"@id":"https:\/\/geoclimate.ge\/fr\/produit\/vibro-ms-multi-anti-vibration-spring-mounts\/#primaryimage"},"image":{"@id":"https:\/\/geoclimate.ge\/fr\/produit\/vibro-ms-multi-anti-vibration-spring-mounts\/#primaryimage"},"thumbnailUrl":"https:\/\/geoclimate.ge\/wp-content\/uploads\/2025\/02\/07200994347_A.jpg","datePublished":"2025-02-07T11:08:40+00:00","dateModified":"2025-02-07T11:13:16+00:00","breadcrumb":{"@id":"https:\/\/geoclimate.ge\/fr\/produit\/vibro-ms-multi-anti-vibration-spring-mounts\/#breadcrumb"},"inLanguage":"fr-FR","potentialAction":[{"@type":"ReadAction","target":["https:\/\/geoclimate.ge\/fr\/produit\/vibro-ms-multi-anti-vibration-spring-mounts\/"]}]},{"@type":"ImageObject","inLanguage":"fr-FR","@id":"https:\/\/geoclimate.ge\/fr\/produit\/vibro-ms-multi-anti-vibration-spring-mounts\/#primaryimage","url":"https:\/\/geoclimate.ge\/wp-content\/uploads\/2025\/02\/07200994347_A.jpg","contentUrl":"https:\/\/geoclimate.ge\/wp-content\/uploads\/2025\/02\/07200994347_A.jpg","width":280,"height":210},{"@type":"BreadcrumbList","@id":"https:\/\/geoclimate.ge\/fr\/produit\/vibro-ms-multi-anti-vibration-spring-mounts\/#breadcrumb","itemListElement":[{"@type":"ListItem","position":1,"name":"Home","item":"https:\/\/geoclimate.ge\/fr\/"},{"@type":"ListItem","position":2,"name":"Products","item":"https:\/\/geoclimate.ge\/fr\/products\/"},{"@type":"ListItem","position":3,"name":"Vibro-MS : Supports antivibratoires \u00e0 ressorts multiples"}]},{"@type":"WebSite","@id":"https:\/\/geoclimate.ge\/#website","url":"https:\/\/geoclimate.ge\/","name":"GeoClimate","description":"","publisher":{"@id":"https:\/\/geoclimate.ge\/#organization"},"potentialAction":[{"@type":"SearchAction","target":{"@type":"EntryPoint","urlTemplate":"https:\/\/geoclimate.ge\/?s={search_term_string}"},"query-input":{"@type":"PropertyValueSpecification","valueRequired":true,"valueName":"search_term_string"}}],"inLanguage":"fr-FR"},{"@type":"Organization","@id":"https:\/\/geoclimate.ge\/#organization","name":"GeoClimate","url":"https:\/\/geoclimate.ge\/","logo":{"@type":"ImageObject","inLanguage":"fr-FR","@id":"https:\/\/geoclimate.ge\/#\/schema\/logo\/image\/","url":"https:\/\/geoclimate.ge\/wp-content\/uploads\/2026\/03\/geoclimate-SEO.png","contentUrl":"https:\/\/geoclimate.ge\/wp-content\/uploads\/2026\/03\/geoclimate-SEO.png","width":1536,"height":1024,"caption":"GeoClimate"},"image":{"@id":"https:\/\/geoclimate.ge\/#\/schema\/logo\/image\/"}}]}},"_links":{"self":[{"href":"https:\/\/geoclimate.ge\/fr\/wp-json\/wp\/v2\/product\/17115","targetHints":{"allow":["GET"]}}],"collection":[{"href":"https:\/\/geoclimate.ge\/fr\/wp-json\/wp\/v2\/product"}],"about":[{"href":"https:\/\/geoclimate.ge\/fr\/wp-json\/wp\/v2\/types\/product"}],"wp:featuredmedia":[{"embeddable":true,"href":"https:\/\/geoclimate.ge\/fr\/wp-json\/wp\/v2\/media\/17096"}],"wp:attachment":[{"href":"https:\/\/geoclimate.ge\/fr\/wp-json\/wp\/v2\/media?parent=17115"}],"wp:term":[{"taxonomy":"product_brand","embeddable":true,"href":"https:\/\/geoclimate.ge\/fr\/wp-json\/wp\/v2\/product_brand?post=17115"},{"taxonomy":"product_cat","embeddable":true,"href":"https:\/\/geoclimate.ge\/fr\/wp-json\/wp\/v2\/product_cat?post=17115"},{"taxonomy":"product_tag","embeddable":true,"href":"https:\/\/geoclimate.ge\/fr\/wp-json\/wp\/v2\/product_tag?post=17115"}],"curies":[{"name":"wp","href":"https:\/\/api.w.org\/{rel}","templated":true}]}}