{"id":17135,"date":"2025-02-07T15:30:41","date_gmt":"2025-02-07T11:30:41","guid":{"rendered":"https:\/\/airsystems.ge\/shop\/product\/17130\/"},"modified":"2025-02-07T15:33:51","modified_gmt":"2025-02-07T11:33:51","slug":"17130","status":"publish","type":"product","link":"https:\/\/geoclimate.ge\/fr\/produit\/17130\/","title":{"rendered":"Vibro-CH.mini 2 : Suspension antivibratoire avec double Vibro-mini"},"content":{"rendered":"<p><strong><img loading=\"lazy\" decoding=\"async\" class=\"alignnone wp-image-13277 size-full\" title=\"Vibro-CH mini 2 - Selection Table\" src=\"https:\/\/antivibration-systems.com\/wp-content\/uploads\/2024\/09\/ch-mini-2-selection-table-e1726763925902.jpg\" sizes=\"auto, (max-width: 506px) 100vw, 506px\" srcset=\"https:\/\/antivibration-systems.com\/wp-content\/uploads\/2024\/09\/ch-mini-2-selection-table-e1726763925902.jpg 506w, https:\/\/antivibration-systems.com\/wp-content\/uploads\/2024\/09\/ch-mini-2-selection-table-e1726763925902-300x84.jpg 300w\" alt=\"Vibro-CH mini 2 - Selection Table\" width=\"506\" height=\"141\" \/><\/strong><\/p>\n","protected":false},"excerpt":{"rendered":"<p>Vibro-CH mini 2 est une suspension antivibratoire pour plafonds flottants insonoris\u00e9s et autres \u00e9quipements m\u00e9caniques, tels que tuyaux et conduits d&rsquo;air. Elle dispose d&rsquo;un double \u00e9l\u00e9ment \u00e9lastique antivibratoire de Vibro-mini.<\/p>\n<p>Vibro-CH.mini 2 est une suspension antivibratoire dont l&rsquo;utilisation principale est d&rsquo;isoler les vibrations des faux plafonds flottants. Le principal \u00e9l\u00e9ment antivibratoire dont dispose la suspension est le double \u00e9lastique Vibro-mini. Son cadre de base est constitu\u00e9 d&rsquo;un cadre en acier avec une finition peinte ou en t\u00f4le galvanis\u00e9e convenablement pli\u00e9e.<\/p>\n<p>En haut et en bas de ce cadre sont plac\u00e9es les deux bases \u00e9lastiques qui constituent le noyau antivibratoire du produit. Ces supports \u00e9lastiques ont l&rsquo;avantage de fournir deux fois plus de d\u00e9flexion en fonction de la charge et en m\u00eame temps une plus grande r\u00e9duction de la transmission des vibrations. Les vis\/cordes de suspension peuvent \u00eatre M8 avec une longueur appropri\u00e9e selon les besoins de chaque projet (non incluses).<\/p>\n<p>APPLICATION<\/p>\n<p>Les principales utilisations sont la suspension antivibratoire de :<\/p>\n<p>plafonds suspendus flottants insonoris\u00e9s<br \/>\nmachines rotatives<br \/>\ntuyaux de transfert de liquide vibrants<br \/>\nconduits de climatisation, etc.<\/p>\n","protected":false},"featured_media":17132,"template":"","meta":[],"product_brand":[],"product_cat":[707],"product_tag":[],"class_list":{"0":"post-17135","1":"product","2":"type-product","3":"status-publish","4":"has-post-thumbnail","6":"product_cat-vibration-anti-bruit-acoustique-fr","8":"first","9":"instock","10":"shipping-taxable","11":"product-type-simple"},"yoast_head":"<!-- This site is optimized with the Yoast SEO plugin v27.1.1 - https:\/\/yoast.com\/product\/yoast-seo-wordpress\/ -->\n<title>Vibro-CH.mini 2 : Suspension antivibratoire avec double Vibro-mini - GeoClimate.ge<\/title>\n<meta name=\"robots\" content=\"index, follow, max-snippet:-1, max-image-preview:large, max-video-preview:-1\" \/>\n<link rel=\"canonical\" href=\"https:\/\/geoclimate.ge\/fr\/produit\/17130\/\" \/>\n<meta property=\"og:locale\" content=\"fr_FR\" \/>\n<meta property=\"og:type\" content=\"article\" \/>\n<meta property=\"og:title\" content=\"Vibro-CH.mini 2 : Suspension antivibratoire avec double Vibro-mini - GeoClimate.ge\" \/>\n<meta property=\"og:description\" content=\"Vibro-CH mini 2 est une suspension antivibratoire pour plafonds flottants insonoris\u00e9s et autres \u00e9quipements m\u00e9caniques, tels que tuyaux et conduits d&#039;air. Elle dispose d&#039;un double \u00e9l\u00e9ment \u00e9lastique antivibratoire de Vibro-mini.  Vibro-CH.mini 2 est une suspension antivibratoire dont l&#039;utilisation principale est d&#039;isoler les vibrations des faux plafonds flottants. Le principal \u00e9l\u00e9ment antivibratoire dont dispose la suspension est le double \u00e9lastique Vibro-mini. Son cadre de base est constitu\u00e9 d&#039;un cadre en acier avec une finition peinte ou en t\u00f4le galvanis\u00e9e convenablement pli\u00e9e.  En haut et en bas de ce cadre sont plac\u00e9es les deux bases \u00e9lastiques qui constituent le noyau antivibratoire du produit. Ces supports \u00e9lastiques ont l&#039;avantage de fournir deux fois plus de d\u00e9flexion en fonction de la charge et en m\u00eame temps une plus grande r\u00e9duction de la transmission des vibrations. Les vis\/cordes de suspension peuvent \u00eatre M8 avec une longueur appropri\u00e9e selon les besoins de chaque projet (non incluses).  APPLICATION  Les principales utilisations sont la suspension antivibratoire de :  plafonds suspendus flottants insonoris\u00e9s machines rotatives tuyaux de transfert de liquide vibrants conduits de climatisation, etc.\" \/>\n<meta property=\"og:url\" content=\"https:\/\/geoclimate.ge\/fr\/produit\/17130\/\" \/>\n<meta property=\"og:site_name\" content=\"GeoClimate.ge\" \/>\n<meta property=\"article:modified_time\" content=\"2025-02-07T11:33:51+00:00\" \/>\n<meta property=\"og:image\" content=\"https:\/\/geoclimate.ge\/wp-content\/uploads\/2025\/02\/ch.mini_.2.300x300.jpg\" \/>\n\t<meta property=\"og:image:width\" content=\"300\" \/>\n\t<meta property=\"og:image:height\" content=\"300\" \/>\n\t<meta property=\"og:image:type\" content=\"image\/jpeg\" \/>\n<meta name=\"twitter:card\" content=\"summary_large_image\" \/>\n<script type=\"application\/ld+json\" class=\"yoast-schema-graph\">{\"@context\":\"https:\/\/schema.org\",\"@graph\":[{\"@type\":\"WebPage\",\"@id\":\"https:\/\/geoclimate.ge\/fr\/produit\/17130\/\",\"url\":\"https:\/\/geoclimate.ge\/fr\/produit\/17130\/\",\"name\":\"Vibro-CH.mini 2 : Suspension antivibratoire avec double Vibro-mini - GeoClimate.ge\",\"isPartOf\":{\"@id\":\"https:\/\/geoclimate.ge\/#website\"},\"primaryImageOfPage\":{\"@id\":\"https:\/\/geoclimate.ge\/fr\/produit\/17130\/#primaryimage\"},\"image\":{\"@id\":\"https:\/\/geoclimate.ge\/fr\/produit\/17130\/#primaryimage\"},\"thumbnailUrl\":\"https:\/\/geoclimate.ge\/wp-content\/uploads\/2025\/02\/ch.mini_.2.300x300.jpg\",\"datePublished\":\"2025-02-07T11:30:41+00:00\",\"dateModified\":\"2025-02-07T11:33:51+00:00\",\"breadcrumb\":{\"@id\":\"https:\/\/geoclimate.ge\/fr\/produit\/17130\/#breadcrumb\"},\"inLanguage\":\"fr-FR\",\"potentialAction\":[{\"@type\":\"ReadAction\",\"target\":[\"https:\/\/geoclimate.ge\/fr\/produit\/17130\/\"]}]},{\"@type\":\"ImageObject\",\"inLanguage\":\"fr-FR\",\"@id\":\"https:\/\/geoclimate.ge\/fr\/produit\/17130\/#primaryimage\",\"url\":\"https:\/\/geoclimate.ge\/wp-content\/uploads\/2025\/02\/ch.mini_.2.300x300.jpg\",\"contentUrl\":\"https:\/\/geoclimate.ge\/wp-content\/uploads\/2025\/02\/ch.mini_.2.300x300.jpg\",\"width\":300,\"height\":300},{\"@type\":\"BreadcrumbList\",\"@id\":\"https:\/\/geoclimate.ge\/fr\/produit\/17130\/#breadcrumb\",\"itemListElement\":[{\"@type\":\"ListItem\",\"position\":1,\"name\":\"Home\",\"item\":\"https:\/\/geoclimate.ge\/fr\/\"},{\"@type\":\"ListItem\",\"position\":2,\"name\":\"Products\",\"item\":\"https:\/\/geoclimate.ge\/fr\/products\/\"},{\"@type\":\"ListItem\",\"position\":3,\"name\":\"Vibro-CH.mini 2 : Suspension antivibratoire avec double Vibro-mini\"}]},{\"@type\":\"WebSite\",\"@id\":\"https:\/\/geoclimate.ge\/#website\",\"url\":\"https:\/\/geoclimate.ge\/\",\"name\":\"GeoClimate\",\"description\":\"\",\"publisher\":{\"@id\":\"https:\/\/geoclimate.ge\/#organization\"},\"potentialAction\":[{\"@type\":\"SearchAction\",\"target\":{\"@type\":\"EntryPoint\",\"urlTemplate\":\"https:\/\/geoclimate.ge\/?s={search_term_string}\"},\"query-input\":{\"@type\":\"PropertyValueSpecification\",\"valueRequired\":true,\"valueName\":\"search_term_string\"}}],\"inLanguage\":\"fr-FR\"},{\"@type\":\"Organization\",\"@id\":\"https:\/\/geoclimate.ge\/#organization\",\"name\":\"GeoClimate\",\"url\":\"https:\/\/geoclimate.ge\/\",\"logo\":{\"@type\":\"ImageObject\",\"inLanguage\":\"fr-FR\",\"@id\":\"https:\/\/geoclimate.ge\/#\/schema\/logo\/image\/\",\"url\":\"https:\/\/geoclimate.ge\/wp-content\/uploads\/2026\/03\/geoclimate-SEO.png\",\"contentUrl\":\"https:\/\/geoclimate.ge\/wp-content\/uploads\/2026\/03\/geoclimate-SEO.png\",\"width\":1536,\"height\":1024,\"caption\":\"GeoClimate\"},\"image\":{\"@id\":\"https:\/\/geoclimate.ge\/#\/schema\/logo\/image\/\"}}]}<\/script>\n<!-- \/ Yoast SEO plugin. -->","yoast_head_json":{"title":"Vibro-CH.mini 2 : Suspension antivibratoire avec double Vibro-mini - GeoClimate.ge","robots":{"index":"index","follow":"follow","max-snippet":"max-snippet:-1","max-image-preview":"max-image-preview:large","max-video-preview":"max-video-preview:-1"},"canonical":"https:\/\/geoclimate.ge\/fr\/produit\/17130\/","og_locale":"fr_FR","og_type":"article","og_title":"Vibro-CH.mini 2 : Suspension antivibratoire avec double Vibro-mini - GeoClimate.ge","og_description":"Vibro-CH mini 2 est une suspension antivibratoire pour plafonds flottants insonoris\u00e9s et autres \u00e9quipements m\u00e9caniques, tels que tuyaux et conduits d'air. Elle dispose d'un double \u00e9l\u00e9ment \u00e9lastique antivibratoire de Vibro-mini.  Vibro-CH.mini 2 est une suspension antivibratoire dont l'utilisation principale est d'isoler les vibrations des faux plafonds flottants. Le principal \u00e9l\u00e9ment antivibratoire dont dispose la suspension est le double \u00e9lastique Vibro-mini. Son cadre de base est constitu\u00e9 d'un cadre en acier avec une finition peinte ou en t\u00f4le galvanis\u00e9e convenablement pli\u00e9e.  En haut et en bas de ce cadre sont plac\u00e9es les deux bases \u00e9lastiques qui constituent le noyau antivibratoire du produit. Ces supports \u00e9lastiques ont l'avantage de fournir deux fois plus de d\u00e9flexion en fonction de la charge et en m\u00eame temps une plus grande r\u00e9duction de la transmission des vibrations. Les vis\/cordes de suspension peuvent \u00eatre M8 avec une longueur appropri\u00e9e selon les besoins de chaque projet (non incluses).  APPLICATION  Les principales utilisations sont la suspension antivibratoire de :  plafonds suspendus flottants insonoris\u00e9s machines rotatives tuyaux de transfert de liquide vibrants conduits de climatisation, etc.","og_url":"https:\/\/geoclimate.ge\/fr\/produit\/17130\/","og_site_name":"GeoClimate.ge","article_modified_time":"2025-02-07T11:33:51+00:00","og_image":[{"width":300,"height":300,"url":"https:\/\/geoclimate.ge\/wp-content\/uploads\/2025\/02\/ch.mini_.2.300x300.jpg","type":"image\/jpeg"}],"twitter_card":"summary_large_image","schema":{"@context":"https:\/\/schema.org","@graph":[{"@type":"WebPage","@id":"https:\/\/geoclimate.ge\/fr\/produit\/17130\/","url":"https:\/\/geoclimate.ge\/fr\/produit\/17130\/","name":"Vibro-CH.mini 2 : Suspension antivibratoire avec double Vibro-mini - GeoClimate.ge","isPartOf":{"@id":"https:\/\/geoclimate.ge\/#website"},"primaryImageOfPage":{"@id":"https:\/\/geoclimate.ge\/fr\/produit\/17130\/#primaryimage"},"image":{"@id":"https:\/\/geoclimate.ge\/fr\/produit\/17130\/#primaryimage"},"thumbnailUrl":"https:\/\/geoclimate.ge\/wp-content\/uploads\/2025\/02\/ch.mini_.2.300x300.jpg","datePublished":"2025-02-07T11:30:41+00:00","dateModified":"2025-02-07T11:33:51+00:00","breadcrumb":{"@id":"https:\/\/geoclimate.ge\/fr\/produit\/17130\/#breadcrumb"},"inLanguage":"fr-FR","potentialAction":[{"@type":"ReadAction","target":["https:\/\/geoclimate.ge\/fr\/produit\/17130\/"]}]},{"@type":"ImageObject","inLanguage":"fr-FR","@id":"https:\/\/geoclimate.ge\/fr\/produit\/17130\/#primaryimage","url":"https:\/\/geoclimate.ge\/wp-content\/uploads\/2025\/02\/ch.mini_.2.300x300.jpg","contentUrl":"https:\/\/geoclimate.ge\/wp-content\/uploads\/2025\/02\/ch.mini_.2.300x300.jpg","width":300,"height":300},{"@type":"BreadcrumbList","@id":"https:\/\/geoclimate.ge\/fr\/produit\/17130\/#breadcrumb","itemListElement":[{"@type":"ListItem","position":1,"name":"Home","item":"https:\/\/geoclimate.ge\/fr\/"},{"@type":"ListItem","position":2,"name":"Products","item":"https:\/\/geoclimate.ge\/fr\/products\/"},{"@type":"ListItem","position":3,"name":"Vibro-CH.mini 2 : Suspension antivibratoire avec double Vibro-mini"}]},{"@type":"WebSite","@id":"https:\/\/geoclimate.ge\/#website","url":"https:\/\/geoclimate.ge\/","name":"GeoClimate","description":"","publisher":{"@id":"https:\/\/geoclimate.ge\/#organization"},"potentialAction":[{"@type":"SearchAction","target":{"@type":"EntryPoint","urlTemplate":"https:\/\/geoclimate.ge\/?s={search_term_string}"},"query-input":{"@type":"PropertyValueSpecification","valueRequired":true,"valueName":"search_term_string"}}],"inLanguage":"fr-FR"},{"@type":"Organization","@id":"https:\/\/geoclimate.ge\/#organization","name":"GeoClimate","url":"https:\/\/geoclimate.ge\/","logo":{"@type":"ImageObject","inLanguage":"fr-FR","@id":"https:\/\/geoclimate.ge\/#\/schema\/logo\/image\/","url":"https:\/\/geoclimate.ge\/wp-content\/uploads\/2026\/03\/geoclimate-SEO.png","contentUrl":"https:\/\/geoclimate.ge\/wp-content\/uploads\/2026\/03\/geoclimate-SEO.png","width":1536,"height":1024,"caption":"GeoClimate"},"image":{"@id":"https:\/\/geoclimate.ge\/#\/schema\/logo\/image\/"}}]}},"_links":{"self":[{"href":"https:\/\/geoclimate.ge\/fr\/wp-json\/wp\/v2\/product\/17135","targetHints":{"allow":["GET"]}}],"collection":[{"href":"https:\/\/geoclimate.ge\/fr\/wp-json\/wp\/v2\/product"}],"about":[{"href":"https:\/\/geoclimate.ge\/fr\/wp-json\/wp\/v2\/types\/product"}],"wp:featuredmedia":[{"embeddable":true,"href":"https:\/\/geoclimate.ge\/fr\/wp-json\/wp\/v2\/media\/17132"}],"wp:attachment":[{"href":"https:\/\/geoclimate.ge\/fr\/wp-json\/wp\/v2\/media?parent=17135"}],"wp:term":[{"taxonomy":"product_brand","embeddable":true,"href":"https:\/\/geoclimate.ge\/fr\/wp-json\/wp\/v2\/product_brand?post=17135"},{"taxonomy":"product_cat","embeddable":true,"href":"https:\/\/geoclimate.ge\/fr\/wp-json\/wp\/v2\/product_cat?post=17135"},{"taxonomy":"product_tag","embeddable":true,"href":"https:\/\/geoclimate.ge\/fr\/wp-json\/wp\/v2\/product_tag?post=17135"}],"curies":[{"name":"wp","href":"https:\/\/api.w.org\/{rel}","templated":true}]}}