{"id":17208,"date":"2025-02-07T15:54:14","date_gmt":"2025-02-07T11:54:14","guid":{"rendered":"https:\/\/airsystems.ge\/shop\/product\/vibro-tile-versatile-rubber-pad-isolator\/"},"modified":"2025-02-07T15:57:33","modified_gmt":"2025-02-07T11:57:33","slug":"vibro-tile-versatile-rubber-pad-isolator","status":"publish","type":"product","link":"https:\/\/geoclimate.ge\/fr\/produit\/vibro-tile-versatile-rubber-pad-isolator\/","title":{"rendered":"Vibro TiLE : Isolateur polyvalent en caoutchouc"},"content":{"rendered":"<p><img loading=\"lazy\" decoding=\"async\" class=\"alignnone wp-image-12406\" src=\"https:\/\/antivibration-systems.com\/wp-content\/uploads\/2024\/02\/Vibro-Tile-Versatile-rubber-isolation-pad.png\" sizes=\"auto, (max-width: 500px) 100vw, 500px\" srcset=\"https:\/\/antivibration-systems.com\/wp-content\/uploads\/2024\/02\/Vibro-Tile-Versatile-rubber-isolation-pad.png 836w, https:\/\/antivibration-systems.com\/wp-content\/uploads\/2024\/02\/Vibro-Tile-Versatile-rubber-isolation-pad-300x43.png 300w, https:\/\/antivibration-systems.com\/wp-content\/uploads\/2024\/02\/Vibro-Tile-Versatile-rubber-isolation-pad-768x109.png 768w\" alt=\"Vibro Tile - Versatile rubber isolation pad\" width=\"500\" height=\"71\" \/><\/p>\n<p><img loading=\"lazy\" decoding=\"async\" class=\"alignnone wp-image-12405\" src=\"https:\/\/antivibration-systems.com\/wp-content\/uploads\/2024\/07\/Vibro-Tile-Load-Reflection-Curve.webp\" alt=\"Vibro Tile - Load Reflection Curve \" width=\"500\" height=\"500\" \/><\/p>\n<p><img loading=\"lazy\" decoding=\"async\" class=\"alignnone wp-image-12405\" src=\"https:\/\/antivibration-systems.com\/wp-content\/uploads\/2024\/07\/Vibro-Tile-Stress-to-Strain-Curve.webp\" alt=\"Vibro Tile - Stress to Strain Curve \" width=\"500\" height=\"500\" \/><\/p>\n","protected":false},"excerpt":{"rendered":"<p>Vibro TiLE : Isolateur polyvalent en caoutchouc<\/p>\n<p>Vibro TiLe est un carreau antivibratoire polyvalent en caoutchouc, destin\u00e9 \u00e0 isoler la transmission de vibrations ind\u00e9sirables provenant d&rsquo;\u00e9quipements m\u00e9caniques et d&rsquo;autres sources.<\/p>\n<p>Vibro-TiLe est un carreau antivibratoire multifonctionnel en caoutchouc de composition sp\u00e9ciale. Sa conception innovante a \u00e9t\u00e9 r\u00e9alis\u00e9e par le d\u00e9partement R&amp;D d&rsquo;ALPHA Acoustiki SA en vue de faciliter l&rsquo;application et de pouvoir couvrir une large zone de charge. Gr\u00e2ce \u00e0 sa forme particuli\u00e8re, il offre une r\u00e9traction consid\u00e9rable avec la charge appliqu\u00e9e. Ainsi, Vibro Tile atteint un pourcentage \u00e9lev\u00e9 de r\u00e9duction des vibrations et des chocs caus\u00e9s par l&rsquo;utilisation d&rsquo;\u00e9quipements m\u00e9caniques (jusqu&rsquo;\u00e0 85 %).<\/p>\n<p>Afin de permettre une flexibilit\u00e9 dans le choix de la quantit\u00e9 requise, le produit est disponible en plaques de commande de 200&#215;200 mm, comprenant 16 carreaux structurels de base. Ils peuvent \u00eatre tr\u00e8s facilement d\u00e9coup\u00e9s en morceaux en fonction des besoins sp\u00e9cifiques de chaque application. Elles sont dot\u00e9es de fentes coniques de forme sp\u00e9ciale dans lesquelles des vis de passage M6-M8 et M10 peuvent \u00eatre facilement ins\u00e9r\u00e9es et fix\u00e9es \u00e0 la machine. Des fentes coniques pour la fixation au sol sont \u00e9galement disponibles (si n\u00e9cessaire) au moyen de fixations adapt\u00e9es.<\/p>\n<p>La conception originale de Vibro Tile emp\u00eache la cr\u00e9ation de ponts sonores m\u00eame lorsque des vis de passage sont utilis\u00e9es pour la fixation. Pour une r\u00e9duction encore plus importante des vibrations, il peut \u00eatre utilis\u00e9 en plusieurs couches avec l&rsquo;insertion d&rsquo;une plaque d&rsquo;acier appropri\u00e9e pour une r\u00e9partition plus uniforme de la charge. De cette mani\u00e8re, les couches multiples contribuent \u00e0 augmenter la d\u00e9flexion nominale et l&rsquo;efficacit\u00e9 de l&rsquo;isolation des vibrations.<\/p>\n<p>DIMENSIONS\u00a0:<br \/>\nCarreau de structure de base\u00a0: 50 x 50 mm x 20 mm (hauteur)<br \/>\nDisponible en plaques de 200 x 200 x 20 mm (4 x 4\u00a0=\u00a016\u00a0carreaux de structure de base)<\/p>\n<p>AVANTAGES\u00a0:<br \/>\n\u2013 Conception modulaire pour une flexibilit\u00e9 dans les choix de charge<br \/>\n\u2013 Des pi\u00e8ces individuelles de 50 x 50 mm peuvent \u00eatre facilement coup\u00e9es pour former le motif de support requis<br \/>\n\u2013 Lorsqu&rsquo;il est utilis\u00e9 avec des boulons traversants, se transforme facilement en une base de support flexible<br \/>\n\u2013 R\u00e9utilisable en cas de d\u00e9placement de la machine<br \/>\n\u2013 Facile \u00e0 installer<br \/>\n\u2013 Large plage de capacit\u00e9 de charge<br \/>\n\u2013 \u00c9conomique et efficace<\/p>\n<p>APPLICATIONS TYPIQUES\u00a0:<br \/>\nLes patins Vibro-Tile conviennent \u00e0 une utilisation sous les compresseurs, les unit\u00e9s CVC, les pompes, les ventilateurs, les CTA, les pompes \u00e0 chaleur, les g\u00e9n\u00e9rateurs, les transformateurs, les presses, etc.<\/p>\n<p>APPLICATION\u00a0:<br \/>\nDans la plupart des applications, Vibro-Tile peut rester stable gr\u00e2ce \u00e0 son frottement accru (anneaux circulaires sur sa surface). Pour les applications n\u00e9cessitant une fixation m\u00e9canique, des trous pr\u00e9-perc\u00e9s sont sp\u00e9cialement con\u00e7us pour accueillir des vis M6-M10 pour la fixation \u00e0 la machine et\/ou au sol. Ces trous sont con\u00e7us de mani\u00e8re \u00e0 ne pas alt\u00e9rer les performances du dispositif anti-vibration. Tampon anti-vibration en caoutchouc Vibro Tile<\/p>\n<p><img loading=\"lazy\" decoding=\"async\" class=\"wp-image-12474 size-thumbnail aligncenter\" src=\"https:\/\/antivibration-systems.com\/wp-content\/uploads\/2024\/02\/Vibro-TiLe_15.3-01-150x150.jpg\" sizes=\"auto, (max-width: 150px) 100vw, 150px\" srcset=\"https:\/\/antivibration-systems.com\/wp-content\/uploads\/2024\/02\/Vibro-TiLe_15.3-01-150x150.jpg 150w, https:\/\/antivibration-systems.com\/wp-content\/uploads\/2024\/02\/Vibro-TiLe_15.3-01-300x300.jpg 300w, https:\/\/antivibration-systems.com\/wp-content\/uploads\/2024\/02\/Vibro-TiLe_15.3-01-24x24.jpg 24w, https:\/\/antivibration-systems.com\/wp-content\/uploads\/2024\/02\/Vibro-TiLe_15.3-01-48x48.jpg 48w, https:\/\/antivibration-systems.com\/wp-content\/uploads\/2024\/02\/Vibro-TiLe_15.3-01-96x96.jpg 96w, https:\/\/antivibration-systems.com\/wp-content\/uploads\/2024\/02\/Vibro-TiLe_15.3-01.jpg 500w\" alt=\"Vibro Tile antivibration rubber pad\" width=\"150\" height=\"150\" \/><\/p>\n<p>Remarque : il est recommand\u00e9 que la base de la machine recouvre toute la surface du tampon en caoutchouc Vibro TiLe, sinon r\u00e9duisez la charge appliqu\u00e9e.<\/p>\n","protected":false},"featured_media":17189,"template":"","meta":[],"product_brand":[],"product_cat":[707],"product_tag":[],"class_list":{"0":"post-17208","1":"product","2":"type-product","3":"status-publish","4":"has-post-thumbnail","6":"product_cat-vibration-anti-bruit-acoustique-fr","8":"first","9":"instock","10":"shipping-taxable","11":"product-type-simple"},"yoast_head":"<!-- This site is optimized with the Yoast SEO plugin v27.1.1 - https:\/\/yoast.com\/product\/yoast-seo-wordpress\/ -->\n<title>Vibro TiLE : Isolateur polyvalent en caoutchouc - GeoClimate.ge<\/title>\n<meta name=\"robots\" content=\"index, follow, max-snippet:-1, max-image-preview:large, max-video-preview:-1\" \/>\n<link rel=\"canonical\" href=\"https:\/\/geoclimate.ge\/fr\/produit\/vibro-tile-versatile-rubber-pad-isolator\/\" \/>\n<meta property=\"og:locale\" content=\"fr_FR\" \/>\n<meta property=\"og:type\" content=\"article\" \/>\n<meta property=\"og:title\" content=\"Vibro TiLE : Isolateur polyvalent en caoutchouc - GeoClimate.ge\" \/>\n<meta property=\"og:description\" content=\"Vibro TiLE : Isolateur polyvalent en caoutchouc  Vibro TiLe est un carreau antivibratoire polyvalent en caoutchouc, destin\u00e9 \u00e0 isoler la transmission de vibrations ind\u00e9sirables provenant d&#039;\u00e9quipements m\u00e9caniques et d&#039;autres sources.  Vibro-TiLe est un carreau antivibratoire multifonctionnel en caoutchouc de composition sp\u00e9ciale. Sa conception innovante a \u00e9t\u00e9 r\u00e9alis\u00e9e par le d\u00e9partement R&amp;D d&#039;ALPHA Acoustiki SA en vue de faciliter l&#039;application et de pouvoir couvrir une large zone de charge. Gr\u00e2ce \u00e0 sa forme particuli\u00e8re, il offre une r\u00e9traction consid\u00e9rable avec la charge appliqu\u00e9e. Ainsi, Vibro Tile atteint un pourcentage \u00e9lev\u00e9 de r\u00e9duction des vibrations et des chocs caus\u00e9s par l&#039;utilisation d&#039;\u00e9quipements m\u00e9caniques (jusqu&#039;\u00e0 85 %).  Afin de permettre une flexibilit\u00e9 dans le choix de la quantit\u00e9 requise, le produit est disponible en plaques de commande de 200x200 mm, comprenant 16 carreaux structurels de base. Ils peuvent \u00eatre tr\u00e8s facilement d\u00e9coup\u00e9s en morceaux en fonction des besoins sp\u00e9cifiques de chaque application. Elles sont dot\u00e9es de fentes coniques de forme sp\u00e9ciale dans lesquelles des vis de passage M6-M8 et M10 peuvent \u00eatre facilement ins\u00e9r\u00e9es et fix\u00e9es \u00e0 la machine. Des fentes coniques pour la fixation au sol sont \u00e9galement disponibles (si n\u00e9cessaire) au moyen de fixations adapt\u00e9es.  La conception originale de Vibro Tile emp\u00eache la cr\u00e9ation de ponts sonores m\u00eame lorsque des vis de passage sont utilis\u00e9es pour la fixation. Pour une r\u00e9duction encore plus importante des vibrations, il peut \u00eatre utilis\u00e9 en plusieurs couches avec l&#039;insertion d&#039;une plaque d&#039;acier appropri\u00e9e pour une r\u00e9partition plus uniforme de la charge. De cette mani\u00e8re, les couches multiples contribuent \u00e0 augmenter la d\u00e9flexion nominale et l&#039;efficacit\u00e9 de l&#039;isolation des vibrations.  DIMENSIONS\u00a0: Carreau de structure de base\u00a0: 50 x 50 mm x 20 mm (hauteur) Disponible en plaques de 200 x 200 x 20 mm (4 x 4\u00a0=\u00a016\u00a0carreaux de structure de base)  AVANTAGES\u00a0: \u2013 Conception modulaire pour une flexibilit\u00e9 dans les choix de charge \u2013 Des pi\u00e8ces individuelles de 50 x 50 mm peuvent \u00eatre facilement coup\u00e9es pour former le motif de support requis \u2013 Lorsqu&#039;il est utilis\u00e9 avec des boulons traversants, se transforme facilement en une base de support flexible \u2013 R\u00e9utilisable en cas de d\u00e9placement de la machine \u2013 Facile \u00e0 installer \u2013 Large plage de capacit\u00e9 de charge \u2013 \u00c9conomique et efficace  APPLICATIONS TYPIQUES\u00a0: Les patins Vibro-Tile conviennent \u00e0 une utilisation sous les compresseurs, les unit\u00e9s CVC, les pompes, les ventilateurs, les CTA, les pompes \u00e0 chaleur, les g\u00e9n\u00e9rateurs, les transformateurs, les presses, etc.  APPLICATION\u00a0: Dans la plupart des applications, Vibro-Tile peut rester stable gr\u00e2ce \u00e0 son frottement accru (anneaux circulaires sur sa surface). Pour les applications n\u00e9cessitant une fixation m\u00e9canique, des trous pr\u00e9-perc\u00e9s sont sp\u00e9cialement con\u00e7us pour accueillir des vis M6-M10 pour la fixation \u00e0 la machine et\/ou au sol. Ces trous sont con\u00e7us de mani\u00e8re \u00e0 ne pas alt\u00e9rer les performances du dispositif anti-vibration. Tampon anti-vibration en caoutchouc Vibro Tile    Remarque : il est recommand\u00e9 que la base de la machine recouvre toute la surface du tampon en caoutchouc Vibro TiLe, sinon r\u00e9duisez la charge appliqu\u00e9e.\" \/>\n<meta property=\"og:url\" content=\"https:\/\/geoclimate.ge\/fr\/produit\/vibro-tile-versatile-rubber-pad-isolator\/\" \/>\n<meta property=\"og:site_name\" content=\"GeoClimate.ge\" \/>\n<meta property=\"article:modified_time\" content=\"2025-02-07T11:57:33+00:00\" \/>\n<meta property=\"og:image\" content=\"https:\/\/geoclimate.ge\/wp-content\/uploads\/2025\/02\/Vibro-TiLe_14.jpg\" \/>\n\t<meta property=\"og:image:width\" content=\"500\" \/>\n\t<meta property=\"og:image:height\" content=\"500\" \/>\n\t<meta property=\"og:image:type\" content=\"image\/jpeg\" \/>\n<meta name=\"twitter:card\" content=\"summary_large_image\" \/>\n<script type=\"application\/ld+json\" class=\"yoast-schema-graph\">{\"@context\":\"https:\/\/schema.org\",\"@graph\":[{\"@type\":\"WebPage\",\"@id\":\"https:\/\/geoclimate.ge\/fr\/produit\/vibro-tile-versatile-rubber-pad-isolator\/\",\"url\":\"https:\/\/geoclimate.ge\/fr\/produit\/vibro-tile-versatile-rubber-pad-isolator\/\",\"name\":\"Vibro TiLE : Isolateur polyvalent en caoutchouc - GeoClimate.ge\",\"isPartOf\":{\"@id\":\"https:\/\/geoclimate.ge\/#website\"},\"primaryImageOfPage\":{\"@id\":\"https:\/\/geoclimate.ge\/fr\/produit\/vibro-tile-versatile-rubber-pad-isolator\/#primaryimage\"},\"image\":{\"@id\":\"https:\/\/geoclimate.ge\/fr\/produit\/vibro-tile-versatile-rubber-pad-isolator\/#primaryimage\"},\"thumbnailUrl\":\"https:\/\/geoclimate.ge\/wp-content\/uploads\/2025\/02\/Vibro-TiLe_14.jpg\",\"datePublished\":\"2025-02-07T11:54:14+00:00\",\"dateModified\":\"2025-02-07T11:57:33+00:00\",\"breadcrumb\":{\"@id\":\"https:\/\/geoclimate.ge\/fr\/produit\/vibro-tile-versatile-rubber-pad-isolator\/#breadcrumb\"},\"inLanguage\":\"fr-FR\",\"potentialAction\":[{\"@type\":\"ReadAction\",\"target\":[\"https:\/\/geoclimate.ge\/fr\/produit\/vibro-tile-versatile-rubber-pad-isolator\/\"]}]},{\"@type\":\"ImageObject\",\"inLanguage\":\"fr-FR\",\"@id\":\"https:\/\/geoclimate.ge\/fr\/produit\/vibro-tile-versatile-rubber-pad-isolator\/#primaryimage\",\"url\":\"https:\/\/geoclimate.ge\/wp-content\/uploads\/2025\/02\/Vibro-TiLe_14.jpg\",\"contentUrl\":\"https:\/\/geoclimate.ge\/wp-content\/uploads\/2025\/02\/Vibro-TiLe_14.jpg\",\"width\":500,\"height\":500},{\"@type\":\"BreadcrumbList\",\"@id\":\"https:\/\/geoclimate.ge\/fr\/produit\/vibro-tile-versatile-rubber-pad-isolator\/#breadcrumb\",\"itemListElement\":[{\"@type\":\"ListItem\",\"position\":1,\"name\":\"Home\",\"item\":\"https:\/\/geoclimate.ge\/fr\/\"},{\"@type\":\"ListItem\",\"position\":2,\"name\":\"Products\",\"item\":\"https:\/\/geoclimate.ge\/fr\/products\/\"},{\"@type\":\"ListItem\",\"position\":3,\"name\":\"Vibro TiLE : Isolateur polyvalent en caoutchouc\"}]},{\"@type\":\"WebSite\",\"@id\":\"https:\/\/geoclimate.ge\/#website\",\"url\":\"https:\/\/geoclimate.ge\/\",\"name\":\"GeoClimate\",\"description\":\"\",\"publisher\":{\"@id\":\"https:\/\/geoclimate.ge\/#organization\"},\"potentialAction\":[{\"@type\":\"SearchAction\",\"target\":{\"@type\":\"EntryPoint\",\"urlTemplate\":\"https:\/\/geoclimate.ge\/?s={search_term_string}\"},\"query-input\":{\"@type\":\"PropertyValueSpecification\",\"valueRequired\":true,\"valueName\":\"search_term_string\"}}],\"inLanguage\":\"fr-FR\"},{\"@type\":\"Organization\",\"@id\":\"https:\/\/geoclimate.ge\/#organization\",\"name\":\"GeoClimate\",\"url\":\"https:\/\/geoclimate.ge\/\",\"logo\":{\"@type\":\"ImageObject\",\"inLanguage\":\"fr-FR\",\"@id\":\"https:\/\/geoclimate.ge\/#\/schema\/logo\/image\/\",\"url\":\"https:\/\/geoclimate.ge\/wp-content\/uploads\/2026\/03\/geoclimate-SEO.png\",\"contentUrl\":\"https:\/\/geoclimate.ge\/wp-content\/uploads\/2026\/03\/geoclimate-SEO.png\",\"width\":1536,\"height\":1024,\"caption\":\"GeoClimate\"},\"image\":{\"@id\":\"https:\/\/geoclimate.ge\/#\/schema\/logo\/image\/\"}}]}<\/script>\n<!-- \/ Yoast SEO plugin. -->","yoast_head_json":{"title":"Vibro TiLE : Isolateur polyvalent en caoutchouc - GeoClimate.ge","robots":{"index":"index","follow":"follow","max-snippet":"max-snippet:-1","max-image-preview":"max-image-preview:large","max-video-preview":"max-video-preview:-1"},"canonical":"https:\/\/geoclimate.ge\/fr\/produit\/vibro-tile-versatile-rubber-pad-isolator\/","og_locale":"fr_FR","og_type":"article","og_title":"Vibro TiLE : Isolateur polyvalent en caoutchouc - GeoClimate.ge","og_description":"Vibro TiLE : Isolateur polyvalent en caoutchouc  Vibro TiLe est un carreau antivibratoire polyvalent en caoutchouc, destin\u00e9 \u00e0 isoler la transmission de vibrations ind\u00e9sirables provenant d'\u00e9quipements m\u00e9caniques et d'autres sources.  Vibro-TiLe est un carreau antivibratoire multifonctionnel en caoutchouc de composition sp\u00e9ciale. Sa conception innovante a \u00e9t\u00e9 r\u00e9alis\u00e9e par le d\u00e9partement R&amp;D d'ALPHA Acoustiki SA en vue de faciliter l'application et de pouvoir couvrir une large zone de charge. Gr\u00e2ce \u00e0 sa forme particuli\u00e8re, il offre une r\u00e9traction consid\u00e9rable avec la charge appliqu\u00e9e. Ainsi, Vibro Tile atteint un pourcentage \u00e9lev\u00e9 de r\u00e9duction des vibrations et des chocs caus\u00e9s par l'utilisation d'\u00e9quipements m\u00e9caniques (jusqu'\u00e0 85 %).  Afin de permettre une flexibilit\u00e9 dans le choix de la quantit\u00e9 requise, le produit est disponible en plaques de commande de 200x200 mm, comprenant 16 carreaux structurels de base. Ils peuvent \u00eatre tr\u00e8s facilement d\u00e9coup\u00e9s en morceaux en fonction des besoins sp\u00e9cifiques de chaque application. Elles sont dot\u00e9es de fentes coniques de forme sp\u00e9ciale dans lesquelles des vis de passage M6-M8 et M10 peuvent \u00eatre facilement ins\u00e9r\u00e9es et fix\u00e9es \u00e0 la machine. Des fentes coniques pour la fixation au sol sont \u00e9galement disponibles (si n\u00e9cessaire) au moyen de fixations adapt\u00e9es.  La conception originale de Vibro Tile emp\u00eache la cr\u00e9ation de ponts sonores m\u00eame lorsque des vis de passage sont utilis\u00e9es pour la fixation. Pour une r\u00e9duction encore plus importante des vibrations, il peut \u00eatre utilis\u00e9 en plusieurs couches avec l'insertion d'une plaque d'acier appropri\u00e9e pour une r\u00e9partition plus uniforme de la charge. De cette mani\u00e8re, les couches multiples contribuent \u00e0 augmenter la d\u00e9flexion nominale et l'efficacit\u00e9 de l'isolation des vibrations.  DIMENSIONS\u00a0: Carreau de structure de base\u00a0: 50 x 50 mm x 20 mm (hauteur) Disponible en plaques de 200 x 200 x 20 mm (4 x 4\u00a0=\u00a016\u00a0carreaux de structure de base)  AVANTAGES\u00a0: \u2013 Conception modulaire pour une flexibilit\u00e9 dans les choix de charge \u2013 Des pi\u00e8ces individuelles de 50 x 50 mm peuvent \u00eatre facilement coup\u00e9es pour former le motif de support requis \u2013 Lorsqu'il est utilis\u00e9 avec des boulons traversants, se transforme facilement en une base de support flexible \u2013 R\u00e9utilisable en cas de d\u00e9placement de la machine \u2013 Facile \u00e0 installer \u2013 Large plage de capacit\u00e9 de charge \u2013 \u00c9conomique et efficace  APPLICATIONS TYPIQUES\u00a0: Les patins Vibro-Tile conviennent \u00e0 une utilisation sous les compresseurs, les unit\u00e9s CVC, les pompes, les ventilateurs, les CTA, les pompes \u00e0 chaleur, les g\u00e9n\u00e9rateurs, les transformateurs, les presses, etc.  APPLICATION\u00a0: Dans la plupart des applications, Vibro-Tile peut rester stable gr\u00e2ce \u00e0 son frottement accru (anneaux circulaires sur sa surface). Pour les applications n\u00e9cessitant une fixation m\u00e9canique, des trous pr\u00e9-perc\u00e9s sont sp\u00e9cialement con\u00e7us pour accueillir des vis M6-M10 pour la fixation \u00e0 la machine et\/ou au sol. Ces trous sont con\u00e7us de mani\u00e8re \u00e0 ne pas alt\u00e9rer les performances du dispositif anti-vibration. Tampon anti-vibration en caoutchouc Vibro Tile    Remarque : il est recommand\u00e9 que la base de la machine recouvre toute la surface du tampon en caoutchouc Vibro TiLe, sinon r\u00e9duisez la charge appliqu\u00e9e.","og_url":"https:\/\/geoclimate.ge\/fr\/produit\/vibro-tile-versatile-rubber-pad-isolator\/","og_site_name":"GeoClimate.ge","article_modified_time":"2025-02-07T11:57:33+00:00","og_image":[{"width":500,"height":500,"url":"https:\/\/geoclimate.ge\/wp-content\/uploads\/2025\/02\/Vibro-TiLe_14.jpg","type":"image\/jpeg"}],"twitter_card":"summary_large_image","schema":{"@context":"https:\/\/schema.org","@graph":[{"@type":"WebPage","@id":"https:\/\/geoclimate.ge\/fr\/produit\/vibro-tile-versatile-rubber-pad-isolator\/","url":"https:\/\/geoclimate.ge\/fr\/produit\/vibro-tile-versatile-rubber-pad-isolator\/","name":"Vibro TiLE : Isolateur polyvalent en caoutchouc - GeoClimate.ge","isPartOf":{"@id":"https:\/\/geoclimate.ge\/#website"},"primaryImageOfPage":{"@id":"https:\/\/geoclimate.ge\/fr\/produit\/vibro-tile-versatile-rubber-pad-isolator\/#primaryimage"},"image":{"@id":"https:\/\/geoclimate.ge\/fr\/produit\/vibro-tile-versatile-rubber-pad-isolator\/#primaryimage"},"thumbnailUrl":"https:\/\/geoclimate.ge\/wp-content\/uploads\/2025\/02\/Vibro-TiLe_14.jpg","datePublished":"2025-02-07T11:54:14+00:00","dateModified":"2025-02-07T11:57:33+00:00","breadcrumb":{"@id":"https:\/\/geoclimate.ge\/fr\/produit\/vibro-tile-versatile-rubber-pad-isolator\/#breadcrumb"},"inLanguage":"fr-FR","potentialAction":[{"@type":"ReadAction","target":["https:\/\/geoclimate.ge\/fr\/produit\/vibro-tile-versatile-rubber-pad-isolator\/"]}]},{"@type":"ImageObject","inLanguage":"fr-FR","@id":"https:\/\/geoclimate.ge\/fr\/produit\/vibro-tile-versatile-rubber-pad-isolator\/#primaryimage","url":"https:\/\/geoclimate.ge\/wp-content\/uploads\/2025\/02\/Vibro-TiLe_14.jpg","contentUrl":"https:\/\/geoclimate.ge\/wp-content\/uploads\/2025\/02\/Vibro-TiLe_14.jpg","width":500,"height":500},{"@type":"BreadcrumbList","@id":"https:\/\/geoclimate.ge\/fr\/produit\/vibro-tile-versatile-rubber-pad-isolator\/#breadcrumb","itemListElement":[{"@type":"ListItem","position":1,"name":"Home","item":"https:\/\/geoclimate.ge\/fr\/"},{"@type":"ListItem","position":2,"name":"Products","item":"https:\/\/geoclimate.ge\/fr\/products\/"},{"@type":"ListItem","position":3,"name":"Vibro TiLE : Isolateur polyvalent en caoutchouc"}]},{"@type":"WebSite","@id":"https:\/\/geoclimate.ge\/#website","url":"https:\/\/geoclimate.ge\/","name":"GeoClimate","description":"","publisher":{"@id":"https:\/\/geoclimate.ge\/#organization"},"potentialAction":[{"@type":"SearchAction","target":{"@type":"EntryPoint","urlTemplate":"https:\/\/geoclimate.ge\/?s={search_term_string}"},"query-input":{"@type":"PropertyValueSpecification","valueRequired":true,"valueName":"search_term_string"}}],"inLanguage":"fr-FR"},{"@type":"Organization","@id":"https:\/\/geoclimate.ge\/#organization","name":"GeoClimate","url":"https:\/\/geoclimate.ge\/","logo":{"@type":"ImageObject","inLanguage":"fr-FR","@id":"https:\/\/geoclimate.ge\/#\/schema\/logo\/image\/","url":"https:\/\/geoclimate.ge\/wp-content\/uploads\/2026\/03\/geoclimate-SEO.png","contentUrl":"https:\/\/geoclimate.ge\/wp-content\/uploads\/2026\/03\/geoclimate-SEO.png","width":1536,"height":1024,"caption":"GeoClimate"},"image":{"@id":"https:\/\/geoclimate.ge\/#\/schema\/logo\/image\/"}}]}},"_links":{"self":[{"href":"https:\/\/geoclimate.ge\/fr\/wp-json\/wp\/v2\/product\/17208","targetHints":{"allow":["GET"]}}],"collection":[{"href":"https:\/\/geoclimate.ge\/fr\/wp-json\/wp\/v2\/product"}],"about":[{"href":"https:\/\/geoclimate.ge\/fr\/wp-json\/wp\/v2\/types\/product"}],"wp:featuredmedia":[{"embeddable":true,"href":"https:\/\/geoclimate.ge\/fr\/wp-json\/wp\/v2\/media\/17189"}],"wp:attachment":[{"href":"https:\/\/geoclimate.ge\/fr\/wp-json\/wp\/v2\/media?parent=17208"}],"wp:term":[{"taxonomy":"product_brand","embeddable":true,"href":"https:\/\/geoclimate.ge\/fr\/wp-json\/wp\/v2\/product_brand?post=17208"},{"taxonomy":"product_cat","embeddable":true,"href":"https:\/\/geoclimate.ge\/fr\/wp-json\/wp\/v2\/product_cat?post=17208"},{"taxonomy":"product_tag","embeddable":true,"href":"https:\/\/geoclimate.ge\/fr\/wp-json\/wp\/v2\/product_tag?post=17208"}],"curies":[{"name":"wp","href":"https:\/\/api.w.org\/{rel}","templated":true}]}}