{"id":17274,"date":"2025-02-07T16:20:13","date_gmt":"2025-02-07T12:20:13","guid":{"rendered":"https:\/\/airsystems.ge\/shop\/product\/vibro-ep-floating-floor-supports\/"},"modified":"2025-02-07T16:22:06","modified_gmt":"2025-02-07T12:22:06","slug":"vibro-ep-floating-floor-supports","status":"publish","type":"product","link":"https:\/\/geoclimate.ge\/fr\/produit\/vibro-ep-floating-floor-supports\/","title":{"rendered":"Vibro-EP : Supports de plancher flottants"},"content":{"rendered":"<table class=\" aligncenter\">\n<thead>\n<tr>\n<th>COLOR CODE<\/th>\n<th>DIMENSIONS (cm)<\/th>\n<th>MAX STATIC LOAD (daN)<\/th>\n<th>SPECIFIC LOAD (daN\/cm<sup>2<\/sup>)<\/th>\n<\/tr>\n<\/thead>\n<tbody>\n<tr>\n<td rowspan=\"2\">Red or Yellow<\/p>\n<p>Blue or Green<\/p>\n<p>Grey or Beige<\/td>\n<td>6 x 6 x 2.5<\/td>\n<td>35<\/p>\n<p>60<\/p>\n<p>100<\/td>\n<td>0.91<\/p>\n<p>1.56<\/p>\n<p>2.77<\/td>\n<\/tr>\n<tr>\n<td><\/td>\n<td><\/td>\n<td><\/td>\n<\/tr>\n<tr>\n<td rowspan=\"2\">Red or Yellow<\/p>\n<p>Blue or Green<\/p>\n<p>Grey or Beige<\/td>\n<td>12.5 x 12.5 x 2.5<\/td>\n<td>160<\/p>\n<p>250<\/p>\n<p>420<\/td>\n<td>1.02<\/p>\n<p>1.60<\/p>\n<p>2.68<\/td>\n<\/tr>\n<tr>\n<td><\/td>\n<td><\/td>\n<td><\/td>\n<\/tr>\n<tr>\n<td rowspan=\"2\">Red or Yellow<\/p>\n<p>Blue or Green<\/p>\n<p>Grey or Beige<\/td>\n<td>50 x 25 x 2.5<\/td>\n<td>1400<\/p>\n<p>2000<\/p>\n<p>3500<\/td>\n<td>1.12<\/p>\n<p>1.60<\/p>\n<p>2.80<\/td>\n<\/tr>\n<tr>\n<td><\/td>\n<td><\/td>\n<td><\/td>\n<\/tr>\n<\/tbody>\n<\/table>\n<p>&nbsp;<\/p>\n<table>\n<thead>\n<tr>\n<th>RUBBER TYPE<\/th>\n<th>COLOR CODE<\/th>\n<\/tr>\n<\/thead>\n<tbody>\n<tr>\n<td>Special Rubber Compound<\/td>\n<td>Grey\/Blue\/Red<\/td>\n<\/tr>\n<tr>\n<td>Neoprene<\/td>\n<td>Beige\/Green\/Yellow<\/td>\n<\/tr>\n<\/tbody>\n<\/table>\n","protected":false},"excerpt":{"rendered":"<p>Supports antivibratoires pour : compresseurs d&rsquo;air, climatiseurs, pompes, ventilateurs, groupes \u00e9lectrog\u00e8nes, machines de d\u00e9coupe et plus encore. Vibro-EP est le r\u00e9sultat de recherches sp\u00e9cialis\u00e9es et est produit sous cette forme depuis 1989, fabriqu\u00e9 \u00e0 partir d&rsquo;un mat\u00e9riau \u00e9lastom\u00e8re m\u00e9lang\u00e9 \u00e0 des substances sp\u00e9ciales pour son am\u00e9lioration ult\u00e9rieure. Ses trous longitudinaux augmentent la compression fournie et am\u00e9liorent l&rsquo;absorption des vibrations.<\/p>\n<p>Les coussinets antivibratoires en caoutchouc VIBRO-EP sont le r\u00e9sultat de recherches sp\u00e9cialis\u00e9es et sont produits sous cette forme depuis 1989, fabriqu\u00e9s \u00e0 partir d&rsquo;un mat\u00e9riau \u00e9lastom\u00e8re de premi\u00e8re qualit\u00e9 m\u00e9lang\u00e9 \u00e0 des substances sp\u00e9ciales pour son am\u00e9lioration ult\u00e9rieure.<br \/>\nSes trous longitudinaux augmentent la compression fournie et am\u00e9liorent l&rsquo;absorption des vibrations.<\/p>\n<p>Isolateurs antivibratoires en caoutchouc, adapt\u00e9s pour :<\/p>\n<p>Protection passive des machines<br \/>\nAdapt\u00e9s aux charges lourdes<br \/>\nSupports antivibratoires : Compresseurs d&rsquo;air \u2013 Unit\u00e9s de climatisation \u2013 Pompes \u2013 Ventilateurs \u2013 Groupes \u00e9lectrog\u00e8nes \u2013 Machines de d\u00e9coupe, etc.<br \/>\nSupport flottant : Sols industriels \u2013 Ascenseurs \u2013 Machines d&rsquo;impression \u2013 Machines d&rsquo;essai, etc.<br \/>\nDIMENSIONS :<br \/>\n\u2013 50 x 25 x 2,5 cm \u2013 12,5 x 12,5 x 2,5 cm<\/p>\n<p>TYPES<br \/>\n\u2013 Compos\u00e9 de caoutchouc sp\u00e9cial \u00e9lastom\u00e8re : (gris \u2013 bleu \u2013 rouge)<br \/>\n\u2013 N\u00e9opr\u00e8ne : (beige \u2013 vert \u2013 jaune)<\/p>\n<p>AUTRES FORMES<br \/>\nPlusieurs coussinets antivibratoires en caoutchouc VIBRO-EP peuvent \u00eatre utilis\u00e9s en couches pour former le complexe Vibro-EP. Ensuite, en utilisant une plaque d&rsquo;acier entre les deux, nous pouvons obtenir une r\u00e9duction de la fr\u00e9quence naturelle jusqu&rsquo;\u00e0 4 Hz.<br \/>\nUn rev\u00eatement m\u00e9tallique galvanis\u00e9 sp\u00e9cialement form\u00e9 peut \u00eatre utilis\u00e9 avec le VIBRO-EP pour former le Vibro-EP Metal. Le rev\u00eatement en acier prot\u00e8ge la partie en caoutchouc du support des rayons UV et de l&rsquo;huile et en m\u00eame temps, la charge appliqu\u00e9e sur le support est r\u00e9partie de mani\u00e8re \u00e9gale sur toute la surface de l&rsquo;\u00e9l\u00e9ment en caoutchouc.<\/p>\n<p>INSTALLATION<br \/>\nEn raison de son coefficient d&rsquo;abrasion \u00e9lev\u00e9, Vibro-EP ne n\u00e9cessite normalement pas d&rsquo;\u00eatre fix\u00e9 \u00e0 l&rsquo;aide de vis, de colle ou de chevilles.<br \/>\nIl peut \u00eatre plac\u00e9 sous des machines, des supports m\u00e9talliques de machines ou sous des supports d&rsquo;inertie flottants en b\u00e9ton, en une ou plusieurs couches.<\/p>\n","protected":false},"featured_media":17270,"template":"","meta":[],"product_brand":[],"product_cat":[707],"product_tag":[],"class_list":{"0":"post-17274","1":"product","2":"type-product","3":"status-publish","4":"has-post-thumbnail","6":"product_cat-vibration-anti-bruit-acoustique-fr","8":"first","9":"instock","10":"shipping-taxable","11":"product-type-simple"},"yoast_head":"<!-- This site is optimized with the Yoast SEO plugin v27.1.1 - https:\/\/yoast.com\/product\/yoast-seo-wordpress\/ -->\n<title>Vibro-EP : Supports de plancher flottants - GeoClimate.ge<\/title>\n<meta name=\"robots\" content=\"index, follow, max-snippet:-1, max-image-preview:large, max-video-preview:-1\" \/>\n<link rel=\"canonical\" href=\"https:\/\/geoclimate.ge\/fr\/produit\/vibro-ep-floating-floor-supports\/\" \/>\n<meta property=\"og:locale\" content=\"fr_FR\" \/>\n<meta property=\"og:type\" content=\"article\" \/>\n<meta property=\"og:title\" content=\"Vibro-EP : Supports de plancher flottants - GeoClimate.ge\" \/>\n<meta property=\"og:description\" content=\"Supports antivibratoires pour : compresseurs d&#039;air, climatiseurs, pompes, ventilateurs, groupes \u00e9lectrog\u00e8nes, machines de d\u00e9coupe et plus encore. Vibro-EP est le r\u00e9sultat de recherches sp\u00e9cialis\u00e9es et est produit sous cette forme depuis 1989, fabriqu\u00e9 \u00e0 partir d&#039;un mat\u00e9riau \u00e9lastom\u00e8re m\u00e9lang\u00e9 \u00e0 des substances sp\u00e9ciales pour son am\u00e9lioration ult\u00e9rieure. Ses trous longitudinaux augmentent la compression fournie et am\u00e9liorent l&#039;absorption des vibrations.  Les coussinets antivibratoires en caoutchouc VIBRO-EP sont le r\u00e9sultat de recherches sp\u00e9cialis\u00e9es et sont produits sous cette forme depuis 1989, fabriqu\u00e9s \u00e0 partir d&#039;un mat\u00e9riau \u00e9lastom\u00e8re de premi\u00e8re qualit\u00e9 m\u00e9lang\u00e9 \u00e0 des substances sp\u00e9ciales pour son am\u00e9lioration ult\u00e9rieure. Ses trous longitudinaux augmentent la compression fournie et am\u00e9liorent l&#039;absorption des vibrations.  Isolateurs antivibratoires en caoutchouc, adapt\u00e9s pour :  Protection passive des machines Adapt\u00e9s aux charges lourdes Supports antivibratoires : Compresseurs d&#039;air \u2013 Unit\u00e9s de climatisation \u2013 Pompes \u2013 Ventilateurs \u2013 Groupes \u00e9lectrog\u00e8nes \u2013 Machines de d\u00e9coupe, etc. Support flottant : Sols industriels \u2013 Ascenseurs \u2013 Machines d&#039;impression \u2013 Machines d&#039;essai, etc. DIMENSIONS : \u2013 50 x 25 x 2,5 cm \u2013 12,5 x 12,5 x 2,5 cm  TYPES \u2013 Compos\u00e9 de caoutchouc sp\u00e9cial \u00e9lastom\u00e8re : (gris \u2013 bleu \u2013 rouge) \u2013 N\u00e9opr\u00e8ne : (beige \u2013 vert \u2013 jaune)  AUTRES FORMES Plusieurs coussinets antivibratoires en caoutchouc VIBRO-EP peuvent \u00eatre utilis\u00e9s en couches pour former le complexe Vibro-EP. Ensuite, en utilisant une plaque d&#039;acier entre les deux, nous pouvons obtenir une r\u00e9duction de la fr\u00e9quence naturelle jusqu&#039;\u00e0 4 Hz. Un rev\u00eatement m\u00e9tallique galvanis\u00e9 sp\u00e9cialement form\u00e9 peut \u00eatre utilis\u00e9 avec le VIBRO-EP pour former le Vibro-EP Metal. Le rev\u00eatement en acier prot\u00e8ge la partie en caoutchouc du support des rayons UV et de l&#039;huile et en m\u00eame temps, la charge appliqu\u00e9e sur le support est r\u00e9partie de mani\u00e8re \u00e9gale sur toute la surface de l&#039;\u00e9l\u00e9ment en caoutchouc.  INSTALLATION En raison de son coefficient d&#039;abrasion \u00e9lev\u00e9, Vibro-EP ne n\u00e9cessite normalement pas d&#039;\u00eatre fix\u00e9 \u00e0 l&#039;aide de vis, de colle ou de chevilles. Il peut \u00eatre plac\u00e9 sous des machines, des supports m\u00e9talliques de machines ou sous des supports d&#039;inertie flottants en b\u00e9ton, en une ou plusieurs couches.\" \/>\n<meta property=\"og:url\" content=\"https:\/\/geoclimate.ge\/fr\/produit\/vibro-ep-floating-floor-supports\/\" \/>\n<meta property=\"og:site_name\" content=\"GeoClimate.ge\" \/>\n<meta property=\"article:modified_time\" content=\"2025-02-07T12:22:06+00:00\" \/>\n<meta property=\"og:image\" content=\"https:\/\/geoclimate.ge\/wp-content\/uploads\/2025\/02\/EP_photo_NEW.jpg\" \/>\n\t<meta property=\"og:image:width\" content=\"280\" \/>\n\t<meta property=\"og:image:height\" content=\"210\" \/>\n\t<meta property=\"og:image:type\" content=\"image\/jpeg\" \/>\n<meta name=\"twitter:card\" content=\"summary_large_image\" \/>\n<script type=\"application\/ld+json\" class=\"yoast-schema-graph\">{\"@context\":\"https:\/\/schema.org\",\"@graph\":[{\"@type\":\"WebPage\",\"@id\":\"https:\/\/geoclimate.ge\/fr\/produit\/vibro-ep-floating-floor-supports\/\",\"url\":\"https:\/\/geoclimate.ge\/fr\/produit\/vibro-ep-floating-floor-supports\/\",\"name\":\"Vibro-EP : Supports de plancher flottants - GeoClimate.ge\",\"isPartOf\":{\"@id\":\"https:\/\/geoclimate.ge\/#website\"},\"primaryImageOfPage\":{\"@id\":\"https:\/\/geoclimate.ge\/fr\/produit\/vibro-ep-floating-floor-supports\/#primaryimage\"},\"image\":{\"@id\":\"https:\/\/geoclimate.ge\/fr\/produit\/vibro-ep-floating-floor-supports\/#primaryimage\"},\"thumbnailUrl\":\"https:\/\/geoclimate.ge\/wp-content\/uploads\/2025\/02\/EP_photo_NEW.jpg\",\"datePublished\":\"2025-02-07T12:20:13+00:00\",\"dateModified\":\"2025-02-07T12:22:06+00:00\",\"breadcrumb\":{\"@id\":\"https:\/\/geoclimate.ge\/fr\/produit\/vibro-ep-floating-floor-supports\/#breadcrumb\"},\"inLanguage\":\"fr-FR\",\"potentialAction\":[{\"@type\":\"ReadAction\",\"target\":[\"https:\/\/geoclimate.ge\/fr\/produit\/vibro-ep-floating-floor-supports\/\"]}]},{\"@type\":\"ImageObject\",\"inLanguage\":\"fr-FR\",\"@id\":\"https:\/\/geoclimate.ge\/fr\/produit\/vibro-ep-floating-floor-supports\/#primaryimage\",\"url\":\"https:\/\/geoclimate.ge\/wp-content\/uploads\/2025\/02\/EP_photo_NEW.jpg\",\"contentUrl\":\"https:\/\/geoclimate.ge\/wp-content\/uploads\/2025\/02\/EP_photo_NEW.jpg\",\"width\":280,\"height\":210},{\"@type\":\"BreadcrumbList\",\"@id\":\"https:\/\/geoclimate.ge\/fr\/produit\/vibro-ep-floating-floor-supports\/#breadcrumb\",\"itemListElement\":[{\"@type\":\"ListItem\",\"position\":1,\"name\":\"Home\",\"item\":\"https:\/\/geoclimate.ge\/fr\/\"},{\"@type\":\"ListItem\",\"position\":2,\"name\":\"Products\",\"item\":\"https:\/\/geoclimate.ge\/fr\/products\/\"},{\"@type\":\"ListItem\",\"position\":3,\"name\":\"Vibro-EP : Supports de plancher flottants\"}]},{\"@type\":\"WebSite\",\"@id\":\"https:\/\/geoclimate.ge\/#website\",\"url\":\"https:\/\/geoclimate.ge\/\",\"name\":\"GeoClimate\",\"description\":\"\",\"publisher\":{\"@id\":\"https:\/\/geoclimate.ge\/#organization\"},\"potentialAction\":[{\"@type\":\"SearchAction\",\"target\":{\"@type\":\"EntryPoint\",\"urlTemplate\":\"https:\/\/geoclimate.ge\/?s={search_term_string}\"},\"query-input\":{\"@type\":\"PropertyValueSpecification\",\"valueRequired\":true,\"valueName\":\"search_term_string\"}}],\"inLanguage\":\"fr-FR\"},{\"@type\":\"Organization\",\"@id\":\"https:\/\/geoclimate.ge\/#organization\",\"name\":\"GeoClimate\",\"url\":\"https:\/\/geoclimate.ge\/\",\"logo\":{\"@type\":\"ImageObject\",\"inLanguage\":\"fr-FR\",\"@id\":\"https:\/\/geoclimate.ge\/#\/schema\/logo\/image\/\",\"url\":\"https:\/\/geoclimate.ge\/wp-content\/uploads\/2026\/03\/geoclimate-SEO.png\",\"contentUrl\":\"https:\/\/geoclimate.ge\/wp-content\/uploads\/2026\/03\/geoclimate-SEO.png\",\"width\":1536,\"height\":1024,\"caption\":\"GeoClimate\"},\"image\":{\"@id\":\"https:\/\/geoclimate.ge\/#\/schema\/logo\/image\/\"}}]}<\/script>\n<!-- \/ Yoast SEO plugin. -->","yoast_head_json":{"title":"Vibro-EP : Supports de plancher flottants - GeoClimate.ge","robots":{"index":"index","follow":"follow","max-snippet":"max-snippet:-1","max-image-preview":"max-image-preview:large","max-video-preview":"max-video-preview:-1"},"canonical":"https:\/\/geoclimate.ge\/fr\/produit\/vibro-ep-floating-floor-supports\/","og_locale":"fr_FR","og_type":"article","og_title":"Vibro-EP : Supports de plancher flottants - GeoClimate.ge","og_description":"Supports antivibratoires pour : compresseurs d'air, climatiseurs, pompes, ventilateurs, groupes \u00e9lectrog\u00e8nes, machines de d\u00e9coupe et plus encore. Vibro-EP est le r\u00e9sultat de recherches sp\u00e9cialis\u00e9es et est produit sous cette forme depuis 1989, fabriqu\u00e9 \u00e0 partir d'un mat\u00e9riau \u00e9lastom\u00e8re m\u00e9lang\u00e9 \u00e0 des substances sp\u00e9ciales pour son am\u00e9lioration ult\u00e9rieure. Ses trous longitudinaux augmentent la compression fournie et am\u00e9liorent l'absorption des vibrations.  Les coussinets antivibratoires en caoutchouc VIBRO-EP sont le r\u00e9sultat de recherches sp\u00e9cialis\u00e9es et sont produits sous cette forme depuis 1989, fabriqu\u00e9s \u00e0 partir d'un mat\u00e9riau \u00e9lastom\u00e8re de premi\u00e8re qualit\u00e9 m\u00e9lang\u00e9 \u00e0 des substances sp\u00e9ciales pour son am\u00e9lioration ult\u00e9rieure. Ses trous longitudinaux augmentent la compression fournie et am\u00e9liorent l'absorption des vibrations.  Isolateurs antivibratoires en caoutchouc, adapt\u00e9s pour :  Protection passive des machines Adapt\u00e9s aux charges lourdes Supports antivibratoires : Compresseurs d'air \u2013 Unit\u00e9s de climatisation \u2013 Pompes \u2013 Ventilateurs \u2013 Groupes \u00e9lectrog\u00e8nes \u2013 Machines de d\u00e9coupe, etc. Support flottant : Sols industriels \u2013 Ascenseurs \u2013 Machines d'impression \u2013 Machines d'essai, etc. DIMENSIONS : \u2013 50 x 25 x 2,5 cm \u2013 12,5 x 12,5 x 2,5 cm  TYPES \u2013 Compos\u00e9 de caoutchouc sp\u00e9cial \u00e9lastom\u00e8re : (gris \u2013 bleu \u2013 rouge) \u2013 N\u00e9opr\u00e8ne : (beige \u2013 vert \u2013 jaune)  AUTRES FORMES Plusieurs coussinets antivibratoires en caoutchouc VIBRO-EP peuvent \u00eatre utilis\u00e9s en couches pour former le complexe Vibro-EP. Ensuite, en utilisant une plaque d'acier entre les deux, nous pouvons obtenir une r\u00e9duction de la fr\u00e9quence naturelle jusqu'\u00e0 4 Hz. Un rev\u00eatement m\u00e9tallique galvanis\u00e9 sp\u00e9cialement form\u00e9 peut \u00eatre utilis\u00e9 avec le VIBRO-EP pour former le Vibro-EP Metal. Le rev\u00eatement en acier prot\u00e8ge la partie en caoutchouc du support des rayons UV et de l'huile et en m\u00eame temps, la charge appliqu\u00e9e sur le support est r\u00e9partie de mani\u00e8re \u00e9gale sur toute la surface de l'\u00e9l\u00e9ment en caoutchouc.  INSTALLATION En raison de son coefficient d'abrasion \u00e9lev\u00e9, Vibro-EP ne n\u00e9cessite normalement pas d'\u00eatre fix\u00e9 \u00e0 l'aide de vis, de colle ou de chevilles. Il peut \u00eatre plac\u00e9 sous des machines, des supports m\u00e9talliques de machines ou sous des supports d'inertie flottants en b\u00e9ton, en une ou plusieurs couches.","og_url":"https:\/\/geoclimate.ge\/fr\/produit\/vibro-ep-floating-floor-supports\/","og_site_name":"GeoClimate.ge","article_modified_time":"2025-02-07T12:22:06+00:00","og_image":[{"width":280,"height":210,"url":"https:\/\/geoclimate.ge\/wp-content\/uploads\/2025\/02\/EP_photo_NEW.jpg","type":"image\/jpeg"}],"twitter_card":"summary_large_image","schema":{"@context":"https:\/\/schema.org","@graph":[{"@type":"WebPage","@id":"https:\/\/geoclimate.ge\/fr\/produit\/vibro-ep-floating-floor-supports\/","url":"https:\/\/geoclimate.ge\/fr\/produit\/vibro-ep-floating-floor-supports\/","name":"Vibro-EP : Supports de plancher flottants - GeoClimate.ge","isPartOf":{"@id":"https:\/\/geoclimate.ge\/#website"},"primaryImageOfPage":{"@id":"https:\/\/geoclimate.ge\/fr\/produit\/vibro-ep-floating-floor-supports\/#primaryimage"},"image":{"@id":"https:\/\/geoclimate.ge\/fr\/produit\/vibro-ep-floating-floor-supports\/#primaryimage"},"thumbnailUrl":"https:\/\/geoclimate.ge\/wp-content\/uploads\/2025\/02\/EP_photo_NEW.jpg","datePublished":"2025-02-07T12:20:13+00:00","dateModified":"2025-02-07T12:22:06+00:00","breadcrumb":{"@id":"https:\/\/geoclimate.ge\/fr\/produit\/vibro-ep-floating-floor-supports\/#breadcrumb"},"inLanguage":"fr-FR","potentialAction":[{"@type":"ReadAction","target":["https:\/\/geoclimate.ge\/fr\/produit\/vibro-ep-floating-floor-supports\/"]}]},{"@type":"ImageObject","inLanguage":"fr-FR","@id":"https:\/\/geoclimate.ge\/fr\/produit\/vibro-ep-floating-floor-supports\/#primaryimage","url":"https:\/\/geoclimate.ge\/wp-content\/uploads\/2025\/02\/EP_photo_NEW.jpg","contentUrl":"https:\/\/geoclimate.ge\/wp-content\/uploads\/2025\/02\/EP_photo_NEW.jpg","width":280,"height":210},{"@type":"BreadcrumbList","@id":"https:\/\/geoclimate.ge\/fr\/produit\/vibro-ep-floating-floor-supports\/#breadcrumb","itemListElement":[{"@type":"ListItem","position":1,"name":"Home","item":"https:\/\/geoclimate.ge\/fr\/"},{"@type":"ListItem","position":2,"name":"Products","item":"https:\/\/geoclimate.ge\/fr\/products\/"},{"@type":"ListItem","position":3,"name":"Vibro-EP : Supports de plancher flottants"}]},{"@type":"WebSite","@id":"https:\/\/geoclimate.ge\/#website","url":"https:\/\/geoclimate.ge\/","name":"GeoClimate","description":"","publisher":{"@id":"https:\/\/geoclimate.ge\/#organization"},"potentialAction":[{"@type":"SearchAction","target":{"@type":"EntryPoint","urlTemplate":"https:\/\/geoclimate.ge\/?s={search_term_string}"},"query-input":{"@type":"PropertyValueSpecification","valueRequired":true,"valueName":"search_term_string"}}],"inLanguage":"fr-FR"},{"@type":"Organization","@id":"https:\/\/geoclimate.ge\/#organization","name":"GeoClimate","url":"https:\/\/geoclimate.ge\/","logo":{"@type":"ImageObject","inLanguage":"fr-FR","@id":"https:\/\/geoclimate.ge\/#\/schema\/logo\/image\/","url":"https:\/\/geoclimate.ge\/wp-content\/uploads\/2026\/03\/geoclimate-SEO.png","contentUrl":"https:\/\/geoclimate.ge\/wp-content\/uploads\/2026\/03\/geoclimate-SEO.png","width":1536,"height":1024,"caption":"GeoClimate"},"image":{"@id":"https:\/\/geoclimate.ge\/#\/schema\/logo\/image\/"}}]}},"_links":{"self":[{"href":"https:\/\/geoclimate.ge\/fr\/wp-json\/wp\/v2\/product\/17274","targetHints":{"allow":["GET"]}}],"collection":[{"href":"https:\/\/geoclimate.ge\/fr\/wp-json\/wp\/v2\/product"}],"about":[{"href":"https:\/\/geoclimate.ge\/fr\/wp-json\/wp\/v2\/types\/product"}],"wp:featuredmedia":[{"embeddable":true,"href":"https:\/\/geoclimate.ge\/fr\/wp-json\/wp\/v2\/media\/17270"}],"wp:attachment":[{"href":"https:\/\/geoclimate.ge\/fr\/wp-json\/wp\/v2\/media?parent=17274"}],"wp:term":[{"taxonomy":"product_brand","embeddable":true,"href":"https:\/\/geoclimate.ge\/fr\/wp-json\/wp\/v2\/product_brand?post=17274"},{"taxonomy":"product_cat","embeddable":true,"href":"https:\/\/geoclimate.ge\/fr\/wp-json\/wp\/v2\/product_cat?post=17274"},{"taxonomy":"product_tag","embeddable":true,"href":"https:\/\/geoclimate.ge\/fr\/wp-json\/wp\/v2\/product_tag?post=17274"}],"curies":[{"name":"wp","href":"https:\/\/api.w.org\/{rel}","templated":true}]}}