{"id":17335,"date":"2025-02-07T16:51:26","date_gmt":"2025-02-07T12:51:26","guid":{"rendered":"https:\/\/airsystems.ge\/shop\/product\/vibro-mp-f-regufoam-pads-with-metal-cover\/"},"modified":"2025-02-07T17:23:24","modified_gmt":"2025-02-07T13:23:24","slug":"vibro-mp-f-regufoam-pads-with-metal-cover","status":"publish","type":"product","link":"https:\/\/geoclimate.ge\/fr\/produit\/vibro-mp-f-regufoam-pads-with-metal-cover\/","title":{"rendered":"Vibro-MP.F : Coussinets Regufoam\u00ae avec rev\u00eatement m\u00e9tallique"},"content":{"rendered":"<table style=\"height: 204px;\" width=\"697\">\n<thead>\n<tr>\n<th>COLOR CODE<\/th>\n<th>DIMENSIONS (cm)<\/th>\n<th>MAX STATIC LOAD (daN)<\/th>\n<\/tr>\n<\/thead>\n<tbody>\n<tr>\n<td>Green<\/td>\n<td>6.7 x 6.7 x 2.7<\/td>\n<td>4<\/td>\n<\/tr>\n<tr>\n<td>Purple<\/td>\n<td>6.7 x 6.7 x 2.7<\/td>\n<td>10<\/td>\n<\/tr>\n<\/tbody>\n<tbody>\n<tr>\n<td>Black<\/td>\n<td>6.7 x 6.7 x 2.7<\/td>\n<td>22<\/td>\n<\/tr>\n<\/tbody>\n<tbody>\n<tr>\n<td>Grey<\/td>\n<td>6.7 x 6.7 x 2.7<\/td>\n<td>40<\/td>\n<\/tr>\n<\/tbody>\n<\/table>\n<p><strong>Dynamic Characteristics<\/strong>: 13 Hz at maximum load<\/p>\n","protected":false},"excerpt":{"rendered":"<p>Le coussinet antivibratoire Regufoam\u00ae avec rev\u00eatement m\u00e9tallique r\u00e9partit uniform\u00e9ment la charge appliqu\u00e9e et prot\u00e8ge le coussinet en mousse \u00e0 cellules semi-ferm\u00e9es en polyur\u00e9thane de haute qualit\u00e9 de l&rsquo;exposition aux UV.<br \/>\nLe Vibro-MP.F peut \u00eatre utilis\u00e9 comme support antivibratoire pour : Petits compresseurs d&rsquo;air, Unit\u00e9s de climatisation, pompes, ventilateurs, etc.<\/p>\n<p>Ses dimensions r\u00e9duites offrent une solution \u00e9conomique et efficace pour les charges de machines faibles.<\/p>\n<p>Le Vibro-MP.F se compose d&rsquo;un coussinet Regufoam\u00ae et d&rsquo;un rev\u00eatement m\u00e9tallique galvanis\u00e9 sp\u00e9cialement form\u00e9. L&rsquo;intercession du rev\u00eatement en acier entre la base de la machine et le coussinet en mousse \u00e0 cellules semi-ferm\u00e9es en polyur\u00e9thane de haute qualit\u00e9 assure la r\u00e9partition uniforme de la charge sur toute la surface de l&rsquo;\u00e9l\u00e9ment Regufoam. En m\u00eame temps, le rev\u00eatement prot\u00e8ge le coussinet des rayons UV solaires et des huiles. Au centre de la partie sup\u00e9rieure du rev\u00eatement, une vis interne M8 x 27 mm est incorpor\u00e9e, pour fixer la<br \/>\nmachine sur le support antivibratoire.<\/p>\n<p>Il existe quatre types de Regufoam\u00ae \u00e0 code couleur pour ce produit, en fonction de la charge maximale par fixation.<\/p>\n<p>Lors de l&rsquo;utilisation de ce produit, il est possible d&rsquo;obtenir un r\u00e9glage de la hauteur \u00e0 l&rsquo;aide de deux \u00e9crous avec une rondelle (non inclus).<\/p>\n<p>Pourquoi choisir Vibro-MP.F | Coussinets antivibratoires Regufoam\u00ae avec rev\u00eatement m\u00e9tallique :<\/p>\n<p>Facile \u00e0 installer<br \/>\nPeut \u00eatre utilis\u00e9 pour le support de machines antivibratoires<br \/>\nPeut \u00eatre utilis\u00e9 pour la fixation de machines<br \/>\nAPPLICATIONS<br \/>\nSUPPORTS ANTIVIBRATIONS : Petits compresseurs d&rsquo;air &#8211; Pompes &#8211; Ventilateurs &#8211; Unit\u00e9s de climatisation, etc.<br \/>\nIl est g\u00e9n\u00e9ralement recommand\u00e9 d&rsquo;utiliser Vibro-MP.F pour les \u00e9quipements l\u00e9gers, o\u00f9 la base de support de la machine a une petite surface d&rsquo;appui et le coussinet en mousse de polyur\u00e9thane \u00e0 cellules semi-ferm\u00e9es n&rsquo;est pas charg\u00e9 uniform\u00e9ment.<\/p>\n<p>DIMENSIONS<br \/>\n[Longueur x Largeur x Hauteur] 6,7 x 6,7 x 2,7 cm<br \/>\nFiletage int\u00e9rieur : M8 x hauteur 27 mm<\/p>\n<p>AUTRES FORMES<br \/>\nRegufoam\u00ae est un \u00e9lastom\u00e8re de polyur\u00e9thane \u00e0 cellules mixtes produit en six degr\u00e9s de duret\u00e9 ou densit\u00e9s diff\u00e9rents avec des propri\u00e9t\u00e9s combin\u00e9es de ressort et d&rsquo;amortissement. C&rsquo;est le c\u0153ur de Vibro-MP.F. Regufoam a une fr\u00e9quence naturelle extr\u00eamement basse dans les plages de charge correspondantes, ce qui se traduit par des valeurs d&rsquo;insonorisation \u00e9lev\u00e9es. De plus, il pr\u00e9sente une tr\u00e8s faible d\u00e9flexion du ressort et une r\u00e9silience \u00e9lev\u00e9e. Sa structure cellulaire garantit des transmissions de forces sur toute la surface sous des charges de poids statiques et dynamiques.<\/p>\n","protected":false},"featured_media":17328,"template":"","meta":[],"product_brand":[],"product_cat":[707],"product_tag":[],"class_list":{"0":"post-17335","1":"product","2":"type-product","3":"status-publish","4":"has-post-thumbnail","6":"product_cat-vibration-anti-bruit-acoustique-fr","8":"first","9":"instock","10":"shipping-taxable","11":"product-type-simple"},"yoast_head":"<!-- This site is optimized with the Yoast SEO plugin v27.1.1 - https:\/\/yoast.com\/product\/yoast-seo-wordpress\/ -->\n<title>Vibro-MP.F : Coussinets Regufoam\u00ae avec rev\u00eatement m\u00e9tallique - GeoClimate.ge<\/title>\n<meta name=\"robots\" content=\"index, follow, max-snippet:-1, max-image-preview:large, max-video-preview:-1\" \/>\n<link rel=\"canonical\" href=\"https:\/\/geoclimate.ge\/fr\/produit\/vibro-mp-f-regufoam-pads-with-metal-cover\/\" \/>\n<meta property=\"og:locale\" content=\"fr_FR\" \/>\n<meta property=\"og:type\" content=\"article\" \/>\n<meta property=\"og:title\" content=\"Vibro-MP.F : Coussinets Regufoam\u00ae avec rev\u00eatement m\u00e9tallique - GeoClimate.ge\" \/>\n<meta property=\"og:description\" content=\"Le coussinet antivibratoire Regufoam\u00ae avec rev\u00eatement m\u00e9tallique r\u00e9partit uniform\u00e9ment la charge appliqu\u00e9e et prot\u00e8ge le coussinet en mousse \u00e0 cellules semi-ferm\u00e9es en polyur\u00e9thane de haute qualit\u00e9 de l&#039;exposition aux UV. Le Vibro-MP.F peut \u00eatre utilis\u00e9 comme support antivibratoire pour : Petits compresseurs d&#039;air, Unit\u00e9s de climatisation, pompes, ventilateurs, etc.  Ses dimensions r\u00e9duites offrent une solution \u00e9conomique et efficace pour les charges de machines faibles.  Le Vibro-MP.F se compose d&#039;un coussinet Regufoam\u00ae et d&#039;un rev\u00eatement m\u00e9tallique galvanis\u00e9 sp\u00e9cialement form\u00e9. L&#039;intercession du rev\u00eatement en acier entre la base de la machine et le coussinet en mousse \u00e0 cellules semi-ferm\u00e9es en polyur\u00e9thane de haute qualit\u00e9 assure la r\u00e9partition uniforme de la charge sur toute la surface de l&#039;\u00e9l\u00e9ment Regufoam. En m\u00eame temps, le rev\u00eatement prot\u00e8ge le coussinet des rayons UV solaires et des huiles. Au centre de la partie sup\u00e9rieure du rev\u00eatement, une vis interne M8 x 27 mm est incorpor\u00e9e, pour fixer la machine sur le support antivibratoire.  Il existe quatre types de Regufoam\u00ae \u00e0 code couleur pour ce produit, en fonction de la charge maximale par fixation.  Lors de l&#039;utilisation de ce produit, il est possible d&#039;obtenir un r\u00e9glage de la hauteur \u00e0 l&#039;aide de deux \u00e9crous avec une rondelle (non inclus).  Pourquoi choisir Vibro-MP.F | Coussinets antivibratoires Regufoam\u00ae avec rev\u00eatement m\u00e9tallique :  Facile \u00e0 installer Peut \u00eatre utilis\u00e9 pour le support de machines antivibratoires Peut \u00eatre utilis\u00e9 pour la fixation de machines APPLICATIONS SUPPORTS ANTIVIBRATIONS : Petits compresseurs d&#039;air - Pompes - Ventilateurs - Unit\u00e9s de climatisation, etc. Il est g\u00e9n\u00e9ralement recommand\u00e9 d&#039;utiliser Vibro-MP.F pour les \u00e9quipements l\u00e9gers, o\u00f9 la base de support de la machine a une petite surface d&#039;appui et le coussinet en mousse de polyur\u00e9thane \u00e0 cellules semi-ferm\u00e9es n&#039;est pas charg\u00e9 uniform\u00e9ment.  DIMENSIONS [Longueur x Largeur x Hauteur] 6,7 x 6,7 x 2,7 cm Filetage int\u00e9rieur : M8 x hauteur 27 mm  AUTRES FORMES Regufoam\u00ae est un \u00e9lastom\u00e8re de polyur\u00e9thane \u00e0 cellules mixtes produit en six degr\u00e9s de duret\u00e9 ou densit\u00e9s diff\u00e9rents avec des propri\u00e9t\u00e9s combin\u00e9es de ressort et d&#039;amortissement. C&#039;est le c\u0153ur de Vibro-MP.F. Regufoam a une fr\u00e9quence naturelle extr\u00eamement basse dans les plages de charge correspondantes, ce qui se traduit par des valeurs d&#039;insonorisation \u00e9lev\u00e9es. De plus, il pr\u00e9sente une tr\u00e8s faible d\u00e9flexion du ressort et une r\u00e9silience \u00e9lev\u00e9e. Sa structure cellulaire garantit des transmissions de forces sur toute la surface sous des charges de poids statiques et dynamiques.\" \/>\n<meta property=\"og:url\" content=\"https:\/\/geoclimate.ge\/fr\/produit\/vibro-mp-f-regufoam-pads-with-metal-cover\/\" \/>\n<meta property=\"og:site_name\" content=\"GeoClimate.ge\" \/>\n<meta property=\"article:modified_time\" content=\"2025-02-07T13:23:24+00:00\" \/>\n<meta property=\"og:image\" content=\"https:\/\/geoclimate.ge\/wp-content\/uploads\/2025\/02\/Vibro-MP.F-.png\" \/>\n\t<meta property=\"og:image:width\" content=\"300\" \/>\n\t<meta property=\"og:image:height\" content=\"300\" \/>\n\t<meta property=\"og:image:type\" content=\"image\/png\" \/>\n<meta name=\"twitter:card\" content=\"summary_large_image\" \/>\n<script type=\"application\/ld+json\" class=\"yoast-schema-graph\">{\"@context\":\"https:\/\/schema.org\",\"@graph\":[{\"@type\":\"WebPage\",\"@id\":\"https:\/\/geoclimate.ge\/fr\/produit\/vibro-mp-f-regufoam-pads-with-metal-cover\/\",\"url\":\"https:\/\/geoclimate.ge\/fr\/produit\/vibro-mp-f-regufoam-pads-with-metal-cover\/\",\"name\":\"Vibro-MP.F : Coussinets Regufoam\u00ae avec rev\u00eatement m\u00e9tallique - GeoClimate.ge\",\"isPartOf\":{\"@id\":\"https:\/\/geoclimate.ge\/#website\"},\"primaryImageOfPage\":{\"@id\":\"https:\/\/geoclimate.ge\/fr\/produit\/vibro-mp-f-regufoam-pads-with-metal-cover\/#primaryimage\"},\"image\":{\"@id\":\"https:\/\/geoclimate.ge\/fr\/produit\/vibro-mp-f-regufoam-pads-with-metal-cover\/#primaryimage\"},\"thumbnailUrl\":\"https:\/\/geoclimate.ge\/wp-content\/uploads\/2025\/02\/Vibro-MP.F-.png\",\"datePublished\":\"2025-02-07T12:51:26+00:00\",\"dateModified\":\"2025-02-07T13:23:24+00:00\",\"breadcrumb\":{\"@id\":\"https:\/\/geoclimate.ge\/fr\/produit\/vibro-mp-f-regufoam-pads-with-metal-cover\/#breadcrumb\"},\"inLanguage\":\"fr-FR\",\"potentialAction\":[{\"@type\":\"ReadAction\",\"target\":[\"https:\/\/geoclimate.ge\/fr\/produit\/vibro-mp-f-regufoam-pads-with-metal-cover\/\"]}]},{\"@type\":\"ImageObject\",\"inLanguage\":\"fr-FR\",\"@id\":\"https:\/\/geoclimate.ge\/fr\/produit\/vibro-mp-f-regufoam-pads-with-metal-cover\/#primaryimage\",\"url\":\"https:\/\/geoclimate.ge\/wp-content\/uploads\/2025\/02\/Vibro-MP.F-.png\",\"contentUrl\":\"https:\/\/geoclimate.ge\/wp-content\/uploads\/2025\/02\/Vibro-MP.F-.png\",\"width\":300,\"height\":300},{\"@type\":\"BreadcrumbList\",\"@id\":\"https:\/\/geoclimate.ge\/fr\/produit\/vibro-mp-f-regufoam-pads-with-metal-cover\/#breadcrumb\",\"itemListElement\":[{\"@type\":\"ListItem\",\"position\":1,\"name\":\"Home\",\"item\":\"https:\/\/geoclimate.ge\/fr\/\"},{\"@type\":\"ListItem\",\"position\":2,\"name\":\"Products\",\"item\":\"https:\/\/geoclimate.ge\/fr\/products\/\"},{\"@type\":\"ListItem\",\"position\":3,\"name\":\"Vibro-MP.F : Coussinets Regufoam\u00ae avec rev\u00eatement m\u00e9tallique\"}]},{\"@type\":\"WebSite\",\"@id\":\"https:\/\/geoclimate.ge\/#website\",\"url\":\"https:\/\/geoclimate.ge\/\",\"name\":\"GeoClimate\",\"description\":\"\",\"publisher\":{\"@id\":\"https:\/\/geoclimate.ge\/#organization\"},\"potentialAction\":[{\"@type\":\"SearchAction\",\"target\":{\"@type\":\"EntryPoint\",\"urlTemplate\":\"https:\/\/geoclimate.ge\/?s={search_term_string}\"},\"query-input\":{\"@type\":\"PropertyValueSpecification\",\"valueRequired\":true,\"valueName\":\"search_term_string\"}}],\"inLanguage\":\"fr-FR\"},{\"@type\":\"Organization\",\"@id\":\"https:\/\/geoclimate.ge\/#organization\",\"name\":\"GeoClimate\",\"url\":\"https:\/\/geoclimate.ge\/\",\"logo\":{\"@type\":\"ImageObject\",\"inLanguage\":\"fr-FR\",\"@id\":\"https:\/\/geoclimate.ge\/#\/schema\/logo\/image\/\",\"url\":\"https:\/\/geoclimate.ge\/wp-content\/uploads\/2026\/03\/geoclimate-SEO.png\",\"contentUrl\":\"https:\/\/geoclimate.ge\/wp-content\/uploads\/2026\/03\/geoclimate-SEO.png\",\"width\":1536,\"height\":1024,\"caption\":\"GeoClimate\"},\"image\":{\"@id\":\"https:\/\/geoclimate.ge\/#\/schema\/logo\/image\/\"}}]}<\/script>\n<!-- \/ Yoast SEO plugin. -->","yoast_head_json":{"title":"Vibro-MP.F : Coussinets Regufoam\u00ae avec rev\u00eatement m\u00e9tallique - GeoClimate.ge","robots":{"index":"index","follow":"follow","max-snippet":"max-snippet:-1","max-image-preview":"max-image-preview:large","max-video-preview":"max-video-preview:-1"},"canonical":"https:\/\/geoclimate.ge\/fr\/produit\/vibro-mp-f-regufoam-pads-with-metal-cover\/","og_locale":"fr_FR","og_type":"article","og_title":"Vibro-MP.F : Coussinets Regufoam\u00ae avec rev\u00eatement m\u00e9tallique - GeoClimate.ge","og_description":"Le coussinet antivibratoire Regufoam\u00ae avec rev\u00eatement m\u00e9tallique r\u00e9partit uniform\u00e9ment la charge appliqu\u00e9e et prot\u00e8ge le coussinet en mousse \u00e0 cellules semi-ferm\u00e9es en polyur\u00e9thane de haute qualit\u00e9 de l'exposition aux UV. Le Vibro-MP.F peut \u00eatre utilis\u00e9 comme support antivibratoire pour : Petits compresseurs d'air, Unit\u00e9s de climatisation, pompes, ventilateurs, etc.  Ses dimensions r\u00e9duites offrent une solution \u00e9conomique et efficace pour les charges de machines faibles.  Le Vibro-MP.F se compose d'un coussinet Regufoam\u00ae et d'un rev\u00eatement m\u00e9tallique galvanis\u00e9 sp\u00e9cialement form\u00e9. L'intercession du rev\u00eatement en acier entre la base de la machine et le coussinet en mousse \u00e0 cellules semi-ferm\u00e9es en polyur\u00e9thane de haute qualit\u00e9 assure la r\u00e9partition uniforme de la charge sur toute la surface de l'\u00e9l\u00e9ment Regufoam. En m\u00eame temps, le rev\u00eatement prot\u00e8ge le coussinet des rayons UV solaires et des huiles. Au centre de la partie sup\u00e9rieure du rev\u00eatement, une vis interne M8 x 27 mm est incorpor\u00e9e, pour fixer la machine sur le support antivibratoire.  Il existe quatre types de Regufoam\u00ae \u00e0 code couleur pour ce produit, en fonction de la charge maximale par fixation.  Lors de l'utilisation de ce produit, il est possible d'obtenir un r\u00e9glage de la hauteur \u00e0 l'aide de deux \u00e9crous avec une rondelle (non inclus).  Pourquoi choisir Vibro-MP.F | Coussinets antivibratoires Regufoam\u00ae avec rev\u00eatement m\u00e9tallique :  Facile \u00e0 installer Peut \u00eatre utilis\u00e9 pour le support de machines antivibratoires Peut \u00eatre utilis\u00e9 pour la fixation de machines APPLICATIONS SUPPORTS ANTIVIBRATIONS : Petits compresseurs d'air - Pompes - Ventilateurs - Unit\u00e9s de climatisation, etc. Il est g\u00e9n\u00e9ralement recommand\u00e9 d'utiliser Vibro-MP.F pour les \u00e9quipements l\u00e9gers, o\u00f9 la base de support de la machine a une petite surface d'appui et le coussinet en mousse de polyur\u00e9thane \u00e0 cellules semi-ferm\u00e9es n'est pas charg\u00e9 uniform\u00e9ment.  DIMENSIONS [Longueur x Largeur x Hauteur] 6,7 x 6,7 x 2,7 cm Filetage int\u00e9rieur : M8 x hauteur 27 mm  AUTRES FORMES Regufoam\u00ae est un \u00e9lastom\u00e8re de polyur\u00e9thane \u00e0 cellules mixtes produit en six degr\u00e9s de duret\u00e9 ou densit\u00e9s diff\u00e9rents avec des propri\u00e9t\u00e9s combin\u00e9es de ressort et d'amortissement. C'est le c\u0153ur de Vibro-MP.F. Regufoam a une fr\u00e9quence naturelle extr\u00eamement basse dans les plages de charge correspondantes, ce qui se traduit par des valeurs d'insonorisation \u00e9lev\u00e9es. De plus, il pr\u00e9sente une tr\u00e8s faible d\u00e9flexion du ressort et une r\u00e9silience \u00e9lev\u00e9e. Sa structure cellulaire garantit des transmissions de forces sur toute la surface sous des charges de poids statiques et dynamiques.","og_url":"https:\/\/geoclimate.ge\/fr\/produit\/vibro-mp-f-regufoam-pads-with-metal-cover\/","og_site_name":"GeoClimate.ge","article_modified_time":"2025-02-07T13:23:24+00:00","og_image":[{"width":300,"height":300,"url":"https:\/\/geoclimate.ge\/wp-content\/uploads\/2025\/02\/Vibro-MP.F-.png","type":"image\/png"}],"twitter_card":"summary_large_image","schema":{"@context":"https:\/\/schema.org","@graph":[{"@type":"WebPage","@id":"https:\/\/geoclimate.ge\/fr\/produit\/vibro-mp-f-regufoam-pads-with-metal-cover\/","url":"https:\/\/geoclimate.ge\/fr\/produit\/vibro-mp-f-regufoam-pads-with-metal-cover\/","name":"Vibro-MP.F : Coussinets Regufoam\u00ae avec rev\u00eatement m\u00e9tallique - GeoClimate.ge","isPartOf":{"@id":"https:\/\/geoclimate.ge\/#website"},"primaryImageOfPage":{"@id":"https:\/\/geoclimate.ge\/fr\/produit\/vibro-mp-f-regufoam-pads-with-metal-cover\/#primaryimage"},"image":{"@id":"https:\/\/geoclimate.ge\/fr\/produit\/vibro-mp-f-regufoam-pads-with-metal-cover\/#primaryimage"},"thumbnailUrl":"https:\/\/geoclimate.ge\/wp-content\/uploads\/2025\/02\/Vibro-MP.F-.png","datePublished":"2025-02-07T12:51:26+00:00","dateModified":"2025-02-07T13:23:24+00:00","breadcrumb":{"@id":"https:\/\/geoclimate.ge\/fr\/produit\/vibro-mp-f-regufoam-pads-with-metal-cover\/#breadcrumb"},"inLanguage":"fr-FR","potentialAction":[{"@type":"ReadAction","target":["https:\/\/geoclimate.ge\/fr\/produit\/vibro-mp-f-regufoam-pads-with-metal-cover\/"]}]},{"@type":"ImageObject","inLanguage":"fr-FR","@id":"https:\/\/geoclimate.ge\/fr\/produit\/vibro-mp-f-regufoam-pads-with-metal-cover\/#primaryimage","url":"https:\/\/geoclimate.ge\/wp-content\/uploads\/2025\/02\/Vibro-MP.F-.png","contentUrl":"https:\/\/geoclimate.ge\/wp-content\/uploads\/2025\/02\/Vibro-MP.F-.png","width":300,"height":300},{"@type":"BreadcrumbList","@id":"https:\/\/geoclimate.ge\/fr\/produit\/vibro-mp-f-regufoam-pads-with-metal-cover\/#breadcrumb","itemListElement":[{"@type":"ListItem","position":1,"name":"Home","item":"https:\/\/geoclimate.ge\/fr\/"},{"@type":"ListItem","position":2,"name":"Products","item":"https:\/\/geoclimate.ge\/fr\/products\/"},{"@type":"ListItem","position":3,"name":"Vibro-MP.F : Coussinets Regufoam\u00ae avec rev\u00eatement m\u00e9tallique"}]},{"@type":"WebSite","@id":"https:\/\/geoclimate.ge\/#website","url":"https:\/\/geoclimate.ge\/","name":"GeoClimate","description":"","publisher":{"@id":"https:\/\/geoclimate.ge\/#organization"},"potentialAction":[{"@type":"SearchAction","target":{"@type":"EntryPoint","urlTemplate":"https:\/\/geoclimate.ge\/?s={search_term_string}"},"query-input":{"@type":"PropertyValueSpecification","valueRequired":true,"valueName":"search_term_string"}}],"inLanguage":"fr-FR"},{"@type":"Organization","@id":"https:\/\/geoclimate.ge\/#organization","name":"GeoClimate","url":"https:\/\/geoclimate.ge\/","logo":{"@type":"ImageObject","inLanguage":"fr-FR","@id":"https:\/\/geoclimate.ge\/#\/schema\/logo\/image\/","url":"https:\/\/geoclimate.ge\/wp-content\/uploads\/2026\/03\/geoclimate-SEO.png","contentUrl":"https:\/\/geoclimate.ge\/wp-content\/uploads\/2026\/03\/geoclimate-SEO.png","width":1536,"height":1024,"caption":"GeoClimate"},"image":{"@id":"https:\/\/geoclimate.ge\/#\/schema\/logo\/image\/"}}]}},"_links":{"self":[{"href":"https:\/\/geoclimate.ge\/fr\/wp-json\/wp\/v2\/product\/17335","targetHints":{"allow":["GET"]}}],"collection":[{"href":"https:\/\/geoclimate.ge\/fr\/wp-json\/wp\/v2\/product"}],"about":[{"href":"https:\/\/geoclimate.ge\/fr\/wp-json\/wp\/v2\/types\/product"}],"wp:featuredmedia":[{"embeddable":true,"href":"https:\/\/geoclimate.ge\/fr\/wp-json\/wp\/v2\/media\/17328"}],"wp:attachment":[{"href":"https:\/\/geoclimate.ge\/fr\/wp-json\/wp\/v2\/media?parent=17335"}],"wp:term":[{"taxonomy":"product_brand","embeddable":true,"href":"https:\/\/geoclimate.ge\/fr\/wp-json\/wp\/v2\/product_brand?post=17335"},{"taxonomy":"product_cat","embeddable":true,"href":"https:\/\/geoclimate.ge\/fr\/wp-json\/wp\/v2\/product_cat?post=17335"},{"taxonomy":"product_tag","embeddable":true,"href":"https:\/\/geoclimate.ge\/fr\/wp-json\/wp\/v2\/product_tag?post=17335"}],"curies":[{"name":"wp","href":"https:\/\/api.w.org\/{rel}","templated":true}]}}