{"id":17352,"date":"2025-02-07T17:26:10","date_gmt":"2025-02-07T13:26:10","guid":{"rendered":"https:\/\/airsystems.ge\/shop\/product\/vibro-lb-f-anti-vibration-braces-for-floating-drywall-systems-with-regufoam\/"},"modified":"2025-02-07T17:31:49","modified_gmt":"2025-02-07T13:31:49","slug":"vibro-lb-f-anti-vibration-braces-for-floating-drywall-systems-with-regufoam","status":"publish","type":"product","link":"https:\/\/geoclimate.ge\/fr\/produit\/vibro-lb-f-anti-vibration-braces-for-floating-drywall-systems-with-regufoam\/","title":{"rendered":"Vibro-LB.F : Support antivibratoire pour syst\u00e8mes de cloisons s\u00e8ches flottantes avec Regufoam\u00ae"},"content":{"rendered":"<p><a class=\"swipebox\" title=\"Vibro LB.F Selection Table\" href=\"https:\/\/antivibration-systems.com\/wp-content\/uploads\/2012\/10\/Vibro-LB.F-Selection-Table.jpg\" data-rel=\"lightbox-gallery-bGlnaHRib3gtZ2FsbGVyeS0w\" data-rl_title=\"Vibro LB.F Selection Table\" data-rl_caption=\"\"><img loading=\"lazy\" decoding=\"async\" class=\"aligncenter wp-image-10744\" src=\"https:\/\/antivibration-systems.com\/wp-content\/uploads\/2012\/10\/Vibro-LB.F-Selection-Table.jpg\" alt=\"Selection Table of Vibro-LB.F\" width=\"412\" height=\"117\" \/><\/a><\/p>\n","protected":false},"excerpt":{"rendered":"<p>Ce support antivibratoire LB.F est utilis\u00e9 pour augmenter la rigidit\u00e9 des constructions de cloisons s\u00e8ches flottantes insonoris\u00e9es. L&rsquo;utilisation de ces supports antivibratoires est recommand\u00e9e pour les murs d&rsquo;une hauteur suffisamment importante. De cette fa\u00e7on, la cr\u00e9ation d&rsquo;un pont acoustique et une r\u00e9duction de la capacit\u00e9 d&rsquo;isolation acoustique sont \u00e9vit\u00e9es.<\/p>\n<p>L&rsquo;utilisation des supports antivibratoires Vibro-LB.F est recommand\u00e9e pour les murs \u00e0 structure s\u00e8che d&rsquo;une hauteur suffisamment \u00e9lev\u00e9e de plus de 2,5 m\u00e8tres. Le but de l&rsquo;utilisation de ce syst\u00e8me antivibratoire est d&rsquo;augmenter la rigidit\u00e9 dynamique du syst\u00e8me de murs. Cela limite le transfert de vibrations ind\u00e9sirables \u00e0 la partie structurelle du b\u00e2timent.<\/p>\n<p>L&rsquo;utilisation de ce support \u00e9vite la cr\u00e9ation d&rsquo;un pont acoustique entre deux murs et permet ainsi d&rsquo;obtenir une isolation acoustique du bruit structurel.<\/p>\n<p>Sa construction astucieuse avec l&rsquo;insertion d&rsquo;un \u00e9l\u00e9ment m\u00e9tallique interm\u00e9diaire permet de limiter \u00e0 la fois les forces de compression et de traction. La fixation au montant vertical de la plaque de pl\u00e2tre ne n\u00e9cessite pas l&rsquo;utilisation d&rsquo;une vis passante, il suffit d&rsquo;utiliser des vis autotaraudeuses courantes qui le relient au montant m\u00e9tallique.<\/p>\n<p>L&rsquo;\u00e9l\u00e9ment antivibratoire interm\u00e9diaire est constitu\u00e9 de mousse de polyur\u00e9thane semi-ferm\u00e9e (Regufoam).<\/p>\n<p>Il existe diff\u00e9rents types de duret\u00e9 et de densit\u00e9 adapt\u00e9s pour couvrir une plage de charge assez large. Les diff\u00e9rentes densit\u00e9s de mat\u00e9riaux sont cod\u00e9es par couleur pour faciliter la s\u00e9lection. Tous les diagrammes et certificats des caract\u00e9ristiques m\u00e9caniques et dynamiques de la mousse de polyur\u00e9thane sont disponibles sur demande.<\/p>\n<p>\u00c0 sa base est \u00e9quip\u00e9 de trous ovales pour faciliter l&rsquo;installation. L&rsquo;image ci-dessous montre ses dimensions de base :<\/p>\n<p>Vibro-LB.F &#8211; Syst\u00e8me antivibratoire pour murs flottants Dimensions<a class=\"swipebox\" href=\"https:\/\/antivibration-systems.com\/wp-content\/uploads\/2012\/10\/Vibro-LB.F-Dimensions.jpg\" target=\"_blank\" rel=\"noopener\" data-rel=\"lightbox-gallery-bGlnaHRib3gtZ2FsbGVyeS0w\" data-rl_title=\"Vibro LB.F Dimensions\" data-rl_caption=\"\"><img loading=\"lazy\" decoding=\"async\" class=\"aligncenter wp-image-10594\" title=\"Vibro LB.F Dimensions\" src=\"https:\/\/antivibration-systems.com\/wp-content\/uploads\/2012\/10\/Vibro-LB.F-Dimensions.jpg\" alt=\"Vibro-LB.F- Floating wall antivibration system Dimensions\" width=\"300\" height=\"300\" \/><\/a><\/p>\n<p>Pourquoi utiliser Vibro-LB.F ?<\/p>\n<p>\u2013Pour \u00e9viter toute connexion directe entre les doubles murs et augmenter leur rigidit\u00e9.<\/p>\n<p>\u2013Pour \u00e9viter le flambage des murs lors des tremblements de terre.<\/p>\n<p>\u2013Utile lorsqu&rsquo;un mur secondaire est appliqu\u00e9 pour une meilleure isolation acoustique o\u00f9 des connexions rigides provoqueront un pont sonore ind\u00e9sirable.<\/p>\n","protected":false},"featured_media":17345,"template":"","meta":[],"product_brand":[],"product_cat":[707],"product_tag":[],"class_list":{"0":"post-17352","1":"product","2":"type-product","3":"status-publish","4":"has-post-thumbnail","6":"product_cat-vibration-anti-bruit-acoustique-fr","8":"first","9":"instock","10":"shipping-taxable","11":"product-type-simple"},"yoast_head":"<!-- This site is optimized with the Yoast SEO plugin v27.1.1 - https:\/\/yoast.com\/product\/yoast-seo-wordpress\/ -->\n<title>Vibro-LB.F : Support antivibratoire pour syst\u00e8mes de cloisons s\u00e8ches flottantes avec Regufoam\u00ae - GeoClimate.ge<\/title>\n<meta name=\"robots\" content=\"index, follow, max-snippet:-1, max-image-preview:large, max-video-preview:-1\" \/>\n<link rel=\"canonical\" href=\"https:\/\/geoclimate.ge\/fr\/produit\/vibro-lb-f-anti-vibration-braces-for-floating-drywall-systems-with-regufoam\/\" \/>\n<meta property=\"og:locale\" content=\"fr_FR\" \/>\n<meta property=\"og:type\" content=\"article\" \/>\n<meta property=\"og:title\" content=\"Vibro-LB.F : Support antivibratoire pour syst\u00e8mes de cloisons s\u00e8ches flottantes avec Regufoam\u00ae - GeoClimate.ge\" \/>\n<meta property=\"og:description\" content=\"Ce support antivibratoire LB.F est utilis\u00e9 pour augmenter la rigidit\u00e9 des constructions de cloisons s\u00e8ches flottantes insonoris\u00e9es. L&#039;utilisation de ces supports antivibratoires est recommand\u00e9e pour les murs d&#039;une hauteur suffisamment importante. De cette fa\u00e7on, la cr\u00e9ation d&#039;un pont acoustique et une r\u00e9duction de la capacit\u00e9 d&#039;isolation acoustique sont \u00e9vit\u00e9es.  L&#039;utilisation des supports antivibratoires Vibro-LB.F est recommand\u00e9e pour les murs \u00e0 structure s\u00e8che d&#039;une hauteur suffisamment \u00e9lev\u00e9e de plus de 2,5 m\u00e8tres. Le but de l&#039;utilisation de ce syst\u00e8me antivibratoire est d&#039;augmenter la rigidit\u00e9 dynamique du syst\u00e8me de murs. Cela limite le transfert de vibrations ind\u00e9sirables \u00e0 la partie structurelle du b\u00e2timent.  L&#039;utilisation de ce support \u00e9vite la cr\u00e9ation d&#039;un pont acoustique entre deux murs et permet ainsi d&#039;obtenir une isolation acoustique du bruit structurel.  Sa construction astucieuse avec l&#039;insertion d&#039;un \u00e9l\u00e9ment m\u00e9tallique interm\u00e9diaire permet de limiter \u00e0 la fois les forces de compression et de traction. La fixation au montant vertical de la plaque de pl\u00e2tre ne n\u00e9cessite pas l&#039;utilisation d&#039;une vis passante, il suffit d&#039;utiliser des vis autotaraudeuses courantes qui le relient au montant m\u00e9tallique.  L&#039;\u00e9l\u00e9ment antivibratoire interm\u00e9diaire est constitu\u00e9 de mousse de polyur\u00e9thane semi-ferm\u00e9e (Regufoam).  Il existe diff\u00e9rents types de duret\u00e9 et de densit\u00e9 adapt\u00e9s pour couvrir une plage de charge assez large. Les diff\u00e9rentes densit\u00e9s de mat\u00e9riaux sont cod\u00e9es par couleur pour faciliter la s\u00e9lection. Tous les diagrammes et certificats des caract\u00e9ristiques m\u00e9caniques et dynamiques de la mousse de polyur\u00e9thane sont disponibles sur demande.  \u00c0 sa base est \u00e9quip\u00e9 de trous ovales pour faciliter l&#039;installation. L&#039;image ci-dessous montre ses dimensions de base :  Vibro-LB.F - Syst\u00e8me antivibratoire pour murs flottants Dimensions  Pourquoi utiliser Vibro-LB.F ?  \u2013Pour \u00e9viter toute connexion directe entre les doubles murs et augmenter leur rigidit\u00e9.  \u2013Pour \u00e9viter le flambage des murs lors des tremblements de terre.  \u2013Utile lorsqu&#039;un mur secondaire est appliqu\u00e9 pour une meilleure isolation acoustique o\u00f9 des connexions rigides provoqueront un pont sonore ind\u00e9sirable.\" \/>\n<meta property=\"og:url\" content=\"https:\/\/geoclimate.ge\/fr\/produit\/vibro-lb-f-anti-vibration-braces-for-floating-drywall-systems-with-regufoam\/\" \/>\n<meta property=\"og:site_name\" content=\"GeoClimate.ge\" \/>\n<meta property=\"article:modified_time\" content=\"2025-02-07T13:31:49+00:00\" \/>\n<meta property=\"og:image\" content=\"https:\/\/geoclimate.ge\/wp-content\/uploads\/2025\/02\/VIBRO-LB.F.jpg\" \/>\n\t<meta property=\"og:image:width\" content=\"800\" \/>\n\t<meta property=\"og:image:height\" content=\"600\" \/>\n\t<meta property=\"og:image:type\" content=\"image\/jpeg\" \/>\n<meta name=\"twitter:card\" content=\"summary_large_image\" \/>\n<script type=\"application\/ld+json\" class=\"yoast-schema-graph\">{\"@context\":\"https:\/\/schema.org\",\"@graph\":[{\"@type\":\"WebPage\",\"@id\":\"https:\/\/geoclimate.ge\/fr\/produit\/vibro-lb-f-anti-vibration-braces-for-floating-drywall-systems-with-regufoam\/\",\"url\":\"https:\/\/geoclimate.ge\/fr\/produit\/vibro-lb-f-anti-vibration-braces-for-floating-drywall-systems-with-regufoam\/\",\"name\":\"Vibro-LB.F : Support antivibratoire pour syst\u00e8mes de cloisons s\u00e8ches flottantes avec Regufoam\u00ae - GeoClimate.ge\",\"isPartOf\":{\"@id\":\"https:\/\/geoclimate.ge\/#website\"},\"primaryImageOfPage\":{\"@id\":\"https:\/\/geoclimate.ge\/fr\/produit\/vibro-lb-f-anti-vibration-braces-for-floating-drywall-systems-with-regufoam\/#primaryimage\"},\"image\":{\"@id\":\"https:\/\/geoclimate.ge\/fr\/produit\/vibro-lb-f-anti-vibration-braces-for-floating-drywall-systems-with-regufoam\/#primaryimage\"},\"thumbnailUrl\":\"https:\/\/geoclimate.ge\/wp-content\/uploads\/2025\/02\/VIBRO-LB.F.jpg\",\"datePublished\":\"2025-02-07T13:26:10+00:00\",\"dateModified\":\"2025-02-07T13:31:49+00:00\",\"breadcrumb\":{\"@id\":\"https:\/\/geoclimate.ge\/fr\/produit\/vibro-lb-f-anti-vibration-braces-for-floating-drywall-systems-with-regufoam\/#breadcrumb\"},\"inLanguage\":\"fr-FR\",\"potentialAction\":[{\"@type\":\"ReadAction\",\"target\":[\"https:\/\/geoclimate.ge\/fr\/produit\/vibro-lb-f-anti-vibration-braces-for-floating-drywall-systems-with-regufoam\/\"]}]},{\"@type\":\"ImageObject\",\"inLanguage\":\"fr-FR\",\"@id\":\"https:\/\/geoclimate.ge\/fr\/produit\/vibro-lb-f-anti-vibration-braces-for-floating-drywall-systems-with-regufoam\/#primaryimage\",\"url\":\"https:\/\/geoclimate.ge\/wp-content\/uploads\/2025\/02\/VIBRO-LB.F.jpg\",\"contentUrl\":\"https:\/\/geoclimate.ge\/wp-content\/uploads\/2025\/02\/VIBRO-LB.F.jpg\",\"width\":800,\"height\":600},{\"@type\":\"BreadcrumbList\",\"@id\":\"https:\/\/geoclimate.ge\/fr\/produit\/vibro-lb-f-anti-vibration-braces-for-floating-drywall-systems-with-regufoam\/#breadcrumb\",\"itemListElement\":[{\"@type\":\"ListItem\",\"position\":1,\"name\":\"Home\",\"item\":\"https:\/\/geoclimate.ge\/fr\/\"},{\"@type\":\"ListItem\",\"position\":2,\"name\":\"Products\",\"item\":\"https:\/\/geoclimate.ge\/fr\/products\/\"},{\"@type\":\"ListItem\",\"position\":3,\"name\":\"Vibro-LB.F : Support antivibratoire pour syst\u00e8mes de cloisons s\u00e8ches flottantes avec Regufoam\u00ae\"}]},{\"@type\":\"WebSite\",\"@id\":\"https:\/\/geoclimate.ge\/#website\",\"url\":\"https:\/\/geoclimate.ge\/\",\"name\":\"GeoClimate\",\"description\":\"\",\"publisher\":{\"@id\":\"https:\/\/geoclimate.ge\/#organization\"},\"potentialAction\":[{\"@type\":\"SearchAction\",\"target\":{\"@type\":\"EntryPoint\",\"urlTemplate\":\"https:\/\/geoclimate.ge\/?s={search_term_string}\"},\"query-input\":{\"@type\":\"PropertyValueSpecification\",\"valueRequired\":true,\"valueName\":\"search_term_string\"}}],\"inLanguage\":\"fr-FR\"},{\"@type\":\"Organization\",\"@id\":\"https:\/\/geoclimate.ge\/#organization\",\"name\":\"GeoClimate\",\"url\":\"https:\/\/geoclimate.ge\/\",\"logo\":{\"@type\":\"ImageObject\",\"inLanguage\":\"fr-FR\",\"@id\":\"https:\/\/geoclimate.ge\/#\/schema\/logo\/image\/\",\"url\":\"https:\/\/geoclimate.ge\/wp-content\/uploads\/2026\/03\/geoclimate-SEO.png\",\"contentUrl\":\"https:\/\/geoclimate.ge\/wp-content\/uploads\/2026\/03\/geoclimate-SEO.png\",\"width\":1536,\"height\":1024,\"caption\":\"GeoClimate\"},\"image\":{\"@id\":\"https:\/\/geoclimate.ge\/#\/schema\/logo\/image\/\"}}]}<\/script>\n<!-- \/ Yoast SEO plugin. -->","yoast_head_json":{"title":"Vibro-LB.F : Support antivibratoire pour syst\u00e8mes de cloisons s\u00e8ches flottantes avec Regufoam\u00ae - GeoClimate.ge","robots":{"index":"index","follow":"follow","max-snippet":"max-snippet:-1","max-image-preview":"max-image-preview:large","max-video-preview":"max-video-preview:-1"},"canonical":"https:\/\/geoclimate.ge\/fr\/produit\/vibro-lb-f-anti-vibration-braces-for-floating-drywall-systems-with-regufoam\/","og_locale":"fr_FR","og_type":"article","og_title":"Vibro-LB.F : Support antivibratoire pour syst\u00e8mes de cloisons s\u00e8ches flottantes avec Regufoam\u00ae - GeoClimate.ge","og_description":"Ce support antivibratoire LB.F est utilis\u00e9 pour augmenter la rigidit\u00e9 des constructions de cloisons s\u00e8ches flottantes insonoris\u00e9es. L'utilisation de ces supports antivibratoires est recommand\u00e9e pour les murs d'une hauteur suffisamment importante. De cette fa\u00e7on, la cr\u00e9ation d'un pont acoustique et une r\u00e9duction de la capacit\u00e9 d'isolation acoustique sont \u00e9vit\u00e9es.  L'utilisation des supports antivibratoires Vibro-LB.F est recommand\u00e9e pour les murs \u00e0 structure s\u00e8che d'une hauteur suffisamment \u00e9lev\u00e9e de plus de 2,5 m\u00e8tres. Le but de l'utilisation de ce syst\u00e8me antivibratoire est d'augmenter la rigidit\u00e9 dynamique du syst\u00e8me de murs. Cela limite le transfert de vibrations ind\u00e9sirables \u00e0 la partie structurelle du b\u00e2timent.  L'utilisation de ce support \u00e9vite la cr\u00e9ation d'un pont acoustique entre deux murs et permet ainsi d'obtenir une isolation acoustique du bruit structurel.  Sa construction astucieuse avec l'insertion d'un \u00e9l\u00e9ment m\u00e9tallique interm\u00e9diaire permet de limiter \u00e0 la fois les forces de compression et de traction. La fixation au montant vertical de la plaque de pl\u00e2tre ne n\u00e9cessite pas l'utilisation d'une vis passante, il suffit d'utiliser des vis autotaraudeuses courantes qui le relient au montant m\u00e9tallique.  L'\u00e9l\u00e9ment antivibratoire interm\u00e9diaire est constitu\u00e9 de mousse de polyur\u00e9thane semi-ferm\u00e9e (Regufoam).  Il existe diff\u00e9rents types de duret\u00e9 et de densit\u00e9 adapt\u00e9s pour couvrir une plage de charge assez large. Les diff\u00e9rentes densit\u00e9s de mat\u00e9riaux sont cod\u00e9es par couleur pour faciliter la s\u00e9lection. Tous les diagrammes et certificats des caract\u00e9ristiques m\u00e9caniques et dynamiques de la mousse de polyur\u00e9thane sont disponibles sur demande.  \u00c0 sa base est \u00e9quip\u00e9 de trous ovales pour faciliter l'installation. L'image ci-dessous montre ses dimensions de base :  Vibro-LB.F - Syst\u00e8me antivibratoire pour murs flottants Dimensions  Pourquoi utiliser Vibro-LB.F ?  \u2013Pour \u00e9viter toute connexion directe entre les doubles murs et augmenter leur rigidit\u00e9.  \u2013Pour \u00e9viter le flambage des murs lors des tremblements de terre.  \u2013Utile lorsqu'un mur secondaire est appliqu\u00e9 pour une meilleure isolation acoustique o\u00f9 des connexions rigides provoqueront un pont sonore ind\u00e9sirable.","og_url":"https:\/\/geoclimate.ge\/fr\/produit\/vibro-lb-f-anti-vibration-braces-for-floating-drywall-systems-with-regufoam\/","og_site_name":"GeoClimate.ge","article_modified_time":"2025-02-07T13:31:49+00:00","og_image":[{"width":800,"height":600,"url":"https:\/\/geoclimate.ge\/wp-content\/uploads\/2025\/02\/VIBRO-LB.F.jpg","type":"image\/jpeg"}],"twitter_card":"summary_large_image","schema":{"@context":"https:\/\/schema.org","@graph":[{"@type":"WebPage","@id":"https:\/\/geoclimate.ge\/fr\/produit\/vibro-lb-f-anti-vibration-braces-for-floating-drywall-systems-with-regufoam\/","url":"https:\/\/geoclimate.ge\/fr\/produit\/vibro-lb-f-anti-vibration-braces-for-floating-drywall-systems-with-regufoam\/","name":"Vibro-LB.F : Support antivibratoire pour syst\u00e8mes de cloisons s\u00e8ches flottantes avec Regufoam\u00ae - GeoClimate.ge","isPartOf":{"@id":"https:\/\/geoclimate.ge\/#website"},"primaryImageOfPage":{"@id":"https:\/\/geoclimate.ge\/fr\/produit\/vibro-lb-f-anti-vibration-braces-for-floating-drywall-systems-with-regufoam\/#primaryimage"},"image":{"@id":"https:\/\/geoclimate.ge\/fr\/produit\/vibro-lb-f-anti-vibration-braces-for-floating-drywall-systems-with-regufoam\/#primaryimage"},"thumbnailUrl":"https:\/\/geoclimate.ge\/wp-content\/uploads\/2025\/02\/VIBRO-LB.F.jpg","datePublished":"2025-02-07T13:26:10+00:00","dateModified":"2025-02-07T13:31:49+00:00","breadcrumb":{"@id":"https:\/\/geoclimate.ge\/fr\/produit\/vibro-lb-f-anti-vibration-braces-for-floating-drywall-systems-with-regufoam\/#breadcrumb"},"inLanguage":"fr-FR","potentialAction":[{"@type":"ReadAction","target":["https:\/\/geoclimate.ge\/fr\/produit\/vibro-lb-f-anti-vibration-braces-for-floating-drywall-systems-with-regufoam\/"]}]},{"@type":"ImageObject","inLanguage":"fr-FR","@id":"https:\/\/geoclimate.ge\/fr\/produit\/vibro-lb-f-anti-vibration-braces-for-floating-drywall-systems-with-regufoam\/#primaryimage","url":"https:\/\/geoclimate.ge\/wp-content\/uploads\/2025\/02\/VIBRO-LB.F.jpg","contentUrl":"https:\/\/geoclimate.ge\/wp-content\/uploads\/2025\/02\/VIBRO-LB.F.jpg","width":800,"height":600},{"@type":"BreadcrumbList","@id":"https:\/\/geoclimate.ge\/fr\/produit\/vibro-lb-f-anti-vibration-braces-for-floating-drywall-systems-with-regufoam\/#breadcrumb","itemListElement":[{"@type":"ListItem","position":1,"name":"Home","item":"https:\/\/geoclimate.ge\/fr\/"},{"@type":"ListItem","position":2,"name":"Products","item":"https:\/\/geoclimate.ge\/fr\/products\/"},{"@type":"ListItem","position":3,"name":"Vibro-LB.F : Support antivibratoire pour syst\u00e8mes de cloisons s\u00e8ches flottantes avec Regufoam\u00ae"}]},{"@type":"WebSite","@id":"https:\/\/geoclimate.ge\/#website","url":"https:\/\/geoclimate.ge\/","name":"GeoClimate","description":"","publisher":{"@id":"https:\/\/geoclimate.ge\/#organization"},"potentialAction":[{"@type":"SearchAction","target":{"@type":"EntryPoint","urlTemplate":"https:\/\/geoclimate.ge\/?s={search_term_string}"},"query-input":{"@type":"PropertyValueSpecification","valueRequired":true,"valueName":"search_term_string"}}],"inLanguage":"fr-FR"},{"@type":"Organization","@id":"https:\/\/geoclimate.ge\/#organization","name":"GeoClimate","url":"https:\/\/geoclimate.ge\/","logo":{"@type":"ImageObject","inLanguage":"fr-FR","@id":"https:\/\/geoclimate.ge\/#\/schema\/logo\/image\/","url":"https:\/\/geoclimate.ge\/wp-content\/uploads\/2026\/03\/geoclimate-SEO.png","contentUrl":"https:\/\/geoclimate.ge\/wp-content\/uploads\/2026\/03\/geoclimate-SEO.png","width":1536,"height":1024,"caption":"GeoClimate"},"image":{"@id":"https:\/\/geoclimate.ge\/#\/schema\/logo\/image\/"}}]}},"_links":{"self":[{"href":"https:\/\/geoclimate.ge\/fr\/wp-json\/wp\/v2\/product\/17352","targetHints":{"allow":["GET"]}}],"collection":[{"href":"https:\/\/geoclimate.ge\/fr\/wp-json\/wp\/v2\/product"}],"about":[{"href":"https:\/\/geoclimate.ge\/fr\/wp-json\/wp\/v2\/types\/product"}],"wp:featuredmedia":[{"embeddable":true,"href":"https:\/\/geoclimate.ge\/fr\/wp-json\/wp\/v2\/media\/17345"}],"wp:attachment":[{"href":"https:\/\/geoclimate.ge\/fr\/wp-json\/wp\/v2\/media?parent=17352"}],"wp:term":[{"taxonomy":"product_brand","embeddable":true,"href":"https:\/\/geoclimate.ge\/fr\/wp-json\/wp\/v2\/product_brand?post=17352"},{"taxonomy":"product_cat","embeddable":true,"href":"https:\/\/geoclimate.ge\/fr\/wp-json\/wp\/v2\/product_cat?post=17352"},{"taxonomy":"product_tag","embeddable":true,"href":"https:\/\/geoclimate.ge\/fr\/wp-json\/wp\/v2\/product_tag?post=17352"}],"curies":[{"name":"wp","href":"https:\/\/api.w.org\/{rel}","templated":true}]}}