{"id":17407,"date":"2025-02-07T17:46:33","date_gmt":"2025-02-07T13:46:33","guid":{"rendered":"https:\/\/airsystems.ge\/shop\/product\/vibro-ch-f-suspended-anti-vibration-hanger-with-regufoam\/"},"modified":"2025-02-07T17:50:37","modified_gmt":"2025-02-07T13:50:37","slug":"vibro-ch-f-suspended-anti-vibration-hanger-with-regufoam","status":"publish","type":"product","link":"https:\/\/geoclimate.ge\/fr\/produit\/vibro-ch-f-suspended-anti-vibration-hanger-with-regufoam\/","title":{"rendered":"Vibro CH.F : Suspension antivibratoire avec Regufoam\u00ae"},"content":{"rendered":"<p><a class=\"swipebox\" title=\"Vibro-CH.F Selection Table\" href=\"https:\/\/antivibration-systems.com\/wp-content\/uploads\/2012\/10\/CH.F-Selection-Table.jpg\" data-rel=\"lightbox-gallery-bGlnaHRib3gtZ2FsbGVyeS0w\" data-rl_title=\"Vibro-CH.F Selection Table\" data-rl_caption=\"\"><img loading=\"lazy\" decoding=\"async\" class=\"wp-image-10722 aligncenter\" src=\"https:\/\/antivibration-systems.com\/wp-content\/uploads\/2012\/10\/CH.F-Selection-Table.jpg\" alt=\" selection table for Vibro-QH.F\" width=\"554\" height=\"156\" \/><\/a><\/p>\n","protected":false},"excerpt":{"rendered":"<p>Suspension antivibratoire avec Regufoam\u00ae, pour la suspension antivibratoire de machines telles que ventilateurs, climatisation, gymnase, etc.<\/p>\n<p>La suspension antivibratoire avec Regufoam\u00ae est disponible en 4 \u00e9paisseurs diff\u00e9rentes, qui peuvent alterner la fr\u00e9quence naturelle obtenue dans chaque projet.<br \/>\nElle peut \u00eatre utilis\u00e9e pour :<br \/>\nSuspension antivibratoire de machines (ventilateurs, climatisation, etc.)<br \/>\nSuspension de faux plafonds insonorisants (plaques de pl\u00e2tre).<br \/>\nSuspension antivibratoire de tuyaux, conduits d&rsquo;air.<br \/>\nLe cadre de Vibro CH.F est en m\u00e9tal galvanis\u00e9. Les incisions pr\u00e9cis\u00e9ment con\u00e7ues permettent de plier facilement son cadre, selon certaines formes, ce qui peut \u00eatre r\u00e9alis\u00e9 par la force d&rsquo;une seule main. Par cons\u00e9quent, Vibro CH.F peut \u00eatre facilement transform\u00e9 en 4 formes diff\u00e9rentes, afin d&rsquo;aider l&rsquo;installateur \u00e0 l&rsquo;utiliser sous la forme la plus favorable.<\/p>\n<p>Il peut \u00eatre utilis\u00e9 sous les formes suivantes :<\/p>\n<p>Mod\u00e8le (1) viss\u00e9 des deux c\u00f4t\u00e9s du profil de suspension m\u00e9tallique.<br \/>\nMod\u00e8le (2) fix\u00e9 au plafond avec 2 ancrages.<br \/>\nMod\u00e8le (3) fix\u00e9 au plafond avec 1 ancrage.<br \/>\nMod\u00e8le (4) suspendu avec un crochet ou un autre dispositif appropri\u00e9.<\/p>\n<p><a class=\"swipebox\" title=\"Vibro CH-F dimensions\" href=\"https:\/\/antivibration-systems.com\/wp-content\/uploads\/2012\/10\/Vibro-CH-F-dimensions.jpg\" target=\"_blank\" rel=\"noopener\" data-rel=\"lightbox-gallery-bGlnaHRib3gtZ2FsbGVyeS0w\" data-rl_title=\"Vibro CH-F dimensions\" data-rl_caption=\"\"><img loading=\"lazy\" decoding=\"async\" class=\"aligncenter wp-image-10594\" src=\"https:\/\/antivibration-systems.com\/wp-content\/uploads\/2012\/10\/Vibro-CH-F-dimensions.jpg\" alt=\"\" width=\"300\" height=\"300\" \/><\/a><\/p>\n<p>L&rsquo;\u00e9l\u00e9ment \u00e9lastique du support est une mousse de polyur\u00e9thane de haute qualit\u00e9 \u00e0 cellules semi-ferm\u00e9es, fabriqu\u00e9e par BSW, une entreprise allemande avec la marque d\u00e9pos\u00e9e Regufoam\u00ae. Une gamme compl\u00e8te de diagrammes de comportement m\u00e9canique et de certificats r\u00e9alis\u00e9s \u00e0 l&rsquo;Universit\u00e9 de Dresde sont disponibles sur demande.<\/p>\n<p>La suspension antivibratoire Vibro CH.F est disponible avec quatre \u00e9paisseurs diff\u00e9rentes de son coussinet \u00e9lastique, permettant d&rsquo;obtenir diff\u00e9rentes fr\u00e9quences naturelles :<\/p>\n<p>12 mm (fr\u00e9quence naturelle 17 Hz)<br \/>\n25 mm (fr\u00e9quence naturelle 12 Hz)<br \/>\n37 mm (fr\u00e9quence naturelle 9,5 Hz)<br \/>\n50 mm (fr\u00e9quence naturelle 8 Hz)<\/p>\n","protected":false},"featured_media":17392,"template":"","meta":[],"product_brand":[],"product_cat":[707],"product_tag":[],"class_list":{"0":"post-17407","1":"product","2":"type-product","3":"status-publish","4":"has-post-thumbnail","6":"product_cat-vibration-anti-bruit-acoustique-fr","8":"first","9":"instock","10":"shipping-taxable","11":"product-type-simple"},"yoast_head":"<!-- This site is optimized with the Yoast SEO plugin v27.1.1 - https:\/\/yoast.com\/product\/yoast-seo-wordpress\/ -->\n<title>Vibro CH.F : Suspension antivibratoire avec Regufoam\u00ae - GeoClimate.ge<\/title>\n<meta name=\"robots\" content=\"index, follow, max-snippet:-1, max-image-preview:large, max-video-preview:-1\" \/>\n<link rel=\"canonical\" href=\"https:\/\/geoclimate.ge\/fr\/produit\/vibro-ch-f-suspended-anti-vibration-hanger-with-regufoam\/\" \/>\n<meta property=\"og:locale\" content=\"fr_FR\" \/>\n<meta property=\"og:type\" content=\"article\" \/>\n<meta property=\"og:title\" content=\"Vibro CH.F : Suspension antivibratoire avec Regufoam\u00ae - GeoClimate.ge\" \/>\n<meta property=\"og:description\" content=\"Suspension antivibratoire avec Regufoam\u00ae, pour la suspension antivibratoire de machines telles que ventilateurs, climatisation, gymnase, etc.  La suspension antivibratoire avec Regufoam\u00ae est disponible en 4 \u00e9paisseurs diff\u00e9rentes, qui peuvent alterner la fr\u00e9quence naturelle obtenue dans chaque projet. Elle peut \u00eatre utilis\u00e9e pour : Suspension antivibratoire de machines (ventilateurs, climatisation, etc.) Suspension de faux plafonds insonorisants (plaques de pl\u00e2tre). Suspension antivibratoire de tuyaux, conduits d&#039;air. Le cadre de Vibro CH.F est en m\u00e9tal galvanis\u00e9. Les incisions pr\u00e9cis\u00e9ment con\u00e7ues permettent de plier facilement son cadre, selon certaines formes, ce qui peut \u00eatre r\u00e9alis\u00e9 par la force d&#039;une seule main. Par cons\u00e9quent, Vibro CH.F peut \u00eatre facilement transform\u00e9 en 4 formes diff\u00e9rentes, afin d&#039;aider l&#039;installateur \u00e0 l&#039;utiliser sous la forme la plus favorable.  Il peut \u00eatre utilis\u00e9 sous les formes suivantes :  Mod\u00e8le (1) viss\u00e9 des deux c\u00f4t\u00e9s du profil de suspension m\u00e9tallique. Mod\u00e8le (2) fix\u00e9 au plafond avec 2 ancrages. Mod\u00e8le (3) fix\u00e9 au plafond avec 1 ancrage. Mod\u00e8le (4) suspendu avec un crochet ou un autre dispositif appropri\u00e9.    L&#039;\u00e9l\u00e9ment \u00e9lastique du support est une mousse de polyur\u00e9thane de haute qualit\u00e9 \u00e0 cellules semi-ferm\u00e9es, fabriqu\u00e9e par BSW, une entreprise allemande avec la marque d\u00e9pos\u00e9e Regufoam\u00ae. Une gamme compl\u00e8te de diagrammes de comportement m\u00e9canique et de certificats r\u00e9alis\u00e9s \u00e0 l&#039;Universit\u00e9 de Dresde sont disponibles sur demande.  La suspension antivibratoire Vibro CH.F est disponible avec quatre \u00e9paisseurs diff\u00e9rentes de son coussinet \u00e9lastique, permettant d&#039;obtenir diff\u00e9rentes fr\u00e9quences naturelles :  12 mm (fr\u00e9quence naturelle 17 Hz) 25 mm (fr\u00e9quence naturelle 12 Hz) 37 mm (fr\u00e9quence naturelle 9,5 Hz) 50 mm (fr\u00e9quence naturelle 8 Hz)\" \/>\n<meta property=\"og:url\" content=\"https:\/\/geoclimate.ge\/fr\/produit\/vibro-ch-f-suspended-anti-vibration-hanger-with-regufoam\/\" \/>\n<meta property=\"og:site_name\" content=\"GeoClimate.ge\" \/>\n<meta property=\"article:modified_time\" content=\"2025-02-07T13:50:37+00:00\" \/>\n<meta property=\"og:image\" content=\"https:\/\/geoclimate.ge\/wp-content\/uploads\/2025\/02\/071709140210_A.jpg\" \/>\n\t<meta property=\"og:image:width\" content=\"280\" \/>\n\t<meta property=\"og:image:height\" content=\"210\" \/>\n\t<meta property=\"og:image:type\" content=\"image\/jpeg\" \/>\n<meta name=\"twitter:card\" content=\"summary_large_image\" \/>\n<script type=\"application\/ld+json\" class=\"yoast-schema-graph\">{\"@context\":\"https:\/\/schema.org\",\"@graph\":[{\"@type\":\"WebPage\",\"@id\":\"https:\/\/geoclimate.ge\/fr\/produit\/vibro-ch-f-suspended-anti-vibration-hanger-with-regufoam\/\",\"url\":\"https:\/\/geoclimate.ge\/fr\/produit\/vibro-ch-f-suspended-anti-vibration-hanger-with-regufoam\/\",\"name\":\"Vibro CH.F : Suspension antivibratoire avec Regufoam\u00ae - GeoClimate.ge\",\"isPartOf\":{\"@id\":\"https:\/\/geoclimate.ge\/#website\"},\"primaryImageOfPage\":{\"@id\":\"https:\/\/geoclimate.ge\/fr\/produit\/vibro-ch-f-suspended-anti-vibration-hanger-with-regufoam\/#primaryimage\"},\"image\":{\"@id\":\"https:\/\/geoclimate.ge\/fr\/produit\/vibro-ch-f-suspended-anti-vibration-hanger-with-regufoam\/#primaryimage\"},\"thumbnailUrl\":\"https:\/\/geoclimate.ge\/wp-content\/uploads\/2025\/02\/071709140210_A.jpg\",\"datePublished\":\"2025-02-07T13:46:33+00:00\",\"dateModified\":\"2025-02-07T13:50:37+00:00\",\"breadcrumb\":{\"@id\":\"https:\/\/geoclimate.ge\/fr\/produit\/vibro-ch-f-suspended-anti-vibration-hanger-with-regufoam\/#breadcrumb\"},\"inLanguage\":\"fr-FR\",\"potentialAction\":[{\"@type\":\"ReadAction\",\"target\":[\"https:\/\/geoclimate.ge\/fr\/produit\/vibro-ch-f-suspended-anti-vibration-hanger-with-regufoam\/\"]}]},{\"@type\":\"ImageObject\",\"inLanguage\":\"fr-FR\",\"@id\":\"https:\/\/geoclimate.ge\/fr\/produit\/vibro-ch-f-suspended-anti-vibration-hanger-with-regufoam\/#primaryimage\",\"url\":\"https:\/\/geoclimate.ge\/wp-content\/uploads\/2025\/02\/071709140210_A.jpg\",\"contentUrl\":\"https:\/\/geoclimate.ge\/wp-content\/uploads\/2025\/02\/071709140210_A.jpg\",\"width\":280,\"height\":210},{\"@type\":\"BreadcrumbList\",\"@id\":\"https:\/\/geoclimate.ge\/fr\/produit\/vibro-ch-f-suspended-anti-vibration-hanger-with-regufoam\/#breadcrumb\",\"itemListElement\":[{\"@type\":\"ListItem\",\"position\":1,\"name\":\"Home\",\"item\":\"https:\/\/geoclimate.ge\/fr\/\"},{\"@type\":\"ListItem\",\"position\":2,\"name\":\"Products\",\"item\":\"https:\/\/geoclimate.ge\/fr\/products\/\"},{\"@type\":\"ListItem\",\"position\":3,\"name\":\"Vibro CH.F : Suspension antivibratoire avec Regufoam\u00ae\"}]},{\"@type\":\"WebSite\",\"@id\":\"https:\/\/geoclimate.ge\/#website\",\"url\":\"https:\/\/geoclimate.ge\/\",\"name\":\"GeoClimate\",\"description\":\"\",\"publisher\":{\"@id\":\"https:\/\/geoclimate.ge\/#organization\"},\"potentialAction\":[{\"@type\":\"SearchAction\",\"target\":{\"@type\":\"EntryPoint\",\"urlTemplate\":\"https:\/\/geoclimate.ge\/?s={search_term_string}\"},\"query-input\":{\"@type\":\"PropertyValueSpecification\",\"valueRequired\":true,\"valueName\":\"search_term_string\"}}],\"inLanguage\":\"fr-FR\"},{\"@type\":\"Organization\",\"@id\":\"https:\/\/geoclimate.ge\/#organization\",\"name\":\"GeoClimate\",\"url\":\"https:\/\/geoclimate.ge\/\",\"logo\":{\"@type\":\"ImageObject\",\"inLanguage\":\"fr-FR\",\"@id\":\"https:\/\/geoclimate.ge\/#\/schema\/logo\/image\/\",\"url\":\"https:\/\/geoclimate.ge\/wp-content\/uploads\/2026\/03\/geoclimate-SEO.png\",\"contentUrl\":\"https:\/\/geoclimate.ge\/wp-content\/uploads\/2026\/03\/geoclimate-SEO.png\",\"width\":1536,\"height\":1024,\"caption\":\"GeoClimate\"},\"image\":{\"@id\":\"https:\/\/geoclimate.ge\/#\/schema\/logo\/image\/\"}}]}<\/script>\n<!-- \/ Yoast SEO plugin. -->","yoast_head_json":{"title":"Vibro CH.F : Suspension antivibratoire avec Regufoam\u00ae - GeoClimate.ge","robots":{"index":"index","follow":"follow","max-snippet":"max-snippet:-1","max-image-preview":"max-image-preview:large","max-video-preview":"max-video-preview:-1"},"canonical":"https:\/\/geoclimate.ge\/fr\/produit\/vibro-ch-f-suspended-anti-vibration-hanger-with-regufoam\/","og_locale":"fr_FR","og_type":"article","og_title":"Vibro CH.F : Suspension antivibratoire avec Regufoam\u00ae - GeoClimate.ge","og_description":"Suspension antivibratoire avec Regufoam\u00ae, pour la suspension antivibratoire de machines telles que ventilateurs, climatisation, gymnase, etc.  La suspension antivibratoire avec Regufoam\u00ae est disponible en 4 \u00e9paisseurs diff\u00e9rentes, qui peuvent alterner la fr\u00e9quence naturelle obtenue dans chaque projet. Elle peut \u00eatre utilis\u00e9e pour : Suspension antivibratoire de machines (ventilateurs, climatisation, etc.) Suspension de faux plafonds insonorisants (plaques de pl\u00e2tre). Suspension antivibratoire de tuyaux, conduits d'air. Le cadre de Vibro CH.F est en m\u00e9tal galvanis\u00e9. Les incisions pr\u00e9cis\u00e9ment con\u00e7ues permettent de plier facilement son cadre, selon certaines formes, ce qui peut \u00eatre r\u00e9alis\u00e9 par la force d'une seule main. Par cons\u00e9quent, Vibro CH.F peut \u00eatre facilement transform\u00e9 en 4 formes diff\u00e9rentes, afin d'aider l'installateur \u00e0 l'utiliser sous la forme la plus favorable.  Il peut \u00eatre utilis\u00e9 sous les formes suivantes :  Mod\u00e8le (1) viss\u00e9 des deux c\u00f4t\u00e9s du profil de suspension m\u00e9tallique. Mod\u00e8le (2) fix\u00e9 au plafond avec 2 ancrages. Mod\u00e8le (3) fix\u00e9 au plafond avec 1 ancrage. Mod\u00e8le (4) suspendu avec un crochet ou un autre dispositif appropri\u00e9.    L'\u00e9l\u00e9ment \u00e9lastique du support est une mousse de polyur\u00e9thane de haute qualit\u00e9 \u00e0 cellules semi-ferm\u00e9es, fabriqu\u00e9e par BSW, une entreprise allemande avec la marque d\u00e9pos\u00e9e Regufoam\u00ae. Une gamme compl\u00e8te de diagrammes de comportement m\u00e9canique et de certificats r\u00e9alis\u00e9s \u00e0 l'Universit\u00e9 de Dresde sont disponibles sur demande.  La suspension antivibratoire Vibro CH.F est disponible avec quatre \u00e9paisseurs diff\u00e9rentes de son coussinet \u00e9lastique, permettant d'obtenir diff\u00e9rentes fr\u00e9quences naturelles :  12 mm (fr\u00e9quence naturelle 17 Hz) 25 mm (fr\u00e9quence naturelle 12 Hz) 37 mm (fr\u00e9quence naturelle 9,5 Hz) 50 mm (fr\u00e9quence naturelle 8 Hz)","og_url":"https:\/\/geoclimate.ge\/fr\/produit\/vibro-ch-f-suspended-anti-vibration-hanger-with-regufoam\/","og_site_name":"GeoClimate.ge","article_modified_time":"2025-02-07T13:50:37+00:00","og_image":[{"width":280,"height":210,"url":"https:\/\/geoclimate.ge\/wp-content\/uploads\/2025\/02\/071709140210_A.jpg","type":"image\/jpeg"}],"twitter_card":"summary_large_image","schema":{"@context":"https:\/\/schema.org","@graph":[{"@type":"WebPage","@id":"https:\/\/geoclimate.ge\/fr\/produit\/vibro-ch-f-suspended-anti-vibration-hanger-with-regufoam\/","url":"https:\/\/geoclimate.ge\/fr\/produit\/vibro-ch-f-suspended-anti-vibration-hanger-with-regufoam\/","name":"Vibro CH.F : Suspension antivibratoire avec Regufoam\u00ae - GeoClimate.ge","isPartOf":{"@id":"https:\/\/geoclimate.ge\/#website"},"primaryImageOfPage":{"@id":"https:\/\/geoclimate.ge\/fr\/produit\/vibro-ch-f-suspended-anti-vibration-hanger-with-regufoam\/#primaryimage"},"image":{"@id":"https:\/\/geoclimate.ge\/fr\/produit\/vibro-ch-f-suspended-anti-vibration-hanger-with-regufoam\/#primaryimage"},"thumbnailUrl":"https:\/\/geoclimate.ge\/wp-content\/uploads\/2025\/02\/071709140210_A.jpg","datePublished":"2025-02-07T13:46:33+00:00","dateModified":"2025-02-07T13:50:37+00:00","breadcrumb":{"@id":"https:\/\/geoclimate.ge\/fr\/produit\/vibro-ch-f-suspended-anti-vibration-hanger-with-regufoam\/#breadcrumb"},"inLanguage":"fr-FR","potentialAction":[{"@type":"ReadAction","target":["https:\/\/geoclimate.ge\/fr\/produit\/vibro-ch-f-suspended-anti-vibration-hanger-with-regufoam\/"]}]},{"@type":"ImageObject","inLanguage":"fr-FR","@id":"https:\/\/geoclimate.ge\/fr\/produit\/vibro-ch-f-suspended-anti-vibration-hanger-with-regufoam\/#primaryimage","url":"https:\/\/geoclimate.ge\/wp-content\/uploads\/2025\/02\/071709140210_A.jpg","contentUrl":"https:\/\/geoclimate.ge\/wp-content\/uploads\/2025\/02\/071709140210_A.jpg","width":280,"height":210},{"@type":"BreadcrumbList","@id":"https:\/\/geoclimate.ge\/fr\/produit\/vibro-ch-f-suspended-anti-vibration-hanger-with-regufoam\/#breadcrumb","itemListElement":[{"@type":"ListItem","position":1,"name":"Home","item":"https:\/\/geoclimate.ge\/fr\/"},{"@type":"ListItem","position":2,"name":"Products","item":"https:\/\/geoclimate.ge\/fr\/products\/"},{"@type":"ListItem","position":3,"name":"Vibro CH.F : Suspension antivibratoire avec Regufoam\u00ae"}]},{"@type":"WebSite","@id":"https:\/\/geoclimate.ge\/#website","url":"https:\/\/geoclimate.ge\/","name":"GeoClimate","description":"","publisher":{"@id":"https:\/\/geoclimate.ge\/#organization"},"potentialAction":[{"@type":"SearchAction","target":{"@type":"EntryPoint","urlTemplate":"https:\/\/geoclimate.ge\/?s={search_term_string}"},"query-input":{"@type":"PropertyValueSpecification","valueRequired":true,"valueName":"search_term_string"}}],"inLanguage":"fr-FR"},{"@type":"Organization","@id":"https:\/\/geoclimate.ge\/#organization","name":"GeoClimate","url":"https:\/\/geoclimate.ge\/","logo":{"@type":"ImageObject","inLanguage":"fr-FR","@id":"https:\/\/geoclimate.ge\/#\/schema\/logo\/image\/","url":"https:\/\/geoclimate.ge\/wp-content\/uploads\/2026\/03\/geoclimate-SEO.png","contentUrl":"https:\/\/geoclimate.ge\/wp-content\/uploads\/2026\/03\/geoclimate-SEO.png","width":1536,"height":1024,"caption":"GeoClimate"},"image":{"@id":"https:\/\/geoclimate.ge\/#\/schema\/logo\/image\/"}}]}},"_links":{"self":[{"href":"https:\/\/geoclimate.ge\/fr\/wp-json\/wp\/v2\/product\/17407","targetHints":{"allow":["GET"]}}],"collection":[{"href":"https:\/\/geoclimate.ge\/fr\/wp-json\/wp\/v2\/product"}],"about":[{"href":"https:\/\/geoclimate.ge\/fr\/wp-json\/wp\/v2\/types\/product"}],"wp:featuredmedia":[{"embeddable":true,"href":"https:\/\/geoclimate.ge\/fr\/wp-json\/wp\/v2\/media\/17392"}],"wp:attachment":[{"href":"https:\/\/geoclimate.ge\/fr\/wp-json\/wp\/v2\/media?parent=17407"}],"wp:term":[{"taxonomy":"product_brand","embeddable":true,"href":"https:\/\/geoclimate.ge\/fr\/wp-json\/wp\/v2\/product_brand?post=17407"},{"taxonomy":"product_cat","embeddable":true,"href":"https:\/\/geoclimate.ge\/fr\/wp-json\/wp\/v2\/product_cat?post=17407"},{"taxonomy":"product_tag","embeddable":true,"href":"https:\/\/geoclimate.ge\/fr\/wp-json\/wp\/v2\/product_tag?post=17407"}],"curies":[{"name":"wp","href":"https:\/\/api.w.org\/{rel}","templated":true}]}}