{"id":17436,"date":"2025-02-07T17:54:22","date_gmt":"2025-02-07T13:54:22","guid":{"rendered":"https:\/\/airsystems.ge\/shop\/product\/vibro-ch-mini-multiform-anti-vibration-suspension\/"},"modified":"2025-02-07T18:03:47","modified_gmt":"2025-02-07T14:03:47","slug":"vibro-ch-mini-multiform-anti-vibration-suspension","status":"publish","type":"product","link":"https:\/\/geoclimate.ge\/fr\/produit\/vibro-ch-mini-multiform-anti-vibration-suspension\/","title":{"rendered":"Vibro-CH mini : Suspension antivibratoire multiforme"},"content":{"rendered":"<p><strong>Dynamic Characteristics<\/strong><\/p>\n<p>Maximum Load:\u00a0<strong>20\u00a0daN &amp; 50 daN<\/strong><\/p>\n<p>Natural frequency over the\u00a0<strong>10Hz.<\/strong><\/p>\n<p>More loads upon request.<\/p>\n","protected":false},"excerpt":{"rendered":"<p>La suspension antivibratoire Vibro-CH Mini | Multiform se compose d&rsquo;un cadre m\u00e9tallique en acier galvanis\u00e9 avec des encoches aux endroits appropri\u00e9s et du support antivibratoire Vibro mini<\/p>\n<p>DESCRIPTION<\/p>\n<p>Suspension multiforme utilisant le support en caoutchouc antivibratoire Vibro-mini \u2013 Vibro-CH mini :<\/p>\n<p>Suspension antivibratoire de machines (ventilateurs, climatisation, etc.)<br \/>\nSuspension de faux plafonds insonorisants (plaques de pl\u00e2tre).<br \/>\nSuspension antivibratoire de tuyaux, conduits d&rsquo;air.<br \/>\nVibro-CH mini se compose d&rsquo;un cadre m\u00e9tallique lourd galvanis\u00e9 et du support en caoutchouc antivibratoire Vibro-mini. Habituellement, le cadre m\u00e9tallique est livr\u00e9 sous forme aplatie. Le cadre m\u00e9tallique peut \u00eatre facilement transform\u00e9 en l&rsquo;une des 3 formes pr\u00e9sent\u00e9es sur les figures.<\/p>\n<p>FORMES<\/p>\n<p>La suspension antivibratoire multiforme Vibro-CH mini peut \u00eatre utilis\u00e9e dans les formes suivantes\u00a0:<\/p>\n<p>Forme (1)\u00a0: viss\u00e9e des deux c\u00f4t\u00e9s du profil de suspension m\u00e9tallique.<br \/>\nForme (2)\u00a0: viss\u00e9e avec 2 ancrages au plafond.<br \/>\nForme (3)\u00a0: fix\u00e9e avec 1 ancrage au plafond.<br \/>\nForme (4)\u00a0: suspendue avec un crochet.<a class=\"swipebox\" title=\"CH-MINI DIMENSIONS\" href=\"https:\/\/antivibration-systems.com\/wp-content\/uploads\/2012\/10\/CH-MINI-%CF%83%CE%B5-2-%CF%83%CE%B5%CE%B9%CF%81%CE%AD%CF%82.jpg\" target=\"_blank\" rel=\"noopener\" data-rel=\"lightbox-gallery-bGlnaHRib3gtZ2FsbGVyeS0w\" data-rl_title=\"CH-MINI DIMENSIONS\" data-rl_caption=\"\"><img loading=\"lazy\" decoding=\"async\" class=\"aligncenter wp-image-10594\" src=\"https:\/\/antivibration-systems.com\/wp-content\/uploads\/2012\/10\/CH-MINI-%CF%83%CE%B5-2-%CF%83%CE%B5%CE%B9%CF%81%CE%AD%CF%82.jpg\" alt=\"\" width=\"300\" height=\"300\" \/><\/a><\/p>\n<p>INSTALLATION<\/p>\n<p>Marquer le quadrillage et la position du support de plafond sur le plafond<br \/>\nnon isol\u00e9 existant.<br \/>\nFixer le support dans le plafond en b\u00e9ton \u00e0 l&rsquo;aide d&rsquo;une cheville affleurante en acier<br \/>\nM8 et d&rsquo;une tige appropri\u00e9e passant \u00e0 travers l&rsquo;\u00e9l\u00e9ment en caoutchouc du<br \/>\nsupport, fixer avec un \u00e9crou de s\u00e9curit\u00e9.<br \/>\nLes supports sont plac\u00e9s en fonction des dimensions de la pi\u00e8ce et du<br \/>\npoids total du plafond, environ 4 supports\/m\u00b2.<br \/>\nFixer les pieds de l&rsquo;isolateur dans le profil principal \u00e0 l&rsquo;aide de 2+2 vis<br \/>\nappropri\u00e9es.<br \/>\nTous les canaux m\u00e9talliques ne doivent pas entrer en contact avec les murs<br \/>\np\u00e9riph\u00e9riques (\u00e9vitant les ponts sonores).<br \/>\nPour proc\u00e9der \u00e0 un r\u00e9glage de niveau, tournez l&rsquo;\u00e9crou inf\u00e9rieur dans<br \/>\nle sens appropri\u00e9 jusqu&rsquo;\u00e0 ce qu&rsquo;il atteigne le niveau requis.<br \/>\nInstallez le syst\u00e8me Gymsumboard, y compris les dalles d&rsquo;absorption<br \/>\nsonore et les membranes d&rsquo;isolation phonique, conform\u00e9ment aux instructions du fabricant<br \/>\nGymsumboard.<br \/>\nScellez les bords avec du mastic r\u00e9silient non durcissant.<\/p>\n<p><strong>\u00a0<\/strong><\/p>\n","protected":false},"featured_media":17413,"template":"","meta":[],"product_brand":[],"product_cat":[707],"product_tag":[],"class_list":{"0":"post-17436","1":"product","2":"type-product","3":"status-publish","4":"has-post-thumbnail","6":"product_cat-vibration-anti-bruit-acoustique-fr","8":"first","9":"instock","10":"shipping-taxable","11":"product-type-simple"},"yoast_head":"<!-- This site is optimized with the Yoast SEO plugin v27.1.1 - https:\/\/yoast.com\/product\/yoast-seo-wordpress\/ -->\n<title>Vibro-CH mini : Suspension antivibratoire multiforme - GeoClimate.ge<\/title>\n<meta name=\"robots\" content=\"index, follow, max-snippet:-1, max-image-preview:large, max-video-preview:-1\" \/>\n<link rel=\"canonical\" href=\"https:\/\/geoclimate.ge\/fr\/produit\/vibro-ch-mini-multiform-anti-vibration-suspension\/\" \/>\n<meta property=\"og:locale\" content=\"fr_FR\" \/>\n<meta property=\"og:type\" content=\"article\" \/>\n<meta property=\"og:title\" content=\"Vibro-CH mini : Suspension antivibratoire multiforme - GeoClimate.ge\" \/>\n<meta property=\"og:description\" content=\"La suspension antivibratoire Vibro-CH Mini | Multiform se compose d&#039;un cadre m\u00e9tallique en acier galvanis\u00e9 avec des encoches aux endroits appropri\u00e9s et du support antivibratoire Vibro mini  DESCRIPTION  Suspension multiforme utilisant le support en caoutchouc antivibratoire Vibro-mini \u2013 Vibro-CH mini :  Suspension antivibratoire de machines (ventilateurs, climatisation, etc.) Suspension de faux plafonds insonorisants (plaques de pl\u00e2tre). Suspension antivibratoire de tuyaux, conduits d&#039;air. Vibro-CH mini se compose d&#039;un cadre m\u00e9tallique lourd galvanis\u00e9 et du support en caoutchouc antivibratoire Vibro-mini. Habituellement, le cadre m\u00e9tallique est livr\u00e9 sous forme aplatie. Le cadre m\u00e9tallique peut \u00eatre facilement transform\u00e9 en l&#039;une des 3 formes pr\u00e9sent\u00e9es sur les figures.  FORMES  La suspension antivibratoire multiforme Vibro-CH mini peut \u00eatre utilis\u00e9e dans les formes suivantes\u00a0:  Forme (1)\u00a0: viss\u00e9e des deux c\u00f4t\u00e9s du profil de suspension m\u00e9tallique. Forme (2)\u00a0: viss\u00e9e avec 2 ancrages au plafond. Forme (3)\u00a0: fix\u00e9e avec 1 ancrage au plafond. Forme (4)\u00a0: suspendue avec un crochet.  INSTALLATION  Marquer le quadrillage et la position du support de plafond sur le plafond non isol\u00e9 existant. Fixer le support dans le plafond en b\u00e9ton \u00e0 l&#039;aide d&#039;une cheville affleurante en acier M8 et d&#039;une tige appropri\u00e9e passant \u00e0 travers l&#039;\u00e9l\u00e9ment en caoutchouc du support, fixer avec un \u00e9crou de s\u00e9curit\u00e9. Les supports sont plac\u00e9s en fonction des dimensions de la pi\u00e8ce et du poids total du plafond, environ 4 supports\/m\u00b2. Fixer les pieds de l&#039;isolateur dans le profil principal \u00e0 l&#039;aide de 2+2 vis appropri\u00e9es. Tous les canaux m\u00e9talliques ne doivent pas entrer en contact avec les murs p\u00e9riph\u00e9riques (\u00e9vitant les ponts sonores). Pour proc\u00e9der \u00e0 un r\u00e9glage de niveau, tournez l&#039;\u00e9crou inf\u00e9rieur dans le sens appropri\u00e9 jusqu&#039;\u00e0 ce qu&#039;il atteigne le niveau requis. Installez le syst\u00e8me Gymsumboard, y compris les dalles d&#039;absorption sonore et les membranes d&#039;isolation phonique, conform\u00e9ment aux instructions du fabricant Gymsumboard. Scellez les bords avec du mastic r\u00e9silient non durcissant.  \u00a0\" \/>\n<meta property=\"og:url\" content=\"https:\/\/geoclimate.ge\/fr\/produit\/vibro-ch-mini-multiform-anti-vibration-suspension\/\" \/>\n<meta property=\"og:site_name\" content=\"GeoClimate.ge\" \/>\n<meta property=\"article:modified_time\" content=\"2025-02-07T14:03:47+00:00\" \/>\n<meta property=\"og:image\" content=\"https:\/\/geoclimate.ge\/wp-content\/uploads\/2025\/02\/070709123528_A.jpg\" \/>\n\t<meta property=\"og:image:width\" content=\"800\" \/>\n\t<meta property=\"og:image:height\" content=\"600\" \/>\n\t<meta property=\"og:image:type\" content=\"image\/jpeg\" \/>\n<meta name=\"twitter:card\" content=\"summary_large_image\" \/>\n<script type=\"application\/ld+json\" class=\"yoast-schema-graph\">{\"@context\":\"https:\/\/schema.org\",\"@graph\":[{\"@type\":\"WebPage\",\"@id\":\"https:\/\/geoclimate.ge\/fr\/produit\/vibro-ch-mini-multiform-anti-vibration-suspension\/\",\"url\":\"https:\/\/geoclimate.ge\/fr\/produit\/vibro-ch-mini-multiform-anti-vibration-suspension\/\",\"name\":\"Vibro-CH mini : Suspension antivibratoire multiforme - GeoClimate.ge\",\"isPartOf\":{\"@id\":\"https:\/\/geoclimate.ge\/#website\"},\"primaryImageOfPage\":{\"@id\":\"https:\/\/geoclimate.ge\/fr\/produit\/vibro-ch-mini-multiform-anti-vibration-suspension\/#primaryimage\"},\"image\":{\"@id\":\"https:\/\/geoclimate.ge\/fr\/produit\/vibro-ch-mini-multiform-anti-vibration-suspension\/#primaryimage\"},\"thumbnailUrl\":\"https:\/\/geoclimate.ge\/wp-content\/uploads\/2025\/02\/070709123528_A.jpg\",\"datePublished\":\"2025-02-07T13:54:22+00:00\",\"dateModified\":\"2025-02-07T14:03:47+00:00\",\"breadcrumb\":{\"@id\":\"https:\/\/geoclimate.ge\/fr\/produit\/vibro-ch-mini-multiform-anti-vibration-suspension\/#breadcrumb\"},\"inLanguage\":\"fr-FR\",\"potentialAction\":[{\"@type\":\"ReadAction\",\"target\":[\"https:\/\/geoclimate.ge\/fr\/produit\/vibro-ch-mini-multiform-anti-vibration-suspension\/\"]}]},{\"@type\":\"ImageObject\",\"inLanguage\":\"fr-FR\",\"@id\":\"https:\/\/geoclimate.ge\/fr\/produit\/vibro-ch-mini-multiform-anti-vibration-suspension\/#primaryimage\",\"url\":\"https:\/\/geoclimate.ge\/wp-content\/uploads\/2025\/02\/070709123528_A.jpg\",\"contentUrl\":\"https:\/\/geoclimate.ge\/wp-content\/uploads\/2025\/02\/070709123528_A.jpg\",\"width\":800,\"height\":600},{\"@type\":\"BreadcrumbList\",\"@id\":\"https:\/\/geoclimate.ge\/fr\/produit\/vibro-ch-mini-multiform-anti-vibration-suspension\/#breadcrumb\",\"itemListElement\":[{\"@type\":\"ListItem\",\"position\":1,\"name\":\"Home\",\"item\":\"https:\/\/geoclimate.ge\/fr\/\"},{\"@type\":\"ListItem\",\"position\":2,\"name\":\"Products\",\"item\":\"https:\/\/geoclimate.ge\/fr\/products\/\"},{\"@type\":\"ListItem\",\"position\":3,\"name\":\"Vibro-CH mini : Suspension antivibratoire multiforme\"}]},{\"@type\":\"WebSite\",\"@id\":\"https:\/\/geoclimate.ge\/#website\",\"url\":\"https:\/\/geoclimate.ge\/\",\"name\":\"GeoClimate\",\"description\":\"\",\"publisher\":{\"@id\":\"https:\/\/geoclimate.ge\/#organization\"},\"potentialAction\":[{\"@type\":\"SearchAction\",\"target\":{\"@type\":\"EntryPoint\",\"urlTemplate\":\"https:\/\/geoclimate.ge\/?s={search_term_string}\"},\"query-input\":{\"@type\":\"PropertyValueSpecification\",\"valueRequired\":true,\"valueName\":\"search_term_string\"}}],\"inLanguage\":\"fr-FR\"},{\"@type\":\"Organization\",\"@id\":\"https:\/\/geoclimate.ge\/#organization\",\"name\":\"GeoClimate\",\"url\":\"https:\/\/geoclimate.ge\/\",\"logo\":{\"@type\":\"ImageObject\",\"inLanguage\":\"fr-FR\",\"@id\":\"https:\/\/geoclimate.ge\/#\/schema\/logo\/image\/\",\"url\":\"https:\/\/geoclimate.ge\/wp-content\/uploads\/2026\/03\/geoclimate-SEO.png\",\"contentUrl\":\"https:\/\/geoclimate.ge\/wp-content\/uploads\/2026\/03\/geoclimate-SEO.png\",\"width\":1536,\"height\":1024,\"caption\":\"GeoClimate\"},\"image\":{\"@id\":\"https:\/\/geoclimate.ge\/#\/schema\/logo\/image\/\"}}]}<\/script>\n<!-- \/ Yoast SEO plugin. -->","yoast_head_json":{"title":"Vibro-CH mini : Suspension antivibratoire multiforme - GeoClimate.ge","robots":{"index":"index","follow":"follow","max-snippet":"max-snippet:-1","max-image-preview":"max-image-preview:large","max-video-preview":"max-video-preview:-1"},"canonical":"https:\/\/geoclimate.ge\/fr\/produit\/vibro-ch-mini-multiform-anti-vibration-suspension\/","og_locale":"fr_FR","og_type":"article","og_title":"Vibro-CH mini : Suspension antivibratoire multiforme - GeoClimate.ge","og_description":"La suspension antivibratoire Vibro-CH Mini | Multiform se compose d'un cadre m\u00e9tallique en acier galvanis\u00e9 avec des encoches aux endroits appropri\u00e9s et du support antivibratoire Vibro mini  DESCRIPTION  Suspension multiforme utilisant le support en caoutchouc antivibratoire Vibro-mini \u2013 Vibro-CH mini :  Suspension antivibratoire de machines (ventilateurs, climatisation, etc.) Suspension de faux plafonds insonorisants (plaques de pl\u00e2tre). Suspension antivibratoire de tuyaux, conduits d'air. Vibro-CH mini se compose d'un cadre m\u00e9tallique lourd galvanis\u00e9 et du support en caoutchouc antivibratoire Vibro-mini. Habituellement, le cadre m\u00e9tallique est livr\u00e9 sous forme aplatie. Le cadre m\u00e9tallique peut \u00eatre facilement transform\u00e9 en l'une des 3 formes pr\u00e9sent\u00e9es sur les figures.  FORMES  La suspension antivibratoire multiforme Vibro-CH mini peut \u00eatre utilis\u00e9e dans les formes suivantes\u00a0:  Forme (1)\u00a0: viss\u00e9e des deux c\u00f4t\u00e9s du profil de suspension m\u00e9tallique. Forme (2)\u00a0: viss\u00e9e avec 2 ancrages au plafond. Forme (3)\u00a0: fix\u00e9e avec 1 ancrage au plafond. Forme (4)\u00a0: suspendue avec un crochet.  INSTALLATION  Marquer le quadrillage et la position du support de plafond sur le plafond non isol\u00e9 existant. Fixer le support dans le plafond en b\u00e9ton \u00e0 l'aide d'une cheville affleurante en acier M8 et d'une tige appropri\u00e9e passant \u00e0 travers l'\u00e9l\u00e9ment en caoutchouc du support, fixer avec un \u00e9crou de s\u00e9curit\u00e9. Les supports sont plac\u00e9s en fonction des dimensions de la pi\u00e8ce et du poids total du plafond, environ 4 supports\/m\u00b2. Fixer les pieds de l'isolateur dans le profil principal \u00e0 l'aide de 2+2 vis appropri\u00e9es. Tous les canaux m\u00e9talliques ne doivent pas entrer en contact avec les murs p\u00e9riph\u00e9riques (\u00e9vitant les ponts sonores). Pour proc\u00e9der \u00e0 un r\u00e9glage de niveau, tournez l'\u00e9crou inf\u00e9rieur dans le sens appropri\u00e9 jusqu'\u00e0 ce qu'il atteigne le niveau requis. Installez le syst\u00e8me Gymsumboard, y compris les dalles d'absorption sonore et les membranes d'isolation phonique, conform\u00e9ment aux instructions du fabricant Gymsumboard. Scellez les bords avec du mastic r\u00e9silient non durcissant.  \u00a0","og_url":"https:\/\/geoclimate.ge\/fr\/produit\/vibro-ch-mini-multiform-anti-vibration-suspension\/","og_site_name":"GeoClimate.ge","article_modified_time":"2025-02-07T14:03:47+00:00","og_image":[{"width":800,"height":600,"url":"https:\/\/geoclimate.ge\/wp-content\/uploads\/2025\/02\/070709123528_A.jpg","type":"image\/jpeg"}],"twitter_card":"summary_large_image","schema":{"@context":"https:\/\/schema.org","@graph":[{"@type":"WebPage","@id":"https:\/\/geoclimate.ge\/fr\/produit\/vibro-ch-mini-multiform-anti-vibration-suspension\/","url":"https:\/\/geoclimate.ge\/fr\/produit\/vibro-ch-mini-multiform-anti-vibration-suspension\/","name":"Vibro-CH mini : Suspension antivibratoire multiforme - GeoClimate.ge","isPartOf":{"@id":"https:\/\/geoclimate.ge\/#website"},"primaryImageOfPage":{"@id":"https:\/\/geoclimate.ge\/fr\/produit\/vibro-ch-mini-multiform-anti-vibration-suspension\/#primaryimage"},"image":{"@id":"https:\/\/geoclimate.ge\/fr\/produit\/vibro-ch-mini-multiform-anti-vibration-suspension\/#primaryimage"},"thumbnailUrl":"https:\/\/geoclimate.ge\/wp-content\/uploads\/2025\/02\/070709123528_A.jpg","datePublished":"2025-02-07T13:54:22+00:00","dateModified":"2025-02-07T14:03:47+00:00","breadcrumb":{"@id":"https:\/\/geoclimate.ge\/fr\/produit\/vibro-ch-mini-multiform-anti-vibration-suspension\/#breadcrumb"},"inLanguage":"fr-FR","potentialAction":[{"@type":"ReadAction","target":["https:\/\/geoclimate.ge\/fr\/produit\/vibro-ch-mini-multiform-anti-vibration-suspension\/"]}]},{"@type":"ImageObject","inLanguage":"fr-FR","@id":"https:\/\/geoclimate.ge\/fr\/produit\/vibro-ch-mini-multiform-anti-vibration-suspension\/#primaryimage","url":"https:\/\/geoclimate.ge\/wp-content\/uploads\/2025\/02\/070709123528_A.jpg","contentUrl":"https:\/\/geoclimate.ge\/wp-content\/uploads\/2025\/02\/070709123528_A.jpg","width":800,"height":600},{"@type":"BreadcrumbList","@id":"https:\/\/geoclimate.ge\/fr\/produit\/vibro-ch-mini-multiform-anti-vibration-suspension\/#breadcrumb","itemListElement":[{"@type":"ListItem","position":1,"name":"Home","item":"https:\/\/geoclimate.ge\/fr\/"},{"@type":"ListItem","position":2,"name":"Products","item":"https:\/\/geoclimate.ge\/fr\/products\/"},{"@type":"ListItem","position":3,"name":"Vibro-CH mini : Suspension antivibratoire multiforme"}]},{"@type":"WebSite","@id":"https:\/\/geoclimate.ge\/#website","url":"https:\/\/geoclimate.ge\/","name":"GeoClimate","description":"","publisher":{"@id":"https:\/\/geoclimate.ge\/#organization"},"potentialAction":[{"@type":"SearchAction","target":{"@type":"EntryPoint","urlTemplate":"https:\/\/geoclimate.ge\/?s={search_term_string}"},"query-input":{"@type":"PropertyValueSpecification","valueRequired":true,"valueName":"search_term_string"}}],"inLanguage":"fr-FR"},{"@type":"Organization","@id":"https:\/\/geoclimate.ge\/#organization","name":"GeoClimate","url":"https:\/\/geoclimate.ge\/","logo":{"@type":"ImageObject","inLanguage":"fr-FR","@id":"https:\/\/geoclimate.ge\/#\/schema\/logo\/image\/","url":"https:\/\/geoclimate.ge\/wp-content\/uploads\/2026\/03\/geoclimate-SEO.png","contentUrl":"https:\/\/geoclimate.ge\/wp-content\/uploads\/2026\/03\/geoclimate-SEO.png","width":1536,"height":1024,"caption":"GeoClimate"},"image":{"@id":"https:\/\/geoclimate.ge\/#\/schema\/logo\/image\/"}}]}},"_links":{"self":[{"href":"https:\/\/geoclimate.ge\/fr\/wp-json\/wp\/v2\/product\/17436","targetHints":{"allow":["GET"]}}],"collection":[{"href":"https:\/\/geoclimate.ge\/fr\/wp-json\/wp\/v2\/product"}],"about":[{"href":"https:\/\/geoclimate.ge\/fr\/wp-json\/wp\/v2\/types\/product"}],"wp:featuredmedia":[{"embeddable":true,"href":"https:\/\/geoclimate.ge\/fr\/wp-json\/wp\/v2\/media\/17413"}],"wp:attachment":[{"href":"https:\/\/geoclimate.ge\/fr\/wp-json\/wp\/v2\/media?parent=17436"}],"wp:term":[{"taxonomy":"product_brand","embeddable":true,"href":"https:\/\/geoclimate.ge\/fr\/wp-json\/wp\/v2\/product_brand?post=17436"},{"taxonomy":"product_cat","embeddable":true,"href":"https:\/\/geoclimate.ge\/fr\/wp-json\/wp\/v2\/product_cat?post=17436"},{"taxonomy":"product_tag","embeddable":true,"href":"https:\/\/geoclimate.ge\/fr\/wp-json\/wp\/v2\/product_tag?post=17436"}],"curies":[{"name":"wp","href":"https:\/\/api.w.org\/{rel}","templated":true}]}}