{"id":17454,"date":"2025-02-07T18:06:58","date_gmt":"2025-02-07T14:06:58","guid":{"rendered":"https:\/\/airsystems.ge\/shop\/product\/vibro-msv-anti-vibration-spring-mount-with-viscous-damping\/"},"modified":"2025-02-07T18:10:53","modified_gmt":"2025-02-07T14:10:53","slug":"vibro-msv-anti-vibration-spring-mount-with-viscous-damping","status":"publish","type":"product","link":"https:\/\/geoclimate.ge\/fr\/produit\/vibro-msv-anti-vibration-spring-mount-with-viscous-damping\/","title":{"rendered":"Vibro-MSV : Support antivibratoire \u00e0 ressorts avec amortissement visqueux"},"content":{"rendered":"<div class=\"col col-sm-9 col-xs-12 content right\">\n<div class=\"row product_content_row\">\n<div class=\"col col-sm-12 col-xs-12\">\n<div id=\"single-product-details\" class=\"rt_tabs clearfix tab-style-1\" data-tab-style=\"tab-style-1\">\n<div class=\"tab_contents\">\n<div id=\"tab-1\" class=\"tab_content_wrapper animation active\" data-tab-content=\"2\">\n<div class=\"tab_content\">\n<p><a class=\"swipebox\" href=\"https:\/\/antivibration-systems.com\/wp-content\/uploads\/2014\/10\/viscous-damping-vibration-isolator.jpg\" data-rel=\"lightbox-gallery-bGlnaHRib3gtZ2FsbGVyeS0w\" data-rl_title=\"viscous damping vibration isolator\" data-rl_caption=\"\"><img loading=\"lazy\" decoding=\"async\" class=\"alignnone wp-image-3988\" title=\"viscous damping vibration isolator\" src=\"https:\/\/antivibration-systems.com\/wp-content\/uploads\/2014\/10\/viscous-damping-vibration-isolator.jpg\" alt=\"\" width=\"641\" height=\"327\" \/><\/a><\/p>\n<\/div>\n<\/div>\n<div id=\"tab-2\" class=\"tab_content_wrapper animation\" data-tab-content=\"3\"><\/div>\n<div id=\"tab-attached-documents\" class=\"tab_content_wrapper animation\" data-tab-content=\"4\"><\/div>\n<div id=\"tab-related-products\" class=\"tab_content_wrapper animation\" data-tab-content=\"5\"><\/div>\n<\/div>\n<\/div>\n<\/div>\n<\/div>\n<\/div>\n<div class=\"col col-sm-3 col-xs-12 sidebar left widgets_holder\">\n<div id=\"text-9\" class=\"widget widget_text\">\n<div class=\"textwidget\"><\/div>\n<\/div>\n<\/div>\n","protected":false},"excerpt":{"rendered":"<p>Vibro-MSV est un support antivibratoire \u00e0 ressorts multiples. Il est sp\u00e9cialement con\u00e7u pour avoir une faible hauteur et est tr\u00e8s efficace contre les vibrations \u00e0 basse fr\u00e9quence gr\u00e2ce au mat\u00e9riau visqueux.<\/p>\n<p>DESCRIPTION<\/p>\n<p>Vibro \u2013 MSV est un support antivibratoire \u00e0 ressorts avec amortissement visqueux pour une meilleure isolation des vibrations et une fr\u00e9quence naturelle tr\u00e8s basse.<\/p>\n<p>Vibro-MSV est un support antivibratoire \u00e0 ressorts multiples. Il est sp\u00e9cialement con\u00e7u pour avoir une faible hauteur et est tr\u00e8s efficace contre les vibrations \u00e0 basse fr\u00e9quence gr\u00e2ce au mat\u00e9riau visqueux.<br \/>\nLe Vibro-MSV est livr\u00e9 avec un profil en caoutchouc qui est fix\u00e9 \u00e0 sa base et agit comme un amortisseur de son pour augmenter l&rsquo;efficacit\u00e9 de l&rsquo;isolation dans les hautes fr\u00e9quences, qui pourraient \u00eatre transmises par les ressorts.<\/p>\n<p>APPLICATIONS<\/p>\n<p>Le Vibro-MSV | Le support \u00e0 ressort antivibratoire avec amortissement visqueux est utilis\u00e9 pour le contr\u00f4le des vibrations des supports de machines \u00e0 faible fr\u00e9quence d&rsquo;excitation, avec variation d&rsquo;amplitude, en raison des vitesses variables des machines rotatives. Il est principalement utilis\u00e9 dans les applications CVC, m\u00e9caniques et industrielles qui n\u00e9cessitent une isolation des vibrations.<\/p>\n<p>Ce support est sp\u00e9cialement con\u00e7u pour absorber les vibrations \u00e0 basse fr\u00e9quence et limiter le mouvement excit\u00e9 et le choc des vibrations perturbatrices au point de r\u00e9sonance.<\/p>\n<p>Les ressorts sont fix\u00e9s avec un syst\u00e8me de fixation innovant \u00e0 leur base m\u00e9tallique.<br \/>\nLe fluide silicone, rempli de la viscosit\u00e9 appropri\u00e9e dans diff\u00e9rents taux de centistokes, peut fournir des forces d&rsquo;amortissement dans toutes les directions de libert\u00e9.<br \/>\nLa base en caoutchouc (sur demande) agit comme un amortisseur de son et augmente l&rsquo;efficacit\u00e9 de l&rsquo;isolation dans les hautes fr\u00e9quences, qui pourraient \u00eatre transmises \u00e0 travers la structure m\u00e9tallique des ressorts.<br \/>\nVibro-MSV.H est recommand\u00e9 pour les charges lourdes.<\/p>\n","protected":false},"featured_media":17443,"template":"","meta":[],"product_brand":[],"product_cat":[707],"product_tag":[],"class_list":{"0":"post-17454","1":"product","2":"type-product","3":"status-publish","4":"has-post-thumbnail","6":"product_cat-vibration-anti-bruit-acoustique-fr","8":"first","9":"instock","10":"shipping-taxable","11":"product-type-simple"},"yoast_head":"<!-- This site is optimized with the Yoast SEO plugin v27.1.1 - https:\/\/yoast.com\/product\/yoast-seo-wordpress\/ -->\n<title>Vibro-MSV : Support antivibratoire \u00e0 ressorts avec amortissement visqueux - GeoClimate.ge<\/title>\n<meta name=\"robots\" content=\"index, follow, max-snippet:-1, max-image-preview:large, max-video-preview:-1\" \/>\n<link rel=\"canonical\" href=\"https:\/\/geoclimate.ge\/fr\/produit\/vibro-msv-anti-vibration-spring-mount-with-viscous-damping\/\" \/>\n<meta property=\"og:locale\" content=\"fr_FR\" \/>\n<meta property=\"og:type\" content=\"article\" \/>\n<meta property=\"og:title\" content=\"Vibro-MSV : Support antivibratoire \u00e0 ressorts avec amortissement visqueux - GeoClimate.ge\" \/>\n<meta property=\"og:description\" content=\"Vibro-MSV est un support antivibratoire \u00e0 ressorts multiples. Il est sp\u00e9cialement con\u00e7u pour avoir une faible hauteur et est tr\u00e8s efficace contre les vibrations \u00e0 basse fr\u00e9quence gr\u00e2ce au mat\u00e9riau visqueux.  DESCRIPTION  Vibro \u2013 MSV est un support antivibratoire \u00e0 ressorts avec amortissement visqueux pour une meilleure isolation des vibrations et une fr\u00e9quence naturelle tr\u00e8s basse.  Vibro-MSV est un support antivibratoire \u00e0 ressorts multiples. Il est sp\u00e9cialement con\u00e7u pour avoir une faible hauteur et est tr\u00e8s efficace contre les vibrations \u00e0 basse fr\u00e9quence gr\u00e2ce au mat\u00e9riau visqueux. Le Vibro-MSV est livr\u00e9 avec un profil en caoutchouc qui est fix\u00e9 \u00e0 sa base et agit comme un amortisseur de son pour augmenter l&#039;efficacit\u00e9 de l&#039;isolation dans les hautes fr\u00e9quences, qui pourraient \u00eatre transmises par les ressorts.  APPLICATIONS  Le Vibro-MSV | Le support \u00e0 ressort antivibratoire avec amortissement visqueux est utilis\u00e9 pour le contr\u00f4le des vibrations des supports de machines \u00e0 faible fr\u00e9quence d&#039;excitation, avec variation d&#039;amplitude, en raison des vitesses variables des machines rotatives. Il est principalement utilis\u00e9 dans les applications CVC, m\u00e9caniques et industrielles qui n\u00e9cessitent une isolation des vibrations.  Ce support est sp\u00e9cialement con\u00e7u pour absorber les vibrations \u00e0 basse fr\u00e9quence et limiter le mouvement excit\u00e9 et le choc des vibrations perturbatrices au point de r\u00e9sonance.  Les ressorts sont fix\u00e9s avec un syst\u00e8me de fixation innovant \u00e0 leur base m\u00e9tallique. Le fluide silicone, rempli de la viscosit\u00e9 appropri\u00e9e dans diff\u00e9rents taux de centistokes, peut fournir des forces d&#039;amortissement dans toutes les directions de libert\u00e9. La base en caoutchouc (sur demande) agit comme un amortisseur de son et augmente l&#039;efficacit\u00e9 de l&#039;isolation dans les hautes fr\u00e9quences, qui pourraient \u00eatre transmises \u00e0 travers la structure m\u00e9tallique des ressorts. Vibro-MSV.H est recommand\u00e9 pour les charges lourdes.\" \/>\n<meta property=\"og:url\" content=\"https:\/\/geoclimate.ge\/fr\/produit\/vibro-msv-anti-vibration-spring-mount-with-viscous-damping\/\" \/>\n<meta property=\"og:site_name\" content=\"GeoClimate.ge\" \/>\n<meta property=\"article:modified_time\" content=\"2025-02-07T14:10:53+00:00\" \/>\n<meta property=\"og:image\" content=\"https:\/\/geoclimate.ge\/wp-content\/uploads\/2025\/02\/MSV-1.jpg\" \/>\n\t<meta property=\"og:image:width\" content=\"319\" \/>\n\t<meta property=\"og:image:height\" content=\"275\" \/>\n\t<meta property=\"og:image:type\" content=\"image\/jpeg\" \/>\n<meta name=\"twitter:card\" content=\"summary_large_image\" \/>\n<script type=\"application\/ld+json\" class=\"yoast-schema-graph\">{\"@context\":\"https:\/\/schema.org\",\"@graph\":[{\"@type\":\"WebPage\",\"@id\":\"https:\/\/geoclimate.ge\/fr\/produit\/vibro-msv-anti-vibration-spring-mount-with-viscous-damping\/\",\"url\":\"https:\/\/geoclimate.ge\/fr\/produit\/vibro-msv-anti-vibration-spring-mount-with-viscous-damping\/\",\"name\":\"Vibro-MSV : Support antivibratoire \u00e0 ressorts avec amortissement visqueux - GeoClimate.ge\",\"isPartOf\":{\"@id\":\"https:\/\/geoclimate.ge\/#website\"},\"primaryImageOfPage\":{\"@id\":\"https:\/\/geoclimate.ge\/fr\/produit\/vibro-msv-anti-vibration-spring-mount-with-viscous-damping\/#primaryimage\"},\"image\":{\"@id\":\"https:\/\/geoclimate.ge\/fr\/produit\/vibro-msv-anti-vibration-spring-mount-with-viscous-damping\/#primaryimage\"},\"thumbnailUrl\":\"https:\/\/geoclimate.ge\/wp-content\/uploads\/2025\/02\/MSV-1.jpg\",\"datePublished\":\"2025-02-07T14:06:58+00:00\",\"dateModified\":\"2025-02-07T14:10:53+00:00\",\"breadcrumb\":{\"@id\":\"https:\/\/geoclimate.ge\/fr\/produit\/vibro-msv-anti-vibration-spring-mount-with-viscous-damping\/#breadcrumb\"},\"inLanguage\":\"fr-FR\",\"potentialAction\":[{\"@type\":\"ReadAction\",\"target\":[\"https:\/\/geoclimate.ge\/fr\/produit\/vibro-msv-anti-vibration-spring-mount-with-viscous-damping\/\"]}]},{\"@type\":\"ImageObject\",\"inLanguage\":\"fr-FR\",\"@id\":\"https:\/\/geoclimate.ge\/fr\/produit\/vibro-msv-anti-vibration-spring-mount-with-viscous-damping\/#primaryimage\",\"url\":\"https:\/\/geoclimate.ge\/wp-content\/uploads\/2025\/02\/MSV-1.jpg\",\"contentUrl\":\"https:\/\/geoclimate.ge\/wp-content\/uploads\/2025\/02\/MSV-1.jpg\",\"width\":319,\"height\":275},{\"@type\":\"BreadcrumbList\",\"@id\":\"https:\/\/geoclimate.ge\/fr\/produit\/vibro-msv-anti-vibration-spring-mount-with-viscous-damping\/#breadcrumb\",\"itemListElement\":[{\"@type\":\"ListItem\",\"position\":1,\"name\":\"Home\",\"item\":\"https:\/\/geoclimate.ge\/fr\/\"},{\"@type\":\"ListItem\",\"position\":2,\"name\":\"Products\",\"item\":\"https:\/\/geoclimate.ge\/fr\/products\/\"},{\"@type\":\"ListItem\",\"position\":3,\"name\":\"Vibro-MSV : Support antivibratoire \u00e0 ressorts avec amortissement visqueux\"}]},{\"@type\":\"WebSite\",\"@id\":\"https:\/\/geoclimate.ge\/#website\",\"url\":\"https:\/\/geoclimate.ge\/\",\"name\":\"GeoClimate\",\"description\":\"\",\"publisher\":{\"@id\":\"https:\/\/geoclimate.ge\/#organization\"},\"potentialAction\":[{\"@type\":\"SearchAction\",\"target\":{\"@type\":\"EntryPoint\",\"urlTemplate\":\"https:\/\/geoclimate.ge\/?s={search_term_string}\"},\"query-input\":{\"@type\":\"PropertyValueSpecification\",\"valueRequired\":true,\"valueName\":\"search_term_string\"}}],\"inLanguage\":\"fr-FR\"},{\"@type\":\"Organization\",\"@id\":\"https:\/\/geoclimate.ge\/#organization\",\"name\":\"GeoClimate\",\"url\":\"https:\/\/geoclimate.ge\/\",\"logo\":{\"@type\":\"ImageObject\",\"inLanguage\":\"fr-FR\",\"@id\":\"https:\/\/geoclimate.ge\/#\/schema\/logo\/image\/\",\"url\":\"https:\/\/geoclimate.ge\/wp-content\/uploads\/2026\/03\/geoclimate-SEO.png\",\"contentUrl\":\"https:\/\/geoclimate.ge\/wp-content\/uploads\/2026\/03\/geoclimate-SEO.png\",\"width\":1536,\"height\":1024,\"caption\":\"GeoClimate\"},\"image\":{\"@id\":\"https:\/\/geoclimate.ge\/#\/schema\/logo\/image\/\"}}]}<\/script>\n<!-- \/ Yoast SEO plugin. -->","yoast_head_json":{"title":"Vibro-MSV : Support antivibratoire \u00e0 ressorts avec amortissement visqueux - GeoClimate.ge","robots":{"index":"index","follow":"follow","max-snippet":"max-snippet:-1","max-image-preview":"max-image-preview:large","max-video-preview":"max-video-preview:-1"},"canonical":"https:\/\/geoclimate.ge\/fr\/produit\/vibro-msv-anti-vibration-spring-mount-with-viscous-damping\/","og_locale":"fr_FR","og_type":"article","og_title":"Vibro-MSV : Support antivibratoire \u00e0 ressorts avec amortissement visqueux - GeoClimate.ge","og_description":"Vibro-MSV est un support antivibratoire \u00e0 ressorts multiples. Il est sp\u00e9cialement con\u00e7u pour avoir une faible hauteur et est tr\u00e8s efficace contre les vibrations \u00e0 basse fr\u00e9quence gr\u00e2ce au mat\u00e9riau visqueux.  DESCRIPTION  Vibro \u2013 MSV est un support antivibratoire \u00e0 ressorts avec amortissement visqueux pour une meilleure isolation des vibrations et une fr\u00e9quence naturelle tr\u00e8s basse.  Vibro-MSV est un support antivibratoire \u00e0 ressorts multiples. Il est sp\u00e9cialement con\u00e7u pour avoir une faible hauteur et est tr\u00e8s efficace contre les vibrations \u00e0 basse fr\u00e9quence gr\u00e2ce au mat\u00e9riau visqueux. Le Vibro-MSV est livr\u00e9 avec un profil en caoutchouc qui est fix\u00e9 \u00e0 sa base et agit comme un amortisseur de son pour augmenter l'efficacit\u00e9 de l'isolation dans les hautes fr\u00e9quences, qui pourraient \u00eatre transmises par les ressorts.  APPLICATIONS  Le Vibro-MSV | Le support \u00e0 ressort antivibratoire avec amortissement visqueux est utilis\u00e9 pour le contr\u00f4le des vibrations des supports de machines \u00e0 faible fr\u00e9quence d'excitation, avec variation d'amplitude, en raison des vitesses variables des machines rotatives. Il est principalement utilis\u00e9 dans les applications CVC, m\u00e9caniques et industrielles qui n\u00e9cessitent une isolation des vibrations.  Ce support est sp\u00e9cialement con\u00e7u pour absorber les vibrations \u00e0 basse fr\u00e9quence et limiter le mouvement excit\u00e9 et le choc des vibrations perturbatrices au point de r\u00e9sonance.  Les ressorts sont fix\u00e9s avec un syst\u00e8me de fixation innovant \u00e0 leur base m\u00e9tallique. Le fluide silicone, rempli de la viscosit\u00e9 appropri\u00e9e dans diff\u00e9rents taux de centistokes, peut fournir des forces d'amortissement dans toutes les directions de libert\u00e9. La base en caoutchouc (sur demande) agit comme un amortisseur de son et augmente l'efficacit\u00e9 de l'isolation dans les hautes fr\u00e9quences, qui pourraient \u00eatre transmises \u00e0 travers la structure m\u00e9tallique des ressorts. Vibro-MSV.H est recommand\u00e9 pour les charges lourdes.","og_url":"https:\/\/geoclimate.ge\/fr\/produit\/vibro-msv-anti-vibration-spring-mount-with-viscous-damping\/","og_site_name":"GeoClimate.ge","article_modified_time":"2025-02-07T14:10:53+00:00","og_image":[{"width":319,"height":275,"url":"https:\/\/geoclimate.ge\/wp-content\/uploads\/2025\/02\/MSV-1.jpg","type":"image\/jpeg"}],"twitter_card":"summary_large_image","schema":{"@context":"https:\/\/schema.org","@graph":[{"@type":"WebPage","@id":"https:\/\/geoclimate.ge\/fr\/produit\/vibro-msv-anti-vibration-spring-mount-with-viscous-damping\/","url":"https:\/\/geoclimate.ge\/fr\/produit\/vibro-msv-anti-vibration-spring-mount-with-viscous-damping\/","name":"Vibro-MSV : Support antivibratoire \u00e0 ressorts avec amortissement visqueux - GeoClimate.ge","isPartOf":{"@id":"https:\/\/geoclimate.ge\/#website"},"primaryImageOfPage":{"@id":"https:\/\/geoclimate.ge\/fr\/produit\/vibro-msv-anti-vibration-spring-mount-with-viscous-damping\/#primaryimage"},"image":{"@id":"https:\/\/geoclimate.ge\/fr\/produit\/vibro-msv-anti-vibration-spring-mount-with-viscous-damping\/#primaryimage"},"thumbnailUrl":"https:\/\/geoclimate.ge\/wp-content\/uploads\/2025\/02\/MSV-1.jpg","datePublished":"2025-02-07T14:06:58+00:00","dateModified":"2025-02-07T14:10:53+00:00","breadcrumb":{"@id":"https:\/\/geoclimate.ge\/fr\/produit\/vibro-msv-anti-vibration-spring-mount-with-viscous-damping\/#breadcrumb"},"inLanguage":"fr-FR","potentialAction":[{"@type":"ReadAction","target":["https:\/\/geoclimate.ge\/fr\/produit\/vibro-msv-anti-vibration-spring-mount-with-viscous-damping\/"]}]},{"@type":"ImageObject","inLanguage":"fr-FR","@id":"https:\/\/geoclimate.ge\/fr\/produit\/vibro-msv-anti-vibration-spring-mount-with-viscous-damping\/#primaryimage","url":"https:\/\/geoclimate.ge\/wp-content\/uploads\/2025\/02\/MSV-1.jpg","contentUrl":"https:\/\/geoclimate.ge\/wp-content\/uploads\/2025\/02\/MSV-1.jpg","width":319,"height":275},{"@type":"BreadcrumbList","@id":"https:\/\/geoclimate.ge\/fr\/produit\/vibro-msv-anti-vibration-spring-mount-with-viscous-damping\/#breadcrumb","itemListElement":[{"@type":"ListItem","position":1,"name":"Home","item":"https:\/\/geoclimate.ge\/fr\/"},{"@type":"ListItem","position":2,"name":"Products","item":"https:\/\/geoclimate.ge\/fr\/products\/"},{"@type":"ListItem","position":3,"name":"Vibro-MSV : Support antivibratoire \u00e0 ressorts avec amortissement visqueux"}]},{"@type":"WebSite","@id":"https:\/\/geoclimate.ge\/#website","url":"https:\/\/geoclimate.ge\/","name":"GeoClimate","description":"","publisher":{"@id":"https:\/\/geoclimate.ge\/#organization"},"potentialAction":[{"@type":"SearchAction","target":{"@type":"EntryPoint","urlTemplate":"https:\/\/geoclimate.ge\/?s={search_term_string}"},"query-input":{"@type":"PropertyValueSpecification","valueRequired":true,"valueName":"search_term_string"}}],"inLanguage":"fr-FR"},{"@type":"Organization","@id":"https:\/\/geoclimate.ge\/#organization","name":"GeoClimate","url":"https:\/\/geoclimate.ge\/","logo":{"@type":"ImageObject","inLanguage":"fr-FR","@id":"https:\/\/geoclimate.ge\/#\/schema\/logo\/image\/","url":"https:\/\/geoclimate.ge\/wp-content\/uploads\/2026\/03\/geoclimate-SEO.png","contentUrl":"https:\/\/geoclimate.ge\/wp-content\/uploads\/2026\/03\/geoclimate-SEO.png","width":1536,"height":1024,"caption":"GeoClimate"},"image":{"@id":"https:\/\/geoclimate.ge\/#\/schema\/logo\/image\/"}}]}},"_links":{"self":[{"href":"https:\/\/geoclimate.ge\/fr\/wp-json\/wp\/v2\/product\/17454","targetHints":{"allow":["GET"]}}],"collection":[{"href":"https:\/\/geoclimate.ge\/fr\/wp-json\/wp\/v2\/product"}],"about":[{"href":"https:\/\/geoclimate.ge\/fr\/wp-json\/wp\/v2\/types\/product"}],"wp:featuredmedia":[{"embeddable":true,"href":"https:\/\/geoclimate.ge\/fr\/wp-json\/wp\/v2\/media\/17443"}],"wp:attachment":[{"href":"https:\/\/geoclimate.ge\/fr\/wp-json\/wp\/v2\/media?parent=17454"}],"wp:term":[{"taxonomy":"product_brand","embeddable":true,"href":"https:\/\/geoclimate.ge\/fr\/wp-json\/wp\/v2\/product_brand?post=17454"},{"taxonomy":"product_cat","embeddable":true,"href":"https:\/\/geoclimate.ge\/fr\/wp-json\/wp\/v2\/product_cat?post=17454"},{"taxonomy":"product_tag","embeddable":true,"href":"https:\/\/geoclimate.ge\/fr\/wp-json\/wp\/v2\/product_tag?post=17454"}],"curies":[{"name":"wp","href":"https:\/\/api.w.org\/{rel}","templated":true}]}}