{"id":17480,"date":"2025-02-07T18:15:00","date_gmt":"2025-02-07T14:15:00","guid":{"rendered":"https:\/\/airsystems.ge\/shop\/product\/vibro-trs-f-anti-vibration-mount-for-transformers\/"},"modified":"2025-02-07T18:22:42","modified_gmt":"2025-02-07T14:22:42","slug":"vibro-trs-f-anti-vibration-mount-for-transformers","status":"publish","type":"product","link":"https:\/\/geoclimate.ge\/fr\/produit\/vibro-trs-f-anti-vibration-mount-for-transformers\/","title":{"rendered":"Vibro-TRS.F : Support antivibratoire pour transformateurs"},"content":{"rendered":"<div id=\"vibro-pr-title\"><strong>TRS.F<\/strong>\u00a0mount is recommended to be used for Vibration isolation for a wide range of transformers. It can be applied as a vibration damping under the transportation rolls in order to protect the relative building from the structural born noise transmission.<\/div>\n<div><\/div>\n<div><img loading=\"lazy\" decoding=\"async\" class=\"alignnone size-large\" src=\"https:\/\/antivibration-systems.com\/wp-content\/uploads\/2018\/04\/TRS.F-Selection.jpg\" width=\"1765\" height=\"400\" \/><\/div>\n<div id=\"\">\n<div id=\"\"><strong>Dynamic Characteristics<\/strong><\/div>\n<p>Deflection: Max 4 mm at higher load<br \/>\nNatural Frequency: Up to 15 Hz<\/p>\n<p>Our technical department will select the appropriate\u00a0<strong>TRS.F<\/strong>\u00a0type, according to the transformer technical characteristics and the required vibration reduction<\/p>\n<\/div>\n","protected":false},"excerpt":{"rendered":"<p>Vibro-TRS.F est un support antivibratoire sp\u00e9cialement con\u00e7u et \u00e9tudi\u00e9 pour les transformateurs \u00e9lectriques avec rouleaux de transport.<\/p>\n<p>DESCRIPTION<\/p>\n<p>Vibro-TRS.F est un support antivibratoire sp\u00e9cialement \u00e9tudi\u00e9 et \u00e9tudi\u00e9 pour les transformateurs \u00e9lectriques avec rouleaux de transport. L&rsquo;\u00e9l\u00e9ment \u00e9lastom\u00e8re entre les deux profil\u00e9s m\u00e9talliques est une mousse antivibratoire en polyur\u00e9thane de haute qualit\u00e9, fabriqu\u00e9e par la soci\u00e9t\u00e9 allemande BSW sous la marque \u00ab Regufoam\u00ae \u00bb, disponible en diff\u00e9rentes duret\u00e9s.<\/p>\n<p>La mousse \u00e9lastom\u00e9rique peut \u00eatre produite en deux \u00e9paisseurs (25 et 37 mm) afin d&rsquo;obtenir une meilleure isolation des vibrations.<br \/>\nLes plaques m\u00e9talliques sont prot\u00e9g\u00e9es de l&rsquo;oxydation par une peinture en poudre polyester ou, sur demande, elles peuvent \u00eatre galvanis\u00e9es \u00e0 chaud.<br \/>\nDes patins en caoutchouc sont ajout\u00e9s des deux c\u00f4t\u00e9s des profil\u00e9s m\u00e9talliques afin d&rsquo;\u00e9viter tout pont sonore. Sur le profil\u00e9 m\u00e9tallique sup\u00e9rieur, il y a deux axes cylindriques recouverts de caoutchouc pour maintenir la roue en place. La position de ces axes cylindriques peut \u00eatre ajust\u00e9e en fonction du diam\u00e8tre de la roue choisie. Les ailes m\u00e9talliques du profil offrent \u00e9galement une retenue lat\u00e9rale.<\/p>\n<p>APPLICATIONS<\/p>\n<p>Le support antivibratoire pour transformateurs Vibro-TRS.F est recommand\u00e9 pour l&rsquo;isolation des vibrations d&rsquo;une large gamme de transformateurs.<br \/>\nIl peut \u00eatre ajout\u00e9 comme amortisseur de vibrations sous les rouleaux de transport du transformateur afin de prot\u00e9ger le b\u00e2timent relatif de la transmission du bruit de structure.<\/p>\n<p>Notre service technique s\u00e9lectionnera le type de support antivibratoire pour transformateurs Vibro-TRS.F appropri\u00e9, en fonction des caract\u00e9ristiques techniques du transformateur et de la r\u00e9duction des vibrations requise. Gr\u00e2ce \u00e0 notre logiciel de pr\u00e9vision de l&rsquo;isolation des vibrations, nous pouvons fournir la fiche technique de la d\u00e9flexion (en relation avec la charge), la fr\u00e9quence naturelle du syst\u00e8me et la r\u00e9duction des vibrations pr\u00e9visible.<\/p>\n","protected":false},"featured_media":17461,"template":"","meta":[],"product_brand":[],"product_cat":[707],"product_tag":[],"class_list":{"0":"post-17480","1":"product","2":"type-product","3":"status-publish","4":"has-post-thumbnail","6":"product_cat-vibration-anti-bruit-acoustique-fr","8":"first","9":"instock","10":"shipping-taxable","11":"product-type-simple"},"yoast_head":"<!-- This site is optimized with the Yoast SEO plugin v27.1.1 - https:\/\/yoast.com\/product\/yoast-seo-wordpress\/ -->\n<title>Vibro-TRS.F : Support antivibratoire pour transformateurs - GeoClimate.ge<\/title>\n<meta name=\"robots\" content=\"index, follow, max-snippet:-1, max-image-preview:large, max-video-preview:-1\" \/>\n<link rel=\"canonical\" href=\"https:\/\/geoclimate.ge\/fr\/produit\/vibro-trs-f-anti-vibration-mount-for-transformers\/\" \/>\n<meta property=\"og:locale\" content=\"fr_FR\" \/>\n<meta property=\"og:type\" content=\"article\" \/>\n<meta property=\"og:title\" content=\"Vibro-TRS.F : Support antivibratoire pour transformateurs - GeoClimate.ge\" \/>\n<meta property=\"og:description\" content=\"Vibro-TRS.F est un support antivibratoire sp\u00e9cialement con\u00e7u et \u00e9tudi\u00e9 pour les transformateurs \u00e9lectriques avec rouleaux de transport.  DESCRIPTION  Vibro-TRS.F est un support antivibratoire sp\u00e9cialement \u00e9tudi\u00e9 et \u00e9tudi\u00e9 pour les transformateurs \u00e9lectriques avec rouleaux de transport. L&#039;\u00e9l\u00e9ment \u00e9lastom\u00e8re entre les deux profil\u00e9s m\u00e9talliques est une mousse antivibratoire en polyur\u00e9thane de haute qualit\u00e9, fabriqu\u00e9e par la soci\u00e9t\u00e9 allemande BSW sous la marque \u00ab Regufoam\u00ae \u00bb, disponible en diff\u00e9rentes duret\u00e9s.  La mousse \u00e9lastom\u00e9rique peut \u00eatre produite en deux \u00e9paisseurs (25 et 37 mm) afin d&#039;obtenir une meilleure isolation des vibrations. Les plaques m\u00e9talliques sont prot\u00e9g\u00e9es de l&#039;oxydation par une peinture en poudre polyester ou, sur demande, elles peuvent \u00eatre galvanis\u00e9es \u00e0 chaud. Des patins en caoutchouc sont ajout\u00e9s des deux c\u00f4t\u00e9s des profil\u00e9s m\u00e9talliques afin d&#039;\u00e9viter tout pont sonore. Sur le profil\u00e9 m\u00e9tallique sup\u00e9rieur, il y a deux axes cylindriques recouverts de caoutchouc pour maintenir la roue en place. La position de ces axes cylindriques peut \u00eatre ajust\u00e9e en fonction du diam\u00e8tre de la roue choisie. Les ailes m\u00e9talliques du profil offrent \u00e9galement une retenue lat\u00e9rale.  APPLICATIONS  Le support antivibratoire pour transformateurs Vibro-TRS.F est recommand\u00e9 pour l&#039;isolation des vibrations d&#039;une large gamme de transformateurs. Il peut \u00eatre ajout\u00e9 comme amortisseur de vibrations sous les rouleaux de transport du transformateur afin de prot\u00e9ger le b\u00e2timent relatif de la transmission du bruit de structure.  Notre service technique s\u00e9lectionnera le type de support antivibratoire pour transformateurs Vibro-TRS.F appropri\u00e9, en fonction des caract\u00e9ristiques techniques du transformateur et de la r\u00e9duction des vibrations requise. Gr\u00e2ce \u00e0 notre logiciel de pr\u00e9vision de l&#039;isolation des vibrations, nous pouvons fournir la fiche technique de la d\u00e9flexion (en relation avec la charge), la fr\u00e9quence naturelle du syst\u00e8me et la r\u00e9duction des vibrations pr\u00e9visible.\" \/>\n<meta property=\"og:url\" content=\"https:\/\/geoclimate.ge\/fr\/produit\/vibro-trs-f-anti-vibration-mount-for-transformers\/\" \/>\n<meta property=\"og:site_name\" content=\"GeoClimate.ge\" \/>\n<meta property=\"article:modified_time\" content=\"2025-02-07T14:22:42+00:00\" \/>\n<meta property=\"og:image\" content=\"https:\/\/geoclimate.ge\/wp-content\/uploads\/2025\/02\/TRSF.jpg\" \/>\n\t<meta property=\"og:image:width\" content=\"600\" \/>\n\t<meta property=\"og:image:height\" content=\"600\" \/>\n\t<meta property=\"og:image:type\" content=\"image\/jpeg\" \/>\n<meta name=\"twitter:card\" content=\"summary_large_image\" \/>\n<script type=\"application\/ld+json\" class=\"yoast-schema-graph\">{\"@context\":\"https:\/\/schema.org\",\"@graph\":[{\"@type\":\"WebPage\",\"@id\":\"https:\/\/geoclimate.ge\/fr\/produit\/vibro-trs-f-anti-vibration-mount-for-transformers\/\",\"url\":\"https:\/\/geoclimate.ge\/fr\/produit\/vibro-trs-f-anti-vibration-mount-for-transformers\/\",\"name\":\"Vibro-TRS.F : Support antivibratoire pour transformateurs - GeoClimate.ge\",\"isPartOf\":{\"@id\":\"https:\/\/geoclimate.ge\/#website\"},\"primaryImageOfPage\":{\"@id\":\"https:\/\/geoclimate.ge\/fr\/produit\/vibro-trs-f-anti-vibration-mount-for-transformers\/#primaryimage\"},\"image\":{\"@id\":\"https:\/\/geoclimate.ge\/fr\/produit\/vibro-trs-f-anti-vibration-mount-for-transformers\/#primaryimage\"},\"thumbnailUrl\":\"https:\/\/geoclimate.ge\/wp-content\/uploads\/2025\/02\/TRSF.jpg\",\"datePublished\":\"2025-02-07T14:15:00+00:00\",\"dateModified\":\"2025-02-07T14:22:42+00:00\",\"breadcrumb\":{\"@id\":\"https:\/\/geoclimate.ge\/fr\/produit\/vibro-trs-f-anti-vibration-mount-for-transformers\/#breadcrumb\"},\"inLanguage\":\"fr-FR\",\"potentialAction\":[{\"@type\":\"ReadAction\",\"target\":[\"https:\/\/geoclimate.ge\/fr\/produit\/vibro-trs-f-anti-vibration-mount-for-transformers\/\"]}]},{\"@type\":\"ImageObject\",\"inLanguage\":\"fr-FR\",\"@id\":\"https:\/\/geoclimate.ge\/fr\/produit\/vibro-trs-f-anti-vibration-mount-for-transformers\/#primaryimage\",\"url\":\"https:\/\/geoclimate.ge\/wp-content\/uploads\/2025\/02\/TRSF.jpg\",\"contentUrl\":\"https:\/\/geoclimate.ge\/wp-content\/uploads\/2025\/02\/TRSF.jpg\",\"width\":600,\"height\":600},{\"@type\":\"BreadcrumbList\",\"@id\":\"https:\/\/geoclimate.ge\/fr\/produit\/vibro-trs-f-anti-vibration-mount-for-transformers\/#breadcrumb\",\"itemListElement\":[{\"@type\":\"ListItem\",\"position\":1,\"name\":\"Home\",\"item\":\"https:\/\/geoclimate.ge\/fr\/\"},{\"@type\":\"ListItem\",\"position\":2,\"name\":\"Products\",\"item\":\"https:\/\/geoclimate.ge\/fr\/products\/\"},{\"@type\":\"ListItem\",\"position\":3,\"name\":\"Vibro-TRS.F : Support antivibratoire pour transformateurs\"}]},{\"@type\":\"WebSite\",\"@id\":\"https:\/\/geoclimate.ge\/#website\",\"url\":\"https:\/\/geoclimate.ge\/\",\"name\":\"GeoClimate\",\"description\":\"\",\"publisher\":{\"@id\":\"https:\/\/geoclimate.ge\/#organization\"},\"potentialAction\":[{\"@type\":\"SearchAction\",\"target\":{\"@type\":\"EntryPoint\",\"urlTemplate\":\"https:\/\/geoclimate.ge\/?s={search_term_string}\"},\"query-input\":{\"@type\":\"PropertyValueSpecification\",\"valueRequired\":true,\"valueName\":\"search_term_string\"}}],\"inLanguage\":\"fr-FR\"},{\"@type\":\"Organization\",\"@id\":\"https:\/\/geoclimate.ge\/#organization\",\"name\":\"GeoClimate\",\"url\":\"https:\/\/geoclimate.ge\/\",\"logo\":{\"@type\":\"ImageObject\",\"inLanguage\":\"fr-FR\",\"@id\":\"https:\/\/geoclimate.ge\/#\/schema\/logo\/image\/\",\"url\":\"https:\/\/geoclimate.ge\/wp-content\/uploads\/2026\/03\/geoclimate-SEO.png\",\"contentUrl\":\"https:\/\/geoclimate.ge\/wp-content\/uploads\/2026\/03\/geoclimate-SEO.png\",\"width\":1536,\"height\":1024,\"caption\":\"GeoClimate\"},\"image\":{\"@id\":\"https:\/\/geoclimate.ge\/#\/schema\/logo\/image\/\"}}]}<\/script>\n<!-- \/ Yoast SEO plugin. -->","yoast_head_json":{"title":"Vibro-TRS.F : Support antivibratoire pour transformateurs - GeoClimate.ge","robots":{"index":"index","follow":"follow","max-snippet":"max-snippet:-1","max-image-preview":"max-image-preview:large","max-video-preview":"max-video-preview:-1"},"canonical":"https:\/\/geoclimate.ge\/fr\/produit\/vibro-trs-f-anti-vibration-mount-for-transformers\/","og_locale":"fr_FR","og_type":"article","og_title":"Vibro-TRS.F : Support antivibratoire pour transformateurs - GeoClimate.ge","og_description":"Vibro-TRS.F est un support antivibratoire sp\u00e9cialement con\u00e7u et \u00e9tudi\u00e9 pour les transformateurs \u00e9lectriques avec rouleaux de transport.  DESCRIPTION  Vibro-TRS.F est un support antivibratoire sp\u00e9cialement \u00e9tudi\u00e9 et \u00e9tudi\u00e9 pour les transformateurs \u00e9lectriques avec rouleaux de transport. L'\u00e9l\u00e9ment \u00e9lastom\u00e8re entre les deux profil\u00e9s m\u00e9talliques est une mousse antivibratoire en polyur\u00e9thane de haute qualit\u00e9, fabriqu\u00e9e par la soci\u00e9t\u00e9 allemande BSW sous la marque \u00ab Regufoam\u00ae \u00bb, disponible en diff\u00e9rentes duret\u00e9s.  La mousse \u00e9lastom\u00e9rique peut \u00eatre produite en deux \u00e9paisseurs (25 et 37 mm) afin d'obtenir une meilleure isolation des vibrations. Les plaques m\u00e9talliques sont prot\u00e9g\u00e9es de l'oxydation par une peinture en poudre polyester ou, sur demande, elles peuvent \u00eatre galvanis\u00e9es \u00e0 chaud. Des patins en caoutchouc sont ajout\u00e9s des deux c\u00f4t\u00e9s des profil\u00e9s m\u00e9talliques afin d'\u00e9viter tout pont sonore. Sur le profil\u00e9 m\u00e9tallique sup\u00e9rieur, il y a deux axes cylindriques recouverts de caoutchouc pour maintenir la roue en place. La position de ces axes cylindriques peut \u00eatre ajust\u00e9e en fonction du diam\u00e8tre de la roue choisie. Les ailes m\u00e9talliques du profil offrent \u00e9galement une retenue lat\u00e9rale.  APPLICATIONS  Le support antivibratoire pour transformateurs Vibro-TRS.F est recommand\u00e9 pour l'isolation des vibrations d'une large gamme de transformateurs. Il peut \u00eatre ajout\u00e9 comme amortisseur de vibrations sous les rouleaux de transport du transformateur afin de prot\u00e9ger le b\u00e2timent relatif de la transmission du bruit de structure.  Notre service technique s\u00e9lectionnera le type de support antivibratoire pour transformateurs Vibro-TRS.F appropri\u00e9, en fonction des caract\u00e9ristiques techniques du transformateur et de la r\u00e9duction des vibrations requise. Gr\u00e2ce \u00e0 notre logiciel de pr\u00e9vision de l'isolation des vibrations, nous pouvons fournir la fiche technique de la d\u00e9flexion (en relation avec la charge), la fr\u00e9quence naturelle du syst\u00e8me et la r\u00e9duction des vibrations pr\u00e9visible.","og_url":"https:\/\/geoclimate.ge\/fr\/produit\/vibro-trs-f-anti-vibration-mount-for-transformers\/","og_site_name":"GeoClimate.ge","article_modified_time":"2025-02-07T14:22:42+00:00","og_image":[{"width":600,"height":600,"url":"https:\/\/geoclimate.ge\/wp-content\/uploads\/2025\/02\/TRSF.jpg","type":"image\/jpeg"}],"twitter_card":"summary_large_image","schema":{"@context":"https:\/\/schema.org","@graph":[{"@type":"WebPage","@id":"https:\/\/geoclimate.ge\/fr\/produit\/vibro-trs-f-anti-vibration-mount-for-transformers\/","url":"https:\/\/geoclimate.ge\/fr\/produit\/vibro-trs-f-anti-vibration-mount-for-transformers\/","name":"Vibro-TRS.F : Support antivibratoire pour transformateurs - GeoClimate.ge","isPartOf":{"@id":"https:\/\/geoclimate.ge\/#website"},"primaryImageOfPage":{"@id":"https:\/\/geoclimate.ge\/fr\/produit\/vibro-trs-f-anti-vibration-mount-for-transformers\/#primaryimage"},"image":{"@id":"https:\/\/geoclimate.ge\/fr\/produit\/vibro-trs-f-anti-vibration-mount-for-transformers\/#primaryimage"},"thumbnailUrl":"https:\/\/geoclimate.ge\/wp-content\/uploads\/2025\/02\/TRSF.jpg","datePublished":"2025-02-07T14:15:00+00:00","dateModified":"2025-02-07T14:22:42+00:00","breadcrumb":{"@id":"https:\/\/geoclimate.ge\/fr\/produit\/vibro-trs-f-anti-vibration-mount-for-transformers\/#breadcrumb"},"inLanguage":"fr-FR","potentialAction":[{"@type":"ReadAction","target":["https:\/\/geoclimate.ge\/fr\/produit\/vibro-trs-f-anti-vibration-mount-for-transformers\/"]}]},{"@type":"ImageObject","inLanguage":"fr-FR","@id":"https:\/\/geoclimate.ge\/fr\/produit\/vibro-trs-f-anti-vibration-mount-for-transformers\/#primaryimage","url":"https:\/\/geoclimate.ge\/wp-content\/uploads\/2025\/02\/TRSF.jpg","contentUrl":"https:\/\/geoclimate.ge\/wp-content\/uploads\/2025\/02\/TRSF.jpg","width":600,"height":600},{"@type":"BreadcrumbList","@id":"https:\/\/geoclimate.ge\/fr\/produit\/vibro-trs-f-anti-vibration-mount-for-transformers\/#breadcrumb","itemListElement":[{"@type":"ListItem","position":1,"name":"Home","item":"https:\/\/geoclimate.ge\/fr\/"},{"@type":"ListItem","position":2,"name":"Products","item":"https:\/\/geoclimate.ge\/fr\/products\/"},{"@type":"ListItem","position":3,"name":"Vibro-TRS.F : Support antivibratoire pour transformateurs"}]},{"@type":"WebSite","@id":"https:\/\/geoclimate.ge\/#website","url":"https:\/\/geoclimate.ge\/","name":"GeoClimate","description":"","publisher":{"@id":"https:\/\/geoclimate.ge\/#organization"},"potentialAction":[{"@type":"SearchAction","target":{"@type":"EntryPoint","urlTemplate":"https:\/\/geoclimate.ge\/?s={search_term_string}"},"query-input":{"@type":"PropertyValueSpecification","valueRequired":true,"valueName":"search_term_string"}}],"inLanguage":"fr-FR"},{"@type":"Organization","@id":"https:\/\/geoclimate.ge\/#organization","name":"GeoClimate","url":"https:\/\/geoclimate.ge\/","logo":{"@type":"ImageObject","inLanguage":"fr-FR","@id":"https:\/\/geoclimate.ge\/#\/schema\/logo\/image\/","url":"https:\/\/geoclimate.ge\/wp-content\/uploads\/2026\/03\/geoclimate-SEO.png","contentUrl":"https:\/\/geoclimate.ge\/wp-content\/uploads\/2026\/03\/geoclimate-SEO.png","width":1536,"height":1024,"caption":"GeoClimate"},"image":{"@id":"https:\/\/geoclimate.ge\/#\/schema\/logo\/image\/"}}]}},"_links":{"self":[{"href":"https:\/\/geoclimate.ge\/fr\/wp-json\/wp\/v2\/product\/17480","targetHints":{"allow":["GET"]}}],"collection":[{"href":"https:\/\/geoclimate.ge\/fr\/wp-json\/wp\/v2\/product"}],"about":[{"href":"https:\/\/geoclimate.ge\/fr\/wp-json\/wp\/v2\/types\/product"}],"wp:featuredmedia":[{"embeddable":true,"href":"https:\/\/geoclimate.ge\/fr\/wp-json\/wp\/v2\/media\/17461"}],"wp:attachment":[{"href":"https:\/\/geoclimate.ge\/fr\/wp-json\/wp\/v2\/media?parent=17480"}],"wp:term":[{"taxonomy":"product_brand","embeddable":true,"href":"https:\/\/geoclimate.ge\/fr\/wp-json\/wp\/v2\/product_brand?post=17480"},{"taxonomy":"product_cat","embeddable":true,"href":"https:\/\/geoclimate.ge\/fr\/wp-json\/wp\/v2\/product_cat?post=17480"},{"taxonomy":"product_tag","embeddable":true,"href":"https:\/\/geoclimate.ge\/fr\/wp-json\/wp\/v2\/product_tag?post=17480"}],"curies":[{"name":"wp","href":"https:\/\/api.w.org\/{rel}","templated":true}]}}