{"id":17506,"date":"2025-02-07T18:29:19","date_gmt":"2025-02-07T14:29:19","guid":{"rendered":"https:\/\/airsystems.ge\/shop\/product\/vibro-sh-anti-vibration-spring-hangers-for-false-ceilings\/"},"modified":"2025-02-07T18:34:18","modified_gmt":"2025-02-07T14:34:18","slug":"vibro-sh-anti-vibration-spring-hangers-for-false-ceilings","status":"publish","type":"product","link":"https:\/\/geoclimate.ge\/fr\/produit\/vibro-sh-anti-vibration-spring-hangers-for-false-ceilings\/","title":{"rendered":"Vibro-SH : Suspensions \u00e0 ressort antivibratoires pour faux plafonds"},"content":{"rendered":"<p>Load: 10 \u2013 25 \u039ap*<\/p>\n<p>Deflection: 25 mm at maximum load<\/p>\n<p>Natural Frequency: 3 Hz at maximum load<\/p>\n<p>Other load range on request.<\/p>\n","protected":false},"excerpt":{"rendered":"<p>Suspension \u00e0 ressort pour faux plafonds qui offre une fr\u00e9quence naturelle tr\u00e8s basse. Peut \u00eatre utilis\u00e9e dans plusieurs applications comme les cin\u00e9mas, les studios, les th\u00e9\u00e2tres, etc.<\/p>\n<p>Description<\/p>\n<p>Les suspensions \u00e0 ressort antivibratoires pour faux plafonds Vibro-SH se composent d&rsquo;un cadre m\u00e9tallique en t\u00f4le galvanis\u00e9e, correctement form\u00e9 avec une r\u00e9sistance lat\u00e9rale, d&rsquo;un ressort en acier, d&rsquo;un \u00e9l\u00e9ment en caoutchouc antivibratoire au bas du ressort qui agit comme un brise-son et augmente l&rsquo;efficacit\u00e9 de l&rsquo;isolation. Le ressort en acier fait face \u00e0 l&rsquo;excitation basse fr\u00e9quence.<br \/>\nIls peuvent \u00e9galement \u00eatre pr\u00e9charg\u00e9s en serrant l&rsquo;\u00e9crou et l&rsquo;ancrage de la suspension doit \u00eatre perpendiculaire.<\/p>\n<p>Applications<\/p>\n<p>Vibro-SH peut \u00eatre utilis\u00e9 pour la suspension antivibratoire des faux plafonds insonorisants, la suspension antivibratoire des tuyaux, des conduits d&rsquo;air, des haut-parleurs, etc.<\/p>\n<p>Caract\u00e9ristiques dynamiques<\/p>\n<p>Charge maximale : 25 \u039ap*<br \/>\nFl\u00e8che : 25 mm \u00e0 charge maximale<br \/>\nFr\u00e9quence naturelle : 3 Hz \u00e0 charge maximale<br \/>\nAutre plage de charge sur demande.<br \/>\n*(1Kp=10N)<\/p>\n<p>Installation<\/p>\n<p>1. Marquez le motif de la grille et la position du support de plafond sur le plafond non isol\u00e9 existant. Les isolateurs doivent \u00eatre situ\u00e9s \u00e0 environ 30 cm du bord du plafond isol\u00e9.<br \/>\n2. Fixez le support dans le plafond en b\u00e9ton \u00e0 l&rsquo;aide d&rsquo;une cheville affleurante en acier M8 et d&rsquo;une tige appropri\u00e9e traversant l&rsquo;\u00e9l\u00e9ment en caoutchouc du support, fixez avec un \u00e9crou de s\u00e9curit\u00e9.<br \/>\n3. Les suspensions sont plac\u00e9es en fonction des dimensions de la pi\u00e8ce et du poids total du plafond, environ 4 suspensions\/m2.<br \/>\n4. Fixez les pieds de l&rsquo;isolateur dans le profil principal \u00e0 l&rsquo;aide de 2+2 vis appropri\u00e9es.<br \/>\n5. Tous les profil\u00e9s m\u00e9talliques ne doivent pas entrer en contact avec les murs p\u00e9riph\u00e9riques (\u00e9viter les ponts sonores).<br \/>\n6. Afin de proc\u00e9der \u00e0 un r\u00e9glage de niveau, tournez l&rsquo;\u00e9crou inf\u00e9rieur dans le sens appropri\u00e9 jusqu&rsquo;\u00e0 atteindre le niveau requis.<br \/>\n7. Installez le syst\u00e8me gymsumboard, y compris les dalles d&rsquo;absorption acoustique et la membrane d&rsquo;isolation phonique, conform\u00e9ment aux instructions du fabricant du gymsumboard.<br \/>\n8. Scellez les bords avec du mastic r\u00e9silient non durcissant.<\/p>\n","protected":false},"featured_media":17487,"template":"","meta":[],"product_brand":[],"product_cat":[707],"product_tag":[],"class_list":{"0":"post-17506","1":"product","2":"type-product","3":"status-publish","4":"has-post-thumbnail","6":"product_cat-vibration-anti-bruit-acoustique-fr","8":"first","9":"instock","10":"shipping-taxable","11":"product-type-simple"},"yoast_head":"<!-- This site is optimized with the Yoast SEO plugin v27.1.1 - https:\/\/yoast.com\/product\/yoast-seo-wordpress\/ -->\n<title>Vibro-SH : Suspensions \u00e0 ressort antivibratoires pour faux plafonds - GeoClimate.ge<\/title>\n<meta name=\"robots\" content=\"index, follow, max-snippet:-1, max-image-preview:large, max-video-preview:-1\" \/>\n<link rel=\"canonical\" href=\"https:\/\/geoclimate.ge\/fr\/produit\/vibro-sh-anti-vibration-spring-hangers-for-false-ceilings\/\" \/>\n<meta property=\"og:locale\" content=\"fr_FR\" \/>\n<meta property=\"og:type\" content=\"article\" \/>\n<meta property=\"og:title\" content=\"Vibro-SH : Suspensions \u00e0 ressort antivibratoires pour faux plafonds - GeoClimate.ge\" \/>\n<meta property=\"og:description\" content=\"Suspension \u00e0 ressort pour faux plafonds qui offre une fr\u00e9quence naturelle tr\u00e8s basse. Peut \u00eatre utilis\u00e9e dans plusieurs applications comme les cin\u00e9mas, les studios, les th\u00e9\u00e2tres, etc.  Description  Les suspensions \u00e0 ressort antivibratoires pour faux plafonds Vibro-SH se composent d&#039;un cadre m\u00e9tallique en t\u00f4le galvanis\u00e9e, correctement form\u00e9 avec une r\u00e9sistance lat\u00e9rale, d&#039;un ressort en acier, d&#039;un \u00e9l\u00e9ment en caoutchouc antivibratoire au bas du ressort qui agit comme un brise-son et augmente l&#039;efficacit\u00e9 de l&#039;isolation. Le ressort en acier fait face \u00e0 l&#039;excitation basse fr\u00e9quence. Ils peuvent \u00e9galement \u00eatre pr\u00e9charg\u00e9s en serrant l&#039;\u00e9crou et l&#039;ancrage de la suspension doit \u00eatre perpendiculaire.  Applications  Vibro-SH peut \u00eatre utilis\u00e9 pour la suspension antivibratoire des faux plafonds insonorisants, la suspension antivibratoire des tuyaux, des conduits d&#039;air, des haut-parleurs, etc.  Caract\u00e9ristiques dynamiques  Charge maximale : 25 \u039ap* Fl\u00e8che : 25 mm \u00e0 charge maximale Fr\u00e9quence naturelle : 3 Hz \u00e0 charge maximale Autre plage de charge sur demande. *(1Kp=10N)  Installation  1. Marquez le motif de la grille et la position du support de plafond sur le plafond non isol\u00e9 existant. Les isolateurs doivent \u00eatre situ\u00e9s \u00e0 environ 30 cm du bord du plafond isol\u00e9. 2. Fixez le support dans le plafond en b\u00e9ton \u00e0 l&#039;aide d&#039;une cheville affleurante en acier M8 et d&#039;une tige appropri\u00e9e traversant l&#039;\u00e9l\u00e9ment en caoutchouc du support, fixez avec un \u00e9crou de s\u00e9curit\u00e9. 3. Les suspensions sont plac\u00e9es en fonction des dimensions de la pi\u00e8ce et du poids total du plafond, environ 4 suspensions\/m2. 4. Fixez les pieds de l&#039;isolateur dans le profil principal \u00e0 l&#039;aide de 2+2 vis appropri\u00e9es. 5. Tous les profil\u00e9s m\u00e9talliques ne doivent pas entrer en contact avec les murs p\u00e9riph\u00e9riques (\u00e9viter les ponts sonores). 6. Afin de proc\u00e9der \u00e0 un r\u00e9glage de niveau, tournez l&#039;\u00e9crou inf\u00e9rieur dans le sens appropri\u00e9 jusqu&#039;\u00e0 atteindre le niveau requis. 7. Installez le syst\u00e8me gymsumboard, y compris les dalles d&#039;absorption acoustique et la membrane d&#039;isolation phonique, conform\u00e9ment aux instructions du fabricant du gymsumboard. 8. Scellez les bords avec du mastic r\u00e9silient non durcissant.\" \/>\n<meta property=\"og:url\" content=\"https:\/\/geoclimate.ge\/fr\/produit\/vibro-sh-anti-vibration-spring-hangers-for-false-ceilings\/\" \/>\n<meta property=\"og:site_name\" content=\"GeoClimate.ge\" \/>\n<meta property=\"article:modified_time\" content=\"2025-02-07T14:34:18+00:00\" \/>\n<meta property=\"og:image\" content=\"https:\/\/geoclimate.ge\/wp-content\/uploads\/2025\/02\/071709133341_A.jpg\" \/>\n\t<meta property=\"og:image:width\" content=\"280\" \/>\n\t<meta property=\"og:image:height\" content=\"210\" \/>\n\t<meta property=\"og:image:type\" content=\"image\/jpeg\" \/>\n<meta name=\"twitter:card\" content=\"summary_large_image\" \/>\n<script type=\"application\/ld+json\" class=\"yoast-schema-graph\">{\"@context\":\"https:\/\/schema.org\",\"@graph\":[{\"@type\":\"WebPage\",\"@id\":\"https:\/\/geoclimate.ge\/fr\/produit\/vibro-sh-anti-vibration-spring-hangers-for-false-ceilings\/\",\"url\":\"https:\/\/geoclimate.ge\/fr\/produit\/vibro-sh-anti-vibration-spring-hangers-for-false-ceilings\/\",\"name\":\"Vibro-SH : Suspensions \u00e0 ressort antivibratoires pour faux plafonds - GeoClimate.ge\",\"isPartOf\":{\"@id\":\"https:\/\/geoclimate.ge\/#website\"},\"primaryImageOfPage\":{\"@id\":\"https:\/\/geoclimate.ge\/fr\/produit\/vibro-sh-anti-vibration-spring-hangers-for-false-ceilings\/#primaryimage\"},\"image\":{\"@id\":\"https:\/\/geoclimate.ge\/fr\/produit\/vibro-sh-anti-vibration-spring-hangers-for-false-ceilings\/#primaryimage\"},\"thumbnailUrl\":\"https:\/\/geoclimate.ge\/wp-content\/uploads\/2025\/02\/071709133341_A.jpg\",\"datePublished\":\"2025-02-07T14:29:19+00:00\",\"dateModified\":\"2025-02-07T14:34:18+00:00\",\"breadcrumb\":{\"@id\":\"https:\/\/geoclimate.ge\/fr\/produit\/vibro-sh-anti-vibration-spring-hangers-for-false-ceilings\/#breadcrumb\"},\"inLanguage\":\"fr-FR\",\"potentialAction\":[{\"@type\":\"ReadAction\",\"target\":[\"https:\/\/geoclimate.ge\/fr\/produit\/vibro-sh-anti-vibration-spring-hangers-for-false-ceilings\/\"]}]},{\"@type\":\"ImageObject\",\"inLanguage\":\"fr-FR\",\"@id\":\"https:\/\/geoclimate.ge\/fr\/produit\/vibro-sh-anti-vibration-spring-hangers-for-false-ceilings\/#primaryimage\",\"url\":\"https:\/\/geoclimate.ge\/wp-content\/uploads\/2025\/02\/071709133341_A.jpg\",\"contentUrl\":\"https:\/\/geoclimate.ge\/wp-content\/uploads\/2025\/02\/071709133341_A.jpg\",\"width\":280,\"height\":210},{\"@type\":\"BreadcrumbList\",\"@id\":\"https:\/\/geoclimate.ge\/fr\/produit\/vibro-sh-anti-vibration-spring-hangers-for-false-ceilings\/#breadcrumb\",\"itemListElement\":[{\"@type\":\"ListItem\",\"position\":1,\"name\":\"Home\",\"item\":\"https:\/\/geoclimate.ge\/fr\/\"},{\"@type\":\"ListItem\",\"position\":2,\"name\":\"Products\",\"item\":\"https:\/\/geoclimate.ge\/fr\/products\/\"},{\"@type\":\"ListItem\",\"position\":3,\"name\":\"Vibro-SH : Suspensions \u00e0 ressort antivibratoires pour faux plafonds\"}]},{\"@type\":\"WebSite\",\"@id\":\"https:\/\/geoclimate.ge\/#website\",\"url\":\"https:\/\/geoclimate.ge\/\",\"name\":\"GeoClimate\",\"description\":\"\",\"publisher\":{\"@id\":\"https:\/\/geoclimate.ge\/#organization\"},\"potentialAction\":[{\"@type\":\"SearchAction\",\"target\":{\"@type\":\"EntryPoint\",\"urlTemplate\":\"https:\/\/geoclimate.ge\/?s={search_term_string}\"},\"query-input\":{\"@type\":\"PropertyValueSpecification\",\"valueRequired\":true,\"valueName\":\"search_term_string\"}}],\"inLanguage\":\"fr-FR\"},{\"@type\":\"Organization\",\"@id\":\"https:\/\/geoclimate.ge\/#organization\",\"name\":\"GeoClimate\",\"url\":\"https:\/\/geoclimate.ge\/\",\"logo\":{\"@type\":\"ImageObject\",\"inLanguage\":\"fr-FR\",\"@id\":\"https:\/\/geoclimate.ge\/#\/schema\/logo\/image\/\",\"url\":\"https:\/\/geoclimate.ge\/wp-content\/uploads\/2026\/03\/geoclimate-SEO.png\",\"contentUrl\":\"https:\/\/geoclimate.ge\/wp-content\/uploads\/2026\/03\/geoclimate-SEO.png\",\"width\":1536,\"height\":1024,\"caption\":\"GeoClimate\"},\"image\":{\"@id\":\"https:\/\/geoclimate.ge\/#\/schema\/logo\/image\/\"}}]}<\/script>\n<!-- \/ Yoast SEO plugin. -->","yoast_head_json":{"title":"Vibro-SH : Suspensions \u00e0 ressort antivibratoires pour faux plafonds - GeoClimate.ge","robots":{"index":"index","follow":"follow","max-snippet":"max-snippet:-1","max-image-preview":"max-image-preview:large","max-video-preview":"max-video-preview:-1"},"canonical":"https:\/\/geoclimate.ge\/fr\/produit\/vibro-sh-anti-vibration-spring-hangers-for-false-ceilings\/","og_locale":"fr_FR","og_type":"article","og_title":"Vibro-SH : Suspensions \u00e0 ressort antivibratoires pour faux plafonds - GeoClimate.ge","og_description":"Suspension \u00e0 ressort pour faux plafonds qui offre une fr\u00e9quence naturelle tr\u00e8s basse. Peut \u00eatre utilis\u00e9e dans plusieurs applications comme les cin\u00e9mas, les studios, les th\u00e9\u00e2tres, etc.  Description  Les suspensions \u00e0 ressort antivibratoires pour faux plafonds Vibro-SH se composent d'un cadre m\u00e9tallique en t\u00f4le galvanis\u00e9e, correctement form\u00e9 avec une r\u00e9sistance lat\u00e9rale, d'un ressort en acier, d'un \u00e9l\u00e9ment en caoutchouc antivibratoire au bas du ressort qui agit comme un brise-son et augmente l'efficacit\u00e9 de l'isolation. Le ressort en acier fait face \u00e0 l'excitation basse fr\u00e9quence. Ils peuvent \u00e9galement \u00eatre pr\u00e9charg\u00e9s en serrant l'\u00e9crou et l'ancrage de la suspension doit \u00eatre perpendiculaire.  Applications  Vibro-SH peut \u00eatre utilis\u00e9 pour la suspension antivibratoire des faux plafonds insonorisants, la suspension antivibratoire des tuyaux, des conduits d'air, des haut-parleurs, etc.  Caract\u00e9ristiques dynamiques  Charge maximale : 25 \u039ap* Fl\u00e8che : 25 mm \u00e0 charge maximale Fr\u00e9quence naturelle : 3 Hz \u00e0 charge maximale Autre plage de charge sur demande. *(1Kp=10N)  Installation  1. Marquez le motif de la grille et la position du support de plafond sur le plafond non isol\u00e9 existant. Les isolateurs doivent \u00eatre situ\u00e9s \u00e0 environ 30 cm du bord du plafond isol\u00e9. 2. Fixez le support dans le plafond en b\u00e9ton \u00e0 l'aide d'une cheville affleurante en acier M8 et d'une tige appropri\u00e9e traversant l'\u00e9l\u00e9ment en caoutchouc du support, fixez avec un \u00e9crou de s\u00e9curit\u00e9. 3. Les suspensions sont plac\u00e9es en fonction des dimensions de la pi\u00e8ce et du poids total du plafond, environ 4 suspensions\/m2. 4. Fixez les pieds de l'isolateur dans le profil principal \u00e0 l'aide de 2+2 vis appropri\u00e9es. 5. Tous les profil\u00e9s m\u00e9talliques ne doivent pas entrer en contact avec les murs p\u00e9riph\u00e9riques (\u00e9viter les ponts sonores). 6. Afin de proc\u00e9der \u00e0 un r\u00e9glage de niveau, tournez l'\u00e9crou inf\u00e9rieur dans le sens appropri\u00e9 jusqu'\u00e0 atteindre le niveau requis. 7. Installez le syst\u00e8me gymsumboard, y compris les dalles d'absorption acoustique et la membrane d'isolation phonique, conform\u00e9ment aux instructions du fabricant du gymsumboard. 8. Scellez les bords avec du mastic r\u00e9silient non durcissant.","og_url":"https:\/\/geoclimate.ge\/fr\/produit\/vibro-sh-anti-vibration-spring-hangers-for-false-ceilings\/","og_site_name":"GeoClimate.ge","article_modified_time":"2025-02-07T14:34:18+00:00","og_image":[{"width":280,"height":210,"url":"https:\/\/geoclimate.ge\/wp-content\/uploads\/2025\/02\/071709133341_A.jpg","type":"image\/jpeg"}],"twitter_card":"summary_large_image","schema":{"@context":"https:\/\/schema.org","@graph":[{"@type":"WebPage","@id":"https:\/\/geoclimate.ge\/fr\/produit\/vibro-sh-anti-vibration-spring-hangers-for-false-ceilings\/","url":"https:\/\/geoclimate.ge\/fr\/produit\/vibro-sh-anti-vibration-spring-hangers-for-false-ceilings\/","name":"Vibro-SH : Suspensions \u00e0 ressort antivibratoires pour faux plafonds - GeoClimate.ge","isPartOf":{"@id":"https:\/\/geoclimate.ge\/#website"},"primaryImageOfPage":{"@id":"https:\/\/geoclimate.ge\/fr\/produit\/vibro-sh-anti-vibration-spring-hangers-for-false-ceilings\/#primaryimage"},"image":{"@id":"https:\/\/geoclimate.ge\/fr\/produit\/vibro-sh-anti-vibration-spring-hangers-for-false-ceilings\/#primaryimage"},"thumbnailUrl":"https:\/\/geoclimate.ge\/wp-content\/uploads\/2025\/02\/071709133341_A.jpg","datePublished":"2025-02-07T14:29:19+00:00","dateModified":"2025-02-07T14:34:18+00:00","breadcrumb":{"@id":"https:\/\/geoclimate.ge\/fr\/produit\/vibro-sh-anti-vibration-spring-hangers-for-false-ceilings\/#breadcrumb"},"inLanguage":"fr-FR","potentialAction":[{"@type":"ReadAction","target":["https:\/\/geoclimate.ge\/fr\/produit\/vibro-sh-anti-vibration-spring-hangers-for-false-ceilings\/"]}]},{"@type":"ImageObject","inLanguage":"fr-FR","@id":"https:\/\/geoclimate.ge\/fr\/produit\/vibro-sh-anti-vibration-spring-hangers-for-false-ceilings\/#primaryimage","url":"https:\/\/geoclimate.ge\/wp-content\/uploads\/2025\/02\/071709133341_A.jpg","contentUrl":"https:\/\/geoclimate.ge\/wp-content\/uploads\/2025\/02\/071709133341_A.jpg","width":280,"height":210},{"@type":"BreadcrumbList","@id":"https:\/\/geoclimate.ge\/fr\/produit\/vibro-sh-anti-vibration-spring-hangers-for-false-ceilings\/#breadcrumb","itemListElement":[{"@type":"ListItem","position":1,"name":"Home","item":"https:\/\/geoclimate.ge\/fr\/"},{"@type":"ListItem","position":2,"name":"Products","item":"https:\/\/geoclimate.ge\/fr\/products\/"},{"@type":"ListItem","position":3,"name":"Vibro-SH : Suspensions \u00e0 ressort antivibratoires pour faux plafonds"}]},{"@type":"WebSite","@id":"https:\/\/geoclimate.ge\/#website","url":"https:\/\/geoclimate.ge\/","name":"GeoClimate","description":"","publisher":{"@id":"https:\/\/geoclimate.ge\/#organization"},"potentialAction":[{"@type":"SearchAction","target":{"@type":"EntryPoint","urlTemplate":"https:\/\/geoclimate.ge\/?s={search_term_string}"},"query-input":{"@type":"PropertyValueSpecification","valueRequired":true,"valueName":"search_term_string"}}],"inLanguage":"fr-FR"},{"@type":"Organization","@id":"https:\/\/geoclimate.ge\/#organization","name":"GeoClimate","url":"https:\/\/geoclimate.ge\/","logo":{"@type":"ImageObject","inLanguage":"fr-FR","@id":"https:\/\/geoclimate.ge\/#\/schema\/logo\/image\/","url":"https:\/\/geoclimate.ge\/wp-content\/uploads\/2026\/03\/geoclimate-SEO.png","contentUrl":"https:\/\/geoclimate.ge\/wp-content\/uploads\/2026\/03\/geoclimate-SEO.png","width":1536,"height":1024,"caption":"GeoClimate"},"image":{"@id":"https:\/\/geoclimate.ge\/#\/schema\/logo\/image\/"}}]}},"_links":{"self":[{"href":"https:\/\/geoclimate.ge\/fr\/wp-json\/wp\/v2\/product\/17506","targetHints":{"allow":["GET"]}}],"collection":[{"href":"https:\/\/geoclimate.ge\/fr\/wp-json\/wp\/v2\/product"}],"about":[{"href":"https:\/\/geoclimate.ge\/fr\/wp-json\/wp\/v2\/types\/product"}],"wp:featuredmedia":[{"embeddable":true,"href":"https:\/\/geoclimate.ge\/fr\/wp-json\/wp\/v2\/media\/17487"}],"wp:attachment":[{"href":"https:\/\/geoclimate.ge\/fr\/wp-json\/wp\/v2\/media?parent=17506"}],"wp:term":[{"taxonomy":"product_brand","embeddable":true,"href":"https:\/\/geoclimate.ge\/fr\/wp-json\/wp\/v2\/product_brand?post=17506"},{"taxonomy":"product_cat","embeddable":true,"href":"https:\/\/geoclimate.ge\/fr\/wp-json\/wp\/v2\/product_cat?post=17506"},{"taxonomy":"product_tag","embeddable":true,"href":"https:\/\/geoclimate.ge\/fr\/wp-json\/wp\/v2\/product_tag?post=17506"}],"curies":[{"name":"wp","href":"https:\/\/api.w.org\/{rel}","templated":true}]}}