{"id":17518,"date":"2025-02-07T18:37:49","date_gmt":"2025-02-07T14:37:49","guid":{"rendered":"https:\/\/airsystems.ge\/shop\/product\/vibro-sh-f-vibration-isolation-of-low-and-high-frequencies\/"},"modified":"2025-02-07T18:41:16","modified_gmt":"2025-02-07T14:41:16","slug":"vibro-sh-f-vibration-isolation-of-low-and-high-frequencies","status":"publish","type":"product","link":"https:\/\/geoclimate.ge\/fr\/produit\/vibro-sh-f-vibration-isolation-of-low-and-high-frequencies\/","title":{"rendered":"Vibro-SH.F : Isolation des vibrations de basses et hautes fr\u00e9quences"},"content":{"rendered":"<p><a class=\"swipebox\" title=\"Vibro-SH.F Selection Table\" href=\"https:\/\/antivibration-systems.com\/wp-content\/uploads\/2012\/10\/Vibro-SH.F-Selection-Table.jpg\" data-rel=\"lightbox-gallery-bGlnaHRib3gtZ2FsbGVyeS0w\" data-rl_title=\"Vibro-SH.F Selection Table\" data-rl_caption=\"\"><img loading=\"lazy\" decoding=\"async\" class=\"aligncenter wp-image-10744\" src=\"https:\/\/antivibration-systems.com\/wp-content\/uploads\/2012\/10\/Vibro-SH.F-Selection-Table.jpg\" alt=\"Selection Table Vibro-SH.F\" width=\"508\" height=\"217\" \/><\/a><\/p>\n","protected":false},"excerpt":{"rendered":"<p>Combinaison de caoutchouc sp\u00e9cial et de ressort m\u00e9tallique pour une meilleure isolation des vibrations de basses et hautes fr\u00e9quences per\u00e7ues par l&rsquo;oreille humaine<\/p>\n<p>DESCRIPTION<\/p>\n<p>L&rsquo;isolateur de vibrations de basses et hautes fr\u00e9quences Vibro-SH.F est une combinaison de mousse cellulaire en polyur\u00e9thane de haute qualit\u00e9 (Regufoam\u00ae) et d&rsquo;un ressort m\u00e9tallique, sp\u00e9cialement con\u00e7u pour isoler une tr\u00e8s large gamme de fr\u00e9quences de vibration, dans le spectre auditif humain.<\/p>\n<p>Vibro-SH.F se compose de :<\/p>\n<p>Cadre en acier avec finition peinte ou protection galvanis\u00e9e.<br \/>\nRessort en acier conforme \u00e0 la norme DIN avec finition galvanis\u00e9e.<br \/>\nCoupelle en acier pour emp\u00eacher le mouvement du ressort.<br \/>\n\u00c9l\u00e9ment en caoutchouc (mousse de polyur\u00e9thane \u00e0 cellules semi-ferm\u00e9es).<br \/>\nTige avec \u00e9crou de s\u00e9curit\u00e9 (sur demande).<br \/>\nLa \u200b\u200bpossibilit\u00e9 de d\u00e9salignement angulaire jusqu&rsquo;\u00e0 30 degr\u00e9s sans contact avec le cadre m\u00e9tallique.<br \/>\nKit de pr\u00e9charge (sur demande).<br \/>\nAPPLICATIONS<\/p>\n<p>Suspension anti-vibratoire pour plafond (faux plafond avec plaque de pl\u00e2tre)<br \/>\nSuspension anti-vibratoire pour machines<br \/>\nIsolation des vibrations des tuyaux, conduits d&rsquo;air, haut-parleurs, etc.<br \/>\nCARACT\u00c9RISTIQUES DYNAMIQUES<\/p>\n<p>Fr\u00e9quence naturelle 3 Hz \u00e0 charge maximale.<br \/>\nD\u00e9viation statique d&rsquo;environ 25 mm \u00e0 charge maximale.<\/p>\n<p>INSTALLATION<\/p>\n<p>1. Placez chaque isolateur de vibrations Vibro-SH.F en position conform\u00e9ment au plan de soumission en utilisant des ressorts \u00e0 code couleur ou un \u00e9tiquetage comme identification.<br \/>\n2. Fixez solidement le support \u00e0 ressort Vibro-SH.F au plafond sup\u00e9rieur, pour obtenir l&rsquo;espacement correct entre les isolateurs.<br \/>\n3. Ajustez la tige pour fixer le niveau appropri\u00e9 afin de r\u00e9partir uniform\u00e9ment la charge entre les isolateurs \u00e0 ressort.<br \/>\n4. V\u00e9rifiez que l&rsquo;alignement avec le cadre m\u00e9tallique du faux plafond est ad\u00e9quat.<\/p>\n","protected":false},"featured_media":17515,"template":"","meta":[],"product_brand":[],"product_cat":[707],"product_tag":[],"class_list":{"0":"post-17518","1":"product","2":"type-product","3":"status-publish","4":"has-post-thumbnail","6":"product_cat-vibration-anti-bruit-acoustique-fr","8":"first","9":"instock","10":"shipping-taxable","11":"product-type-simple"},"yoast_head":"<!-- This site is optimized with the Yoast SEO plugin v27.1.1 - https:\/\/yoast.com\/product\/yoast-seo-wordpress\/ -->\n<title>Vibro-SH.F : Isolation des vibrations de basses et hautes fr\u00e9quences - GeoClimate.ge<\/title>\n<meta name=\"robots\" content=\"index, follow, max-snippet:-1, max-image-preview:large, max-video-preview:-1\" \/>\n<link rel=\"canonical\" href=\"https:\/\/geoclimate.ge\/fr\/produit\/vibro-sh-f-vibration-isolation-of-low-and-high-frequencies\/\" \/>\n<meta property=\"og:locale\" content=\"fr_FR\" \/>\n<meta property=\"og:type\" content=\"article\" \/>\n<meta property=\"og:title\" content=\"Vibro-SH.F : Isolation des vibrations de basses et hautes fr\u00e9quences - GeoClimate.ge\" \/>\n<meta property=\"og:description\" content=\"Combinaison de caoutchouc sp\u00e9cial et de ressort m\u00e9tallique pour une meilleure isolation des vibrations de basses et hautes fr\u00e9quences per\u00e7ues par l&#039;oreille humaine  DESCRIPTION  L&#039;isolateur de vibrations de basses et hautes fr\u00e9quences Vibro-SH.F est une combinaison de mousse cellulaire en polyur\u00e9thane de haute qualit\u00e9 (Regufoam\u00ae) et d&#039;un ressort m\u00e9tallique, sp\u00e9cialement con\u00e7u pour isoler une tr\u00e8s large gamme de fr\u00e9quences de vibration, dans le spectre auditif humain.  Vibro-SH.F se compose de :  Cadre en acier avec finition peinte ou protection galvanis\u00e9e. Ressort en acier conforme \u00e0 la norme DIN avec finition galvanis\u00e9e. Coupelle en acier pour emp\u00eacher le mouvement du ressort. \u00c9l\u00e9ment en caoutchouc (mousse de polyur\u00e9thane \u00e0 cellules semi-ferm\u00e9es). Tige avec \u00e9crou de s\u00e9curit\u00e9 (sur demande). La \u200b\u200bpossibilit\u00e9 de d\u00e9salignement angulaire jusqu&#039;\u00e0 30 degr\u00e9s sans contact avec le cadre m\u00e9tallique. Kit de pr\u00e9charge (sur demande). APPLICATIONS  Suspension anti-vibratoire pour plafond (faux plafond avec plaque de pl\u00e2tre) Suspension anti-vibratoire pour machines Isolation des vibrations des tuyaux, conduits d&#039;air, haut-parleurs, etc. CARACT\u00c9RISTIQUES DYNAMIQUES  Fr\u00e9quence naturelle 3 Hz \u00e0 charge maximale. D\u00e9viation statique d&#039;environ 25 mm \u00e0 charge maximale.  INSTALLATION  1. Placez chaque isolateur de vibrations Vibro-SH.F en position conform\u00e9ment au plan de soumission en utilisant des ressorts \u00e0 code couleur ou un \u00e9tiquetage comme identification. 2. Fixez solidement le support \u00e0 ressort Vibro-SH.F au plafond sup\u00e9rieur, pour obtenir l&#039;espacement correct entre les isolateurs. 3. Ajustez la tige pour fixer le niveau appropri\u00e9 afin de r\u00e9partir uniform\u00e9ment la charge entre les isolateurs \u00e0 ressort. 4. V\u00e9rifiez que l&#039;alignement avec le cadre m\u00e9tallique du faux plafond est ad\u00e9quat.\" \/>\n<meta property=\"og:url\" content=\"https:\/\/geoclimate.ge\/fr\/produit\/vibro-sh-f-vibration-isolation-of-low-and-high-frequencies\/\" \/>\n<meta property=\"og:site_name\" content=\"GeoClimate.ge\" \/>\n<meta property=\"article:modified_time\" content=\"2025-02-07T14:41:16+00:00\" \/>\n<meta property=\"og:image\" content=\"https:\/\/geoclimate.ge\/wp-content\/uploads\/2025\/02\/080311155146_B.jpg\" \/>\n\t<meta property=\"og:image:width\" content=\"720\" \/>\n\t<meta property=\"og:image:height\" content=\"480\" \/>\n\t<meta property=\"og:image:type\" content=\"image\/jpeg\" \/>\n<meta name=\"twitter:card\" content=\"summary_large_image\" \/>\n<script type=\"application\/ld+json\" class=\"yoast-schema-graph\">{\"@context\":\"https:\/\/schema.org\",\"@graph\":[{\"@type\":\"WebPage\",\"@id\":\"https:\/\/geoclimate.ge\/fr\/produit\/vibro-sh-f-vibration-isolation-of-low-and-high-frequencies\/\",\"url\":\"https:\/\/geoclimate.ge\/fr\/produit\/vibro-sh-f-vibration-isolation-of-low-and-high-frequencies\/\",\"name\":\"Vibro-SH.F : Isolation des vibrations de basses et hautes fr\u00e9quences - GeoClimate.ge\",\"isPartOf\":{\"@id\":\"https:\/\/geoclimate.ge\/#website\"},\"primaryImageOfPage\":{\"@id\":\"https:\/\/geoclimate.ge\/fr\/produit\/vibro-sh-f-vibration-isolation-of-low-and-high-frequencies\/#primaryimage\"},\"image\":{\"@id\":\"https:\/\/geoclimate.ge\/fr\/produit\/vibro-sh-f-vibration-isolation-of-low-and-high-frequencies\/#primaryimage\"},\"thumbnailUrl\":\"https:\/\/geoclimate.ge\/wp-content\/uploads\/2025\/02\/080311155146_B.jpg\",\"datePublished\":\"2025-02-07T14:37:49+00:00\",\"dateModified\":\"2025-02-07T14:41:16+00:00\",\"breadcrumb\":{\"@id\":\"https:\/\/geoclimate.ge\/fr\/produit\/vibro-sh-f-vibration-isolation-of-low-and-high-frequencies\/#breadcrumb\"},\"inLanguage\":\"fr-FR\",\"potentialAction\":[{\"@type\":\"ReadAction\",\"target\":[\"https:\/\/geoclimate.ge\/fr\/produit\/vibro-sh-f-vibration-isolation-of-low-and-high-frequencies\/\"]}]},{\"@type\":\"ImageObject\",\"inLanguage\":\"fr-FR\",\"@id\":\"https:\/\/geoclimate.ge\/fr\/produit\/vibro-sh-f-vibration-isolation-of-low-and-high-frequencies\/#primaryimage\",\"url\":\"https:\/\/geoclimate.ge\/wp-content\/uploads\/2025\/02\/080311155146_B.jpg\",\"contentUrl\":\"https:\/\/geoclimate.ge\/wp-content\/uploads\/2025\/02\/080311155146_B.jpg\",\"width\":720,\"height\":480},{\"@type\":\"BreadcrumbList\",\"@id\":\"https:\/\/geoclimate.ge\/fr\/produit\/vibro-sh-f-vibration-isolation-of-low-and-high-frequencies\/#breadcrumb\",\"itemListElement\":[{\"@type\":\"ListItem\",\"position\":1,\"name\":\"Home\",\"item\":\"https:\/\/geoclimate.ge\/fr\/\"},{\"@type\":\"ListItem\",\"position\":2,\"name\":\"Products\",\"item\":\"https:\/\/geoclimate.ge\/fr\/products\/\"},{\"@type\":\"ListItem\",\"position\":3,\"name\":\"Vibro-SH.F : Isolation des vibrations de basses et hautes fr\u00e9quences\"}]},{\"@type\":\"WebSite\",\"@id\":\"https:\/\/geoclimate.ge\/#website\",\"url\":\"https:\/\/geoclimate.ge\/\",\"name\":\"GeoClimate\",\"description\":\"\",\"publisher\":{\"@id\":\"https:\/\/geoclimate.ge\/#organization\"},\"potentialAction\":[{\"@type\":\"SearchAction\",\"target\":{\"@type\":\"EntryPoint\",\"urlTemplate\":\"https:\/\/geoclimate.ge\/?s={search_term_string}\"},\"query-input\":{\"@type\":\"PropertyValueSpecification\",\"valueRequired\":true,\"valueName\":\"search_term_string\"}}],\"inLanguage\":\"fr-FR\"},{\"@type\":\"Organization\",\"@id\":\"https:\/\/geoclimate.ge\/#organization\",\"name\":\"GeoClimate\",\"url\":\"https:\/\/geoclimate.ge\/\",\"logo\":{\"@type\":\"ImageObject\",\"inLanguage\":\"fr-FR\",\"@id\":\"https:\/\/geoclimate.ge\/#\/schema\/logo\/image\/\",\"url\":\"https:\/\/geoclimate.ge\/wp-content\/uploads\/2026\/03\/geoclimate-SEO.png\",\"contentUrl\":\"https:\/\/geoclimate.ge\/wp-content\/uploads\/2026\/03\/geoclimate-SEO.png\",\"width\":1536,\"height\":1024,\"caption\":\"GeoClimate\"},\"image\":{\"@id\":\"https:\/\/geoclimate.ge\/#\/schema\/logo\/image\/\"}}]}<\/script>\n<!-- \/ Yoast SEO plugin. -->","yoast_head_json":{"title":"Vibro-SH.F : Isolation des vibrations de basses et hautes fr\u00e9quences - GeoClimate.ge","robots":{"index":"index","follow":"follow","max-snippet":"max-snippet:-1","max-image-preview":"max-image-preview:large","max-video-preview":"max-video-preview:-1"},"canonical":"https:\/\/geoclimate.ge\/fr\/produit\/vibro-sh-f-vibration-isolation-of-low-and-high-frequencies\/","og_locale":"fr_FR","og_type":"article","og_title":"Vibro-SH.F : Isolation des vibrations de basses et hautes fr\u00e9quences - GeoClimate.ge","og_description":"Combinaison de caoutchouc sp\u00e9cial et de ressort m\u00e9tallique pour une meilleure isolation des vibrations de basses et hautes fr\u00e9quences per\u00e7ues par l'oreille humaine  DESCRIPTION  L'isolateur de vibrations de basses et hautes fr\u00e9quences Vibro-SH.F est une combinaison de mousse cellulaire en polyur\u00e9thane de haute qualit\u00e9 (Regufoam\u00ae) et d'un ressort m\u00e9tallique, sp\u00e9cialement con\u00e7u pour isoler une tr\u00e8s large gamme de fr\u00e9quences de vibration, dans le spectre auditif humain.  Vibro-SH.F se compose de :  Cadre en acier avec finition peinte ou protection galvanis\u00e9e. Ressort en acier conforme \u00e0 la norme DIN avec finition galvanis\u00e9e. Coupelle en acier pour emp\u00eacher le mouvement du ressort. \u00c9l\u00e9ment en caoutchouc (mousse de polyur\u00e9thane \u00e0 cellules semi-ferm\u00e9es). Tige avec \u00e9crou de s\u00e9curit\u00e9 (sur demande). La \u200b\u200bpossibilit\u00e9 de d\u00e9salignement angulaire jusqu'\u00e0 30 degr\u00e9s sans contact avec le cadre m\u00e9tallique. Kit de pr\u00e9charge (sur demande). APPLICATIONS  Suspension anti-vibratoire pour plafond (faux plafond avec plaque de pl\u00e2tre) Suspension anti-vibratoire pour machines Isolation des vibrations des tuyaux, conduits d'air, haut-parleurs, etc. CARACT\u00c9RISTIQUES DYNAMIQUES  Fr\u00e9quence naturelle 3 Hz \u00e0 charge maximale. D\u00e9viation statique d'environ 25 mm \u00e0 charge maximale.  INSTALLATION  1. Placez chaque isolateur de vibrations Vibro-SH.F en position conform\u00e9ment au plan de soumission en utilisant des ressorts \u00e0 code couleur ou un \u00e9tiquetage comme identification. 2. Fixez solidement le support \u00e0 ressort Vibro-SH.F au plafond sup\u00e9rieur, pour obtenir l'espacement correct entre les isolateurs. 3. Ajustez la tige pour fixer le niveau appropri\u00e9 afin de r\u00e9partir uniform\u00e9ment la charge entre les isolateurs \u00e0 ressort. 4. V\u00e9rifiez que l'alignement avec le cadre m\u00e9tallique du faux plafond est ad\u00e9quat.","og_url":"https:\/\/geoclimate.ge\/fr\/produit\/vibro-sh-f-vibration-isolation-of-low-and-high-frequencies\/","og_site_name":"GeoClimate.ge","article_modified_time":"2025-02-07T14:41:16+00:00","og_image":[{"width":720,"height":480,"url":"https:\/\/geoclimate.ge\/wp-content\/uploads\/2025\/02\/080311155146_B.jpg","type":"image\/jpeg"}],"twitter_card":"summary_large_image","schema":{"@context":"https:\/\/schema.org","@graph":[{"@type":"WebPage","@id":"https:\/\/geoclimate.ge\/fr\/produit\/vibro-sh-f-vibration-isolation-of-low-and-high-frequencies\/","url":"https:\/\/geoclimate.ge\/fr\/produit\/vibro-sh-f-vibration-isolation-of-low-and-high-frequencies\/","name":"Vibro-SH.F : Isolation des vibrations de basses et hautes fr\u00e9quences - GeoClimate.ge","isPartOf":{"@id":"https:\/\/geoclimate.ge\/#website"},"primaryImageOfPage":{"@id":"https:\/\/geoclimate.ge\/fr\/produit\/vibro-sh-f-vibration-isolation-of-low-and-high-frequencies\/#primaryimage"},"image":{"@id":"https:\/\/geoclimate.ge\/fr\/produit\/vibro-sh-f-vibration-isolation-of-low-and-high-frequencies\/#primaryimage"},"thumbnailUrl":"https:\/\/geoclimate.ge\/wp-content\/uploads\/2025\/02\/080311155146_B.jpg","datePublished":"2025-02-07T14:37:49+00:00","dateModified":"2025-02-07T14:41:16+00:00","breadcrumb":{"@id":"https:\/\/geoclimate.ge\/fr\/produit\/vibro-sh-f-vibration-isolation-of-low-and-high-frequencies\/#breadcrumb"},"inLanguage":"fr-FR","potentialAction":[{"@type":"ReadAction","target":["https:\/\/geoclimate.ge\/fr\/produit\/vibro-sh-f-vibration-isolation-of-low-and-high-frequencies\/"]}]},{"@type":"ImageObject","inLanguage":"fr-FR","@id":"https:\/\/geoclimate.ge\/fr\/produit\/vibro-sh-f-vibration-isolation-of-low-and-high-frequencies\/#primaryimage","url":"https:\/\/geoclimate.ge\/wp-content\/uploads\/2025\/02\/080311155146_B.jpg","contentUrl":"https:\/\/geoclimate.ge\/wp-content\/uploads\/2025\/02\/080311155146_B.jpg","width":720,"height":480},{"@type":"BreadcrumbList","@id":"https:\/\/geoclimate.ge\/fr\/produit\/vibro-sh-f-vibration-isolation-of-low-and-high-frequencies\/#breadcrumb","itemListElement":[{"@type":"ListItem","position":1,"name":"Home","item":"https:\/\/geoclimate.ge\/fr\/"},{"@type":"ListItem","position":2,"name":"Products","item":"https:\/\/geoclimate.ge\/fr\/products\/"},{"@type":"ListItem","position":3,"name":"Vibro-SH.F : Isolation des vibrations de basses et hautes fr\u00e9quences"}]},{"@type":"WebSite","@id":"https:\/\/geoclimate.ge\/#website","url":"https:\/\/geoclimate.ge\/","name":"GeoClimate","description":"","publisher":{"@id":"https:\/\/geoclimate.ge\/#organization"},"potentialAction":[{"@type":"SearchAction","target":{"@type":"EntryPoint","urlTemplate":"https:\/\/geoclimate.ge\/?s={search_term_string}"},"query-input":{"@type":"PropertyValueSpecification","valueRequired":true,"valueName":"search_term_string"}}],"inLanguage":"fr-FR"},{"@type":"Organization","@id":"https:\/\/geoclimate.ge\/#organization","name":"GeoClimate","url":"https:\/\/geoclimate.ge\/","logo":{"@type":"ImageObject","inLanguage":"fr-FR","@id":"https:\/\/geoclimate.ge\/#\/schema\/logo\/image\/","url":"https:\/\/geoclimate.ge\/wp-content\/uploads\/2026\/03\/geoclimate-SEO.png","contentUrl":"https:\/\/geoclimate.ge\/wp-content\/uploads\/2026\/03\/geoclimate-SEO.png","width":1536,"height":1024,"caption":"GeoClimate"},"image":{"@id":"https:\/\/geoclimate.ge\/#\/schema\/logo\/image\/"}}]}},"_links":{"self":[{"href":"https:\/\/geoclimate.ge\/fr\/wp-json\/wp\/v2\/product\/17518","targetHints":{"allow":["GET"]}}],"collection":[{"href":"https:\/\/geoclimate.ge\/fr\/wp-json\/wp\/v2\/product"}],"about":[{"href":"https:\/\/geoclimate.ge\/fr\/wp-json\/wp\/v2\/types\/product"}],"wp:featuredmedia":[{"embeddable":true,"href":"https:\/\/geoclimate.ge\/fr\/wp-json\/wp\/v2\/media\/17515"}],"wp:attachment":[{"href":"https:\/\/geoclimate.ge\/fr\/wp-json\/wp\/v2\/media?parent=17518"}],"wp:term":[{"taxonomy":"product_brand","embeddable":true,"href":"https:\/\/geoclimate.ge\/fr\/wp-json\/wp\/v2\/product_brand?post=17518"},{"taxonomy":"product_cat","embeddable":true,"href":"https:\/\/geoclimate.ge\/fr\/wp-json\/wp\/v2\/product_cat?post=17518"},{"taxonomy":"product_tag","embeddable":true,"href":"https:\/\/geoclimate.ge\/fr\/wp-json\/wp\/v2\/product_tag?post=17518"}],"curies":[{"name":"wp","href":"https:\/\/api.w.org\/{rel}","templated":true}]}}