{"id":17653,"date":"2025-02-07T19:28:14","date_gmt":"2025-02-07T15:28:14","guid":{"rendered":"https:\/\/airsystems.ge\/shop\/product\/vibro-fs-anti-vibration-rubber-supports-for-wooden-floors\/"},"modified":"2025-02-07T19:38:31","modified_gmt":"2025-02-07T15:38:31","slug":"vibro-fs-anti-vibration-rubber-supports-for-wooden-floors","status":"publish","type":"product","link":"https:\/\/geoclimate.ge\/fr\/produit\/vibro-fs-anti-vibration-rubber-supports-for-wooden-floors\/","title":{"rendered":"Vibro-FS : Supports antivibratoires en caoutchouc pour sols en bois"},"content":{"rendered":"<p>A l&rsquo;int\u00e9rieur du r\u00e9cepteur sp\u00e9cialement modul\u00e9, on peut installer un tasseau en bois ou un profil m\u00e9tallique de parois flottantes (cadre en acier, poteaux m\u00e9talliques, etc.) et le fixer sur les volets lat\u00e9raux \u00e0 l&rsquo;aide de boulons. Le Vibro-FS peut \u00eatre fix\u00e9 au sol ou au mur \u00e0 l&rsquo;aide de boulons \u00e0 expansion ou de clous en inox.<\/p>\n<p>ATTENTION :<br \/>\nDans chaque point de fixation, il faut \u00e9galement utiliser des rondelles m\u00e9talliques.<\/p>\n<p>Le sol ne doit pas reposer sur le mur, c&rsquo;est pourquoi il faut placer le profil \u00e9lastique Vibro-band sp\u00e9cialement con\u00e7u \u00e0 cet effet.<\/p>\n","protected":false},"excerpt":{"rendered":"<p>Vibro-FS : Supports antivibratoires en caoutchouc pour sols en bois<\/p>\n<p>R\u00e9duction du bruit d&rsquo;impact pour les sols en bois. Il est principalement utilis\u00e9 dans les gymnases, les salles de danse, les terrains de basket-ball, mais peut \u00e9galement \u00eatre utilis\u00e9 dans des applications domestiques.<\/p>\n<p>APPLICATION<\/p>\n<p>R\u00c9DUCTION DU BRUIT D&rsquo;IMPACT DANS LES SOLS EN BOIS<br \/>\nDESCRIPTION<\/p>\n<p>Les supports antivibratoires en caoutchouc Vibro-FS sont un syst\u00e8me de support \u00e9lastom\u00e8re homog\u00e8ne sp\u00e9cialement con\u00e7u qui a \u00e9t\u00e9 d\u00e9velopp\u00e9 pour r\u00e9duire le bruit d&rsquo;impact sur les sols en bois.<br \/>\nLe bruit d&rsquo;impact fait r\u00e9f\u00e9rence au son produit lorsqu&rsquo;une impulsion de courte dur\u00e9e agit directement sur une structure.<br \/>\nLes protecteurs antivibratoires Vibro-FS offrent une forte r\u00e9duction du bruit d&rsquo;impact des \u00e9tages sup\u00e9rieurs aux \u00e9tages inf\u00e9rieurs.<br \/>\nLes patins de sol peuvent \u00e9galement emp\u00eacher la cr\u00e9ation de ponts thermiques et acoustiques.<br \/>\nEn outre, ils am\u00e9liorent l&rsquo;isolation des cloisons l\u00e9g\u00e8res.<\/p>\n<p>INSTALLATION<\/p>\n<p>A l&rsquo;int\u00e9rieur du r\u00e9cepteur sp\u00e9cialement modul\u00e9, on peut installer un tasseau en bois ou un profil m\u00e9tallique de parois flottantes<br \/>\n(cadre en acier, poteaux m\u00e9talliques, etc.) et le fixer sur les volets lat\u00e9raux \u00e0 l&rsquo;aide de boulons.<br \/>\nVibro-FS peut \u00eatre fix\u00e9 au sol (ou au mur) \u00e0 l&rsquo;aide de boulons \u00e0 expansion ou de clous en inox. Dans chaque<br \/>\npoint de fixation, une rondelle m\u00e9tallique doit \u00eatre utilis\u00e9e (incluse). Le sol ne doit pas reposer contre le mur, et pour cette raison, il faut placer le profil \u00e9lastique sp\u00e9cialement con\u00e7u VIBRO-band<br \/>\nqui doit \u00eatre appliqu\u00e9 entre le sol et le mur.<\/p>\n<p><img loading=\"lazy\" decoding=\"async\" title=\"Vibro-FS - Diagram 3\" src=\"https:\/\/antivibration-systems.com\/wp-content\/uploads\/2012\/10\/FS-application-3d-150x150.jpg\" alt=\"\" width=\"150\" height=\"150\" \/><\/p>\n<p>QUANTIT\u00c9 RECOMMAND\u00c9E<\/p>\n<p>6-8 supports en caoutchouc antivibratoires Vibro-FS par m\u00b2<\/p>\n<p>CHARGE MAXIMALE<\/p>\n<p>80 daN par point de montage.<\/p>\n","protected":false},"featured_media":17630,"template":"","meta":[],"product_brand":[],"product_cat":[707],"product_tag":[],"class_list":{"0":"post-17653","1":"product","2":"type-product","3":"status-publish","4":"has-post-thumbnail","6":"product_cat-vibration-anti-bruit-acoustique-fr","8":"first","9":"instock","10":"shipping-taxable","11":"product-type-simple"},"yoast_head":"<!-- This site is optimized with the Yoast SEO plugin v27.1.1 - https:\/\/yoast.com\/product\/yoast-seo-wordpress\/ -->\n<title>Vibro-FS : Supports antivibratoires en caoutchouc pour sols en bois - GeoClimate.ge<\/title>\n<meta name=\"robots\" content=\"index, follow, max-snippet:-1, max-image-preview:large, max-video-preview:-1\" \/>\n<link rel=\"canonical\" href=\"https:\/\/geoclimate.ge\/fr\/produit\/vibro-fs-anti-vibration-rubber-supports-for-wooden-floors\/\" \/>\n<meta property=\"og:locale\" content=\"fr_FR\" \/>\n<meta property=\"og:type\" content=\"article\" \/>\n<meta property=\"og:title\" content=\"Vibro-FS : Supports antivibratoires en caoutchouc pour sols en bois - GeoClimate.ge\" \/>\n<meta property=\"og:description\" content=\"Vibro-FS : Supports antivibratoires en caoutchouc pour sols en bois  R\u00e9duction du bruit d&#039;impact pour les sols en bois. Il est principalement utilis\u00e9 dans les gymnases, les salles de danse, les terrains de basket-ball, mais peut \u00e9galement \u00eatre utilis\u00e9 dans des applications domestiques.  APPLICATION  R\u00c9DUCTION DU BRUIT D&#039;IMPACT DANS LES SOLS EN BOIS DESCRIPTION  Les supports antivibratoires en caoutchouc Vibro-FS sont un syst\u00e8me de support \u00e9lastom\u00e8re homog\u00e8ne sp\u00e9cialement con\u00e7u qui a \u00e9t\u00e9 d\u00e9velopp\u00e9 pour r\u00e9duire le bruit d&#039;impact sur les sols en bois. Le bruit d&#039;impact fait r\u00e9f\u00e9rence au son produit lorsqu&#039;une impulsion de courte dur\u00e9e agit directement sur une structure. Les protecteurs antivibratoires Vibro-FS offrent une forte r\u00e9duction du bruit d&#039;impact des \u00e9tages sup\u00e9rieurs aux \u00e9tages inf\u00e9rieurs. Les patins de sol peuvent \u00e9galement emp\u00eacher la cr\u00e9ation de ponts thermiques et acoustiques. En outre, ils am\u00e9liorent l&#039;isolation des cloisons l\u00e9g\u00e8res.  INSTALLATION  A l&#039;int\u00e9rieur du r\u00e9cepteur sp\u00e9cialement modul\u00e9, on peut installer un tasseau en bois ou un profil m\u00e9tallique de parois flottantes (cadre en acier, poteaux m\u00e9talliques, etc.) et le fixer sur les volets lat\u00e9raux \u00e0 l&#039;aide de boulons. Vibro-FS peut \u00eatre fix\u00e9 au sol (ou au mur) \u00e0 l&#039;aide de boulons \u00e0 expansion ou de clous en inox. Dans chaque point de fixation, une rondelle m\u00e9tallique doit \u00eatre utilis\u00e9e (incluse). Le sol ne doit pas reposer contre le mur, et pour cette raison, il faut placer le profil \u00e9lastique sp\u00e9cialement con\u00e7u VIBRO-band qui doit \u00eatre appliqu\u00e9 entre le sol et le mur.    QUANTIT\u00c9 RECOMMAND\u00c9E  6-8 supports en caoutchouc antivibratoires Vibro-FS par m\u00b2  CHARGE MAXIMALE  80 daN par point de montage.\" \/>\n<meta property=\"og:url\" content=\"https:\/\/geoclimate.ge\/fr\/produit\/vibro-fs-anti-vibration-rubber-supports-for-wooden-floors\/\" \/>\n<meta property=\"og:site_name\" content=\"GeoClimate.ge\" \/>\n<meta property=\"article:modified_time\" content=\"2025-02-07T15:38:31+00:00\" \/>\n<meta property=\"og:image\" content=\"https:\/\/geoclimate.ge\/wp-content\/uploads\/2025\/02\/071709134136_A.jpg\" \/>\n\t<meta property=\"og:image:width\" content=\"280\" \/>\n\t<meta property=\"og:image:height\" content=\"210\" \/>\n\t<meta property=\"og:image:type\" content=\"image\/jpeg\" \/>\n<meta name=\"twitter:card\" content=\"summary_large_image\" \/>\n<script type=\"application\/ld+json\" class=\"yoast-schema-graph\">{\"@context\":\"https:\/\/schema.org\",\"@graph\":[{\"@type\":\"WebPage\",\"@id\":\"https:\/\/geoclimate.ge\/fr\/produit\/vibro-fs-anti-vibration-rubber-supports-for-wooden-floors\/\",\"url\":\"https:\/\/geoclimate.ge\/fr\/produit\/vibro-fs-anti-vibration-rubber-supports-for-wooden-floors\/\",\"name\":\"Vibro-FS : Supports antivibratoires en caoutchouc pour sols en bois - GeoClimate.ge\",\"isPartOf\":{\"@id\":\"https:\/\/geoclimate.ge\/#website\"},\"primaryImageOfPage\":{\"@id\":\"https:\/\/geoclimate.ge\/fr\/produit\/vibro-fs-anti-vibration-rubber-supports-for-wooden-floors\/#primaryimage\"},\"image\":{\"@id\":\"https:\/\/geoclimate.ge\/fr\/produit\/vibro-fs-anti-vibration-rubber-supports-for-wooden-floors\/#primaryimage\"},\"thumbnailUrl\":\"https:\/\/geoclimate.ge\/wp-content\/uploads\/2025\/02\/071709134136_A.jpg\",\"datePublished\":\"2025-02-07T15:28:14+00:00\",\"dateModified\":\"2025-02-07T15:38:31+00:00\",\"breadcrumb\":{\"@id\":\"https:\/\/geoclimate.ge\/fr\/produit\/vibro-fs-anti-vibration-rubber-supports-for-wooden-floors\/#breadcrumb\"},\"inLanguage\":\"fr-FR\",\"potentialAction\":[{\"@type\":\"ReadAction\",\"target\":[\"https:\/\/geoclimate.ge\/fr\/produit\/vibro-fs-anti-vibration-rubber-supports-for-wooden-floors\/\"]}]},{\"@type\":\"ImageObject\",\"inLanguage\":\"fr-FR\",\"@id\":\"https:\/\/geoclimate.ge\/fr\/produit\/vibro-fs-anti-vibration-rubber-supports-for-wooden-floors\/#primaryimage\",\"url\":\"https:\/\/geoclimate.ge\/wp-content\/uploads\/2025\/02\/071709134136_A.jpg\",\"contentUrl\":\"https:\/\/geoclimate.ge\/wp-content\/uploads\/2025\/02\/071709134136_A.jpg\",\"width\":280,\"height\":210},{\"@type\":\"BreadcrumbList\",\"@id\":\"https:\/\/geoclimate.ge\/fr\/produit\/vibro-fs-anti-vibration-rubber-supports-for-wooden-floors\/#breadcrumb\",\"itemListElement\":[{\"@type\":\"ListItem\",\"position\":1,\"name\":\"Home\",\"item\":\"https:\/\/geoclimate.ge\/fr\/\"},{\"@type\":\"ListItem\",\"position\":2,\"name\":\"Products\",\"item\":\"https:\/\/geoclimate.ge\/fr\/products\/\"},{\"@type\":\"ListItem\",\"position\":3,\"name\":\"Vibro-FS : Supports antivibratoires en caoutchouc pour sols en bois\"}]},{\"@type\":\"WebSite\",\"@id\":\"https:\/\/geoclimate.ge\/#website\",\"url\":\"https:\/\/geoclimate.ge\/\",\"name\":\"GeoClimate\",\"description\":\"\",\"publisher\":{\"@id\":\"https:\/\/geoclimate.ge\/#organization\"},\"potentialAction\":[{\"@type\":\"SearchAction\",\"target\":{\"@type\":\"EntryPoint\",\"urlTemplate\":\"https:\/\/geoclimate.ge\/?s={search_term_string}\"},\"query-input\":{\"@type\":\"PropertyValueSpecification\",\"valueRequired\":true,\"valueName\":\"search_term_string\"}}],\"inLanguage\":\"fr-FR\"},{\"@type\":\"Organization\",\"@id\":\"https:\/\/geoclimate.ge\/#organization\",\"name\":\"GeoClimate\",\"url\":\"https:\/\/geoclimate.ge\/\",\"logo\":{\"@type\":\"ImageObject\",\"inLanguage\":\"fr-FR\",\"@id\":\"https:\/\/geoclimate.ge\/#\/schema\/logo\/image\/\",\"url\":\"https:\/\/geoclimate.ge\/wp-content\/uploads\/2026\/03\/geoclimate-SEO.png\",\"contentUrl\":\"https:\/\/geoclimate.ge\/wp-content\/uploads\/2026\/03\/geoclimate-SEO.png\",\"width\":1536,\"height\":1024,\"caption\":\"GeoClimate\"},\"image\":{\"@id\":\"https:\/\/geoclimate.ge\/#\/schema\/logo\/image\/\"}}]}<\/script>\n<!-- \/ Yoast SEO plugin. -->","yoast_head_json":{"title":"Vibro-FS : Supports antivibratoires en caoutchouc pour sols en bois - GeoClimate.ge","robots":{"index":"index","follow":"follow","max-snippet":"max-snippet:-1","max-image-preview":"max-image-preview:large","max-video-preview":"max-video-preview:-1"},"canonical":"https:\/\/geoclimate.ge\/fr\/produit\/vibro-fs-anti-vibration-rubber-supports-for-wooden-floors\/","og_locale":"fr_FR","og_type":"article","og_title":"Vibro-FS : Supports antivibratoires en caoutchouc pour sols en bois - GeoClimate.ge","og_description":"Vibro-FS : Supports antivibratoires en caoutchouc pour sols en bois  R\u00e9duction du bruit d'impact pour les sols en bois. Il est principalement utilis\u00e9 dans les gymnases, les salles de danse, les terrains de basket-ball, mais peut \u00e9galement \u00eatre utilis\u00e9 dans des applications domestiques.  APPLICATION  R\u00c9DUCTION DU BRUIT D'IMPACT DANS LES SOLS EN BOIS DESCRIPTION  Les supports antivibratoires en caoutchouc Vibro-FS sont un syst\u00e8me de support \u00e9lastom\u00e8re homog\u00e8ne sp\u00e9cialement con\u00e7u qui a \u00e9t\u00e9 d\u00e9velopp\u00e9 pour r\u00e9duire le bruit d'impact sur les sols en bois. Le bruit d'impact fait r\u00e9f\u00e9rence au son produit lorsqu'une impulsion de courte dur\u00e9e agit directement sur une structure. Les protecteurs antivibratoires Vibro-FS offrent une forte r\u00e9duction du bruit d'impact des \u00e9tages sup\u00e9rieurs aux \u00e9tages inf\u00e9rieurs. Les patins de sol peuvent \u00e9galement emp\u00eacher la cr\u00e9ation de ponts thermiques et acoustiques. En outre, ils am\u00e9liorent l'isolation des cloisons l\u00e9g\u00e8res.  INSTALLATION  A l'int\u00e9rieur du r\u00e9cepteur sp\u00e9cialement modul\u00e9, on peut installer un tasseau en bois ou un profil m\u00e9tallique de parois flottantes (cadre en acier, poteaux m\u00e9talliques, etc.) et le fixer sur les volets lat\u00e9raux \u00e0 l'aide de boulons. Vibro-FS peut \u00eatre fix\u00e9 au sol (ou au mur) \u00e0 l'aide de boulons \u00e0 expansion ou de clous en inox. Dans chaque point de fixation, une rondelle m\u00e9tallique doit \u00eatre utilis\u00e9e (incluse). Le sol ne doit pas reposer contre le mur, et pour cette raison, il faut placer le profil \u00e9lastique sp\u00e9cialement con\u00e7u VIBRO-band qui doit \u00eatre appliqu\u00e9 entre le sol et le mur.    QUANTIT\u00c9 RECOMMAND\u00c9E  6-8 supports en caoutchouc antivibratoires Vibro-FS par m\u00b2  CHARGE MAXIMALE  80 daN par point de montage.","og_url":"https:\/\/geoclimate.ge\/fr\/produit\/vibro-fs-anti-vibration-rubber-supports-for-wooden-floors\/","og_site_name":"GeoClimate.ge","article_modified_time":"2025-02-07T15:38:31+00:00","og_image":[{"width":280,"height":210,"url":"https:\/\/geoclimate.ge\/wp-content\/uploads\/2025\/02\/071709134136_A.jpg","type":"image\/jpeg"}],"twitter_card":"summary_large_image","schema":{"@context":"https:\/\/schema.org","@graph":[{"@type":"WebPage","@id":"https:\/\/geoclimate.ge\/fr\/produit\/vibro-fs-anti-vibration-rubber-supports-for-wooden-floors\/","url":"https:\/\/geoclimate.ge\/fr\/produit\/vibro-fs-anti-vibration-rubber-supports-for-wooden-floors\/","name":"Vibro-FS : Supports antivibratoires en caoutchouc pour sols en bois - GeoClimate.ge","isPartOf":{"@id":"https:\/\/geoclimate.ge\/#website"},"primaryImageOfPage":{"@id":"https:\/\/geoclimate.ge\/fr\/produit\/vibro-fs-anti-vibration-rubber-supports-for-wooden-floors\/#primaryimage"},"image":{"@id":"https:\/\/geoclimate.ge\/fr\/produit\/vibro-fs-anti-vibration-rubber-supports-for-wooden-floors\/#primaryimage"},"thumbnailUrl":"https:\/\/geoclimate.ge\/wp-content\/uploads\/2025\/02\/071709134136_A.jpg","datePublished":"2025-02-07T15:28:14+00:00","dateModified":"2025-02-07T15:38:31+00:00","breadcrumb":{"@id":"https:\/\/geoclimate.ge\/fr\/produit\/vibro-fs-anti-vibration-rubber-supports-for-wooden-floors\/#breadcrumb"},"inLanguage":"fr-FR","potentialAction":[{"@type":"ReadAction","target":["https:\/\/geoclimate.ge\/fr\/produit\/vibro-fs-anti-vibration-rubber-supports-for-wooden-floors\/"]}]},{"@type":"ImageObject","inLanguage":"fr-FR","@id":"https:\/\/geoclimate.ge\/fr\/produit\/vibro-fs-anti-vibration-rubber-supports-for-wooden-floors\/#primaryimage","url":"https:\/\/geoclimate.ge\/wp-content\/uploads\/2025\/02\/071709134136_A.jpg","contentUrl":"https:\/\/geoclimate.ge\/wp-content\/uploads\/2025\/02\/071709134136_A.jpg","width":280,"height":210},{"@type":"BreadcrumbList","@id":"https:\/\/geoclimate.ge\/fr\/produit\/vibro-fs-anti-vibration-rubber-supports-for-wooden-floors\/#breadcrumb","itemListElement":[{"@type":"ListItem","position":1,"name":"Home","item":"https:\/\/geoclimate.ge\/fr\/"},{"@type":"ListItem","position":2,"name":"Products","item":"https:\/\/geoclimate.ge\/fr\/products\/"},{"@type":"ListItem","position":3,"name":"Vibro-FS : Supports antivibratoires en caoutchouc pour sols en bois"}]},{"@type":"WebSite","@id":"https:\/\/geoclimate.ge\/#website","url":"https:\/\/geoclimate.ge\/","name":"GeoClimate","description":"","publisher":{"@id":"https:\/\/geoclimate.ge\/#organization"},"potentialAction":[{"@type":"SearchAction","target":{"@type":"EntryPoint","urlTemplate":"https:\/\/geoclimate.ge\/?s={search_term_string}"},"query-input":{"@type":"PropertyValueSpecification","valueRequired":true,"valueName":"search_term_string"}}],"inLanguage":"fr-FR"},{"@type":"Organization","@id":"https:\/\/geoclimate.ge\/#organization","name":"GeoClimate","url":"https:\/\/geoclimate.ge\/","logo":{"@type":"ImageObject","inLanguage":"fr-FR","@id":"https:\/\/geoclimate.ge\/#\/schema\/logo\/image\/","url":"https:\/\/geoclimate.ge\/wp-content\/uploads\/2026\/03\/geoclimate-SEO.png","contentUrl":"https:\/\/geoclimate.ge\/wp-content\/uploads\/2026\/03\/geoclimate-SEO.png","width":1536,"height":1024,"caption":"GeoClimate"},"image":{"@id":"https:\/\/geoclimate.ge\/#\/schema\/logo\/image\/"}}]}},"_links":{"self":[{"href":"https:\/\/geoclimate.ge\/fr\/wp-json\/wp\/v2\/product\/17653","targetHints":{"allow":["GET"]}}],"collection":[{"href":"https:\/\/geoclimate.ge\/fr\/wp-json\/wp\/v2\/product"}],"about":[{"href":"https:\/\/geoclimate.ge\/fr\/wp-json\/wp\/v2\/types\/product"}],"wp:featuredmedia":[{"embeddable":true,"href":"https:\/\/geoclimate.ge\/fr\/wp-json\/wp\/v2\/media\/17630"}],"wp:attachment":[{"href":"https:\/\/geoclimate.ge\/fr\/wp-json\/wp\/v2\/media?parent=17653"}],"wp:term":[{"taxonomy":"product_brand","embeddable":true,"href":"https:\/\/geoclimate.ge\/fr\/wp-json\/wp\/v2\/product_brand?post=17653"},{"taxonomy":"product_cat","embeddable":true,"href":"https:\/\/geoclimate.ge\/fr\/wp-json\/wp\/v2\/product_cat?post=17653"},{"taxonomy":"product_tag","embeddable":true,"href":"https:\/\/geoclimate.ge\/fr\/wp-json\/wp\/v2\/product_tag?post=17653"}],"curies":[{"name":"wp","href":"https:\/\/api.w.org\/{rel}","templated":true}]}}