{"id":17659,"date":"2025-02-07T19:44:22","date_gmt":"2025-02-07T15:44:22","guid":{"rendered":"https:\/\/airsystems.ge\/shop\/product\/vibro-band-intermediate-anti-vibration-band-for-wooden-floors\/"},"modified":"2025-02-07T19:48:03","modified_gmt":"2025-02-07T15:48:03","slug":"vibro-band-intermediate-anti-vibration-band-for-wooden-floors","status":"publish","type":"product","link":"https:\/\/geoclimate.ge\/fr\/produit\/vibro-band-intermediate-anti-vibration-band-for-wooden-floors\/","title":{"rendered":"Vibro-Band : Bande antivibratoire interm\u00e9diaire pour parquets"},"content":{"rendered":"","protected":false},"excerpt":{"rendered":"<p>Vibro-Band est utilis\u00e9 comme bande antivibratoire interm\u00e9diaire entre les plinthes et les parquets flottants.<\/p>\n<p>APPLICATIONS<\/p>\n<p>Vibro-Band est utilis\u00e9 comme bande antivibratoire interm\u00e9diaire entre les plinthes et les parquets flottants. En utilisant Vibro-Band, le passage du son et des vibrations \u00e0 travers les plinthes est emp\u00each\u00e9.<\/p>\n<p>DESCRIPTION<\/p>\n<p>Le profil antivibratoire Vibro-Band est fabriqu\u00e9 en caoutchouc synth\u00e9tique sp\u00e9cial.<\/p>\n<p>Sa conception innovante assure :<br \/>\n\u2022 Une installation facile.<br \/>\n\u2022 La pr\u00e9vention d&rsquo;un \u00e9ventuel pont sonore.<br \/>\n\u2022 L&rsquo;imperm\u00e9abilisation du sol.<br \/>\n\u2022 Une installation solide entre les plinthes et le parquet en bois.<\/p>\n<p>La bande antivibratoire interm\u00e9diaire Vibro-Band est un accessoire n\u00e9cessaire dans les parquets clou\u00e9s en bois lorsqu&rsquo;il est utilis\u00e9 avec les supports antivibratoires Vibro-FM ou Vibro-FS afin d&rsquo;\u00e9viter les vibrations transmises lat\u00e9ralement.<\/p>\n<p>INSTALLATION<\/p>\n<p>Pendant la pose du parquet, il faut laisser un espace suffisant entre le parquet et le mur afin d&rsquo;\u00e9viter les ponts sonores (4 \u2013 8 mm).<br \/>\nPlacez le Vibro-Band dans l&rsquo;espace en appuyant dessus. Il se fixe facilement gr\u00e2ce \u00e0 ses languettes, mais si n\u00e9cessaire, sa partie sup\u00e9rieure peut \u00eatre clou\u00e9e au mur.<br \/>\nEnfin, placez la plinthe sur le Vibro-Band.<\/p>\n","protected":false},"featured_media":17667,"template":"","meta":[],"product_brand":[],"product_cat":[707],"product_tag":[],"class_list":{"0":"post-17659","1":"product","2":"type-product","3":"status-publish","4":"has-post-thumbnail","6":"product_cat-vibration-anti-bruit-acoustique-fr","8":"first","9":"instock","10":"shipping-taxable","11":"product-type-simple"},"yoast_head":"<!-- This site is optimized with the Yoast SEO plugin v27.1.1 - https:\/\/yoast.com\/product\/yoast-seo-wordpress\/ -->\n<title>Vibro-Band : Bande antivibratoire interm\u00e9diaire pour parquets - GeoClimate.ge<\/title>\n<meta name=\"robots\" content=\"index, follow, max-snippet:-1, max-image-preview:large, max-video-preview:-1\" \/>\n<link rel=\"canonical\" href=\"https:\/\/geoclimate.ge\/fr\/produit\/vibro-band-intermediate-anti-vibration-band-for-wooden-floors\/\" \/>\n<meta property=\"og:locale\" content=\"fr_FR\" \/>\n<meta property=\"og:type\" content=\"article\" \/>\n<meta property=\"og:title\" content=\"Vibro-Band : Bande antivibratoire interm\u00e9diaire pour parquets - GeoClimate.ge\" \/>\n<meta property=\"og:description\" content=\"Vibro-Band est utilis\u00e9 comme bande antivibratoire interm\u00e9diaire entre les plinthes et les parquets flottants.  APPLICATIONS  Vibro-Band est utilis\u00e9 comme bande antivibratoire interm\u00e9diaire entre les plinthes et les parquets flottants. En utilisant Vibro-Band, le passage du son et des vibrations \u00e0 travers les plinthes est emp\u00each\u00e9.  DESCRIPTION  Le profil antivibratoire Vibro-Band est fabriqu\u00e9 en caoutchouc synth\u00e9tique sp\u00e9cial.  Sa conception innovante assure : \u2022 Une installation facile. \u2022 La pr\u00e9vention d&#039;un \u00e9ventuel pont sonore. \u2022 L&#039;imperm\u00e9abilisation du sol. \u2022 Une installation solide entre les plinthes et le parquet en bois.  La bande antivibratoire interm\u00e9diaire Vibro-Band est un accessoire n\u00e9cessaire dans les parquets clou\u00e9s en bois lorsqu&#039;il est utilis\u00e9 avec les supports antivibratoires Vibro-FM ou Vibro-FS afin d&#039;\u00e9viter les vibrations transmises lat\u00e9ralement.  INSTALLATION  Pendant la pose du parquet, il faut laisser un espace suffisant entre le parquet et le mur afin d&#039;\u00e9viter les ponts sonores (4 \u2013 8 mm). Placez le Vibro-Band dans l&#039;espace en appuyant dessus. Il se fixe facilement gr\u00e2ce \u00e0 ses languettes, mais si n\u00e9cessaire, sa partie sup\u00e9rieure peut \u00eatre clou\u00e9e au mur. Enfin, placez la plinthe sur le Vibro-Band.\" \/>\n<meta property=\"og:url\" content=\"https:\/\/geoclimate.ge\/fr\/produit\/vibro-band-intermediate-anti-vibration-band-for-wooden-floors\/\" \/>\n<meta property=\"og:site_name\" content=\"GeoClimate.ge\" \/>\n<meta property=\"article:modified_time\" content=\"2025-02-07T15:48:03+00:00\" \/>\n<meta property=\"og:image\" content=\"https:\/\/geoclimate.ge\/wp-content\/uploads\/2025\/02\/vibro-band-1.jpg\" \/>\n\t<meta property=\"og:image:width\" content=\"1800\" \/>\n\t<meta property=\"og:image:height\" content=\"1608\" \/>\n\t<meta property=\"og:image:type\" content=\"image\/jpeg\" \/>\n<meta name=\"twitter:card\" content=\"summary_large_image\" \/>\n<script type=\"application\/ld+json\" class=\"yoast-schema-graph\">{\"@context\":\"https:\/\/schema.org\",\"@graph\":[{\"@type\":\"WebPage\",\"@id\":\"https:\/\/geoclimate.ge\/fr\/produit\/vibro-band-intermediate-anti-vibration-band-for-wooden-floors\/\",\"url\":\"https:\/\/geoclimate.ge\/fr\/produit\/vibro-band-intermediate-anti-vibration-band-for-wooden-floors\/\",\"name\":\"Vibro-Band : Bande antivibratoire interm\u00e9diaire pour parquets - GeoClimate.ge\",\"isPartOf\":{\"@id\":\"https:\/\/geoclimate.ge\/#website\"},\"primaryImageOfPage\":{\"@id\":\"https:\/\/geoclimate.ge\/fr\/produit\/vibro-band-intermediate-anti-vibration-band-for-wooden-floors\/#primaryimage\"},\"image\":{\"@id\":\"https:\/\/geoclimate.ge\/fr\/produit\/vibro-band-intermediate-anti-vibration-band-for-wooden-floors\/#primaryimage\"},\"thumbnailUrl\":\"https:\/\/geoclimate.ge\/wp-content\/uploads\/2025\/02\/vibro-band-1.jpg\",\"datePublished\":\"2025-02-07T15:44:22+00:00\",\"dateModified\":\"2025-02-07T15:48:03+00:00\",\"breadcrumb\":{\"@id\":\"https:\/\/geoclimate.ge\/fr\/produit\/vibro-band-intermediate-anti-vibration-band-for-wooden-floors\/#breadcrumb\"},\"inLanguage\":\"fr-FR\",\"potentialAction\":[{\"@type\":\"ReadAction\",\"target\":[\"https:\/\/geoclimate.ge\/fr\/produit\/vibro-band-intermediate-anti-vibration-band-for-wooden-floors\/\"]}]},{\"@type\":\"ImageObject\",\"inLanguage\":\"fr-FR\",\"@id\":\"https:\/\/geoclimate.ge\/fr\/produit\/vibro-band-intermediate-anti-vibration-band-for-wooden-floors\/#primaryimage\",\"url\":\"https:\/\/geoclimate.ge\/wp-content\/uploads\/2025\/02\/vibro-band-1.jpg\",\"contentUrl\":\"https:\/\/geoclimate.ge\/wp-content\/uploads\/2025\/02\/vibro-band-1.jpg\",\"width\":1800,\"height\":1608},{\"@type\":\"BreadcrumbList\",\"@id\":\"https:\/\/geoclimate.ge\/fr\/produit\/vibro-band-intermediate-anti-vibration-band-for-wooden-floors\/#breadcrumb\",\"itemListElement\":[{\"@type\":\"ListItem\",\"position\":1,\"name\":\"Home\",\"item\":\"https:\/\/geoclimate.ge\/fr\/\"},{\"@type\":\"ListItem\",\"position\":2,\"name\":\"Products\",\"item\":\"https:\/\/geoclimate.ge\/fr\/products\/\"},{\"@type\":\"ListItem\",\"position\":3,\"name\":\"Vibro-Band : Bande antivibratoire interm\u00e9diaire pour parquets\"}]},{\"@type\":\"WebSite\",\"@id\":\"https:\/\/geoclimate.ge\/#website\",\"url\":\"https:\/\/geoclimate.ge\/\",\"name\":\"GeoClimate\",\"description\":\"\",\"publisher\":{\"@id\":\"https:\/\/geoclimate.ge\/#organization\"},\"potentialAction\":[{\"@type\":\"SearchAction\",\"target\":{\"@type\":\"EntryPoint\",\"urlTemplate\":\"https:\/\/geoclimate.ge\/?s={search_term_string}\"},\"query-input\":{\"@type\":\"PropertyValueSpecification\",\"valueRequired\":true,\"valueName\":\"search_term_string\"}}],\"inLanguage\":\"fr-FR\"},{\"@type\":\"Organization\",\"@id\":\"https:\/\/geoclimate.ge\/#organization\",\"name\":\"GeoClimate\",\"url\":\"https:\/\/geoclimate.ge\/\",\"logo\":{\"@type\":\"ImageObject\",\"inLanguage\":\"fr-FR\",\"@id\":\"https:\/\/geoclimate.ge\/#\/schema\/logo\/image\/\",\"url\":\"https:\/\/geoclimate.ge\/wp-content\/uploads\/2026\/03\/geoclimate-SEO.png\",\"contentUrl\":\"https:\/\/geoclimate.ge\/wp-content\/uploads\/2026\/03\/geoclimate-SEO.png\",\"width\":1536,\"height\":1024,\"caption\":\"GeoClimate\"},\"image\":{\"@id\":\"https:\/\/geoclimate.ge\/#\/schema\/logo\/image\/\"}}]}<\/script>\n<!-- \/ Yoast SEO plugin. -->","yoast_head_json":{"title":"Vibro-Band : Bande antivibratoire interm\u00e9diaire pour parquets - GeoClimate.ge","robots":{"index":"index","follow":"follow","max-snippet":"max-snippet:-1","max-image-preview":"max-image-preview:large","max-video-preview":"max-video-preview:-1"},"canonical":"https:\/\/geoclimate.ge\/fr\/produit\/vibro-band-intermediate-anti-vibration-band-for-wooden-floors\/","og_locale":"fr_FR","og_type":"article","og_title":"Vibro-Band : Bande antivibratoire interm\u00e9diaire pour parquets - GeoClimate.ge","og_description":"Vibro-Band est utilis\u00e9 comme bande antivibratoire interm\u00e9diaire entre les plinthes et les parquets flottants.  APPLICATIONS  Vibro-Band est utilis\u00e9 comme bande antivibratoire interm\u00e9diaire entre les plinthes et les parquets flottants. En utilisant Vibro-Band, le passage du son et des vibrations \u00e0 travers les plinthes est emp\u00each\u00e9.  DESCRIPTION  Le profil antivibratoire Vibro-Band est fabriqu\u00e9 en caoutchouc synth\u00e9tique sp\u00e9cial.  Sa conception innovante assure : \u2022 Une installation facile. \u2022 La pr\u00e9vention d'un \u00e9ventuel pont sonore. \u2022 L'imperm\u00e9abilisation du sol. \u2022 Une installation solide entre les plinthes et le parquet en bois.  La bande antivibratoire interm\u00e9diaire Vibro-Band est un accessoire n\u00e9cessaire dans les parquets clou\u00e9s en bois lorsqu'il est utilis\u00e9 avec les supports antivibratoires Vibro-FM ou Vibro-FS afin d'\u00e9viter les vibrations transmises lat\u00e9ralement.  INSTALLATION  Pendant la pose du parquet, il faut laisser un espace suffisant entre le parquet et le mur afin d'\u00e9viter les ponts sonores (4 \u2013 8 mm). Placez le Vibro-Band dans l'espace en appuyant dessus. Il se fixe facilement gr\u00e2ce \u00e0 ses languettes, mais si n\u00e9cessaire, sa partie sup\u00e9rieure peut \u00eatre clou\u00e9e au mur. Enfin, placez la plinthe sur le Vibro-Band.","og_url":"https:\/\/geoclimate.ge\/fr\/produit\/vibro-band-intermediate-anti-vibration-band-for-wooden-floors\/","og_site_name":"GeoClimate.ge","article_modified_time":"2025-02-07T15:48:03+00:00","og_image":[{"width":1800,"height":1608,"url":"https:\/\/geoclimate.ge\/wp-content\/uploads\/2025\/02\/vibro-band-1.jpg","type":"image\/jpeg"}],"twitter_card":"summary_large_image","schema":{"@context":"https:\/\/schema.org","@graph":[{"@type":"WebPage","@id":"https:\/\/geoclimate.ge\/fr\/produit\/vibro-band-intermediate-anti-vibration-band-for-wooden-floors\/","url":"https:\/\/geoclimate.ge\/fr\/produit\/vibro-band-intermediate-anti-vibration-band-for-wooden-floors\/","name":"Vibro-Band : Bande antivibratoire interm\u00e9diaire pour parquets - GeoClimate.ge","isPartOf":{"@id":"https:\/\/geoclimate.ge\/#website"},"primaryImageOfPage":{"@id":"https:\/\/geoclimate.ge\/fr\/produit\/vibro-band-intermediate-anti-vibration-band-for-wooden-floors\/#primaryimage"},"image":{"@id":"https:\/\/geoclimate.ge\/fr\/produit\/vibro-band-intermediate-anti-vibration-band-for-wooden-floors\/#primaryimage"},"thumbnailUrl":"https:\/\/geoclimate.ge\/wp-content\/uploads\/2025\/02\/vibro-band-1.jpg","datePublished":"2025-02-07T15:44:22+00:00","dateModified":"2025-02-07T15:48:03+00:00","breadcrumb":{"@id":"https:\/\/geoclimate.ge\/fr\/produit\/vibro-band-intermediate-anti-vibration-band-for-wooden-floors\/#breadcrumb"},"inLanguage":"fr-FR","potentialAction":[{"@type":"ReadAction","target":["https:\/\/geoclimate.ge\/fr\/produit\/vibro-band-intermediate-anti-vibration-band-for-wooden-floors\/"]}]},{"@type":"ImageObject","inLanguage":"fr-FR","@id":"https:\/\/geoclimate.ge\/fr\/produit\/vibro-band-intermediate-anti-vibration-band-for-wooden-floors\/#primaryimage","url":"https:\/\/geoclimate.ge\/wp-content\/uploads\/2025\/02\/vibro-band-1.jpg","contentUrl":"https:\/\/geoclimate.ge\/wp-content\/uploads\/2025\/02\/vibro-band-1.jpg","width":1800,"height":1608},{"@type":"BreadcrumbList","@id":"https:\/\/geoclimate.ge\/fr\/produit\/vibro-band-intermediate-anti-vibration-band-for-wooden-floors\/#breadcrumb","itemListElement":[{"@type":"ListItem","position":1,"name":"Home","item":"https:\/\/geoclimate.ge\/fr\/"},{"@type":"ListItem","position":2,"name":"Products","item":"https:\/\/geoclimate.ge\/fr\/products\/"},{"@type":"ListItem","position":3,"name":"Vibro-Band : Bande antivibratoire interm\u00e9diaire pour parquets"}]},{"@type":"WebSite","@id":"https:\/\/geoclimate.ge\/#website","url":"https:\/\/geoclimate.ge\/","name":"GeoClimate","description":"","publisher":{"@id":"https:\/\/geoclimate.ge\/#organization"},"potentialAction":[{"@type":"SearchAction","target":{"@type":"EntryPoint","urlTemplate":"https:\/\/geoclimate.ge\/?s={search_term_string}"},"query-input":{"@type":"PropertyValueSpecification","valueRequired":true,"valueName":"search_term_string"}}],"inLanguage":"fr-FR"},{"@type":"Organization","@id":"https:\/\/geoclimate.ge\/#organization","name":"GeoClimate","url":"https:\/\/geoclimate.ge\/","logo":{"@type":"ImageObject","inLanguage":"fr-FR","@id":"https:\/\/geoclimate.ge\/#\/schema\/logo\/image\/","url":"https:\/\/geoclimate.ge\/wp-content\/uploads\/2026\/03\/geoclimate-SEO.png","contentUrl":"https:\/\/geoclimate.ge\/wp-content\/uploads\/2026\/03\/geoclimate-SEO.png","width":1536,"height":1024,"caption":"GeoClimate"},"image":{"@id":"https:\/\/geoclimate.ge\/#\/schema\/logo\/image\/"}}]}},"_links":{"self":[{"href":"https:\/\/geoclimate.ge\/fr\/wp-json\/wp\/v2\/product\/17659","targetHints":{"allow":["GET"]}}],"collection":[{"href":"https:\/\/geoclimate.ge\/fr\/wp-json\/wp\/v2\/product"}],"about":[{"href":"https:\/\/geoclimate.ge\/fr\/wp-json\/wp\/v2\/types\/product"}],"wp:featuredmedia":[{"embeddable":true,"href":"https:\/\/geoclimate.ge\/fr\/wp-json\/wp\/v2\/media\/17667"}],"wp:attachment":[{"href":"https:\/\/geoclimate.ge\/fr\/wp-json\/wp\/v2\/media?parent=17659"}],"wp:term":[{"taxonomy":"product_brand","embeddable":true,"href":"https:\/\/geoclimate.ge\/fr\/wp-json\/wp\/v2\/product_brand?post=17659"},{"taxonomy":"product_cat","embeddable":true,"href":"https:\/\/geoclimate.ge\/fr\/wp-json\/wp\/v2\/product_cat?post=17659"},{"taxonomy":"product_tag","embeddable":true,"href":"https:\/\/geoclimate.ge\/fr\/wp-json\/wp\/v2\/product_tag?post=17659"}],"curies":[{"name":"wp","href":"https:\/\/api.w.org\/{rel}","templated":true}]}}