{"id":17827,"date":"2025-02-07T20:21:21","date_gmt":"2025-02-07T16:21:21","guid":{"rendered":"https:\/\/airsystems.ge\/shop\/product\/vibro-qh-f-sound-insulation-for-false-ceilings\/"},"modified":"2025-02-07T20:23:49","modified_gmt":"2025-02-07T16:23:49","slug":"vibro-qh-f-sound-insulation-for-false-ceilings","status":"publish","type":"product","link":"https:\/\/geoclimate.ge\/fr\/produit\/vibro-qh-f-sound-insulation-for-false-ceilings\/","title":{"rendered":"Vibro-QH.F : Isolation acoustique pour faux plafonds"},"content":{"rendered":"<p><a class=\"swipebox\" title=\"QH.F LOAD SELECTION TABLE\" href=\"https:\/\/antivibration-systems.com\/wp-content\/uploads\/2012\/10\/Vibration-Control-products-24p-EN-2024-Web.jpg\" data-rel=\"lightbox-gallery-bGlnaHRib3gtZ2FsbGVyeS0w\" data-rl_title=\"QH.F LOAD SELECTION TABLE\" data-rl_caption=\"\"><img loading=\"lazy\" decoding=\"async\" class=\"wp-image-10722 aligncenter\" src=\"https:\/\/antivibration-systems.com\/wp-content\/uploads\/2012\/10\/Vibration-Control-products-24p-EN-2024-Web.jpg\" alt=\" selection table for Vibro-QH.F\" width=\"440\" height=\"126\" \/><\/a><\/p>\n","protected":false},"excerpt":{"rendered":"<p>Un support de suspension en m\u00e9tal galvanis\u00e9 sp\u00e9cialement con\u00e7u, dot\u00e9 de bords de pr\u00e9hension pour une connexion RAPIDE ET FACILE avec les profils de plafond standard<\/p>\n<p>DESCRIPTION<\/p>\n<p>L&rsquo;isolant acoustique Vibro-QH.F se compose d&rsquo;un support de suspension en m\u00e9tal galvanis\u00e9 sp\u00e9cialement con\u00e7u, dot\u00e9 de bords de pr\u00e9hension pour une connexion RAPIDE ET FACILE avec les profils de plafond standard de dimensions 60 x 27 mm (pour faux plafonds) selon DIN 18182-1.<br \/>\nPar cons\u00e9quent, le co\u00fbt de travail est r\u00e9duit et le travail de l&rsquo;installateur est facilit\u00e9.<br \/>\nL&rsquo;\u00e9l\u00e9ment \u00e9lastique du support Vibro-QH.F est une mousse de polyur\u00e9thane de haute technologie, \u00e0 cellules semi-ferm\u00e9es, avec la marque d\u00e9pos\u00e9e Regufoam\u00ae. L&rsquo;\u00e9l\u00e9ment \u00e9lastique est utilis\u00e9 pour minimiser le transfert du son et des vibrations (du spectre de fr\u00e9quences audibles) \u00e0 travers les ponts structurels.<\/p>\n<p>APPLICATIONS<br \/>\nL&rsquo;isolant acoustique Vibro-QH.F peut \u00eatre utilis\u00e9 comme suspension pour la suspension de faux plafonds flottants avec plaques de pl\u00e2tre et plafonds en pl\u00e2tre, suspension antivibratoire de machines (ventilateurs, climatisation, etc.), suspension antivibratoire de tuyaux, conduits d&rsquo;air, etc.<\/p>\n<p>Vibro-QH.F est disponible avec deux \u00e9paisseurs diff\u00e9rentes de son coussinet \u00e9lastique :<\/p>\n<p>12 mm (la solution la plus \u00e9conomique)<br \/>\n25 mm (meilleur contr\u00f4le des vibrations)<\/p>\n","protected":false},"featured_media":17812,"template":"","meta":[],"product_brand":[],"product_cat":[707],"product_tag":[],"class_list":{"0":"post-17827","1":"product","2":"type-product","3":"status-publish","4":"has-post-thumbnail","6":"product_cat-vibration-anti-bruit-acoustique-fr","8":"first","9":"instock","10":"shipping-taxable","11":"product-type-simple"},"yoast_head":"<!-- This site is optimized with the Yoast SEO plugin v27.1.1 - https:\/\/yoast.com\/product\/yoast-seo-wordpress\/ -->\n<title>Vibro-QH.F : Isolation acoustique pour faux plafonds - GeoClimate.ge<\/title>\n<meta name=\"robots\" content=\"index, follow, max-snippet:-1, max-image-preview:large, max-video-preview:-1\" \/>\n<link rel=\"canonical\" href=\"https:\/\/geoclimate.ge\/fr\/produit\/vibro-qh-f-sound-insulation-for-false-ceilings\/\" \/>\n<meta property=\"og:locale\" content=\"fr_FR\" \/>\n<meta property=\"og:type\" content=\"article\" \/>\n<meta property=\"og:title\" content=\"Vibro-QH.F : Isolation acoustique pour faux plafonds - GeoClimate.ge\" \/>\n<meta property=\"og:description\" content=\"Un support de suspension en m\u00e9tal galvanis\u00e9 sp\u00e9cialement con\u00e7u, dot\u00e9 de bords de pr\u00e9hension pour une connexion RAPIDE ET FACILE avec les profils de plafond standard  DESCRIPTION  L&#039;isolant acoustique Vibro-QH.F se compose d&#039;un support de suspension en m\u00e9tal galvanis\u00e9 sp\u00e9cialement con\u00e7u, dot\u00e9 de bords de pr\u00e9hension pour une connexion RAPIDE ET FACILE avec les profils de plafond standard de dimensions 60 x 27 mm (pour faux plafonds) selon DIN 18182-1. Par cons\u00e9quent, le co\u00fbt de travail est r\u00e9duit et le travail de l&#039;installateur est facilit\u00e9. L&#039;\u00e9l\u00e9ment \u00e9lastique du support Vibro-QH.F est une mousse de polyur\u00e9thane de haute technologie, \u00e0 cellules semi-ferm\u00e9es, avec la marque d\u00e9pos\u00e9e Regufoam\u00ae. L&#039;\u00e9l\u00e9ment \u00e9lastique est utilis\u00e9 pour minimiser le transfert du son et des vibrations (du spectre de fr\u00e9quences audibles) \u00e0 travers les ponts structurels.  APPLICATIONS L&#039;isolant acoustique Vibro-QH.F peut \u00eatre utilis\u00e9 comme suspension pour la suspension de faux plafonds flottants avec plaques de pl\u00e2tre et plafonds en pl\u00e2tre, suspension antivibratoire de machines (ventilateurs, climatisation, etc.), suspension antivibratoire de tuyaux, conduits d&#039;air, etc.  Vibro-QH.F est disponible avec deux \u00e9paisseurs diff\u00e9rentes de son coussinet \u00e9lastique :  12 mm (la solution la plus \u00e9conomique) 25 mm (meilleur contr\u00f4le des vibrations)\" \/>\n<meta property=\"og:url\" content=\"https:\/\/geoclimate.ge\/fr\/produit\/vibro-qh-f-sound-insulation-for-false-ceilings\/\" \/>\n<meta property=\"og:site_name\" content=\"GeoClimate.ge\" \/>\n<meta property=\"article:modified_time\" content=\"2025-02-07T16:23:49+00:00\" \/>\n<meta property=\"og:image\" content=\"https:\/\/geoclimate.ge\/wp-content\/uploads\/2025\/02\/072009120557_A.jpg\" \/>\n\t<meta property=\"og:image:width\" content=\"280\" \/>\n\t<meta property=\"og:image:height\" content=\"210\" \/>\n\t<meta property=\"og:image:type\" content=\"image\/jpeg\" \/>\n<meta name=\"twitter:card\" content=\"summary_large_image\" \/>\n<script type=\"application\/ld+json\" class=\"yoast-schema-graph\">{\"@context\":\"https:\/\/schema.org\",\"@graph\":[{\"@type\":\"WebPage\",\"@id\":\"https:\/\/geoclimate.ge\/fr\/produit\/vibro-qh-f-sound-insulation-for-false-ceilings\/\",\"url\":\"https:\/\/geoclimate.ge\/fr\/produit\/vibro-qh-f-sound-insulation-for-false-ceilings\/\",\"name\":\"Vibro-QH.F : Isolation acoustique pour faux plafonds - GeoClimate.ge\",\"isPartOf\":{\"@id\":\"https:\/\/geoclimate.ge\/#website\"},\"primaryImageOfPage\":{\"@id\":\"https:\/\/geoclimate.ge\/fr\/produit\/vibro-qh-f-sound-insulation-for-false-ceilings\/#primaryimage\"},\"image\":{\"@id\":\"https:\/\/geoclimate.ge\/fr\/produit\/vibro-qh-f-sound-insulation-for-false-ceilings\/#primaryimage\"},\"thumbnailUrl\":\"https:\/\/geoclimate.ge\/wp-content\/uploads\/2025\/02\/072009120557_A.jpg\",\"datePublished\":\"2025-02-07T16:21:21+00:00\",\"dateModified\":\"2025-02-07T16:23:49+00:00\",\"breadcrumb\":{\"@id\":\"https:\/\/geoclimate.ge\/fr\/produit\/vibro-qh-f-sound-insulation-for-false-ceilings\/#breadcrumb\"},\"inLanguage\":\"fr-FR\",\"potentialAction\":[{\"@type\":\"ReadAction\",\"target\":[\"https:\/\/geoclimate.ge\/fr\/produit\/vibro-qh-f-sound-insulation-for-false-ceilings\/\"]}]},{\"@type\":\"ImageObject\",\"inLanguage\":\"fr-FR\",\"@id\":\"https:\/\/geoclimate.ge\/fr\/produit\/vibro-qh-f-sound-insulation-for-false-ceilings\/#primaryimage\",\"url\":\"https:\/\/geoclimate.ge\/wp-content\/uploads\/2025\/02\/072009120557_A.jpg\",\"contentUrl\":\"https:\/\/geoclimate.ge\/wp-content\/uploads\/2025\/02\/072009120557_A.jpg\",\"width\":280,\"height\":210},{\"@type\":\"BreadcrumbList\",\"@id\":\"https:\/\/geoclimate.ge\/fr\/produit\/vibro-qh-f-sound-insulation-for-false-ceilings\/#breadcrumb\",\"itemListElement\":[{\"@type\":\"ListItem\",\"position\":1,\"name\":\"Home\",\"item\":\"https:\/\/geoclimate.ge\/fr\/\"},{\"@type\":\"ListItem\",\"position\":2,\"name\":\"Products\",\"item\":\"https:\/\/geoclimate.ge\/fr\/products\/\"},{\"@type\":\"ListItem\",\"position\":3,\"name\":\"Vibro-QH.F : Isolation acoustique pour faux plafonds\"}]},{\"@type\":\"WebSite\",\"@id\":\"https:\/\/geoclimate.ge\/#website\",\"url\":\"https:\/\/geoclimate.ge\/\",\"name\":\"GeoClimate\",\"description\":\"\",\"publisher\":{\"@id\":\"https:\/\/geoclimate.ge\/#organization\"},\"potentialAction\":[{\"@type\":\"SearchAction\",\"target\":{\"@type\":\"EntryPoint\",\"urlTemplate\":\"https:\/\/geoclimate.ge\/?s={search_term_string}\"},\"query-input\":{\"@type\":\"PropertyValueSpecification\",\"valueRequired\":true,\"valueName\":\"search_term_string\"}}],\"inLanguage\":\"fr-FR\"},{\"@type\":\"Organization\",\"@id\":\"https:\/\/geoclimate.ge\/#organization\",\"name\":\"GeoClimate\",\"url\":\"https:\/\/geoclimate.ge\/\",\"logo\":{\"@type\":\"ImageObject\",\"inLanguage\":\"fr-FR\",\"@id\":\"https:\/\/geoclimate.ge\/#\/schema\/logo\/image\/\",\"url\":\"https:\/\/geoclimate.ge\/wp-content\/uploads\/2026\/03\/geoclimate-SEO.png\",\"contentUrl\":\"https:\/\/geoclimate.ge\/wp-content\/uploads\/2026\/03\/geoclimate-SEO.png\",\"width\":1536,\"height\":1024,\"caption\":\"GeoClimate\"},\"image\":{\"@id\":\"https:\/\/geoclimate.ge\/#\/schema\/logo\/image\/\"}}]}<\/script>\n<!-- \/ Yoast SEO plugin. -->","yoast_head_json":{"title":"Vibro-QH.F : Isolation acoustique pour faux plafonds - GeoClimate.ge","robots":{"index":"index","follow":"follow","max-snippet":"max-snippet:-1","max-image-preview":"max-image-preview:large","max-video-preview":"max-video-preview:-1"},"canonical":"https:\/\/geoclimate.ge\/fr\/produit\/vibro-qh-f-sound-insulation-for-false-ceilings\/","og_locale":"fr_FR","og_type":"article","og_title":"Vibro-QH.F : Isolation acoustique pour faux plafonds - GeoClimate.ge","og_description":"Un support de suspension en m\u00e9tal galvanis\u00e9 sp\u00e9cialement con\u00e7u, dot\u00e9 de bords de pr\u00e9hension pour une connexion RAPIDE ET FACILE avec les profils de plafond standard  DESCRIPTION  L'isolant acoustique Vibro-QH.F se compose d'un support de suspension en m\u00e9tal galvanis\u00e9 sp\u00e9cialement con\u00e7u, dot\u00e9 de bords de pr\u00e9hension pour une connexion RAPIDE ET FACILE avec les profils de plafond standard de dimensions 60 x 27 mm (pour faux plafonds) selon DIN 18182-1. Par cons\u00e9quent, le co\u00fbt de travail est r\u00e9duit et le travail de l'installateur est facilit\u00e9. L'\u00e9l\u00e9ment \u00e9lastique du support Vibro-QH.F est une mousse de polyur\u00e9thane de haute technologie, \u00e0 cellules semi-ferm\u00e9es, avec la marque d\u00e9pos\u00e9e Regufoam\u00ae. L'\u00e9l\u00e9ment \u00e9lastique est utilis\u00e9 pour minimiser le transfert du son et des vibrations (du spectre de fr\u00e9quences audibles) \u00e0 travers les ponts structurels.  APPLICATIONS L'isolant acoustique Vibro-QH.F peut \u00eatre utilis\u00e9 comme suspension pour la suspension de faux plafonds flottants avec plaques de pl\u00e2tre et plafonds en pl\u00e2tre, suspension antivibratoire de machines (ventilateurs, climatisation, etc.), suspension antivibratoire de tuyaux, conduits d'air, etc.  Vibro-QH.F est disponible avec deux \u00e9paisseurs diff\u00e9rentes de son coussinet \u00e9lastique :  12 mm (la solution la plus \u00e9conomique) 25 mm (meilleur contr\u00f4le des vibrations)","og_url":"https:\/\/geoclimate.ge\/fr\/produit\/vibro-qh-f-sound-insulation-for-false-ceilings\/","og_site_name":"GeoClimate.ge","article_modified_time":"2025-02-07T16:23:49+00:00","og_image":[{"width":280,"height":210,"url":"https:\/\/geoclimate.ge\/wp-content\/uploads\/2025\/02\/072009120557_A.jpg","type":"image\/jpeg"}],"twitter_card":"summary_large_image","schema":{"@context":"https:\/\/schema.org","@graph":[{"@type":"WebPage","@id":"https:\/\/geoclimate.ge\/fr\/produit\/vibro-qh-f-sound-insulation-for-false-ceilings\/","url":"https:\/\/geoclimate.ge\/fr\/produit\/vibro-qh-f-sound-insulation-for-false-ceilings\/","name":"Vibro-QH.F : Isolation acoustique pour faux plafonds - GeoClimate.ge","isPartOf":{"@id":"https:\/\/geoclimate.ge\/#website"},"primaryImageOfPage":{"@id":"https:\/\/geoclimate.ge\/fr\/produit\/vibro-qh-f-sound-insulation-for-false-ceilings\/#primaryimage"},"image":{"@id":"https:\/\/geoclimate.ge\/fr\/produit\/vibro-qh-f-sound-insulation-for-false-ceilings\/#primaryimage"},"thumbnailUrl":"https:\/\/geoclimate.ge\/wp-content\/uploads\/2025\/02\/072009120557_A.jpg","datePublished":"2025-02-07T16:21:21+00:00","dateModified":"2025-02-07T16:23:49+00:00","breadcrumb":{"@id":"https:\/\/geoclimate.ge\/fr\/produit\/vibro-qh-f-sound-insulation-for-false-ceilings\/#breadcrumb"},"inLanguage":"fr-FR","potentialAction":[{"@type":"ReadAction","target":["https:\/\/geoclimate.ge\/fr\/produit\/vibro-qh-f-sound-insulation-for-false-ceilings\/"]}]},{"@type":"ImageObject","inLanguage":"fr-FR","@id":"https:\/\/geoclimate.ge\/fr\/produit\/vibro-qh-f-sound-insulation-for-false-ceilings\/#primaryimage","url":"https:\/\/geoclimate.ge\/wp-content\/uploads\/2025\/02\/072009120557_A.jpg","contentUrl":"https:\/\/geoclimate.ge\/wp-content\/uploads\/2025\/02\/072009120557_A.jpg","width":280,"height":210},{"@type":"BreadcrumbList","@id":"https:\/\/geoclimate.ge\/fr\/produit\/vibro-qh-f-sound-insulation-for-false-ceilings\/#breadcrumb","itemListElement":[{"@type":"ListItem","position":1,"name":"Home","item":"https:\/\/geoclimate.ge\/fr\/"},{"@type":"ListItem","position":2,"name":"Products","item":"https:\/\/geoclimate.ge\/fr\/products\/"},{"@type":"ListItem","position":3,"name":"Vibro-QH.F : Isolation acoustique pour faux plafonds"}]},{"@type":"WebSite","@id":"https:\/\/geoclimate.ge\/#website","url":"https:\/\/geoclimate.ge\/","name":"GeoClimate","description":"","publisher":{"@id":"https:\/\/geoclimate.ge\/#organization"},"potentialAction":[{"@type":"SearchAction","target":{"@type":"EntryPoint","urlTemplate":"https:\/\/geoclimate.ge\/?s={search_term_string}"},"query-input":{"@type":"PropertyValueSpecification","valueRequired":true,"valueName":"search_term_string"}}],"inLanguage":"fr-FR"},{"@type":"Organization","@id":"https:\/\/geoclimate.ge\/#organization","name":"GeoClimate","url":"https:\/\/geoclimate.ge\/","logo":{"@type":"ImageObject","inLanguage":"fr-FR","@id":"https:\/\/geoclimate.ge\/#\/schema\/logo\/image\/","url":"https:\/\/geoclimate.ge\/wp-content\/uploads\/2026\/03\/geoclimate-SEO.png","contentUrl":"https:\/\/geoclimate.ge\/wp-content\/uploads\/2026\/03\/geoclimate-SEO.png","width":1536,"height":1024,"caption":"GeoClimate"},"image":{"@id":"https:\/\/geoclimate.ge\/#\/schema\/logo\/image\/"}}]}},"_links":{"self":[{"href":"https:\/\/geoclimate.ge\/fr\/wp-json\/wp\/v2\/product\/17827","targetHints":{"allow":["GET"]}}],"collection":[{"href":"https:\/\/geoclimate.ge\/fr\/wp-json\/wp\/v2\/product"}],"about":[{"href":"https:\/\/geoclimate.ge\/fr\/wp-json\/wp\/v2\/types\/product"}],"wp:featuredmedia":[{"embeddable":true,"href":"https:\/\/geoclimate.ge\/fr\/wp-json\/wp\/v2\/media\/17812"}],"wp:attachment":[{"href":"https:\/\/geoclimate.ge\/fr\/wp-json\/wp\/v2\/media?parent=17827"}],"wp:term":[{"taxonomy":"product_brand","embeddable":true,"href":"https:\/\/geoclimate.ge\/fr\/wp-json\/wp\/v2\/product_brand?post=17827"},{"taxonomy":"product_cat","embeddable":true,"href":"https:\/\/geoclimate.ge\/fr\/wp-json\/wp\/v2\/product_cat?post=17827"},{"taxonomy":"product_tag","embeddable":true,"href":"https:\/\/geoclimate.ge\/fr\/wp-json\/wp\/v2\/product_tag?post=17827"}],"curies":[{"name":"wp","href":"https:\/\/api.w.org\/{rel}","templated":true}]}}