{"id":17871,"date":"2025-02-07T20:44:53","date_gmt":"2025-02-07T16:44:53","guid":{"rendered":"https:\/\/airsystems.ge\/shop\/product\/vibro-mini-anti-vibration-rubber-support-for-light-weight-machinery\/"},"modified":"2025-02-07T20:47:04","modified_gmt":"2025-02-07T16:47:04","slug":"vibro-mini-anti-vibration-rubber-support-for-light-weight-machinery","status":"publish","type":"product","link":"https:\/\/geoclimate.ge\/fr\/produit\/vibro-mini-anti-vibration-rubber-support-for-light-weight-machinery\/","title":{"rendered":"Vibro-mini : Support antivibratoire en caoutchouc pour machines l\u00e9g\u00e8res"},"content":{"rendered":"","protected":false},"excerpt":{"rendered":"<p>Solution antivibratoire pour machines l\u00e9g\u00e8res. Peut \u00eatre utilis\u00e9 pour le montage ou la suspension antivibratoire de plafonds ou d&rsquo;\u00e9quipements CVC.<\/p>\n<p>DESCRIPTION<br \/>\nLe support antivibratoire en caoutchouc Vibro-mini est une solution \u00e0 faible co\u00fbt pour les probl\u00e8mes de vibrations<br \/>\ncaus\u00e9s par les machines de faible poids. C&rsquo;est une excellente solution pour le support antivibratoire de faibles<br \/>\ncharges axiales.<br \/>\nLe Vibro-mini peut \u00eatre fix\u00e9 avec un ancrage au sol, \u00eatre suspendu au plafond par des ancrages et \u00e9galement \u00eatre plac\u00e9 sur une base m\u00e9tallique avec une vis traversante de \u039c8 mm.<\/p>\n<p>En raison de sa conception pionni\u00e8re, le Vibro-mini offre une grande d\u00e9flexion lorsqu&rsquo;il est charg\u00e9. Comme on le sait, UNE D\u00c9FLEXION PLUS IMPORTANTE SIGNIFIE DE MEILLEURS R\u00c9SULTATS ANTIVIBRATIONS.<\/p>\n<p>Faites attention \u00e0 :<\/p>\n<p>La tige d&rsquo;ancrage de la suspension doit \u00eatre perpendiculaire.<br \/>\nLa vis traversante emp\u00eache la machine de tomber en cas de destruction de la partie \u00e9lastique. (Fail Safe)<br \/>\nLe poids de la machine doit \u00eatre appliqu\u00e9 sur la surface sup\u00e9rieure du Vibro-mini.<br \/>\nAPPLICATIONS<\/p>\n<p>SUPPORT ANTIVIBRATOIRE DE MACHINES<br \/>\nSUSPENSION DE MACHINES (Climatiseurs, Ventilateurs, etc.)<br \/>\nSUSPENSIONS D&rsquo;ISOLATION ACOUSTIQUE<br \/>\nPLAFONDS EN PLAQUES DE PL\u00c2TRE<br \/>\nATTENTION : Ne pas trop serrer la vis de fixation.<br \/>\nLa vis et l&rsquo;\u00e9crou ne doivent comprimer aucune des pi\u00e8ces \u00e9lastiques.<br \/>\nIl est important de ne pas oublier de faire passer le col du Vibro-mini dans le trou et de le placer sur la RONDELLE \u00c9LASTIQUE et sur la base m\u00e9tallique.<\/p>\n<p>CARACT\u00c9RISTIQUES DYNAMIQUES<\/p>\n<p>Plage de charge 8 \u2013 50 daN<br \/>\nFr\u00e9quence propre sup\u00e9rieure \u00e0 15 Hz.<\/p>\n","protected":false},"featured_media":17868,"template":"","meta":[],"product_brand":[],"product_cat":[707],"product_tag":[],"class_list":{"0":"post-17871","1":"product","2":"type-product","3":"status-publish","4":"has-post-thumbnail","6":"product_cat-vibration-anti-bruit-acoustique-fr","8":"first","9":"instock","10":"shipping-taxable","11":"product-type-simple"},"yoast_head":"<!-- This site is optimized with the Yoast SEO plugin v27.1.1 - https:\/\/yoast.com\/product\/yoast-seo-wordpress\/ -->\n<title>Vibro-mini : Support antivibratoire en caoutchouc pour machines l\u00e9g\u00e8res - GeoClimate.ge<\/title>\n<meta name=\"robots\" content=\"index, follow, max-snippet:-1, max-image-preview:large, max-video-preview:-1\" \/>\n<link rel=\"canonical\" href=\"https:\/\/geoclimate.ge\/fr\/produit\/vibro-mini-anti-vibration-rubber-support-for-light-weight-machinery\/\" \/>\n<meta property=\"og:locale\" content=\"fr_FR\" \/>\n<meta property=\"og:type\" content=\"article\" \/>\n<meta property=\"og:title\" content=\"Vibro-mini : Support antivibratoire en caoutchouc pour machines l\u00e9g\u00e8res - GeoClimate.ge\" \/>\n<meta property=\"og:description\" content=\"Solution antivibratoire pour machines l\u00e9g\u00e8res. Peut \u00eatre utilis\u00e9 pour le montage ou la suspension antivibratoire de plafonds ou d&#039;\u00e9quipements CVC.  DESCRIPTION Le support antivibratoire en caoutchouc Vibro-mini est une solution \u00e0 faible co\u00fbt pour les probl\u00e8mes de vibrations caus\u00e9s par les machines de faible poids. C&#039;est une excellente solution pour le support antivibratoire de faibles charges axiales. Le Vibro-mini peut \u00eatre fix\u00e9 avec un ancrage au sol, \u00eatre suspendu au plafond par des ancrages et \u00e9galement \u00eatre plac\u00e9 sur une base m\u00e9tallique avec une vis traversante de \u039c8 mm.  En raison de sa conception pionni\u00e8re, le Vibro-mini offre une grande d\u00e9flexion lorsqu&#039;il est charg\u00e9. Comme on le sait, UNE D\u00c9FLEXION PLUS IMPORTANTE SIGNIFIE DE MEILLEURS R\u00c9SULTATS ANTIVIBRATIONS.  Faites attention \u00e0 :  La tige d&#039;ancrage de la suspension doit \u00eatre perpendiculaire. La vis traversante emp\u00eache la machine de tomber en cas de destruction de la partie \u00e9lastique. (Fail Safe) Le poids de la machine doit \u00eatre appliqu\u00e9 sur la surface sup\u00e9rieure du Vibro-mini. APPLICATIONS  SUPPORT ANTIVIBRATOIRE DE MACHINES SUSPENSION DE MACHINES (Climatiseurs, Ventilateurs, etc.) SUSPENSIONS D&#039;ISOLATION ACOUSTIQUE PLAFONDS EN PLAQUES DE PL\u00c2TRE ATTENTION : Ne pas trop serrer la vis de fixation. La vis et l&#039;\u00e9crou ne doivent comprimer aucune des pi\u00e8ces \u00e9lastiques. Il est important de ne pas oublier de faire passer le col du Vibro-mini dans le trou et de le placer sur la RONDELLE \u00c9LASTIQUE et sur la base m\u00e9tallique.  CARACT\u00c9RISTIQUES DYNAMIQUES  Plage de charge 8 \u2013 50 daN Fr\u00e9quence propre sup\u00e9rieure \u00e0 15 Hz.\" \/>\n<meta property=\"og:url\" content=\"https:\/\/geoclimate.ge\/fr\/produit\/vibro-mini-anti-vibration-rubber-support-for-light-weight-machinery\/\" \/>\n<meta property=\"og:site_name\" content=\"GeoClimate.ge\" \/>\n<meta property=\"article:modified_time\" content=\"2025-02-07T16:47:04+00:00\" \/>\n<meta property=\"og:image\" content=\"https:\/\/geoclimate.ge\/wp-content\/uploads\/2025\/02\/mini-photo.jpg\" \/>\n\t<meta property=\"og:image:width\" content=\"280\" \/>\n\t<meta property=\"og:image:height\" content=\"210\" \/>\n\t<meta property=\"og:image:type\" content=\"image\/jpeg\" \/>\n<meta name=\"twitter:card\" content=\"summary_large_image\" \/>\n<script type=\"application\/ld+json\" class=\"yoast-schema-graph\">{\"@context\":\"https:\/\/schema.org\",\"@graph\":[{\"@type\":\"WebPage\",\"@id\":\"https:\/\/geoclimate.ge\/fr\/produit\/vibro-mini-anti-vibration-rubber-support-for-light-weight-machinery\/\",\"url\":\"https:\/\/geoclimate.ge\/fr\/produit\/vibro-mini-anti-vibration-rubber-support-for-light-weight-machinery\/\",\"name\":\"Vibro-mini : Support antivibratoire en caoutchouc pour machines l\u00e9g\u00e8res - GeoClimate.ge\",\"isPartOf\":{\"@id\":\"https:\/\/geoclimate.ge\/#website\"},\"primaryImageOfPage\":{\"@id\":\"https:\/\/geoclimate.ge\/fr\/produit\/vibro-mini-anti-vibration-rubber-support-for-light-weight-machinery\/#primaryimage\"},\"image\":{\"@id\":\"https:\/\/geoclimate.ge\/fr\/produit\/vibro-mini-anti-vibration-rubber-support-for-light-weight-machinery\/#primaryimage\"},\"thumbnailUrl\":\"https:\/\/geoclimate.ge\/wp-content\/uploads\/2025\/02\/mini-photo.jpg\",\"datePublished\":\"2025-02-07T16:44:53+00:00\",\"dateModified\":\"2025-02-07T16:47:04+00:00\",\"breadcrumb\":{\"@id\":\"https:\/\/geoclimate.ge\/fr\/produit\/vibro-mini-anti-vibration-rubber-support-for-light-weight-machinery\/#breadcrumb\"},\"inLanguage\":\"fr-FR\",\"potentialAction\":[{\"@type\":\"ReadAction\",\"target\":[\"https:\/\/geoclimate.ge\/fr\/produit\/vibro-mini-anti-vibration-rubber-support-for-light-weight-machinery\/\"]}]},{\"@type\":\"ImageObject\",\"inLanguage\":\"fr-FR\",\"@id\":\"https:\/\/geoclimate.ge\/fr\/produit\/vibro-mini-anti-vibration-rubber-support-for-light-weight-machinery\/#primaryimage\",\"url\":\"https:\/\/geoclimate.ge\/wp-content\/uploads\/2025\/02\/mini-photo.jpg\",\"contentUrl\":\"https:\/\/geoclimate.ge\/wp-content\/uploads\/2025\/02\/mini-photo.jpg\",\"width\":280,\"height\":210},{\"@type\":\"BreadcrumbList\",\"@id\":\"https:\/\/geoclimate.ge\/fr\/produit\/vibro-mini-anti-vibration-rubber-support-for-light-weight-machinery\/#breadcrumb\",\"itemListElement\":[{\"@type\":\"ListItem\",\"position\":1,\"name\":\"Home\",\"item\":\"https:\/\/geoclimate.ge\/fr\/\"},{\"@type\":\"ListItem\",\"position\":2,\"name\":\"Products\",\"item\":\"https:\/\/geoclimate.ge\/fr\/products\/\"},{\"@type\":\"ListItem\",\"position\":3,\"name\":\"Vibro-mini : Support antivibratoire en caoutchouc pour machines l\u00e9g\u00e8res\"}]},{\"@type\":\"WebSite\",\"@id\":\"https:\/\/geoclimate.ge\/#website\",\"url\":\"https:\/\/geoclimate.ge\/\",\"name\":\"GeoClimate\",\"description\":\"\",\"publisher\":{\"@id\":\"https:\/\/geoclimate.ge\/#organization\"},\"potentialAction\":[{\"@type\":\"SearchAction\",\"target\":{\"@type\":\"EntryPoint\",\"urlTemplate\":\"https:\/\/geoclimate.ge\/?s={search_term_string}\"},\"query-input\":{\"@type\":\"PropertyValueSpecification\",\"valueRequired\":true,\"valueName\":\"search_term_string\"}}],\"inLanguage\":\"fr-FR\"},{\"@type\":\"Organization\",\"@id\":\"https:\/\/geoclimate.ge\/#organization\",\"name\":\"GeoClimate\",\"url\":\"https:\/\/geoclimate.ge\/\",\"logo\":{\"@type\":\"ImageObject\",\"inLanguage\":\"fr-FR\",\"@id\":\"https:\/\/geoclimate.ge\/#\/schema\/logo\/image\/\",\"url\":\"https:\/\/geoclimate.ge\/wp-content\/uploads\/2026\/03\/geoclimate-SEO.png\",\"contentUrl\":\"https:\/\/geoclimate.ge\/wp-content\/uploads\/2026\/03\/geoclimate-SEO.png\",\"width\":1536,\"height\":1024,\"caption\":\"GeoClimate\"},\"image\":{\"@id\":\"https:\/\/geoclimate.ge\/#\/schema\/logo\/image\/\"}}]}<\/script>\n<!-- \/ Yoast SEO plugin. -->","yoast_head_json":{"title":"Vibro-mini : Support antivibratoire en caoutchouc pour machines l\u00e9g\u00e8res - GeoClimate.ge","robots":{"index":"index","follow":"follow","max-snippet":"max-snippet:-1","max-image-preview":"max-image-preview:large","max-video-preview":"max-video-preview:-1"},"canonical":"https:\/\/geoclimate.ge\/fr\/produit\/vibro-mini-anti-vibration-rubber-support-for-light-weight-machinery\/","og_locale":"fr_FR","og_type":"article","og_title":"Vibro-mini : Support antivibratoire en caoutchouc pour machines l\u00e9g\u00e8res - GeoClimate.ge","og_description":"Solution antivibratoire pour machines l\u00e9g\u00e8res. Peut \u00eatre utilis\u00e9 pour le montage ou la suspension antivibratoire de plafonds ou d'\u00e9quipements CVC.  DESCRIPTION Le support antivibratoire en caoutchouc Vibro-mini est une solution \u00e0 faible co\u00fbt pour les probl\u00e8mes de vibrations caus\u00e9s par les machines de faible poids. C'est une excellente solution pour le support antivibratoire de faibles charges axiales. Le Vibro-mini peut \u00eatre fix\u00e9 avec un ancrage au sol, \u00eatre suspendu au plafond par des ancrages et \u00e9galement \u00eatre plac\u00e9 sur une base m\u00e9tallique avec une vis traversante de \u039c8 mm.  En raison de sa conception pionni\u00e8re, le Vibro-mini offre une grande d\u00e9flexion lorsqu'il est charg\u00e9. Comme on le sait, UNE D\u00c9FLEXION PLUS IMPORTANTE SIGNIFIE DE MEILLEURS R\u00c9SULTATS ANTIVIBRATIONS.  Faites attention \u00e0 :  La tige d'ancrage de la suspension doit \u00eatre perpendiculaire. La vis traversante emp\u00eache la machine de tomber en cas de destruction de la partie \u00e9lastique. (Fail Safe) Le poids de la machine doit \u00eatre appliqu\u00e9 sur la surface sup\u00e9rieure du Vibro-mini. APPLICATIONS  SUPPORT ANTIVIBRATOIRE DE MACHINES SUSPENSION DE MACHINES (Climatiseurs, Ventilateurs, etc.) SUSPENSIONS D'ISOLATION ACOUSTIQUE PLAFONDS EN PLAQUES DE PL\u00c2TRE ATTENTION : Ne pas trop serrer la vis de fixation. La vis et l'\u00e9crou ne doivent comprimer aucune des pi\u00e8ces \u00e9lastiques. Il est important de ne pas oublier de faire passer le col du Vibro-mini dans le trou et de le placer sur la RONDELLE \u00c9LASTIQUE et sur la base m\u00e9tallique.  CARACT\u00c9RISTIQUES DYNAMIQUES  Plage de charge 8 \u2013 50 daN Fr\u00e9quence propre sup\u00e9rieure \u00e0 15 Hz.","og_url":"https:\/\/geoclimate.ge\/fr\/produit\/vibro-mini-anti-vibration-rubber-support-for-light-weight-machinery\/","og_site_name":"GeoClimate.ge","article_modified_time":"2025-02-07T16:47:04+00:00","og_image":[{"width":280,"height":210,"url":"https:\/\/geoclimate.ge\/wp-content\/uploads\/2025\/02\/mini-photo.jpg","type":"image\/jpeg"}],"twitter_card":"summary_large_image","schema":{"@context":"https:\/\/schema.org","@graph":[{"@type":"WebPage","@id":"https:\/\/geoclimate.ge\/fr\/produit\/vibro-mini-anti-vibration-rubber-support-for-light-weight-machinery\/","url":"https:\/\/geoclimate.ge\/fr\/produit\/vibro-mini-anti-vibration-rubber-support-for-light-weight-machinery\/","name":"Vibro-mini : Support antivibratoire en caoutchouc pour machines l\u00e9g\u00e8res - GeoClimate.ge","isPartOf":{"@id":"https:\/\/geoclimate.ge\/#website"},"primaryImageOfPage":{"@id":"https:\/\/geoclimate.ge\/fr\/produit\/vibro-mini-anti-vibration-rubber-support-for-light-weight-machinery\/#primaryimage"},"image":{"@id":"https:\/\/geoclimate.ge\/fr\/produit\/vibro-mini-anti-vibration-rubber-support-for-light-weight-machinery\/#primaryimage"},"thumbnailUrl":"https:\/\/geoclimate.ge\/wp-content\/uploads\/2025\/02\/mini-photo.jpg","datePublished":"2025-02-07T16:44:53+00:00","dateModified":"2025-02-07T16:47:04+00:00","breadcrumb":{"@id":"https:\/\/geoclimate.ge\/fr\/produit\/vibro-mini-anti-vibration-rubber-support-for-light-weight-machinery\/#breadcrumb"},"inLanguage":"fr-FR","potentialAction":[{"@type":"ReadAction","target":["https:\/\/geoclimate.ge\/fr\/produit\/vibro-mini-anti-vibration-rubber-support-for-light-weight-machinery\/"]}]},{"@type":"ImageObject","inLanguage":"fr-FR","@id":"https:\/\/geoclimate.ge\/fr\/produit\/vibro-mini-anti-vibration-rubber-support-for-light-weight-machinery\/#primaryimage","url":"https:\/\/geoclimate.ge\/wp-content\/uploads\/2025\/02\/mini-photo.jpg","contentUrl":"https:\/\/geoclimate.ge\/wp-content\/uploads\/2025\/02\/mini-photo.jpg","width":280,"height":210},{"@type":"BreadcrumbList","@id":"https:\/\/geoclimate.ge\/fr\/produit\/vibro-mini-anti-vibration-rubber-support-for-light-weight-machinery\/#breadcrumb","itemListElement":[{"@type":"ListItem","position":1,"name":"Home","item":"https:\/\/geoclimate.ge\/fr\/"},{"@type":"ListItem","position":2,"name":"Products","item":"https:\/\/geoclimate.ge\/fr\/products\/"},{"@type":"ListItem","position":3,"name":"Vibro-mini : Support antivibratoire en caoutchouc pour machines l\u00e9g\u00e8res"}]},{"@type":"WebSite","@id":"https:\/\/geoclimate.ge\/#website","url":"https:\/\/geoclimate.ge\/","name":"GeoClimate","description":"","publisher":{"@id":"https:\/\/geoclimate.ge\/#organization"},"potentialAction":[{"@type":"SearchAction","target":{"@type":"EntryPoint","urlTemplate":"https:\/\/geoclimate.ge\/?s={search_term_string}"},"query-input":{"@type":"PropertyValueSpecification","valueRequired":true,"valueName":"search_term_string"}}],"inLanguage":"fr-FR"},{"@type":"Organization","@id":"https:\/\/geoclimate.ge\/#organization","name":"GeoClimate","url":"https:\/\/geoclimate.ge\/","logo":{"@type":"ImageObject","inLanguage":"fr-FR","@id":"https:\/\/geoclimate.ge\/#\/schema\/logo\/image\/","url":"https:\/\/geoclimate.ge\/wp-content\/uploads\/2026\/03\/geoclimate-SEO.png","contentUrl":"https:\/\/geoclimate.ge\/wp-content\/uploads\/2026\/03\/geoclimate-SEO.png","width":1536,"height":1024,"caption":"GeoClimate"},"image":{"@id":"https:\/\/geoclimate.ge\/#\/schema\/logo\/image\/"}}]}},"_links":{"self":[{"href":"https:\/\/geoclimate.ge\/fr\/wp-json\/wp\/v2\/product\/17871","targetHints":{"allow":["GET"]}}],"collection":[{"href":"https:\/\/geoclimate.ge\/fr\/wp-json\/wp\/v2\/product"}],"about":[{"href":"https:\/\/geoclimate.ge\/fr\/wp-json\/wp\/v2\/types\/product"}],"wp:featuredmedia":[{"embeddable":true,"href":"https:\/\/geoclimate.ge\/fr\/wp-json\/wp\/v2\/media\/17868"}],"wp:attachment":[{"href":"https:\/\/geoclimate.ge\/fr\/wp-json\/wp\/v2\/media?parent=17871"}],"wp:term":[{"taxonomy":"product_brand","embeddable":true,"href":"https:\/\/geoclimate.ge\/fr\/wp-json\/wp\/v2\/product_brand?post=17871"},{"taxonomy":"product_cat","embeddable":true,"href":"https:\/\/geoclimate.ge\/fr\/wp-json\/wp\/v2\/product_cat?post=17871"},{"taxonomy":"product_tag","embeddable":true,"href":"https:\/\/geoclimate.ge\/fr\/wp-json\/wp\/v2\/product_tag?post=17871"}],"curies":[{"name":"wp","href":"https:\/\/api.w.org\/{rel}","templated":true}]}}