{"id":17887,"date":"2025-02-07T20:53:10","date_gmt":"2025-02-07T16:53:10","guid":{"rendered":"https:\/\/airsystems.ge\/shop\/product\/vibro-midi-anti-vibration-rubber-support\/"},"modified":"2025-02-18T18:48:23","modified_gmt":"2025-02-18T14:48:23","slug":"vibro-midi-anti-vibration-rubber-support","status":"publish","type":"product","link":"https:\/\/geoclimate.ge\/fr\/produit\/vibro-midi-anti-vibration-rubber-support\/","title":{"rendered":"Vibro-Midi : Support antivibratoire en caoutchouc"},"content":{"rendered":"","protected":false},"excerpt":{"rendered":"<p>Vibro-Midi est une solution ing\u00e9nieuse et peu co\u00fbteuse aux probl\u00e8mes de vibrations. Gr\u00e2ce \u00e0 sa conception innovante, il offre une d\u00e9flexion impressionnante sous charge.<\/p>\n<p>DESCRIPTION<\/p>\n<p>Support antivibratoire en caoutchouc<\/p>\n<p>Le support antivibratoire en caoutchouc Vibro-Midi est une solution ing\u00e9nieuse et peu co\u00fbteuse aux probl\u00e8mes de<br \/>\nvibrations. Gr\u00e2ce \u00e0 sa conception innovante, Vibro-Midi offre une d\u00e9flexion impressionnante sous charge. Il<br \/>\npeut \u00eatre fix\u00e9 avec un ancrage au sol, ou il peut \u00eatre suspendu au plafond par des<br \/>\ntiges filet\u00e9es ou m\u00eame \u00eatre plac\u00e9 sur une base m\u00e9tallique avec une vis traversante de M8 \u2013 M10 mm.<\/p>\n<p>La vis mentionn\u00e9e ci-dessus ne cr\u00e9e aucun pont sonore gr\u00e2ce \u00e0 son col en caoutchouc cylindrique.<\/p>\n<p>Attention \u00e0 :<\/p>\n<p>La vis traversante emp\u00eache la chute de la machine en cas de destruction de la pi\u00e8ce en caoutchouc. (Fail Safe).<br \/>\nVeuillez vous r\u00e9f\u00e9rer \u00e0 la notice d&rsquo;application indicative afin d&rsquo;utiliser correctement la rondelle m\u00e9tallique.<br \/>\nAttention \u00e0 placer \u00e9galement une rondelle en caoutchouc c\u00f4t\u00e9 col, afin d&rsquo;\u00e9viter le contact avec la rondelle m\u00e9tallique.<br \/>\nVeuillez consulter le PDF Applications pour des exemples d&rsquo;installation.<\/p>\n<p>CARACT\u00c9RISTIQUES DYNAMIQUES<\/p>\n<p>D\u00e9flexion (\u00e0 charge maximale) : 8 mm<br \/>\nFr\u00e9quence naturelle : Vibro-Midi est adapt\u00e9<br \/>\npour faire face \u00e0 des vibrations de fr\u00e9quence<br \/>\nnaturelle sup\u00e9rieure \u00e0 8 Hz.<\/p>\n","protected":false},"featured_media":17884,"template":"","meta":[],"product_brand":[],"product_cat":[707],"product_tag":[],"class_list":{"0":"post-17887","1":"product","2":"type-product","3":"status-publish","4":"has-post-thumbnail","6":"product_cat-vibration-anti-bruit-acoustique-fr","8":"first","9":"instock","10":"shipping-taxable","11":"product-type-simple"},"yoast_head":"<!-- This site is optimized with the Yoast SEO plugin v27.1.1 - https:\/\/yoast.com\/product\/yoast-seo-wordpress\/ -->\n<title>Vibro-Midi : Support antivibratoire en caoutchouc - GeoClimate.ge<\/title>\n<meta name=\"robots\" content=\"index, follow, max-snippet:-1, max-image-preview:large, max-video-preview:-1\" \/>\n<link rel=\"canonical\" href=\"https:\/\/geoclimate.ge\/fr\/produit\/vibro-midi-anti-vibration-rubber-support\/\" \/>\n<meta property=\"og:locale\" content=\"fr_FR\" \/>\n<meta property=\"og:type\" content=\"article\" \/>\n<meta property=\"og:title\" content=\"Vibro-Midi : Support antivibratoire en caoutchouc - GeoClimate.ge\" \/>\n<meta property=\"og:description\" content=\"Vibro-Midi est une solution ing\u00e9nieuse et peu co\u00fbteuse aux probl\u00e8mes de vibrations. Gr\u00e2ce \u00e0 sa conception innovante, il offre une d\u00e9flexion impressionnante sous charge.  DESCRIPTION  Support antivibratoire en caoutchouc  Le support antivibratoire en caoutchouc Vibro-Midi est une solution ing\u00e9nieuse et peu co\u00fbteuse aux probl\u00e8mes de vibrations. Gr\u00e2ce \u00e0 sa conception innovante, Vibro-Midi offre une d\u00e9flexion impressionnante sous charge. Il peut \u00eatre fix\u00e9 avec un ancrage au sol, ou il peut \u00eatre suspendu au plafond par des tiges filet\u00e9es ou m\u00eame \u00eatre plac\u00e9 sur une base m\u00e9tallique avec une vis traversante de M8 \u2013 M10 mm.  La vis mentionn\u00e9e ci-dessus ne cr\u00e9e aucun pont sonore gr\u00e2ce \u00e0 son col en caoutchouc cylindrique.  Attention \u00e0 :  La vis traversante emp\u00eache la chute de la machine en cas de destruction de la pi\u00e8ce en caoutchouc. (Fail Safe). Veuillez vous r\u00e9f\u00e9rer \u00e0 la notice d&#039;application indicative afin d&#039;utiliser correctement la rondelle m\u00e9tallique. Attention \u00e0 placer \u00e9galement une rondelle en caoutchouc c\u00f4t\u00e9 col, afin d&#039;\u00e9viter le contact avec la rondelle m\u00e9tallique. Veuillez consulter le PDF Applications pour des exemples d&#039;installation.  CARACT\u00c9RISTIQUES DYNAMIQUES  D\u00e9flexion (\u00e0 charge maximale) : 8 mm Fr\u00e9quence naturelle : Vibro-Midi est adapt\u00e9 pour faire face \u00e0 des vibrations de fr\u00e9quence naturelle sup\u00e9rieure \u00e0 8 Hz.\" \/>\n<meta property=\"og:url\" content=\"https:\/\/geoclimate.ge\/fr\/produit\/vibro-midi-anti-vibration-rubber-support\/\" \/>\n<meta property=\"og:site_name\" content=\"GeoClimate.ge\" \/>\n<meta property=\"article:modified_time\" content=\"2025-02-18T14:48:23+00:00\" \/>\n<meta property=\"og:image\" content=\"https:\/\/geoclimate.ge\/wp-content\/uploads\/2025\/02\/Single-1-e1531315274961.jpg\" \/>\n\t<meta property=\"og:image:width\" content=\"200\" \/>\n\t<meta property=\"og:image:height\" content=\"185\" \/>\n\t<meta property=\"og:image:type\" content=\"image\/jpeg\" \/>\n<meta name=\"twitter:card\" content=\"summary_large_image\" \/>\n<script type=\"application\/ld+json\" class=\"yoast-schema-graph\">{\"@context\":\"https:\/\/schema.org\",\"@graph\":[{\"@type\":\"WebPage\",\"@id\":\"https:\/\/geoclimate.ge\/fr\/produit\/vibro-midi-anti-vibration-rubber-support\/\",\"url\":\"https:\/\/geoclimate.ge\/fr\/produit\/vibro-midi-anti-vibration-rubber-support\/\",\"name\":\"Vibro-Midi : Support antivibratoire en caoutchouc - GeoClimate.ge\",\"isPartOf\":{\"@id\":\"https:\/\/geoclimate.ge\/#website\"},\"primaryImageOfPage\":{\"@id\":\"https:\/\/geoclimate.ge\/fr\/produit\/vibro-midi-anti-vibration-rubber-support\/#primaryimage\"},\"image\":{\"@id\":\"https:\/\/geoclimate.ge\/fr\/produit\/vibro-midi-anti-vibration-rubber-support\/#primaryimage\"},\"thumbnailUrl\":\"https:\/\/geoclimate.ge\/wp-content\/uploads\/2025\/02\/Single-1-e1531315274961.jpg\",\"datePublished\":\"2025-02-07T16:53:10+00:00\",\"dateModified\":\"2025-02-18T14:48:23+00:00\",\"breadcrumb\":{\"@id\":\"https:\/\/geoclimate.ge\/fr\/produit\/vibro-midi-anti-vibration-rubber-support\/#breadcrumb\"},\"inLanguage\":\"fr-FR\",\"potentialAction\":[{\"@type\":\"ReadAction\",\"target\":[\"https:\/\/geoclimate.ge\/fr\/produit\/vibro-midi-anti-vibration-rubber-support\/\"]}]},{\"@type\":\"ImageObject\",\"inLanguage\":\"fr-FR\",\"@id\":\"https:\/\/geoclimate.ge\/fr\/produit\/vibro-midi-anti-vibration-rubber-support\/#primaryimage\",\"url\":\"https:\/\/geoclimate.ge\/wp-content\/uploads\/2025\/02\/Single-1-e1531315274961.jpg\",\"contentUrl\":\"https:\/\/geoclimate.ge\/wp-content\/uploads\/2025\/02\/Single-1-e1531315274961.jpg\",\"width\":200,\"height\":185},{\"@type\":\"BreadcrumbList\",\"@id\":\"https:\/\/geoclimate.ge\/fr\/produit\/vibro-midi-anti-vibration-rubber-support\/#breadcrumb\",\"itemListElement\":[{\"@type\":\"ListItem\",\"position\":1,\"name\":\"Home\",\"item\":\"https:\/\/geoclimate.ge\/fr\/\"},{\"@type\":\"ListItem\",\"position\":2,\"name\":\"Products\",\"item\":\"https:\/\/geoclimate.ge\/fr\/products\/\"},{\"@type\":\"ListItem\",\"position\":3,\"name\":\"Vibro-Midi : Support antivibratoire en caoutchouc\"}]},{\"@type\":\"WebSite\",\"@id\":\"https:\/\/geoclimate.ge\/#website\",\"url\":\"https:\/\/geoclimate.ge\/\",\"name\":\"GeoClimate\",\"description\":\"\",\"publisher\":{\"@id\":\"https:\/\/geoclimate.ge\/#organization\"},\"potentialAction\":[{\"@type\":\"SearchAction\",\"target\":{\"@type\":\"EntryPoint\",\"urlTemplate\":\"https:\/\/geoclimate.ge\/?s={search_term_string}\"},\"query-input\":{\"@type\":\"PropertyValueSpecification\",\"valueRequired\":true,\"valueName\":\"search_term_string\"}}],\"inLanguage\":\"fr-FR\"},{\"@type\":\"Organization\",\"@id\":\"https:\/\/geoclimate.ge\/#organization\",\"name\":\"GeoClimate\",\"url\":\"https:\/\/geoclimate.ge\/\",\"logo\":{\"@type\":\"ImageObject\",\"inLanguage\":\"fr-FR\",\"@id\":\"https:\/\/geoclimate.ge\/#\/schema\/logo\/image\/\",\"url\":\"https:\/\/geoclimate.ge\/wp-content\/uploads\/2026\/03\/geoclimate-SEO.png\",\"contentUrl\":\"https:\/\/geoclimate.ge\/wp-content\/uploads\/2026\/03\/geoclimate-SEO.png\",\"width\":1536,\"height\":1024,\"caption\":\"GeoClimate\"},\"image\":{\"@id\":\"https:\/\/geoclimate.ge\/#\/schema\/logo\/image\/\"}}]}<\/script>\n<!-- \/ Yoast SEO plugin. -->","yoast_head_json":{"title":"Vibro-Midi : Support antivibratoire en caoutchouc - GeoClimate.ge","robots":{"index":"index","follow":"follow","max-snippet":"max-snippet:-1","max-image-preview":"max-image-preview:large","max-video-preview":"max-video-preview:-1"},"canonical":"https:\/\/geoclimate.ge\/fr\/produit\/vibro-midi-anti-vibration-rubber-support\/","og_locale":"fr_FR","og_type":"article","og_title":"Vibro-Midi : Support antivibratoire en caoutchouc - GeoClimate.ge","og_description":"Vibro-Midi est une solution ing\u00e9nieuse et peu co\u00fbteuse aux probl\u00e8mes de vibrations. Gr\u00e2ce \u00e0 sa conception innovante, il offre une d\u00e9flexion impressionnante sous charge.  DESCRIPTION  Support antivibratoire en caoutchouc  Le support antivibratoire en caoutchouc Vibro-Midi est une solution ing\u00e9nieuse et peu co\u00fbteuse aux probl\u00e8mes de vibrations. Gr\u00e2ce \u00e0 sa conception innovante, Vibro-Midi offre une d\u00e9flexion impressionnante sous charge. Il peut \u00eatre fix\u00e9 avec un ancrage au sol, ou il peut \u00eatre suspendu au plafond par des tiges filet\u00e9es ou m\u00eame \u00eatre plac\u00e9 sur une base m\u00e9tallique avec une vis traversante de M8 \u2013 M10 mm.  La vis mentionn\u00e9e ci-dessus ne cr\u00e9e aucun pont sonore gr\u00e2ce \u00e0 son col en caoutchouc cylindrique.  Attention \u00e0 :  La vis traversante emp\u00eache la chute de la machine en cas de destruction de la pi\u00e8ce en caoutchouc. (Fail Safe). Veuillez vous r\u00e9f\u00e9rer \u00e0 la notice d'application indicative afin d'utiliser correctement la rondelle m\u00e9tallique. Attention \u00e0 placer \u00e9galement une rondelle en caoutchouc c\u00f4t\u00e9 col, afin d'\u00e9viter le contact avec la rondelle m\u00e9tallique. Veuillez consulter le PDF Applications pour des exemples d'installation.  CARACT\u00c9RISTIQUES DYNAMIQUES  D\u00e9flexion (\u00e0 charge maximale) : 8 mm Fr\u00e9quence naturelle : Vibro-Midi est adapt\u00e9 pour faire face \u00e0 des vibrations de fr\u00e9quence naturelle sup\u00e9rieure \u00e0 8 Hz.","og_url":"https:\/\/geoclimate.ge\/fr\/produit\/vibro-midi-anti-vibration-rubber-support\/","og_site_name":"GeoClimate.ge","article_modified_time":"2025-02-18T14:48:23+00:00","og_image":[{"width":200,"height":185,"url":"https:\/\/geoclimate.ge\/wp-content\/uploads\/2025\/02\/Single-1-e1531315274961.jpg","type":"image\/jpeg"}],"twitter_card":"summary_large_image","schema":{"@context":"https:\/\/schema.org","@graph":[{"@type":"WebPage","@id":"https:\/\/geoclimate.ge\/fr\/produit\/vibro-midi-anti-vibration-rubber-support\/","url":"https:\/\/geoclimate.ge\/fr\/produit\/vibro-midi-anti-vibration-rubber-support\/","name":"Vibro-Midi : Support antivibratoire en caoutchouc - GeoClimate.ge","isPartOf":{"@id":"https:\/\/geoclimate.ge\/#website"},"primaryImageOfPage":{"@id":"https:\/\/geoclimate.ge\/fr\/produit\/vibro-midi-anti-vibration-rubber-support\/#primaryimage"},"image":{"@id":"https:\/\/geoclimate.ge\/fr\/produit\/vibro-midi-anti-vibration-rubber-support\/#primaryimage"},"thumbnailUrl":"https:\/\/geoclimate.ge\/wp-content\/uploads\/2025\/02\/Single-1-e1531315274961.jpg","datePublished":"2025-02-07T16:53:10+00:00","dateModified":"2025-02-18T14:48:23+00:00","breadcrumb":{"@id":"https:\/\/geoclimate.ge\/fr\/produit\/vibro-midi-anti-vibration-rubber-support\/#breadcrumb"},"inLanguage":"fr-FR","potentialAction":[{"@type":"ReadAction","target":["https:\/\/geoclimate.ge\/fr\/produit\/vibro-midi-anti-vibration-rubber-support\/"]}]},{"@type":"ImageObject","inLanguage":"fr-FR","@id":"https:\/\/geoclimate.ge\/fr\/produit\/vibro-midi-anti-vibration-rubber-support\/#primaryimage","url":"https:\/\/geoclimate.ge\/wp-content\/uploads\/2025\/02\/Single-1-e1531315274961.jpg","contentUrl":"https:\/\/geoclimate.ge\/wp-content\/uploads\/2025\/02\/Single-1-e1531315274961.jpg","width":200,"height":185},{"@type":"BreadcrumbList","@id":"https:\/\/geoclimate.ge\/fr\/produit\/vibro-midi-anti-vibration-rubber-support\/#breadcrumb","itemListElement":[{"@type":"ListItem","position":1,"name":"Home","item":"https:\/\/geoclimate.ge\/fr\/"},{"@type":"ListItem","position":2,"name":"Products","item":"https:\/\/geoclimate.ge\/fr\/products\/"},{"@type":"ListItem","position":3,"name":"Vibro-Midi : Support antivibratoire en caoutchouc"}]},{"@type":"WebSite","@id":"https:\/\/geoclimate.ge\/#website","url":"https:\/\/geoclimate.ge\/","name":"GeoClimate","description":"","publisher":{"@id":"https:\/\/geoclimate.ge\/#organization"},"potentialAction":[{"@type":"SearchAction","target":{"@type":"EntryPoint","urlTemplate":"https:\/\/geoclimate.ge\/?s={search_term_string}"},"query-input":{"@type":"PropertyValueSpecification","valueRequired":true,"valueName":"search_term_string"}}],"inLanguage":"fr-FR"},{"@type":"Organization","@id":"https:\/\/geoclimate.ge\/#organization","name":"GeoClimate","url":"https:\/\/geoclimate.ge\/","logo":{"@type":"ImageObject","inLanguage":"fr-FR","@id":"https:\/\/geoclimate.ge\/#\/schema\/logo\/image\/","url":"https:\/\/geoclimate.ge\/wp-content\/uploads\/2026\/03\/geoclimate-SEO.png","contentUrl":"https:\/\/geoclimate.ge\/wp-content\/uploads\/2026\/03\/geoclimate-SEO.png","width":1536,"height":1024,"caption":"GeoClimate"},"image":{"@id":"https:\/\/geoclimate.ge\/#\/schema\/logo\/image\/"}}]}},"_links":{"self":[{"href":"https:\/\/geoclimate.ge\/fr\/wp-json\/wp\/v2\/product\/17887","targetHints":{"allow":["GET"]}}],"collection":[{"href":"https:\/\/geoclimate.ge\/fr\/wp-json\/wp\/v2\/product"}],"about":[{"href":"https:\/\/geoclimate.ge\/fr\/wp-json\/wp\/v2\/types\/product"}],"wp:featuredmedia":[{"embeddable":true,"href":"https:\/\/geoclimate.ge\/fr\/wp-json\/wp\/v2\/media\/17884"}],"wp:attachment":[{"href":"https:\/\/geoclimate.ge\/fr\/wp-json\/wp\/v2\/media?parent=17887"}],"wp:term":[{"taxonomy":"product_brand","embeddable":true,"href":"https:\/\/geoclimate.ge\/fr\/wp-json\/wp\/v2\/product_brand?post=17887"},{"taxonomy":"product_cat","embeddable":true,"href":"https:\/\/geoclimate.ge\/fr\/wp-json\/wp\/v2\/product_cat?post=17887"},{"taxonomy":"product_tag","embeddable":true,"href":"https:\/\/geoclimate.ge\/fr\/wp-json\/wp\/v2\/product_tag?post=17887"}],"curies":[{"name":"wp","href":"https:\/\/api.w.org\/{rel}","templated":true}]}}