{"id":17899,"date":"2025-02-07T20:57:59","date_gmt":"2025-02-07T16:57:59","guid":{"rendered":"https:\/\/airsystems.ge\/shop\/product\/vibro-ss-simple-spring-isolator\/"},"modified":"2025-02-07T21:00:45","modified_gmt":"2025-02-07T17:00:45","slug":"vibro-ss-simple-spring-isolator","status":"publish","type":"product","link":"https:\/\/geoclimate.ge\/fr\/produit\/vibro-ss-simple-spring-isolator\/","title":{"rendered":"Vibro-SS : Isolateur \u00e0 ressort simple"},"content":{"rendered":"","protected":false},"excerpt":{"rendered":"<p>Un dispositif anti-vibratoire simple et facile \u00e0 installer avec un excellent rapport qualit\u00e9-prix. Il peut \u00eatre utilis\u00e9 pour r\u00e9duire les vibrations transmises structurellement par les tuyaux et les machines.<\/p>\n<p>DESCRIPTION<\/p>\n<p>L&rsquo;isolateur \u00e0 ressort simple Vibro-SS est une solution \u00e9conomique utilis\u00e9e pour r\u00e9duire les vibrations transmises structurellement par les tuyaux et les machines. Il aide \u00e9galement \u00e0 l&rsquo;isolation en tant que suspension de faux plafond. Le ressort en acier est fabriqu\u00e9 conform\u00e9ment \u00e0 la norme DIN. Vibro-SS dispose \u00e9galement d&rsquo;un \u0153illet anti-vibratoire en n\u00e9opr\u00e8ne en haut et en bas du ressort agissant comme un brise-son et augmentant l&rsquo;efficacit\u00e9 de l&rsquo;isolation. En raison de sa d\u00e9flexion \u00e9lev\u00e9e, il peut absorber une faible fr\u00e9quence d&rsquo;excitation.<\/p>\n<p>Attention : (a) Les ancrages doivent \u00eatre install\u00e9s perpendiculairement.<\/p>\n<p>(b) Ne pas \u00e9tirer.<\/p>\n<p>(c) Utiliser des \u00e9crous de s\u00e9curit\u00e9.<\/p>\n<p>Pourquoi utiliser l&rsquo;isolateur \u00e0 ressort simple Vibro-SS ?<\/p>\n<p>Solution \u00e9conomique<br \/>\nInstallation facile<br \/>\nAdaptable \u00e0 diff\u00e9rentes applications<br \/>\nFaible fr\u00e9quence naturelle<br \/>\nD\u00e9flexion \u00e9lev\u00e9e sous charge<br \/>\nAPPLICATIONS<br \/>\n-Suspension anti-vibratoire de tuyaux.<br \/>\n-Suspension anti-vibratoire pour machine.<br \/>\n-Suspension pour faux plafond \u00e0 isolation phonique.<\/p>\n<p>CARACT\u00c9RISTIQUES DYNAMIQUES<\/p>\n<p>D\u00e9flexion : 25 mm (\u00e0 charge maximale)<\/p>\n<p>Fr\u00e9quence naturelle (\u00e0 charge maximale) : 3 Hz<\/p>\n","protected":false},"featured_media":17892,"template":"","meta":[],"product_brand":[],"product_cat":[707],"product_tag":[],"class_list":{"0":"post-17899","1":"product","2":"type-product","3":"status-publish","4":"has-post-thumbnail","6":"product_cat-vibration-anti-bruit-acoustique-fr","8":"first","9":"instock","10":"shipping-taxable","11":"product-type-simple"},"yoast_head":"<!-- This site is optimized with the Yoast SEO plugin v27.1.1 - https:\/\/yoast.com\/product\/yoast-seo-wordpress\/ -->\n<title>Vibro-SS : Isolateur \u00e0 ressort simple - GeoClimate.ge<\/title>\n<meta name=\"robots\" content=\"index, follow, max-snippet:-1, max-image-preview:large, max-video-preview:-1\" \/>\n<link rel=\"canonical\" href=\"https:\/\/geoclimate.ge\/fr\/produit\/vibro-ss-simple-spring-isolator\/\" \/>\n<meta property=\"og:locale\" content=\"fr_FR\" \/>\n<meta property=\"og:type\" content=\"article\" \/>\n<meta property=\"og:title\" content=\"Vibro-SS : Isolateur \u00e0 ressort simple - GeoClimate.ge\" \/>\n<meta property=\"og:description\" content=\"Un dispositif anti-vibratoire simple et facile \u00e0 installer avec un excellent rapport qualit\u00e9-prix. Il peut \u00eatre utilis\u00e9 pour r\u00e9duire les vibrations transmises structurellement par les tuyaux et les machines.  DESCRIPTION  L&#039;isolateur \u00e0 ressort simple Vibro-SS est une solution \u00e9conomique utilis\u00e9e pour r\u00e9duire les vibrations transmises structurellement par les tuyaux et les machines. Il aide \u00e9galement \u00e0 l&#039;isolation en tant que suspension de faux plafond. Le ressort en acier est fabriqu\u00e9 conform\u00e9ment \u00e0 la norme DIN. Vibro-SS dispose \u00e9galement d&#039;un \u0153illet anti-vibratoire en n\u00e9opr\u00e8ne en haut et en bas du ressort agissant comme un brise-son et augmentant l&#039;efficacit\u00e9 de l&#039;isolation. En raison de sa d\u00e9flexion \u00e9lev\u00e9e, il peut absorber une faible fr\u00e9quence d&#039;excitation.  Attention : (a) Les ancrages doivent \u00eatre install\u00e9s perpendiculairement.  (b) Ne pas \u00e9tirer.  (c) Utiliser des \u00e9crous de s\u00e9curit\u00e9.  Pourquoi utiliser l&#039;isolateur \u00e0 ressort simple Vibro-SS ?  Solution \u00e9conomique Installation facile Adaptable \u00e0 diff\u00e9rentes applications Faible fr\u00e9quence naturelle D\u00e9flexion \u00e9lev\u00e9e sous charge APPLICATIONS -Suspension anti-vibratoire de tuyaux. -Suspension anti-vibratoire pour machine. -Suspension pour faux plafond \u00e0 isolation phonique.  CARACT\u00c9RISTIQUES DYNAMIQUES  D\u00e9flexion : 25 mm (\u00e0 charge maximale)  Fr\u00e9quence naturelle (\u00e0 charge maximale) : 3 Hz\" \/>\n<meta property=\"og:url\" content=\"https:\/\/geoclimate.ge\/fr\/produit\/vibro-ss-simple-spring-isolator\/\" \/>\n<meta property=\"og:site_name\" content=\"GeoClimate.ge\" \/>\n<meta property=\"article:modified_time\" content=\"2025-02-07T17:00:45+00:00\" \/>\n<meta property=\"og:image\" content=\"https:\/\/geoclimate.ge\/wp-content\/uploads\/2025\/02\/Vibro-SS-6.jpg\" \/>\n\t<meta property=\"og:image:width\" content=\"1280\" \/>\n\t<meta property=\"og:image:height\" content=\"1024\" \/>\n\t<meta property=\"og:image:type\" content=\"image\/jpeg\" \/>\n<meta name=\"twitter:card\" content=\"summary_large_image\" \/>\n<script type=\"application\/ld+json\" class=\"yoast-schema-graph\">{\"@context\":\"https:\/\/schema.org\",\"@graph\":[{\"@type\":\"WebPage\",\"@id\":\"https:\/\/geoclimate.ge\/fr\/produit\/vibro-ss-simple-spring-isolator\/\",\"url\":\"https:\/\/geoclimate.ge\/fr\/produit\/vibro-ss-simple-spring-isolator\/\",\"name\":\"Vibro-SS : Isolateur \u00e0 ressort simple - GeoClimate.ge\",\"isPartOf\":{\"@id\":\"https:\/\/geoclimate.ge\/#website\"},\"primaryImageOfPage\":{\"@id\":\"https:\/\/geoclimate.ge\/fr\/produit\/vibro-ss-simple-spring-isolator\/#primaryimage\"},\"image\":{\"@id\":\"https:\/\/geoclimate.ge\/fr\/produit\/vibro-ss-simple-spring-isolator\/#primaryimage\"},\"thumbnailUrl\":\"https:\/\/geoclimate.ge\/wp-content\/uploads\/2025\/02\/Vibro-SS-6.jpg\",\"datePublished\":\"2025-02-07T16:57:59+00:00\",\"dateModified\":\"2025-02-07T17:00:45+00:00\",\"breadcrumb\":{\"@id\":\"https:\/\/geoclimate.ge\/fr\/produit\/vibro-ss-simple-spring-isolator\/#breadcrumb\"},\"inLanguage\":\"fr-FR\",\"potentialAction\":[{\"@type\":\"ReadAction\",\"target\":[\"https:\/\/geoclimate.ge\/fr\/produit\/vibro-ss-simple-spring-isolator\/\"]}]},{\"@type\":\"ImageObject\",\"inLanguage\":\"fr-FR\",\"@id\":\"https:\/\/geoclimate.ge\/fr\/produit\/vibro-ss-simple-spring-isolator\/#primaryimage\",\"url\":\"https:\/\/geoclimate.ge\/wp-content\/uploads\/2025\/02\/Vibro-SS-6.jpg\",\"contentUrl\":\"https:\/\/geoclimate.ge\/wp-content\/uploads\/2025\/02\/Vibro-SS-6.jpg\",\"width\":1280,\"height\":1024},{\"@type\":\"BreadcrumbList\",\"@id\":\"https:\/\/geoclimate.ge\/fr\/produit\/vibro-ss-simple-spring-isolator\/#breadcrumb\",\"itemListElement\":[{\"@type\":\"ListItem\",\"position\":1,\"name\":\"Home\",\"item\":\"https:\/\/geoclimate.ge\/fr\/\"},{\"@type\":\"ListItem\",\"position\":2,\"name\":\"Products\",\"item\":\"https:\/\/geoclimate.ge\/fr\/products\/\"},{\"@type\":\"ListItem\",\"position\":3,\"name\":\"Vibro-SS : Isolateur \u00e0 ressort simple\"}]},{\"@type\":\"WebSite\",\"@id\":\"https:\/\/geoclimate.ge\/#website\",\"url\":\"https:\/\/geoclimate.ge\/\",\"name\":\"GeoClimate\",\"description\":\"\",\"publisher\":{\"@id\":\"https:\/\/geoclimate.ge\/#organization\"},\"potentialAction\":[{\"@type\":\"SearchAction\",\"target\":{\"@type\":\"EntryPoint\",\"urlTemplate\":\"https:\/\/geoclimate.ge\/?s={search_term_string}\"},\"query-input\":{\"@type\":\"PropertyValueSpecification\",\"valueRequired\":true,\"valueName\":\"search_term_string\"}}],\"inLanguage\":\"fr-FR\"},{\"@type\":\"Organization\",\"@id\":\"https:\/\/geoclimate.ge\/#organization\",\"name\":\"GeoClimate\",\"url\":\"https:\/\/geoclimate.ge\/\",\"logo\":{\"@type\":\"ImageObject\",\"inLanguage\":\"fr-FR\",\"@id\":\"https:\/\/geoclimate.ge\/#\/schema\/logo\/image\/\",\"url\":\"https:\/\/geoclimate.ge\/wp-content\/uploads\/2026\/03\/geoclimate-SEO.png\",\"contentUrl\":\"https:\/\/geoclimate.ge\/wp-content\/uploads\/2026\/03\/geoclimate-SEO.png\",\"width\":1536,\"height\":1024,\"caption\":\"GeoClimate\"},\"image\":{\"@id\":\"https:\/\/geoclimate.ge\/#\/schema\/logo\/image\/\"}}]}<\/script>\n<!-- \/ Yoast SEO plugin. -->","yoast_head_json":{"title":"Vibro-SS : Isolateur \u00e0 ressort simple - GeoClimate.ge","robots":{"index":"index","follow":"follow","max-snippet":"max-snippet:-1","max-image-preview":"max-image-preview:large","max-video-preview":"max-video-preview:-1"},"canonical":"https:\/\/geoclimate.ge\/fr\/produit\/vibro-ss-simple-spring-isolator\/","og_locale":"fr_FR","og_type":"article","og_title":"Vibro-SS : Isolateur \u00e0 ressort simple - GeoClimate.ge","og_description":"Un dispositif anti-vibratoire simple et facile \u00e0 installer avec un excellent rapport qualit\u00e9-prix. Il peut \u00eatre utilis\u00e9 pour r\u00e9duire les vibrations transmises structurellement par les tuyaux et les machines.  DESCRIPTION  L'isolateur \u00e0 ressort simple Vibro-SS est une solution \u00e9conomique utilis\u00e9e pour r\u00e9duire les vibrations transmises structurellement par les tuyaux et les machines. Il aide \u00e9galement \u00e0 l'isolation en tant que suspension de faux plafond. Le ressort en acier est fabriqu\u00e9 conform\u00e9ment \u00e0 la norme DIN. Vibro-SS dispose \u00e9galement d'un \u0153illet anti-vibratoire en n\u00e9opr\u00e8ne en haut et en bas du ressort agissant comme un brise-son et augmentant l'efficacit\u00e9 de l'isolation. En raison de sa d\u00e9flexion \u00e9lev\u00e9e, il peut absorber une faible fr\u00e9quence d'excitation.  Attention : (a) Les ancrages doivent \u00eatre install\u00e9s perpendiculairement.  (b) Ne pas \u00e9tirer.  (c) Utiliser des \u00e9crous de s\u00e9curit\u00e9.  Pourquoi utiliser l'isolateur \u00e0 ressort simple Vibro-SS ?  Solution \u00e9conomique Installation facile Adaptable \u00e0 diff\u00e9rentes applications Faible fr\u00e9quence naturelle D\u00e9flexion \u00e9lev\u00e9e sous charge APPLICATIONS -Suspension anti-vibratoire de tuyaux. -Suspension anti-vibratoire pour machine. -Suspension pour faux plafond \u00e0 isolation phonique.  CARACT\u00c9RISTIQUES DYNAMIQUES  D\u00e9flexion : 25 mm (\u00e0 charge maximale)  Fr\u00e9quence naturelle (\u00e0 charge maximale) : 3 Hz","og_url":"https:\/\/geoclimate.ge\/fr\/produit\/vibro-ss-simple-spring-isolator\/","og_site_name":"GeoClimate.ge","article_modified_time":"2025-02-07T17:00:45+00:00","og_image":[{"width":1280,"height":1024,"url":"https:\/\/geoclimate.ge\/wp-content\/uploads\/2025\/02\/Vibro-SS-6.jpg","type":"image\/jpeg"}],"twitter_card":"summary_large_image","schema":{"@context":"https:\/\/schema.org","@graph":[{"@type":"WebPage","@id":"https:\/\/geoclimate.ge\/fr\/produit\/vibro-ss-simple-spring-isolator\/","url":"https:\/\/geoclimate.ge\/fr\/produit\/vibro-ss-simple-spring-isolator\/","name":"Vibro-SS : Isolateur \u00e0 ressort simple - GeoClimate.ge","isPartOf":{"@id":"https:\/\/geoclimate.ge\/#website"},"primaryImageOfPage":{"@id":"https:\/\/geoclimate.ge\/fr\/produit\/vibro-ss-simple-spring-isolator\/#primaryimage"},"image":{"@id":"https:\/\/geoclimate.ge\/fr\/produit\/vibro-ss-simple-spring-isolator\/#primaryimage"},"thumbnailUrl":"https:\/\/geoclimate.ge\/wp-content\/uploads\/2025\/02\/Vibro-SS-6.jpg","datePublished":"2025-02-07T16:57:59+00:00","dateModified":"2025-02-07T17:00:45+00:00","breadcrumb":{"@id":"https:\/\/geoclimate.ge\/fr\/produit\/vibro-ss-simple-spring-isolator\/#breadcrumb"},"inLanguage":"fr-FR","potentialAction":[{"@type":"ReadAction","target":["https:\/\/geoclimate.ge\/fr\/produit\/vibro-ss-simple-spring-isolator\/"]}]},{"@type":"ImageObject","inLanguage":"fr-FR","@id":"https:\/\/geoclimate.ge\/fr\/produit\/vibro-ss-simple-spring-isolator\/#primaryimage","url":"https:\/\/geoclimate.ge\/wp-content\/uploads\/2025\/02\/Vibro-SS-6.jpg","contentUrl":"https:\/\/geoclimate.ge\/wp-content\/uploads\/2025\/02\/Vibro-SS-6.jpg","width":1280,"height":1024},{"@type":"BreadcrumbList","@id":"https:\/\/geoclimate.ge\/fr\/produit\/vibro-ss-simple-spring-isolator\/#breadcrumb","itemListElement":[{"@type":"ListItem","position":1,"name":"Home","item":"https:\/\/geoclimate.ge\/fr\/"},{"@type":"ListItem","position":2,"name":"Products","item":"https:\/\/geoclimate.ge\/fr\/products\/"},{"@type":"ListItem","position":3,"name":"Vibro-SS : Isolateur \u00e0 ressort simple"}]},{"@type":"WebSite","@id":"https:\/\/geoclimate.ge\/#website","url":"https:\/\/geoclimate.ge\/","name":"GeoClimate","description":"","publisher":{"@id":"https:\/\/geoclimate.ge\/#organization"},"potentialAction":[{"@type":"SearchAction","target":{"@type":"EntryPoint","urlTemplate":"https:\/\/geoclimate.ge\/?s={search_term_string}"},"query-input":{"@type":"PropertyValueSpecification","valueRequired":true,"valueName":"search_term_string"}}],"inLanguage":"fr-FR"},{"@type":"Organization","@id":"https:\/\/geoclimate.ge\/#organization","name":"GeoClimate","url":"https:\/\/geoclimate.ge\/","logo":{"@type":"ImageObject","inLanguage":"fr-FR","@id":"https:\/\/geoclimate.ge\/#\/schema\/logo\/image\/","url":"https:\/\/geoclimate.ge\/wp-content\/uploads\/2026\/03\/geoclimate-SEO.png","contentUrl":"https:\/\/geoclimate.ge\/wp-content\/uploads\/2026\/03\/geoclimate-SEO.png","width":1536,"height":1024,"caption":"GeoClimate"},"image":{"@id":"https:\/\/geoclimate.ge\/#\/schema\/logo\/image\/"}}]}},"_links":{"self":[{"href":"https:\/\/geoclimate.ge\/fr\/wp-json\/wp\/v2\/product\/17899","targetHints":{"allow":["GET"]}}],"collection":[{"href":"https:\/\/geoclimate.ge\/fr\/wp-json\/wp\/v2\/product"}],"about":[{"href":"https:\/\/geoclimate.ge\/fr\/wp-json\/wp\/v2\/types\/product"}],"wp:featuredmedia":[{"embeddable":true,"href":"https:\/\/geoclimate.ge\/fr\/wp-json\/wp\/v2\/media\/17892"}],"wp:attachment":[{"href":"https:\/\/geoclimate.ge\/fr\/wp-json\/wp\/v2\/media?parent=17899"}],"wp:term":[{"taxonomy":"product_brand","embeddable":true,"href":"https:\/\/geoclimate.ge\/fr\/wp-json\/wp\/v2\/product_brand?post=17899"},{"taxonomy":"product_cat","embeddable":true,"href":"https:\/\/geoclimate.ge\/fr\/wp-json\/wp\/v2\/product_cat?post=17899"},{"taxonomy":"product_tag","embeddable":true,"href":"https:\/\/geoclimate.ge\/fr\/wp-json\/wp\/v2\/product_tag?post=17899"}],"curies":[{"name":"wp","href":"https:\/\/api.w.org\/{rel}","templated":true}]}}