{"id":17924,"date":"2025-02-07T21:03:53","date_gmt":"2025-02-07T17:03:53","guid":{"rendered":"https:\/\/airsystems.ge\/shop\/product\/vibro-js-jack-up-spring-mount-for-floating-floors\/"},"modified":"2025-02-07T21:07:45","modified_gmt":"2025-02-07T17:07:45","slug":"vibro-js-jack-up-spring-mount-for-floating-floors","status":"publish","type":"product","link":"https:\/\/geoclimate.ge\/fr\/produit\/vibro-js-jack-up-spring-mount-for-floating-floors\/","title":{"rendered":"Vibro-JS : Support \u00e0 ressort pour planchers flottants"},"content":{"rendered":"<p><img loading=\"lazy\" decoding=\"async\" class=\"alignleft size-full wp-image-4891\" src=\"https:\/\/antivibration-systems.com\/wp-content\/uploads\/2023\/09\/Vibro-JS-Selection-Table.png\" alt=\"Vibro-JS Selection Table\" width=\"590\" height=\"95\" \/><\/p>\n","protected":false},"excerpt":{"rendered":"<p>Support antivibratoire pour planchers flottants en b\u00e9ton. Id\u00e9al pour les planchers flottants dans les studios et les applications m\u00e9caniques tr\u00e8s sensibles.<a class=\"swipebox\" title=\"jr\" href=\"https:\/\/antivibration-systems.com\/wp-content\/uploads\/2012\/11\/jr1.jpg\" data-rel=\"lightbox-gallery-bGlnaHRib3gtZ2FsbGVyeS0w\" data-rl_title=\"jr\" data-rl_caption=\"\"><img loading=\"lazy\" decoding=\"async\" class=\"size-full wp-image-4501 alignright\" src=\"https:\/\/antivibration-systems.com\/wp-content\/uploads\/2012\/11\/jr1.jpg\" alt=\"jr\" width=\"280\" height=\"210\" \/><\/a><\/p>\n<p>DESCRIPTION<\/p>\n<p>Le support \u00e0 ressort antivibratoire Vibro-JS est un syst\u00e8me avanc\u00e9 de contr\u00f4le des vibrations pour les planchers flottants sur\u00e9lev\u00e9s en b\u00e9ton.<br \/>\nVibro-JS est constitu\u00e9 d&rsquo;une coque m\u00e9tallique. \u00c0 l&rsquo;int\u00e9rieur de la coque, un ressort est plac\u00e9 pour absorber les vibrations. Le b\u00e9ton coul\u00e9 ne touche pas le plancher porteur et ainsi le pont sonore entre le plancher flottant et le plancher porteur est \u00e9vit\u00e9.<\/p>\n<p>Pourquoi utiliser le support \u00e0 ressort pour planchers flottants Vibro-JS ?<\/p>\n<p>Il est tr\u00e8s facile \u00e0 installer<br \/>\nPermet de r\u00e9gler la hauteur<br \/>\nAide \u00e0 \u00e9viter l&rsquo;utilisation de coffrages en contreplaqu\u00e9 restants<br \/>\nCr\u00e9e un espace d&rsquo;air, ce qui est b\u00e9n\u00e9fique pour l&rsquo;isolation acoustique et le contr\u00f4le des vibrations.<\/p>\n<p>INSTALLATION<\/p>\n<p>Isoler le plancher flottant de la structure du b\u00e2timent, avec un panneau antivibratoire appropri\u00e9, entre<br \/>\nle plancher flottant et le mur (par exemple Vibro-Strip).<\/p>\n<p>Placer le support \u00e0 ressorts pour v\u00e9rin Vibro-JS et sa plaque de recouvrement.<br \/>\nPlacer l&rsquo;armature de la dalle et couler le b\u00e9ton. Les calculs de la qualit\u00e9 du b\u00e9ton, de l&rsquo;armature ad\u00e9quate et d&rsquo;autres exigences doivent \u00eatre effectu\u00e9s par un ing\u00e9nieur civil).<br \/>\nPlacer le syst\u00e8me antivibratoire interne du Vibro-JS.<br \/>\nVisser progressivement et uniform\u00e9ment l&rsquo;\u00e9crou du m\u00e9canisme d&rsquo;\u00e9l\u00e9vation, afin de charger les ressorts et<br \/>\n\u00e9lever &#8211; r\u00e9gler la dalle de b\u00e9ton \u00e0 la hauteur appropri\u00e9e.<br \/>\nPlacer la plaque de recouvrement.<br \/>\nCARACT\u00c9RISTIQUES DYNAMIQUES<\/p>\n<p>D\u00e9flexion : 25 mm (\u00e0 charge maximale).<\/p>\n<p>Fr\u00e9quence naturelle : 3 Hz (\u00e0 charge maximale).<\/p>\n","protected":false},"featured_media":17904,"template":"","meta":[],"product_brand":[],"product_cat":[707],"product_tag":[],"class_list":{"0":"post-17924","1":"product","2":"type-product","3":"status-publish","4":"has-post-thumbnail","6":"product_cat-vibration-anti-bruit-acoustique-fr","8":"first","9":"instock","10":"shipping-taxable","11":"product-type-simple"},"yoast_head":"<!-- This site is optimized with the Yoast SEO plugin v27.1.1 - https:\/\/yoast.com\/product\/yoast-seo-wordpress\/ -->\n<title>Vibro-JS : Support \u00e0 ressort pour planchers flottants - GeoClimate.ge<\/title>\n<meta name=\"robots\" content=\"index, follow, max-snippet:-1, max-image-preview:large, max-video-preview:-1\" \/>\n<link rel=\"canonical\" href=\"https:\/\/geoclimate.ge\/fr\/produit\/vibro-js-jack-up-spring-mount-for-floating-floors\/\" \/>\n<meta property=\"og:locale\" content=\"fr_FR\" \/>\n<meta property=\"og:type\" content=\"article\" \/>\n<meta property=\"og:title\" content=\"Vibro-JS : Support \u00e0 ressort pour planchers flottants - GeoClimate.ge\" \/>\n<meta property=\"og:description\" content=\"Support antivibratoire pour planchers flottants en b\u00e9ton. Id\u00e9al pour les planchers flottants dans les studios et les applications m\u00e9caniques tr\u00e8s sensibles.  DESCRIPTION  Le support \u00e0 ressort antivibratoire Vibro-JS est un syst\u00e8me avanc\u00e9 de contr\u00f4le des vibrations pour les planchers flottants sur\u00e9lev\u00e9s en b\u00e9ton. Vibro-JS est constitu\u00e9 d&#039;une coque m\u00e9tallique. \u00c0 l&#039;int\u00e9rieur de la coque, un ressort est plac\u00e9 pour absorber les vibrations. Le b\u00e9ton coul\u00e9 ne touche pas le plancher porteur et ainsi le pont sonore entre le plancher flottant et le plancher porteur est \u00e9vit\u00e9.  Pourquoi utiliser le support \u00e0 ressort pour planchers flottants Vibro-JS ?  Il est tr\u00e8s facile \u00e0 installer Permet de r\u00e9gler la hauteur Aide \u00e0 \u00e9viter l&#039;utilisation de coffrages en contreplaqu\u00e9 restants Cr\u00e9e un espace d&#039;air, ce qui est b\u00e9n\u00e9fique pour l&#039;isolation acoustique et le contr\u00f4le des vibrations.  INSTALLATION  Isoler le plancher flottant de la structure du b\u00e2timent, avec un panneau antivibratoire appropri\u00e9, entre le plancher flottant et le mur (par exemple Vibro-Strip).  Placer le support \u00e0 ressorts pour v\u00e9rin Vibro-JS et sa plaque de recouvrement. Placer l&#039;armature de la dalle et couler le b\u00e9ton. Les calculs de la qualit\u00e9 du b\u00e9ton, de l&#039;armature ad\u00e9quate et d&#039;autres exigences doivent \u00eatre effectu\u00e9s par un ing\u00e9nieur civil). Placer le syst\u00e8me antivibratoire interne du Vibro-JS. Visser progressivement et uniform\u00e9ment l&#039;\u00e9crou du m\u00e9canisme d&#039;\u00e9l\u00e9vation, afin de charger les ressorts et \u00e9lever - r\u00e9gler la dalle de b\u00e9ton \u00e0 la hauteur appropri\u00e9e. Placer la plaque de recouvrement. CARACT\u00c9RISTIQUES DYNAMIQUES  D\u00e9flexion : 25 mm (\u00e0 charge maximale).  Fr\u00e9quence naturelle : 3 Hz (\u00e0 charge maximale).\" \/>\n<meta property=\"og:url\" content=\"https:\/\/geoclimate.ge\/fr\/produit\/vibro-js-jack-up-spring-mount-for-floating-floors\/\" \/>\n<meta property=\"og:site_name\" content=\"GeoClimate.ge\" \/>\n<meta property=\"article:modified_time\" content=\"2025-02-07T17:07:45+00:00\" \/>\n<meta property=\"og:image\" content=\"https:\/\/geoclimate.ge\/wp-content\/uploads\/2025\/02\/072709165002_B.jpg\" \/>\n\t<meta property=\"og:image:width\" content=\"280\" \/>\n\t<meta property=\"og:image:height\" content=\"210\" \/>\n\t<meta property=\"og:image:type\" content=\"image\/jpeg\" \/>\n<meta name=\"twitter:card\" content=\"summary_large_image\" \/>\n<script type=\"application\/ld+json\" class=\"yoast-schema-graph\">{\"@context\":\"https:\/\/schema.org\",\"@graph\":[{\"@type\":\"WebPage\",\"@id\":\"https:\/\/geoclimate.ge\/fr\/produit\/vibro-js-jack-up-spring-mount-for-floating-floors\/\",\"url\":\"https:\/\/geoclimate.ge\/fr\/produit\/vibro-js-jack-up-spring-mount-for-floating-floors\/\",\"name\":\"Vibro-JS : Support \u00e0 ressort pour planchers flottants - GeoClimate.ge\",\"isPartOf\":{\"@id\":\"https:\/\/geoclimate.ge\/#website\"},\"primaryImageOfPage\":{\"@id\":\"https:\/\/geoclimate.ge\/fr\/produit\/vibro-js-jack-up-spring-mount-for-floating-floors\/#primaryimage\"},\"image\":{\"@id\":\"https:\/\/geoclimate.ge\/fr\/produit\/vibro-js-jack-up-spring-mount-for-floating-floors\/#primaryimage\"},\"thumbnailUrl\":\"https:\/\/geoclimate.ge\/wp-content\/uploads\/2025\/02\/072709165002_B.jpg\",\"datePublished\":\"2025-02-07T17:03:53+00:00\",\"dateModified\":\"2025-02-07T17:07:45+00:00\",\"breadcrumb\":{\"@id\":\"https:\/\/geoclimate.ge\/fr\/produit\/vibro-js-jack-up-spring-mount-for-floating-floors\/#breadcrumb\"},\"inLanguage\":\"fr-FR\",\"potentialAction\":[{\"@type\":\"ReadAction\",\"target\":[\"https:\/\/geoclimate.ge\/fr\/produit\/vibro-js-jack-up-spring-mount-for-floating-floors\/\"]}]},{\"@type\":\"ImageObject\",\"inLanguage\":\"fr-FR\",\"@id\":\"https:\/\/geoclimate.ge\/fr\/produit\/vibro-js-jack-up-spring-mount-for-floating-floors\/#primaryimage\",\"url\":\"https:\/\/geoclimate.ge\/wp-content\/uploads\/2025\/02\/072709165002_B.jpg\",\"contentUrl\":\"https:\/\/geoclimate.ge\/wp-content\/uploads\/2025\/02\/072709165002_B.jpg\",\"width\":280,\"height\":210},{\"@type\":\"BreadcrumbList\",\"@id\":\"https:\/\/geoclimate.ge\/fr\/produit\/vibro-js-jack-up-spring-mount-for-floating-floors\/#breadcrumb\",\"itemListElement\":[{\"@type\":\"ListItem\",\"position\":1,\"name\":\"Home\",\"item\":\"https:\/\/geoclimate.ge\/fr\/\"},{\"@type\":\"ListItem\",\"position\":2,\"name\":\"Products\",\"item\":\"https:\/\/geoclimate.ge\/fr\/products\/\"},{\"@type\":\"ListItem\",\"position\":3,\"name\":\"Vibro-JS : Support \u00e0 ressort pour planchers flottants\"}]},{\"@type\":\"WebSite\",\"@id\":\"https:\/\/geoclimate.ge\/#website\",\"url\":\"https:\/\/geoclimate.ge\/\",\"name\":\"GeoClimate\",\"description\":\"\",\"publisher\":{\"@id\":\"https:\/\/geoclimate.ge\/#organization\"},\"potentialAction\":[{\"@type\":\"SearchAction\",\"target\":{\"@type\":\"EntryPoint\",\"urlTemplate\":\"https:\/\/geoclimate.ge\/?s={search_term_string}\"},\"query-input\":{\"@type\":\"PropertyValueSpecification\",\"valueRequired\":true,\"valueName\":\"search_term_string\"}}],\"inLanguage\":\"fr-FR\"},{\"@type\":\"Organization\",\"@id\":\"https:\/\/geoclimate.ge\/#organization\",\"name\":\"GeoClimate\",\"url\":\"https:\/\/geoclimate.ge\/\",\"logo\":{\"@type\":\"ImageObject\",\"inLanguage\":\"fr-FR\",\"@id\":\"https:\/\/geoclimate.ge\/#\/schema\/logo\/image\/\",\"url\":\"https:\/\/geoclimate.ge\/wp-content\/uploads\/2026\/03\/geoclimate-SEO.png\",\"contentUrl\":\"https:\/\/geoclimate.ge\/wp-content\/uploads\/2026\/03\/geoclimate-SEO.png\",\"width\":1536,\"height\":1024,\"caption\":\"GeoClimate\"},\"image\":{\"@id\":\"https:\/\/geoclimate.ge\/#\/schema\/logo\/image\/\"}}]}<\/script>\n<!-- \/ Yoast SEO plugin. -->","yoast_head_json":{"title":"Vibro-JS : Support \u00e0 ressort pour planchers flottants - GeoClimate.ge","robots":{"index":"index","follow":"follow","max-snippet":"max-snippet:-1","max-image-preview":"max-image-preview:large","max-video-preview":"max-video-preview:-1"},"canonical":"https:\/\/geoclimate.ge\/fr\/produit\/vibro-js-jack-up-spring-mount-for-floating-floors\/","og_locale":"fr_FR","og_type":"article","og_title":"Vibro-JS : Support \u00e0 ressort pour planchers flottants - GeoClimate.ge","og_description":"Support antivibratoire pour planchers flottants en b\u00e9ton. Id\u00e9al pour les planchers flottants dans les studios et les applications m\u00e9caniques tr\u00e8s sensibles.  DESCRIPTION  Le support \u00e0 ressort antivibratoire Vibro-JS est un syst\u00e8me avanc\u00e9 de contr\u00f4le des vibrations pour les planchers flottants sur\u00e9lev\u00e9s en b\u00e9ton. Vibro-JS est constitu\u00e9 d'une coque m\u00e9tallique. \u00c0 l'int\u00e9rieur de la coque, un ressort est plac\u00e9 pour absorber les vibrations. Le b\u00e9ton coul\u00e9 ne touche pas le plancher porteur et ainsi le pont sonore entre le plancher flottant et le plancher porteur est \u00e9vit\u00e9.  Pourquoi utiliser le support \u00e0 ressort pour planchers flottants Vibro-JS ?  Il est tr\u00e8s facile \u00e0 installer Permet de r\u00e9gler la hauteur Aide \u00e0 \u00e9viter l'utilisation de coffrages en contreplaqu\u00e9 restants Cr\u00e9e un espace d'air, ce qui est b\u00e9n\u00e9fique pour l'isolation acoustique et le contr\u00f4le des vibrations.  INSTALLATION  Isoler le plancher flottant de la structure du b\u00e2timent, avec un panneau antivibratoire appropri\u00e9, entre le plancher flottant et le mur (par exemple Vibro-Strip).  Placer le support \u00e0 ressorts pour v\u00e9rin Vibro-JS et sa plaque de recouvrement. Placer l'armature de la dalle et couler le b\u00e9ton. Les calculs de la qualit\u00e9 du b\u00e9ton, de l'armature ad\u00e9quate et d'autres exigences doivent \u00eatre effectu\u00e9s par un ing\u00e9nieur civil). Placer le syst\u00e8me antivibratoire interne du Vibro-JS. Visser progressivement et uniform\u00e9ment l'\u00e9crou du m\u00e9canisme d'\u00e9l\u00e9vation, afin de charger les ressorts et \u00e9lever - r\u00e9gler la dalle de b\u00e9ton \u00e0 la hauteur appropri\u00e9e. Placer la plaque de recouvrement. CARACT\u00c9RISTIQUES DYNAMIQUES  D\u00e9flexion : 25 mm (\u00e0 charge maximale).  Fr\u00e9quence naturelle : 3 Hz (\u00e0 charge maximale).","og_url":"https:\/\/geoclimate.ge\/fr\/produit\/vibro-js-jack-up-spring-mount-for-floating-floors\/","og_site_name":"GeoClimate.ge","article_modified_time":"2025-02-07T17:07:45+00:00","og_image":[{"width":280,"height":210,"url":"https:\/\/geoclimate.ge\/wp-content\/uploads\/2025\/02\/072709165002_B.jpg","type":"image\/jpeg"}],"twitter_card":"summary_large_image","schema":{"@context":"https:\/\/schema.org","@graph":[{"@type":"WebPage","@id":"https:\/\/geoclimate.ge\/fr\/produit\/vibro-js-jack-up-spring-mount-for-floating-floors\/","url":"https:\/\/geoclimate.ge\/fr\/produit\/vibro-js-jack-up-spring-mount-for-floating-floors\/","name":"Vibro-JS : Support \u00e0 ressort pour planchers flottants - GeoClimate.ge","isPartOf":{"@id":"https:\/\/geoclimate.ge\/#website"},"primaryImageOfPage":{"@id":"https:\/\/geoclimate.ge\/fr\/produit\/vibro-js-jack-up-spring-mount-for-floating-floors\/#primaryimage"},"image":{"@id":"https:\/\/geoclimate.ge\/fr\/produit\/vibro-js-jack-up-spring-mount-for-floating-floors\/#primaryimage"},"thumbnailUrl":"https:\/\/geoclimate.ge\/wp-content\/uploads\/2025\/02\/072709165002_B.jpg","datePublished":"2025-02-07T17:03:53+00:00","dateModified":"2025-02-07T17:07:45+00:00","breadcrumb":{"@id":"https:\/\/geoclimate.ge\/fr\/produit\/vibro-js-jack-up-spring-mount-for-floating-floors\/#breadcrumb"},"inLanguage":"fr-FR","potentialAction":[{"@type":"ReadAction","target":["https:\/\/geoclimate.ge\/fr\/produit\/vibro-js-jack-up-spring-mount-for-floating-floors\/"]}]},{"@type":"ImageObject","inLanguage":"fr-FR","@id":"https:\/\/geoclimate.ge\/fr\/produit\/vibro-js-jack-up-spring-mount-for-floating-floors\/#primaryimage","url":"https:\/\/geoclimate.ge\/wp-content\/uploads\/2025\/02\/072709165002_B.jpg","contentUrl":"https:\/\/geoclimate.ge\/wp-content\/uploads\/2025\/02\/072709165002_B.jpg","width":280,"height":210},{"@type":"BreadcrumbList","@id":"https:\/\/geoclimate.ge\/fr\/produit\/vibro-js-jack-up-spring-mount-for-floating-floors\/#breadcrumb","itemListElement":[{"@type":"ListItem","position":1,"name":"Home","item":"https:\/\/geoclimate.ge\/fr\/"},{"@type":"ListItem","position":2,"name":"Products","item":"https:\/\/geoclimate.ge\/fr\/products\/"},{"@type":"ListItem","position":3,"name":"Vibro-JS : Support \u00e0 ressort pour planchers flottants"}]},{"@type":"WebSite","@id":"https:\/\/geoclimate.ge\/#website","url":"https:\/\/geoclimate.ge\/","name":"GeoClimate","description":"","publisher":{"@id":"https:\/\/geoclimate.ge\/#organization"},"potentialAction":[{"@type":"SearchAction","target":{"@type":"EntryPoint","urlTemplate":"https:\/\/geoclimate.ge\/?s={search_term_string}"},"query-input":{"@type":"PropertyValueSpecification","valueRequired":true,"valueName":"search_term_string"}}],"inLanguage":"fr-FR"},{"@type":"Organization","@id":"https:\/\/geoclimate.ge\/#organization","name":"GeoClimate","url":"https:\/\/geoclimate.ge\/","logo":{"@type":"ImageObject","inLanguage":"fr-FR","@id":"https:\/\/geoclimate.ge\/#\/schema\/logo\/image\/","url":"https:\/\/geoclimate.ge\/wp-content\/uploads\/2026\/03\/geoclimate-SEO.png","contentUrl":"https:\/\/geoclimate.ge\/wp-content\/uploads\/2026\/03\/geoclimate-SEO.png","width":1536,"height":1024,"caption":"GeoClimate"},"image":{"@id":"https:\/\/geoclimate.ge\/#\/schema\/logo\/image\/"}}]}},"_links":{"self":[{"href":"https:\/\/geoclimate.ge\/fr\/wp-json\/wp\/v2\/product\/17924","targetHints":{"allow":["GET"]}}],"collection":[{"href":"https:\/\/geoclimate.ge\/fr\/wp-json\/wp\/v2\/product"}],"about":[{"href":"https:\/\/geoclimate.ge\/fr\/wp-json\/wp\/v2\/types\/product"}],"wp:featuredmedia":[{"embeddable":true,"href":"https:\/\/geoclimate.ge\/fr\/wp-json\/wp\/v2\/media\/17904"}],"wp:attachment":[{"href":"https:\/\/geoclimate.ge\/fr\/wp-json\/wp\/v2\/media?parent=17924"}],"wp:term":[{"taxonomy":"product_brand","embeddable":true,"href":"https:\/\/geoclimate.ge\/fr\/wp-json\/wp\/v2\/product_brand?post=17924"},{"taxonomy":"product_cat","embeddable":true,"href":"https:\/\/geoclimate.ge\/fr\/wp-json\/wp\/v2\/product_cat?post=17924"},{"taxonomy":"product_tag","embeddable":true,"href":"https:\/\/geoclimate.ge\/fr\/wp-json\/wp\/v2\/product_tag?post=17924"}],"curies":[{"name":"wp","href":"https:\/\/api.w.org\/{rel}","templated":true}]}}