{"id":17948,"date":"2025-02-07T21:10:27","date_gmt":"2025-02-07T17:10:27","guid":{"rendered":"https:\/\/airsystems.ge\/shop\/product\/vibro-jr-jack-up-rubber-mount-for-concrete-floating-floors\/"},"modified":"2025-02-07T21:13:59","modified_gmt":"2025-02-07T17:13:59","slug":"vibro-jr-jack-up-rubber-mount-for-concrete-floating-floors","status":"publish","type":"product","link":"https:\/\/geoclimate.ge\/fr\/produit\/vibro-jr-jack-up-rubber-mount-for-concrete-floating-floors\/","title":{"rendered":"Vibro-JR : Support en caoutchouc pour planchers flottants en b\u00e9ton"},"content":{"rendered":"","protected":false},"excerpt":{"rendered":"<p>Support en caoutchouc antivibratoire avec Regufoam pour planchers flottants en b\u00e9ton sur\u00e9lev\u00e9s (applications r\u00e9sidentielles, commerciales et industrielles)<\/p>\n<p>DESCRIPTION<\/p>\n<p>Support en caoutchouc antivibratoire Vibro-JR est un syst\u00e8me avanc\u00e9 d&rsquo;isolation des vibrations pour planchers flottants en b\u00e9ton sur\u00e9lev\u00e9s. Vibro-JR se compose d&rsquo;une coque m\u00e9tallique, qui contient l&rsquo;\u00e9lastom\u00e8re de polyur\u00e9thane antivibratoire Regufoam sp\u00e9cialement con\u00e7u pour absorber les vibrations. Il est tr\u00e8s facile \u00e0 installer, permet de r\u00e9gler la hauteur et il n&rsquo;est pas n\u00e9cessaire d&rsquo;utiliser des coffrages en contreplaqu\u00e9 restants. Cr\u00e9e \u00e9galement un espace d&rsquo;air favorable, ce qui est \u00e9galement b\u00e9n\u00e9fique pour l&rsquo;isolation des bruits a\u00e9riens et pour les capacit\u00e9s antivibratoires.<\/p>\n<p>JR est disponible en trois densit\u00e9s diff\u00e9rentes de Regufoam afin de r\u00e9pondre aux besoins de chaque application. De plus, l&rsquo;\u00e9paisseur de Regufoam peut varier afin d&rsquo;atteindre la fr\u00e9quence naturelle requise du syst\u00e8me antivibratoire.<\/p>\n<p>Il est \u00e9quip\u00e9 d&rsquo;un syst\u00e8me innovant de levage du sol gr\u00e2ce \u00e0 un \u00e9crou sp\u00e9cial, qui peut \u00eatre soulev\u00e9 \u00e0 l&rsquo;aide de la cl\u00e9 de r\u00e9glage fournie par nos soins. Il est \u00e9galement \u00e9quip\u00e9 de fentes lat\u00e9rales ad\u00e9quates afin de retenir et de maintenir l&rsquo;armature m\u00e9tallique avant de couler le b\u00e9ton pour une solution anti-vibratoire compl\u00e8te pour les sols flottants.<\/p>\n<p>INSTALLATION<\/p>\n<p>Placez une feuille de poly\u00e9thyl\u00e8ne sous et autour de toute la surface du sol flottant en b\u00e9ton.<br \/>\nIsolez le sol flottant de la structure du b\u00e2timent, avec une plaque anti-vibratoire appropri\u00e9e, entre le sol flottant et le mur. (ISOLFON-FF).<br \/>\nPlacez le support en caoutchouc anti-vibratoire Vibro &#8211; JR.<br \/>\nIns\u00e9rez le tube \u00e9lastique, en recouvrant la vis. Coupez le tube \u00e9lastique \u00e0 une longueur appropri\u00e9e, de sorte qu&rsquo;il soit sup\u00e9rieur \u00e0 l&rsquo;\u00e9paisseur de la dalle de b\u00e9ton.<br \/>\nLes calculs de la qualit\u00e9 du b\u00e9ton, du renforcement ad\u00e9quat et des exigences doivent \u00eatre effectu\u00e9s par un ing\u00e9nieur civil. Placez la structure de renforcement de la dalle et coulez le b\u00e9ton. Laissez le b\u00e9ton m\u00fbrir quelques jours.<br \/>\nCharger progressivement et uniform\u00e9ment les supports en caoutchouc en faisant tourner le m\u00e9canisme d&rsquo;\u00e9l\u00e9vation dans le sens des aiguilles d&rsquo;une montre \u00e0 l&rsquo;aide d&rsquo;une douille hexagonale femelle appropri\u00e9e \u00e0 commande manuelle afin de soulever le plancher flottant en b\u00e9ton.<br \/>\nPlacer le robinet de couverture, si n\u00e9cessaire.<\/p>\n","protected":false},"featured_media":17937,"template":"","meta":[],"product_brand":[],"product_cat":[707],"product_tag":[],"class_list":{"0":"post-17948","1":"product","2":"type-product","3":"status-publish","4":"has-post-thumbnail","6":"product_cat-vibration-anti-bruit-acoustique-fr","8":"first","9":"instock","10":"shipping-taxable","11":"product-type-simple"},"yoast_head":"<!-- This site is optimized with the Yoast SEO plugin v27.1.1 - https:\/\/yoast.com\/product\/yoast-seo-wordpress\/ -->\n<title>Vibro-JR : Support en caoutchouc pour planchers flottants en b\u00e9ton - GeoClimate.ge<\/title>\n<meta name=\"robots\" content=\"index, follow, max-snippet:-1, max-image-preview:large, max-video-preview:-1\" \/>\n<link rel=\"canonical\" href=\"https:\/\/geoclimate.ge\/fr\/produit\/vibro-jr-jack-up-rubber-mount-for-concrete-floating-floors\/\" \/>\n<meta property=\"og:locale\" content=\"fr_FR\" \/>\n<meta property=\"og:type\" content=\"article\" \/>\n<meta property=\"og:title\" content=\"Vibro-JR : Support en caoutchouc pour planchers flottants en b\u00e9ton - GeoClimate.ge\" \/>\n<meta property=\"og:description\" content=\"Support en caoutchouc antivibratoire avec Regufoam pour planchers flottants en b\u00e9ton sur\u00e9lev\u00e9s (applications r\u00e9sidentielles, commerciales et industrielles)  DESCRIPTION  Support en caoutchouc antivibratoire Vibro-JR est un syst\u00e8me avanc\u00e9 d&#039;isolation des vibrations pour planchers flottants en b\u00e9ton sur\u00e9lev\u00e9s. Vibro-JR se compose d&#039;une coque m\u00e9tallique, qui contient l&#039;\u00e9lastom\u00e8re de polyur\u00e9thane antivibratoire Regufoam sp\u00e9cialement con\u00e7u pour absorber les vibrations. Il est tr\u00e8s facile \u00e0 installer, permet de r\u00e9gler la hauteur et il n&#039;est pas n\u00e9cessaire d&#039;utiliser des coffrages en contreplaqu\u00e9 restants. Cr\u00e9e \u00e9galement un espace d&#039;air favorable, ce qui est \u00e9galement b\u00e9n\u00e9fique pour l&#039;isolation des bruits a\u00e9riens et pour les capacit\u00e9s antivibratoires.  JR est disponible en trois densit\u00e9s diff\u00e9rentes de Regufoam afin de r\u00e9pondre aux besoins de chaque application. De plus, l&#039;\u00e9paisseur de Regufoam peut varier afin d&#039;atteindre la fr\u00e9quence naturelle requise du syst\u00e8me antivibratoire.  Il est \u00e9quip\u00e9 d&#039;un syst\u00e8me innovant de levage du sol gr\u00e2ce \u00e0 un \u00e9crou sp\u00e9cial, qui peut \u00eatre soulev\u00e9 \u00e0 l&#039;aide de la cl\u00e9 de r\u00e9glage fournie par nos soins. Il est \u00e9galement \u00e9quip\u00e9 de fentes lat\u00e9rales ad\u00e9quates afin de retenir et de maintenir l&#039;armature m\u00e9tallique avant de couler le b\u00e9ton pour une solution anti-vibratoire compl\u00e8te pour les sols flottants.  INSTALLATION  Placez une feuille de poly\u00e9thyl\u00e8ne sous et autour de toute la surface du sol flottant en b\u00e9ton. Isolez le sol flottant de la structure du b\u00e2timent, avec une plaque anti-vibratoire appropri\u00e9e, entre le sol flottant et le mur. (ISOLFON-FF). Placez le support en caoutchouc anti-vibratoire Vibro - JR. Ins\u00e9rez le tube \u00e9lastique, en recouvrant la vis. Coupez le tube \u00e9lastique \u00e0 une longueur appropri\u00e9e, de sorte qu&#039;il soit sup\u00e9rieur \u00e0 l&#039;\u00e9paisseur de la dalle de b\u00e9ton. Les calculs de la qualit\u00e9 du b\u00e9ton, du renforcement ad\u00e9quat et des exigences doivent \u00eatre effectu\u00e9s par un ing\u00e9nieur civil. Placez la structure de renforcement de la dalle et coulez le b\u00e9ton. Laissez le b\u00e9ton m\u00fbrir quelques jours. Charger progressivement et uniform\u00e9ment les supports en caoutchouc en faisant tourner le m\u00e9canisme d&#039;\u00e9l\u00e9vation dans le sens des aiguilles d&#039;une montre \u00e0 l&#039;aide d&#039;une douille hexagonale femelle appropri\u00e9e \u00e0 commande manuelle afin de soulever le plancher flottant en b\u00e9ton. Placer le robinet de couverture, si n\u00e9cessaire.\" \/>\n<meta property=\"og:url\" content=\"https:\/\/geoclimate.ge\/fr\/produit\/vibro-jr-jack-up-rubber-mount-for-concrete-floating-floors\/\" \/>\n<meta property=\"og:site_name\" content=\"GeoClimate.ge\" \/>\n<meta property=\"article:modified_time\" content=\"2025-02-07T17:13:59+00:00\" \/>\n<meta property=\"og:image\" content=\"https:\/\/geoclimate.ge\/wp-content\/uploads\/2025\/02\/JUF.jpg\" \/>\n\t<meta property=\"og:image:width\" content=\"600\" \/>\n\t<meta property=\"og:image:height\" content=\"600\" \/>\n\t<meta property=\"og:image:type\" content=\"image\/jpeg\" \/>\n<meta name=\"twitter:card\" content=\"summary_large_image\" \/>\n<script type=\"application\/ld+json\" class=\"yoast-schema-graph\">{\"@context\":\"https:\/\/schema.org\",\"@graph\":[{\"@type\":\"WebPage\",\"@id\":\"https:\/\/geoclimate.ge\/fr\/produit\/vibro-jr-jack-up-rubber-mount-for-concrete-floating-floors\/\",\"url\":\"https:\/\/geoclimate.ge\/fr\/produit\/vibro-jr-jack-up-rubber-mount-for-concrete-floating-floors\/\",\"name\":\"Vibro-JR : Support en caoutchouc pour planchers flottants en b\u00e9ton - GeoClimate.ge\",\"isPartOf\":{\"@id\":\"https:\/\/geoclimate.ge\/#website\"},\"primaryImageOfPage\":{\"@id\":\"https:\/\/geoclimate.ge\/fr\/produit\/vibro-jr-jack-up-rubber-mount-for-concrete-floating-floors\/#primaryimage\"},\"image\":{\"@id\":\"https:\/\/geoclimate.ge\/fr\/produit\/vibro-jr-jack-up-rubber-mount-for-concrete-floating-floors\/#primaryimage\"},\"thumbnailUrl\":\"https:\/\/geoclimate.ge\/wp-content\/uploads\/2025\/02\/JUF.jpg\",\"datePublished\":\"2025-02-07T17:10:27+00:00\",\"dateModified\":\"2025-02-07T17:13:59+00:00\",\"breadcrumb\":{\"@id\":\"https:\/\/geoclimate.ge\/fr\/produit\/vibro-jr-jack-up-rubber-mount-for-concrete-floating-floors\/#breadcrumb\"},\"inLanguage\":\"fr-FR\",\"potentialAction\":[{\"@type\":\"ReadAction\",\"target\":[\"https:\/\/geoclimate.ge\/fr\/produit\/vibro-jr-jack-up-rubber-mount-for-concrete-floating-floors\/\"]}]},{\"@type\":\"ImageObject\",\"inLanguage\":\"fr-FR\",\"@id\":\"https:\/\/geoclimate.ge\/fr\/produit\/vibro-jr-jack-up-rubber-mount-for-concrete-floating-floors\/#primaryimage\",\"url\":\"https:\/\/geoclimate.ge\/wp-content\/uploads\/2025\/02\/JUF.jpg\",\"contentUrl\":\"https:\/\/geoclimate.ge\/wp-content\/uploads\/2025\/02\/JUF.jpg\",\"width\":600,\"height\":600},{\"@type\":\"BreadcrumbList\",\"@id\":\"https:\/\/geoclimate.ge\/fr\/produit\/vibro-jr-jack-up-rubber-mount-for-concrete-floating-floors\/#breadcrumb\",\"itemListElement\":[{\"@type\":\"ListItem\",\"position\":1,\"name\":\"Home\",\"item\":\"https:\/\/geoclimate.ge\/fr\/\"},{\"@type\":\"ListItem\",\"position\":2,\"name\":\"Products\",\"item\":\"https:\/\/geoclimate.ge\/fr\/products\/\"},{\"@type\":\"ListItem\",\"position\":3,\"name\":\"Vibro-JR : Support en caoutchouc pour planchers flottants en b\u00e9ton\"}]},{\"@type\":\"WebSite\",\"@id\":\"https:\/\/geoclimate.ge\/#website\",\"url\":\"https:\/\/geoclimate.ge\/\",\"name\":\"GeoClimate\",\"description\":\"\",\"publisher\":{\"@id\":\"https:\/\/geoclimate.ge\/#organization\"},\"potentialAction\":[{\"@type\":\"SearchAction\",\"target\":{\"@type\":\"EntryPoint\",\"urlTemplate\":\"https:\/\/geoclimate.ge\/?s={search_term_string}\"},\"query-input\":{\"@type\":\"PropertyValueSpecification\",\"valueRequired\":true,\"valueName\":\"search_term_string\"}}],\"inLanguage\":\"fr-FR\"},{\"@type\":\"Organization\",\"@id\":\"https:\/\/geoclimate.ge\/#organization\",\"name\":\"GeoClimate\",\"url\":\"https:\/\/geoclimate.ge\/\",\"logo\":{\"@type\":\"ImageObject\",\"inLanguage\":\"fr-FR\",\"@id\":\"https:\/\/geoclimate.ge\/#\/schema\/logo\/image\/\",\"url\":\"https:\/\/geoclimate.ge\/wp-content\/uploads\/2026\/03\/geoclimate-SEO.png\",\"contentUrl\":\"https:\/\/geoclimate.ge\/wp-content\/uploads\/2026\/03\/geoclimate-SEO.png\",\"width\":1536,\"height\":1024,\"caption\":\"GeoClimate\"},\"image\":{\"@id\":\"https:\/\/geoclimate.ge\/#\/schema\/logo\/image\/\"}}]}<\/script>\n<!-- \/ Yoast SEO plugin. -->","yoast_head_json":{"title":"Vibro-JR : Support en caoutchouc pour planchers flottants en b\u00e9ton - GeoClimate.ge","robots":{"index":"index","follow":"follow","max-snippet":"max-snippet:-1","max-image-preview":"max-image-preview:large","max-video-preview":"max-video-preview:-1"},"canonical":"https:\/\/geoclimate.ge\/fr\/produit\/vibro-jr-jack-up-rubber-mount-for-concrete-floating-floors\/","og_locale":"fr_FR","og_type":"article","og_title":"Vibro-JR : Support en caoutchouc pour planchers flottants en b\u00e9ton - GeoClimate.ge","og_description":"Support en caoutchouc antivibratoire avec Regufoam pour planchers flottants en b\u00e9ton sur\u00e9lev\u00e9s (applications r\u00e9sidentielles, commerciales et industrielles)  DESCRIPTION  Support en caoutchouc antivibratoire Vibro-JR est un syst\u00e8me avanc\u00e9 d'isolation des vibrations pour planchers flottants en b\u00e9ton sur\u00e9lev\u00e9s. Vibro-JR se compose d'une coque m\u00e9tallique, qui contient l'\u00e9lastom\u00e8re de polyur\u00e9thane antivibratoire Regufoam sp\u00e9cialement con\u00e7u pour absorber les vibrations. Il est tr\u00e8s facile \u00e0 installer, permet de r\u00e9gler la hauteur et il n'est pas n\u00e9cessaire d'utiliser des coffrages en contreplaqu\u00e9 restants. Cr\u00e9e \u00e9galement un espace d'air favorable, ce qui est \u00e9galement b\u00e9n\u00e9fique pour l'isolation des bruits a\u00e9riens et pour les capacit\u00e9s antivibratoires.  JR est disponible en trois densit\u00e9s diff\u00e9rentes de Regufoam afin de r\u00e9pondre aux besoins de chaque application. De plus, l'\u00e9paisseur de Regufoam peut varier afin d'atteindre la fr\u00e9quence naturelle requise du syst\u00e8me antivibratoire.  Il est \u00e9quip\u00e9 d'un syst\u00e8me innovant de levage du sol gr\u00e2ce \u00e0 un \u00e9crou sp\u00e9cial, qui peut \u00eatre soulev\u00e9 \u00e0 l'aide de la cl\u00e9 de r\u00e9glage fournie par nos soins. Il est \u00e9galement \u00e9quip\u00e9 de fentes lat\u00e9rales ad\u00e9quates afin de retenir et de maintenir l'armature m\u00e9tallique avant de couler le b\u00e9ton pour une solution anti-vibratoire compl\u00e8te pour les sols flottants.  INSTALLATION  Placez une feuille de poly\u00e9thyl\u00e8ne sous et autour de toute la surface du sol flottant en b\u00e9ton. Isolez le sol flottant de la structure du b\u00e2timent, avec une plaque anti-vibratoire appropri\u00e9e, entre le sol flottant et le mur. (ISOLFON-FF). Placez le support en caoutchouc anti-vibratoire Vibro - JR. Ins\u00e9rez le tube \u00e9lastique, en recouvrant la vis. Coupez le tube \u00e9lastique \u00e0 une longueur appropri\u00e9e, de sorte qu'il soit sup\u00e9rieur \u00e0 l'\u00e9paisseur de la dalle de b\u00e9ton. Les calculs de la qualit\u00e9 du b\u00e9ton, du renforcement ad\u00e9quat et des exigences doivent \u00eatre effectu\u00e9s par un ing\u00e9nieur civil. Placez la structure de renforcement de la dalle et coulez le b\u00e9ton. Laissez le b\u00e9ton m\u00fbrir quelques jours. Charger progressivement et uniform\u00e9ment les supports en caoutchouc en faisant tourner le m\u00e9canisme d'\u00e9l\u00e9vation dans le sens des aiguilles d'une montre \u00e0 l'aide d'une douille hexagonale femelle appropri\u00e9e \u00e0 commande manuelle afin de soulever le plancher flottant en b\u00e9ton. Placer le robinet de couverture, si n\u00e9cessaire.","og_url":"https:\/\/geoclimate.ge\/fr\/produit\/vibro-jr-jack-up-rubber-mount-for-concrete-floating-floors\/","og_site_name":"GeoClimate.ge","article_modified_time":"2025-02-07T17:13:59+00:00","og_image":[{"width":600,"height":600,"url":"https:\/\/geoclimate.ge\/wp-content\/uploads\/2025\/02\/JUF.jpg","type":"image\/jpeg"}],"twitter_card":"summary_large_image","schema":{"@context":"https:\/\/schema.org","@graph":[{"@type":"WebPage","@id":"https:\/\/geoclimate.ge\/fr\/produit\/vibro-jr-jack-up-rubber-mount-for-concrete-floating-floors\/","url":"https:\/\/geoclimate.ge\/fr\/produit\/vibro-jr-jack-up-rubber-mount-for-concrete-floating-floors\/","name":"Vibro-JR : Support en caoutchouc pour planchers flottants en b\u00e9ton - GeoClimate.ge","isPartOf":{"@id":"https:\/\/geoclimate.ge\/#website"},"primaryImageOfPage":{"@id":"https:\/\/geoclimate.ge\/fr\/produit\/vibro-jr-jack-up-rubber-mount-for-concrete-floating-floors\/#primaryimage"},"image":{"@id":"https:\/\/geoclimate.ge\/fr\/produit\/vibro-jr-jack-up-rubber-mount-for-concrete-floating-floors\/#primaryimage"},"thumbnailUrl":"https:\/\/geoclimate.ge\/wp-content\/uploads\/2025\/02\/JUF.jpg","datePublished":"2025-02-07T17:10:27+00:00","dateModified":"2025-02-07T17:13:59+00:00","breadcrumb":{"@id":"https:\/\/geoclimate.ge\/fr\/produit\/vibro-jr-jack-up-rubber-mount-for-concrete-floating-floors\/#breadcrumb"},"inLanguage":"fr-FR","potentialAction":[{"@type":"ReadAction","target":["https:\/\/geoclimate.ge\/fr\/produit\/vibro-jr-jack-up-rubber-mount-for-concrete-floating-floors\/"]}]},{"@type":"ImageObject","inLanguage":"fr-FR","@id":"https:\/\/geoclimate.ge\/fr\/produit\/vibro-jr-jack-up-rubber-mount-for-concrete-floating-floors\/#primaryimage","url":"https:\/\/geoclimate.ge\/wp-content\/uploads\/2025\/02\/JUF.jpg","contentUrl":"https:\/\/geoclimate.ge\/wp-content\/uploads\/2025\/02\/JUF.jpg","width":600,"height":600},{"@type":"BreadcrumbList","@id":"https:\/\/geoclimate.ge\/fr\/produit\/vibro-jr-jack-up-rubber-mount-for-concrete-floating-floors\/#breadcrumb","itemListElement":[{"@type":"ListItem","position":1,"name":"Home","item":"https:\/\/geoclimate.ge\/fr\/"},{"@type":"ListItem","position":2,"name":"Products","item":"https:\/\/geoclimate.ge\/fr\/products\/"},{"@type":"ListItem","position":3,"name":"Vibro-JR : Support en caoutchouc pour planchers flottants en b\u00e9ton"}]},{"@type":"WebSite","@id":"https:\/\/geoclimate.ge\/#website","url":"https:\/\/geoclimate.ge\/","name":"GeoClimate","description":"","publisher":{"@id":"https:\/\/geoclimate.ge\/#organization"},"potentialAction":[{"@type":"SearchAction","target":{"@type":"EntryPoint","urlTemplate":"https:\/\/geoclimate.ge\/?s={search_term_string}"},"query-input":{"@type":"PropertyValueSpecification","valueRequired":true,"valueName":"search_term_string"}}],"inLanguage":"fr-FR"},{"@type":"Organization","@id":"https:\/\/geoclimate.ge\/#organization","name":"GeoClimate","url":"https:\/\/geoclimate.ge\/","logo":{"@type":"ImageObject","inLanguage":"fr-FR","@id":"https:\/\/geoclimate.ge\/#\/schema\/logo\/image\/","url":"https:\/\/geoclimate.ge\/wp-content\/uploads\/2026\/03\/geoclimate-SEO.png","contentUrl":"https:\/\/geoclimate.ge\/wp-content\/uploads\/2026\/03\/geoclimate-SEO.png","width":1536,"height":1024,"caption":"GeoClimate"},"image":{"@id":"https:\/\/geoclimate.ge\/#\/schema\/logo\/image\/"}}]}},"_links":{"self":[{"href":"https:\/\/geoclimate.ge\/fr\/wp-json\/wp\/v2\/product\/17948","targetHints":{"allow":["GET"]}}],"collection":[{"href":"https:\/\/geoclimate.ge\/fr\/wp-json\/wp\/v2\/product"}],"about":[{"href":"https:\/\/geoclimate.ge\/fr\/wp-json\/wp\/v2\/types\/product"}],"wp:featuredmedia":[{"embeddable":true,"href":"https:\/\/geoclimate.ge\/fr\/wp-json\/wp\/v2\/media\/17937"}],"wp:attachment":[{"href":"https:\/\/geoclimate.ge\/fr\/wp-json\/wp\/v2\/media?parent=17948"}],"wp:term":[{"taxonomy":"product_brand","embeddable":true,"href":"https:\/\/geoclimate.ge\/fr\/wp-json\/wp\/v2\/product_brand?post=17948"},{"taxonomy":"product_cat","embeddable":true,"href":"https:\/\/geoclimate.ge\/fr\/wp-json\/wp\/v2\/product_cat?post=17948"},{"taxonomy":"product_tag","embeddable":true,"href":"https:\/\/geoclimate.ge\/fr\/wp-json\/wp\/v2\/product_tag?post=17948"}],"curies":[{"name":"wp","href":"https:\/\/api.w.org\/{rel}","templated":true}]}}