{"id":17952,"date":"2025-02-07T21:16:03","date_gmt":"2025-02-07T17:16:03","guid":{"rendered":"https:\/\/airsystems.ge\/shop\/product\/vibro-wb-anti-vibration-wall-braces\/"},"modified":"2025-02-07T21:17:11","modified_gmt":"2025-02-07T17:17:11","slug":"vibro-wb-anti-vibration-wall-braces","status":"publish","type":"product","link":"https:\/\/geoclimate.ge\/fr\/produit\/vibro-wb-anti-vibration-wall-braces\/","title":{"rendered":"Vibro-WB : Supports muraux anti-vibratoires"},"content":{"rendered":"<div class=\"border_grid photo_gallery \" data-rt-animate=\"animate\" data-rt-animation-type=\"fadeInDown\">\n<div class=\"row fixed_heights\">\n<div class=\"col col-sm-3 col-xs-12 \">\n<div><img decoding=\"async\" class=\"img-responsive\" src=\"https:\/\/antivibration-systems.com\/wp-content\/uploads\/2013\/08\/Anti-vibration-wall-brace.jpg\" alt=\"Anti-vibration wall brace\" \/><\/div>\n<div id=\"tooltip898344\" class=\"tooltip fade top in\" role=\"tooltip\">\n<div class=\"tooltip-arrow\"><\/div>\n<div class=\"tooltip-inner\">Application with Vibro-WB<\/div>\n<\/div>\n<\/div>\n<\/div>\n<\/div>\n<table border=\"1\" cellspacing=\"0\" cellpadding=\"0\">\n<tbody>\n<tr>\n<td width=\"115\">\n<p align=\"center\"><strong>TYPE<\/strong><\/p>\n<\/td>\n<td width=\"71\">\n<p align=\"center\"><strong>A\u00a0<\/strong>(mm)<\/p>\n<\/td>\n<td width=\"60\">\n<p align=\"center\"><strong>B\u00a0<\/strong>(mm)<\/p>\n<\/td>\n<td width=\"60\">\n<p align=\"center\"><strong>C\u00a0<\/strong>(mm)<\/p>\n<\/td>\n<\/tr>\n<tr>\n<td width=\"115\">\n<p align=\"center\"><strong>Vibro \u2013 WB.25<\/strong><\/p>\n<\/td>\n<td width=\"71\">\n<p align=\"center\">110<\/p>\n<\/td>\n<td width=\"60\">\n<p align=\"center\">70<\/p>\n<\/td>\n<td width=\"60\">\n<p align=\"center\">50<\/p>\n<\/td>\n<\/tr>\n<tr>\n<td width=\"115\">\n<p align=\"center\"><strong>Vibro \u2013 WB.50<\/strong><\/p>\n<\/td>\n<td width=\"71\">\n<p align=\"center\">110<\/p>\n<\/td>\n<td width=\"60\">\n<p align=\"center\">70<\/p>\n<\/td>\n<td width=\"60\">\n<p align=\"center\">50<\/p>\n<\/td>\n<\/tr>\n<\/tbody>\n<\/table>\n","protected":false},"excerpt":{"rendered":"<p>Support mural anti-vibratoire qui emp\u00eache la transmission horizontale des vibrations et les ponts sonores dans les structures murales.<\/p>\n<p>DESCRIPTION<\/p>\n<p>Les supports muraux anti-vibratoires Vibro-WB sont utilis\u00e9s pour ajouter de l&rsquo;int\u00e9grit\u00e9 structurelle aux murs en plaques de pl\u00e2tre longs et hauts, qui sont mont\u00e9s sur des coussinets anti-vibratoires ou bas\u00e9s sur un plancher flottant.<br \/>\nLes murs isol\u00e9s sont un aspect tr\u00e8s critique pour emp\u00eacher la transmission des vibrations dans une application de construction. Les murs flottants avec des produits d&rsquo;isolation des vibrations sont souvent utilis\u00e9s dans les studios de musique, les cin\u00e9mas \u00e0 domicile et les zones acoustiquement sensibles en g\u00e9n\u00e9ral.<br \/>\nDans une construction de murs flottants, il est important que les murs de l&rsquo;espace soient isol\u00e9s des \u00e9l\u00e9ments structurels du b\u00e2timent. Les supports muraux Vibro-WB contribuent \u00e0 isoler compl\u00e8tement un espace acoustiquement sensible, en emp\u00eachant la transmission des vibrations et les ponts sonores. Si le mur n\u00e9cessite un support lat\u00e9ral pour supporter les forces de compression et de cisaillement, des supports muraux anti-vibratoires seront n\u00e9cessaires.<\/p>\n<p>Pourquoi utiliser Vibro-WB ?<\/p>\n<p>Pour \u00e9viter toute connexion directe entre les doubles murs et augmenter leur rigidit\u00e9.<br \/>\nPour \u00e9viter le flambage des murs lors des tremblements de terre.<br \/>\nUtile lorsqu&rsquo;un mur secondaire est appliqu\u00e9 pour une meilleure isolation acoustique o\u00f9 les connexions rigides provoqueront un pont sonore ind\u00e9sirable.<br \/>\nCARACT\u00c9RISTIQUES<\/p>\n<p>Les supports muraux Vibro-WB sont constitu\u00e9s d&rsquo;un cadre m\u00e9tallique, renforc\u00e9 et modul\u00e9 de mani\u00e8re appropri\u00e9e. Deux supports \u00e9lastiques antivibratoires sp\u00e9ciaux, Vibro-mini, sont plac\u00e9s \u00e0 l&rsquo;int\u00e9rieur pour absorber les forces axiales positives et n\u00e9gatives. La vis traversante n&rsquo;entre pas en contact avec le cadre m\u00e9tallique, de sorte qu&rsquo;aucun pont sonore ne se cr\u00e9e.<br \/>\nLes supports muraux ne doivent pas \u00eatre utilis\u00e9s pour un support vertical.<\/p>\n<p>CARACT\u00c9RISTIQUES DYNAMIQUES<\/p>\n<p>Fr\u00e9quence naturelle (\u00e0 charge maximale) : 10 Hz<\/p>\n<p>-Les produits d&rsquo;isolation vibratoire VIBRO offrent une gamme compl\u00e8te de solutions qui peuvent isoler la plupart des types de murs, principalement les cloisons s\u00e8ches. Une large gamme de poids de murs peut \u00eatre prise en charge et une solution personnalis\u00e9e peut \u00e9galement \u00eatre r\u00e9alis\u00e9e. Pour plus d&rsquo;informations et de m\u00e9thodes pour r\u00e9soudre votre projet d&rsquo;isolation antivibratoire, n&rsquo;h\u00e9sitez pas \u00e0 nous contacter \u00e0 tech@vibro.gr et nous vous fournirons plus d&rsquo;informations techniques et de m\u00e9thodes d&rsquo;installation pour nos supports anti-balancement.<\/p>\n","protected":false},"featured_media":17964,"template":"","meta":[],"product_brand":[],"product_cat":[707],"product_tag":[],"class_list":{"0":"post-17952","1":"product","2":"type-product","3":"status-publish","4":"has-post-thumbnail","6":"product_cat-vibration-anti-bruit-acoustique-fr","8":"first","9":"instock","10":"shipping-taxable","11":"product-type-simple"},"yoast_head":"<!-- This site is optimized with the Yoast SEO plugin v27.1.1 - https:\/\/yoast.com\/product\/yoast-seo-wordpress\/ -->\n<title>Vibro-WB : Supports muraux anti-vibratoires - GeoClimate.ge<\/title>\n<meta name=\"robots\" content=\"index, follow, max-snippet:-1, max-image-preview:large, max-video-preview:-1\" \/>\n<link rel=\"canonical\" href=\"https:\/\/geoclimate.ge\/fr\/produit\/vibro-wb-anti-vibration-wall-braces\/\" \/>\n<meta property=\"og:locale\" content=\"fr_FR\" \/>\n<meta property=\"og:type\" content=\"article\" \/>\n<meta property=\"og:title\" content=\"Vibro-WB : Supports muraux anti-vibratoires - GeoClimate.ge\" \/>\n<meta property=\"og:description\" content=\"Support mural anti-vibratoire qui emp\u00eache la transmission horizontale des vibrations et les ponts sonores dans les structures murales.  DESCRIPTION  Les supports muraux anti-vibratoires Vibro-WB sont utilis\u00e9s pour ajouter de l&#039;int\u00e9grit\u00e9 structurelle aux murs en plaques de pl\u00e2tre longs et hauts, qui sont mont\u00e9s sur des coussinets anti-vibratoires ou bas\u00e9s sur un plancher flottant. Les murs isol\u00e9s sont un aspect tr\u00e8s critique pour emp\u00eacher la transmission des vibrations dans une application de construction. Les murs flottants avec des produits d&#039;isolation des vibrations sont souvent utilis\u00e9s dans les studios de musique, les cin\u00e9mas \u00e0 domicile et les zones acoustiquement sensibles en g\u00e9n\u00e9ral. Dans une construction de murs flottants, il est important que les murs de l&#039;espace soient isol\u00e9s des \u00e9l\u00e9ments structurels du b\u00e2timent. Les supports muraux Vibro-WB contribuent \u00e0 isoler compl\u00e8tement un espace acoustiquement sensible, en emp\u00eachant la transmission des vibrations et les ponts sonores. Si le mur n\u00e9cessite un support lat\u00e9ral pour supporter les forces de compression et de cisaillement, des supports muraux anti-vibratoires seront n\u00e9cessaires.  Pourquoi utiliser Vibro-WB ?  Pour \u00e9viter toute connexion directe entre les doubles murs et augmenter leur rigidit\u00e9. Pour \u00e9viter le flambage des murs lors des tremblements de terre. Utile lorsqu&#039;un mur secondaire est appliqu\u00e9 pour une meilleure isolation acoustique o\u00f9 les connexions rigides provoqueront un pont sonore ind\u00e9sirable. CARACT\u00c9RISTIQUES  Les supports muraux Vibro-WB sont constitu\u00e9s d&#039;un cadre m\u00e9tallique, renforc\u00e9 et modul\u00e9 de mani\u00e8re appropri\u00e9e. Deux supports \u00e9lastiques antivibratoires sp\u00e9ciaux, Vibro-mini, sont plac\u00e9s \u00e0 l&#039;int\u00e9rieur pour absorber les forces axiales positives et n\u00e9gatives. La vis traversante n&#039;entre pas en contact avec le cadre m\u00e9tallique, de sorte qu&#039;aucun pont sonore ne se cr\u00e9e. Les supports muraux ne doivent pas \u00eatre utilis\u00e9s pour un support vertical.  CARACT\u00c9RISTIQUES DYNAMIQUES  Fr\u00e9quence naturelle (\u00e0 charge maximale) : 10 Hz  -Les produits d&#039;isolation vibratoire VIBRO offrent une gamme compl\u00e8te de solutions qui peuvent isoler la plupart des types de murs, principalement les cloisons s\u00e8ches. Une large gamme de poids de murs peut \u00eatre prise en charge et une solution personnalis\u00e9e peut \u00e9galement \u00eatre r\u00e9alis\u00e9e. Pour plus d&#039;informations et de m\u00e9thodes pour r\u00e9soudre votre projet d&#039;isolation antivibratoire, n&#039;h\u00e9sitez pas \u00e0 nous contacter \u00e0 tech@vibro.gr et nous vous fournirons plus d&#039;informations techniques et de m\u00e9thodes d&#039;installation pour nos supports anti-balancement.\" \/>\n<meta property=\"og:url\" content=\"https:\/\/geoclimate.ge\/fr\/produit\/vibro-wb-anti-vibration-wall-braces\/\" \/>\n<meta property=\"og:site_name\" content=\"GeoClimate.ge\" \/>\n<meta property=\"article:modified_time\" content=\"2025-02-07T17:17:11+00:00\" \/>\n<meta property=\"og:image\" content=\"https:\/\/geoclimate.ge\/wp-content\/uploads\/2025\/02\/links2.png\" \/>\n\t<meta property=\"og:image:width\" content=\"720\" \/>\n\t<meta property=\"og:image:height\" content=\"480\" \/>\n\t<meta property=\"og:image:type\" content=\"image\/png\" \/>\n<meta name=\"twitter:card\" content=\"summary_large_image\" \/>\n<script type=\"application\/ld+json\" class=\"yoast-schema-graph\">{\"@context\":\"https:\/\/schema.org\",\"@graph\":[{\"@type\":\"WebPage\",\"@id\":\"https:\/\/geoclimate.ge\/fr\/produit\/vibro-wb-anti-vibration-wall-braces\/\",\"url\":\"https:\/\/geoclimate.ge\/fr\/produit\/vibro-wb-anti-vibration-wall-braces\/\",\"name\":\"Vibro-WB : Supports muraux anti-vibratoires - GeoClimate.ge\",\"isPartOf\":{\"@id\":\"https:\/\/geoclimate.ge\/#website\"},\"primaryImageOfPage\":{\"@id\":\"https:\/\/geoclimate.ge\/fr\/produit\/vibro-wb-anti-vibration-wall-braces\/#primaryimage\"},\"image\":{\"@id\":\"https:\/\/geoclimate.ge\/fr\/produit\/vibro-wb-anti-vibration-wall-braces\/#primaryimage\"},\"thumbnailUrl\":\"https:\/\/geoclimate.ge\/wp-content\/uploads\/2025\/02\/links2.png\",\"datePublished\":\"2025-02-07T17:16:03+00:00\",\"dateModified\":\"2025-02-07T17:17:11+00:00\",\"breadcrumb\":{\"@id\":\"https:\/\/geoclimate.ge\/fr\/produit\/vibro-wb-anti-vibration-wall-braces\/#breadcrumb\"},\"inLanguage\":\"fr-FR\",\"potentialAction\":[{\"@type\":\"ReadAction\",\"target\":[\"https:\/\/geoclimate.ge\/fr\/produit\/vibro-wb-anti-vibration-wall-braces\/\"]}]},{\"@type\":\"ImageObject\",\"inLanguage\":\"fr-FR\",\"@id\":\"https:\/\/geoclimate.ge\/fr\/produit\/vibro-wb-anti-vibration-wall-braces\/#primaryimage\",\"url\":\"https:\/\/geoclimate.ge\/wp-content\/uploads\/2025\/02\/links2.png\",\"contentUrl\":\"https:\/\/geoclimate.ge\/wp-content\/uploads\/2025\/02\/links2.png\",\"width\":720,\"height\":480},{\"@type\":\"BreadcrumbList\",\"@id\":\"https:\/\/geoclimate.ge\/fr\/produit\/vibro-wb-anti-vibration-wall-braces\/#breadcrumb\",\"itemListElement\":[{\"@type\":\"ListItem\",\"position\":1,\"name\":\"Home\",\"item\":\"https:\/\/geoclimate.ge\/fr\/\"},{\"@type\":\"ListItem\",\"position\":2,\"name\":\"Products\",\"item\":\"https:\/\/geoclimate.ge\/fr\/products\/\"},{\"@type\":\"ListItem\",\"position\":3,\"name\":\"Vibro-WB : Supports muraux anti-vibratoires\"}]},{\"@type\":\"WebSite\",\"@id\":\"https:\/\/geoclimate.ge\/#website\",\"url\":\"https:\/\/geoclimate.ge\/\",\"name\":\"GeoClimate\",\"description\":\"\",\"publisher\":{\"@id\":\"https:\/\/geoclimate.ge\/#organization\"},\"potentialAction\":[{\"@type\":\"SearchAction\",\"target\":{\"@type\":\"EntryPoint\",\"urlTemplate\":\"https:\/\/geoclimate.ge\/?s={search_term_string}\"},\"query-input\":{\"@type\":\"PropertyValueSpecification\",\"valueRequired\":true,\"valueName\":\"search_term_string\"}}],\"inLanguage\":\"fr-FR\"},{\"@type\":\"Organization\",\"@id\":\"https:\/\/geoclimate.ge\/#organization\",\"name\":\"GeoClimate\",\"url\":\"https:\/\/geoclimate.ge\/\",\"logo\":{\"@type\":\"ImageObject\",\"inLanguage\":\"fr-FR\",\"@id\":\"https:\/\/geoclimate.ge\/#\/schema\/logo\/image\/\",\"url\":\"https:\/\/geoclimate.ge\/wp-content\/uploads\/2026\/03\/geoclimate-SEO.png\",\"contentUrl\":\"https:\/\/geoclimate.ge\/wp-content\/uploads\/2026\/03\/geoclimate-SEO.png\",\"width\":1536,\"height\":1024,\"caption\":\"GeoClimate\"},\"image\":{\"@id\":\"https:\/\/geoclimate.ge\/#\/schema\/logo\/image\/\"}}]}<\/script>\n<!-- \/ Yoast SEO plugin. -->","yoast_head_json":{"title":"Vibro-WB : Supports muraux anti-vibratoires - GeoClimate.ge","robots":{"index":"index","follow":"follow","max-snippet":"max-snippet:-1","max-image-preview":"max-image-preview:large","max-video-preview":"max-video-preview:-1"},"canonical":"https:\/\/geoclimate.ge\/fr\/produit\/vibro-wb-anti-vibration-wall-braces\/","og_locale":"fr_FR","og_type":"article","og_title":"Vibro-WB : Supports muraux anti-vibratoires - GeoClimate.ge","og_description":"Support mural anti-vibratoire qui emp\u00eache la transmission horizontale des vibrations et les ponts sonores dans les structures murales.  DESCRIPTION  Les supports muraux anti-vibratoires Vibro-WB sont utilis\u00e9s pour ajouter de l'int\u00e9grit\u00e9 structurelle aux murs en plaques de pl\u00e2tre longs et hauts, qui sont mont\u00e9s sur des coussinets anti-vibratoires ou bas\u00e9s sur un plancher flottant. Les murs isol\u00e9s sont un aspect tr\u00e8s critique pour emp\u00eacher la transmission des vibrations dans une application de construction. Les murs flottants avec des produits d'isolation des vibrations sont souvent utilis\u00e9s dans les studios de musique, les cin\u00e9mas \u00e0 domicile et les zones acoustiquement sensibles en g\u00e9n\u00e9ral. Dans une construction de murs flottants, il est important que les murs de l'espace soient isol\u00e9s des \u00e9l\u00e9ments structurels du b\u00e2timent. Les supports muraux Vibro-WB contribuent \u00e0 isoler compl\u00e8tement un espace acoustiquement sensible, en emp\u00eachant la transmission des vibrations et les ponts sonores. Si le mur n\u00e9cessite un support lat\u00e9ral pour supporter les forces de compression et de cisaillement, des supports muraux anti-vibratoires seront n\u00e9cessaires.  Pourquoi utiliser Vibro-WB ?  Pour \u00e9viter toute connexion directe entre les doubles murs et augmenter leur rigidit\u00e9. Pour \u00e9viter le flambage des murs lors des tremblements de terre. Utile lorsqu'un mur secondaire est appliqu\u00e9 pour une meilleure isolation acoustique o\u00f9 les connexions rigides provoqueront un pont sonore ind\u00e9sirable. CARACT\u00c9RISTIQUES  Les supports muraux Vibro-WB sont constitu\u00e9s d'un cadre m\u00e9tallique, renforc\u00e9 et modul\u00e9 de mani\u00e8re appropri\u00e9e. Deux supports \u00e9lastiques antivibratoires sp\u00e9ciaux, Vibro-mini, sont plac\u00e9s \u00e0 l'int\u00e9rieur pour absorber les forces axiales positives et n\u00e9gatives. La vis traversante n'entre pas en contact avec le cadre m\u00e9tallique, de sorte qu'aucun pont sonore ne se cr\u00e9e. Les supports muraux ne doivent pas \u00eatre utilis\u00e9s pour un support vertical.  CARACT\u00c9RISTIQUES DYNAMIQUES  Fr\u00e9quence naturelle (\u00e0 charge maximale) : 10 Hz  -Les produits d'isolation vibratoire VIBRO offrent une gamme compl\u00e8te de solutions qui peuvent isoler la plupart des types de murs, principalement les cloisons s\u00e8ches. Une large gamme de poids de murs peut \u00eatre prise en charge et une solution personnalis\u00e9e peut \u00e9galement \u00eatre r\u00e9alis\u00e9e. Pour plus d'informations et de m\u00e9thodes pour r\u00e9soudre votre projet d'isolation antivibratoire, n'h\u00e9sitez pas \u00e0 nous contacter \u00e0 tech@vibro.gr et nous vous fournirons plus d'informations techniques et de m\u00e9thodes d'installation pour nos supports anti-balancement.","og_url":"https:\/\/geoclimate.ge\/fr\/produit\/vibro-wb-anti-vibration-wall-braces\/","og_site_name":"GeoClimate.ge","article_modified_time":"2025-02-07T17:17:11+00:00","og_image":[{"width":720,"height":480,"url":"https:\/\/geoclimate.ge\/wp-content\/uploads\/2025\/02\/links2.png","type":"image\/png"}],"twitter_card":"summary_large_image","schema":{"@context":"https:\/\/schema.org","@graph":[{"@type":"WebPage","@id":"https:\/\/geoclimate.ge\/fr\/produit\/vibro-wb-anti-vibration-wall-braces\/","url":"https:\/\/geoclimate.ge\/fr\/produit\/vibro-wb-anti-vibration-wall-braces\/","name":"Vibro-WB : Supports muraux anti-vibratoires - GeoClimate.ge","isPartOf":{"@id":"https:\/\/geoclimate.ge\/#website"},"primaryImageOfPage":{"@id":"https:\/\/geoclimate.ge\/fr\/produit\/vibro-wb-anti-vibration-wall-braces\/#primaryimage"},"image":{"@id":"https:\/\/geoclimate.ge\/fr\/produit\/vibro-wb-anti-vibration-wall-braces\/#primaryimage"},"thumbnailUrl":"https:\/\/geoclimate.ge\/wp-content\/uploads\/2025\/02\/links2.png","datePublished":"2025-02-07T17:16:03+00:00","dateModified":"2025-02-07T17:17:11+00:00","breadcrumb":{"@id":"https:\/\/geoclimate.ge\/fr\/produit\/vibro-wb-anti-vibration-wall-braces\/#breadcrumb"},"inLanguage":"fr-FR","potentialAction":[{"@type":"ReadAction","target":["https:\/\/geoclimate.ge\/fr\/produit\/vibro-wb-anti-vibration-wall-braces\/"]}]},{"@type":"ImageObject","inLanguage":"fr-FR","@id":"https:\/\/geoclimate.ge\/fr\/produit\/vibro-wb-anti-vibration-wall-braces\/#primaryimage","url":"https:\/\/geoclimate.ge\/wp-content\/uploads\/2025\/02\/links2.png","contentUrl":"https:\/\/geoclimate.ge\/wp-content\/uploads\/2025\/02\/links2.png","width":720,"height":480},{"@type":"BreadcrumbList","@id":"https:\/\/geoclimate.ge\/fr\/produit\/vibro-wb-anti-vibration-wall-braces\/#breadcrumb","itemListElement":[{"@type":"ListItem","position":1,"name":"Home","item":"https:\/\/geoclimate.ge\/fr\/"},{"@type":"ListItem","position":2,"name":"Products","item":"https:\/\/geoclimate.ge\/fr\/products\/"},{"@type":"ListItem","position":3,"name":"Vibro-WB : Supports muraux anti-vibratoires"}]},{"@type":"WebSite","@id":"https:\/\/geoclimate.ge\/#website","url":"https:\/\/geoclimate.ge\/","name":"GeoClimate","description":"","publisher":{"@id":"https:\/\/geoclimate.ge\/#organization"},"potentialAction":[{"@type":"SearchAction","target":{"@type":"EntryPoint","urlTemplate":"https:\/\/geoclimate.ge\/?s={search_term_string}"},"query-input":{"@type":"PropertyValueSpecification","valueRequired":true,"valueName":"search_term_string"}}],"inLanguage":"fr-FR"},{"@type":"Organization","@id":"https:\/\/geoclimate.ge\/#organization","name":"GeoClimate","url":"https:\/\/geoclimate.ge\/","logo":{"@type":"ImageObject","inLanguage":"fr-FR","@id":"https:\/\/geoclimate.ge\/#\/schema\/logo\/image\/","url":"https:\/\/geoclimate.ge\/wp-content\/uploads\/2026\/03\/geoclimate-SEO.png","contentUrl":"https:\/\/geoclimate.ge\/wp-content\/uploads\/2026\/03\/geoclimate-SEO.png","width":1536,"height":1024,"caption":"GeoClimate"},"image":{"@id":"https:\/\/geoclimate.ge\/#\/schema\/logo\/image\/"}}]}},"_links":{"self":[{"href":"https:\/\/geoclimate.ge\/fr\/wp-json\/wp\/v2\/product\/17952","targetHints":{"allow":["GET"]}}],"collection":[{"href":"https:\/\/geoclimate.ge\/fr\/wp-json\/wp\/v2\/product"}],"about":[{"href":"https:\/\/geoclimate.ge\/fr\/wp-json\/wp\/v2\/types\/product"}],"wp:featuredmedia":[{"embeddable":true,"href":"https:\/\/geoclimate.ge\/fr\/wp-json\/wp\/v2\/media\/17964"}],"wp:attachment":[{"href":"https:\/\/geoclimate.ge\/fr\/wp-json\/wp\/v2\/media?parent=17952"}],"wp:term":[{"taxonomy":"product_brand","embeddable":true,"href":"https:\/\/geoclimate.ge\/fr\/wp-json\/wp\/v2\/product_brand?post=17952"},{"taxonomy":"product_cat","embeddable":true,"href":"https:\/\/geoclimate.ge\/fr\/wp-json\/wp\/v2\/product_cat?post=17952"},{"taxonomy":"product_tag","embeddable":true,"href":"https:\/\/geoclimate.ge\/fr\/wp-json\/wp\/v2\/product_tag?post=17952"}],"curies":[{"name":"wp","href":"https:\/\/api.w.org\/{rel}","templated":true}]}}