{"id":17992,"date":"2025-02-07T21:22:16","date_gmt":"2025-02-07T17:22:16","guid":{"rendered":"https:\/\/airsystems.ge\/shop\/product\/vibro-sc-anti-vibration-wall-connector\/"},"modified":"2025-02-07T21:24:00","modified_gmt":"2025-02-07T17:24:00","slug":"vibro-sc-anti-vibration-wall-connector","status":"publish","type":"product","link":"https:\/\/geoclimate.ge\/fr\/produit\/vibro-sc-anti-vibration-wall-connector\/","title":{"rendered":"Vibro SC : connecteur mural anti-vibratoire"},"content":{"rendered":"<p><img loading=\"lazy\" decoding=\"async\" class=\"alignleft wp-image-4920\" src=\"https:\/\/antivibration-systems.com\/wp-content\/uploads\/2013\/08\/Vibro-SC-Selection-Table.png\" sizes=\"auto, (max-width: 516px) 100vw, 516px\" srcset=\"https:\/\/antivibration-systems.com\/wp-content\/uploads\/2013\/08\/Vibro-SC-Selection-Table.png 516w, https:\/\/antivibration-systems.com\/wp-content\/uploads\/2013\/08\/Vibro-SC-Selection-Table-300x87.png 300w\" alt=\"Vibro-SC Selection Table\" width=\"516\" height=\"149\" \/><\/p>\n<p>&nbsp;<\/p>\n<p>&nbsp;<\/p>\n<p>&nbsp;<\/p>\n<p>&nbsp;<\/p>\n<p>&nbsp;<\/p>\n<div class=\"border_grid photo_gallery \" data-rt-animate=\"animate\" data-rt-animation-type=\"fadeInDown\">\n<div class=\"row fixed_heights\">\n<div class=\"col col-sm-3 col-xs-12 \">\n<div><img decoding=\"async\" class=\"img-responsive\" src=\"https:\/\/antivibration-systems.com\/wp-content\/uploads\/2013\/08\/Anti-vibration-wall-brace2-512x640.jpg\" alt=\"Anti-vibration wall brace2\" \/><\/div>\n<\/div>\n<\/div>\n<\/div>\n","protected":false},"excerpt":{"rendered":"<p>Entretoise murale anti-vibratoire qui emp\u00eache la transmission horizontale des vibrations et les ponts sonores dans les structures murales.<\/p>\n<p>DESCRIPTION<\/p>\n<p>Le Vibro-SC est un connecteur mural anti-vibratoire \u00e0 profil bas qui est utilis\u00e9 pour ajouter de l&rsquo;int\u00e9grit\u00e9 structurelle aux murs en plaques de pl\u00e2tre longs et hauts, mont\u00e9s sur des coussinets anti-vibratoires ou soutenus par des farines flottantes. Les murs isol\u00e9s sont un aspect tr\u00e8s critique pour emp\u00eacher la transmission des vibrations dans une application de construction.<br \/>\nLes murs flottants avec des produits d&rsquo;isolation des vibrations sont souvent utilis\u00e9s dans les studios de musique, les cin\u00e9mas \u00e0 domicile et les zones acoustiquement sensibles en g\u00e9n\u00e9ral. Dans une construction de murs flottants, il est important que les murs de l&rsquo;espace soient isol\u00e9s des \u00e9l\u00e9ments structurels du b\u00e2timent.<\/p>\n<p>Les Vibro-SC sont des entretoises murales qui sont utilis\u00e9es lorsque l&rsquo;espace est limit\u00e9 entre le mur isol\u00e9 et la structure principale du b\u00e2timent. L&rsquo;entretoise acoustique anti-oscillation Vibro-SC ne mesure que 40 mm de large et peut donc \u00eatre install\u00e9e dans la plupart des cavit\u00e9s.<br \/>\nIl contribue \u00e0 isoler compl\u00e8tement un espace acoustiquement sensible, en emp\u00eachant la transmission des vibrations et les ponts sonores.<br \/>\nSi le mur n\u00e9cessite un support lat\u00e9ral pour supporter les forces de compression et de cisaillement, des supports muraux antivibratoires seront n\u00e9cessaires.<\/p>\n<p>CARACT\u00c9RISTIQUES<\/p>\n<p>Les connecteurs muraux antivibratoires Vibro-SC sont constitu\u00e9s de deux cadres m\u00e9talliques galvanis\u00e9s, renforc\u00e9s et modul\u00e9s de mani\u00e8re appropri\u00e9e. Entre les cadres m\u00e9talliques, un \u00e9l\u00e9ment en caoutchouc mousse est ins\u00e9r\u00e9 pour \u00e9liminer les ponts sonores et \u00e9viter le passage de fr\u00e9quences audibles ind\u00e9sirables.<br \/>\nLes supports muraux ne doivent pas \u00eatre utilis\u00e9s pour un support vertical.<\/p>\n","protected":false},"featured_media":17981,"template":"","meta":[],"product_brand":[],"product_cat":[707],"product_tag":[],"class_list":{"0":"post-17992","1":"product","2":"type-product","3":"status-publish","4":"has-post-thumbnail","6":"product_cat-vibration-anti-bruit-acoustique-fr","8":"first","9":"instock","10":"shipping-taxable","11":"product-type-simple"},"yoast_head":"<!-- This site is optimized with the Yoast SEO plugin v27.1.1 - https:\/\/yoast.com\/product\/yoast-seo-wordpress\/ -->\n<title>Vibro SC : connecteur mural anti-vibratoire - GeoClimate.ge<\/title>\n<meta name=\"robots\" content=\"index, follow, max-snippet:-1, max-image-preview:large, max-video-preview:-1\" \/>\n<link rel=\"canonical\" href=\"https:\/\/geoclimate.ge\/fr\/produit\/vibro-sc-anti-vibration-wall-connector\/\" \/>\n<meta property=\"og:locale\" content=\"fr_FR\" \/>\n<meta property=\"og:type\" content=\"article\" \/>\n<meta property=\"og:title\" content=\"Vibro SC : connecteur mural anti-vibratoire - GeoClimate.ge\" \/>\n<meta property=\"og:description\" content=\"Entretoise murale anti-vibratoire qui emp\u00eache la transmission horizontale des vibrations et les ponts sonores dans les structures murales.  DESCRIPTION  Le Vibro-SC est un connecteur mural anti-vibratoire \u00e0 profil bas qui est utilis\u00e9 pour ajouter de l&#039;int\u00e9grit\u00e9 structurelle aux murs en plaques de pl\u00e2tre longs et hauts, mont\u00e9s sur des coussinets anti-vibratoires ou soutenus par des farines flottantes. Les murs isol\u00e9s sont un aspect tr\u00e8s critique pour emp\u00eacher la transmission des vibrations dans une application de construction. Les murs flottants avec des produits d&#039;isolation des vibrations sont souvent utilis\u00e9s dans les studios de musique, les cin\u00e9mas \u00e0 domicile et les zones acoustiquement sensibles en g\u00e9n\u00e9ral. Dans une construction de murs flottants, il est important que les murs de l&#039;espace soient isol\u00e9s des \u00e9l\u00e9ments structurels du b\u00e2timent.  Les Vibro-SC sont des entretoises murales qui sont utilis\u00e9es lorsque l&#039;espace est limit\u00e9 entre le mur isol\u00e9 et la structure principale du b\u00e2timent. L&#039;entretoise acoustique anti-oscillation Vibro-SC ne mesure que 40 mm de large et peut donc \u00eatre install\u00e9e dans la plupart des cavit\u00e9s. Il contribue \u00e0 isoler compl\u00e8tement un espace acoustiquement sensible, en emp\u00eachant la transmission des vibrations et les ponts sonores. Si le mur n\u00e9cessite un support lat\u00e9ral pour supporter les forces de compression et de cisaillement, des supports muraux antivibratoires seront n\u00e9cessaires.  CARACT\u00c9RISTIQUES  Les connecteurs muraux antivibratoires Vibro-SC sont constitu\u00e9s de deux cadres m\u00e9talliques galvanis\u00e9s, renforc\u00e9s et modul\u00e9s de mani\u00e8re appropri\u00e9e. Entre les cadres m\u00e9talliques, un \u00e9l\u00e9ment en caoutchouc mousse est ins\u00e9r\u00e9 pour \u00e9liminer les ponts sonores et \u00e9viter le passage de fr\u00e9quences audibles ind\u00e9sirables. Les supports muraux ne doivent pas \u00eatre utilis\u00e9s pour un support vertical.\" \/>\n<meta property=\"og:url\" content=\"https:\/\/geoclimate.ge\/fr\/produit\/vibro-sc-anti-vibration-wall-connector\/\" \/>\n<meta property=\"og:site_name\" content=\"GeoClimate.ge\" \/>\n<meta property=\"article:modified_time\" content=\"2025-02-07T17:24:00+00:00\" \/>\n<meta property=\"og:image\" content=\"https:\/\/geoclimate.ge\/wp-content\/uploads\/2025\/02\/render2.png\" \/>\n\t<meta property=\"og:image:width\" content=\"379\" \/>\n\t<meta property=\"og:image:height\" content=\"428\" \/>\n\t<meta property=\"og:image:type\" content=\"image\/png\" \/>\n<meta name=\"twitter:card\" content=\"summary_large_image\" \/>\n<script type=\"application\/ld+json\" class=\"yoast-schema-graph\">{\"@context\":\"https:\/\/schema.org\",\"@graph\":[{\"@type\":\"WebPage\",\"@id\":\"https:\/\/geoclimate.ge\/fr\/produit\/vibro-sc-anti-vibration-wall-connector\/\",\"url\":\"https:\/\/geoclimate.ge\/fr\/produit\/vibro-sc-anti-vibration-wall-connector\/\",\"name\":\"Vibro SC : connecteur mural anti-vibratoire - GeoClimate.ge\",\"isPartOf\":{\"@id\":\"https:\/\/geoclimate.ge\/#website\"},\"primaryImageOfPage\":{\"@id\":\"https:\/\/geoclimate.ge\/fr\/produit\/vibro-sc-anti-vibration-wall-connector\/#primaryimage\"},\"image\":{\"@id\":\"https:\/\/geoclimate.ge\/fr\/produit\/vibro-sc-anti-vibration-wall-connector\/#primaryimage\"},\"thumbnailUrl\":\"https:\/\/geoclimate.ge\/wp-content\/uploads\/2025\/02\/render2.png\",\"datePublished\":\"2025-02-07T17:22:16+00:00\",\"dateModified\":\"2025-02-07T17:24:00+00:00\",\"breadcrumb\":{\"@id\":\"https:\/\/geoclimate.ge\/fr\/produit\/vibro-sc-anti-vibration-wall-connector\/#breadcrumb\"},\"inLanguage\":\"fr-FR\",\"potentialAction\":[{\"@type\":\"ReadAction\",\"target\":[\"https:\/\/geoclimate.ge\/fr\/produit\/vibro-sc-anti-vibration-wall-connector\/\"]}]},{\"@type\":\"ImageObject\",\"inLanguage\":\"fr-FR\",\"@id\":\"https:\/\/geoclimate.ge\/fr\/produit\/vibro-sc-anti-vibration-wall-connector\/#primaryimage\",\"url\":\"https:\/\/geoclimate.ge\/wp-content\/uploads\/2025\/02\/render2.png\",\"contentUrl\":\"https:\/\/geoclimate.ge\/wp-content\/uploads\/2025\/02\/render2.png\",\"width\":379,\"height\":428},{\"@type\":\"BreadcrumbList\",\"@id\":\"https:\/\/geoclimate.ge\/fr\/produit\/vibro-sc-anti-vibration-wall-connector\/#breadcrumb\",\"itemListElement\":[{\"@type\":\"ListItem\",\"position\":1,\"name\":\"Home\",\"item\":\"https:\/\/geoclimate.ge\/fr\/\"},{\"@type\":\"ListItem\",\"position\":2,\"name\":\"Products\",\"item\":\"https:\/\/geoclimate.ge\/fr\/products\/\"},{\"@type\":\"ListItem\",\"position\":3,\"name\":\"Vibro SC : connecteur mural anti-vibratoire\"}]},{\"@type\":\"WebSite\",\"@id\":\"https:\/\/geoclimate.ge\/#website\",\"url\":\"https:\/\/geoclimate.ge\/\",\"name\":\"GeoClimate\",\"description\":\"\",\"publisher\":{\"@id\":\"https:\/\/geoclimate.ge\/#organization\"},\"potentialAction\":[{\"@type\":\"SearchAction\",\"target\":{\"@type\":\"EntryPoint\",\"urlTemplate\":\"https:\/\/geoclimate.ge\/?s={search_term_string}\"},\"query-input\":{\"@type\":\"PropertyValueSpecification\",\"valueRequired\":true,\"valueName\":\"search_term_string\"}}],\"inLanguage\":\"fr-FR\"},{\"@type\":\"Organization\",\"@id\":\"https:\/\/geoclimate.ge\/#organization\",\"name\":\"GeoClimate\",\"url\":\"https:\/\/geoclimate.ge\/\",\"logo\":{\"@type\":\"ImageObject\",\"inLanguage\":\"fr-FR\",\"@id\":\"https:\/\/geoclimate.ge\/#\/schema\/logo\/image\/\",\"url\":\"https:\/\/geoclimate.ge\/wp-content\/uploads\/2026\/03\/geoclimate-SEO.png\",\"contentUrl\":\"https:\/\/geoclimate.ge\/wp-content\/uploads\/2026\/03\/geoclimate-SEO.png\",\"width\":1536,\"height\":1024,\"caption\":\"GeoClimate\"},\"image\":{\"@id\":\"https:\/\/geoclimate.ge\/#\/schema\/logo\/image\/\"}}]}<\/script>\n<!-- \/ Yoast SEO plugin. -->","yoast_head_json":{"title":"Vibro SC : connecteur mural anti-vibratoire - GeoClimate.ge","robots":{"index":"index","follow":"follow","max-snippet":"max-snippet:-1","max-image-preview":"max-image-preview:large","max-video-preview":"max-video-preview:-1"},"canonical":"https:\/\/geoclimate.ge\/fr\/produit\/vibro-sc-anti-vibration-wall-connector\/","og_locale":"fr_FR","og_type":"article","og_title":"Vibro SC : connecteur mural anti-vibratoire - GeoClimate.ge","og_description":"Entretoise murale anti-vibratoire qui emp\u00eache la transmission horizontale des vibrations et les ponts sonores dans les structures murales.  DESCRIPTION  Le Vibro-SC est un connecteur mural anti-vibratoire \u00e0 profil bas qui est utilis\u00e9 pour ajouter de l'int\u00e9grit\u00e9 structurelle aux murs en plaques de pl\u00e2tre longs et hauts, mont\u00e9s sur des coussinets anti-vibratoires ou soutenus par des farines flottantes. Les murs isol\u00e9s sont un aspect tr\u00e8s critique pour emp\u00eacher la transmission des vibrations dans une application de construction. Les murs flottants avec des produits d'isolation des vibrations sont souvent utilis\u00e9s dans les studios de musique, les cin\u00e9mas \u00e0 domicile et les zones acoustiquement sensibles en g\u00e9n\u00e9ral. Dans une construction de murs flottants, il est important que les murs de l'espace soient isol\u00e9s des \u00e9l\u00e9ments structurels du b\u00e2timent.  Les Vibro-SC sont des entretoises murales qui sont utilis\u00e9es lorsque l'espace est limit\u00e9 entre le mur isol\u00e9 et la structure principale du b\u00e2timent. L'entretoise acoustique anti-oscillation Vibro-SC ne mesure que 40 mm de large et peut donc \u00eatre install\u00e9e dans la plupart des cavit\u00e9s. Il contribue \u00e0 isoler compl\u00e8tement un espace acoustiquement sensible, en emp\u00eachant la transmission des vibrations et les ponts sonores. Si le mur n\u00e9cessite un support lat\u00e9ral pour supporter les forces de compression et de cisaillement, des supports muraux antivibratoires seront n\u00e9cessaires.  CARACT\u00c9RISTIQUES  Les connecteurs muraux antivibratoires Vibro-SC sont constitu\u00e9s de deux cadres m\u00e9talliques galvanis\u00e9s, renforc\u00e9s et modul\u00e9s de mani\u00e8re appropri\u00e9e. Entre les cadres m\u00e9talliques, un \u00e9l\u00e9ment en caoutchouc mousse est ins\u00e9r\u00e9 pour \u00e9liminer les ponts sonores et \u00e9viter le passage de fr\u00e9quences audibles ind\u00e9sirables. Les supports muraux ne doivent pas \u00eatre utilis\u00e9s pour un support vertical.","og_url":"https:\/\/geoclimate.ge\/fr\/produit\/vibro-sc-anti-vibration-wall-connector\/","og_site_name":"GeoClimate.ge","article_modified_time":"2025-02-07T17:24:00+00:00","og_image":[{"width":379,"height":428,"url":"https:\/\/geoclimate.ge\/wp-content\/uploads\/2025\/02\/render2.png","type":"image\/png"}],"twitter_card":"summary_large_image","schema":{"@context":"https:\/\/schema.org","@graph":[{"@type":"WebPage","@id":"https:\/\/geoclimate.ge\/fr\/produit\/vibro-sc-anti-vibration-wall-connector\/","url":"https:\/\/geoclimate.ge\/fr\/produit\/vibro-sc-anti-vibration-wall-connector\/","name":"Vibro SC : connecteur mural anti-vibratoire - GeoClimate.ge","isPartOf":{"@id":"https:\/\/geoclimate.ge\/#website"},"primaryImageOfPage":{"@id":"https:\/\/geoclimate.ge\/fr\/produit\/vibro-sc-anti-vibration-wall-connector\/#primaryimage"},"image":{"@id":"https:\/\/geoclimate.ge\/fr\/produit\/vibro-sc-anti-vibration-wall-connector\/#primaryimage"},"thumbnailUrl":"https:\/\/geoclimate.ge\/wp-content\/uploads\/2025\/02\/render2.png","datePublished":"2025-02-07T17:22:16+00:00","dateModified":"2025-02-07T17:24:00+00:00","breadcrumb":{"@id":"https:\/\/geoclimate.ge\/fr\/produit\/vibro-sc-anti-vibration-wall-connector\/#breadcrumb"},"inLanguage":"fr-FR","potentialAction":[{"@type":"ReadAction","target":["https:\/\/geoclimate.ge\/fr\/produit\/vibro-sc-anti-vibration-wall-connector\/"]}]},{"@type":"ImageObject","inLanguage":"fr-FR","@id":"https:\/\/geoclimate.ge\/fr\/produit\/vibro-sc-anti-vibration-wall-connector\/#primaryimage","url":"https:\/\/geoclimate.ge\/wp-content\/uploads\/2025\/02\/render2.png","contentUrl":"https:\/\/geoclimate.ge\/wp-content\/uploads\/2025\/02\/render2.png","width":379,"height":428},{"@type":"BreadcrumbList","@id":"https:\/\/geoclimate.ge\/fr\/produit\/vibro-sc-anti-vibration-wall-connector\/#breadcrumb","itemListElement":[{"@type":"ListItem","position":1,"name":"Home","item":"https:\/\/geoclimate.ge\/fr\/"},{"@type":"ListItem","position":2,"name":"Products","item":"https:\/\/geoclimate.ge\/fr\/products\/"},{"@type":"ListItem","position":3,"name":"Vibro SC : connecteur mural anti-vibratoire"}]},{"@type":"WebSite","@id":"https:\/\/geoclimate.ge\/#website","url":"https:\/\/geoclimate.ge\/","name":"GeoClimate","description":"","publisher":{"@id":"https:\/\/geoclimate.ge\/#organization"},"potentialAction":[{"@type":"SearchAction","target":{"@type":"EntryPoint","urlTemplate":"https:\/\/geoclimate.ge\/?s={search_term_string}"},"query-input":{"@type":"PropertyValueSpecification","valueRequired":true,"valueName":"search_term_string"}}],"inLanguage":"fr-FR"},{"@type":"Organization","@id":"https:\/\/geoclimate.ge\/#organization","name":"GeoClimate","url":"https:\/\/geoclimate.ge\/","logo":{"@type":"ImageObject","inLanguage":"fr-FR","@id":"https:\/\/geoclimate.ge\/#\/schema\/logo\/image\/","url":"https:\/\/geoclimate.ge\/wp-content\/uploads\/2026\/03\/geoclimate-SEO.png","contentUrl":"https:\/\/geoclimate.ge\/wp-content\/uploads\/2026\/03\/geoclimate-SEO.png","width":1536,"height":1024,"caption":"GeoClimate"},"image":{"@id":"https:\/\/geoclimate.ge\/#\/schema\/logo\/image\/"}}]}},"_links":{"self":[{"href":"https:\/\/geoclimate.ge\/fr\/wp-json\/wp\/v2\/product\/17992","targetHints":{"allow":["GET"]}}],"collection":[{"href":"https:\/\/geoclimate.ge\/fr\/wp-json\/wp\/v2\/product"}],"about":[{"href":"https:\/\/geoclimate.ge\/fr\/wp-json\/wp\/v2\/types\/product"}],"wp:featuredmedia":[{"embeddable":true,"href":"https:\/\/geoclimate.ge\/fr\/wp-json\/wp\/v2\/media\/17981"}],"wp:attachment":[{"href":"https:\/\/geoclimate.ge\/fr\/wp-json\/wp\/v2\/media?parent=17992"}],"wp:term":[{"taxonomy":"product_brand","embeddable":true,"href":"https:\/\/geoclimate.ge\/fr\/wp-json\/wp\/v2\/product_brand?post=17992"},{"taxonomy":"product_cat","embeddable":true,"href":"https:\/\/geoclimate.ge\/fr\/wp-json\/wp\/v2\/product_cat?post=17992"},{"taxonomy":"product_tag","embeddable":true,"href":"https:\/\/geoclimate.ge\/fr\/wp-json\/wp\/v2\/product_tag?post=17992"}],"curies":[{"name":"wp","href":"https:\/\/api.w.org\/{rel}","templated":true}]}}