{"id":18028,"date":"2025-02-07T21:26:48","date_gmt":"2025-02-07T17:26:48","guid":{"rendered":"https:\/\/airsystems.ge\/shop\/product\/vibro-am-free-standing-spring-mounts\/"},"modified":"2025-02-07T21:28:34","modified_gmt":"2025-02-07T17:28:34","slug":"vibro-am-free-standing-spring-mounts","status":"publish","type":"product","link":"https:\/\/geoclimate.ge\/fr\/produit\/vibro-am-free-standing-spring-mounts\/","title":{"rendered":"Vibro-AM : Supports \u00e0 ressort autoportants"},"content":{"rendered":"<table border=\"1\" width=\"283\" cellspacing=\"1\" cellpadding=\"1\">\n<tbody>\n<tr>\n<td>\n<p align=\"center\"><strong>TYPE<\/strong><\/p>\n<\/td>\n<td>\n<p align=\"center\"><strong>LOAD RANGE (kp*)<\/strong><\/p>\n<\/td>\n<\/tr>\n<tr>\n<td>\n<p align=\"center\">Vibro-AM 25<\/p>\n<\/td>\n<td>\n<p align=\"center\">25<\/p>\n<\/td>\n<\/tr>\n<tr>\n<td>\n<p align=\"center\">Vibro-AM 50<\/p>\n<\/td>\n<td>\n<p align=\"center\">50<\/p>\n<\/td>\n<\/tr>\n<tr>\n<td>\n<p align=\"center\">Vibro-AM 100<\/p>\n<\/td>\n<td>\n<p align=\"center\">100<\/p>\n<\/td>\n<\/tr>\n<tr>\n<td>\n<p align=\"center\">Vibro-AM 150<\/p>\n<\/td>\n<td>\n<p align=\"center\">150<\/p>\n<\/td>\n<\/tr>\n<\/tbody>\n<\/table>\n<p><em>Other load range on request\u00a0\u00a0\u00a0\u00a0\u00a0\u00a0\u00a0\u00a0\u00a0\u00a0\u00a0\u00a0\u00a0\u00a0\u00a0\u00a0\u00a0\u00a0\u00a0\u00a0\u00a0\u00a0\u00a0\u00a0\u00a0\u00a0\u00a0\u00a0\u00a0\u00a0\u00a0\u00a0\u00a0\u00a0\u00a0\u00a0\u00a0\u00a0\u00a0 *1kp =10N<\/em><\/p>\n<p>Static deflection 25 mm under maximum load<br \/>\nNatural frequency up to 3 Hz under maximum load<\/p>\n","protected":false},"excerpt":{"rendered":"<p>Il s&rsquo;agit d&rsquo;un support \u00e0 ressort unique, adapt\u00e9 au contr\u00f4le des vibrations \u00e0 basse fr\u00e9quence, facile \u00e0 appliquer, avec un syst\u00e8me de fixation \u00e0 ressort innovant. \u00c0 sa base se trouve un profil \u00e9lastique offrant une meilleure efficacit\u00e9 d&rsquo;isolation \u00e0 hautes fr\u00e9quences.<\/p>\n<p>Les supports \u00e0 ressort autoportants Vibro-AM sont :<\/p>\n<p>ADAPT\u00c9 AU CONTR\u00d4LE DES VIBRATIONS \u00c0 BASSE FR\u00c9QUENCE<br \/>\nSUPPORT \u00c0 RESSORT POUR LE CONTR\u00d4LE DES VIBRATIONS \u00c0 BASSE FR\u00c9QUENCE<br \/>\nFACILE \u00c0 APPLIQUER<br \/>\n\u00c0 leur base, les supports \u00e0 ressort antivibratoires Vibro-AM ont une plaque m\u00e9tallique d&rsquo;\u00e9paisseur ad\u00e9quate et un profil \u00e9lastique sp\u00e9cial, r\u00e9sistant aux conditions ext\u00e9rieures, offrant ainsi une meilleure efficacit\u00e9 d&rsquo;isolation \u00e0 hautes fr\u00e9quences. La plaque m\u00e9tallique et le profil \u00e9lastique ont tous deux deux trous pour la fixation avec des boulons traversants \u00e0 la base du support \u00e0 ressort. Dans la partie sup\u00e9rieure du support \u00e0 ressort se trouve un boulon M8 pour les ajuster \u00e0 la machine. Le ressort est conforme aux exigences de la norme ISO EN 10270.<\/p>\n<p>APPLICATION<br \/>\nLes supports de ressort antivibratoires Vibro-AM sont utilis\u00e9s pour le contr\u00f4le des vibrations \u00e0 basse fr\u00e9quence (rotation \u00e0 basse vitesse \u00e0 partir de 400 tr\/min) telles que les compresseurs, les moteurs \u00e0 deux temps, les refroidisseurs, les unit\u00e9s de traitement d&rsquo;air, etc.<\/p>\n<p>CARACT\u00c9RISTIQUES DYNAMIQUES<\/p>\n<p>D\u00e9flexion : 25 mm* (\u00e0 charge maximale)<br \/>\nFr\u00e9quence naturelle : 3 Hz (\u00e0 charge maximale)<\/p>\n<p>*Disponible \u00e9galement avec une d\u00e9flexion de 50 mm<\/p>\n<p>INSTALLATION<\/p>\n<p>Placez chaque isolateur de ressort en position, en utilisant des ressorts \u00e0 code couleur ou une identification par \u00e9tiquette<br \/>\nFaites passer la vis sup\u00e9rieure M8 dans le trou appropri\u00e9 du support de montage. Serrez l&rsquo;\u00e9crou sup\u00e9rieur sur le support de pied de l&rsquo;\u00e9quipement afin de le fixer \u00e0 l&rsquo;aide de boulons M8.<br \/>\nSi vous devez proc\u00e9der \u00e0 un r\u00e9glage de mise \u00e0 niveau, utilisez deux boulons &lt;8 avec une rondelle m\u00e9tallique correspondante. Tournez l&rsquo;\u00e9crou inf\u00e9rieur dans le sens des aiguilles d&rsquo;une montre de deux tours \u00e0 chaque isolateur de ressort. Continuez ainsi jusqu&rsquo;\u00e0 atteindre le niveau requis.<br \/>\nFaites pivoter le Vibro-AM autant que n\u00e9cessaire pour garantir que les trous de montage de l&rsquo;isolateur \u00e0 ressort soient accessibles apr\u00e8s le montage sur l&rsquo;\u00e9quipement. Si cela n&rsquo;est pas possible, vous pouvez fixer le support anti-vibratoire sur la base \u00e0 l&rsquo;aide de 2 boulons appropri\u00e9s M8.<br \/>\nSinon, utilisez les deux trous (\u22058 mm) de la base inf\u00e9rieure pour fixer l&rsquo;isolateur avec des boulons traversants sous le cadre m\u00e9tallique.<\/p>\n","protected":false},"featured_media":17997,"template":"","meta":[],"product_brand":[],"product_cat":[707],"product_tag":[],"class_list":{"0":"post-18028","1":"product","2":"type-product","3":"status-publish","4":"has-post-thumbnail","6":"product_cat-vibration-anti-bruit-acoustique-fr","8":"first","9":"instock","10":"shipping-taxable","11":"product-type-simple"},"yoast_head":"<!-- This site is optimized with the Yoast SEO plugin v27.1.1 - https:\/\/yoast.com\/product\/yoast-seo-wordpress\/ -->\n<title>Vibro-AM : Supports \u00e0 ressort autoportants - GeoClimate.ge<\/title>\n<meta name=\"robots\" content=\"index, follow, max-snippet:-1, max-image-preview:large, max-video-preview:-1\" \/>\n<link rel=\"canonical\" href=\"https:\/\/geoclimate.ge\/fr\/produit\/vibro-am-free-standing-spring-mounts\/\" \/>\n<meta property=\"og:locale\" content=\"fr_FR\" \/>\n<meta property=\"og:type\" content=\"article\" \/>\n<meta property=\"og:title\" content=\"Vibro-AM : Supports \u00e0 ressort autoportants - GeoClimate.ge\" \/>\n<meta property=\"og:description\" content=\"Il s&#039;agit d&#039;un support \u00e0 ressort unique, adapt\u00e9 au contr\u00f4le des vibrations \u00e0 basse fr\u00e9quence, facile \u00e0 appliquer, avec un syst\u00e8me de fixation \u00e0 ressort innovant. \u00c0 sa base se trouve un profil \u00e9lastique offrant une meilleure efficacit\u00e9 d&#039;isolation \u00e0 hautes fr\u00e9quences.  Les supports \u00e0 ressort autoportants Vibro-AM sont :  ADAPT\u00c9 AU CONTR\u00d4LE DES VIBRATIONS \u00c0 BASSE FR\u00c9QUENCE SUPPORT \u00c0 RESSORT POUR LE CONTR\u00d4LE DES VIBRATIONS \u00c0 BASSE FR\u00c9QUENCE FACILE \u00c0 APPLIQUER \u00c0 leur base, les supports \u00e0 ressort antivibratoires Vibro-AM ont une plaque m\u00e9tallique d&#039;\u00e9paisseur ad\u00e9quate et un profil \u00e9lastique sp\u00e9cial, r\u00e9sistant aux conditions ext\u00e9rieures, offrant ainsi une meilleure efficacit\u00e9 d&#039;isolation \u00e0 hautes fr\u00e9quences. La plaque m\u00e9tallique et le profil \u00e9lastique ont tous deux deux trous pour la fixation avec des boulons traversants \u00e0 la base du support \u00e0 ressort. Dans la partie sup\u00e9rieure du support \u00e0 ressort se trouve un boulon M8 pour les ajuster \u00e0 la machine. Le ressort est conforme aux exigences de la norme ISO EN 10270.  APPLICATION Les supports de ressort antivibratoires Vibro-AM sont utilis\u00e9s pour le contr\u00f4le des vibrations \u00e0 basse fr\u00e9quence (rotation \u00e0 basse vitesse \u00e0 partir de 400 tr\/min) telles que les compresseurs, les moteurs \u00e0 deux temps, les refroidisseurs, les unit\u00e9s de traitement d&#039;air, etc.  CARACT\u00c9RISTIQUES DYNAMIQUES  D\u00e9flexion : 25 mm* (\u00e0 charge maximale) Fr\u00e9quence naturelle : 3 Hz (\u00e0 charge maximale)  *Disponible \u00e9galement avec une d\u00e9flexion de 50 mm  INSTALLATION  Placez chaque isolateur de ressort en position, en utilisant des ressorts \u00e0 code couleur ou une identification par \u00e9tiquette Faites passer la vis sup\u00e9rieure M8 dans le trou appropri\u00e9 du support de montage. Serrez l&#039;\u00e9crou sup\u00e9rieur sur le support de pied de l&#039;\u00e9quipement afin de le fixer \u00e0 l&#039;aide de boulons M8. Si vous devez proc\u00e9der \u00e0 un r\u00e9glage de mise \u00e0 niveau, utilisez deux boulons &lt;8 avec une rondelle m\u00e9tallique correspondante. Tournez l&#039;\u00e9crou inf\u00e9rieur dans le sens des aiguilles d&#039;une montre de deux tours \u00e0 chaque isolateur de ressort. Continuez ainsi jusqu&#039;\u00e0 atteindre le niveau requis. Faites pivoter le Vibro-AM autant que n\u00e9cessaire pour garantir que les trous de montage de l&#039;isolateur \u00e0 ressort soient accessibles apr\u00e8s le montage sur l&#039;\u00e9quipement. Si cela n&#039;est pas possible, vous pouvez fixer le support anti-vibratoire sur la base \u00e0 l&#039;aide de 2 boulons appropri\u00e9s M8. Sinon, utilisez les deux trous (\u22058 mm) de la base inf\u00e9rieure pour fixer l&#039;isolateur avec des boulons traversants sous le cadre m\u00e9tallique.\" \/>\n<meta property=\"og:url\" content=\"https:\/\/geoclimate.ge\/fr\/produit\/vibro-am-free-standing-spring-mounts\/\" \/>\n<meta property=\"og:site_name\" content=\"GeoClimate.ge\" \/>\n<meta property=\"article:modified_time\" content=\"2025-02-07T17:28:34+00:00\" \/>\n<meta property=\"og:image\" content=\"https:\/\/geoclimate.ge\/wp-content\/uploads\/2025\/02\/071709170356_A.jpg\" \/>\n\t<meta property=\"og:image:width\" content=\"280\" \/>\n\t<meta property=\"og:image:height\" content=\"210\" \/>\n\t<meta property=\"og:image:type\" content=\"image\/jpeg\" \/>\n<meta name=\"twitter:card\" content=\"summary_large_image\" \/>\n<script type=\"application\/ld+json\" class=\"yoast-schema-graph\">{\"@context\":\"https:\/\/schema.org\",\"@graph\":[{\"@type\":\"WebPage\",\"@id\":\"https:\/\/geoclimate.ge\/fr\/produit\/vibro-am-free-standing-spring-mounts\/\",\"url\":\"https:\/\/geoclimate.ge\/fr\/produit\/vibro-am-free-standing-spring-mounts\/\",\"name\":\"Vibro-AM : Supports \u00e0 ressort autoportants - GeoClimate.ge\",\"isPartOf\":{\"@id\":\"https:\/\/geoclimate.ge\/#website\"},\"primaryImageOfPage\":{\"@id\":\"https:\/\/geoclimate.ge\/fr\/produit\/vibro-am-free-standing-spring-mounts\/#primaryimage\"},\"image\":{\"@id\":\"https:\/\/geoclimate.ge\/fr\/produit\/vibro-am-free-standing-spring-mounts\/#primaryimage\"},\"thumbnailUrl\":\"https:\/\/geoclimate.ge\/wp-content\/uploads\/2025\/02\/071709170356_A.jpg\",\"datePublished\":\"2025-02-07T17:26:48+00:00\",\"dateModified\":\"2025-02-07T17:28:34+00:00\",\"breadcrumb\":{\"@id\":\"https:\/\/geoclimate.ge\/fr\/produit\/vibro-am-free-standing-spring-mounts\/#breadcrumb\"},\"inLanguage\":\"fr-FR\",\"potentialAction\":[{\"@type\":\"ReadAction\",\"target\":[\"https:\/\/geoclimate.ge\/fr\/produit\/vibro-am-free-standing-spring-mounts\/\"]}]},{\"@type\":\"ImageObject\",\"inLanguage\":\"fr-FR\",\"@id\":\"https:\/\/geoclimate.ge\/fr\/produit\/vibro-am-free-standing-spring-mounts\/#primaryimage\",\"url\":\"https:\/\/geoclimate.ge\/wp-content\/uploads\/2025\/02\/071709170356_A.jpg\",\"contentUrl\":\"https:\/\/geoclimate.ge\/wp-content\/uploads\/2025\/02\/071709170356_A.jpg\",\"width\":280,\"height\":210},{\"@type\":\"BreadcrumbList\",\"@id\":\"https:\/\/geoclimate.ge\/fr\/produit\/vibro-am-free-standing-spring-mounts\/#breadcrumb\",\"itemListElement\":[{\"@type\":\"ListItem\",\"position\":1,\"name\":\"Home\",\"item\":\"https:\/\/geoclimate.ge\/fr\/\"},{\"@type\":\"ListItem\",\"position\":2,\"name\":\"Products\",\"item\":\"https:\/\/geoclimate.ge\/fr\/products\/\"},{\"@type\":\"ListItem\",\"position\":3,\"name\":\"Vibro-AM : Supports \u00e0 ressort autoportants\"}]},{\"@type\":\"WebSite\",\"@id\":\"https:\/\/geoclimate.ge\/#website\",\"url\":\"https:\/\/geoclimate.ge\/\",\"name\":\"GeoClimate\",\"description\":\"\",\"publisher\":{\"@id\":\"https:\/\/geoclimate.ge\/#organization\"},\"potentialAction\":[{\"@type\":\"SearchAction\",\"target\":{\"@type\":\"EntryPoint\",\"urlTemplate\":\"https:\/\/geoclimate.ge\/?s={search_term_string}\"},\"query-input\":{\"@type\":\"PropertyValueSpecification\",\"valueRequired\":true,\"valueName\":\"search_term_string\"}}],\"inLanguage\":\"fr-FR\"},{\"@type\":\"Organization\",\"@id\":\"https:\/\/geoclimate.ge\/#organization\",\"name\":\"GeoClimate\",\"url\":\"https:\/\/geoclimate.ge\/\",\"logo\":{\"@type\":\"ImageObject\",\"inLanguage\":\"fr-FR\",\"@id\":\"https:\/\/geoclimate.ge\/#\/schema\/logo\/image\/\",\"url\":\"https:\/\/geoclimate.ge\/wp-content\/uploads\/2026\/03\/geoclimate-SEO.png\",\"contentUrl\":\"https:\/\/geoclimate.ge\/wp-content\/uploads\/2026\/03\/geoclimate-SEO.png\",\"width\":1536,\"height\":1024,\"caption\":\"GeoClimate\"},\"image\":{\"@id\":\"https:\/\/geoclimate.ge\/#\/schema\/logo\/image\/\"}}]}<\/script>\n<!-- \/ Yoast SEO plugin. -->","yoast_head_json":{"title":"Vibro-AM : Supports \u00e0 ressort autoportants - GeoClimate.ge","robots":{"index":"index","follow":"follow","max-snippet":"max-snippet:-1","max-image-preview":"max-image-preview:large","max-video-preview":"max-video-preview:-1"},"canonical":"https:\/\/geoclimate.ge\/fr\/produit\/vibro-am-free-standing-spring-mounts\/","og_locale":"fr_FR","og_type":"article","og_title":"Vibro-AM : Supports \u00e0 ressort autoportants - GeoClimate.ge","og_description":"Il s'agit d'un support \u00e0 ressort unique, adapt\u00e9 au contr\u00f4le des vibrations \u00e0 basse fr\u00e9quence, facile \u00e0 appliquer, avec un syst\u00e8me de fixation \u00e0 ressort innovant. \u00c0 sa base se trouve un profil \u00e9lastique offrant une meilleure efficacit\u00e9 d'isolation \u00e0 hautes fr\u00e9quences.  Les supports \u00e0 ressort autoportants Vibro-AM sont :  ADAPT\u00c9 AU CONTR\u00d4LE DES VIBRATIONS \u00c0 BASSE FR\u00c9QUENCE SUPPORT \u00c0 RESSORT POUR LE CONTR\u00d4LE DES VIBRATIONS \u00c0 BASSE FR\u00c9QUENCE FACILE \u00c0 APPLIQUER \u00c0 leur base, les supports \u00e0 ressort antivibratoires Vibro-AM ont une plaque m\u00e9tallique d'\u00e9paisseur ad\u00e9quate et un profil \u00e9lastique sp\u00e9cial, r\u00e9sistant aux conditions ext\u00e9rieures, offrant ainsi une meilleure efficacit\u00e9 d'isolation \u00e0 hautes fr\u00e9quences. La plaque m\u00e9tallique et le profil \u00e9lastique ont tous deux deux trous pour la fixation avec des boulons traversants \u00e0 la base du support \u00e0 ressort. Dans la partie sup\u00e9rieure du support \u00e0 ressort se trouve un boulon M8 pour les ajuster \u00e0 la machine. Le ressort est conforme aux exigences de la norme ISO EN 10270.  APPLICATION Les supports de ressort antivibratoires Vibro-AM sont utilis\u00e9s pour le contr\u00f4le des vibrations \u00e0 basse fr\u00e9quence (rotation \u00e0 basse vitesse \u00e0 partir de 400 tr\/min) telles que les compresseurs, les moteurs \u00e0 deux temps, les refroidisseurs, les unit\u00e9s de traitement d'air, etc.  CARACT\u00c9RISTIQUES DYNAMIQUES  D\u00e9flexion : 25 mm* (\u00e0 charge maximale) Fr\u00e9quence naturelle : 3 Hz (\u00e0 charge maximale)  *Disponible \u00e9galement avec une d\u00e9flexion de 50 mm  INSTALLATION  Placez chaque isolateur de ressort en position, en utilisant des ressorts \u00e0 code couleur ou une identification par \u00e9tiquette Faites passer la vis sup\u00e9rieure M8 dans le trou appropri\u00e9 du support de montage. Serrez l'\u00e9crou sup\u00e9rieur sur le support de pied de l'\u00e9quipement afin de le fixer \u00e0 l'aide de boulons M8. Si vous devez proc\u00e9der \u00e0 un r\u00e9glage de mise \u00e0 niveau, utilisez deux boulons &lt;8 avec une rondelle m\u00e9tallique correspondante. Tournez l'\u00e9crou inf\u00e9rieur dans le sens des aiguilles d'une montre de deux tours \u00e0 chaque isolateur de ressort. Continuez ainsi jusqu'\u00e0 atteindre le niveau requis. Faites pivoter le Vibro-AM autant que n\u00e9cessaire pour garantir que les trous de montage de l'isolateur \u00e0 ressort soient accessibles apr\u00e8s le montage sur l'\u00e9quipement. Si cela n'est pas possible, vous pouvez fixer le support anti-vibratoire sur la base \u00e0 l'aide de 2 boulons appropri\u00e9s M8. Sinon, utilisez les deux trous (\u22058 mm) de la base inf\u00e9rieure pour fixer l'isolateur avec des boulons traversants sous le cadre m\u00e9tallique.","og_url":"https:\/\/geoclimate.ge\/fr\/produit\/vibro-am-free-standing-spring-mounts\/","og_site_name":"GeoClimate.ge","article_modified_time":"2025-02-07T17:28:34+00:00","og_image":[{"width":280,"height":210,"url":"https:\/\/geoclimate.ge\/wp-content\/uploads\/2025\/02\/071709170356_A.jpg","type":"image\/jpeg"}],"twitter_card":"summary_large_image","schema":{"@context":"https:\/\/schema.org","@graph":[{"@type":"WebPage","@id":"https:\/\/geoclimate.ge\/fr\/produit\/vibro-am-free-standing-spring-mounts\/","url":"https:\/\/geoclimate.ge\/fr\/produit\/vibro-am-free-standing-spring-mounts\/","name":"Vibro-AM : Supports \u00e0 ressort autoportants - GeoClimate.ge","isPartOf":{"@id":"https:\/\/geoclimate.ge\/#website"},"primaryImageOfPage":{"@id":"https:\/\/geoclimate.ge\/fr\/produit\/vibro-am-free-standing-spring-mounts\/#primaryimage"},"image":{"@id":"https:\/\/geoclimate.ge\/fr\/produit\/vibro-am-free-standing-spring-mounts\/#primaryimage"},"thumbnailUrl":"https:\/\/geoclimate.ge\/wp-content\/uploads\/2025\/02\/071709170356_A.jpg","datePublished":"2025-02-07T17:26:48+00:00","dateModified":"2025-02-07T17:28:34+00:00","breadcrumb":{"@id":"https:\/\/geoclimate.ge\/fr\/produit\/vibro-am-free-standing-spring-mounts\/#breadcrumb"},"inLanguage":"fr-FR","potentialAction":[{"@type":"ReadAction","target":["https:\/\/geoclimate.ge\/fr\/produit\/vibro-am-free-standing-spring-mounts\/"]}]},{"@type":"ImageObject","inLanguage":"fr-FR","@id":"https:\/\/geoclimate.ge\/fr\/produit\/vibro-am-free-standing-spring-mounts\/#primaryimage","url":"https:\/\/geoclimate.ge\/wp-content\/uploads\/2025\/02\/071709170356_A.jpg","contentUrl":"https:\/\/geoclimate.ge\/wp-content\/uploads\/2025\/02\/071709170356_A.jpg","width":280,"height":210},{"@type":"BreadcrumbList","@id":"https:\/\/geoclimate.ge\/fr\/produit\/vibro-am-free-standing-spring-mounts\/#breadcrumb","itemListElement":[{"@type":"ListItem","position":1,"name":"Home","item":"https:\/\/geoclimate.ge\/fr\/"},{"@type":"ListItem","position":2,"name":"Products","item":"https:\/\/geoclimate.ge\/fr\/products\/"},{"@type":"ListItem","position":3,"name":"Vibro-AM : Supports \u00e0 ressort autoportants"}]},{"@type":"WebSite","@id":"https:\/\/geoclimate.ge\/#website","url":"https:\/\/geoclimate.ge\/","name":"GeoClimate","description":"","publisher":{"@id":"https:\/\/geoclimate.ge\/#organization"},"potentialAction":[{"@type":"SearchAction","target":{"@type":"EntryPoint","urlTemplate":"https:\/\/geoclimate.ge\/?s={search_term_string}"},"query-input":{"@type":"PropertyValueSpecification","valueRequired":true,"valueName":"search_term_string"}}],"inLanguage":"fr-FR"},{"@type":"Organization","@id":"https:\/\/geoclimate.ge\/#organization","name":"GeoClimate","url":"https:\/\/geoclimate.ge\/","logo":{"@type":"ImageObject","inLanguage":"fr-FR","@id":"https:\/\/geoclimate.ge\/#\/schema\/logo\/image\/","url":"https:\/\/geoclimate.ge\/wp-content\/uploads\/2026\/03\/geoclimate-SEO.png","contentUrl":"https:\/\/geoclimate.ge\/wp-content\/uploads\/2026\/03\/geoclimate-SEO.png","width":1536,"height":1024,"caption":"GeoClimate"},"image":{"@id":"https:\/\/geoclimate.ge\/#\/schema\/logo\/image\/"}}]}},"_links":{"self":[{"href":"https:\/\/geoclimate.ge\/fr\/wp-json\/wp\/v2\/product\/18028","targetHints":{"allow":["GET"]}}],"collection":[{"href":"https:\/\/geoclimate.ge\/fr\/wp-json\/wp\/v2\/product"}],"about":[{"href":"https:\/\/geoclimate.ge\/fr\/wp-json\/wp\/v2\/types\/product"}],"wp:featuredmedia":[{"embeddable":true,"href":"https:\/\/geoclimate.ge\/fr\/wp-json\/wp\/v2\/media\/17997"}],"wp:attachment":[{"href":"https:\/\/geoclimate.ge\/fr\/wp-json\/wp\/v2\/media?parent=18028"}],"wp:term":[{"taxonomy":"product_brand","embeddable":true,"href":"https:\/\/geoclimate.ge\/fr\/wp-json\/wp\/v2\/product_brand?post=18028"},{"taxonomy":"product_cat","embeddable":true,"href":"https:\/\/geoclimate.ge\/fr\/wp-json\/wp\/v2\/product_cat?post=18028"},{"taxonomy":"product_tag","embeddable":true,"href":"https:\/\/geoclimate.ge\/fr\/wp-json\/wp\/v2\/product_tag?post=18028"}],"curies":[{"name":"wp","href":"https:\/\/api.w.org\/{rel}","templated":true}]}}